{"id":99798,"date":"2022-09-01T11:24:20","date_gmt":"2022-09-01T11:24:20","guid":{"rendered":"https:\/\/belle.zabica.org\/?post_type=product&#038;p=99798"},"modified":"2023-05-15T15:35:23","modified_gmt":"2023-05-15T13:35:23","slug":"gel-za-lahke-in-sveze-noge","status":"publish","type":"product","link":"https:\/\/www.belle.si\/it\/izdelek\/gel-za-lahke-in-sveze-noge\/","title":{"rendered":"Gel za lahke in sve\u017ee noge"},"content":{"rendered":"<div class=\"std\">\n<p><strong>Oreh \u2013 Rede\u010da trta \u2013 Mentol<\/strong><b><br \/>\n<\/b><\/p>\n<ul>\n<li>sve\u017e, hladilen ob\u010dutek<\/li>\n<li>noge so la\u017eje in spro\u0161\u010dene<\/li>\n<li>ko\u017ea za\u0161\u010ditena<\/li>\n<\/ul>\n<p>Idealna nega za noge v vro\u010dih dneh ali po dalj\u0161em \u010dasu na nogah. Gel vtrite v ko\u017eo in ob\u0161el vas bo ob\u010dutek olaj\u0161anja in sve\u017eine.<\/p>\n<p>Gel vsebuje izvle\u010dke oreja, rde\u010de trte in mentol.<\/p>\n<\/div>\n<p><strong>97% sestavin je naravnega izvora<\/strong><\/p>\n<p>Sestavine: AQUA, ALCOHOL, PROPYLENE GLYCOL, MENTHOL, GLYCERIN, VITIS VINIFERA LEAF EXTRACT, AESCULUS HIPPOCASTANUM SEED EXTRACT, AMINOMETHYL PROPANEDIOL, CARBOMER, POTASSIUM SORBATE, SODIUMBENZOATE, CITRICACID<\/p>\n","protected":false},"excerpt":{"rendered":"<p>Oreh \u2013 Rede\u010da trta \u2013 Mentol sve\u017e, hladilen ob\u010dutek noge so la\u017eje in spro\u0161\u010dene ko\u017ea za\u0161\u010ditena Idealna nega za noge v vro\u010dih dneh ali po dalj\u0161em \u010dasu na nogah. Gel vtrite v ko\u017eo in ob\u0161el vas bo ob\u010dutek olaj\u0161anja in sve\u017eine. Gel vsebuje izvle\u010dke oreja, rde\u010de trte in mentol. 97% sestavin je naravnega izvora Sestavine: [&hellip;]<\/p>\n","protected":false},"featured_media":99799,"comment_status":"closed","ping_status":"closed","template":"","meta":{"_uag_custom_page_level_css":"","_monsterinsights_skip_tracking":false,"_monsterinsights_sitenote_active":false,"_monsterinsights_sitenote_note":"","_monsterinsights_sitenote_category":0,"site-sidebar-layout":"default","site-content-layout":"default","ast-site-content-layout":"default","site-content-style":"default","site-sidebar-style":"default","ast-global-header-display":"","ast-banner-title-visibility":"","ast-main-header-display":"","ast-hfb-above-header-display":"","ast-hfb-below-header-display":"","ast-hfb-mobile-header-display":"","site-post-title":"","ast-breadcrumbs-content":"","ast-featured-img":"","footer-sml-layout":"","ast-disable-related-posts":"","theme-transparent-header-meta":"default","adv-header-id-meta":"","stick-header-meta":"","header-above-stick-meta":"","header-main-stick-meta":"","header-below-stick-meta":"","astra-migrate-meta-layouts":"default","ast-page-background-enabled":"default","ast-page-background-meta":{"desktop":{"background-color":"var(--ast-global-color-4)","background-image":"","background-repeat":"repeat","background-position":"center center","background-size":"auto","background-attachment":"scroll","background-type":"","background-media":"","overlay-type":"","overlay-color":"","overlay-opacity":"","overlay-gradient":""},"tablet":{"background-color":"","background-image":"","background-repeat":"repeat","background-position":"center center","background-size":"auto","background-attachment":"scroll","background-type":"","background-media":"","overlay-type":"","overlay-color":"","overlay-opacity":"","overlay-gradient":""},"mobile":{"background-color":"","background-image":"","background-repeat":"repeat","background-position":"center center","background-size":"auto","background-attachment":"scroll","background-type":"","background-media":"","overlay-type":"","overlay-color":"","overlay-opacity":"","overlay-gradient":""}},"ast-content-background-meta":{"desktop":{"background-color":"var(--ast-global-color-5)","background-image":"","background-repeat":"repeat","background-position":"center center","background-size":"auto","background-attachment":"scroll","background-type":"","background-media":"","overlay-type":"","overlay-color":"","overlay-opacity":"","overlay-gradient":""},"tablet":{"background-color":"var(--ast-global-color-5)","background-image":"","background-repeat":"repeat","background-position":"center center","background-size":"auto","background-attachment":"scroll","background-type":"","background-media":"","overlay-type":"","overlay-color":"","overlay-opacity":"","overlay-gradient":""},"mobile":{"background-color":"var(--ast-global-color-5)","background-image":"","background-repeat":"repeat","background-position":"center center","background-size":"auto","background-attachment":"scroll","background-type":"","background-media":"","overlay-type":"","overlay-color":"","overlay-opacity":"","overlay-gradient":""}}},"product_brand":[],"product_cat":[38,36],"product_tag":[],"class_list":{"0":"post-99798","1":"product","2":"type-product","3":"status-publish","4":"has-post-thumbnail","6":"product_cat-noge","7":"product_cat-proti-bolecinam","8":"desktop-align-left","9":"tablet-align-left","10":"mobile-align-left","11":"ast-product-gallery-layout-first-image-large","12":"ast-product-gallery-with-no-image","13":"ast-magnify-disabled","14":"ast-product-tabs-layout-horizontal","16":"first","17":"instock","18":"taxable","19":"shipping-taxable","20":"purchasable","21":"product-type-simple"},"yoast_head":"<!-- This site is optimized with the Yoast SEO plugin v26.9 - https:\/\/yoast.com\/product\/yoast-seo-wordpress\/ -->\n<title>Gel za lahke in sve\u017ee noge - Belle.si kozmeti\u010dna trgovina<\/title>\n<meta name=\"description\" content=\"Idealna nega za noge v vro\u010dih dneh ali po dalj\u0161em \u010dasu na nogah. Gel vtrite v ko\u017eo in ob\u0161el vas bo ob\u010dutek olaj\u0161anja in sve\u017eine.\" \/>\n<meta name=\"robots\" content=\"index, follow, max-snippet:-1, max-image-preview:large, max-video-preview:-1\" \/>\n<link rel=\"canonical\" href=\"https:\/\/www.belle.si\/it\/izdelek\/gel-za-lahke-in-sveze-noge\/\" \/>\n<meta property=\"og:locale\" content=\"it_IT\" \/>\n<meta property=\"og:type\" content=\"article\" \/>\n<meta property=\"og:title\" content=\"Gel za lahke in sve\u017ee noge - Belle.si kozmeti\u010dna trgovina\" \/>\n<meta property=\"og:description\" content=\"Idealna nega za noge v vro\u010dih dneh ali po dalj\u0161em \u010dasu na nogah. Gel vtrite v ko\u017eo in ob\u0161el vas bo ob\u010dutek olaj\u0161anja in sve\u017eine.\" \/>\n<meta property=\"og:url\" content=\"https:\/\/www.belle.si\/it\/izdelek\/gel-za-lahke-in-sveze-noge\/\" \/>\n<meta property=\"og:site_name\" content=\"Belle.si kozmeti\u010dna trgovina\" \/>\n<meta property=\"article:publisher\" content=\"https:\/\/www.facebook.com\/belle.si.cosmetics\/\" \/>\n<meta property=\"article:modified_time\" content=\"2023-05-15T13:35:23+00:00\" \/>\n<meta property=\"og:image\" content=\"https:\/\/www.belle.si\/wp-content\/uploads\/2022\/10\/gelza_sveze_in_lahke_noge-scaled-1.jpg\" \/>\n\t<meta property=\"og:image:width\" content=\"1920\" \/>\n\t<meta property=\"og:image:height\" content=\"2560\" \/>\n\t<meta property=\"og:image:type\" content=\"image\/jpeg\" \/>\n<meta name=\"twitter:card\" content=\"summary_large_image\" \/>\n<meta name=\"twitter:label1\" content=\"Tempo di lettura stimato\" \/>\n\t<meta name=\"twitter:data1\" content=\"1 minuto\" \/>\n<script type=\"application\/ld+json\" class=\"yoast-schema-graph\">{\"@context\":\"https:\/\/schema.org\",\"@graph\":[{\"@type\":\"WebPage\",\"@id\":\"https:\/\/www.belle.si\/it\/izdelek\/gel-za-lahke-in-sveze-noge\/\",\"url\":\"https:\/\/www.belle.si\/it\/izdelek\/gel-za-lahke-in-sveze-noge\/\",\"name\":\"Gel za lahke in sve\u017ee noge - Belle.si kozmeti\u010dna trgovina\",\"isPartOf\":{\"@id\":\"https:\/\/www.belle.si\/it\/#website\"},\"primaryImageOfPage\":{\"@id\":\"https:\/\/www.belle.si\/it\/izdelek\/gel-za-lahke-in-sveze-noge\/#primaryimage\"},\"image\":{\"@id\":\"https:\/\/www.belle.si\/it\/izdelek\/gel-za-lahke-in-sveze-noge\/#primaryimage\"},\"thumbnailUrl\":\"https:\/\/www.belle.si\/wp-content\/uploads\/2022\/10\/gelza_sveze_in_lahke_noge-scaled-1.jpg\",\"datePublished\":\"2022-09-01T11:24:20+00:00\",\"dateModified\":\"2023-05-15T13:35:23+00:00\",\"description\":\"Idealna nega za noge v vro\u010dih dneh ali po dalj\u0161em \u010dasu na nogah. Gel vtrite v ko\u017eo in ob\u0161el vas bo ob\u010dutek olaj\u0161anja in sve\u017eine.\",\"breadcrumb\":{\"@id\":\"https:\/\/www.belle.si\/it\/izdelek\/gel-za-lahke-in-sveze-noge\/#breadcrumb\"},\"inLanguage\":\"it-IT\",\"potentialAction\":[{\"@type\":\"ReadAction\",\"target\":[\"https:\/\/www.belle.si\/it\/izdelek\/gel-za-lahke-in-sveze-noge\/\"]}]},{\"@type\":\"ImageObject\",\"inLanguage\":\"it-IT\",\"@id\":\"https:\/\/www.belle.si\/it\/izdelek\/gel-za-lahke-in-sveze-noge\/#primaryimage\",\"url\":\"https:\/\/www.belle.si\/wp-content\/uploads\/2022\/10\/gelza_sveze_in_lahke_noge-scaled-1.jpg\",\"contentUrl\":\"https:\/\/www.belle.si\/wp-content\/uploads\/2022\/10\/gelza_sveze_in_lahke_noge-scaled-1.jpg\",\"width\":1920,\"height\":2560,\"caption\":\"gel za sve\u017ee in lahke noge\"},{\"@type\":\"BreadcrumbList\",\"@id\":\"https:\/\/www.belle.si\/it\/izdelek\/gel-za-lahke-in-sveze-noge\/#breadcrumb\",\"itemListElement\":[{\"@type\":\"ListItem\",\"position\":1,\"name\":\"Home\",\"item\":\"https:\/\/www.belle.si\/it\/\"},{\"@type\":\"ListItem\",\"position\":2,\"name\":\"Trgovina\",\"item\":\"https:\/\/www.belle.si\/trgovina\/\"},{\"@type\":\"ListItem\",\"position\":3,\"name\":\"Gel za lahke in sve\u017ee noge\"}]},{\"@type\":\"WebSite\",\"@id\":\"https:\/\/www.belle.si\/it\/#website\",\"url\":\"https:\/\/www.belle.si\/it\/\",\"name\":\"Belle.si kozmeti\u010dna trgovina\",\"description\":\"\",\"publisher\":{\"@id\":\"https:\/\/www.belle.si\/it\/#organization\"},\"potentialAction\":[{\"@type\":\"SearchAction\",\"target\":{\"@type\":\"EntryPoint\",\"urlTemplate\":\"https:\/\/www.belle.si\/it\/?s={search_term_string}\"},\"query-input\":{\"@type\":\"PropertyValueSpecification\",\"valueRequired\":true,\"valueName\":\"search_term_string\"}}],\"inLanguage\":\"it-IT\"},{\"@type\":\"Organization\",\"@id\":\"https:\/\/www.belle.si\/it\/#organization\",\"name\":\"Belle.si kozmeti\u010dna trgovina\",\"url\":\"https:\/\/www.belle.si\/it\/\",\"logo\":{\"@type\":\"ImageObject\",\"inLanguage\":\"it-IT\",\"@id\":\"https:\/\/www.belle.si\/it\/#\/schema\/logo\/image\/\",\"url\":\"https:\/\/www.belle.si\/wp-content\/uploads\/2022\/10\/cropped-logo_belle_trgovina.png\",\"contentUrl\":\"https:\/\/www.belle.si\/wp-content\/uploads\/2022\/10\/cropped-logo_belle_trgovina.png\",\"width\":270,\"height\":135,\"caption\":\"Belle.si kozmeti\u010dna trgovina\"},\"image\":{\"@id\":\"https:\/\/www.belle.si\/it\/#\/schema\/logo\/image\/\"},\"sameAs\":[\"https:\/\/www.facebook.com\/belle.si.cosmetics\/\",\"https:\/\/www.instagram.com\/belle.si.cosmetics\/\"]}]}<\/script>\n<!-- \/ Yoast SEO plugin. -->","yoast_head_json":{"title":"Gel za lahke in sve\u017ee noge - Belle.si kozmeti\u010dna trgovina","description":"Idealna nega za noge v vro\u010dih dneh ali po dalj\u0161em \u010dasu na nogah. Gel vtrite v ko\u017eo in ob\u0161el vas bo ob\u010dutek olaj\u0161anja in sve\u017eine.","robots":{"index":"index","follow":"follow","max-snippet":"max-snippet:-1","max-image-preview":"max-image-preview:large","max-video-preview":"max-video-preview:-1"},"canonical":"https:\/\/www.belle.si\/it\/izdelek\/gel-za-lahke-in-sveze-noge\/","og_locale":"it_IT","og_type":"article","og_title":"Gel za lahke in sve\u017ee noge - Belle.si kozmeti\u010dna trgovina","og_description":"Idealna nega za noge v vro\u010dih dneh ali po dalj\u0161em \u010dasu na nogah. Gel vtrite v ko\u017eo in ob\u0161el vas bo ob\u010dutek olaj\u0161anja in sve\u017eine.","og_url":"https:\/\/www.belle.si\/it\/izdelek\/gel-za-lahke-in-sveze-noge\/","og_site_name":"Belle.si kozmeti\u010dna trgovina","article_publisher":"https:\/\/www.facebook.com\/belle.si.cosmetics\/","article_modified_time":"2023-05-15T13:35:23+00:00","og_image":[{"width":1920,"height":2560,"url":"https:\/\/www.belle.si\/wp-content\/uploads\/2022\/10\/gelza_sveze_in_lahke_noge-scaled-1.jpg","type":"image\/jpeg"}],"twitter_card":"summary_large_image","twitter_misc":{"Tempo di lettura stimato":"1 minuto"},"schema":{"@context":"https:\/\/schema.org","@graph":[{"@type":"WebPage","@id":"https:\/\/www.belle.si\/it\/izdelek\/gel-za-lahke-in-sveze-noge\/","url":"https:\/\/www.belle.si\/it\/izdelek\/gel-za-lahke-in-sveze-noge\/","name":"Gel za lahke in sve\u017ee noge - Belle.si kozmeti\u010dna trgovina","isPartOf":{"@id":"https:\/\/www.belle.si\/it\/#website"},"primaryImageOfPage":{"@id":"https:\/\/www.belle.si\/it\/izdelek\/gel-za-lahke-in-sveze-noge\/#primaryimage"},"image":{"@id":"https:\/\/www.belle.si\/it\/izdelek\/gel-za-lahke-in-sveze-noge\/#primaryimage"},"thumbnailUrl":"https:\/\/www.belle.si\/wp-content\/uploads\/2022\/10\/gelza_sveze_in_lahke_noge-scaled-1.jpg","datePublished":"2022-09-01T11:24:20+00:00","dateModified":"2023-05-15T13:35:23+00:00","description":"Idealna nega za noge v vro\u010dih dneh ali po dalj\u0161em \u010dasu na nogah. Gel vtrite v ko\u017eo in ob\u0161el vas bo ob\u010dutek olaj\u0161anja in sve\u017eine.","breadcrumb":{"@id":"https:\/\/www.belle.si\/it\/izdelek\/gel-za-lahke-in-sveze-noge\/#breadcrumb"},"inLanguage":"it-IT","potentialAction":[{"@type":"ReadAction","target":["https:\/\/www.belle.si\/it\/izdelek\/gel-za-lahke-in-sveze-noge\/"]}]},{"@type":"ImageObject","inLanguage":"it-IT","@id":"https:\/\/www.belle.si\/it\/izdelek\/gel-za-lahke-in-sveze-noge\/#primaryimage","url":"https:\/\/www.belle.si\/wp-content\/uploads\/2022\/10\/gelza_sveze_in_lahke_noge-scaled-1.jpg","contentUrl":"https:\/\/www.belle.si\/wp-content\/uploads\/2022\/10\/gelza_sveze_in_lahke_noge-scaled-1.jpg","width":1920,"height":2560,"caption":"gel za sve\u017ee in lahke noge"},{"@type":"BreadcrumbList","@id":"https:\/\/www.belle.si\/it\/izdelek\/gel-za-lahke-in-sveze-noge\/#breadcrumb","itemListElement":[{"@type":"ListItem","position":1,"name":"Home","item":"https:\/\/www.belle.si\/it\/"},{"@type":"ListItem","position":2,"name":"Trgovina","item":"https:\/\/www.belle.si\/trgovina\/"},{"@type":"ListItem","position":3,"name":"Gel za lahke in sve\u017ee noge"}]},{"@type":"WebSite","@id":"https:\/\/www.belle.si\/it\/#website","url":"https:\/\/www.belle.si\/it\/","name":"Belle.si kozmeti\u010dna trgovina","description":"","publisher":{"@id":"https:\/\/www.belle.si\/it\/#organization"},"potentialAction":[{"@type":"SearchAction","target":{"@type":"EntryPoint","urlTemplate":"https:\/\/www.belle.si\/it\/?s={search_term_string}"},"query-input":{"@type":"PropertyValueSpecification","valueRequired":true,"valueName":"search_term_string"}}],"inLanguage":"it-IT"},{"@type":"Organization","@id":"https:\/\/www.belle.si\/it\/#organization","name":"Belle.si kozmeti\u010dna trgovina","url":"https:\/\/www.belle.si\/it\/","logo":{"@type":"ImageObject","inLanguage":"it-IT","@id":"https:\/\/www.belle.si\/it\/#\/schema\/logo\/image\/","url":"https:\/\/www.belle.si\/wp-content\/uploads\/2022\/10\/cropped-logo_belle_trgovina.png","contentUrl":"https:\/\/www.belle.si\/wp-content\/uploads\/2022\/10\/cropped-logo_belle_trgovina.png","width":270,"height":135,"caption":"Belle.si kozmeti\u010dna trgovina"},"image":{"@id":"https:\/\/www.belle.si\/it\/#\/schema\/logo\/image\/"},"sameAs":["https:\/\/www.facebook.com\/belle.si.cosmetics\/","https:\/\/www.instagram.com\/belle.si.cosmetics\/"]}]}},"uagb_featured_image_src":{"full":["https:\/\/www.belle.si\/wp-content\/uploads\/2022\/10\/gelza_sveze_in_lahke_noge-scaled-1.jpg",1920,2560,false],"thumbnail":["https:\/\/www.belle.si\/wp-content\/uploads\/2022\/10\/gelza_sveze_in_lahke_noge-scaled-1-150x150.jpg",150,150,true],"medium":["https:\/\/www.belle.si\/wp-content\/uploads\/2022\/10\/gelza_sveze_in_lahke_noge-scaled-1-225x300.jpg",225,300,true],"medium_large":["https:\/\/www.belle.si\/wp-content\/uploads\/2022\/10\/gelza_sveze_in_lahke_noge-scaled-1-768x1024.jpg",768,1024,true],"large":["https:\/\/www.belle.si\/wp-content\/uploads\/2022\/10\/gelza_sveze_in_lahke_noge-scaled-1-768x1024.jpg",768,1024,true],"1536x1536":["https:\/\/www.belle.si\/wp-content\/uploads\/2022\/10\/gelza_sveze_in_lahke_noge-scaled-1-1152x1536.jpg",1152,1536,true],"2048x2048":["https:\/\/www.belle.si\/wp-content\/uploads\/2022\/10\/gelza_sveze_in_lahke_noge-scaled-1-1536x2048.jpg",1536,2048,true],"mailpoet_newsletter_max":["https:\/\/www.belle.si\/wp-content\/uploads\/2022\/10\/gelza_sveze_in_lahke_noge-scaled-1-1320x1760.jpg",1320,1760,true],"woocommerce_thumbnail":["https:\/\/www.belle.si\/wp-content\/uploads\/2022\/10\/gelza_sveze_in_lahke_noge-scaled-1-300x300.jpg",300,300,true],"woocommerce_single":["https:\/\/www.belle.si\/wp-content\/uploads\/2022\/10\/gelza_sveze_in_lahke_noge-scaled-1-600x800.jpg",600,800,true],"woocommerce_gallery_thumbnail":["https:\/\/www.belle.si\/wp-content\/uploads\/2022\/10\/gelza_sveze_in_lahke_noge-scaled-1-100x100.jpg",100,100,true]},"uagb_author_info":{"display_name":"taja","author_link":"https:\/\/www.belle.si\/it\/author\/"},"uagb_comment_info":0,"uagb_excerpt":"Oreh \u2013 Rede\u010da trta \u2013 Mentol sve\u017e, hladilen ob\u010dutek noge so la\u017eje in spro\u0161\u010dene ko\u017ea za\u0161\u010ditena Idealna nega za noge v vro\u010dih dneh ali po dalj\u0161em \u010dasu na nogah. Gel vtrite v ko\u017eo in ob\u0161el vas bo ob\u010dutek olaj\u0161anja in sve\u017eine. Gel vsebuje izvle\u010dke oreja, rde\u010de trte in mentol. 97% sestavin je naravnega izvora Sestavine:&hellip;","_links":{"self":[{"href":"https:\/\/www.belle.si\/it\/wp-json\/wp\/v2\/product\/99798","targetHints":{"allow":["GET"]}}],"collection":[{"href":"https:\/\/www.belle.si\/it\/wp-json\/wp\/v2\/product"}],"about":[{"href":"https:\/\/www.belle.si\/it\/wp-json\/wp\/v2\/types\/product"}],"replies":[{"embeddable":true,"href":"https:\/\/www.belle.si\/it\/wp-json\/wp\/v2\/comments?post=99798"}],"wp:featuredmedia":[{"embeddable":true,"href":"https:\/\/www.belle.si\/it\/wp-json\/wp\/v2\/media\/99799"}],"wp:attachment":[{"href":"https:\/\/www.belle.si\/it\/wp-json\/wp\/v2\/media?parent=99798"}],"wp:term":[{"taxonomy":"product_brand","embeddable":true,"href":"https:\/\/www.belle.si\/it\/wp-json\/wp\/v2\/product_brand?post=99798"},{"taxonomy":"product_cat","embeddable":true,"href":"https:\/\/www.belle.si\/it\/wp-json\/wp\/v2\/product_cat?post=99798"},{"taxonomy":"product_tag","embeddable":true,"href":"https:\/\/www.belle.si\/it\/wp-json\/wp\/v2\/product_tag?post=99798"}],"curies":[{"name":"wp","href":"https:\/\/api.w.org\/{rel}","templated":true}]}}