{"id":99747,"date":"2021-12-20T13:59:24","date_gmt":"2021-12-20T12:59:24","guid":{"rendered":"https:\/\/belle.zabica.org\/?post_type=product&#038;p=99747"},"modified":"2023-05-15T15:34:09","modified_gmt":"2023-05-15T13:34:09","slug":"tekoce-milo-za-roke","status":"publish","type":"product","link":"https:\/\/www.belle.si\/it\/izdelek\/tekoce-milo-za-roke\/","title":{"rendered":"Negovalno tekoce milo za roke Olive Greenyard"},"content":{"rendered":"<p>Negovalno teko\u010de milo za roke z olj\u010dnimi izvle\u010dki, \u010dajevcem in limono &#8211; <strong>Z ANTISEPTI\u010cNIM U\u010cINKOM<\/strong><\/p>\n<p><strong>MILO ROKE NE\u017dNO O\u010cISTI IN NEGUJE.<\/strong><\/p>\n<p>Teko\u010de negovalno milo u\u010dinkovito o\u010disti kozo in jo hkrati neguje. S posebno sestavino, ki meh\u010da vodo, zato da ne izsu\u0161i povrhnjice. Olj\u010dni izvle\u010dki in glicerin negujejo ko\u017eo, pantenol in aloe vera ji povrneta vlago in ohranjata naravno vla\u017enost. Limona daje ob\u010dutek sve\u017eine, \u010dajevec deluje antisepti\u010dno.<\/p>\n<p><strong>DERMATOLO\u0160KO TESTIRANO &#8211; <\/strong><strong>NI BILO TESTIRANO NA \u017dIVALIH &#8211; <\/strong><strong>OKOLJU PRIJAZNO<\/strong><\/p>\n<p>&nbsp;<\/p>\n<p>&nbsp;<\/p>\n","protected":false},"excerpt":{"rendered":"<p>Negovalno teko\u010de milo za roke z olj\u010dnimi izvle\u010dki, \u010dajevcem in limono &#8211; Z ANTISEPTI\u010cNIM U\u010cINKOM MILO ROKE NE\u017dNO O\u010cISTI IN NEGUJE. Teko\u010de negovalno milo u\u010dinkovito o\u010disti kozo in jo hkrati neguje. S posebno sestavino, ki meh\u010da vodo, zato da ne izsu\u0161i povrhnjice. Olj\u010dni izvle\u010dki in glicerin negujejo ko\u017eo, pantenol in aloe vera ji povrneta vlago [&hellip;]<\/p>\n","protected":false},"featured_media":99748,"comment_status":"closed","ping_status":"closed","template":"","meta":{"_uag_custom_page_level_css":"","_monsterinsights_skip_tracking":false,"_monsterinsights_sitenote_active":false,"_monsterinsights_sitenote_note":"","_monsterinsights_sitenote_category":0,"site-sidebar-layout":"default","site-content-layout":"default","ast-site-content-layout":"default","site-content-style":"default","site-sidebar-style":"default","ast-global-header-display":"","ast-banner-title-visibility":"","ast-main-header-display":"","ast-hfb-above-header-display":"","ast-hfb-below-header-display":"","ast-hfb-mobile-header-display":"","site-post-title":"","ast-breadcrumbs-content":"","ast-featured-img":"","footer-sml-layout":"","ast-disable-related-posts":"","theme-transparent-header-meta":"default","adv-header-id-meta":"","stick-header-meta":"","header-above-stick-meta":"","header-main-stick-meta":"","header-below-stick-meta":"","astra-migrate-meta-layouts":"default","ast-page-background-enabled":"default","ast-page-background-meta":{"desktop":{"background-color":"var(--ast-global-color-4)","background-image":"","background-repeat":"repeat","background-position":"center center","background-size":"auto","background-attachment":"scroll","background-type":"","background-media":"","overlay-type":"","overlay-color":"","overlay-opacity":"","overlay-gradient":""},"tablet":{"background-color":"","background-image":"","background-repeat":"repeat","background-position":"center center","background-size":"auto","background-attachment":"scroll","background-type":"","background-media":"","overlay-type":"","overlay-color":"","overlay-opacity":"","overlay-gradient":""},"mobile":{"background-color":"","background-image":"","background-repeat":"repeat","background-position":"center center","background-size":"auto","background-attachment":"scroll","background-type":"","background-media":"","overlay-type":"","overlay-color":"","overlay-opacity":"","overlay-gradient":""}},"ast-content-background-meta":{"desktop":{"background-color":"var(--ast-global-color-5)","background-image":"","background-repeat":"repeat","background-position":"center center","background-size":"auto","background-attachment":"scroll","background-type":"","background-media":"","overlay-type":"","overlay-color":"","overlay-opacity":"","overlay-gradient":""},"tablet":{"background-color":"var(--ast-global-color-5)","background-image":"","background-repeat":"repeat","background-position":"center center","background-size":"auto","background-attachment":"scroll","background-type":"","background-media":"","overlay-type":"","overlay-color":"","overlay-opacity":"","overlay-gradient":""},"mobile":{"background-color":"var(--ast-global-color-5)","background-image":"","background-repeat":"repeat","background-position":"center center","background-size":"auto","background-attachment":"scroll","background-type":"","background-media":"","overlay-type":"","overlay-color":"","overlay-opacity":"","overlay-gradient":""}}},"product_brand":[],"product_cat":[31,40],"product_tag":[],"class_list":{"0":"post-99747","1":"product","2":"type-product","3":"status-publish","4":"has-post-thumbnail","6":"product_cat-za-moske","7":"product_cat-zascita-za-kozo","8":"desktop-align-left","9":"tablet-align-left","10":"mobile-align-left","11":"ast-product-gallery-layout-first-image-large","12":"ast-product-gallery-with-no-image","13":"ast-magnify-disabled","14":"ast-product-tabs-layout-horizontal","16":"first","17":"instock","18":"taxable","19":"shipping-taxable","20":"purchasable","21":"product-type-simple"},"yoast_head":"<!-- This site is optimized with the Yoast SEO plugin v26.9 - https:\/\/yoast.com\/product\/yoast-seo-wordpress\/ -->\n<title>Negovalno tekoce milo za roke Olive Greenyard - Belle.si kozmeti\u010dna trgovina<\/title>\n<meta name=\"description\" content=\"Negovalno teko\u010de milo za roke z olj\u010dnimi izvle\u010dki, \u010dajevcem in limono - Z ANTISEPTI\u010cNIM U\u010cINKOM. S sestavino, ki meh\u010da vodo, zato da ne izsu\u0161i povrhnjice.\" \/>\n<meta name=\"robots\" content=\"index, follow, max-snippet:-1, max-image-preview:large, max-video-preview:-1\" \/>\n<link rel=\"canonical\" href=\"https:\/\/www.belle.si\/it\/izdelek\/tekoce-milo-za-roke\/\" \/>\n<meta property=\"og:locale\" content=\"it_IT\" \/>\n<meta property=\"og:type\" content=\"article\" \/>\n<meta property=\"og:title\" content=\"Negovalno tekoce milo za roke Olive Greenyard - Belle.si kozmeti\u010dna trgovina\" \/>\n<meta property=\"og:description\" content=\"Negovalno teko\u010de milo za roke z olj\u010dnimi izvle\u010dki, \u010dajevcem in limono - Z ANTISEPTI\u010cNIM U\u010cINKOM. S sestavino, ki meh\u010da vodo, zato da ne izsu\u0161i povrhnjice.\" \/>\n<meta property=\"og:url\" content=\"https:\/\/www.belle.si\/it\/izdelek\/tekoce-milo-za-roke\/\" \/>\n<meta property=\"og:site_name\" content=\"Belle.si kozmeti\u010dna trgovina\" \/>\n<meta property=\"article:publisher\" content=\"https:\/\/www.facebook.com\/belle.si.cosmetics\/\" \/>\n<meta property=\"article:modified_time\" content=\"2023-05-15T13:34:09+00:00\" \/>\n<meta property=\"og:image\" content=\"https:\/\/www.belle.si\/wp-content\/uploads\/2022\/10\/tekoce_milo-1.jpg\" \/>\n\t<meta property=\"og:image:width\" content=\"800\" \/>\n\t<meta property=\"og:image:height\" content=\"600\" \/>\n\t<meta property=\"og:image:type\" content=\"image\/jpeg\" \/>\n<meta name=\"twitter:card\" content=\"summary_large_image\" \/>\n<meta name=\"twitter:label1\" content=\"Tempo di lettura stimato\" \/>\n\t<meta name=\"twitter:data1\" content=\"1 minuto\" \/>\n<script type=\"application\/ld+json\" class=\"yoast-schema-graph\">{\"@context\":\"https:\/\/schema.org\",\"@graph\":[{\"@type\":\"WebPage\",\"@id\":\"https:\/\/www.belle.si\/it\/izdelek\/tekoce-milo-za-roke\/\",\"url\":\"https:\/\/www.belle.si\/it\/izdelek\/tekoce-milo-za-roke\/\",\"name\":\"Negovalno tekoce milo za roke Olive Greenyard - Belle.si kozmeti\u010dna trgovina\",\"isPartOf\":{\"@id\":\"https:\/\/www.belle.si\/it\/#website\"},\"primaryImageOfPage\":{\"@id\":\"https:\/\/www.belle.si\/it\/izdelek\/tekoce-milo-za-roke\/#primaryimage\"},\"image\":{\"@id\":\"https:\/\/www.belle.si\/it\/izdelek\/tekoce-milo-za-roke\/#primaryimage\"},\"thumbnailUrl\":\"https:\/\/www.belle.si\/wp-content\/uploads\/2022\/10\/tekoce_milo-1.jpg\",\"datePublished\":\"2021-12-20T12:59:24+00:00\",\"dateModified\":\"2023-05-15T13:34:09+00:00\",\"description\":\"Negovalno teko\u010de milo za roke z olj\u010dnimi izvle\u010dki, \u010dajevcem in limono - Z ANTISEPTI\u010cNIM U\u010cINKOM. S sestavino, ki meh\u010da vodo, zato da ne izsu\u0161i povrhnjice.\",\"breadcrumb\":{\"@id\":\"https:\/\/www.belle.si\/it\/izdelek\/tekoce-milo-za-roke\/#breadcrumb\"},\"inLanguage\":\"it-IT\",\"potentialAction\":[{\"@type\":\"ReadAction\",\"target\":[\"https:\/\/www.belle.si\/it\/izdelek\/tekoce-milo-za-roke\/\"]}]},{\"@type\":\"ImageObject\",\"inLanguage\":\"it-IT\",\"@id\":\"https:\/\/www.belle.si\/it\/izdelek\/tekoce-milo-za-roke\/#primaryimage\",\"url\":\"https:\/\/www.belle.si\/wp-content\/uploads\/2022\/10\/tekoce_milo-1.jpg\",\"contentUrl\":\"https:\/\/www.belle.si\/wp-content\/uploads\/2022\/10\/tekoce_milo-1.jpg\",\"width\":800,\"height\":600,\"caption\":\"antisepti\u010dno naravno teko\u010de milo\"},{\"@type\":\"BreadcrumbList\",\"@id\":\"https:\/\/www.belle.si\/it\/izdelek\/tekoce-milo-za-roke\/#breadcrumb\",\"itemListElement\":[{\"@type\":\"ListItem\",\"position\":1,\"name\":\"Home\",\"item\":\"https:\/\/www.belle.si\/it\/\"},{\"@type\":\"ListItem\",\"position\":2,\"name\":\"Trgovina\",\"item\":\"https:\/\/www.belle.si\/trgovina\/\"},{\"@type\":\"ListItem\",\"position\":3,\"name\":\"Negovalno tekoce milo za roke Olive Greenyard\"}]},{\"@type\":\"WebSite\",\"@id\":\"https:\/\/www.belle.si\/it\/#website\",\"url\":\"https:\/\/www.belle.si\/it\/\",\"name\":\"Belle.si kozmeti\u010dna trgovina\",\"description\":\"\",\"publisher\":{\"@id\":\"https:\/\/www.belle.si\/it\/#organization\"},\"potentialAction\":[{\"@type\":\"SearchAction\",\"target\":{\"@type\":\"EntryPoint\",\"urlTemplate\":\"https:\/\/www.belle.si\/it\/?s={search_term_string}\"},\"query-input\":{\"@type\":\"PropertyValueSpecification\",\"valueRequired\":true,\"valueName\":\"search_term_string\"}}],\"inLanguage\":\"it-IT\"},{\"@type\":\"Organization\",\"@id\":\"https:\/\/www.belle.si\/it\/#organization\",\"name\":\"Belle.si kozmeti\u010dna trgovina\",\"url\":\"https:\/\/www.belle.si\/it\/\",\"logo\":{\"@type\":\"ImageObject\",\"inLanguage\":\"it-IT\",\"@id\":\"https:\/\/www.belle.si\/it\/#\/schema\/logo\/image\/\",\"url\":\"https:\/\/www.belle.si\/wp-content\/uploads\/2022\/10\/cropped-logo_belle_trgovina.png\",\"contentUrl\":\"https:\/\/www.belle.si\/wp-content\/uploads\/2022\/10\/cropped-logo_belle_trgovina.png\",\"width\":270,\"height\":135,\"caption\":\"Belle.si kozmeti\u010dna trgovina\"},\"image\":{\"@id\":\"https:\/\/www.belle.si\/it\/#\/schema\/logo\/image\/\"},\"sameAs\":[\"https:\/\/www.facebook.com\/belle.si.cosmetics\/\",\"https:\/\/www.instagram.com\/belle.si.cosmetics\/\"]}]}<\/script>\n<!-- \/ Yoast SEO plugin. -->","yoast_head_json":{"title":"Negovalno tekoce milo za roke Olive Greenyard - Belle.si kozmeti\u010dna trgovina","description":"Negovalno teko\u010de milo za roke z olj\u010dnimi izvle\u010dki, \u010dajevcem in limono - Z ANTISEPTI\u010cNIM U\u010cINKOM. S sestavino, ki meh\u010da vodo, zato da ne izsu\u0161i povrhnjice.","robots":{"index":"index","follow":"follow","max-snippet":"max-snippet:-1","max-image-preview":"max-image-preview:large","max-video-preview":"max-video-preview:-1"},"canonical":"https:\/\/www.belle.si\/it\/izdelek\/tekoce-milo-za-roke\/","og_locale":"it_IT","og_type":"article","og_title":"Negovalno tekoce milo za roke Olive Greenyard - Belle.si kozmeti\u010dna trgovina","og_description":"Negovalno teko\u010de milo za roke z olj\u010dnimi izvle\u010dki, \u010dajevcem in limono - Z ANTISEPTI\u010cNIM U\u010cINKOM. S sestavino, ki meh\u010da vodo, zato da ne izsu\u0161i povrhnjice.","og_url":"https:\/\/www.belle.si\/it\/izdelek\/tekoce-milo-za-roke\/","og_site_name":"Belle.si kozmeti\u010dna trgovina","article_publisher":"https:\/\/www.facebook.com\/belle.si.cosmetics\/","article_modified_time":"2023-05-15T13:34:09+00:00","og_image":[{"width":800,"height":600,"url":"https:\/\/www.belle.si\/wp-content\/uploads\/2022\/10\/tekoce_milo-1.jpg","type":"image\/jpeg"}],"twitter_card":"summary_large_image","twitter_misc":{"Tempo di lettura stimato":"1 minuto"},"schema":{"@context":"https:\/\/schema.org","@graph":[{"@type":"WebPage","@id":"https:\/\/www.belle.si\/it\/izdelek\/tekoce-milo-za-roke\/","url":"https:\/\/www.belle.si\/it\/izdelek\/tekoce-milo-za-roke\/","name":"Negovalno tekoce milo za roke Olive Greenyard - Belle.si kozmeti\u010dna trgovina","isPartOf":{"@id":"https:\/\/www.belle.si\/it\/#website"},"primaryImageOfPage":{"@id":"https:\/\/www.belle.si\/it\/izdelek\/tekoce-milo-za-roke\/#primaryimage"},"image":{"@id":"https:\/\/www.belle.si\/it\/izdelek\/tekoce-milo-za-roke\/#primaryimage"},"thumbnailUrl":"https:\/\/www.belle.si\/wp-content\/uploads\/2022\/10\/tekoce_milo-1.jpg","datePublished":"2021-12-20T12:59:24+00:00","dateModified":"2023-05-15T13:34:09+00:00","description":"Negovalno teko\u010de milo za roke z olj\u010dnimi izvle\u010dki, \u010dajevcem in limono - Z ANTISEPTI\u010cNIM U\u010cINKOM. S sestavino, ki meh\u010da vodo, zato da ne izsu\u0161i povrhnjice.","breadcrumb":{"@id":"https:\/\/www.belle.si\/it\/izdelek\/tekoce-milo-za-roke\/#breadcrumb"},"inLanguage":"it-IT","potentialAction":[{"@type":"ReadAction","target":["https:\/\/www.belle.si\/it\/izdelek\/tekoce-milo-za-roke\/"]}]},{"@type":"ImageObject","inLanguage":"it-IT","@id":"https:\/\/www.belle.si\/it\/izdelek\/tekoce-milo-za-roke\/#primaryimage","url":"https:\/\/www.belle.si\/wp-content\/uploads\/2022\/10\/tekoce_milo-1.jpg","contentUrl":"https:\/\/www.belle.si\/wp-content\/uploads\/2022\/10\/tekoce_milo-1.jpg","width":800,"height":600,"caption":"antisepti\u010dno naravno teko\u010de milo"},{"@type":"BreadcrumbList","@id":"https:\/\/www.belle.si\/it\/izdelek\/tekoce-milo-za-roke\/#breadcrumb","itemListElement":[{"@type":"ListItem","position":1,"name":"Home","item":"https:\/\/www.belle.si\/it\/"},{"@type":"ListItem","position":2,"name":"Trgovina","item":"https:\/\/www.belle.si\/trgovina\/"},{"@type":"ListItem","position":3,"name":"Negovalno tekoce milo za roke Olive Greenyard"}]},{"@type":"WebSite","@id":"https:\/\/www.belle.si\/it\/#website","url":"https:\/\/www.belle.si\/it\/","name":"Belle.si kozmeti\u010dna trgovina","description":"","publisher":{"@id":"https:\/\/www.belle.si\/it\/#organization"},"potentialAction":[{"@type":"SearchAction","target":{"@type":"EntryPoint","urlTemplate":"https:\/\/www.belle.si\/it\/?s={search_term_string}"},"query-input":{"@type":"PropertyValueSpecification","valueRequired":true,"valueName":"search_term_string"}}],"inLanguage":"it-IT"},{"@type":"Organization","@id":"https:\/\/www.belle.si\/it\/#organization","name":"Belle.si kozmeti\u010dna trgovina","url":"https:\/\/www.belle.si\/it\/","logo":{"@type":"ImageObject","inLanguage":"it-IT","@id":"https:\/\/www.belle.si\/it\/#\/schema\/logo\/image\/","url":"https:\/\/www.belle.si\/wp-content\/uploads\/2022\/10\/cropped-logo_belle_trgovina.png","contentUrl":"https:\/\/www.belle.si\/wp-content\/uploads\/2022\/10\/cropped-logo_belle_trgovina.png","width":270,"height":135,"caption":"Belle.si kozmeti\u010dna trgovina"},"image":{"@id":"https:\/\/www.belle.si\/it\/#\/schema\/logo\/image\/"},"sameAs":["https:\/\/www.facebook.com\/belle.si.cosmetics\/","https:\/\/www.instagram.com\/belle.si.cosmetics\/"]}]}},"uagb_featured_image_src":{"full":["https:\/\/www.belle.si\/wp-content\/uploads\/2022\/10\/tekoce_milo-1.jpg",800,600,false],"thumbnail":["https:\/\/www.belle.si\/wp-content\/uploads\/2022\/10\/tekoce_milo-1-150x150.jpg",150,150,true],"medium":["https:\/\/www.belle.si\/wp-content\/uploads\/2022\/10\/tekoce_milo-1-300x225.jpg",300,225,true],"medium_large":["https:\/\/www.belle.si\/wp-content\/uploads\/2022\/10\/tekoce_milo-1-768x576.jpg",768,576,true],"large":["https:\/\/www.belle.si\/wp-content\/uploads\/2022\/10\/tekoce_milo-1.jpg",800,600,false],"1536x1536":["https:\/\/www.belle.si\/wp-content\/uploads\/2022\/10\/tekoce_milo-1.jpg",800,600,false],"2048x2048":["https:\/\/www.belle.si\/wp-content\/uploads\/2022\/10\/tekoce_milo-1.jpg",800,600,false],"mailpoet_newsletter_max":["https:\/\/www.belle.si\/wp-content\/uploads\/2022\/10\/tekoce_milo-1.jpg",800,600,false],"woocommerce_thumbnail":["https:\/\/www.belle.si\/wp-content\/uploads\/2022\/10\/tekoce_milo-1-300x300.jpg",300,300,true],"woocommerce_single":["https:\/\/www.belle.si\/wp-content\/uploads\/2022\/10\/tekoce_milo-1-600x450.jpg",600,450,true],"woocommerce_gallery_thumbnail":["https:\/\/www.belle.si\/wp-content\/uploads\/2022\/10\/tekoce_milo-1-100x100.jpg",100,100,true]},"uagb_author_info":{"display_name":"taja","author_link":"https:\/\/www.belle.si\/it\/author\/"},"uagb_comment_info":0,"uagb_excerpt":"Negovalno teko\u010de milo za roke z olj\u010dnimi izvle\u010dki, \u010dajevcem in limono &#8211; Z ANTISEPTI\u010cNIM U\u010cINKOM MILO ROKE NE\u017dNO O\u010cISTI IN NEGUJE. Teko\u010de negovalno milo u\u010dinkovito o\u010disti kozo in jo hkrati neguje. S posebno sestavino, ki meh\u010da vodo, zato da ne izsu\u0161i povrhnjice. Olj\u010dni izvle\u010dki in glicerin negujejo ko\u017eo, pantenol in aloe vera ji povrneta vlago&hellip;","_links":{"self":[{"href":"https:\/\/www.belle.si\/it\/wp-json\/wp\/v2\/product\/99747","targetHints":{"allow":["GET"]}}],"collection":[{"href":"https:\/\/www.belle.si\/it\/wp-json\/wp\/v2\/product"}],"about":[{"href":"https:\/\/www.belle.si\/it\/wp-json\/wp\/v2\/types\/product"}],"replies":[{"embeddable":true,"href":"https:\/\/www.belle.si\/it\/wp-json\/wp\/v2\/comments?post=99747"}],"wp:featuredmedia":[{"embeddable":true,"href":"https:\/\/www.belle.si\/it\/wp-json\/wp\/v2\/media\/99748"}],"wp:attachment":[{"href":"https:\/\/www.belle.si\/it\/wp-json\/wp\/v2\/media?parent=99747"}],"wp:term":[{"taxonomy":"product_brand","embeddable":true,"href":"https:\/\/www.belle.si\/it\/wp-json\/wp\/v2\/product_brand?post=99747"},{"taxonomy":"product_cat","embeddable":true,"href":"https:\/\/www.belle.si\/it\/wp-json\/wp\/v2\/product_cat?post=99747"},{"taxonomy":"product_tag","embeddable":true,"href":"https:\/\/www.belle.si\/it\/wp-json\/wp\/v2\/product_tag?post=99747"}],"curies":[{"name":"wp","href":"https:\/\/api.w.org\/{rel}","templated":true}]}}