{"id":99725,"date":"2021-11-19T13:52:42","date_gmt":"2021-11-19T13:52:42","guid":{"rendered":"https:\/\/belle.zabica.org\/?post_type=product&#038;p=99725"},"modified":"2023-05-16T14:32:19","modified_gmt":"2023-05-16T12:32:19","slug":"negovalni-balzam-olive-greenyard","status":"publish","type":"product","link":"https:\/\/www.belle.si\/it\/izdelek\/negovalni-balzam-olive-greenyard\/","title":{"rendered":"Negovalni balzam Olive Greenyard"},"content":{"rendered":"<p>NEGOVALNI BALZAM ZA LASE OLIVE GREENYARD Z OLJ\u010cNIMI IZVLE\u010cKI, RO\u017dMARINOM IN P\u0160\u010cENI\u010cNIMI EKSTRAKTI.<\/p>\n<p>NEGOVALNI BALZAM ZA MO\u010cNE, SIJO\u010cE IN ZDRAVE LASE.<\/p>\n<p>Naravne sestavine lase nahranijo, obogatijo, naredijo sijo\u010de in svilnate na dotik. Pantenol lase navla\u017ei, oja\u010da in prepre\u010duje cepljene konice. Olj\u010dnim ekstrakti in mandljevo olje lase naredijo mehke na dotik, jih naredijo sijo\u010de in hkrati ustvari za\u0161\u010dito pred zunanjimi vplivi. Blagodejno deluje tudi na lasi\u0161\u010de, ker ga ne izsu\u0161i. Keramidi in keratin oja\u010daj lase, tako da postanejo bolj pro\u017eni in sijo\u010di. Izvle\u010dki p\u0161enice lase pozdravijo po celi dol\u017eini ter ustvarijo za\u0161\u010ditni sloj. Ro\u017emarin lase in lasi\u0161\u010de osve\u017ei in jim vra\u010da vitalnost.<\/p>\n<p>DERMATOLO\u0160KO TESTIRANO<\/p>\n<p>NI BILO TESTIRANO NA \u017dIVALIH<\/p>\n<p>OKOLJU PRIJAZNO<\/p>\n","protected":false},"excerpt":{"rendered":"<p>NEGOVALNI BALZAM ZA LASE OLIVE GREENYARD Z OLJ\u010cNIMI IZVLE\u010cKI, RO\u017dMARINOM IN P\u0160\u010cENI\u010cNIMI EKSTRAKTI. NEGOVALNI BALZAM ZA MO\u010cNE, SIJO\u010cE IN ZDRAVE LASE. Naravne sestavine lase nahranijo, obogatijo, naredijo sijo\u010de in svilnate na dotik. Pantenol lase navla\u017ei, oja\u010da in prepre\u010duje cepljene konice. Olj\u010dnim ekstrakti in mandljevo olje lase naredijo mehke na dotik, jih naredijo sijo\u010de in hkrati [&hellip;]<\/p>\n","protected":false},"featured_media":99726,"comment_status":"closed","ping_status":"closed","template":"","meta":{"_uag_custom_page_level_css":"","_monsterinsights_skip_tracking":false,"_monsterinsights_sitenote_active":false,"_monsterinsights_sitenote_note":"","_monsterinsights_sitenote_category":0,"site-sidebar-layout":"default","site-content-layout":"default","ast-site-content-layout":"default","site-content-style":"default","site-sidebar-style":"default","ast-global-header-display":"","ast-banner-title-visibility":"","ast-main-header-display":"","ast-hfb-above-header-display":"","ast-hfb-below-header-display":"","ast-hfb-mobile-header-display":"","site-post-title":"","ast-breadcrumbs-content":"","ast-featured-img":"","footer-sml-layout":"","ast-disable-related-posts":"","theme-transparent-header-meta":"default","adv-header-id-meta":"","stick-header-meta":"","header-above-stick-meta":"","header-main-stick-meta":"","header-below-stick-meta":"","astra-migrate-meta-layouts":"default","ast-page-background-enabled":"default","ast-page-background-meta":{"desktop":{"background-color":"var(--ast-global-color-4)","background-image":"","background-repeat":"repeat","background-position":"center center","background-size":"auto","background-attachment":"scroll","background-type":"","background-media":"","overlay-type":"","overlay-color":"","overlay-opacity":"","overlay-gradient":""},"tablet":{"background-color":"","background-image":"","background-repeat":"repeat","background-position":"center center","background-size":"auto","background-attachment":"scroll","background-type":"","background-media":"","overlay-type":"","overlay-color":"","overlay-opacity":"","overlay-gradient":""},"mobile":{"background-color":"","background-image":"","background-repeat":"repeat","background-position":"center center","background-size":"auto","background-attachment":"scroll","background-type":"","background-media":"","overlay-type":"","overlay-color":"","overlay-opacity":"","overlay-gradient":""}},"ast-content-background-meta":{"desktop":{"background-color":"var(--ast-global-color-5)","background-image":"","background-repeat":"repeat","background-position":"center center","background-size":"auto","background-attachment":"scroll","background-type":"","background-media":"","overlay-type":"","overlay-color":"","overlay-opacity":"","overlay-gradient":""},"tablet":{"background-color":"var(--ast-global-color-5)","background-image":"","background-repeat":"repeat","background-position":"center center","background-size":"auto","background-attachment":"scroll","background-type":"","background-media":"","overlay-type":"","overlay-color":"","overlay-opacity":"","overlay-gradient":""},"mobile":{"background-color":"var(--ast-global-color-5)","background-image":"","background-repeat":"repeat","background-position":"center center","background-size":"auto","background-attachment":"scroll","background-type":"","background-media":"","overlay-type":"","overlay-color":"","overlay-opacity":"","overlay-gradient":""}}},"product_brand":[],"product_cat":[43,46,45],"product_tag":[],"class_list":{"0":"post-99725","1":"product","2":"type-product","3":"status-publish","4":"has-post-thumbnail","6":"product_cat-nega-za-lase","7":"product_cat-za-lepe-lase","8":"product_cat-za-mocne-lase","9":"desktop-align-left","10":"tablet-align-left","11":"mobile-align-left","12":"ast-product-gallery-layout-first-image-large","13":"ast-product-gallery-with-no-image","14":"ast-magnify-disabled","15":"ast-product-tabs-layout-horizontal","17":"first","18":"instock","19":"taxable","20":"shipping-taxable","21":"purchasable","22":"product-type-simple"},"yoast_head":"<!-- This site is optimized with the Yoast SEO plugin v26.9 - https:\/\/yoast.com\/product\/yoast-seo-wordpress\/ -->\n<title>Negovalni balzam Olive Greenyard - Belle.si kozmeti\u010dna trgovina<\/title>\n<meta name=\"description\" content=\"NEGOVALNI BALZAM ZA LASE OLIVE GREENYARD Z OLJ\u010cNIMI IZVLE\u010cKI, RO\u017dMARINOM IN P\u0160\u010cENI\u010cNIMI EKSTRAKTI.NEGOVALNI BALZAM ZA MO\u010cNE, SIJO\u010cE IN ZDRAVE LASE.\" \/>\n<meta name=\"robots\" content=\"index, follow, max-snippet:-1, max-image-preview:large, max-video-preview:-1\" \/>\n<link rel=\"canonical\" href=\"https:\/\/www.belle.si\/it\/izdelek\/negovalni-balzam-olive-greenyard\/\" \/>\n<meta property=\"og:locale\" content=\"it_IT\" \/>\n<meta property=\"og:type\" content=\"article\" \/>\n<meta property=\"og:title\" content=\"Negovalni balzam Olive Greenyard - Belle.si kozmeti\u010dna trgovina\" \/>\n<meta property=\"og:description\" content=\"NEGOVALNI BALZAM ZA LASE OLIVE GREENYARD Z OLJ\u010cNIMI IZVLE\u010cKI, RO\u017dMARINOM IN P\u0160\u010cENI\u010cNIMI EKSTRAKTI.NEGOVALNI BALZAM ZA MO\u010cNE, SIJO\u010cE IN ZDRAVE LASE.\" \/>\n<meta property=\"og:url\" content=\"https:\/\/www.belle.si\/it\/izdelek\/negovalni-balzam-olive-greenyard\/\" \/>\n<meta property=\"og:site_name\" content=\"Belle.si kozmeti\u010dna trgovina\" \/>\n<meta property=\"article:publisher\" content=\"https:\/\/www.facebook.com\/belle.si.cosmetics\/\" \/>\n<meta property=\"article:modified_time\" content=\"2023-05-16T12:32:19+00:00\" \/>\n<meta property=\"og:image\" content=\"https:\/\/www.belle.si\/wp-content\/uploads\/2022\/10\/balzam_negovalni_Nourish_Conditioner.jpg\" \/>\n\t<meta property=\"og:image:width\" content=\"800\" \/>\n\t<meta property=\"og:image:height\" content=\"600\" \/>\n\t<meta property=\"og:image:type\" content=\"image\/jpeg\" \/>\n<meta name=\"twitter:card\" content=\"summary_large_image\" \/>\n<meta name=\"twitter:label1\" content=\"Tempo di lettura stimato\" \/>\n\t<meta name=\"twitter:data1\" content=\"1 minuto\" \/>\n<script type=\"application\/ld+json\" class=\"yoast-schema-graph\">{\"@context\":\"https:\/\/schema.org\",\"@graph\":[{\"@type\":\"WebPage\",\"@id\":\"https:\/\/www.belle.si\/it\/izdelek\/negovalni-balzam-olive-greenyard\/\",\"url\":\"https:\/\/www.belle.si\/it\/izdelek\/negovalni-balzam-olive-greenyard\/\",\"name\":\"Negovalni balzam Olive Greenyard - Belle.si kozmeti\u010dna trgovina\",\"isPartOf\":{\"@id\":\"https:\/\/www.belle.si\/it\/#website\"},\"primaryImageOfPage\":{\"@id\":\"https:\/\/www.belle.si\/it\/izdelek\/negovalni-balzam-olive-greenyard\/#primaryimage\"},\"image\":{\"@id\":\"https:\/\/www.belle.si\/it\/izdelek\/negovalni-balzam-olive-greenyard\/#primaryimage\"},\"thumbnailUrl\":\"https:\/\/www.belle.si\/wp-content\/uploads\/2022\/10\/balzam_negovalni_Nourish_Conditioner.jpg\",\"datePublished\":\"2021-11-19T13:52:42+00:00\",\"dateModified\":\"2023-05-16T12:32:19+00:00\",\"description\":\"NEGOVALNI BALZAM ZA LASE OLIVE GREENYARD Z OLJ\u010cNIMI IZVLE\u010cKI, RO\u017dMARINOM IN P\u0160\u010cENI\u010cNIMI EKSTRAKTI.NEGOVALNI BALZAM ZA MO\u010cNE, SIJO\u010cE IN ZDRAVE LASE.\",\"breadcrumb\":{\"@id\":\"https:\/\/www.belle.si\/it\/izdelek\/negovalni-balzam-olive-greenyard\/#breadcrumb\"},\"inLanguage\":\"it-IT\",\"potentialAction\":[{\"@type\":\"ReadAction\",\"target\":[\"https:\/\/www.belle.si\/it\/izdelek\/negovalni-balzam-olive-greenyard\/\"]}]},{\"@type\":\"ImageObject\",\"inLanguage\":\"it-IT\",\"@id\":\"https:\/\/www.belle.si\/it\/izdelek\/negovalni-balzam-olive-greenyard\/#primaryimage\",\"url\":\"https:\/\/www.belle.si\/wp-content\/uploads\/2022\/10\/balzam_negovalni_Nourish_Conditioner.jpg\",\"contentUrl\":\"https:\/\/www.belle.si\/wp-content\/uploads\/2022\/10\/balzam_negovalni_Nourish_Conditioner.jpg\",\"width\":800,\"height\":600,\"caption\":\"Negovalni balzam z izvle\u010dki oljke\"},{\"@type\":\"BreadcrumbList\",\"@id\":\"https:\/\/www.belle.si\/it\/izdelek\/negovalni-balzam-olive-greenyard\/#breadcrumb\",\"itemListElement\":[{\"@type\":\"ListItem\",\"position\":1,\"name\":\"Home\",\"item\":\"https:\/\/www.belle.si\/it\/\"},{\"@type\":\"ListItem\",\"position\":2,\"name\":\"Trgovina\",\"item\":\"https:\/\/www.belle.si\/trgovina\/\"},{\"@type\":\"ListItem\",\"position\":3,\"name\":\"Negovalni balzam Olive Greenyard\"}]},{\"@type\":\"WebSite\",\"@id\":\"https:\/\/www.belle.si\/it\/#website\",\"url\":\"https:\/\/www.belle.si\/it\/\",\"name\":\"Belle.si kozmeti\u010dna trgovina\",\"description\":\"\",\"publisher\":{\"@id\":\"https:\/\/www.belle.si\/it\/#organization\"},\"potentialAction\":[{\"@type\":\"SearchAction\",\"target\":{\"@type\":\"EntryPoint\",\"urlTemplate\":\"https:\/\/www.belle.si\/it\/?s={search_term_string}\"},\"query-input\":{\"@type\":\"PropertyValueSpecification\",\"valueRequired\":true,\"valueName\":\"search_term_string\"}}],\"inLanguage\":\"it-IT\"},{\"@type\":\"Organization\",\"@id\":\"https:\/\/www.belle.si\/it\/#organization\",\"name\":\"Belle.si kozmeti\u010dna trgovina\",\"url\":\"https:\/\/www.belle.si\/it\/\",\"logo\":{\"@type\":\"ImageObject\",\"inLanguage\":\"it-IT\",\"@id\":\"https:\/\/www.belle.si\/it\/#\/schema\/logo\/image\/\",\"url\":\"https:\/\/www.belle.si\/wp-content\/uploads\/2022\/10\/cropped-logo_belle_trgovina.png\",\"contentUrl\":\"https:\/\/www.belle.si\/wp-content\/uploads\/2022\/10\/cropped-logo_belle_trgovina.png\",\"width\":270,\"height\":135,\"caption\":\"Belle.si kozmeti\u010dna trgovina\"},\"image\":{\"@id\":\"https:\/\/www.belle.si\/it\/#\/schema\/logo\/image\/\"},\"sameAs\":[\"https:\/\/www.facebook.com\/belle.si.cosmetics\/\",\"https:\/\/www.instagram.com\/belle.si.cosmetics\/\"]}]}<\/script>\n<!-- \/ Yoast SEO plugin. -->","yoast_head_json":{"title":"Negovalni balzam Olive Greenyard - Belle.si kozmeti\u010dna trgovina","description":"NEGOVALNI BALZAM ZA LASE OLIVE GREENYARD Z OLJ\u010cNIMI IZVLE\u010cKI, RO\u017dMARINOM IN P\u0160\u010cENI\u010cNIMI EKSTRAKTI.NEGOVALNI BALZAM ZA MO\u010cNE, SIJO\u010cE IN ZDRAVE LASE.","robots":{"index":"index","follow":"follow","max-snippet":"max-snippet:-1","max-image-preview":"max-image-preview:large","max-video-preview":"max-video-preview:-1"},"canonical":"https:\/\/www.belle.si\/it\/izdelek\/negovalni-balzam-olive-greenyard\/","og_locale":"it_IT","og_type":"article","og_title":"Negovalni balzam Olive Greenyard - Belle.si kozmeti\u010dna trgovina","og_description":"NEGOVALNI BALZAM ZA LASE OLIVE GREENYARD Z OLJ\u010cNIMI IZVLE\u010cKI, RO\u017dMARINOM IN P\u0160\u010cENI\u010cNIMI EKSTRAKTI.NEGOVALNI BALZAM ZA MO\u010cNE, SIJO\u010cE IN ZDRAVE LASE.","og_url":"https:\/\/www.belle.si\/it\/izdelek\/negovalni-balzam-olive-greenyard\/","og_site_name":"Belle.si kozmeti\u010dna trgovina","article_publisher":"https:\/\/www.facebook.com\/belle.si.cosmetics\/","article_modified_time":"2023-05-16T12:32:19+00:00","og_image":[{"width":800,"height":600,"url":"https:\/\/www.belle.si\/wp-content\/uploads\/2022\/10\/balzam_negovalni_Nourish_Conditioner.jpg","type":"image\/jpeg"}],"twitter_card":"summary_large_image","twitter_misc":{"Tempo di lettura stimato":"1 minuto"},"schema":{"@context":"https:\/\/schema.org","@graph":[{"@type":"WebPage","@id":"https:\/\/www.belle.si\/it\/izdelek\/negovalni-balzam-olive-greenyard\/","url":"https:\/\/www.belle.si\/it\/izdelek\/negovalni-balzam-olive-greenyard\/","name":"Negovalni balzam Olive Greenyard - Belle.si kozmeti\u010dna trgovina","isPartOf":{"@id":"https:\/\/www.belle.si\/it\/#website"},"primaryImageOfPage":{"@id":"https:\/\/www.belle.si\/it\/izdelek\/negovalni-balzam-olive-greenyard\/#primaryimage"},"image":{"@id":"https:\/\/www.belle.si\/it\/izdelek\/negovalni-balzam-olive-greenyard\/#primaryimage"},"thumbnailUrl":"https:\/\/www.belle.si\/wp-content\/uploads\/2022\/10\/balzam_negovalni_Nourish_Conditioner.jpg","datePublished":"2021-11-19T13:52:42+00:00","dateModified":"2023-05-16T12:32:19+00:00","description":"NEGOVALNI BALZAM ZA LASE OLIVE GREENYARD Z OLJ\u010cNIMI IZVLE\u010cKI, RO\u017dMARINOM IN P\u0160\u010cENI\u010cNIMI EKSTRAKTI.NEGOVALNI BALZAM ZA MO\u010cNE, SIJO\u010cE IN ZDRAVE LASE.","breadcrumb":{"@id":"https:\/\/www.belle.si\/it\/izdelek\/negovalni-balzam-olive-greenyard\/#breadcrumb"},"inLanguage":"it-IT","potentialAction":[{"@type":"ReadAction","target":["https:\/\/www.belle.si\/it\/izdelek\/negovalni-balzam-olive-greenyard\/"]}]},{"@type":"ImageObject","inLanguage":"it-IT","@id":"https:\/\/www.belle.si\/it\/izdelek\/negovalni-balzam-olive-greenyard\/#primaryimage","url":"https:\/\/www.belle.si\/wp-content\/uploads\/2022\/10\/balzam_negovalni_Nourish_Conditioner.jpg","contentUrl":"https:\/\/www.belle.si\/wp-content\/uploads\/2022\/10\/balzam_negovalni_Nourish_Conditioner.jpg","width":800,"height":600,"caption":"Negovalni balzam z izvle\u010dki oljke"},{"@type":"BreadcrumbList","@id":"https:\/\/www.belle.si\/it\/izdelek\/negovalni-balzam-olive-greenyard\/#breadcrumb","itemListElement":[{"@type":"ListItem","position":1,"name":"Home","item":"https:\/\/www.belle.si\/it\/"},{"@type":"ListItem","position":2,"name":"Trgovina","item":"https:\/\/www.belle.si\/trgovina\/"},{"@type":"ListItem","position":3,"name":"Negovalni balzam Olive Greenyard"}]},{"@type":"WebSite","@id":"https:\/\/www.belle.si\/it\/#website","url":"https:\/\/www.belle.si\/it\/","name":"Belle.si kozmeti\u010dna trgovina","description":"","publisher":{"@id":"https:\/\/www.belle.si\/it\/#organization"},"potentialAction":[{"@type":"SearchAction","target":{"@type":"EntryPoint","urlTemplate":"https:\/\/www.belle.si\/it\/?s={search_term_string}"},"query-input":{"@type":"PropertyValueSpecification","valueRequired":true,"valueName":"search_term_string"}}],"inLanguage":"it-IT"},{"@type":"Organization","@id":"https:\/\/www.belle.si\/it\/#organization","name":"Belle.si kozmeti\u010dna trgovina","url":"https:\/\/www.belle.si\/it\/","logo":{"@type":"ImageObject","inLanguage":"it-IT","@id":"https:\/\/www.belle.si\/it\/#\/schema\/logo\/image\/","url":"https:\/\/www.belle.si\/wp-content\/uploads\/2022\/10\/cropped-logo_belle_trgovina.png","contentUrl":"https:\/\/www.belle.si\/wp-content\/uploads\/2022\/10\/cropped-logo_belle_trgovina.png","width":270,"height":135,"caption":"Belle.si kozmeti\u010dna trgovina"},"image":{"@id":"https:\/\/www.belle.si\/it\/#\/schema\/logo\/image\/"},"sameAs":["https:\/\/www.facebook.com\/belle.si.cosmetics\/","https:\/\/www.instagram.com\/belle.si.cosmetics\/"]}]}},"uagb_featured_image_src":{"full":["https:\/\/www.belle.si\/wp-content\/uploads\/2022\/10\/balzam_negovalni_Nourish_Conditioner.jpg",800,600,false],"thumbnail":["https:\/\/www.belle.si\/wp-content\/uploads\/2022\/10\/balzam_negovalni_Nourish_Conditioner-150x150.jpg",150,150,true],"medium":["https:\/\/www.belle.si\/wp-content\/uploads\/2022\/10\/balzam_negovalni_Nourish_Conditioner-300x225.jpg",300,225,true],"medium_large":["https:\/\/www.belle.si\/wp-content\/uploads\/2022\/10\/balzam_negovalni_Nourish_Conditioner-768x576.jpg",768,576,true],"large":["https:\/\/www.belle.si\/wp-content\/uploads\/2022\/10\/balzam_negovalni_Nourish_Conditioner.jpg",800,600,false],"1536x1536":["https:\/\/www.belle.si\/wp-content\/uploads\/2022\/10\/balzam_negovalni_Nourish_Conditioner.jpg",800,600,false],"2048x2048":["https:\/\/www.belle.si\/wp-content\/uploads\/2022\/10\/balzam_negovalni_Nourish_Conditioner.jpg",800,600,false],"mailpoet_newsletter_max":["https:\/\/www.belle.si\/wp-content\/uploads\/2022\/10\/balzam_negovalni_Nourish_Conditioner.jpg",800,600,false],"woocommerce_thumbnail":["https:\/\/www.belle.si\/wp-content\/uploads\/2022\/10\/balzam_negovalni_Nourish_Conditioner-300x300.jpg",300,300,true],"woocommerce_single":["https:\/\/www.belle.si\/wp-content\/uploads\/2022\/10\/balzam_negovalni_Nourish_Conditioner-600x450.jpg",600,450,true],"woocommerce_gallery_thumbnail":["https:\/\/www.belle.si\/wp-content\/uploads\/2022\/10\/balzam_negovalni_Nourish_Conditioner-100x100.jpg",100,100,true]},"uagb_author_info":{"display_name":"taja","author_link":"https:\/\/www.belle.si\/it\/author\/"},"uagb_comment_info":0,"uagb_excerpt":"NEGOVALNI BALZAM ZA LASE OLIVE GREENYARD Z OLJ\u010cNIMI IZVLE\u010cKI, RO\u017dMARINOM IN P\u0160\u010cENI\u010cNIMI EKSTRAKTI. NEGOVALNI BALZAM ZA MO\u010cNE, SIJO\u010cE IN ZDRAVE LASE. Naravne sestavine lase nahranijo, obogatijo, naredijo sijo\u010de in svilnate na dotik. Pantenol lase navla\u017ei, oja\u010da in prepre\u010duje cepljene konice. Olj\u010dnim ekstrakti in mandljevo olje lase naredijo mehke na dotik, jih naredijo sijo\u010de in hkrati&hellip;","_links":{"self":[{"href":"https:\/\/www.belle.si\/it\/wp-json\/wp\/v2\/product\/99725","targetHints":{"allow":["GET"]}}],"collection":[{"href":"https:\/\/www.belle.si\/it\/wp-json\/wp\/v2\/product"}],"about":[{"href":"https:\/\/www.belle.si\/it\/wp-json\/wp\/v2\/types\/product"}],"replies":[{"embeddable":true,"href":"https:\/\/www.belle.si\/it\/wp-json\/wp\/v2\/comments?post=99725"}],"wp:featuredmedia":[{"embeddable":true,"href":"https:\/\/www.belle.si\/it\/wp-json\/wp\/v2\/media\/99726"}],"wp:attachment":[{"href":"https:\/\/www.belle.si\/it\/wp-json\/wp\/v2\/media?parent=99725"}],"wp:term":[{"taxonomy":"product_brand","embeddable":true,"href":"https:\/\/www.belle.si\/it\/wp-json\/wp\/v2\/product_brand?post=99725"},{"taxonomy":"product_cat","embeddable":true,"href":"https:\/\/www.belle.si\/it\/wp-json\/wp\/v2\/product_cat?post=99725"},{"taxonomy":"product_tag","embeddable":true,"href":"https:\/\/www.belle.si\/it\/wp-json\/wp\/v2\/product_tag?post=99725"}],"curies":[{"name":"wp","href":"https:\/\/api.w.org\/{rel}","templated":true}]}}