{"id":99723,"date":"2021-11-19T11:56:05","date_gmt":"2021-11-19T11:56:05","guid":{"rendered":"https:\/\/belle.zabica.org\/?post_type=product&#038;p=99723"},"modified":"2023-05-16T14:36:53","modified_gmt":"2023-05-16T12:36:53","slug":"nezen-negovalni-sampon-olive-garden","status":"publish","type":"product","link":"https:\/\/www.belle.si\/it\/izdelek\/nezen-negovalni-sampon-olive-garden\/","title":{"rendered":"Ne\u017een negovalni \u0161ampon Olive Garden"},"content":{"rendered":"<p>NE\u017dEN NEGOVALNI \u0160AMPON ZA OB\u010cUTLIVO LASI\u0160\u010cE Z OLJLNIMI EKSTRAKTI, \u010cAJEVCEM IN VRBO.<\/p>\n<p>NE\u017dEN \u0160AMPON, KI POMAGA PRI SUHEM, RAZDRA\u017dENEM LASI\u0160\u010cU IN PRHLJAJU<\/p>\n<p>Posebna formula z vrbo, \u010dajevcem, olj\u010dnimi ekstrakti in vitaminom F pomaga proti prhljaju, izsu\u0161enemu, razdra\u017eenemu in srbe\u010demu lasi\u0161\u010du. Olj\u010dni ekstrakti, pantenol, alatoin, p\u0161enica, ri\u017e, \u010dajevec, jane\u017e delujejo protivnetno, navla\u017eijo in za\u0161\u010ditijo lasi\u0161\u010de ter ja\u010dajo lase. Ekstrakt p\u0161\u010denice ustvari za\u0161\u010ditno plast na lasi\u0161\u010du in ohranja naravno vla\u017enost ter odpronost lasi\u0161\u010da. Lasje so tako zdravi, mo\u010dni in sijo\u010di. Lasi\u0161\u010de pa sotane zdravo in nepo\u0161kodovano.<\/p>\n<p>DERMATOLO\u0160KO TESTIRANO<\/p>\n<p>NI BILO TESTIRANO NA \u017dIVALIH<\/p>\n<p>OKOLJU PRIJAZNO<\/p>\n","protected":false},"excerpt":{"rendered":"<p>NE\u017dEN NEGOVALNI \u0160AMPON ZA OB\u010cUTLIVO LASI\u0160\u010cE Z OLJLNIMI EKSTRAKTI, \u010cAJEVCEM IN VRBO. NE\u017dEN \u0160AMPON, KI POMAGA PRI SUHEM, RAZDRA\u017dENEM LASI\u0160\u010cU IN PRHLJAJU Posebna formula z vrbo, \u010dajevcem, olj\u010dnimi ekstrakti in vitaminom F pomaga proti prhljaju, izsu\u0161enemu, razdra\u017eenemu in srbe\u010demu lasi\u0161\u010du. Olj\u010dni ekstrakti, pantenol, alatoin, p\u0161enica, ri\u017e, \u010dajevec, jane\u017e delujejo protivnetno, navla\u017eijo in za\u0161\u010ditijo lasi\u0161\u010de ter [&hellip;]<\/p>\n","protected":false},"featured_media":99724,"comment_status":"closed","ping_status":"closed","template":"","meta":{"_uag_custom_page_level_css":"","_monsterinsights_skip_tracking":false,"_monsterinsights_sitenote_active":false,"_monsterinsights_sitenote_note":"","_monsterinsights_sitenote_category":0,"site-sidebar-layout":"default","site-content-layout":"default","ast-site-content-layout":"default","site-content-style":"default","site-sidebar-style":"default","ast-global-header-display":"","ast-banner-title-visibility":"","ast-main-header-display":"","ast-hfb-above-header-display":"","ast-hfb-below-header-display":"","ast-hfb-mobile-header-display":"","site-post-title":"","ast-breadcrumbs-content":"","ast-featured-img":"","footer-sml-layout":"","ast-disable-related-posts":"","theme-transparent-header-meta":"default","adv-header-id-meta":"","stick-header-meta":"","header-above-stick-meta":"","header-main-stick-meta":"","header-below-stick-meta":"","astra-migrate-meta-layouts":"default","ast-page-background-enabled":"default","ast-page-background-meta":{"desktop":{"background-color":"var(--ast-global-color-4)","background-image":"","background-repeat":"repeat","background-position":"center center","background-size":"auto","background-attachment":"scroll","background-type":"","background-media":"","overlay-type":"","overlay-color":"","overlay-opacity":"","overlay-gradient":""},"tablet":{"background-color":"","background-image":"","background-repeat":"repeat","background-position":"center center","background-size":"auto","background-attachment":"scroll","background-type":"","background-media":"","overlay-type":"","overlay-color":"","overlay-opacity":"","overlay-gradient":""},"mobile":{"background-color":"","background-image":"","background-repeat":"repeat","background-position":"center center","background-size":"auto","background-attachment":"scroll","background-type":"","background-media":"","overlay-type":"","overlay-color":"","overlay-opacity":"","overlay-gradient":""}},"ast-content-background-meta":{"desktop":{"background-color":"var(--ast-global-color-5)","background-image":"","background-repeat":"repeat","background-position":"center center","background-size":"auto","background-attachment":"scroll","background-type":"","background-media":"","overlay-type":"","overlay-color":"","overlay-opacity":"","overlay-gradient":""},"tablet":{"background-color":"var(--ast-global-color-5)","background-image":"","background-repeat":"repeat","background-position":"center center","background-size":"auto","background-attachment":"scroll","background-type":"","background-media":"","overlay-type":"","overlay-color":"","overlay-opacity":"","overlay-gradient":""},"mobile":{"background-color":"var(--ast-global-color-5)","background-image":"","background-repeat":"repeat","background-position":"center center","background-size":"auto","background-attachment":"scroll","background-type":"","background-media":"","overlay-type":"","overlay-color":"","overlay-opacity":"","overlay-gradient":""}}},"product_brand":[],"product_cat":[46,45],"product_tag":[],"class_list":{"0":"post-99723","1":"product","2":"type-product","3":"status-publish","4":"has-post-thumbnail","6":"product_cat-za-lepe-lase","7":"product_cat-za-mocne-lase","8":"desktop-align-left","9":"tablet-align-left","10":"mobile-align-left","11":"ast-product-gallery-layout-first-image-large","12":"ast-product-gallery-with-no-image","13":"ast-magnify-disabled","14":"ast-product-tabs-layout-horizontal","16":"first","17":"instock","18":"taxable","19":"shipping-taxable","20":"purchasable","21":"product-type-simple"},"yoast_head":"<!-- This site is optimized with the Yoast SEO plugin v26.9 - https:\/\/yoast.com\/product\/yoast-seo-wordpress\/ -->\n<title>Ne\u017een negovalni \u0161ampon Olive Garden - Belle.si kozmeti\u010dna trgovina<\/title>\n<meta name=\"description\" content=\"NE\u017dEN NEGOVALNI \u0160AMPON ZA OB\u010cUTLIVO LASI\u0160\u010cE Z OLJLNIMI EKSTRAKTI, \u010cAJEVCEM IN VRBO. NE\u017dEN \u0160AMPON, KI POMAGA PRI SUHEM, RAZDRA\u017dENEM LASI\u0160\u010cU IN PRHLJAJU\" \/>\n<meta name=\"robots\" content=\"index, follow, max-snippet:-1, max-image-preview:large, max-video-preview:-1\" \/>\n<link rel=\"canonical\" href=\"https:\/\/www.belle.si\/it\/izdelek\/nezen-negovalni-sampon-olive-garden\/\" \/>\n<meta property=\"og:locale\" content=\"it_IT\" \/>\n<meta property=\"og:type\" content=\"article\" \/>\n<meta property=\"og:title\" content=\"Ne\u017een negovalni \u0161ampon Olive Garden - Belle.si kozmeti\u010dna trgovina\" \/>\n<meta property=\"og:description\" content=\"NE\u017dEN NEGOVALNI \u0160AMPON ZA OB\u010cUTLIVO LASI\u0160\u010cE Z OLJLNIMI EKSTRAKTI, \u010cAJEVCEM IN VRBO. NE\u017dEN \u0160AMPON, KI POMAGA PRI SUHEM, RAZDRA\u017dENEM LASI\u0160\u010cU IN PRHLJAJU\" \/>\n<meta property=\"og:url\" content=\"https:\/\/www.belle.si\/it\/izdelek\/nezen-negovalni-sampon-olive-garden\/\" \/>\n<meta property=\"og:site_name\" content=\"Belle.si kozmeti\u010dna trgovina\" \/>\n<meta property=\"article:publisher\" content=\"https:\/\/www.facebook.com\/belle.si.cosmetics\/\" \/>\n<meta property=\"article:modified_time\" content=\"2023-05-16T12:36:53+00:00\" \/>\n<meta property=\"og:image\" content=\"https:\/\/www.belle.si\/wp-content\/uploads\/2022\/10\/nezen_sampon_Sensitive_Shampoo.jpg\" \/>\n\t<meta property=\"og:image:width\" content=\"800\" \/>\n\t<meta property=\"og:image:height\" content=\"600\" \/>\n\t<meta property=\"og:image:type\" content=\"image\/jpeg\" \/>\n<meta name=\"twitter:card\" content=\"summary_large_image\" \/>\n<meta name=\"twitter:label1\" content=\"Tempo di lettura stimato\" \/>\n\t<meta name=\"twitter:data1\" content=\"1 minuto\" \/>\n<script type=\"application\/ld+json\" class=\"yoast-schema-graph\">{\"@context\":\"https:\/\/schema.org\",\"@graph\":[{\"@type\":\"WebPage\",\"@id\":\"https:\/\/www.belle.si\/it\/izdelek\/nezen-negovalni-sampon-olive-garden\/\",\"url\":\"https:\/\/www.belle.si\/it\/izdelek\/nezen-negovalni-sampon-olive-garden\/\",\"name\":\"Ne\u017een negovalni \u0161ampon Olive Garden - Belle.si kozmeti\u010dna trgovina\",\"isPartOf\":{\"@id\":\"https:\/\/www.belle.si\/it\/#website\"},\"primaryImageOfPage\":{\"@id\":\"https:\/\/www.belle.si\/it\/izdelek\/nezen-negovalni-sampon-olive-garden\/#primaryimage\"},\"image\":{\"@id\":\"https:\/\/www.belle.si\/it\/izdelek\/nezen-negovalni-sampon-olive-garden\/#primaryimage\"},\"thumbnailUrl\":\"https:\/\/www.belle.si\/wp-content\/uploads\/2022\/10\/nezen_sampon_Sensitive_Shampoo.jpg\",\"datePublished\":\"2021-11-19T11:56:05+00:00\",\"dateModified\":\"2023-05-16T12:36:53+00:00\",\"description\":\"NE\u017dEN NEGOVALNI \u0160AMPON ZA OB\u010cUTLIVO LASI\u0160\u010cE Z OLJLNIMI EKSTRAKTI, \u010cAJEVCEM IN VRBO. NE\u017dEN \u0160AMPON, KI POMAGA PRI SUHEM, RAZDRA\u017dENEM LASI\u0160\u010cU IN PRHLJAJU\",\"breadcrumb\":{\"@id\":\"https:\/\/www.belle.si\/it\/izdelek\/nezen-negovalni-sampon-olive-garden\/#breadcrumb\"},\"inLanguage\":\"it-IT\",\"potentialAction\":[{\"@type\":\"ReadAction\",\"target\":[\"https:\/\/www.belle.si\/it\/izdelek\/nezen-negovalni-sampon-olive-garden\/\"]}]},{\"@type\":\"ImageObject\",\"inLanguage\":\"it-IT\",\"@id\":\"https:\/\/www.belle.si\/it\/izdelek\/nezen-negovalni-sampon-olive-garden\/#primaryimage\",\"url\":\"https:\/\/www.belle.si\/wp-content\/uploads\/2022\/10\/nezen_sampon_Sensitive_Shampoo.jpg\",\"contentUrl\":\"https:\/\/www.belle.si\/wp-content\/uploads\/2022\/10\/nezen_sampon_Sensitive_Shampoo.jpg\",\"width\":800,\"height\":600,\"caption\":\"Ne\u017een naraven \u0161apon proti prhljaju in srbe\u010dem lasi\u0161\u010du\"},{\"@type\":\"BreadcrumbList\",\"@id\":\"https:\/\/www.belle.si\/it\/izdelek\/nezen-negovalni-sampon-olive-garden\/#breadcrumb\",\"itemListElement\":[{\"@type\":\"ListItem\",\"position\":1,\"name\":\"Home\",\"item\":\"https:\/\/www.belle.si\/it\/\"},{\"@type\":\"ListItem\",\"position\":2,\"name\":\"Trgovina\",\"item\":\"https:\/\/www.belle.si\/trgovina\/\"},{\"@type\":\"ListItem\",\"position\":3,\"name\":\"Ne\u017een negovalni \u0161ampon Olive Garden\"}]},{\"@type\":\"WebSite\",\"@id\":\"https:\/\/www.belle.si\/it\/#website\",\"url\":\"https:\/\/www.belle.si\/it\/\",\"name\":\"Belle.si kozmeti\u010dna trgovina\",\"description\":\"\",\"publisher\":{\"@id\":\"https:\/\/www.belle.si\/it\/#organization\"},\"potentialAction\":[{\"@type\":\"SearchAction\",\"target\":{\"@type\":\"EntryPoint\",\"urlTemplate\":\"https:\/\/www.belle.si\/it\/?s={search_term_string}\"},\"query-input\":{\"@type\":\"PropertyValueSpecification\",\"valueRequired\":true,\"valueName\":\"search_term_string\"}}],\"inLanguage\":\"it-IT\"},{\"@type\":\"Organization\",\"@id\":\"https:\/\/www.belle.si\/it\/#organization\",\"name\":\"Belle.si kozmeti\u010dna trgovina\",\"url\":\"https:\/\/www.belle.si\/it\/\",\"logo\":{\"@type\":\"ImageObject\",\"inLanguage\":\"it-IT\",\"@id\":\"https:\/\/www.belle.si\/it\/#\/schema\/logo\/image\/\",\"url\":\"https:\/\/www.belle.si\/wp-content\/uploads\/2022\/10\/cropped-logo_belle_trgovina.png\",\"contentUrl\":\"https:\/\/www.belle.si\/wp-content\/uploads\/2022\/10\/cropped-logo_belle_trgovina.png\",\"width\":270,\"height\":135,\"caption\":\"Belle.si kozmeti\u010dna trgovina\"},\"image\":{\"@id\":\"https:\/\/www.belle.si\/it\/#\/schema\/logo\/image\/\"},\"sameAs\":[\"https:\/\/www.facebook.com\/belle.si.cosmetics\/\",\"https:\/\/www.instagram.com\/belle.si.cosmetics\/\"]}]}<\/script>\n<!-- \/ Yoast SEO plugin. -->","yoast_head_json":{"title":"Ne\u017een negovalni \u0161ampon Olive Garden - Belle.si kozmeti\u010dna trgovina","description":"NE\u017dEN NEGOVALNI \u0160AMPON ZA OB\u010cUTLIVO LASI\u0160\u010cE Z OLJLNIMI EKSTRAKTI, \u010cAJEVCEM IN VRBO. NE\u017dEN \u0160AMPON, KI POMAGA PRI SUHEM, RAZDRA\u017dENEM LASI\u0160\u010cU IN PRHLJAJU","robots":{"index":"index","follow":"follow","max-snippet":"max-snippet:-1","max-image-preview":"max-image-preview:large","max-video-preview":"max-video-preview:-1"},"canonical":"https:\/\/www.belle.si\/it\/izdelek\/nezen-negovalni-sampon-olive-garden\/","og_locale":"it_IT","og_type":"article","og_title":"Ne\u017een negovalni \u0161ampon Olive Garden - Belle.si kozmeti\u010dna trgovina","og_description":"NE\u017dEN NEGOVALNI \u0160AMPON ZA OB\u010cUTLIVO LASI\u0160\u010cE Z OLJLNIMI EKSTRAKTI, \u010cAJEVCEM IN VRBO. NE\u017dEN \u0160AMPON, KI POMAGA PRI SUHEM, RAZDRA\u017dENEM LASI\u0160\u010cU IN PRHLJAJU","og_url":"https:\/\/www.belle.si\/it\/izdelek\/nezen-negovalni-sampon-olive-garden\/","og_site_name":"Belle.si kozmeti\u010dna trgovina","article_publisher":"https:\/\/www.facebook.com\/belle.si.cosmetics\/","article_modified_time":"2023-05-16T12:36:53+00:00","og_image":[{"width":800,"height":600,"url":"https:\/\/www.belle.si\/wp-content\/uploads\/2022\/10\/nezen_sampon_Sensitive_Shampoo.jpg","type":"image\/jpeg"}],"twitter_card":"summary_large_image","twitter_misc":{"Tempo di lettura stimato":"1 minuto"},"schema":{"@context":"https:\/\/schema.org","@graph":[{"@type":"WebPage","@id":"https:\/\/www.belle.si\/it\/izdelek\/nezen-negovalni-sampon-olive-garden\/","url":"https:\/\/www.belle.si\/it\/izdelek\/nezen-negovalni-sampon-olive-garden\/","name":"Ne\u017een negovalni \u0161ampon Olive Garden - Belle.si kozmeti\u010dna trgovina","isPartOf":{"@id":"https:\/\/www.belle.si\/it\/#website"},"primaryImageOfPage":{"@id":"https:\/\/www.belle.si\/it\/izdelek\/nezen-negovalni-sampon-olive-garden\/#primaryimage"},"image":{"@id":"https:\/\/www.belle.si\/it\/izdelek\/nezen-negovalni-sampon-olive-garden\/#primaryimage"},"thumbnailUrl":"https:\/\/www.belle.si\/wp-content\/uploads\/2022\/10\/nezen_sampon_Sensitive_Shampoo.jpg","datePublished":"2021-11-19T11:56:05+00:00","dateModified":"2023-05-16T12:36:53+00:00","description":"NE\u017dEN NEGOVALNI \u0160AMPON ZA OB\u010cUTLIVO LASI\u0160\u010cE Z OLJLNIMI EKSTRAKTI, \u010cAJEVCEM IN VRBO. NE\u017dEN \u0160AMPON, KI POMAGA PRI SUHEM, RAZDRA\u017dENEM LASI\u0160\u010cU IN PRHLJAJU","breadcrumb":{"@id":"https:\/\/www.belle.si\/it\/izdelek\/nezen-negovalni-sampon-olive-garden\/#breadcrumb"},"inLanguage":"it-IT","potentialAction":[{"@type":"ReadAction","target":["https:\/\/www.belle.si\/it\/izdelek\/nezen-negovalni-sampon-olive-garden\/"]}]},{"@type":"ImageObject","inLanguage":"it-IT","@id":"https:\/\/www.belle.si\/it\/izdelek\/nezen-negovalni-sampon-olive-garden\/#primaryimage","url":"https:\/\/www.belle.si\/wp-content\/uploads\/2022\/10\/nezen_sampon_Sensitive_Shampoo.jpg","contentUrl":"https:\/\/www.belle.si\/wp-content\/uploads\/2022\/10\/nezen_sampon_Sensitive_Shampoo.jpg","width":800,"height":600,"caption":"Ne\u017een naraven \u0161apon proti prhljaju in srbe\u010dem lasi\u0161\u010du"},{"@type":"BreadcrumbList","@id":"https:\/\/www.belle.si\/it\/izdelek\/nezen-negovalni-sampon-olive-garden\/#breadcrumb","itemListElement":[{"@type":"ListItem","position":1,"name":"Home","item":"https:\/\/www.belle.si\/it\/"},{"@type":"ListItem","position":2,"name":"Trgovina","item":"https:\/\/www.belle.si\/trgovina\/"},{"@type":"ListItem","position":3,"name":"Ne\u017een negovalni \u0161ampon Olive Garden"}]},{"@type":"WebSite","@id":"https:\/\/www.belle.si\/it\/#website","url":"https:\/\/www.belle.si\/it\/","name":"Belle.si kozmeti\u010dna trgovina","description":"","publisher":{"@id":"https:\/\/www.belle.si\/it\/#organization"},"potentialAction":[{"@type":"SearchAction","target":{"@type":"EntryPoint","urlTemplate":"https:\/\/www.belle.si\/it\/?s={search_term_string}"},"query-input":{"@type":"PropertyValueSpecification","valueRequired":true,"valueName":"search_term_string"}}],"inLanguage":"it-IT"},{"@type":"Organization","@id":"https:\/\/www.belle.si\/it\/#organization","name":"Belle.si kozmeti\u010dna trgovina","url":"https:\/\/www.belle.si\/it\/","logo":{"@type":"ImageObject","inLanguage":"it-IT","@id":"https:\/\/www.belle.si\/it\/#\/schema\/logo\/image\/","url":"https:\/\/www.belle.si\/wp-content\/uploads\/2022\/10\/cropped-logo_belle_trgovina.png","contentUrl":"https:\/\/www.belle.si\/wp-content\/uploads\/2022\/10\/cropped-logo_belle_trgovina.png","width":270,"height":135,"caption":"Belle.si kozmeti\u010dna trgovina"},"image":{"@id":"https:\/\/www.belle.si\/it\/#\/schema\/logo\/image\/"},"sameAs":["https:\/\/www.facebook.com\/belle.si.cosmetics\/","https:\/\/www.instagram.com\/belle.si.cosmetics\/"]}]}},"uagb_featured_image_src":{"full":["https:\/\/www.belle.si\/wp-content\/uploads\/2022\/10\/nezen_sampon_Sensitive_Shampoo.jpg",800,600,false],"thumbnail":["https:\/\/www.belle.si\/wp-content\/uploads\/2022\/10\/nezen_sampon_Sensitive_Shampoo-150x150.jpg",150,150,true],"medium":["https:\/\/www.belle.si\/wp-content\/uploads\/2022\/10\/nezen_sampon_Sensitive_Shampoo-300x225.jpg",300,225,true],"medium_large":["https:\/\/www.belle.si\/wp-content\/uploads\/2022\/10\/nezen_sampon_Sensitive_Shampoo-768x576.jpg",768,576,true],"large":["https:\/\/www.belle.si\/wp-content\/uploads\/2022\/10\/nezen_sampon_Sensitive_Shampoo.jpg",800,600,false],"1536x1536":["https:\/\/www.belle.si\/wp-content\/uploads\/2022\/10\/nezen_sampon_Sensitive_Shampoo.jpg",800,600,false],"2048x2048":["https:\/\/www.belle.si\/wp-content\/uploads\/2022\/10\/nezen_sampon_Sensitive_Shampoo.jpg",800,600,false],"mailpoet_newsletter_max":["https:\/\/www.belle.si\/wp-content\/uploads\/2022\/10\/nezen_sampon_Sensitive_Shampoo.jpg",800,600,false],"woocommerce_thumbnail":["https:\/\/www.belle.si\/wp-content\/uploads\/2022\/10\/nezen_sampon_Sensitive_Shampoo-300x300.jpg",300,300,true],"woocommerce_single":["https:\/\/www.belle.si\/wp-content\/uploads\/2022\/10\/nezen_sampon_Sensitive_Shampoo-600x450.jpg",600,450,true],"woocommerce_gallery_thumbnail":["https:\/\/www.belle.si\/wp-content\/uploads\/2022\/10\/nezen_sampon_Sensitive_Shampoo-100x100.jpg",100,100,true]},"uagb_author_info":{"display_name":"taja","author_link":"https:\/\/www.belle.si\/it\/author\/"},"uagb_comment_info":0,"uagb_excerpt":"NE\u017dEN NEGOVALNI \u0160AMPON ZA OB\u010cUTLIVO LASI\u0160\u010cE Z OLJLNIMI EKSTRAKTI, \u010cAJEVCEM IN VRBO. NE\u017dEN \u0160AMPON, KI POMAGA PRI SUHEM, RAZDRA\u017dENEM LASI\u0160\u010cU IN PRHLJAJU Posebna formula z vrbo, \u010dajevcem, olj\u010dnimi ekstrakti in vitaminom F pomaga proti prhljaju, izsu\u0161enemu, razdra\u017eenemu in srbe\u010demu lasi\u0161\u010du. Olj\u010dni ekstrakti, pantenol, alatoin, p\u0161enica, ri\u017e, \u010dajevec, jane\u017e delujejo protivnetno, navla\u017eijo in za\u0161\u010ditijo lasi\u0161\u010de ter&hellip;","_links":{"self":[{"href":"https:\/\/www.belle.si\/it\/wp-json\/wp\/v2\/product\/99723","targetHints":{"allow":["GET"]}}],"collection":[{"href":"https:\/\/www.belle.si\/it\/wp-json\/wp\/v2\/product"}],"about":[{"href":"https:\/\/www.belle.si\/it\/wp-json\/wp\/v2\/types\/product"}],"replies":[{"embeddable":true,"href":"https:\/\/www.belle.si\/it\/wp-json\/wp\/v2\/comments?post=99723"}],"wp:featuredmedia":[{"embeddable":true,"href":"https:\/\/www.belle.si\/it\/wp-json\/wp\/v2\/media\/99724"}],"wp:attachment":[{"href":"https:\/\/www.belle.si\/it\/wp-json\/wp\/v2\/media?parent=99723"}],"wp:term":[{"taxonomy":"product_brand","embeddable":true,"href":"https:\/\/www.belle.si\/it\/wp-json\/wp\/v2\/product_brand?post=99723"},{"taxonomy":"product_cat","embeddable":true,"href":"https:\/\/www.belle.si\/it\/wp-json\/wp\/v2\/product_cat?post=99723"},{"taxonomy":"product_tag","embeddable":true,"href":"https:\/\/www.belle.si\/it\/wp-json\/wp\/v2\/product_tag?post=99723"}],"curies":[{"name":"wp","href":"https:\/\/api.w.org\/{rel}","templated":true}]}}