{"id":99721,"date":"2021-11-19T09:31:11","date_gmt":"2021-11-19T09:31:11","guid":{"rendered":"https:\/\/belle.zabica.org\/?post_type=product&#038;p=99721"},"modified":"2024-01-11T14:37:16","modified_gmt":"2024-01-11T13:37:16","slug":"negovalni-sampon-olive-greenyard","status":"publish","type":"product","link":"https:\/\/www.belle.si\/it\/izdelek\/negovalni-sampon-olive-greenyard\/","title":{"rendered":"Negovalni \u0161ampon Olive Greenyard"},"content":{"rendered":"<p>NEGOVALNI \u0160AMPON OLIVE GREENYARD Z OLJ\u010cNIMI IZVLE\u010cKI, RO\u017dMARINOM IN P\u0160ENICO.<\/p>\n<p>NARAVEN \u0160AMPON, KI LASEM POBRNE SIJAJ IN VOLUMEN!<\/p>\n<p>ZA VSE VRSTE LAS.<\/p>\n<p>Ne\u017een \u0161ampon, ki naredi lase ne\u017ene na dotik, jih navla\u017ei, ne\u017eno o\u010disti lase in ne izsu\u0161i lasi\u0161\u010da. \u0160ampn Greenyard je zasnovan tako, da meh\u010da tudi vodo in je tako maj groba na laseh. Olj\u010dni izvle\u010dki in Pantenol (Pro-V) nahranita lase in jim dajeta sijaj. Ro\u017emarin, prenica in ri\u017eev ekstrakt lase vla\u017eijo, \u0161\u010ditijo lasi\u0161\u010de pred izsu\u0161itvio in vnetji. P\u0161eni\u010dni ekstrakt ustvari za\u0161\u010ditni sloj, ki \u0161\u010diti pred zunanjimi vplivi. Formula s keramidi in keratinom lase zdravi, oja\u010da ter jih naredi bolj sijo\u010de, polne volumna in svilnate na dotik.<\/p>\n<p>DERMATOLO\u0160KO TESTIRANO<\/p>\n<p>NI BILO TESTIRANO NA \u017dIVALIH<\/p>\n<p>OKOLJU PRIJAZNO<\/p>\n","protected":false},"excerpt":{"rendered":"<p>NEGOVALNI \u0160AMPON OLIVE GREENYARD Z OLJ\u010cNIMI IZVLE\u010cKI, RO\u017dMARINOM IN P\u0160ENICO. NARAVEN \u0160AMPON, KI LASEM POBRNE SIJAJ IN VOLUMEN! ZA VSE VRSTE LAS. Ne\u017een \u0161ampon, ki naredi lase ne\u017ene na dotik, jih navla\u017ei, ne\u017eno o\u010disti lase in ne izsu\u0161i lasi\u0161\u010da. \u0160ampn Greenyard je zasnovan tako, da meh\u010da tudi vodo in je tako maj groba na laseh. [&hellip;]<\/p>\n","protected":false},"featured_media":99722,"comment_status":"closed","ping_status":"closed","template":"","meta":{"_uag_custom_page_level_css":"","_monsterinsights_skip_tracking":false,"_monsterinsights_sitenote_active":false,"_monsterinsights_sitenote_note":"","_monsterinsights_sitenote_category":0,"site-sidebar-layout":"default","site-content-layout":"","ast-site-content-layout":"default","site-content-style":"default","site-sidebar-style":"default","ast-global-header-display":"","ast-banner-title-visibility":"","ast-main-header-display":"","ast-hfb-above-header-display":"","ast-hfb-below-header-display":"","ast-hfb-mobile-header-display":"","site-post-title":"","ast-breadcrumbs-content":"","ast-featured-img":"","footer-sml-layout":"","ast-disable-related-posts":"","theme-transparent-header-meta":"","adv-header-id-meta":"","stick-header-meta":"","header-above-stick-meta":"","header-main-stick-meta":"","header-below-stick-meta":"","astra-migrate-meta-layouts":"default","ast-page-background-enabled":"default","ast-page-background-meta":{"desktop":{"background-color":"var(--ast-global-color-4)","background-image":"","background-repeat":"repeat","background-position":"center center","background-size":"auto","background-attachment":"scroll","background-type":"","background-media":"","overlay-type":"","overlay-color":"","overlay-opacity":"","overlay-gradient":""},"tablet":{"background-color":"","background-image":"","background-repeat":"repeat","background-position":"center center","background-size":"auto","background-attachment":"scroll","background-type":"","background-media":"","overlay-type":"","overlay-color":"","overlay-opacity":"","overlay-gradient":""},"mobile":{"background-color":"","background-image":"","background-repeat":"repeat","background-position":"center center","background-size":"auto","background-attachment":"scroll","background-type":"","background-media":"","overlay-type":"","overlay-color":"","overlay-opacity":"","overlay-gradient":""}},"ast-content-background-meta":{"desktop":{"background-color":"var(--ast-global-color-5)","background-image":"","background-repeat":"repeat","background-position":"center center","background-size":"auto","background-attachment":"scroll","background-type":"","background-media":"","overlay-type":"","overlay-color":"","overlay-opacity":"","overlay-gradient":""},"tablet":{"background-color":"var(--ast-global-color-5)","background-image":"","background-repeat":"repeat","background-position":"center center","background-size":"auto","background-attachment":"scroll","background-type":"","background-media":"","overlay-type":"","overlay-color":"","overlay-opacity":"","overlay-gradient":""},"mobile":{"background-color":"var(--ast-global-color-5)","background-image":"","background-repeat":"repeat","background-position":"center center","background-size":"auto","background-attachment":"scroll","background-type":"","background-media":"","overlay-type":"","overlay-color":"","overlay-opacity":"","overlay-gradient":""}}},"product_brand":[],"product_cat":[46,45],"product_tag":[],"class_list":{"0":"post-99721","1":"product","2":"type-product","3":"status-publish","4":"has-post-thumbnail","6":"product_cat-za-lepe-lase","7":"product_cat-za-mocne-lase","8":"desktop-align-left","9":"tablet-align-left","10":"mobile-align-left","11":"ast-product-gallery-layout-first-image-large","12":"ast-product-gallery-with-no-image","13":"ast-magnify-disabled","14":"ast-product-tabs-layout-horizontal","16":"first","17":"instock","18":"taxable","19":"shipping-taxable","20":"purchasable","21":"product-type-simple"},"yoast_head":"<!-- This site is optimized with the Yoast SEO plugin v26.9 - https:\/\/yoast.com\/product\/yoast-seo-wordpress\/ -->\n<title>Negovalni \u0161ampon Olive Greenyard - Belle.si kozmeti\u010dna trgovina<\/title>\n<meta name=\"robots\" content=\"index, follow, max-snippet:-1, max-image-preview:large, max-video-preview:-1\" \/>\n<link rel=\"canonical\" href=\"https:\/\/www.belle.si\/it\/izdelek\/negovalni-sampon-olive-greenyard\/\" \/>\n<meta property=\"og:locale\" content=\"it_IT\" \/>\n<meta property=\"og:type\" content=\"article\" \/>\n<meta property=\"og:title\" content=\"Negovalni \u0161ampon Olive Greenyard - Belle.si kozmeti\u010dna trgovina\" \/>\n<meta property=\"og:description\" content=\"NEGOVALNI \u0160AMPON OLIVE GREENYARD Z OLJ\u010cNIMI IZVLE\u010cKI, RO\u017dMARINOM IN P\u0160ENICO. NARAVEN \u0160AMPON, KI LASEM POBRNE SIJAJ IN VOLUMEN! ZA VSE VRSTE LAS. Ne\u017een \u0161ampon, ki naredi lase ne\u017ene na dotik, jih navla\u017ei, ne\u017eno o\u010disti lase in ne izsu\u0161i lasi\u0161\u010da. \u0160ampn Greenyard je zasnovan tako, da meh\u010da tudi vodo in je tako maj groba na laseh. [&hellip;]\" \/>\n<meta property=\"og:url\" content=\"https:\/\/www.belle.si\/it\/izdelek\/negovalni-sampon-olive-greenyard\/\" \/>\n<meta property=\"og:site_name\" content=\"Belle.si kozmeti\u010dna trgovina\" \/>\n<meta property=\"article:publisher\" content=\"https:\/\/www.facebook.com\/belle.si.cosmetics\/\" \/>\n<meta property=\"article:modified_time\" content=\"2024-01-11T13:37:16+00:00\" \/>\n<meta property=\"og:image\" content=\"https:\/\/www.belle.si\/wp-content\/uploads\/2022\/10\/sampon_negovalni_Nourish-Shampoo.jpg\" \/>\n\t<meta property=\"og:image:width\" content=\"800\" \/>\n\t<meta property=\"og:image:height\" content=\"600\" \/>\n\t<meta property=\"og:image:type\" content=\"image\/jpeg\" \/>\n<meta name=\"twitter:card\" content=\"summary_large_image\" \/>\n<meta name=\"twitter:label1\" content=\"Tempo di lettura stimato\" \/>\n\t<meta name=\"twitter:data1\" content=\"1 minuto\" \/>\n<script type=\"application\/ld+json\" class=\"yoast-schema-graph\">{\"@context\":\"https:\/\/schema.org\",\"@graph\":[{\"@type\":\"WebPage\",\"@id\":\"https:\/\/www.belle.si\/it\/izdelek\/negovalni-sampon-olive-greenyard\/\",\"url\":\"https:\/\/www.belle.si\/it\/izdelek\/negovalni-sampon-olive-greenyard\/\",\"name\":\"Negovalni \u0161ampon Olive Greenyard - Belle.si kozmeti\u010dna trgovina\",\"isPartOf\":{\"@id\":\"https:\/\/www.belle.si\/it\/#website\"},\"primaryImageOfPage\":{\"@id\":\"https:\/\/www.belle.si\/it\/izdelek\/negovalni-sampon-olive-greenyard\/#primaryimage\"},\"image\":{\"@id\":\"https:\/\/www.belle.si\/it\/izdelek\/negovalni-sampon-olive-greenyard\/#primaryimage\"},\"thumbnailUrl\":\"https:\/\/www.belle.si\/wp-content\/uploads\/2022\/10\/sampon_negovalni_Nourish-Shampoo.jpg\",\"datePublished\":\"2021-11-19T09:31:11+00:00\",\"dateModified\":\"2024-01-11T13:37:16+00:00\",\"breadcrumb\":{\"@id\":\"https:\/\/www.belle.si\/it\/izdelek\/negovalni-sampon-olive-greenyard\/#breadcrumb\"},\"inLanguage\":\"it-IT\",\"potentialAction\":[{\"@type\":\"ReadAction\",\"target\":[\"https:\/\/www.belle.si\/it\/izdelek\/negovalni-sampon-olive-greenyard\/\"]}]},{\"@type\":\"ImageObject\",\"inLanguage\":\"it-IT\",\"@id\":\"https:\/\/www.belle.si\/it\/izdelek\/negovalni-sampon-olive-greenyard\/#primaryimage\",\"url\":\"https:\/\/www.belle.si\/wp-content\/uploads\/2022\/10\/sampon_negovalni_Nourish-Shampoo.jpg\",\"contentUrl\":\"https:\/\/www.belle.si\/wp-content\/uploads\/2022\/10\/sampon_negovalni_Nourish-Shampoo.jpg\",\"width\":800,\"height\":600,\"caption\":\"nEGOVALNI \u0160MPON Z OLJ\u010cNIMI IZVLE\u010cKI\"},{\"@type\":\"BreadcrumbList\",\"@id\":\"https:\/\/www.belle.si\/it\/izdelek\/negovalni-sampon-olive-greenyard\/#breadcrumb\",\"itemListElement\":[{\"@type\":\"ListItem\",\"position\":1,\"name\":\"Home\",\"item\":\"https:\/\/www.belle.si\/it\/\"},{\"@type\":\"ListItem\",\"position\":2,\"name\":\"Trgovina\",\"item\":\"https:\/\/www.belle.si\/trgovina\/\"},{\"@type\":\"ListItem\",\"position\":3,\"name\":\"Negovalni \u0161ampon Olive Greenyard\"}]},{\"@type\":\"WebSite\",\"@id\":\"https:\/\/www.belle.si\/it\/#website\",\"url\":\"https:\/\/www.belle.si\/it\/\",\"name\":\"Belle.si kozmeti\u010dna trgovina\",\"description\":\"\",\"publisher\":{\"@id\":\"https:\/\/www.belle.si\/it\/#organization\"},\"potentialAction\":[{\"@type\":\"SearchAction\",\"target\":{\"@type\":\"EntryPoint\",\"urlTemplate\":\"https:\/\/www.belle.si\/it\/?s={search_term_string}\"},\"query-input\":{\"@type\":\"PropertyValueSpecification\",\"valueRequired\":true,\"valueName\":\"search_term_string\"}}],\"inLanguage\":\"it-IT\"},{\"@type\":\"Organization\",\"@id\":\"https:\/\/www.belle.si\/it\/#organization\",\"name\":\"Belle.si kozmeti\u010dna trgovina\",\"url\":\"https:\/\/www.belle.si\/it\/\",\"logo\":{\"@type\":\"ImageObject\",\"inLanguage\":\"it-IT\",\"@id\":\"https:\/\/www.belle.si\/it\/#\/schema\/logo\/image\/\",\"url\":\"https:\/\/www.belle.si\/wp-content\/uploads\/2022\/10\/cropped-logo_belle_trgovina.png\",\"contentUrl\":\"https:\/\/www.belle.si\/wp-content\/uploads\/2022\/10\/cropped-logo_belle_trgovina.png\",\"width\":270,\"height\":135,\"caption\":\"Belle.si kozmeti\u010dna trgovina\"},\"image\":{\"@id\":\"https:\/\/www.belle.si\/it\/#\/schema\/logo\/image\/\"},\"sameAs\":[\"https:\/\/www.facebook.com\/belle.si.cosmetics\/\",\"https:\/\/www.instagram.com\/belle.si.cosmetics\/\"]}]}<\/script>\n<!-- \/ Yoast SEO plugin. -->","yoast_head_json":{"title":"Negovalni \u0161ampon Olive Greenyard - Belle.si kozmeti\u010dna trgovina","robots":{"index":"index","follow":"follow","max-snippet":"max-snippet:-1","max-image-preview":"max-image-preview:large","max-video-preview":"max-video-preview:-1"},"canonical":"https:\/\/www.belle.si\/it\/izdelek\/negovalni-sampon-olive-greenyard\/","og_locale":"it_IT","og_type":"article","og_title":"Negovalni \u0161ampon Olive Greenyard - Belle.si kozmeti\u010dna trgovina","og_description":"NEGOVALNI \u0160AMPON OLIVE GREENYARD Z OLJ\u010cNIMI IZVLE\u010cKI, RO\u017dMARINOM IN P\u0160ENICO. NARAVEN \u0160AMPON, KI LASEM POBRNE SIJAJ IN VOLUMEN! ZA VSE VRSTE LAS. Ne\u017een \u0161ampon, ki naredi lase ne\u017ene na dotik, jih navla\u017ei, ne\u017eno o\u010disti lase in ne izsu\u0161i lasi\u0161\u010da. \u0160ampn Greenyard je zasnovan tako, da meh\u010da tudi vodo in je tako maj groba na laseh. [&hellip;]","og_url":"https:\/\/www.belle.si\/it\/izdelek\/negovalni-sampon-olive-greenyard\/","og_site_name":"Belle.si kozmeti\u010dna trgovina","article_publisher":"https:\/\/www.facebook.com\/belle.si.cosmetics\/","article_modified_time":"2024-01-11T13:37:16+00:00","og_image":[{"width":800,"height":600,"url":"https:\/\/www.belle.si\/wp-content\/uploads\/2022\/10\/sampon_negovalni_Nourish-Shampoo.jpg","type":"image\/jpeg"}],"twitter_card":"summary_large_image","twitter_misc":{"Tempo di lettura stimato":"1 minuto"},"schema":{"@context":"https:\/\/schema.org","@graph":[{"@type":"WebPage","@id":"https:\/\/www.belle.si\/it\/izdelek\/negovalni-sampon-olive-greenyard\/","url":"https:\/\/www.belle.si\/it\/izdelek\/negovalni-sampon-olive-greenyard\/","name":"Negovalni \u0161ampon Olive Greenyard - Belle.si kozmeti\u010dna trgovina","isPartOf":{"@id":"https:\/\/www.belle.si\/it\/#website"},"primaryImageOfPage":{"@id":"https:\/\/www.belle.si\/it\/izdelek\/negovalni-sampon-olive-greenyard\/#primaryimage"},"image":{"@id":"https:\/\/www.belle.si\/it\/izdelek\/negovalni-sampon-olive-greenyard\/#primaryimage"},"thumbnailUrl":"https:\/\/www.belle.si\/wp-content\/uploads\/2022\/10\/sampon_negovalni_Nourish-Shampoo.jpg","datePublished":"2021-11-19T09:31:11+00:00","dateModified":"2024-01-11T13:37:16+00:00","breadcrumb":{"@id":"https:\/\/www.belle.si\/it\/izdelek\/negovalni-sampon-olive-greenyard\/#breadcrumb"},"inLanguage":"it-IT","potentialAction":[{"@type":"ReadAction","target":["https:\/\/www.belle.si\/it\/izdelek\/negovalni-sampon-olive-greenyard\/"]}]},{"@type":"ImageObject","inLanguage":"it-IT","@id":"https:\/\/www.belle.si\/it\/izdelek\/negovalni-sampon-olive-greenyard\/#primaryimage","url":"https:\/\/www.belle.si\/wp-content\/uploads\/2022\/10\/sampon_negovalni_Nourish-Shampoo.jpg","contentUrl":"https:\/\/www.belle.si\/wp-content\/uploads\/2022\/10\/sampon_negovalni_Nourish-Shampoo.jpg","width":800,"height":600,"caption":"nEGOVALNI \u0160MPON Z OLJ\u010cNIMI IZVLE\u010cKI"},{"@type":"BreadcrumbList","@id":"https:\/\/www.belle.si\/it\/izdelek\/negovalni-sampon-olive-greenyard\/#breadcrumb","itemListElement":[{"@type":"ListItem","position":1,"name":"Home","item":"https:\/\/www.belle.si\/it\/"},{"@type":"ListItem","position":2,"name":"Trgovina","item":"https:\/\/www.belle.si\/trgovina\/"},{"@type":"ListItem","position":3,"name":"Negovalni \u0161ampon Olive Greenyard"}]},{"@type":"WebSite","@id":"https:\/\/www.belle.si\/it\/#website","url":"https:\/\/www.belle.si\/it\/","name":"Belle.si kozmeti\u010dna trgovina","description":"","publisher":{"@id":"https:\/\/www.belle.si\/it\/#organization"},"potentialAction":[{"@type":"SearchAction","target":{"@type":"EntryPoint","urlTemplate":"https:\/\/www.belle.si\/it\/?s={search_term_string}"},"query-input":{"@type":"PropertyValueSpecification","valueRequired":true,"valueName":"search_term_string"}}],"inLanguage":"it-IT"},{"@type":"Organization","@id":"https:\/\/www.belle.si\/it\/#organization","name":"Belle.si kozmeti\u010dna trgovina","url":"https:\/\/www.belle.si\/it\/","logo":{"@type":"ImageObject","inLanguage":"it-IT","@id":"https:\/\/www.belle.si\/it\/#\/schema\/logo\/image\/","url":"https:\/\/www.belle.si\/wp-content\/uploads\/2022\/10\/cropped-logo_belle_trgovina.png","contentUrl":"https:\/\/www.belle.si\/wp-content\/uploads\/2022\/10\/cropped-logo_belle_trgovina.png","width":270,"height":135,"caption":"Belle.si kozmeti\u010dna trgovina"},"image":{"@id":"https:\/\/www.belle.si\/it\/#\/schema\/logo\/image\/"},"sameAs":["https:\/\/www.facebook.com\/belle.si.cosmetics\/","https:\/\/www.instagram.com\/belle.si.cosmetics\/"]}]}},"uagb_featured_image_src":{"full":["https:\/\/www.belle.si\/wp-content\/uploads\/2022\/10\/sampon_negovalni_Nourish-Shampoo.jpg",800,600,false],"thumbnail":["https:\/\/www.belle.si\/wp-content\/uploads\/2022\/10\/sampon_negovalni_Nourish-Shampoo-150x150.jpg",150,150,true],"medium":["https:\/\/www.belle.si\/wp-content\/uploads\/2022\/10\/sampon_negovalni_Nourish-Shampoo-300x225.jpg",300,225,true],"medium_large":["https:\/\/www.belle.si\/wp-content\/uploads\/2022\/10\/sampon_negovalni_Nourish-Shampoo-768x576.jpg",768,576,true],"large":["https:\/\/www.belle.si\/wp-content\/uploads\/2022\/10\/sampon_negovalni_Nourish-Shampoo.jpg",800,600,false],"1536x1536":["https:\/\/www.belle.si\/wp-content\/uploads\/2022\/10\/sampon_negovalni_Nourish-Shampoo.jpg",800,600,false],"2048x2048":["https:\/\/www.belle.si\/wp-content\/uploads\/2022\/10\/sampon_negovalni_Nourish-Shampoo.jpg",800,600,false],"mailpoet_newsletter_max":["https:\/\/www.belle.si\/wp-content\/uploads\/2022\/10\/sampon_negovalni_Nourish-Shampoo.jpg",800,600,false],"woocommerce_thumbnail":["https:\/\/www.belle.si\/wp-content\/uploads\/2022\/10\/sampon_negovalni_Nourish-Shampoo-300x300.jpg",300,300,true],"woocommerce_single":["https:\/\/www.belle.si\/wp-content\/uploads\/2022\/10\/sampon_negovalni_Nourish-Shampoo-600x450.jpg",600,450,true],"woocommerce_gallery_thumbnail":["https:\/\/www.belle.si\/wp-content\/uploads\/2022\/10\/sampon_negovalni_Nourish-Shampoo-100x100.jpg",100,100,true]},"uagb_author_info":{"display_name":"taja","author_link":"https:\/\/www.belle.si\/it\/author\/"},"uagb_comment_info":0,"uagb_excerpt":"NEGOVALNI \u0160AMPON OLIVE GREENYARD Z OLJ\u010cNIMI IZVLE\u010cKI, RO\u017dMARINOM IN P\u0160ENICO. NARAVEN \u0160AMPON, KI LASEM POBRNE SIJAJ IN VOLUMEN! ZA VSE VRSTE LAS. Ne\u017een \u0161ampon, ki naredi lase ne\u017ene na dotik, jih navla\u017ei, ne\u017eno o\u010disti lase in ne izsu\u0161i lasi\u0161\u010da. \u0160ampn Greenyard je zasnovan tako, da meh\u010da tudi vodo in je tako maj groba na laseh.&hellip;","_links":{"self":[{"href":"https:\/\/www.belle.si\/it\/wp-json\/wp\/v2\/product\/99721","targetHints":{"allow":["GET"]}}],"collection":[{"href":"https:\/\/www.belle.si\/it\/wp-json\/wp\/v2\/product"}],"about":[{"href":"https:\/\/www.belle.si\/it\/wp-json\/wp\/v2\/types\/product"}],"replies":[{"embeddable":true,"href":"https:\/\/www.belle.si\/it\/wp-json\/wp\/v2\/comments?post=99721"}],"wp:featuredmedia":[{"embeddable":true,"href":"https:\/\/www.belle.si\/it\/wp-json\/wp\/v2\/media\/99722"}],"wp:attachment":[{"href":"https:\/\/www.belle.si\/it\/wp-json\/wp\/v2\/media?parent=99721"}],"wp:term":[{"taxonomy":"product_brand","embeddable":true,"href":"https:\/\/www.belle.si\/it\/wp-json\/wp\/v2\/product_brand?post=99721"},{"taxonomy":"product_cat","embeddable":true,"href":"https:\/\/www.belle.si\/it\/wp-json\/wp\/v2\/product_cat?post=99721"},{"taxonomy":"product_tag","embeddable":true,"href":"https:\/\/www.belle.si\/it\/wp-json\/wp\/v2\/product_tag?post=99721"}],"curies":[{"name":"wp","href":"https:\/\/api.w.org\/{rel}","templated":true}]}}