{"id":99707,"date":"2021-11-09T09:30:18","date_gmt":"2021-11-09T09:30:18","guid":{"rendered":"https:\/\/belle.zabica.org\/?post_type=product&#038;p=99707"},"modified":"2024-01-11T16:53:53","modified_gmt":"2024-01-11T15:53:53","slug":"milo-za-telo-olive-greenyard","status":"publish","type":"product","link":"https:\/\/www.belle.si\/it\/izdelek\/milo-za-telo-olive-greenyard\/","title":{"rendered":"Milo za telo Olive Greenyard"},"content":{"rendered":"<p>TEKO\u010cE MILO ZA TELO z ekstrakti olj\u010dnega olja in olj\u010dnh listov, marelice in aloe vera.<\/p>\n<p>Milo ko\u017eo o\u010disti, osve\u017ei in\u00a0 ji povrne mehkobo.<\/p>\n<p>Teko\u010de milo za telo Greenyard ko\u017eo ne\u017eno o\u010disti in hkrati poskrbi za njeno zdravje. Sestavine delujejo tako, da meh\u010dajo vodo in hkrati ko\u017eo vla\u017eijo in jo nahranijo. Za pro\u017enost in vla\u017enost ko\u017ee poskrbijo olj\u010dni ekstrakti, vitamin E, Panthenol in Aloe Vera. Ko\u017ei prijazen PH ko\u017eo pomiri in ne povzro\u010da dra\u017eenja. Dotadek nepozebnika ko\u017eo \u0161e posebno za\u0161\u010diti in je zato primerna tudi za otroke. Sve\u017e\u00a0 vonj, ki ne povzro\u010da alergij, ko\u017eo osve\u017ei in ji zagotavlja ob\u010dutek ugodja.<\/p>\n<p>DERMATOLO\u0160KO TESTIRANO<\/p>\n<p>NI BILO TESTIRANO NA \u017dIVALIH<\/p>\n<p>OKOLJU PRIJAZNO<\/p>\n","protected":false},"excerpt":{"rendered":"<p>TEKO\u010cE MILO ZA TELO z ekstrakti olj\u010dnega olja in olj\u010dnh listov, marelice in aloe vera. Milo ko\u017eo o\u010disti, osve\u017ei in\u00a0 ji povrne mehkobo. Teko\u010de milo za telo Greenyard ko\u017eo ne\u017eno o\u010disti in hkrati poskrbi za njeno zdravje. Sestavine delujejo tako, da meh\u010dajo vodo in hkrati ko\u017eo vla\u017eijo in jo nahranijo. Za pro\u017enost in vla\u017enost ko\u017ee [&hellip;]<\/p>\n","protected":false},"featured_media":99708,"comment_status":"closed","ping_status":"closed","template":"","meta":{"_uag_custom_page_level_css":"","_monsterinsights_skip_tracking":false,"_monsterinsights_sitenote_active":false,"_monsterinsights_sitenote_note":"","_monsterinsights_sitenote_category":0,"site-sidebar-layout":"default","site-content-layout":"","ast-site-content-layout":"default","site-content-style":"default","site-sidebar-style":"default","ast-global-header-display":"","ast-banner-title-visibility":"","ast-main-header-display":"","ast-hfb-above-header-display":"","ast-hfb-below-header-display":"","ast-hfb-mobile-header-display":"","site-post-title":"","ast-breadcrumbs-content":"","ast-featured-img":"","footer-sml-layout":"","ast-disable-related-posts":"","theme-transparent-header-meta":"","adv-header-id-meta":"","stick-header-meta":"","header-above-stick-meta":"","header-main-stick-meta":"","header-below-stick-meta":"","astra-migrate-meta-layouts":"default","ast-page-background-enabled":"default","ast-page-background-meta":{"desktop":{"background-color":"var(--ast-global-color-4)","background-image":"","background-repeat":"repeat","background-position":"center center","background-size":"auto","background-attachment":"scroll","background-type":"","background-media":"","overlay-type":"","overlay-color":"","overlay-opacity":"","overlay-gradient":""},"tablet":{"background-color":"","background-image":"","background-repeat":"repeat","background-position":"center center","background-size":"auto","background-attachment":"scroll","background-type":"","background-media":"","overlay-type":"","overlay-color":"","overlay-opacity":"","overlay-gradient":""},"mobile":{"background-color":"","background-image":"","background-repeat":"repeat","background-position":"center center","background-size":"auto","background-attachment":"scroll","background-type":"","background-media":"","overlay-type":"","overlay-color":"","overlay-opacity":"","overlay-gradient":""}},"ast-content-background-meta":{"desktop":{"background-color":"var(--ast-global-color-5)","background-image":"","background-repeat":"repeat","background-position":"center center","background-size":"auto","background-attachment":"scroll","background-type":"","background-media":"","overlay-type":"","overlay-color":"","overlay-opacity":"","overlay-gradient":""},"tablet":{"background-color":"var(--ast-global-color-5)","background-image":"","background-repeat":"repeat","background-position":"center center","background-size":"auto","background-attachment":"scroll","background-type":"","background-media":"","overlay-type":"","overlay-color":"","overlay-opacity":"","overlay-gradient":""},"mobile":{"background-color":"var(--ast-global-color-5)","background-image":"","background-repeat":"repeat","background-position":"center center","background-size":"auto","background-attachment":"scroll","background-type":"","background-media":"","overlay-type":"","overlay-color":"","overlay-opacity":"","overlay-gradient":""}}},"product_brand":[],"product_cat":[31,40],"product_tag":[],"class_list":{"0":"post-99707","1":"product","2":"type-product","3":"status-publish","4":"has-post-thumbnail","6":"product_cat-za-moske","7":"product_cat-zascita-za-kozo","8":"desktop-align-left","9":"tablet-align-left","10":"mobile-align-left","11":"ast-product-gallery-layout-first-image-large","12":"ast-product-gallery-with-no-image","13":"ast-magnify-disabled","14":"ast-product-tabs-layout-horizontal","16":"first","17":"instock","18":"taxable","19":"shipping-taxable","20":"purchasable","21":"product-type-simple"},"yoast_head":"<!-- This site is optimized with the Yoast SEO plugin v26.9 - https:\/\/yoast.com\/product\/yoast-seo-wordpress\/ -->\n<title>Milo za telo Olive Greenyard - Belle.si kozmeti\u010dna trgovina<\/title>\n<meta name=\"robots\" content=\"index, follow, max-snippet:-1, max-image-preview:large, max-video-preview:-1\" \/>\n<link rel=\"canonical\" href=\"https:\/\/www.belle.si\/it\/izdelek\/milo-za-telo-olive-greenyard\/\" \/>\n<meta property=\"og:locale\" content=\"it_IT\" \/>\n<meta property=\"og:type\" content=\"article\" \/>\n<meta property=\"og:title\" content=\"Milo za telo Olive Greenyard - Belle.si kozmeti\u010dna trgovina\" \/>\n<meta property=\"og:description\" content=\"TEKO\u010cE MILO ZA TELO z ekstrakti olj\u010dnega olja in olj\u010dnh listov, marelice in aloe vera. Milo ko\u017eo o\u010disti, osve\u017ei in\u00a0 ji povrne mehkobo. Teko\u010de milo za telo Greenyard ko\u017eo ne\u017eno o\u010disti in hkrati poskrbi za njeno zdravje. Sestavine delujejo tako, da meh\u010dajo vodo in hkrati ko\u017eo vla\u017eijo in jo nahranijo. Za pro\u017enost in vla\u017enost ko\u017ee [&hellip;]\" \/>\n<meta property=\"og:url\" content=\"https:\/\/www.belle.si\/it\/izdelek\/milo-za-telo-olive-greenyard\/\" \/>\n<meta property=\"og:site_name\" content=\"Belle.si kozmeti\u010dna trgovina\" \/>\n<meta property=\"article:publisher\" content=\"https:\/\/www.facebook.com\/belle.si.cosmetics\/\" \/>\n<meta property=\"article:modified_time\" content=\"2024-01-11T15:53:53+00:00\" \/>\n<meta property=\"og:image\" content=\"https:\/\/www.belle.si\/wp-content\/uploads\/2022\/10\/tekoce_milo.jpg\" \/>\n\t<meta property=\"og:image:width\" content=\"800\" \/>\n\t<meta property=\"og:image:height\" content=\"600\" \/>\n\t<meta property=\"og:image:type\" content=\"image\/jpeg\" \/>\n<meta name=\"twitter:card\" content=\"summary_large_image\" \/>\n<meta name=\"twitter:label1\" content=\"Tempo di lettura stimato\" \/>\n\t<meta name=\"twitter:data1\" content=\"1 minuto\" \/>\n<script type=\"application\/ld+json\" class=\"yoast-schema-graph\">{\"@context\":\"https:\/\/schema.org\",\"@graph\":[{\"@type\":\"WebPage\",\"@id\":\"https:\/\/www.belle.si\/it\/izdelek\/milo-za-telo-olive-greenyard\/\",\"url\":\"https:\/\/www.belle.si\/it\/izdelek\/milo-za-telo-olive-greenyard\/\",\"name\":\"Milo za telo Olive Greenyard - Belle.si kozmeti\u010dna trgovina\",\"isPartOf\":{\"@id\":\"https:\/\/www.belle.si\/it\/#website\"},\"primaryImageOfPage\":{\"@id\":\"https:\/\/www.belle.si\/it\/izdelek\/milo-za-telo-olive-greenyard\/#primaryimage\"},\"image\":{\"@id\":\"https:\/\/www.belle.si\/it\/izdelek\/milo-za-telo-olive-greenyard\/#primaryimage\"},\"thumbnailUrl\":\"https:\/\/www.belle.si\/wp-content\/uploads\/2022\/10\/tekoce_milo.jpg\",\"datePublished\":\"2021-11-09T09:30:18+00:00\",\"dateModified\":\"2024-01-11T15:53:53+00:00\",\"breadcrumb\":{\"@id\":\"https:\/\/www.belle.si\/it\/izdelek\/milo-za-telo-olive-greenyard\/#breadcrumb\"},\"inLanguage\":\"it-IT\",\"potentialAction\":[{\"@type\":\"ReadAction\",\"target\":[\"https:\/\/www.belle.si\/it\/izdelek\/milo-za-telo-olive-greenyard\/\"]}]},{\"@type\":\"ImageObject\",\"inLanguage\":\"it-IT\",\"@id\":\"https:\/\/www.belle.si\/it\/izdelek\/milo-za-telo-olive-greenyard\/#primaryimage\",\"url\":\"https:\/\/www.belle.si\/wp-content\/uploads\/2022\/10\/tekoce_milo.jpg\",\"contentUrl\":\"https:\/\/www.belle.si\/wp-content\/uploads\/2022\/10\/tekoce_milo.jpg\",\"width\":800,\"height\":600,\"caption\":\"Teko\u010de milo za telo\"},{\"@type\":\"BreadcrumbList\",\"@id\":\"https:\/\/www.belle.si\/it\/izdelek\/milo-za-telo-olive-greenyard\/#breadcrumb\",\"itemListElement\":[{\"@type\":\"ListItem\",\"position\":1,\"name\":\"Home\",\"item\":\"https:\/\/www.belle.si\/it\/\"},{\"@type\":\"ListItem\",\"position\":2,\"name\":\"Trgovina\",\"item\":\"https:\/\/www.belle.si\/trgovina\/\"},{\"@type\":\"ListItem\",\"position\":3,\"name\":\"Milo za telo Olive Greenyard\"}]},{\"@type\":\"WebSite\",\"@id\":\"https:\/\/www.belle.si\/it\/#website\",\"url\":\"https:\/\/www.belle.si\/it\/\",\"name\":\"Belle.si kozmeti\u010dna trgovina\",\"description\":\"\",\"publisher\":{\"@id\":\"https:\/\/www.belle.si\/it\/#organization\"},\"potentialAction\":[{\"@type\":\"SearchAction\",\"target\":{\"@type\":\"EntryPoint\",\"urlTemplate\":\"https:\/\/www.belle.si\/it\/?s={search_term_string}\"},\"query-input\":{\"@type\":\"PropertyValueSpecification\",\"valueRequired\":true,\"valueName\":\"search_term_string\"}}],\"inLanguage\":\"it-IT\"},{\"@type\":\"Organization\",\"@id\":\"https:\/\/www.belle.si\/it\/#organization\",\"name\":\"Belle.si kozmeti\u010dna trgovina\",\"url\":\"https:\/\/www.belle.si\/it\/\",\"logo\":{\"@type\":\"ImageObject\",\"inLanguage\":\"it-IT\",\"@id\":\"https:\/\/www.belle.si\/it\/#\/schema\/logo\/image\/\",\"url\":\"https:\/\/www.belle.si\/wp-content\/uploads\/2022\/10\/cropped-logo_belle_trgovina.png\",\"contentUrl\":\"https:\/\/www.belle.si\/wp-content\/uploads\/2022\/10\/cropped-logo_belle_trgovina.png\",\"width\":270,\"height\":135,\"caption\":\"Belle.si kozmeti\u010dna trgovina\"},\"image\":{\"@id\":\"https:\/\/www.belle.si\/it\/#\/schema\/logo\/image\/\"},\"sameAs\":[\"https:\/\/www.facebook.com\/belle.si.cosmetics\/\",\"https:\/\/www.instagram.com\/belle.si.cosmetics\/\"]}]}<\/script>\n<!-- \/ Yoast SEO plugin. -->","yoast_head_json":{"title":"Milo za telo Olive Greenyard - Belle.si kozmeti\u010dna trgovina","robots":{"index":"index","follow":"follow","max-snippet":"max-snippet:-1","max-image-preview":"max-image-preview:large","max-video-preview":"max-video-preview:-1"},"canonical":"https:\/\/www.belle.si\/it\/izdelek\/milo-za-telo-olive-greenyard\/","og_locale":"it_IT","og_type":"article","og_title":"Milo za telo Olive Greenyard - Belle.si kozmeti\u010dna trgovina","og_description":"TEKO\u010cE MILO ZA TELO z ekstrakti olj\u010dnega olja in olj\u010dnh listov, marelice in aloe vera. Milo ko\u017eo o\u010disti, osve\u017ei in\u00a0 ji povrne mehkobo. Teko\u010de milo za telo Greenyard ko\u017eo ne\u017eno o\u010disti in hkrati poskrbi za njeno zdravje. Sestavine delujejo tako, da meh\u010dajo vodo in hkrati ko\u017eo vla\u017eijo in jo nahranijo. Za pro\u017enost in vla\u017enost ko\u017ee [&hellip;]","og_url":"https:\/\/www.belle.si\/it\/izdelek\/milo-za-telo-olive-greenyard\/","og_site_name":"Belle.si kozmeti\u010dna trgovina","article_publisher":"https:\/\/www.facebook.com\/belle.si.cosmetics\/","article_modified_time":"2024-01-11T15:53:53+00:00","og_image":[{"width":800,"height":600,"url":"https:\/\/www.belle.si\/wp-content\/uploads\/2022\/10\/tekoce_milo.jpg","type":"image\/jpeg"}],"twitter_card":"summary_large_image","twitter_misc":{"Tempo di lettura stimato":"1 minuto"},"schema":{"@context":"https:\/\/schema.org","@graph":[{"@type":"WebPage","@id":"https:\/\/www.belle.si\/it\/izdelek\/milo-za-telo-olive-greenyard\/","url":"https:\/\/www.belle.si\/it\/izdelek\/milo-za-telo-olive-greenyard\/","name":"Milo za telo Olive Greenyard - Belle.si kozmeti\u010dna trgovina","isPartOf":{"@id":"https:\/\/www.belle.si\/it\/#website"},"primaryImageOfPage":{"@id":"https:\/\/www.belle.si\/it\/izdelek\/milo-za-telo-olive-greenyard\/#primaryimage"},"image":{"@id":"https:\/\/www.belle.si\/it\/izdelek\/milo-za-telo-olive-greenyard\/#primaryimage"},"thumbnailUrl":"https:\/\/www.belle.si\/wp-content\/uploads\/2022\/10\/tekoce_milo.jpg","datePublished":"2021-11-09T09:30:18+00:00","dateModified":"2024-01-11T15:53:53+00:00","breadcrumb":{"@id":"https:\/\/www.belle.si\/it\/izdelek\/milo-za-telo-olive-greenyard\/#breadcrumb"},"inLanguage":"it-IT","potentialAction":[{"@type":"ReadAction","target":["https:\/\/www.belle.si\/it\/izdelek\/milo-za-telo-olive-greenyard\/"]}]},{"@type":"ImageObject","inLanguage":"it-IT","@id":"https:\/\/www.belle.si\/it\/izdelek\/milo-za-telo-olive-greenyard\/#primaryimage","url":"https:\/\/www.belle.si\/wp-content\/uploads\/2022\/10\/tekoce_milo.jpg","contentUrl":"https:\/\/www.belle.si\/wp-content\/uploads\/2022\/10\/tekoce_milo.jpg","width":800,"height":600,"caption":"Teko\u010de milo za telo"},{"@type":"BreadcrumbList","@id":"https:\/\/www.belle.si\/it\/izdelek\/milo-za-telo-olive-greenyard\/#breadcrumb","itemListElement":[{"@type":"ListItem","position":1,"name":"Home","item":"https:\/\/www.belle.si\/it\/"},{"@type":"ListItem","position":2,"name":"Trgovina","item":"https:\/\/www.belle.si\/trgovina\/"},{"@type":"ListItem","position":3,"name":"Milo za telo Olive Greenyard"}]},{"@type":"WebSite","@id":"https:\/\/www.belle.si\/it\/#website","url":"https:\/\/www.belle.si\/it\/","name":"Belle.si kozmeti\u010dna trgovina","description":"","publisher":{"@id":"https:\/\/www.belle.si\/it\/#organization"},"potentialAction":[{"@type":"SearchAction","target":{"@type":"EntryPoint","urlTemplate":"https:\/\/www.belle.si\/it\/?s={search_term_string}"},"query-input":{"@type":"PropertyValueSpecification","valueRequired":true,"valueName":"search_term_string"}}],"inLanguage":"it-IT"},{"@type":"Organization","@id":"https:\/\/www.belle.si\/it\/#organization","name":"Belle.si kozmeti\u010dna trgovina","url":"https:\/\/www.belle.si\/it\/","logo":{"@type":"ImageObject","inLanguage":"it-IT","@id":"https:\/\/www.belle.si\/it\/#\/schema\/logo\/image\/","url":"https:\/\/www.belle.si\/wp-content\/uploads\/2022\/10\/cropped-logo_belle_trgovina.png","contentUrl":"https:\/\/www.belle.si\/wp-content\/uploads\/2022\/10\/cropped-logo_belle_trgovina.png","width":270,"height":135,"caption":"Belle.si kozmeti\u010dna trgovina"},"image":{"@id":"https:\/\/www.belle.si\/it\/#\/schema\/logo\/image\/"},"sameAs":["https:\/\/www.facebook.com\/belle.si.cosmetics\/","https:\/\/www.instagram.com\/belle.si.cosmetics\/"]}]}},"uagb_featured_image_src":{"full":["https:\/\/www.belle.si\/wp-content\/uploads\/2022\/10\/tekoce_milo.jpg",800,600,false],"thumbnail":["https:\/\/www.belle.si\/wp-content\/uploads\/2022\/10\/tekoce_milo-150x150.jpg",150,150,true],"medium":["https:\/\/www.belle.si\/wp-content\/uploads\/2022\/10\/tekoce_milo-300x225.jpg",300,225,true],"medium_large":["https:\/\/www.belle.si\/wp-content\/uploads\/2022\/10\/tekoce_milo-768x576.jpg",768,576,true],"large":["https:\/\/www.belle.si\/wp-content\/uploads\/2022\/10\/tekoce_milo.jpg",800,600,false],"1536x1536":["https:\/\/www.belle.si\/wp-content\/uploads\/2022\/10\/tekoce_milo.jpg",800,600,false],"2048x2048":["https:\/\/www.belle.si\/wp-content\/uploads\/2022\/10\/tekoce_milo.jpg",800,600,false],"mailpoet_newsletter_max":["https:\/\/www.belle.si\/wp-content\/uploads\/2022\/10\/tekoce_milo.jpg",800,600,false],"woocommerce_thumbnail":["https:\/\/www.belle.si\/wp-content\/uploads\/2022\/10\/tekoce_milo-300x300.jpg",300,300,true],"woocommerce_single":["https:\/\/www.belle.si\/wp-content\/uploads\/2022\/10\/tekoce_milo-600x450.jpg",600,450,true],"woocommerce_gallery_thumbnail":["https:\/\/www.belle.si\/wp-content\/uploads\/2022\/10\/tekoce_milo-100x100.jpg",100,100,true]},"uagb_author_info":{"display_name":"taja","author_link":"https:\/\/www.belle.si\/it\/author\/"},"uagb_comment_info":0,"uagb_excerpt":"TEKO\u010cE MILO ZA TELO z ekstrakti olj\u010dnega olja in olj\u010dnh listov, marelice in aloe vera. Milo ko\u017eo o\u010disti, osve\u017ei in\u00a0 ji povrne mehkobo. Teko\u010de milo za telo Greenyard ko\u017eo ne\u017eno o\u010disti in hkrati poskrbi za njeno zdravje. Sestavine delujejo tako, da meh\u010dajo vodo in hkrati ko\u017eo vla\u017eijo in jo nahranijo. Za pro\u017enost in vla\u017enost ko\u017ee&hellip;","_links":{"self":[{"href":"https:\/\/www.belle.si\/it\/wp-json\/wp\/v2\/product\/99707","targetHints":{"allow":["GET"]}}],"collection":[{"href":"https:\/\/www.belle.si\/it\/wp-json\/wp\/v2\/product"}],"about":[{"href":"https:\/\/www.belle.si\/it\/wp-json\/wp\/v2\/types\/product"}],"replies":[{"embeddable":true,"href":"https:\/\/www.belle.si\/it\/wp-json\/wp\/v2\/comments?post=99707"}],"wp:featuredmedia":[{"embeddable":true,"href":"https:\/\/www.belle.si\/it\/wp-json\/wp\/v2\/media\/99708"}],"wp:attachment":[{"href":"https:\/\/www.belle.si\/it\/wp-json\/wp\/v2\/media?parent=99707"}],"wp:term":[{"taxonomy":"product_brand","embeddable":true,"href":"https:\/\/www.belle.si\/it\/wp-json\/wp\/v2\/product_brand?post=99707"},{"taxonomy":"product_cat","embeddable":true,"href":"https:\/\/www.belle.si\/it\/wp-json\/wp\/v2\/product_cat?post=99707"},{"taxonomy":"product_tag","embeddable":true,"href":"https:\/\/www.belle.si\/it\/wp-json\/wp\/v2\/product_tag?post=99707"}],"curies":[{"name":"wp","href":"https:\/\/api.w.org\/{rel}","templated":true}]}}