{"id":99693,"date":"2021-11-03T12:35:35","date_gmt":"2021-11-03T12:35:35","guid":{"rendered":"https:\/\/belle.zabica.org\/?post_type=product&#038;p=99693"},"modified":"2024-01-11T16:40:30","modified_gmt":"2024-01-11T15:40:30","slug":"cistilna-pena-za-obraz-za-moske","status":"publish","type":"product","link":"https:\/\/www.belle.si\/it\/izdelek\/cistilna-pena-za-obraz-za-moske\/","title":{"rendered":"\u010cistilna pena za obraz za mo\u0161ke"},"content":{"rendered":"<p>\u010cistilna pena za obraz brez milnice, na osnovi biolo\u0161ko pridelanjega olj\u010dnega olja in olj\u010dnih listov s Krete.<\/p>\n<p>\u010cistilna pena za obraz je posebno zasnovana za mo\u0161ko ko\u017eo. Pena ne vsebuje mila, temve\u010d je zasnovna na olj\u010dnem olju, ki ne\u017eno o\u010disti ko\u017eo in meh\u010da vodo. Pena temeljito o\u010disti ne\u010disto\u010de in ma\u0161\u010dobo s ko\u017ee in jo pri tem ne izsu\u0161i ali po\u0161koduje.<\/p>\n<p>Olj\u010dno olje in glicerin ko\u017eo omeh\u010data in navla\u017eita. Ro\u017emarin in alge ko\u017eo osve\u017eijo, pantenol in alatoin vla\u017eita ter \u0161\u010ditita proti razdra\u017eenosti. Limona ko\u017eo osve\u017ei.<\/p>\n<p>&nbsp;<\/p>\n<p>DERMATOLO\u0160KO TESTIRANO<\/p>\n<p>NI BILO TESTIRANO NA \u017dIVALIH<\/p>\n<p>OKOLJU PRIJAZNO<\/p>\n","protected":false},"excerpt":{"rendered":"<p>\u010cistilna pena za obraz brez milnice, na osnovi biolo\u0161ko pridelanjega olj\u010dnega olja in olj\u010dnih listov s Krete. \u010cistilna pena za obraz je posebno zasnovana za mo\u0161ko ko\u017eo. Pena ne vsebuje mila, temve\u010d je zasnovna na olj\u010dnem olju, ki ne\u017eno o\u010disti ko\u017eo in meh\u010da vodo. Pena temeljito o\u010disti ne\u010disto\u010de in ma\u0161\u010dobo s ko\u017ee in jo pri [&hellip;]<\/p>\n","protected":false},"featured_media":99694,"comment_status":"closed","ping_status":"closed","template":"","meta":{"_uag_custom_page_level_css":"","_monsterinsights_skip_tracking":false,"_monsterinsights_sitenote_active":false,"_monsterinsights_sitenote_note":"","_monsterinsights_sitenote_category":0,"site-sidebar-layout":"default","site-content-layout":"","ast-site-content-layout":"default","site-content-style":"default","site-sidebar-style":"default","ast-global-header-display":"","ast-banner-title-visibility":"","ast-main-header-display":"","ast-hfb-above-header-display":"","ast-hfb-below-header-display":"","ast-hfb-mobile-header-display":"","site-post-title":"","ast-breadcrumbs-content":"","ast-featured-img":"","footer-sml-layout":"","ast-disable-related-posts":"","theme-transparent-header-meta":"","adv-header-id-meta":"","stick-header-meta":"","header-above-stick-meta":"","header-main-stick-meta":"","header-below-stick-meta":"","astra-migrate-meta-layouts":"default","ast-page-background-enabled":"default","ast-page-background-meta":{"desktop":{"background-color":"var(--ast-global-color-4)","background-image":"","background-repeat":"repeat","background-position":"center center","background-size":"auto","background-attachment":"scroll","background-type":"","background-media":"","overlay-type":"","overlay-color":"","overlay-opacity":"","overlay-gradient":""},"tablet":{"background-color":"","background-image":"","background-repeat":"repeat","background-position":"center center","background-size":"auto","background-attachment":"scroll","background-type":"","background-media":"","overlay-type":"","overlay-color":"","overlay-opacity":"","overlay-gradient":""},"mobile":{"background-color":"","background-image":"","background-repeat":"repeat","background-position":"center center","background-size":"auto","background-attachment":"scroll","background-type":"","background-media":"","overlay-type":"","overlay-color":"","overlay-opacity":"","overlay-gradient":""}},"ast-content-background-meta":{"desktop":{"background-color":"var(--ast-global-color-5)","background-image":"","background-repeat":"repeat","background-position":"center center","background-size":"auto","background-attachment":"scroll","background-type":"","background-media":"","overlay-type":"","overlay-color":"","overlay-opacity":"","overlay-gradient":""},"tablet":{"background-color":"var(--ast-global-color-5)","background-image":"","background-repeat":"repeat","background-position":"center center","background-size":"auto","background-attachment":"scroll","background-type":"","background-media":"","overlay-type":"","overlay-color":"","overlay-opacity":"","overlay-gradient":""},"mobile":{"background-color":"var(--ast-global-color-5)","background-image":"","background-repeat":"repeat","background-position":"center center","background-size":"auto","background-attachment":"scroll","background-type":"","background-media":"","overlay-type":"","overlay-color":"","overlay-opacity":"","overlay-gradient":""}}},"product_brand":[],"product_cat":[30,31],"product_tag":[],"class_list":{"0":"post-99693","1":"product","2":"type-product","3":"status-publish","4":"has-post-thumbnail","6":"product_cat-anti-age-nega-za-obraz","7":"product_cat-za-moske","8":"desktop-align-left","9":"tablet-align-left","10":"mobile-align-left","11":"ast-product-gallery-layout-first-image-large","12":"ast-product-gallery-with-no-image","13":"ast-magnify-disabled","14":"ast-product-tabs-layout-horizontal","16":"first","17":"instock","18":"taxable","19":"shipping-taxable","20":"purchasable","21":"product-type-simple"},"yoast_head":"<!-- This site is optimized with the Yoast SEO plugin v26.9 - https:\/\/yoast.com\/product\/yoast-seo-wordpress\/ -->\n<title>\u010cistilna pena za obraz za mo\u0161ke - Belle.si kozmeti\u010dna trgovina<\/title>\n<meta name=\"robots\" content=\"index, follow, max-snippet:-1, max-image-preview:large, max-video-preview:-1\" \/>\n<link rel=\"canonical\" href=\"https:\/\/www.belle.si\/it\/izdelek\/cistilna-pena-za-obraz-za-moske\/\" \/>\n<meta property=\"og:locale\" content=\"it_IT\" \/>\n<meta property=\"og:type\" content=\"article\" \/>\n<meta property=\"og:title\" content=\"\u010cistilna pena za obraz za mo\u0161ke - Belle.si kozmeti\u010dna trgovina\" \/>\n<meta property=\"og:description\" content=\"\u010cistilna pena za obraz brez milnice, na osnovi biolo\u0161ko pridelanjega olj\u010dnega olja in olj\u010dnih listov s Krete. \u010cistilna pena za obraz je posebno zasnovana za mo\u0161ko ko\u017eo. Pena ne vsebuje mila, temve\u010d je zasnovna na olj\u010dnem olju, ki ne\u017eno o\u010disti ko\u017eo in meh\u010da vodo. Pena temeljito o\u010disti ne\u010disto\u010de in ma\u0161\u010dobo s ko\u017ee in jo pri [&hellip;]\" \/>\n<meta property=\"og:url\" content=\"https:\/\/www.belle.si\/it\/izdelek\/cistilna-pena-za-obraz-za-moske\/\" \/>\n<meta property=\"og:site_name\" content=\"Belle.si kozmeti\u010dna trgovina\" \/>\n<meta property=\"article:publisher\" content=\"https:\/\/www.facebook.com\/belle.si.cosmetics\/\" \/>\n<meta property=\"article:modified_time\" content=\"2024-01-11T15:40:30+00:00\" \/>\n<meta property=\"og:image\" content=\"https:\/\/www.belle.si\/wp-content\/uploads\/2022\/10\/cistilna_pena_obraz_moski-1.jpg\" \/>\n\t<meta property=\"og:image:width\" content=\"500\" \/>\n\t<meta property=\"og:image:height\" content=\"500\" \/>\n\t<meta property=\"og:image:type\" content=\"image\/jpeg\" \/>\n<meta name=\"twitter:card\" content=\"summary_large_image\" \/>\n<meta name=\"twitter:label1\" content=\"Tempo di lettura stimato\" \/>\n\t<meta name=\"twitter:data1\" content=\"1 minuto\" \/>\n<script type=\"application\/ld+json\" class=\"yoast-schema-graph\">{\"@context\":\"https:\/\/schema.org\",\"@graph\":[{\"@type\":\"WebPage\",\"@id\":\"https:\/\/www.belle.si\/it\/izdelek\/cistilna-pena-za-obraz-za-moske\/\",\"url\":\"https:\/\/www.belle.si\/it\/izdelek\/cistilna-pena-za-obraz-za-moske\/\",\"name\":\"\u010cistilna pena za obraz za mo\u0161ke - Belle.si kozmeti\u010dna trgovina\",\"isPartOf\":{\"@id\":\"https:\/\/www.belle.si\/it\/#website\"},\"primaryImageOfPage\":{\"@id\":\"https:\/\/www.belle.si\/it\/izdelek\/cistilna-pena-za-obraz-za-moske\/#primaryimage\"},\"image\":{\"@id\":\"https:\/\/www.belle.si\/it\/izdelek\/cistilna-pena-za-obraz-za-moske\/#primaryimage\"},\"thumbnailUrl\":\"https:\/\/www.belle.si\/wp-content\/uploads\/2022\/10\/cistilna_pena_obraz_moski-1.jpg\",\"datePublished\":\"2021-11-03T12:35:35+00:00\",\"dateModified\":\"2024-01-11T15:40:30+00:00\",\"breadcrumb\":{\"@id\":\"https:\/\/www.belle.si\/it\/izdelek\/cistilna-pena-za-obraz-za-moske\/#breadcrumb\"},\"inLanguage\":\"it-IT\",\"potentialAction\":[{\"@type\":\"ReadAction\",\"target\":[\"https:\/\/www.belle.si\/it\/izdelek\/cistilna-pena-za-obraz-za-moske\/\"]}]},{\"@type\":\"ImageObject\",\"inLanguage\":\"it-IT\",\"@id\":\"https:\/\/www.belle.si\/it\/izdelek\/cistilna-pena-za-obraz-za-moske\/#primaryimage\",\"url\":\"https:\/\/www.belle.si\/wp-content\/uploads\/2022\/10\/cistilna_pena_obraz_moski-1.jpg\",\"contentUrl\":\"https:\/\/www.belle.si\/wp-content\/uploads\/2022\/10\/cistilna_pena_obraz_moski-1.jpg\",\"width\":500,\"height\":500,\"caption\":\"\u010cistilna pena za obraz za mo\u0161ke na osnovi olj\u010dnega olja\"},{\"@type\":\"BreadcrumbList\",\"@id\":\"https:\/\/www.belle.si\/it\/izdelek\/cistilna-pena-za-obraz-za-moske\/#breadcrumb\",\"itemListElement\":[{\"@type\":\"ListItem\",\"position\":1,\"name\":\"Home\",\"item\":\"https:\/\/www.belle.si\/it\/\"},{\"@type\":\"ListItem\",\"position\":2,\"name\":\"Trgovina\",\"item\":\"https:\/\/www.belle.si\/trgovina\/\"},{\"@type\":\"ListItem\",\"position\":3,\"name\":\"\u010cistilna pena za obraz za mo\u0161ke\"}]},{\"@type\":\"WebSite\",\"@id\":\"https:\/\/www.belle.si\/it\/#website\",\"url\":\"https:\/\/www.belle.si\/it\/\",\"name\":\"Belle.si kozmeti\u010dna trgovina\",\"description\":\"\",\"publisher\":{\"@id\":\"https:\/\/www.belle.si\/it\/#organization\"},\"potentialAction\":[{\"@type\":\"SearchAction\",\"target\":{\"@type\":\"EntryPoint\",\"urlTemplate\":\"https:\/\/www.belle.si\/it\/?s={search_term_string}\"},\"query-input\":{\"@type\":\"PropertyValueSpecification\",\"valueRequired\":true,\"valueName\":\"search_term_string\"}}],\"inLanguage\":\"it-IT\"},{\"@type\":\"Organization\",\"@id\":\"https:\/\/www.belle.si\/it\/#organization\",\"name\":\"Belle.si kozmeti\u010dna trgovina\",\"url\":\"https:\/\/www.belle.si\/it\/\",\"logo\":{\"@type\":\"ImageObject\",\"inLanguage\":\"it-IT\",\"@id\":\"https:\/\/www.belle.si\/it\/#\/schema\/logo\/image\/\",\"url\":\"https:\/\/www.belle.si\/wp-content\/uploads\/2022\/10\/cropped-logo_belle_trgovina.png\",\"contentUrl\":\"https:\/\/www.belle.si\/wp-content\/uploads\/2022\/10\/cropped-logo_belle_trgovina.png\",\"width\":270,\"height\":135,\"caption\":\"Belle.si kozmeti\u010dna trgovina\"},\"image\":{\"@id\":\"https:\/\/www.belle.si\/it\/#\/schema\/logo\/image\/\"},\"sameAs\":[\"https:\/\/www.facebook.com\/belle.si.cosmetics\/\",\"https:\/\/www.instagram.com\/belle.si.cosmetics\/\"]}]}<\/script>\n<!-- \/ Yoast SEO plugin. -->","yoast_head_json":{"title":"\u010cistilna pena za obraz za mo\u0161ke - Belle.si kozmeti\u010dna trgovina","robots":{"index":"index","follow":"follow","max-snippet":"max-snippet:-1","max-image-preview":"max-image-preview:large","max-video-preview":"max-video-preview:-1"},"canonical":"https:\/\/www.belle.si\/it\/izdelek\/cistilna-pena-za-obraz-za-moske\/","og_locale":"it_IT","og_type":"article","og_title":"\u010cistilna pena za obraz za mo\u0161ke - Belle.si kozmeti\u010dna trgovina","og_description":"\u010cistilna pena za obraz brez milnice, na osnovi biolo\u0161ko pridelanjega olj\u010dnega olja in olj\u010dnih listov s Krete. \u010cistilna pena za obraz je posebno zasnovana za mo\u0161ko ko\u017eo. Pena ne vsebuje mila, temve\u010d je zasnovna na olj\u010dnem olju, ki ne\u017eno o\u010disti ko\u017eo in meh\u010da vodo. Pena temeljito o\u010disti ne\u010disto\u010de in ma\u0161\u010dobo s ko\u017ee in jo pri [&hellip;]","og_url":"https:\/\/www.belle.si\/it\/izdelek\/cistilna-pena-za-obraz-za-moske\/","og_site_name":"Belle.si kozmeti\u010dna trgovina","article_publisher":"https:\/\/www.facebook.com\/belle.si.cosmetics\/","article_modified_time":"2024-01-11T15:40:30+00:00","og_image":[{"width":500,"height":500,"url":"https:\/\/www.belle.si\/wp-content\/uploads\/2022\/10\/cistilna_pena_obraz_moski-1.jpg","type":"image\/jpeg"}],"twitter_card":"summary_large_image","twitter_misc":{"Tempo di lettura stimato":"1 minuto"},"schema":{"@context":"https:\/\/schema.org","@graph":[{"@type":"WebPage","@id":"https:\/\/www.belle.si\/it\/izdelek\/cistilna-pena-za-obraz-za-moske\/","url":"https:\/\/www.belle.si\/it\/izdelek\/cistilna-pena-za-obraz-za-moske\/","name":"\u010cistilna pena za obraz za mo\u0161ke - Belle.si kozmeti\u010dna trgovina","isPartOf":{"@id":"https:\/\/www.belle.si\/it\/#website"},"primaryImageOfPage":{"@id":"https:\/\/www.belle.si\/it\/izdelek\/cistilna-pena-za-obraz-za-moske\/#primaryimage"},"image":{"@id":"https:\/\/www.belle.si\/it\/izdelek\/cistilna-pena-za-obraz-za-moske\/#primaryimage"},"thumbnailUrl":"https:\/\/www.belle.si\/wp-content\/uploads\/2022\/10\/cistilna_pena_obraz_moski-1.jpg","datePublished":"2021-11-03T12:35:35+00:00","dateModified":"2024-01-11T15:40:30+00:00","breadcrumb":{"@id":"https:\/\/www.belle.si\/it\/izdelek\/cistilna-pena-za-obraz-za-moske\/#breadcrumb"},"inLanguage":"it-IT","potentialAction":[{"@type":"ReadAction","target":["https:\/\/www.belle.si\/it\/izdelek\/cistilna-pena-za-obraz-za-moske\/"]}]},{"@type":"ImageObject","inLanguage":"it-IT","@id":"https:\/\/www.belle.si\/it\/izdelek\/cistilna-pena-za-obraz-za-moske\/#primaryimage","url":"https:\/\/www.belle.si\/wp-content\/uploads\/2022\/10\/cistilna_pena_obraz_moski-1.jpg","contentUrl":"https:\/\/www.belle.si\/wp-content\/uploads\/2022\/10\/cistilna_pena_obraz_moski-1.jpg","width":500,"height":500,"caption":"\u010cistilna pena za obraz za mo\u0161ke na osnovi olj\u010dnega olja"},{"@type":"BreadcrumbList","@id":"https:\/\/www.belle.si\/it\/izdelek\/cistilna-pena-za-obraz-za-moske\/#breadcrumb","itemListElement":[{"@type":"ListItem","position":1,"name":"Home","item":"https:\/\/www.belle.si\/it\/"},{"@type":"ListItem","position":2,"name":"Trgovina","item":"https:\/\/www.belle.si\/trgovina\/"},{"@type":"ListItem","position":3,"name":"\u010cistilna pena za obraz za mo\u0161ke"}]},{"@type":"WebSite","@id":"https:\/\/www.belle.si\/it\/#website","url":"https:\/\/www.belle.si\/it\/","name":"Belle.si kozmeti\u010dna trgovina","description":"","publisher":{"@id":"https:\/\/www.belle.si\/it\/#organization"},"potentialAction":[{"@type":"SearchAction","target":{"@type":"EntryPoint","urlTemplate":"https:\/\/www.belle.si\/it\/?s={search_term_string}"},"query-input":{"@type":"PropertyValueSpecification","valueRequired":true,"valueName":"search_term_string"}}],"inLanguage":"it-IT"},{"@type":"Organization","@id":"https:\/\/www.belle.si\/it\/#organization","name":"Belle.si kozmeti\u010dna trgovina","url":"https:\/\/www.belle.si\/it\/","logo":{"@type":"ImageObject","inLanguage":"it-IT","@id":"https:\/\/www.belle.si\/it\/#\/schema\/logo\/image\/","url":"https:\/\/www.belle.si\/wp-content\/uploads\/2022\/10\/cropped-logo_belle_trgovina.png","contentUrl":"https:\/\/www.belle.si\/wp-content\/uploads\/2022\/10\/cropped-logo_belle_trgovina.png","width":270,"height":135,"caption":"Belle.si kozmeti\u010dna trgovina"},"image":{"@id":"https:\/\/www.belle.si\/it\/#\/schema\/logo\/image\/"},"sameAs":["https:\/\/www.facebook.com\/belle.si.cosmetics\/","https:\/\/www.instagram.com\/belle.si.cosmetics\/"]}]}},"uagb_featured_image_src":{"full":["https:\/\/www.belle.si\/wp-content\/uploads\/2022\/10\/cistilna_pena_obraz_moski-1.jpg",500,500,false],"thumbnail":["https:\/\/www.belle.si\/wp-content\/uploads\/2022\/10\/cistilna_pena_obraz_moski-1-150x150.jpg",150,150,true],"medium":["https:\/\/www.belle.si\/wp-content\/uploads\/2022\/10\/cistilna_pena_obraz_moski-1-300x300.jpg",300,300,true],"medium_large":["https:\/\/www.belle.si\/wp-content\/uploads\/2022\/10\/cistilna_pena_obraz_moski-1.jpg",500,500,false],"large":["https:\/\/www.belle.si\/wp-content\/uploads\/2022\/10\/cistilna_pena_obraz_moski-1.jpg",500,500,false],"1536x1536":["https:\/\/www.belle.si\/wp-content\/uploads\/2022\/10\/cistilna_pena_obraz_moski-1.jpg",500,500,false],"2048x2048":["https:\/\/www.belle.si\/wp-content\/uploads\/2022\/10\/cistilna_pena_obraz_moski-1.jpg",500,500,false],"mailpoet_newsletter_max":["https:\/\/www.belle.si\/wp-content\/uploads\/2022\/10\/cistilna_pena_obraz_moski-1.jpg",500,500,false],"woocommerce_thumbnail":["https:\/\/www.belle.si\/wp-content\/uploads\/2022\/10\/cistilna_pena_obraz_moski-1-300x300.jpg",300,300,true],"woocommerce_single":["https:\/\/www.belle.si\/wp-content\/uploads\/2022\/10\/cistilna_pena_obraz_moski-1.jpg",500,500,false],"woocommerce_gallery_thumbnail":["https:\/\/www.belle.si\/wp-content\/uploads\/2022\/10\/cistilna_pena_obraz_moski-1-100x100.jpg",100,100,true]},"uagb_author_info":{"display_name":"taja","author_link":"https:\/\/www.belle.si\/it\/author\/"},"uagb_comment_info":0,"uagb_excerpt":"\u010cistilna pena za obraz brez milnice, na osnovi biolo\u0161ko pridelanjega olj\u010dnega olja in olj\u010dnih listov s Krete. \u010cistilna pena za obraz je posebno zasnovana za mo\u0161ko ko\u017eo. Pena ne vsebuje mila, temve\u010d je zasnovna na olj\u010dnem olju, ki ne\u017eno o\u010disti ko\u017eo in meh\u010da vodo. Pena temeljito o\u010disti ne\u010disto\u010de in ma\u0161\u010dobo s ko\u017ee in jo pri&hellip;","_links":{"self":[{"href":"https:\/\/www.belle.si\/it\/wp-json\/wp\/v2\/product\/99693","targetHints":{"allow":["GET"]}}],"collection":[{"href":"https:\/\/www.belle.si\/it\/wp-json\/wp\/v2\/product"}],"about":[{"href":"https:\/\/www.belle.si\/it\/wp-json\/wp\/v2\/types\/product"}],"replies":[{"embeddable":true,"href":"https:\/\/www.belle.si\/it\/wp-json\/wp\/v2\/comments?post=99693"}],"wp:featuredmedia":[{"embeddable":true,"href":"https:\/\/www.belle.si\/it\/wp-json\/wp\/v2\/media\/99694"}],"wp:attachment":[{"href":"https:\/\/www.belle.si\/it\/wp-json\/wp\/v2\/media?parent=99693"}],"wp:term":[{"taxonomy":"product_brand","embeddable":true,"href":"https:\/\/www.belle.si\/it\/wp-json\/wp\/v2\/product_brand?post=99693"},{"taxonomy":"product_cat","embeddable":true,"href":"https:\/\/www.belle.si\/it\/wp-json\/wp\/v2\/product_cat?post=99693"},{"taxonomy":"product_tag","embeddable":true,"href":"https:\/\/www.belle.si\/it\/wp-json\/wp\/v2\/product_tag?post=99693"}],"curies":[{"name":"wp","href":"https:\/\/api.w.org\/{rel}","templated":true}]}}