{"id":99691,"date":"2021-11-02T14:58:30","date_gmt":"2021-11-02T14:58:30","guid":{"rendered":"https:\/\/belle.zabica.org\/?post_type=product&#038;p=99691"},"modified":"2024-01-11T16:40:07","modified_gmt":"2024-01-11T15:40:07","slug":"antiage-krema-za-oci-in-obraz-za-moske","status":"publish","type":"product","link":"https:\/\/www.belle.si\/it\/izdelek\/antiage-krema-za-oci-in-obraz-za-moske\/","title":{"rendered":"Antiage krema za o\u010di in obraz za mo\u0161ke"},"content":{"rendered":"<p>Krema za obraz in okoli o\u010di za o obraz na osnovi biolo\u0161ko pridelanjega olj\u010dnega olja in olj\u010dnih listov s Krete.<\/p>\n<p>Krema gel proti gubam in za pove\u010dano vla\u017enost ko\u017ee z vitaminom E in A, hialuronom, oljem grozdnih pe\u010dk in pomaran\u010do.<\/p>\n<p>Lahka in nemastna antiage krema gel je zasnovana specifi\u010dno za mo\u0161ko ko\u017eo na obrazu, okoli o\u010di in na vratu. Krema ko\u017eo osve\u017ei, po\u017eivi in za\u0161\u010diti. Olj\u010dno olje in pomaran\u010da ko\u017eo omeh\u010da in zaceli,\u00a0 olje grozdnih pe\u010dk, hialuron, ter vitamina A in E ji povrnejo vitalnost, vlago in elasti\u010dnost. Sestavine v kremi delujejo antioksidativno, ustavljajo proste radikale, krepijo celice, \u0161\u010ditijo pred UV \u017earki, onesna\u017eenjem in tako prepre\u010dujejo staranje tkiva. Vitamin A spodbuja nastajanje kolagena, odebeli povrhnjico,\u00a0 prepre\u010duje nastanek gub ter izbolj\u0161a videz in teksturo ko\u017ee. Pantenol, olje grozdnih pe\u010dk in vitamin E zdravijo vnetje, rde\u010dico, po\u0161kodbe na ko\u017ei in ji pomagajo pri hitrej\u0161em zdravljenju. UV filtri \u0161\u010ditijo pred son\u010dnimi \u017earki.<\/p>\n<p>Krema ne masti ko\u017ee, ne pu\u0161\u010da svetle\u010dega sloja in se takoj vpije. Antiage krema gel ko\u017eo pomladi, navla\u017ei in zdravi.<\/p>\n<p>DERMATOLO\u0160KO TESTIRANO<\/p>\n<p>NI BILO TESTIRANO NA \u017dIVALIH<\/p>\n<p>OKOLJU PRIJAZNO<\/p>\n","protected":false},"excerpt":{"rendered":"<p>Krema za obraz in okoli o\u010di za o obraz na osnovi biolo\u0161ko pridelanjega olj\u010dnega olja in olj\u010dnih listov s Krete. Krema gel proti gubam in za pove\u010dano vla\u017enost ko\u017ee z vitaminom E in A, hialuronom, oljem grozdnih pe\u010dk in pomaran\u010do. Lahka in nemastna antiage krema gel je zasnovana specifi\u010dno za mo\u0161ko ko\u017eo na obrazu, okoli [&hellip;]<\/p>\n","protected":false},"featured_media":99692,"comment_status":"closed","ping_status":"closed","template":"","meta":{"_uag_custom_page_level_css":"","_monsterinsights_skip_tracking":false,"_monsterinsights_sitenote_active":false,"_monsterinsights_sitenote_note":"","_monsterinsights_sitenote_category":0,"site-sidebar-layout":"default","site-content-layout":"","ast-site-content-layout":"default","site-content-style":"default","site-sidebar-style":"default","ast-global-header-display":"","ast-banner-title-visibility":"","ast-main-header-display":"","ast-hfb-above-header-display":"","ast-hfb-below-header-display":"","ast-hfb-mobile-header-display":"","site-post-title":"","ast-breadcrumbs-content":"","ast-featured-img":"","footer-sml-layout":"","ast-disable-related-posts":"","theme-transparent-header-meta":"","adv-header-id-meta":"","stick-header-meta":"","header-above-stick-meta":"","header-main-stick-meta":"","header-below-stick-meta":"","astra-migrate-meta-layouts":"default","ast-page-background-enabled":"default","ast-page-background-meta":{"desktop":{"background-color":"var(--ast-global-color-4)","background-image":"","background-repeat":"repeat","background-position":"center center","background-size":"auto","background-attachment":"scroll","background-type":"","background-media":"","overlay-type":"","overlay-color":"","overlay-opacity":"","overlay-gradient":""},"tablet":{"background-color":"","background-image":"","background-repeat":"repeat","background-position":"center center","background-size":"auto","background-attachment":"scroll","background-type":"","background-media":"","overlay-type":"","overlay-color":"","overlay-opacity":"","overlay-gradient":""},"mobile":{"background-color":"","background-image":"","background-repeat":"repeat","background-position":"center center","background-size":"auto","background-attachment":"scroll","background-type":"","background-media":"","overlay-type":"","overlay-color":"","overlay-opacity":"","overlay-gradient":""}},"ast-content-background-meta":{"desktop":{"background-color":"var(--ast-global-color-5)","background-image":"","background-repeat":"repeat","background-position":"center center","background-size":"auto","background-attachment":"scroll","background-type":"","background-media":"","overlay-type":"","overlay-color":"","overlay-opacity":"","overlay-gradient":""},"tablet":{"background-color":"var(--ast-global-color-5)","background-image":"","background-repeat":"repeat","background-position":"center center","background-size":"auto","background-attachment":"scroll","background-type":"","background-media":"","overlay-type":"","overlay-color":"","overlay-opacity":"","overlay-gradient":""},"mobile":{"background-color":"var(--ast-global-color-5)","background-image":"","background-repeat":"repeat","background-position":"center center","background-size":"auto","background-attachment":"scroll","background-type":"","background-media":"","overlay-type":"","overlay-color":"","overlay-opacity":"","overlay-gradient":""}}},"product_brand":[],"product_cat":[30,31],"product_tag":[],"class_list":{"0":"post-99691","1":"product","2":"type-product","3":"status-publish","4":"has-post-thumbnail","6":"product_cat-anti-age-nega-za-obraz","7":"product_cat-za-moske","8":"desktop-align-left","9":"tablet-align-left","10":"mobile-align-left","11":"ast-product-gallery-layout-first-image-large","12":"ast-product-gallery-with-no-image","13":"ast-magnify-disabled","14":"ast-product-tabs-layout-horizontal","16":"first","17":"instock","18":"taxable","19":"shipping-taxable","20":"purchasable","21":"product-type-simple"},"yoast_head":"<!-- This site is optimized with the Yoast SEO plugin v26.9 - https:\/\/yoast.com\/product\/yoast-seo-wordpress\/ -->\n<title>Antiage krema za o\u010di in obraz za mo\u0161ke - Belle.si kozmeti\u010dna trgovina<\/title>\n<meta name=\"robots\" content=\"index, follow, max-snippet:-1, max-image-preview:large, max-video-preview:-1\" \/>\n<link rel=\"canonical\" href=\"https:\/\/www.belle.si\/it\/izdelek\/antiage-krema-za-oci-in-obraz-za-moske\/\" \/>\n<meta property=\"og:locale\" content=\"it_IT\" \/>\n<meta property=\"og:type\" content=\"article\" \/>\n<meta property=\"og:title\" content=\"Antiage krema za o\u010di in obraz za mo\u0161ke - Belle.si kozmeti\u010dna trgovina\" \/>\n<meta property=\"og:description\" content=\"Krema za obraz in okoli o\u010di za o obraz na osnovi biolo\u0161ko pridelanjega olj\u010dnega olja in olj\u010dnih listov s Krete. Krema gel proti gubam in za pove\u010dano vla\u017enost ko\u017ee z vitaminom E in A, hialuronom, oljem grozdnih pe\u010dk in pomaran\u010do. Lahka in nemastna antiage krema gel je zasnovana specifi\u010dno za mo\u0161ko ko\u017eo na obrazu, okoli [&hellip;]\" \/>\n<meta property=\"og:url\" content=\"https:\/\/www.belle.si\/it\/izdelek\/antiage-krema-za-oci-in-obraz-za-moske\/\" \/>\n<meta property=\"og:site_name\" content=\"Belle.si kozmeti\u010dna trgovina\" \/>\n<meta property=\"article:publisher\" content=\"https:\/\/www.facebook.com\/belle.si.cosmetics\/\" \/>\n<meta property=\"article:modified_time\" content=\"2024-01-11T15:40:07+00:00\" \/>\n<meta property=\"og:image\" content=\"https:\/\/www.belle.si\/wp-content\/uploads\/2022\/10\/antiage_krema_moski.jpg\" \/>\n\t<meta property=\"og:image:width\" content=\"2121\" \/>\n\t<meta property=\"og:image:height\" content=\"2099\" \/>\n\t<meta property=\"og:image:type\" content=\"image\/jpeg\" \/>\n<meta name=\"twitter:card\" content=\"summary_large_image\" \/>\n<meta name=\"twitter:label1\" content=\"Tempo di lettura stimato\" \/>\n\t<meta name=\"twitter:data1\" content=\"1 minuto\" \/>\n<script type=\"application\/ld+json\" class=\"yoast-schema-graph\">{\"@context\":\"https:\/\/schema.org\",\"@graph\":[{\"@type\":\"WebPage\",\"@id\":\"https:\/\/www.belle.si\/it\/izdelek\/antiage-krema-za-oci-in-obraz-za-moske\/\",\"url\":\"https:\/\/www.belle.si\/it\/izdelek\/antiage-krema-za-oci-in-obraz-za-moske\/\",\"name\":\"Antiage krema za o\u010di in obraz za mo\u0161ke - Belle.si kozmeti\u010dna trgovina\",\"isPartOf\":{\"@id\":\"https:\/\/www.belle.si\/it\/#website\"},\"primaryImageOfPage\":{\"@id\":\"https:\/\/www.belle.si\/it\/izdelek\/antiage-krema-za-oci-in-obraz-za-moske\/#primaryimage\"},\"image\":{\"@id\":\"https:\/\/www.belle.si\/it\/izdelek\/antiage-krema-za-oci-in-obraz-za-moske\/#primaryimage\"},\"thumbnailUrl\":\"https:\/\/www.belle.si\/wp-content\/uploads\/2022\/10\/antiage_krema_moski.jpg\",\"datePublished\":\"2021-11-02T14:58:30+00:00\",\"dateModified\":\"2024-01-11T15:40:07+00:00\",\"breadcrumb\":{\"@id\":\"https:\/\/www.belle.si\/it\/izdelek\/antiage-krema-za-oci-in-obraz-za-moske\/#breadcrumb\"},\"inLanguage\":\"it-IT\",\"potentialAction\":[{\"@type\":\"ReadAction\",\"target\":[\"https:\/\/www.belle.si\/it\/izdelek\/antiage-krema-za-oci-in-obraz-za-moske\/\"]}]},{\"@type\":\"ImageObject\",\"inLanguage\":\"it-IT\",\"@id\":\"https:\/\/www.belle.si\/it\/izdelek\/antiage-krema-za-oci-in-obraz-za-moske\/#primaryimage\",\"url\":\"https:\/\/www.belle.si\/wp-content\/uploads\/2022\/10\/antiage_krema_moski.jpg\",\"contentUrl\":\"https:\/\/www.belle.si\/wp-content\/uploads\/2022\/10\/antiage_krema_moski.jpg\",\"width\":2121,\"height\":2099,\"caption\":\"Antiage krema proti gubam za mo\u0161ke z olj\u010dnim oljem\"},{\"@type\":\"BreadcrumbList\",\"@id\":\"https:\/\/www.belle.si\/it\/izdelek\/antiage-krema-za-oci-in-obraz-za-moske\/#breadcrumb\",\"itemListElement\":[{\"@type\":\"ListItem\",\"position\":1,\"name\":\"Home\",\"item\":\"https:\/\/www.belle.si\/it\/\"},{\"@type\":\"ListItem\",\"position\":2,\"name\":\"Trgovina\",\"item\":\"https:\/\/www.belle.si\/trgovina\/\"},{\"@type\":\"ListItem\",\"position\":3,\"name\":\"Antiage krema za o\u010di in obraz za mo\u0161ke\"}]},{\"@type\":\"WebSite\",\"@id\":\"https:\/\/www.belle.si\/it\/#website\",\"url\":\"https:\/\/www.belle.si\/it\/\",\"name\":\"Belle.si kozmeti\u010dna trgovina\",\"description\":\"\",\"publisher\":{\"@id\":\"https:\/\/www.belle.si\/it\/#organization\"},\"potentialAction\":[{\"@type\":\"SearchAction\",\"target\":{\"@type\":\"EntryPoint\",\"urlTemplate\":\"https:\/\/www.belle.si\/it\/?s={search_term_string}\"},\"query-input\":{\"@type\":\"PropertyValueSpecification\",\"valueRequired\":true,\"valueName\":\"search_term_string\"}}],\"inLanguage\":\"it-IT\"},{\"@type\":\"Organization\",\"@id\":\"https:\/\/www.belle.si\/it\/#organization\",\"name\":\"Belle.si kozmeti\u010dna trgovina\",\"url\":\"https:\/\/www.belle.si\/it\/\",\"logo\":{\"@type\":\"ImageObject\",\"inLanguage\":\"it-IT\",\"@id\":\"https:\/\/www.belle.si\/it\/#\/schema\/logo\/image\/\",\"url\":\"https:\/\/www.belle.si\/wp-content\/uploads\/2022\/10\/cropped-logo_belle_trgovina.png\",\"contentUrl\":\"https:\/\/www.belle.si\/wp-content\/uploads\/2022\/10\/cropped-logo_belle_trgovina.png\",\"width\":270,\"height\":135,\"caption\":\"Belle.si kozmeti\u010dna trgovina\"},\"image\":{\"@id\":\"https:\/\/www.belle.si\/it\/#\/schema\/logo\/image\/\"},\"sameAs\":[\"https:\/\/www.facebook.com\/belle.si.cosmetics\/\",\"https:\/\/www.instagram.com\/belle.si.cosmetics\/\"]}]}<\/script>\n<!-- \/ Yoast SEO plugin. -->","yoast_head_json":{"title":"Antiage krema za o\u010di in obraz za mo\u0161ke - Belle.si kozmeti\u010dna trgovina","robots":{"index":"index","follow":"follow","max-snippet":"max-snippet:-1","max-image-preview":"max-image-preview:large","max-video-preview":"max-video-preview:-1"},"canonical":"https:\/\/www.belle.si\/it\/izdelek\/antiage-krema-za-oci-in-obraz-za-moske\/","og_locale":"it_IT","og_type":"article","og_title":"Antiage krema za o\u010di in obraz za mo\u0161ke - Belle.si kozmeti\u010dna trgovina","og_description":"Krema za obraz in okoli o\u010di za o obraz na osnovi biolo\u0161ko pridelanjega olj\u010dnega olja in olj\u010dnih listov s Krete. Krema gel proti gubam in za pove\u010dano vla\u017enost ko\u017ee z vitaminom E in A, hialuronom, oljem grozdnih pe\u010dk in pomaran\u010do. Lahka in nemastna antiage krema gel je zasnovana specifi\u010dno za mo\u0161ko ko\u017eo na obrazu, okoli [&hellip;]","og_url":"https:\/\/www.belle.si\/it\/izdelek\/antiage-krema-za-oci-in-obraz-za-moske\/","og_site_name":"Belle.si kozmeti\u010dna trgovina","article_publisher":"https:\/\/www.facebook.com\/belle.si.cosmetics\/","article_modified_time":"2024-01-11T15:40:07+00:00","og_image":[{"width":2121,"height":2099,"url":"https:\/\/www.belle.si\/wp-content\/uploads\/2022\/10\/antiage_krema_moski.jpg","type":"image\/jpeg"}],"twitter_card":"summary_large_image","twitter_misc":{"Tempo di lettura stimato":"1 minuto"},"schema":{"@context":"https:\/\/schema.org","@graph":[{"@type":"WebPage","@id":"https:\/\/www.belle.si\/it\/izdelek\/antiage-krema-za-oci-in-obraz-za-moske\/","url":"https:\/\/www.belle.si\/it\/izdelek\/antiage-krema-za-oci-in-obraz-za-moske\/","name":"Antiage krema za o\u010di in obraz za mo\u0161ke - Belle.si kozmeti\u010dna trgovina","isPartOf":{"@id":"https:\/\/www.belle.si\/it\/#website"},"primaryImageOfPage":{"@id":"https:\/\/www.belle.si\/it\/izdelek\/antiage-krema-za-oci-in-obraz-za-moske\/#primaryimage"},"image":{"@id":"https:\/\/www.belle.si\/it\/izdelek\/antiage-krema-za-oci-in-obraz-za-moske\/#primaryimage"},"thumbnailUrl":"https:\/\/www.belle.si\/wp-content\/uploads\/2022\/10\/antiage_krema_moski.jpg","datePublished":"2021-11-02T14:58:30+00:00","dateModified":"2024-01-11T15:40:07+00:00","breadcrumb":{"@id":"https:\/\/www.belle.si\/it\/izdelek\/antiage-krema-za-oci-in-obraz-za-moske\/#breadcrumb"},"inLanguage":"it-IT","potentialAction":[{"@type":"ReadAction","target":["https:\/\/www.belle.si\/it\/izdelek\/antiage-krema-za-oci-in-obraz-za-moske\/"]}]},{"@type":"ImageObject","inLanguage":"it-IT","@id":"https:\/\/www.belle.si\/it\/izdelek\/antiage-krema-za-oci-in-obraz-za-moske\/#primaryimage","url":"https:\/\/www.belle.si\/wp-content\/uploads\/2022\/10\/antiage_krema_moski.jpg","contentUrl":"https:\/\/www.belle.si\/wp-content\/uploads\/2022\/10\/antiage_krema_moski.jpg","width":2121,"height":2099,"caption":"Antiage krema proti gubam za mo\u0161ke z olj\u010dnim oljem"},{"@type":"BreadcrumbList","@id":"https:\/\/www.belle.si\/it\/izdelek\/antiage-krema-za-oci-in-obraz-za-moske\/#breadcrumb","itemListElement":[{"@type":"ListItem","position":1,"name":"Home","item":"https:\/\/www.belle.si\/it\/"},{"@type":"ListItem","position":2,"name":"Trgovina","item":"https:\/\/www.belle.si\/trgovina\/"},{"@type":"ListItem","position":3,"name":"Antiage krema za o\u010di in obraz za mo\u0161ke"}]},{"@type":"WebSite","@id":"https:\/\/www.belle.si\/it\/#website","url":"https:\/\/www.belle.si\/it\/","name":"Belle.si kozmeti\u010dna trgovina","description":"","publisher":{"@id":"https:\/\/www.belle.si\/it\/#organization"},"potentialAction":[{"@type":"SearchAction","target":{"@type":"EntryPoint","urlTemplate":"https:\/\/www.belle.si\/it\/?s={search_term_string}"},"query-input":{"@type":"PropertyValueSpecification","valueRequired":true,"valueName":"search_term_string"}}],"inLanguage":"it-IT"},{"@type":"Organization","@id":"https:\/\/www.belle.si\/it\/#organization","name":"Belle.si kozmeti\u010dna trgovina","url":"https:\/\/www.belle.si\/it\/","logo":{"@type":"ImageObject","inLanguage":"it-IT","@id":"https:\/\/www.belle.si\/it\/#\/schema\/logo\/image\/","url":"https:\/\/www.belle.si\/wp-content\/uploads\/2022\/10\/cropped-logo_belle_trgovina.png","contentUrl":"https:\/\/www.belle.si\/wp-content\/uploads\/2022\/10\/cropped-logo_belle_trgovina.png","width":270,"height":135,"caption":"Belle.si kozmeti\u010dna trgovina"},"image":{"@id":"https:\/\/www.belle.si\/it\/#\/schema\/logo\/image\/"},"sameAs":["https:\/\/www.facebook.com\/belle.si.cosmetics\/","https:\/\/www.instagram.com\/belle.si.cosmetics\/"]}]}},"uagb_featured_image_src":{"full":["https:\/\/www.belle.si\/wp-content\/uploads\/2022\/10\/antiage_krema_moski.jpg",2121,2099,false],"thumbnail":["https:\/\/www.belle.si\/wp-content\/uploads\/2022\/10\/antiage_krema_moski-150x150.jpg",150,150,true],"medium":["https:\/\/www.belle.si\/wp-content\/uploads\/2022\/10\/antiage_krema_moski-300x297.jpg",300,297,true],"medium_large":["https:\/\/www.belle.si\/wp-content\/uploads\/2022\/10\/antiage_krema_moski-768x760.jpg",768,760,true],"large":["https:\/\/www.belle.si\/wp-content\/uploads\/2022\/10\/antiage_krema_moski-1024x1013.jpg",1024,1013,true],"1536x1536":["https:\/\/www.belle.si\/wp-content\/uploads\/2022\/10\/antiage_krema_moski-1536x1520.jpg",1536,1520,true],"2048x2048":["https:\/\/www.belle.si\/wp-content\/uploads\/2022\/10\/antiage_krema_moski-2048x2027.jpg",2048,2027,true],"mailpoet_newsletter_max":["https:\/\/www.belle.si\/wp-content\/uploads\/2022\/10\/antiage_krema_moski-1320x1306.jpg",1320,1306,true],"woocommerce_thumbnail":["https:\/\/www.belle.si\/wp-content\/uploads\/2022\/10\/antiage_krema_moski-300x300.jpg",300,300,true],"woocommerce_single":["https:\/\/www.belle.si\/wp-content\/uploads\/2022\/10\/antiage_krema_moski-600x594.jpg",600,594,true],"woocommerce_gallery_thumbnail":["https:\/\/www.belle.si\/wp-content\/uploads\/2022\/10\/antiage_krema_moski-100x100.jpg",100,100,true]},"uagb_author_info":{"display_name":"taja","author_link":"https:\/\/www.belle.si\/it\/author\/"},"uagb_comment_info":0,"uagb_excerpt":"Krema za obraz in okoli o\u010di za o obraz na osnovi biolo\u0161ko pridelanjega olj\u010dnega olja in olj\u010dnih listov s Krete. Krema gel proti gubam in za pove\u010dano vla\u017enost ko\u017ee z vitaminom E in A, hialuronom, oljem grozdnih pe\u010dk in pomaran\u010do. Lahka in nemastna antiage krema gel je zasnovana specifi\u010dno za mo\u0161ko ko\u017eo na obrazu, okoli&hellip;","_links":{"self":[{"href":"https:\/\/www.belle.si\/it\/wp-json\/wp\/v2\/product\/99691","targetHints":{"allow":["GET"]}}],"collection":[{"href":"https:\/\/www.belle.si\/it\/wp-json\/wp\/v2\/product"}],"about":[{"href":"https:\/\/www.belle.si\/it\/wp-json\/wp\/v2\/types\/product"}],"replies":[{"embeddable":true,"href":"https:\/\/www.belle.si\/it\/wp-json\/wp\/v2\/comments?post=99691"}],"wp:featuredmedia":[{"embeddable":true,"href":"https:\/\/www.belle.si\/it\/wp-json\/wp\/v2\/media\/99692"}],"wp:attachment":[{"href":"https:\/\/www.belle.si\/it\/wp-json\/wp\/v2\/media?parent=99691"}],"wp:term":[{"taxonomy":"product_brand","embeddable":true,"href":"https:\/\/www.belle.si\/it\/wp-json\/wp\/v2\/product_brand?post=99691"},{"taxonomy":"product_cat","embeddable":true,"href":"https:\/\/www.belle.si\/it\/wp-json\/wp\/v2\/product_cat?post=99691"},{"taxonomy":"product_tag","embeddable":true,"href":"https:\/\/www.belle.si\/it\/wp-json\/wp\/v2\/product_tag?post=99691"}],"curies":[{"name":"wp","href":"https:\/\/api.w.org\/{rel}","templated":true}]}}