{"id":99372,"date":"2020-11-10T08:41:04","date_gmt":"2020-11-10T08:41:04","guid":{"rendered":"https:\/\/belle.zabica.org\/?post_type=product&#038;p=99372"},"modified":"2022-10-19T09:09:00","modified_gmt":"2022-10-19T09:09:00","slug":"darilni-paket-popolna-nega-za-stopala","status":"publish","type":"product","link":"https:\/\/www.belle.si\/it\/izdelek\/darilni-paket-popolna-nega-za-stopala\/","title":{"rendered":"Darilni paket &#8211; popolna nega za stopala"},"content":{"rendered":"<h2>Popolna nega za lepa\u00a0 stopala!<\/h2>\n<p><strong>Komu je komplet namenjen?<\/strong><\/p>\n<p>Komplet je namenjen vsem, ki imajo te\u017eave z odeblejeno, suho in neestetsko ko\u017eo na stopalih.<\/p>\n<p><strong>Kaj vsebuje komplet?<\/strong><\/p>\n<p>V kompletu je:<\/p>\n<ul>\n<li>gel za suho in odebeljeno ko\u017eo s plovcem 50ml<\/li>\n<li>osve\u017eilna in negovalna krema za stopala 50ml<\/li>\n<\/ul>\n<h2>Gel za suho ko\u017eo je idealen za vse, ki imate te\u017eave s ko\u017eo na stopalih.<\/h2>\n<p>\u010ce vam ko\u017ea poka, se su\u0161i ali je po\u0161kodovana, si lahko pomagate z na\u0161im gelom, ki vsebuje zdravilno:<\/p>\n<ul>\n<li>jojobo,<\/li>\n<li>karite in<\/li>\n<li>argan.<\/li>\n<\/ul>\n<p><a href=\"https:\/\/www.belle.si\/wp-content\/uploads\/2020\/07\/gel_v_tubi_s_plovcem_za_stopala.png\"><img fetchpriority=\"high\" decoding=\"async\" class=\"wp-image-98823 alignnone\" src=\"https:\/\/www.belle.si\/wp-content\/uploads\/2020\/07\/gel_v_tubi_s_plovcem_za_stopala.png\" alt=\"Gel za stopala v tubi s plovcem\" width=\"378\" height=\"215\" \/><\/a><\/p>\n<p>Na tubi je pritrjen tudi plovec s katerim ko\u017eo podrgnete, odstranite odmrle celice in vmasirate kremo globoko pod povrhnjico.<\/p>\n<p><strong>Navodila za uporabo gela za stopala<\/strong><\/p>\n<p>Ko\u017eo na stopalih zdrgnite in vmasirajte v ko\u017eo 2 x na dan, zjutraj in zve\u010der. Pazite, da ne zaide v o\u010di.<\/p>\n<div class=\"std\">\n<h2>Nega za stopala, ki pomaga pri odpravljanju te\u017eav s suho in odebeljeno ko\u017eo.<\/h2>\n<p>Nega za lepa stopala pomaga pri suhi in zadebeljeni ko\u017ei na stopalih. Lahka in ne\u017ena tekstura takoj osve\u017ei ko\u017eo na stopalih.<\/p>\n<p>Naravna nega idealno povezuje naravne u\u010dinkovine rastlinskih izvle\u010dkov:<\/p>\n<ul>\n<li>ognji\u010d<\/li>\n<li>\u017eajbelj<\/li>\n<li>timjan<\/li>\n<\/ul>\n<\/div>\n<p><a href=\"https:\/\/www.belle.si\/izdelek\/nega-za-stopala-balazam-za-suho-kozo\/\"><img decoding=\"async\" class=\"alignnone wp-image-98815\" src=\"https:\/\/www.belle.si\/wp-content\/uploads\/2020\/07\/timjanzajbelj_ognjic_za_stopala.jpg\" alt=\"Blzam z izvle\u010dki timjana, \u017eajblja in ognji\u010da za suho ko\u017eo na stopalih\" width=\"335\" height=\"324\" \/><\/a><\/p>\n<p><strong>Navodila za uporabo<\/strong><\/p>\n<p>Vsak dan nanesite 1x zjutraj<strong> ali<\/strong> zve\u010der. Pazite, da ne zaide v o\u010di.<\/p>\n<div class=\"std\">\n<div class=\"block incilist\">\n<p>Proizvedeno v Franciji<\/p>\n<\/div>\n<\/div>\n","protected":false},"excerpt":{"rendered":"<p>Popolna nega za lepa\u00a0 stopala! Komu je komplet namenjen? Komplet je namenjen vsem, ki imajo te\u017eave z odeblejeno, suho in neestetsko ko\u017eo na stopalih. Kaj vsebuje komplet? V kompletu je: gel za suho in odebeljeno ko\u017eo s plovcem 50ml osve\u017eilna in negovalna krema za stopala 50ml Gel za suho ko\u017eo je idealen za vse, ki [&hellip;]<\/p>\n","protected":false},"featured_media":99373,"comment_status":"closed","ping_status":"closed","template":"","meta":{"_uag_custom_page_level_css":"","_monsterinsights_skip_tracking":false,"_monsterinsights_sitenote_active":false,"_monsterinsights_sitenote_note":"","_monsterinsights_sitenote_category":0,"site-sidebar-layout":"default","site-content-layout":"","ast-site-content-layout":"default","site-content-style":"default","site-sidebar-style":"default","ast-global-header-display":"","ast-banner-title-visibility":"","ast-main-header-display":"","ast-hfb-above-header-display":"","ast-hfb-below-header-display":"","ast-hfb-mobile-header-display":"","site-post-title":"","ast-breadcrumbs-content":"","ast-featured-img":"","footer-sml-layout":"","ast-disable-related-posts":"","theme-transparent-header-meta":"","adv-header-id-meta":"","stick-header-meta":"","header-above-stick-meta":"","header-main-stick-meta":"","header-below-stick-meta":"","astra-migrate-meta-layouts":"default","ast-page-background-enabled":"default","ast-page-background-meta":{"desktop":{"background-color":"var(--ast-global-color-4)","background-image":"","background-repeat":"repeat","background-position":"center center","background-size":"auto","background-attachment":"scroll","background-type":"","background-media":"","overlay-type":"","overlay-color":"","overlay-opacity":"","overlay-gradient":""},"tablet":{"background-color":"","background-image":"","background-repeat":"repeat","background-position":"center center","background-size":"auto","background-attachment":"scroll","background-type":"","background-media":"","overlay-type":"","overlay-color":"","overlay-opacity":"","overlay-gradient":""},"mobile":{"background-color":"","background-image":"","background-repeat":"repeat","background-position":"center center","background-size":"auto","background-attachment":"scroll","background-type":"","background-media":"","overlay-type":"","overlay-color":"","overlay-opacity":"","overlay-gradient":""}},"ast-content-background-meta":{"desktop":{"background-color":"var(--ast-global-color-5)","background-image":"","background-repeat":"repeat","background-position":"center center","background-size":"auto","background-attachment":"scroll","background-type":"","background-media":"","overlay-type":"","overlay-color":"","overlay-opacity":"","overlay-gradient":""},"tablet":{"background-color":"var(--ast-global-color-5)","background-image":"","background-repeat":"repeat","background-position":"center center","background-size":"auto","background-attachment":"scroll","background-type":"","background-media":"","overlay-type":"","overlay-color":"","overlay-opacity":"","overlay-gradient":""},"mobile":{"background-color":"var(--ast-global-color-5)","background-image":"","background-repeat":"repeat","background-position":"center center","background-size":"auto","background-attachment":"scroll","background-type":"","background-media":"","overlay-type":"","overlay-color":"","overlay-opacity":"","overlay-gradient":""}}},"product_brand":[],"product_cat":[51],"product_tag":[41],"class_list":{"0":"post-99372","1":"product","2":"type-product","3":"status-publish","4":"has-post-thumbnail","6":"product_cat-darila","7":"product_tag-darilni-paketi","8":"desktop-align-left","9":"tablet-align-left","10":"mobile-align-left","11":"ast-product-gallery-layout-first-image-large","12":"ast-product-gallery-with-no-image","13":"ast-magnify-disabled","14":"ast-product-tabs-layout-horizontal","16":"first","17":"instock","18":"sale","19":"taxable","20":"shipping-taxable","21":"purchasable","22":"product-type-simple"},"yoast_head":"<!-- This site is optimized with the Yoast SEO plugin v26.9 - https:\/\/yoast.com\/product\/yoast-seo-wordpress\/ -->\n<title>Darilni paket - popolna nega za stopala - Belle.si kozmeti\u010dna trgovina<\/title>\n<meta name=\"robots\" content=\"index, follow, max-snippet:-1, max-image-preview:large, max-video-preview:-1\" \/>\n<link rel=\"canonical\" href=\"https:\/\/www.belle.si\/it\/izdelek\/darilni-paket-popolna-nega-za-stopala\/\" \/>\n<meta property=\"og:locale\" content=\"it_IT\" \/>\n<meta property=\"og:type\" content=\"article\" \/>\n<meta property=\"og:title\" content=\"Darilni paket - popolna nega za stopala - Belle.si kozmeti\u010dna trgovina\" \/>\n<meta property=\"og:description\" content=\"Popolna nega za lepa\u00a0 stopala! Komu je komplet namenjen? Komplet je namenjen vsem, ki imajo te\u017eave z odeblejeno, suho in neestetsko ko\u017eo na stopalih. Kaj vsebuje komplet? V kompletu je: gel za suho in odebeljeno ko\u017eo s plovcem 50ml osve\u017eilna in negovalna krema za stopala 50ml Gel za suho ko\u017eo je idealen za vse, ki [&hellip;]\" \/>\n<meta property=\"og:url\" content=\"https:\/\/www.belle.si\/it\/izdelek\/darilni-paket-popolna-nega-za-stopala\/\" \/>\n<meta property=\"og:site_name\" content=\"Belle.si kozmeti\u010dna trgovina\" \/>\n<meta property=\"article:publisher\" content=\"https:\/\/www.facebook.com\/belle.si.cosmetics\/\" \/>\n<meta property=\"article:modified_time\" content=\"2022-10-19T09:09:00+00:00\" \/>\n<meta property=\"og:image\" content=\"https:\/\/www.belle.si\/wp-content\/uploads\/2022\/10\/Untitled-design92.png\" \/>\n\t<meta property=\"og:image:width\" content=\"940\" \/>\n\t<meta property=\"og:image:height\" content=\"788\" \/>\n\t<meta property=\"og:image:type\" content=\"image\/png\" \/>\n<meta name=\"twitter:card\" content=\"summary_large_image\" \/>\n<meta name=\"twitter:label1\" content=\"Tempo di lettura stimato\" \/>\n\t<meta name=\"twitter:data1\" content=\"1 minuto\" \/>\n<script type=\"application\/ld+json\" class=\"yoast-schema-graph\">{\"@context\":\"https:\/\/schema.org\",\"@graph\":[{\"@type\":\"WebPage\",\"@id\":\"https:\/\/www.belle.si\/it\/izdelek\/darilni-paket-popolna-nega-za-stopala\/\",\"url\":\"https:\/\/www.belle.si\/it\/izdelek\/darilni-paket-popolna-nega-za-stopala\/\",\"name\":\"Darilni paket - popolna nega za stopala - Belle.si kozmeti\u010dna trgovina\",\"isPartOf\":{\"@id\":\"https:\/\/www.belle.si\/it\/#website\"},\"primaryImageOfPage\":{\"@id\":\"https:\/\/www.belle.si\/it\/izdelek\/darilni-paket-popolna-nega-za-stopala\/#primaryimage\"},\"image\":{\"@id\":\"https:\/\/www.belle.si\/it\/izdelek\/darilni-paket-popolna-nega-za-stopala\/#primaryimage\"},\"thumbnailUrl\":\"https:\/\/www.belle.si\/wp-content\/uploads\/2022\/10\/Untitled-design92.png\",\"datePublished\":\"2020-11-10T08:41:04+00:00\",\"dateModified\":\"2022-10-19T09:09:00+00:00\",\"breadcrumb\":{\"@id\":\"https:\/\/www.belle.si\/it\/izdelek\/darilni-paket-popolna-nega-za-stopala\/#breadcrumb\"},\"inLanguage\":\"it-IT\",\"potentialAction\":[{\"@type\":\"ReadAction\",\"target\":[\"https:\/\/www.belle.si\/it\/izdelek\/darilni-paket-popolna-nega-za-stopala\/\"]}]},{\"@type\":\"ImageObject\",\"inLanguage\":\"it-IT\",\"@id\":\"https:\/\/www.belle.si\/it\/izdelek\/darilni-paket-popolna-nega-za-stopala\/#primaryimage\",\"url\":\"https:\/\/www.belle.si\/wp-content\/uploads\/2022\/10\/Untitled-design92.png\",\"contentUrl\":\"https:\/\/www.belle.si\/wp-content\/uploads\/2022\/10\/Untitled-design92.png\",\"width\":940,\"height\":788},{\"@type\":\"BreadcrumbList\",\"@id\":\"https:\/\/www.belle.si\/it\/izdelek\/darilni-paket-popolna-nega-za-stopala\/#breadcrumb\",\"itemListElement\":[{\"@type\":\"ListItem\",\"position\":1,\"name\":\"Home\",\"item\":\"https:\/\/www.belle.si\/it\/\"},{\"@type\":\"ListItem\",\"position\":2,\"name\":\"Trgovina\",\"item\":\"https:\/\/www.belle.si\/trgovina\/\"},{\"@type\":\"ListItem\",\"position\":3,\"name\":\"Darilni paket &#8211; popolna nega za stopala\"}]},{\"@type\":\"WebSite\",\"@id\":\"https:\/\/www.belle.si\/it\/#website\",\"url\":\"https:\/\/www.belle.si\/it\/\",\"name\":\"Belle.si kozmeti\u010dna trgovina\",\"description\":\"\",\"publisher\":{\"@id\":\"https:\/\/www.belle.si\/it\/#organization\"},\"potentialAction\":[{\"@type\":\"SearchAction\",\"target\":{\"@type\":\"EntryPoint\",\"urlTemplate\":\"https:\/\/www.belle.si\/it\/?s={search_term_string}\"},\"query-input\":{\"@type\":\"PropertyValueSpecification\",\"valueRequired\":true,\"valueName\":\"search_term_string\"}}],\"inLanguage\":\"it-IT\"},{\"@type\":\"Organization\",\"@id\":\"https:\/\/www.belle.si\/it\/#organization\",\"name\":\"Belle.si kozmeti\u010dna trgovina\",\"url\":\"https:\/\/www.belle.si\/it\/\",\"logo\":{\"@type\":\"ImageObject\",\"inLanguage\":\"it-IT\",\"@id\":\"https:\/\/www.belle.si\/it\/#\/schema\/logo\/image\/\",\"url\":\"https:\/\/www.belle.si\/wp-content\/uploads\/2022\/10\/cropped-logo_belle_trgovina.png\",\"contentUrl\":\"https:\/\/www.belle.si\/wp-content\/uploads\/2022\/10\/cropped-logo_belle_trgovina.png\",\"width\":270,\"height\":135,\"caption\":\"Belle.si kozmeti\u010dna trgovina\"},\"image\":{\"@id\":\"https:\/\/www.belle.si\/it\/#\/schema\/logo\/image\/\"},\"sameAs\":[\"https:\/\/www.facebook.com\/belle.si.cosmetics\/\",\"https:\/\/www.instagram.com\/belle.si.cosmetics\/\"]}]}<\/script>\n<!-- \/ Yoast SEO plugin. -->","yoast_head_json":{"title":"Darilni paket - popolna nega za stopala - Belle.si kozmeti\u010dna trgovina","robots":{"index":"index","follow":"follow","max-snippet":"max-snippet:-1","max-image-preview":"max-image-preview:large","max-video-preview":"max-video-preview:-1"},"canonical":"https:\/\/www.belle.si\/it\/izdelek\/darilni-paket-popolna-nega-za-stopala\/","og_locale":"it_IT","og_type":"article","og_title":"Darilni paket - popolna nega za stopala - Belle.si kozmeti\u010dna trgovina","og_description":"Popolna nega za lepa\u00a0 stopala! Komu je komplet namenjen? Komplet je namenjen vsem, ki imajo te\u017eave z odeblejeno, suho in neestetsko ko\u017eo na stopalih. Kaj vsebuje komplet? V kompletu je: gel za suho in odebeljeno ko\u017eo s plovcem 50ml osve\u017eilna in negovalna krema za stopala 50ml Gel za suho ko\u017eo je idealen za vse, ki [&hellip;]","og_url":"https:\/\/www.belle.si\/it\/izdelek\/darilni-paket-popolna-nega-za-stopala\/","og_site_name":"Belle.si kozmeti\u010dna trgovina","article_publisher":"https:\/\/www.facebook.com\/belle.si.cosmetics\/","article_modified_time":"2022-10-19T09:09:00+00:00","og_image":[{"width":940,"height":788,"url":"https:\/\/www.belle.si\/wp-content\/uploads\/2022\/10\/Untitled-design92.png","type":"image\/png"}],"twitter_card":"summary_large_image","twitter_misc":{"Tempo di lettura stimato":"1 minuto"},"schema":{"@context":"https:\/\/schema.org","@graph":[{"@type":"WebPage","@id":"https:\/\/www.belle.si\/it\/izdelek\/darilni-paket-popolna-nega-za-stopala\/","url":"https:\/\/www.belle.si\/it\/izdelek\/darilni-paket-popolna-nega-za-stopala\/","name":"Darilni paket - popolna nega za stopala - Belle.si kozmeti\u010dna trgovina","isPartOf":{"@id":"https:\/\/www.belle.si\/it\/#website"},"primaryImageOfPage":{"@id":"https:\/\/www.belle.si\/it\/izdelek\/darilni-paket-popolna-nega-za-stopala\/#primaryimage"},"image":{"@id":"https:\/\/www.belle.si\/it\/izdelek\/darilni-paket-popolna-nega-za-stopala\/#primaryimage"},"thumbnailUrl":"https:\/\/www.belle.si\/wp-content\/uploads\/2022\/10\/Untitled-design92.png","datePublished":"2020-11-10T08:41:04+00:00","dateModified":"2022-10-19T09:09:00+00:00","breadcrumb":{"@id":"https:\/\/www.belle.si\/it\/izdelek\/darilni-paket-popolna-nega-za-stopala\/#breadcrumb"},"inLanguage":"it-IT","potentialAction":[{"@type":"ReadAction","target":["https:\/\/www.belle.si\/it\/izdelek\/darilni-paket-popolna-nega-za-stopala\/"]}]},{"@type":"ImageObject","inLanguage":"it-IT","@id":"https:\/\/www.belle.si\/it\/izdelek\/darilni-paket-popolna-nega-za-stopala\/#primaryimage","url":"https:\/\/www.belle.si\/wp-content\/uploads\/2022\/10\/Untitled-design92.png","contentUrl":"https:\/\/www.belle.si\/wp-content\/uploads\/2022\/10\/Untitled-design92.png","width":940,"height":788},{"@type":"BreadcrumbList","@id":"https:\/\/www.belle.si\/it\/izdelek\/darilni-paket-popolna-nega-za-stopala\/#breadcrumb","itemListElement":[{"@type":"ListItem","position":1,"name":"Home","item":"https:\/\/www.belle.si\/it\/"},{"@type":"ListItem","position":2,"name":"Trgovina","item":"https:\/\/www.belle.si\/trgovina\/"},{"@type":"ListItem","position":3,"name":"Darilni paket &#8211; popolna nega za stopala"}]},{"@type":"WebSite","@id":"https:\/\/www.belle.si\/it\/#website","url":"https:\/\/www.belle.si\/it\/","name":"Belle.si kozmeti\u010dna trgovina","description":"","publisher":{"@id":"https:\/\/www.belle.si\/it\/#organization"},"potentialAction":[{"@type":"SearchAction","target":{"@type":"EntryPoint","urlTemplate":"https:\/\/www.belle.si\/it\/?s={search_term_string}"},"query-input":{"@type":"PropertyValueSpecification","valueRequired":true,"valueName":"search_term_string"}}],"inLanguage":"it-IT"},{"@type":"Organization","@id":"https:\/\/www.belle.si\/it\/#organization","name":"Belle.si kozmeti\u010dna trgovina","url":"https:\/\/www.belle.si\/it\/","logo":{"@type":"ImageObject","inLanguage":"it-IT","@id":"https:\/\/www.belle.si\/it\/#\/schema\/logo\/image\/","url":"https:\/\/www.belle.si\/wp-content\/uploads\/2022\/10\/cropped-logo_belle_trgovina.png","contentUrl":"https:\/\/www.belle.si\/wp-content\/uploads\/2022\/10\/cropped-logo_belle_trgovina.png","width":270,"height":135,"caption":"Belle.si kozmeti\u010dna trgovina"},"image":{"@id":"https:\/\/www.belle.si\/it\/#\/schema\/logo\/image\/"},"sameAs":["https:\/\/www.facebook.com\/belle.si.cosmetics\/","https:\/\/www.instagram.com\/belle.si.cosmetics\/"]}]}},"uagb_featured_image_src":{"full":["https:\/\/www.belle.si\/wp-content\/uploads\/2022\/10\/Untitled-design92.png",940,788,false],"thumbnail":["https:\/\/www.belle.si\/wp-content\/uploads\/2022\/10\/Untitled-design92-150x150.png",150,150,true],"medium":["https:\/\/www.belle.si\/wp-content\/uploads\/2022\/10\/Untitled-design92-300x251.png",300,251,true],"medium_large":["https:\/\/www.belle.si\/wp-content\/uploads\/2022\/10\/Untitled-design92-768x644.png",768,644,true],"large":["https:\/\/www.belle.si\/wp-content\/uploads\/2022\/10\/Untitled-design92.png",940,788,false],"1536x1536":["https:\/\/www.belle.si\/wp-content\/uploads\/2022\/10\/Untitled-design92.png",940,788,false],"2048x2048":["https:\/\/www.belle.si\/wp-content\/uploads\/2022\/10\/Untitled-design92.png",940,788,false],"mailpoet_newsletter_max":["https:\/\/www.belle.si\/wp-content\/uploads\/2022\/10\/Untitled-design92.png",940,788,false],"woocommerce_thumbnail":["https:\/\/www.belle.si\/wp-content\/uploads\/2022\/10\/Untitled-design92-300x300.png",300,300,true],"woocommerce_single":["https:\/\/www.belle.si\/wp-content\/uploads\/2022\/10\/Untitled-design92-600x503.png",600,503,true],"woocommerce_gallery_thumbnail":["https:\/\/www.belle.si\/wp-content\/uploads\/2022\/10\/Untitled-design92-100x100.png",100,100,true]},"uagb_author_info":{"display_name":"taja","author_link":"https:\/\/www.belle.si\/it\/author\/"},"uagb_comment_info":0,"uagb_excerpt":"Popolna nega za lepa\u00a0 stopala! Komu je komplet namenjen? Komplet je namenjen vsem, ki imajo te\u017eave z odeblejeno, suho in neestetsko ko\u017eo na stopalih. Kaj vsebuje komplet? V kompletu je: gel za suho in odebeljeno ko\u017eo s plovcem 50ml osve\u017eilna in negovalna krema za stopala 50ml Gel za suho ko\u017eo je idealen za vse, ki&hellip;","_links":{"self":[{"href":"https:\/\/www.belle.si\/it\/wp-json\/wp\/v2\/product\/99372","targetHints":{"allow":["GET"]}}],"collection":[{"href":"https:\/\/www.belle.si\/it\/wp-json\/wp\/v2\/product"}],"about":[{"href":"https:\/\/www.belle.si\/it\/wp-json\/wp\/v2\/types\/product"}],"replies":[{"embeddable":true,"href":"https:\/\/www.belle.si\/it\/wp-json\/wp\/v2\/comments?post=99372"}],"wp:featuredmedia":[{"embeddable":true,"href":"https:\/\/www.belle.si\/it\/wp-json\/wp\/v2\/media\/99373"}],"wp:attachment":[{"href":"https:\/\/www.belle.si\/it\/wp-json\/wp\/v2\/media?parent=99372"}],"wp:term":[{"taxonomy":"product_brand","embeddable":true,"href":"https:\/\/www.belle.si\/it\/wp-json\/wp\/v2\/product_brand?post=99372"},{"taxonomy":"product_cat","embeddable":true,"href":"https:\/\/www.belle.si\/it\/wp-json\/wp\/v2\/product_cat?post=99372"},{"taxonomy":"product_tag","embeddable":true,"href":"https:\/\/www.belle.si\/it\/wp-json\/wp\/v2\/product_tag?post=99372"}],"curies":[{"name":"wp","href":"https:\/\/api.w.org\/{rel}","templated":true}]}}