{"id":99311,"date":"2020-11-04T12:47:11","date_gmt":"2020-11-04T12:47:11","guid":{"rendered":"https:\/\/belle.zabica.org\/?post_type=product&#038;p=99311"},"modified":"2022-10-19T09:08:54","modified_gmt":"2022-10-19T09:08:54","slug":"darilni-paket-vedno-lepa-z-belle-privlacne-oci-in-ustnice","status":"publish","type":"product","link":"https:\/\/www.belle.si\/it\/izdelek\/darilni-paket-vedno-lepa-z-belle-privlacne-oci-in-ustnice\/","title":{"rendered":"Darilni paket &#8211; vedno lepa z Belle &#8211; privla\u010dne o\u010di in ustnice"},"content":{"rendered":"<h2>Vedno lepa z Belle &#8211; darilni paket zanjo!<\/h2>\n<h2>Aplikator za lepo ko\u017eo pod o\u010dmi   magic lip balzam za napete ustnice<\/h2>\n<p>Kaj vsebuje darilni paket:<\/p>\n<ul>\n<li><strong>posebni aplikator s kremo, ki takoj zgladi ko\u017eo pod o\u010dmi &#8211; u\u010dinek traja do 12ur &#8211; 20ml<br \/>\n<\/strong><\/li>\n<li><strong>balzam za bolj polne in gladke ustnie Magic Lip &#8211; 10ml<\/strong><\/li>\n<\/ul>\n<div class=\"panel description\">\n<div class=\"std\">\n<h2 style=\"text-align: left;\" align=\"center\">FLASH LIFT V TRENUTKU ZGLADI GUBE POD O\u010cMI.<\/h2>\n<\/div>\n<\/div>\n<div class=\"panel description\">\n<h3>Flash lift deluje v samo 3 sekundah in razlika je opazna ve\u010d ur. <strong><br \/>\n<\/strong><\/h3>\n<\/div>\n<ul>\n<li class=\"std\">U\u010dinek je viden takoj.<\/li>\n<li class=\"std\">Deluje 6 do 12 ur<\/li>\n<li class=\"std\">Na korektor lahko naneste svoja li\u010dila.<\/li>\n<li class=\"std\">Delovanje je usmerjeno na gube in smejalne gubice.<\/li>\n<\/ul>\n<h2 align=\"center\"><a href=\"https:\/\/www.belle.si\/wp-content\/uploads\/2020\/06\/Flash_fift_proti_gubam.jpg\"><img fetchpriority=\"high\" decoding=\"async\" class=\"size-full wp-image-98649 alignleft\" src=\"https:\/\/www.belle.si\/wp-content\/uploads\/2020\/06\/Flash_fift_proti_gubam.jpg\" alt=\"Flash Lift aplikator za hipno brisanje gub pod o\u010dmi\" width=\"1100\" height=\"220\" \/><\/a><\/h2>\n<p>Zaradi posebne oblike je aplikacija zelo natan\u010dna in krema deluje globoko v gubah, jih zgladi in zabri\u0161e, ko\u017eo pa napne in izena\u010di.<\/p>\n<p class=\"subtitle\"><strong>Navodila za uporabo aplikatorja proti gubam<\/strong><\/p>\n<div class=\"std\">\n<p>Enkrat na dan nanesite na predel pod o\u010dmi, kjer se je naredilo najve\u010d gub in ko\u017ea deluje neenakomerna, nabuhla ali vdrta. Po nanosu korektorja lahko uporabite li\u010dila kot ste navajene. Konico alplikatorja uporabite tako, da s kremo pokrijete le podro\u010dje pod o\u010dmi. Pazite, da ne zaide v o\u010di.<\/p>\n<\/div>\n<h2><\/h2>\n<h2>Magic-Lip poudari lepoto ustnic, jih napolni in oblikuje.<\/h2>\n<p><a href=\"https:\/\/www.belle.si\/wp-content\/uploads\/2020\/11\/Copy-of-Francoska-kozmetika-vrhunske-kakovosti.png\"><img decoding=\"async\" class=\"alignleft wp-image-99320\" src=\"https:\/\/www.belle.si\/wp-content\/uploads\/2020\/11\/Copy-of-Francoska-kozmetika-vrhunske-kakovosti.png\" alt=\"Pove\u010daj volumen svojih ustnic\" width=\"279\" height=\"234\" \/><\/a><\/p>\n<p>Ustnice so na\u0161 lepotni adut, ko so lepo navla\u017eene, lepo oblikovane in v idealnem razmerju. Vse to je mogo\u010de dose\u010di s kremo Magic Lip balzamom! Na osnovi posebnih u\u010dinkovin va\u0161e ustnice pridobijo na volumnu, so bolj polne, navla\u017eene in negovane. Magic-Lip pomaga pri suhih in hrapavih ustnicah. Krema ima naraven in prijeten vonj po vaniliji. Je prozorna in deluje kot dobra podlaga za rde\u010dilo. Razlika je opazna takoj, \u010de kremo redno uporabljate.<\/p>\n<p>&nbsp;<\/p>\n<p><strong>Navodila za uporabo<\/strong><\/p>\n<p>Kremo ne\u017eno nanesite na ustnica vsak dan. Pred uporabo rde\u010dila, po\u010dakajte, da se krema vpije.<\/p>\n<p>&nbsp;<\/p>\n","protected":false},"excerpt":{"rendered":"<p>Vedno lepa z Belle &#8211; darilni paket zanjo! Aplikator za lepo ko\u017eo pod o\u010dmi magic lip balzam za napete ustnice Kaj vsebuje darilni paket: posebni aplikator s kremo, ki takoj zgladi ko\u017eo pod o\u010dmi &#8211; u\u010dinek traja do 12ur &#8211; 20ml balzam za bolj polne in gladke ustnie Magic Lip &#8211; 10ml FLASH LIFT V [&hellip;]<\/p>\n","protected":false},"featured_media":99312,"comment_status":"closed","ping_status":"closed","template":"","meta":{"_uag_custom_page_level_css":"","_monsterinsights_skip_tracking":false,"_monsterinsights_sitenote_active":false,"_monsterinsights_sitenote_note":"","_monsterinsights_sitenote_category":0,"site-sidebar-layout":"default","site-content-layout":"","ast-site-content-layout":"default","site-content-style":"default","site-sidebar-style":"default","ast-global-header-display":"","ast-banner-title-visibility":"","ast-main-header-display":"","ast-hfb-above-header-display":"","ast-hfb-below-header-display":"","ast-hfb-mobile-header-display":"","site-post-title":"","ast-breadcrumbs-content":"","ast-featured-img":"","footer-sml-layout":"","ast-disable-related-posts":"","theme-transparent-header-meta":"","adv-header-id-meta":"","stick-header-meta":"","header-above-stick-meta":"","header-main-stick-meta":"","header-below-stick-meta":"","astra-migrate-meta-layouts":"default","ast-page-background-enabled":"default","ast-page-background-meta":{"desktop":{"background-color":"var(--ast-global-color-4)","background-image":"","background-repeat":"repeat","background-position":"center center","background-size":"auto","background-attachment":"scroll","background-type":"","background-media":"","overlay-type":"","overlay-color":"","overlay-opacity":"","overlay-gradient":""},"tablet":{"background-color":"","background-image":"","background-repeat":"repeat","background-position":"center center","background-size":"auto","background-attachment":"scroll","background-type":"","background-media":"","overlay-type":"","overlay-color":"","overlay-opacity":"","overlay-gradient":""},"mobile":{"background-color":"","background-image":"","background-repeat":"repeat","background-position":"center center","background-size":"auto","background-attachment":"scroll","background-type":"","background-media":"","overlay-type":"","overlay-color":"","overlay-opacity":"","overlay-gradient":""}},"ast-content-background-meta":{"desktop":{"background-color":"var(--ast-global-color-5)","background-image":"","background-repeat":"repeat","background-position":"center center","background-size":"auto","background-attachment":"scroll","background-type":"","background-media":"","overlay-type":"","overlay-color":"","overlay-opacity":"","overlay-gradient":""},"tablet":{"background-color":"var(--ast-global-color-5)","background-image":"","background-repeat":"repeat","background-position":"center center","background-size":"auto","background-attachment":"scroll","background-type":"","background-media":"","overlay-type":"","overlay-color":"","overlay-opacity":"","overlay-gradient":""},"mobile":{"background-color":"var(--ast-global-color-5)","background-image":"","background-repeat":"repeat","background-position":"center center","background-size":"auto","background-attachment":"scroll","background-type":"","background-media":"","overlay-type":"","overlay-color":"","overlay-opacity":"","overlay-gradient":""}}},"product_brand":[],"product_cat":[51],"product_tag":[41],"class_list":{"0":"post-99311","1":"product","2":"type-product","3":"status-publish","4":"has-post-thumbnail","6":"product_cat-darila","7":"product_tag-darilni-paketi","8":"desktop-align-left","9":"tablet-align-left","10":"mobile-align-left","11":"ast-product-gallery-layout-first-image-large","12":"ast-magnify-disabled","13":"ast-product-tabs-layout-horizontal","15":"first","16":"instock","17":"sale","18":"taxable","19":"shipping-taxable","20":"purchasable","21":"product-type-simple"},"yoast_head":"<!-- This site is optimized with the Yoast SEO plugin v26.9 - https:\/\/yoast.com\/product\/yoast-seo-wordpress\/ -->\n<title>Darilni paket - vedno lepa z Belle - privla\u010dne o\u010di in ustnice - Belle.si kozmeti\u010dna trgovina<\/title>\n<meta name=\"robots\" content=\"index, follow, max-snippet:-1, max-image-preview:large, max-video-preview:-1\" \/>\n<link rel=\"canonical\" href=\"https:\/\/www.belle.si\/it\/izdelek\/darilni-paket-vedno-lepa-z-belle-privlacne-oci-in-ustnice\/\" \/>\n<meta property=\"og:locale\" content=\"it_IT\" \/>\n<meta property=\"og:type\" content=\"article\" \/>\n<meta property=\"og:title\" content=\"Darilni paket - vedno lepa z Belle - privla\u010dne o\u010di in ustnice - Belle.si kozmeti\u010dna trgovina\" \/>\n<meta property=\"og:description\" content=\"Vedno lepa z Belle &#8211; darilni paket zanjo! Aplikator za lepo ko\u017eo pod o\u010dmi magic lip balzam za napete ustnice Kaj vsebuje darilni paket: posebni aplikator s kremo, ki takoj zgladi ko\u017eo pod o\u010dmi &#8211; u\u010dinek traja do 12ur &#8211; 20ml balzam za bolj polne in gladke ustnie Magic Lip &#8211; 10ml FLASH LIFT V [&hellip;]\" \/>\n<meta property=\"og:url\" content=\"https:\/\/www.belle.si\/it\/izdelek\/darilni-paket-vedno-lepa-z-belle-privlacne-oci-in-ustnice\/\" \/>\n<meta property=\"og:site_name\" content=\"Belle.si kozmeti\u010dna trgovina\" \/>\n<meta property=\"article:publisher\" content=\"https:\/\/www.facebook.com\/belle.si.cosmetics\/\" \/>\n<meta property=\"article:modified_time\" content=\"2022-10-19T09:08:54+00:00\" \/>\n<meta property=\"og:image\" content=\"https:\/\/www.belle.si\/wp-content\/uploads\/2022\/10\/Copy-of-Dodajte-naslov.png\" \/>\n\t<meta property=\"og:image:width\" content=\"600\" \/>\n\t<meta property=\"og:image:height\" content=\"600\" \/>\n\t<meta property=\"og:image:type\" content=\"image\/png\" \/>\n<meta name=\"twitter:card\" content=\"summary_large_image\" \/>\n<meta name=\"twitter:label1\" content=\"Tempo di lettura stimato\" \/>\n\t<meta name=\"twitter:data1\" content=\"1 minuto\" \/>\n<script type=\"application\/ld+json\" class=\"yoast-schema-graph\">{\"@context\":\"https:\/\/schema.org\",\"@graph\":[{\"@type\":\"WebPage\",\"@id\":\"https:\/\/www.belle.si\/it\/izdelek\/darilni-paket-vedno-lepa-z-belle-privlacne-oci-in-ustnice\/\",\"url\":\"https:\/\/www.belle.si\/it\/izdelek\/darilni-paket-vedno-lepa-z-belle-privlacne-oci-in-ustnice\/\",\"name\":\"Darilni paket - vedno lepa z Belle - privla\u010dne o\u010di in ustnice - Belle.si kozmeti\u010dna trgovina\",\"isPartOf\":{\"@id\":\"https:\/\/www.belle.si\/it\/#website\"},\"primaryImageOfPage\":{\"@id\":\"https:\/\/www.belle.si\/it\/izdelek\/darilni-paket-vedno-lepa-z-belle-privlacne-oci-in-ustnice\/#primaryimage\"},\"image\":{\"@id\":\"https:\/\/www.belle.si\/it\/izdelek\/darilni-paket-vedno-lepa-z-belle-privlacne-oci-in-ustnice\/#primaryimage\"},\"thumbnailUrl\":\"https:\/\/www.belle.si\/wp-content\/uploads\/2022\/10\/Copy-of-Dodajte-naslov.png\",\"datePublished\":\"2020-11-04T12:47:11+00:00\",\"dateModified\":\"2022-10-19T09:08:54+00:00\",\"breadcrumb\":{\"@id\":\"https:\/\/www.belle.si\/it\/izdelek\/darilni-paket-vedno-lepa-z-belle-privlacne-oci-in-ustnice\/#breadcrumb\"},\"inLanguage\":\"it-IT\",\"potentialAction\":[{\"@type\":\"ReadAction\",\"target\":[\"https:\/\/www.belle.si\/it\/izdelek\/darilni-paket-vedno-lepa-z-belle-privlacne-oci-in-ustnice\/\"]}]},{\"@type\":\"ImageObject\",\"inLanguage\":\"it-IT\",\"@id\":\"https:\/\/www.belle.si\/it\/izdelek\/darilni-paket-vedno-lepa-z-belle-privlacne-oci-in-ustnice\/#primaryimage\",\"url\":\"https:\/\/www.belle.si\/wp-content\/uploads\/2022\/10\/Copy-of-Dodajte-naslov.png\",\"contentUrl\":\"https:\/\/www.belle.si\/wp-content\/uploads\/2022\/10\/Copy-of-Dodajte-naslov.png\",\"width\":600,\"height\":600,\"caption\":\"magic lip in flash lift\"},{\"@type\":\"BreadcrumbList\",\"@id\":\"https:\/\/www.belle.si\/it\/izdelek\/darilni-paket-vedno-lepa-z-belle-privlacne-oci-in-ustnice\/#breadcrumb\",\"itemListElement\":[{\"@type\":\"ListItem\",\"position\":1,\"name\":\"Home\",\"item\":\"https:\/\/www.belle.si\/it\/\"},{\"@type\":\"ListItem\",\"position\":2,\"name\":\"Trgovina\",\"item\":\"https:\/\/www.belle.si\/trgovina\/\"},{\"@type\":\"ListItem\",\"position\":3,\"name\":\"Darilni paket &#8211; vedno lepa z Belle &#8211; privla\u010dne o\u010di in ustnice\"}]},{\"@type\":\"WebSite\",\"@id\":\"https:\/\/www.belle.si\/it\/#website\",\"url\":\"https:\/\/www.belle.si\/it\/\",\"name\":\"Belle.si kozmeti\u010dna trgovina\",\"description\":\"\",\"publisher\":{\"@id\":\"https:\/\/www.belle.si\/it\/#organization\"},\"potentialAction\":[{\"@type\":\"SearchAction\",\"target\":{\"@type\":\"EntryPoint\",\"urlTemplate\":\"https:\/\/www.belle.si\/it\/?s={search_term_string}\"},\"query-input\":{\"@type\":\"PropertyValueSpecification\",\"valueRequired\":true,\"valueName\":\"search_term_string\"}}],\"inLanguage\":\"it-IT\"},{\"@type\":\"Organization\",\"@id\":\"https:\/\/www.belle.si\/it\/#organization\",\"name\":\"Belle.si kozmeti\u010dna trgovina\",\"url\":\"https:\/\/www.belle.si\/it\/\",\"logo\":{\"@type\":\"ImageObject\",\"inLanguage\":\"it-IT\",\"@id\":\"https:\/\/www.belle.si\/it\/#\/schema\/logo\/image\/\",\"url\":\"https:\/\/www.belle.si\/wp-content\/uploads\/2022\/10\/cropped-logo_belle_trgovina.png\",\"contentUrl\":\"https:\/\/www.belle.si\/wp-content\/uploads\/2022\/10\/cropped-logo_belle_trgovina.png\",\"width\":270,\"height\":135,\"caption\":\"Belle.si kozmeti\u010dna trgovina\"},\"image\":{\"@id\":\"https:\/\/www.belle.si\/it\/#\/schema\/logo\/image\/\"},\"sameAs\":[\"https:\/\/www.facebook.com\/belle.si.cosmetics\/\",\"https:\/\/www.instagram.com\/belle.si.cosmetics\/\"]}]}<\/script>\n<!-- \/ Yoast SEO plugin. -->","yoast_head_json":{"title":"Darilni paket - vedno lepa z Belle - privla\u010dne o\u010di in ustnice - Belle.si kozmeti\u010dna trgovina","robots":{"index":"index","follow":"follow","max-snippet":"max-snippet:-1","max-image-preview":"max-image-preview:large","max-video-preview":"max-video-preview:-1"},"canonical":"https:\/\/www.belle.si\/it\/izdelek\/darilni-paket-vedno-lepa-z-belle-privlacne-oci-in-ustnice\/","og_locale":"it_IT","og_type":"article","og_title":"Darilni paket - vedno lepa z Belle - privla\u010dne o\u010di in ustnice - Belle.si kozmeti\u010dna trgovina","og_description":"Vedno lepa z Belle &#8211; darilni paket zanjo! Aplikator za lepo ko\u017eo pod o\u010dmi magic lip balzam za napete ustnice Kaj vsebuje darilni paket: posebni aplikator s kremo, ki takoj zgladi ko\u017eo pod o\u010dmi &#8211; u\u010dinek traja do 12ur &#8211; 20ml balzam za bolj polne in gladke ustnie Magic Lip &#8211; 10ml FLASH LIFT V [&hellip;]","og_url":"https:\/\/www.belle.si\/it\/izdelek\/darilni-paket-vedno-lepa-z-belle-privlacne-oci-in-ustnice\/","og_site_name":"Belle.si kozmeti\u010dna trgovina","article_publisher":"https:\/\/www.facebook.com\/belle.si.cosmetics\/","article_modified_time":"2022-10-19T09:08:54+00:00","og_image":[{"width":600,"height":600,"url":"https:\/\/www.belle.si\/wp-content\/uploads\/2022\/10\/Copy-of-Dodajte-naslov.png","type":"image\/png"}],"twitter_card":"summary_large_image","twitter_misc":{"Tempo di lettura stimato":"1 minuto"},"schema":{"@context":"https:\/\/schema.org","@graph":[{"@type":"WebPage","@id":"https:\/\/www.belle.si\/it\/izdelek\/darilni-paket-vedno-lepa-z-belle-privlacne-oci-in-ustnice\/","url":"https:\/\/www.belle.si\/it\/izdelek\/darilni-paket-vedno-lepa-z-belle-privlacne-oci-in-ustnice\/","name":"Darilni paket - vedno lepa z Belle - privla\u010dne o\u010di in ustnice - Belle.si kozmeti\u010dna trgovina","isPartOf":{"@id":"https:\/\/www.belle.si\/it\/#website"},"primaryImageOfPage":{"@id":"https:\/\/www.belle.si\/it\/izdelek\/darilni-paket-vedno-lepa-z-belle-privlacne-oci-in-ustnice\/#primaryimage"},"image":{"@id":"https:\/\/www.belle.si\/it\/izdelek\/darilni-paket-vedno-lepa-z-belle-privlacne-oci-in-ustnice\/#primaryimage"},"thumbnailUrl":"https:\/\/www.belle.si\/wp-content\/uploads\/2022\/10\/Copy-of-Dodajte-naslov.png","datePublished":"2020-11-04T12:47:11+00:00","dateModified":"2022-10-19T09:08:54+00:00","breadcrumb":{"@id":"https:\/\/www.belle.si\/it\/izdelek\/darilni-paket-vedno-lepa-z-belle-privlacne-oci-in-ustnice\/#breadcrumb"},"inLanguage":"it-IT","potentialAction":[{"@type":"ReadAction","target":["https:\/\/www.belle.si\/it\/izdelek\/darilni-paket-vedno-lepa-z-belle-privlacne-oci-in-ustnice\/"]}]},{"@type":"ImageObject","inLanguage":"it-IT","@id":"https:\/\/www.belle.si\/it\/izdelek\/darilni-paket-vedno-lepa-z-belle-privlacne-oci-in-ustnice\/#primaryimage","url":"https:\/\/www.belle.si\/wp-content\/uploads\/2022\/10\/Copy-of-Dodajte-naslov.png","contentUrl":"https:\/\/www.belle.si\/wp-content\/uploads\/2022\/10\/Copy-of-Dodajte-naslov.png","width":600,"height":600,"caption":"magic lip in flash lift"},{"@type":"BreadcrumbList","@id":"https:\/\/www.belle.si\/it\/izdelek\/darilni-paket-vedno-lepa-z-belle-privlacne-oci-in-ustnice\/#breadcrumb","itemListElement":[{"@type":"ListItem","position":1,"name":"Home","item":"https:\/\/www.belle.si\/it\/"},{"@type":"ListItem","position":2,"name":"Trgovina","item":"https:\/\/www.belle.si\/trgovina\/"},{"@type":"ListItem","position":3,"name":"Darilni paket &#8211; vedno lepa z Belle &#8211; privla\u010dne o\u010di in ustnice"}]},{"@type":"WebSite","@id":"https:\/\/www.belle.si\/it\/#website","url":"https:\/\/www.belle.si\/it\/","name":"Belle.si kozmeti\u010dna trgovina","description":"","publisher":{"@id":"https:\/\/www.belle.si\/it\/#organization"},"potentialAction":[{"@type":"SearchAction","target":{"@type":"EntryPoint","urlTemplate":"https:\/\/www.belle.si\/it\/?s={search_term_string}"},"query-input":{"@type":"PropertyValueSpecification","valueRequired":true,"valueName":"search_term_string"}}],"inLanguage":"it-IT"},{"@type":"Organization","@id":"https:\/\/www.belle.si\/it\/#organization","name":"Belle.si kozmeti\u010dna trgovina","url":"https:\/\/www.belle.si\/it\/","logo":{"@type":"ImageObject","inLanguage":"it-IT","@id":"https:\/\/www.belle.si\/it\/#\/schema\/logo\/image\/","url":"https:\/\/www.belle.si\/wp-content\/uploads\/2022\/10\/cropped-logo_belle_trgovina.png","contentUrl":"https:\/\/www.belle.si\/wp-content\/uploads\/2022\/10\/cropped-logo_belle_trgovina.png","width":270,"height":135,"caption":"Belle.si kozmeti\u010dna trgovina"},"image":{"@id":"https:\/\/www.belle.si\/it\/#\/schema\/logo\/image\/"},"sameAs":["https:\/\/www.facebook.com\/belle.si.cosmetics\/","https:\/\/www.instagram.com\/belle.si.cosmetics\/"]}]}},"uagb_featured_image_src":{"full":["https:\/\/www.belle.si\/wp-content\/uploads\/2022\/10\/Copy-of-Dodajte-naslov.png",600,600,false],"thumbnail":["https:\/\/www.belle.si\/wp-content\/uploads\/2022\/10\/Copy-of-Dodajte-naslov-150x150.png",150,150,true],"medium":["https:\/\/www.belle.si\/wp-content\/uploads\/2022\/10\/Copy-of-Dodajte-naslov-300x300.png",300,300,true],"medium_large":["https:\/\/www.belle.si\/wp-content\/uploads\/2022\/10\/Copy-of-Dodajte-naslov.png",600,600,false],"large":["https:\/\/www.belle.si\/wp-content\/uploads\/2022\/10\/Copy-of-Dodajte-naslov.png",600,600,false],"1536x1536":["https:\/\/www.belle.si\/wp-content\/uploads\/2022\/10\/Copy-of-Dodajte-naslov.png",600,600,false],"2048x2048":["https:\/\/www.belle.si\/wp-content\/uploads\/2022\/10\/Copy-of-Dodajte-naslov.png",600,600,false],"mailpoet_newsletter_max":["https:\/\/www.belle.si\/wp-content\/uploads\/2022\/10\/Copy-of-Dodajte-naslov.png",600,600,false],"woocommerce_thumbnail":["https:\/\/www.belle.si\/wp-content\/uploads\/2022\/10\/Copy-of-Dodajte-naslov-300x300.png",300,300,true],"woocommerce_single":["https:\/\/www.belle.si\/wp-content\/uploads\/2022\/10\/Copy-of-Dodajte-naslov.png",600,600,false],"woocommerce_gallery_thumbnail":["https:\/\/www.belle.si\/wp-content\/uploads\/2022\/10\/Copy-of-Dodajte-naslov-100x100.png",100,100,true]},"uagb_author_info":{"display_name":"taja","author_link":"https:\/\/www.belle.si\/it\/author\/"},"uagb_comment_info":0,"uagb_excerpt":"Vedno lepa z Belle &#8211; darilni paket zanjo! Aplikator za lepo ko\u017eo pod o\u010dmi magic lip balzam za napete ustnice Kaj vsebuje darilni paket: posebni aplikator s kremo, ki takoj zgladi ko\u017eo pod o\u010dmi &#8211; u\u010dinek traja do 12ur &#8211; 20ml balzam za bolj polne in gladke ustnie Magic Lip &#8211; 10ml FLASH LIFT V&hellip;","_links":{"self":[{"href":"https:\/\/www.belle.si\/it\/wp-json\/wp\/v2\/product\/99311","targetHints":{"allow":["GET"]}}],"collection":[{"href":"https:\/\/www.belle.si\/it\/wp-json\/wp\/v2\/product"}],"about":[{"href":"https:\/\/www.belle.si\/it\/wp-json\/wp\/v2\/types\/product"}],"replies":[{"embeddable":true,"href":"https:\/\/www.belle.si\/it\/wp-json\/wp\/v2\/comments?post=99311"}],"wp:featuredmedia":[{"embeddable":true,"href":"https:\/\/www.belle.si\/it\/wp-json\/wp\/v2\/media\/99312"}],"wp:attachment":[{"href":"https:\/\/www.belle.si\/it\/wp-json\/wp\/v2\/media?parent=99311"}],"wp:term":[{"taxonomy":"product_brand","embeddable":true,"href":"https:\/\/www.belle.si\/it\/wp-json\/wp\/v2\/product_brand?post=99311"},{"taxonomy":"product_cat","embeddable":true,"href":"https:\/\/www.belle.si\/it\/wp-json\/wp\/v2\/product_cat?post=99311"},{"taxonomy":"product_tag","embeddable":true,"href":"https:\/\/www.belle.si\/it\/wp-json\/wp\/v2\/product_tag?post=99311"}],"curies":[{"name":"wp","href":"https:\/\/api.w.org\/{rel}","templated":true}]}}