{"id":99106,"date":"2020-10-24T13:32:35","date_gmt":"2020-10-24T13:32:35","guid":{"rendered":"https:\/\/belle.zabica.org\/?post_type=product&#038;p=99106"},"modified":"2025-11-18T14:44:28","modified_gmt":"2025-11-18T13:44:28","slug":"anti-age-darilni-paket-krema-in-serum-z-vitaminom-c","status":"publish","type":"product","link":"https:\/\/www.belle.si\/it\/izdelek\/anti-age-darilni-paket-krema-in-serum-z-vitaminom-c\/","title":{"rendered":"Darilni paket &#8211; krema in serum z vitaminom C"},"content":{"rendered":"<div class=\"col\">\n<div class=\"panel description\">\n<h2>Darilo je primerno za vse, ki si \u017eelijo izbrisati sledove let z obraza.<\/h2>\n<h3>Koncentrat z vitaminom C je u\u010dinkovit pri odstranjevanju starostnih peg, gub, sledov kajenja in po\u0161kodb zaradi sonca.<\/h3>\n<p>Komplet je primeren za mo\u0161ke in \u017eenske <strong>nad 25 letom starosti<\/strong>.<\/p>\n<p><strong>Komplet vsebuje:<\/strong><\/p>\n<ul>\n<li><strong>kremo s koncentratom vitamina C 50ml<\/strong><\/li>\n<li><strong>serum s koncentratom vitamina C 15ml<\/strong><\/li>\n<\/ul>\n<p>Zakaj izbrati ta koplet kot darilo?<\/p>\n<p>Vitamin C spodbuja sintezo kolagena, ki je odgovoren za \u010dvrstost in elasti\u010dnost ko\u017ee, pomaga\u00a0 pri obnovi ko\u017ee, potem ko je bila izpostavljena soncu ter zmanj\u0161uje proizvodnjo melanina, ki povzro\u010da temne lise.<\/p>\n<p>Ima tudi mo\u010dan ANTIOKSIDACIJSKI\u00a0 u\u010dinek, ki <strong>nevtralizira proste radikale, ki jih povzro\u010dajo UV \u017earki, stres, kajenje in onesna\u017eenja okolja<\/strong><\/p>\n<p>&nbsp;<\/p>\n<\/div>\n<\/div>\n<p><strong>Navodila za uporabo\u00a0 kreme in seruma za obraz z vitaminom C<\/strong><\/p>\n<p>Kremo z vitaminom C zjutraj nanesite na suho, o\u010di\u0161\u010deno ko\u017eo. Izogibajte se dolgotrajnemu izpostavljanju soncu.<\/p>\n<div class=\"col\">\n<div class=\"panel directions\">\n<div class=\"std\">\n<div class=\"panel directions\">\n<div class=\"std\">\n<p>Serum z vitaminom C zjutraj nanesite na suho, o\u010di\u0161\u010deno ko\u017eo. Izogibajte se dolgotrajnemu izpostavljanju soncu.<\/p>\n<p>Pazite, da vam izdelki ne zaidejo v o\u010di. V primeru, da pridejo v stik z o\u010dmi\u00a0 sperite z veliko vode.<\/p>\n<\/div>\n<\/div>\n<\/div>\n<\/div>\n<\/div>\n<p>&nbsp;<\/p>\n<p>Izdelano v Franciji.<\/p>\n<p>&nbsp;<\/p>\n<div class=\"col\">\n<div class=\"panel description\"><\/div>\n<\/div>\n<div class=\"col\">\n<div class=\"panel directions\">\n<div class=\"std\">\n<div class=\"panel directions\">\n<p>&nbsp;<\/p>\n<\/div>\n<\/div>\n<\/div>\n<\/div>\n","protected":false},"excerpt":{"rendered":"<p>Darilo je primerno za vse, ki si \u017eelijo izbrisati sledove let z obraza. Koncentrat z vitaminom C je u\u010dinkovit pri odstranjevanju starostnih peg, gub, sledov kajenja in po\u0161kodb zaradi sonca. Komplet je primeren za mo\u0161ke in \u017eenske nad 25 letom starosti. Komplet vsebuje: kremo s koncentratom vitamina C 50ml serum s koncentratom vitamina C 15ml [&hellip;]<\/p>\n","protected":false},"featured_media":99107,"comment_status":"closed","ping_status":"closed","template":"","meta":{"_uag_custom_page_level_css":"","_monsterinsights_skip_tracking":false,"_monsterinsights_sitenote_active":false,"_monsterinsights_sitenote_note":"","_monsterinsights_sitenote_category":0,"site-sidebar-layout":"default","site-content-layout":"","ast-site-content-layout":"default","site-content-style":"default","site-sidebar-style":"default","ast-global-header-display":"","ast-banner-title-visibility":"","ast-main-header-display":"","ast-hfb-above-header-display":"","ast-hfb-below-header-display":"","ast-hfb-mobile-header-display":"","site-post-title":"","ast-breadcrumbs-content":"","ast-featured-img":"","footer-sml-layout":"","ast-disable-related-posts":"","theme-transparent-header-meta":"","adv-header-id-meta":"","stick-header-meta":"","header-above-stick-meta":"","header-main-stick-meta":"","header-below-stick-meta":"","astra-migrate-meta-layouts":"default","ast-page-background-enabled":"default","ast-page-background-meta":{"desktop":{"background-color":"var(--ast-global-color-4)","background-image":"","background-repeat":"repeat","background-position":"center center","background-size":"auto","background-attachment":"scroll","background-type":"","background-media":"","overlay-type":"","overlay-color":"","overlay-opacity":"","overlay-gradient":""},"tablet":{"background-color":"","background-image":"","background-repeat":"repeat","background-position":"center center","background-size":"auto","background-attachment":"scroll","background-type":"","background-media":"","overlay-type":"","overlay-color":"","overlay-opacity":"","overlay-gradient":""},"mobile":{"background-color":"","background-image":"","background-repeat":"repeat","background-position":"center center","background-size":"auto","background-attachment":"scroll","background-type":"","background-media":"","overlay-type":"","overlay-color":"","overlay-opacity":"","overlay-gradient":""}},"ast-content-background-meta":{"desktop":{"background-color":"var(--ast-global-color-5)","background-image":"","background-repeat":"repeat","background-position":"center center","background-size":"auto","background-attachment":"scroll","background-type":"","background-media":"","overlay-type":"","overlay-color":"","overlay-opacity":"","overlay-gradient":""},"tablet":{"background-color":"var(--ast-global-color-5)","background-image":"","background-repeat":"repeat","background-position":"center center","background-size":"auto","background-attachment":"scroll","background-type":"","background-media":"","overlay-type":"","overlay-color":"","overlay-opacity":"","overlay-gradient":""},"mobile":{"background-color":"var(--ast-global-color-5)","background-image":"","background-repeat":"repeat","background-position":"center center","background-size":"auto","background-attachment":"scroll","background-type":"","background-media":"","overlay-type":"","overlay-color":"","overlay-opacity":"","overlay-gradient":""}}},"product_brand":[],"product_cat":[51],"product_tag":[41],"class_list":{"0":"post-99106","1":"product","2":"type-product","3":"status-publish","4":"has-post-thumbnail","6":"product_cat-darila","7":"product_tag-darilni-paketi","8":"desktop-align-left","9":"tablet-align-left","10":"mobile-align-left","11":"ast-product-gallery-layout-first-image-large","12":"ast-product-gallery-with-no-image","13":"ast-magnify-disabled","14":"ast-product-tabs-layout-horizontal","16":"first","17":"outofstock","18":"sale","19":"taxable","20":"shipping-taxable","21":"purchasable","22":"product-type-simple"},"yoast_head":"<!-- This site is optimized with the Yoast SEO plugin v26.9 - https:\/\/yoast.com\/product\/yoast-seo-wordpress\/ -->\n<title>Darilni paket - krema in serum z vitaminom C - Belle.si kozmeti\u010dna trgovina<\/title>\n<meta name=\"robots\" content=\"index, follow, max-snippet:-1, max-image-preview:large, max-video-preview:-1\" \/>\n<link rel=\"canonical\" href=\"https:\/\/www.belle.si\/it\/izdelek\/anti-age-darilni-paket-krema-in-serum-z-vitaminom-c\/\" \/>\n<meta property=\"og:locale\" content=\"it_IT\" \/>\n<meta property=\"og:type\" content=\"article\" \/>\n<meta property=\"og:title\" content=\"Darilni paket - krema in serum z vitaminom C - Belle.si kozmeti\u010dna trgovina\" \/>\n<meta property=\"og:description\" content=\"Darilo je primerno za vse, ki si \u017eelijo izbrisati sledove let z obraza. Koncentrat z vitaminom C je u\u010dinkovit pri odstranjevanju starostnih peg, gub, sledov kajenja in po\u0161kodb zaradi sonca. Komplet je primeren za mo\u0161ke in \u017eenske nad 25 letom starosti. Komplet vsebuje: kremo s koncentratom vitamina C 50ml serum s koncentratom vitamina C 15ml [&hellip;]\" \/>\n<meta property=\"og:url\" content=\"https:\/\/www.belle.si\/it\/izdelek\/anti-age-darilni-paket-krema-in-serum-z-vitaminom-c\/\" \/>\n<meta property=\"og:site_name\" content=\"Belle.si kozmeti\u010dna trgovina\" \/>\n<meta property=\"article:publisher\" content=\"https:\/\/www.facebook.com\/belle.si.cosmetics\/\" \/>\n<meta property=\"article:modified_time\" content=\"2025-11-18T13:44:28+00:00\" \/>\n<meta property=\"og:image\" content=\"https:\/\/www.belle.si\/wp-content\/uploads\/2022\/10\/darilni_komplet_vitamin_C_za_obraz.png\" \/>\n\t<meta property=\"og:image:width\" content=\"800\" \/>\n\t<meta property=\"og:image:height\" content=\"800\" \/>\n\t<meta property=\"og:image:type\" content=\"image\/png\" \/>\n<meta name=\"twitter:card\" content=\"summary_large_image\" \/>\n<meta name=\"twitter:label1\" content=\"Tempo di lettura stimato\" \/>\n\t<meta name=\"twitter:data1\" content=\"1 minuto\" \/>\n<script type=\"application\/ld+json\" class=\"yoast-schema-graph\">{\"@context\":\"https:\/\/schema.org\",\"@graph\":[{\"@type\":\"WebPage\",\"@id\":\"https:\/\/www.belle.si\/it\/izdelek\/anti-age-darilni-paket-krema-in-serum-z-vitaminom-c\/\",\"url\":\"https:\/\/www.belle.si\/it\/izdelek\/anti-age-darilni-paket-krema-in-serum-z-vitaminom-c\/\",\"name\":\"Darilni paket - krema in serum z vitaminom C - Belle.si kozmeti\u010dna trgovina\",\"isPartOf\":{\"@id\":\"https:\/\/www.belle.si\/it\/#website\"},\"primaryImageOfPage\":{\"@id\":\"https:\/\/www.belle.si\/it\/izdelek\/anti-age-darilni-paket-krema-in-serum-z-vitaminom-c\/#primaryimage\"},\"image\":{\"@id\":\"https:\/\/www.belle.si\/it\/izdelek\/anti-age-darilni-paket-krema-in-serum-z-vitaminom-c\/#primaryimage\"},\"thumbnailUrl\":\"https:\/\/www.belle.si\/wp-content\/uploads\/2022\/10\/darilni_komplet_vitamin_C_za_obraz.png\",\"datePublished\":\"2020-10-24T13:32:35+00:00\",\"dateModified\":\"2025-11-18T13:44:28+00:00\",\"breadcrumb\":{\"@id\":\"https:\/\/www.belle.si\/it\/izdelek\/anti-age-darilni-paket-krema-in-serum-z-vitaminom-c\/#breadcrumb\"},\"inLanguage\":\"it-IT\",\"potentialAction\":[{\"@type\":\"ReadAction\",\"target\":[\"https:\/\/www.belle.si\/it\/izdelek\/anti-age-darilni-paket-krema-in-serum-z-vitaminom-c\/\"]}]},{\"@type\":\"ImageObject\",\"inLanguage\":\"it-IT\",\"@id\":\"https:\/\/www.belle.si\/it\/izdelek\/anti-age-darilni-paket-krema-in-serum-z-vitaminom-c\/#primaryimage\",\"url\":\"https:\/\/www.belle.si\/wp-content\/uploads\/2022\/10\/darilni_komplet_vitamin_C_za_obraz.png\",\"contentUrl\":\"https:\/\/www.belle.si\/wp-content\/uploads\/2022\/10\/darilni_komplet_vitamin_C_za_obraz.png\",\"width\":800,\"height\":800,\"caption\":\"Darilni paket z vitaminom C - anti age krema in serum\"},{\"@type\":\"BreadcrumbList\",\"@id\":\"https:\/\/www.belle.si\/it\/izdelek\/anti-age-darilni-paket-krema-in-serum-z-vitaminom-c\/#breadcrumb\",\"itemListElement\":[{\"@type\":\"ListItem\",\"position\":1,\"name\":\"Home\",\"item\":\"https:\/\/www.belle.si\/it\/\"},{\"@type\":\"ListItem\",\"position\":2,\"name\":\"Trgovina\",\"item\":\"https:\/\/www.belle.si\/trgovina\/\"},{\"@type\":\"ListItem\",\"position\":3,\"name\":\"Darilni paket &#8211; krema in serum z vitaminom C\"}]},{\"@type\":\"WebSite\",\"@id\":\"https:\/\/www.belle.si\/it\/#website\",\"url\":\"https:\/\/www.belle.si\/it\/\",\"name\":\"Belle.si kozmeti\u010dna trgovina\",\"description\":\"\",\"publisher\":{\"@id\":\"https:\/\/www.belle.si\/it\/#organization\"},\"potentialAction\":[{\"@type\":\"SearchAction\",\"target\":{\"@type\":\"EntryPoint\",\"urlTemplate\":\"https:\/\/www.belle.si\/it\/?s={search_term_string}\"},\"query-input\":{\"@type\":\"PropertyValueSpecification\",\"valueRequired\":true,\"valueName\":\"search_term_string\"}}],\"inLanguage\":\"it-IT\"},{\"@type\":\"Organization\",\"@id\":\"https:\/\/www.belle.si\/it\/#organization\",\"name\":\"Belle.si kozmeti\u010dna trgovina\",\"url\":\"https:\/\/www.belle.si\/it\/\",\"logo\":{\"@type\":\"ImageObject\",\"inLanguage\":\"it-IT\",\"@id\":\"https:\/\/www.belle.si\/it\/#\/schema\/logo\/image\/\",\"url\":\"https:\/\/www.belle.si\/wp-content\/uploads\/2022\/10\/cropped-logo_belle_trgovina.png\",\"contentUrl\":\"https:\/\/www.belle.si\/wp-content\/uploads\/2022\/10\/cropped-logo_belle_trgovina.png\",\"width\":270,\"height\":135,\"caption\":\"Belle.si kozmeti\u010dna trgovina\"},\"image\":{\"@id\":\"https:\/\/www.belle.si\/it\/#\/schema\/logo\/image\/\"},\"sameAs\":[\"https:\/\/www.facebook.com\/belle.si.cosmetics\/\",\"https:\/\/www.instagram.com\/belle.si.cosmetics\/\"]}]}<\/script>\n<!-- \/ Yoast SEO plugin. -->","yoast_head_json":{"title":"Darilni paket - krema in serum z vitaminom C - Belle.si kozmeti\u010dna trgovina","robots":{"index":"index","follow":"follow","max-snippet":"max-snippet:-1","max-image-preview":"max-image-preview:large","max-video-preview":"max-video-preview:-1"},"canonical":"https:\/\/www.belle.si\/it\/izdelek\/anti-age-darilni-paket-krema-in-serum-z-vitaminom-c\/","og_locale":"it_IT","og_type":"article","og_title":"Darilni paket - krema in serum z vitaminom C - Belle.si kozmeti\u010dna trgovina","og_description":"Darilo je primerno za vse, ki si \u017eelijo izbrisati sledove let z obraza. Koncentrat z vitaminom C je u\u010dinkovit pri odstranjevanju starostnih peg, gub, sledov kajenja in po\u0161kodb zaradi sonca. Komplet je primeren za mo\u0161ke in \u017eenske nad 25 letom starosti. Komplet vsebuje: kremo s koncentratom vitamina C 50ml serum s koncentratom vitamina C 15ml [&hellip;]","og_url":"https:\/\/www.belle.si\/it\/izdelek\/anti-age-darilni-paket-krema-in-serum-z-vitaminom-c\/","og_site_name":"Belle.si kozmeti\u010dna trgovina","article_publisher":"https:\/\/www.facebook.com\/belle.si.cosmetics\/","article_modified_time":"2025-11-18T13:44:28+00:00","og_image":[{"width":800,"height":800,"url":"https:\/\/www.belle.si\/wp-content\/uploads\/2022\/10\/darilni_komplet_vitamin_C_za_obraz.png","type":"image\/png"}],"twitter_card":"summary_large_image","twitter_misc":{"Tempo di lettura stimato":"1 minuto"},"schema":{"@context":"https:\/\/schema.org","@graph":[{"@type":"WebPage","@id":"https:\/\/www.belle.si\/it\/izdelek\/anti-age-darilni-paket-krema-in-serum-z-vitaminom-c\/","url":"https:\/\/www.belle.si\/it\/izdelek\/anti-age-darilni-paket-krema-in-serum-z-vitaminom-c\/","name":"Darilni paket - krema in serum z vitaminom C - Belle.si kozmeti\u010dna trgovina","isPartOf":{"@id":"https:\/\/www.belle.si\/it\/#website"},"primaryImageOfPage":{"@id":"https:\/\/www.belle.si\/it\/izdelek\/anti-age-darilni-paket-krema-in-serum-z-vitaminom-c\/#primaryimage"},"image":{"@id":"https:\/\/www.belle.si\/it\/izdelek\/anti-age-darilni-paket-krema-in-serum-z-vitaminom-c\/#primaryimage"},"thumbnailUrl":"https:\/\/www.belle.si\/wp-content\/uploads\/2022\/10\/darilni_komplet_vitamin_C_za_obraz.png","datePublished":"2020-10-24T13:32:35+00:00","dateModified":"2025-11-18T13:44:28+00:00","breadcrumb":{"@id":"https:\/\/www.belle.si\/it\/izdelek\/anti-age-darilni-paket-krema-in-serum-z-vitaminom-c\/#breadcrumb"},"inLanguage":"it-IT","potentialAction":[{"@type":"ReadAction","target":["https:\/\/www.belle.si\/it\/izdelek\/anti-age-darilni-paket-krema-in-serum-z-vitaminom-c\/"]}]},{"@type":"ImageObject","inLanguage":"it-IT","@id":"https:\/\/www.belle.si\/it\/izdelek\/anti-age-darilni-paket-krema-in-serum-z-vitaminom-c\/#primaryimage","url":"https:\/\/www.belle.si\/wp-content\/uploads\/2022\/10\/darilni_komplet_vitamin_C_za_obraz.png","contentUrl":"https:\/\/www.belle.si\/wp-content\/uploads\/2022\/10\/darilni_komplet_vitamin_C_za_obraz.png","width":800,"height":800,"caption":"Darilni paket z vitaminom C - anti age krema in serum"},{"@type":"BreadcrumbList","@id":"https:\/\/www.belle.si\/it\/izdelek\/anti-age-darilni-paket-krema-in-serum-z-vitaminom-c\/#breadcrumb","itemListElement":[{"@type":"ListItem","position":1,"name":"Home","item":"https:\/\/www.belle.si\/it\/"},{"@type":"ListItem","position":2,"name":"Trgovina","item":"https:\/\/www.belle.si\/trgovina\/"},{"@type":"ListItem","position":3,"name":"Darilni paket &#8211; krema in serum z vitaminom C"}]},{"@type":"WebSite","@id":"https:\/\/www.belle.si\/it\/#website","url":"https:\/\/www.belle.si\/it\/","name":"Belle.si kozmeti\u010dna trgovina","description":"","publisher":{"@id":"https:\/\/www.belle.si\/it\/#organization"},"potentialAction":[{"@type":"SearchAction","target":{"@type":"EntryPoint","urlTemplate":"https:\/\/www.belle.si\/it\/?s={search_term_string}"},"query-input":{"@type":"PropertyValueSpecification","valueRequired":true,"valueName":"search_term_string"}}],"inLanguage":"it-IT"},{"@type":"Organization","@id":"https:\/\/www.belle.si\/it\/#organization","name":"Belle.si kozmeti\u010dna trgovina","url":"https:\/\/www.belle.si\/it\/","logo":{"@type":"ImageObject","inLanguage":"it-IT","@id":"https:\/\/www.belle.si\/it\/#\/schema\/logo\/image\/","url":"https:\/\/www.belle.si\/wp-content\/uploads\/2022\/10\/cropped-logo_belle_trgovina.png","contentUrl":"https:\/\/www.belle.si\/wp-content\/uploads\/2022\/10\/cropped-logo_belle_trgovina.png","width":270,"height":135,"caption":"Belle.si kozmeti\u010dna trgovina"},"image":{"@id":"https:\/\/www.belle.si\/it\/#\/schema\/logo\/image\/"},"sameAs":["https:\/\/www.facebook.com\/belle.si.cosmetics\/","https:\/\/www.instagram.com\/belle.si.cosmetics\/"]}]}},"uagb_featured_image_src":{"full":["https:\/\/www.belle.si\/wp-content\/uploads\/2022\/10\/darilni_komplet_vitamin_C_za_obraz.png",800,800,false],"thumbnail":["https:\/\/www.belle.si\/wp-content\/uploads\/2022\/10\/darilni_komplet_vitamin_C_za_obraz-150x150.png",150,150,true],"medium":["https:\/\/www.belle.si\/wp-content\/uploads\/2022\/10\/darilni_komplet_vitamin_C_za_obraz-300x300.png",300,300,true],"medium_large":["https:\/\/www.belle.si\/wp-content\/uploads\/2022\/10\/darilni_komplet_vitamin_C_za_obraz-768x768.png",768,768,true],"large":["https:\/\/www.belle.si\/wp-content\/uploads\/2022\/10\/darilni_komplet_vitamin_C_za_obraz.png",800,800,false],"1536x1536":["https:\/\/www.belle.si\/wp-content\/uploads\/2022\/10\/darilni_komplet_vitamin_C_za_obraz.png",800,800,false],"2048x2048":["https:\/\/www.belle.si\/wp-content\/uploads\/2022\/10\/darilni_komplet_vitamin_C_za_obraz.png",800,800,false],"mailpoet_newsletter_max":["https:\/\/www.belle.si\/wp-content\/uploads\/2022\/10\/darilni_komplet_vitamin_C_za_obraz.png",800,800,false],"woocommerce_thumbnail":["https:\/\/www.belle.si\/wp-content\/uploads\/2022\/10\/darilni_komplet_vitamin_C_za_obraz-300x300.png",300,300,true],"woocommerce_single":["https:\/\/www.belle.si\/wp-content\/uploads\/2022\/10\/darilni_komplet_vitamin_C_za_obraz-600x600.png",600,600,true],"woocommerce_gallery_thumbnail":["https:\/\/www.belle.si\/wp-content\/uploads\/2022\/10\/darilni_komplet_vitamin_C_za_obraz-100x100.png",100,100,true]},"uagb_author_info":{"display_name":"taja","author_link":"https:\/\/www.belle.si\/it\/author\/"},"uagb_comment_info":0,"uagb_excerpt":"Darilo je primerno za vse, ki si \u017eelijo izbrisati sledove let z obraza. Koncentrat z vitaminom C je u\u010dinkovit pri odstranjevanju starostnih peg, gub, sledov kajenja in po\u0161kodb zaradi sonca. Komplet je primeren za mo\u0161ke in \u017eenske nad 25 letom starosti. Komplet vsebuje: kremo s koncentratom vitamina C 50ml serum s koncentratom vitamina C 15ml&hellip;","_links":{"self":[{"href":"https:\/\/www.belle.si\/it\/wp-json\/wp\/v2\/product\/99106","targetHints":{"allow":["GET"]}}],"collection":[{"href":"https:\/\/www.belle.si\/it\/wp-json\/wp\/v2\/product"}],"about":[{"href":"https:\/\/www.belle.si\/it\/wp-json\/wp\/v2\/types\/product"}],"replies":[{"embeddable":true,"href":"https:\/\/www.belle.si\/it\/wp-json\/wp\/v2\/comments?post=99106"}],"wp:featuredmedia":[{"embeddable":true,"href":"https:\/\/www.belle.si\/it\/wp-json\/wp\/v2\/media\/99107"}],"wp:attachment":[{"href":"https:\/\/www.belle.si\/it\/wp-json\/wp\/v2\/media?parent=99106"}],"wp:term":[{"taxonomy":"product_brand","embeddable":true,"href":"https:\/\/www.belle.si\/it\/wp-json\/wp\/v2\/product_brand?post=99106"},{"taxonomy":"product_cat","embeddable":true,"href":"https:\/\/www.belle.si\/it\/wp-json\/wp\/v2\/product_cat?post=99106"},{"taxonomy":"product_tag","embeddable":true,"href":"https:\/\/www.belle.si\/it\/wp-json\/wp\/v2\/product_tag?post=99106"}],"curies":[{"name":"wp","href":"https:\/\/api.w.org\/{rel}","templated":true}]}}