{"id":99095,"date":"2020-10-24T13:31:59","date_gmt":"2020-10-24T13:31:59","guid":{"rendered":"https:\/\/belle.zabica.org\/?post_type=product&#038;p=99095"},"modified":"2025-11-18T14:44:44","modified_gmt":"2025-11-18T13:44:44","slug":"darilni-paket-krema-in-serum-s-kolagenom","status":"publish","type":"product","link":"https:\/\/www.belle.si\/it\/izdelek\/darilni-paket-krema-in-serum-s-kolagenom\/","title":{"rendered":"Darilni paket &#8211; krema in serum s kolagenom"},"content":{"rendered":"<h2>Darilni paket zanj in zanjo &#8211; vedno doborodo\u0161el kolagen<\/h2>\n<p>Komplet je primeren za mo\u0161ke in \u017eenske. <strong>Idealen je za nekoliko zrelej\u0161o ko\u017eo po 25 letu.<\/strong><\/p>\n<p>Vsebina kompleta:<\/p>\n<ol>\n<li><strong>Kolagnska krema 50ml<\/strong><\/li>\n<li><strong>Kolagenski serum 15ml<\/strong><\/li>\n<\/ol>\n<p><strong>Zakaj bi izbrali komplet s kolagenom?<\/strong><\/p>\n<div class=\"std\">\n<p><strong>Kolagen<\/strong> je najbolj pogosta molekula v \u010dlove\u0161kem telesu in tvori 80 % celotnega\u00a0 ko\u017enega tkiva. Kolagen je osnoven za ohranjanje \u010dvrste, mladostne in napete ko\u017ee. Telo samo ustvarja in obnavlja kolagen v telesu, vendar se po 25 letu, se zmanj\u0161a sposobnost tvorjenja novega kolagena in tudi kolagenske molekule hitreje razpadajo. Izguba kolagena povzro\u010da staranje, vendar ga pospe\u0161uje tudi na\u010din \u017eivljenja. Na izgled ko\u017ee vplivajo UV \u017earki, smog, stres, slaba prehrana, kajenje. Vse to povzro\u010da oksidacijo in vnetja v telesu, kar vpliva tudi na na\u0161o ko\u017eo. Ko\u017ea tako postane bolj ohlapna, manj voljna in pojavijo se gube.<\/p>\n<p>Anti-age kolagenska krema vsebuje dve glavni u\u010dinkovini:<\/p>\n<ul>\n<li>MATRIXIL Synth\u00e9 6, ki zmanj\u0161uje koli\u010dino gub in jih naredi manj globoke ter<\/li>\n<li>kozmeti\u010dni prah sladkovodnih alg, ki rastejo le v hladnem podnebju in oja\u010dajo odpornost, mo\u010d in zdravje ko\u017ee, zaradi \u010desar ohranja svoj mladosten izgled.<\/li>\n<\/ul>\n<\/div>\n<div class=\"std\">\n<p><strong>Navodila za uporabo kolagenske kreme<\/strong><\/p>\n<\/div>\n<div class=\"panel directions\">\n<p class=\"std\">Manj\u0161o koli\u010dino krmene nanesite na o\u010di\u0161\u010den obraz in dekolte 2x na dan. Ne\u017eno vmasirajte v ko\u017eo, da se krema popolnoma vpije. Za \u010dim bolj\u0161e rezultate, je priporo\u010dljivo, da kremo uporabljate vsak dan.<\/p>\n<\/div>\n<div class=\"std\">\n<p><strong>Navodila za uporabo anti-age seruma<br \/>\n<\/strong><\/p>\n<\/div>\n<div class=\"panel directions\">\n<p class=\"std\">Manj\u0161o koli\u010dino seruma nanesite na o\u010di\u0161\u010den obraz in dekolte 2x na dan. Ne\u017eno vmasirajte v ko\u017eo, da se krema popolnoma vpije. Za \u010dim bolj\u0161e rezultate, je priporo\u010dljivo, da kremo uporabljate vsak dan.<\/p>\n<p>Pazite, da izdelki ne zaidejo v o\u010di, druga\u010de jo izperite z veliko koli\u010dino vode.<\/p>\n<\/div>\n<div class=\"panel directions\">\n<div class=\"std\"><\/div>\n<div>Proizvedeno v Franciji<\/div>\n<\/div>\n","protected":false},"excerpt":{"rendered":"<p>Darilni paket zanj in zanjo &#8211; vedno doborodo\u0161el kolagen Komplet je primeren za mo\u0161ke in \u017eenske. Idealen je za nekoliko zrelej\u0161o ko\u017eo po 25 letu. Vsebina kompleta: Kolagnska krema 50ml Kolagenski serum 15ml Zakaj bi izbrali komplet s kolagenom? Kolagen je najbolj pogosta molekula v \u010dlove\u0161kem telesu in tvori 80 % celotnega\u00a0 ko\u017enega tkiva. Kolagen [&hellip;]<\/p>\n","protected":false},"featured_media":99096,"comment_status":"closed","ping_status":"closed","template":"","meta":{"_uag_custom_page_level_css":"","_monsterinsights_skip_tracking":false,"_monsterinsights_sitenote_active":false,"_monsterinsights_sitenote_note":"","_monsterinsights_sitenote_category":0,"site-sidebar-layout":"default","site-content-layout":"","ast-site-content-layout":"default","site-content-style":"default","site-sidebar-style":"default","ast-global-header-display":"","ast-banner-title-visibility":"","ast-main-header-display":"","ast-hfb-above-header-display":"","ast-hfb-below-header-display":"","ast-hfb-mobile-header-display":"","site-post-title":"","ast-breadcrumbs-content":"","ast-featured-img":"","footer-sml-layout":"","ast-disable-related-posts":"","theme-transparent-header-meta":"","adv-header-id-meta":"","stick-header-meta":"","header-above-stick-meta":"","header-main-stick-meta":"","header-below-stick-meta":"","astra-migrate-meta-layouts":"default","ast-page-background-enabled":"default","ast-page-background-meta":{"desktop":{"background-color":"var(--ast-global-color-4)","background-image":"","background-repeat":"repeat","background-position":"center center","background-size":"auto","background-attachment":"scroll","background-type":"","background-media":"","overlay-type":"","overlay-color":"","overlay-opacity":"","overlay-gradient":""},"tablet":{"background-color":"","background-image":"","background-repeat":"repeat","background-position":"center center","background-size":"auto","background-attachment":"scroll","background-type":"","background-media":"","overlay-type":"","overlay-color":"","overlay-opacity":"","overlay-gradient":""},"mobile":{"background-color":"","background-image":"","background-repeat":"repeat","background-position":"center center","background-size":"auto","background-attachment":"scroll","background-type":"","background-media":"","overlay-type":"","overlay-color":"","overlay-opacity":"","overlay-gradient":""}},"ast-content-background-meta":{"desktop":{"background-color":"var(--ast-global-color-5)","background-image":"","background-repeat":"repeat","background-position":"center center","background-size":"auto","background-attachment":"scroll","background-type":"","background-media":"","overlay-type":"","overlay-color":"","overlay-opacity":"","overlay-gradient":""},"tablet":{"background-color":"var(--ast-global-color-5)","background-image":"","background-repeat":"repeat","background-position":"center center","background-size":"auto","background-attachment":"scroll","background-type":"","background-media":"","overlay-type":"","overlay-color":"","overlay-opacity":"","overlay-gradient":""},"mobile":{"background-color":"var(--ast-global-color-5)","background-image":"","background-repeat":"repeat","background-position":"center center","background-size":"auto","background-attachment":"scroll","background-type":"","background-media":"","overlay-type":"","overlay-color":"","overlay-opacity":"","overlay-gradient":""}}},"product_brand":[],"product_cat":[51],"product_tag":[41],"class_list":{"0":"post-99095","1":"product","2":"type-product","3":"status-publish","4":"has-post-thumbnail","6":"product_cat-darila","7":"product_tag-darilni-paketi","8":"desktop-align-left","9":"tablet-align-left","10":"mobile-align-left","11":"ast-product-gallery-layout-first-image-large","12":"ast-product-gallery-with-no-image","13":"ast-magnify-disabled","14":"ast-product-tabs-layout-horizontal","16":"first","17":"outofstock","18":"sale","19":"taxable","20":"shipping-taxable","21":"purchasable","22":"product-type-simple"},"yoast_head":"<!-- This site is optimized with the Yoast SEO plugin v26.9 - https:\/\/yoast.com\/product\/yoast-seo-wordpress\/ -->\n<title>Darilni paket - krema in serum s kolagenom - Belle.si kozmeti\u010dna trgovina<\/title>\n<meta name=\"robots\" content=\"index, follow, max-snippet:-1, max-image-preview:large, max-video-preview:-1\" \/>\n<link rel=\"canonical\" href=\"https:\/\/www.belle.si\/it\/izdelek\/darilni-paket-krema-in-serum-s-kolagenom\/\" \/>\n<meta property=\"og:locale\" content=\"it_IT\" \/>\n<meta property=\"og:type\" content=\"article\" \/>\n<meta property=\"og:title\" content=\"Darilni paket - krema in serum s kolagenom - Belle.si kozmeti\u010dna trgovina\" \/>\n<meta property=\"og:description\" content=\"Darilni paket zanj in zanjo &#8211; vedno doborodo\u0161el kolagen Komplet je primeren za mo\u0161ke in \u017eenske. Idealen je za nekoliko zrelej\u0161o ko\u017eo po 25 letu. Vsebina kompleta: Kolagnska krema 50ml Kolagenski serum 15ml Zakaj bi izbrali komplet s kolagenom? Kolagen je najbolj pogosta molekula v \u010dlove\u0161kem telesu in tvori 80 % celotnega\u00a0 ko\u017enega tkiva. Kolagen [&hellip;]\" \/>\n<meta property=\"og:url\" content=\"https:\/\/www.belle.si\/it\/izdelek\/darilni-paket-krema-in-serum-s-kolagenom\/\" \/>\n<meta property=\"og:site_name\" content=\"Belle.si kozmeti\u010dna trgovina\" \/>\n<meta property=\"article:publisher\" content=\"https:\/\/www.facebook.com\/belle.si.cosmetics\/\" \/>\n<meta property=\"article:modified_time\" content=\"2025-11-18T13:44:44+00:00\" \/>\n<meta property=\"og:image\" content=\"https:\/\/www.belle.si\/wp-content\/uploads\/2022\/10\/darilni_komplet_kolagen_za_obraz.png\" \/>\n\t<meta property=\"og:image:width\" content=\"800\" \/>\n\t<meta property=\"og:image:height\" content=\"800\" \/>\n\t<meta property=\"og:image:type\" content=\"image\/png\" \/>\n<meta name=\"twitter:card\" content=\"summary_large_image\" \/>\n<meta name=\"twitter:label1\" content=\"Tempo di lettura stimato\" \/>\n\t<meta name=\"twitter:data1\" content=\"2 minuti\" \/>\n<script type=\"application\/ld+json\" class=\"yoast-schema-graph\">{\"@context\":\"https:\/\/schema.org\",\"@graph\":[{\"@type\":\"WebPage\",\"@id\":\"https:\/\/www.belle.si\/it\/izdelek\/darilni-paket-krema-in-serum-s-kolagenom\/\",\"url\":\"https:\/\/www.belle.si\/it\/izdelek\/darilni-paket-krema-in-serum-s-kolagenom\/\",\"name\":\"Darilni paket - krema in serum s kolagenom - Belle.si kozmeti\u010dna trgovina\",\"isPartOf\":{\"@id\":\"https:\/\/www.belle.si\/it\/#website\"},\"primaryImageOfPage\":{\"@id\":\"https:\/\/www.belle.si\/it\/izdelek\/darilni-paket-krema-in-serum-s-kolagenom\/#primaryimage\"},\"image\":{\"@id\":\"https:\/\/www.belle.si\/it\/izdelek\/darilni-paket-krema-in-serum-s-kolagenom\/#primaryimage\"},\"thumbnailUrl\":\"https:\/\/www.belle.si\/wp-content\/uploads\/2022\/10\/darilni_komplet_kolagen_za_obraz.png\",\"datePublished\":\"2020-10-24T13:31:59+00:00\",\"dateModified\":\"2025-11-18T13:44:44+00:00\",\"breadcrumb\":{\"@id\":\"https:\/\/www.belle.si\/it\/izdelek\/darilni-paket-krema-in-serum-s-kolagenom\/#breadcrumb\"},\"inLanguage\":\"it-IT\",\"potentialAction\":[{\"@type\":\"ReadAction\",\"target\":[\"https:\/\/www.belle.si\/it\/izdelek\/darilni-paket-krema-in-serum-s-kolagenom\/\"]}]},{\"@type\":\"ImageObject\",\"inLanguage\":\"it-IT\",\"@id\":\"https:\/\/www.belle.si\/it\/izdelek\/darilni-paket-krema-in-serum-s-kolagenom\/#primaryimage\",\"url\":\"https:\/\/www.belle.si\/wp-content\/uploads\/2022\/10\/darilni_komplet_kolagen_za_obraz.png\",\"contentUrl\":\"https:\/\/www.belle.si\/wp-content\/uploads\/2022\/10\/darilni_komplet_kolagen_za_obraz.png\",\"width\":800,\"height\":800,\"caption\":\"Anti age darilni komplet s kolagenom za obraz in dekolte\"},{\"@type\":\"BreadcrumbList\",\"@id\":\"https:\/\/www.belle.si\/it\/izdelek\/darilni-paket-krema-in-serum-s-kolagenom\/#breadcrumb\",\"itemListElement\":[{\"@type\":\"ListItem\",\"position\":1,\"name\":\"Home\",\"item\":\"https:\/\/www.belle.si\/it\/\"},{\"@type\":\"ListItem\",\"position\":2,\"name\":\"Trgovina\",\"item\":\"https:\/\/www.belle.si\/trgovina\/\"},{\"@type\":\"ListItem\",\"position\":3,\"name\":\"Darilni paket &#8211; krema in serum s kolagenom\"}]},{\"@type\":\"WebSite\",\"@id\":\"https:\/\/www.belle.si\/it\/#website\",\"url\":\"https:\/\/www.belle.si\/it\/\",\"name\":\"Belle.si kozmeti\u010dna trgovina\",\"description\":\"\",\"publisher\":{\"@id\":\"https:\/\/www.belle.si\/it\/#organization\"},\"potentialAction\":[{\"@type\":\"SearchAction\",\"target\":{\"@type\":\"EntryPoint\",\"urlTemplate\":\"https:\/\/www.belle.si\/it\/?s={search_term_string}\"},\"query-input\":{\"@type\":\"PropertyValueSpecification\",\"valueRequired\":true,\"valueName\":\"search_term_string\"}}],\"inLanguage\":\"it-IT\"},{\"@type\":\"Organization\",\"@id\":\"https:\/\/www.belle.si\/it\/#organization\",\"name\":\"Belle.si kozmeti\u010dna trgovina\",\"url\":\"https:\/\/www.belle.si\/it\/\",\"logo\":{\"@type\":\"ImageObject\",\"inLanguage\":\"it-IT\",\"@id\":\"https:\/\/www.belle.si\/it\/#\/schema\/logo\/image\/\",\"url\":\"https:\/\/www.belle.si\/wp-content\/uploads\/2022\/10\/cropped-logo_belle_trgovina.png\",\"contentUrl\":\"https:\/\/www.belle.si\/wp-content\/uploads\/2022\/10\/cropped-logo_belle_trgovina.png\",\"width\":270,\"height\":135,\"caption\":\"Belle.si kozmeti\u010dna trgovina\"},\"image\":{\"@id\":\"https:\/\/www.belle.si\/it\/#\/schema\/logo\/image\/\"},\"sameAs\":[\"https:\/\/www.facebook.com\/belle.si.cosmetics\/\",\"https:\/\/www.instagram.com\/belle.si.cosmetics\/\"]}]}<\/script>\n<!-- \/ Yoast SEO plugin. -->","yoast_head_json":{"title":"Darilni paket - krema in serum s kolagenom - Belle.si kozmeti\u010dna trgovina","robots":{"index":"index","follow":"follow","max-snippet":"max-snippet:-1","max-image-preview":"max-image-preview:large","max-video-preview":"max-video-preview:-1"},"canonical":"https:\/\/www.belle.si\/it\/izdelek\/darilni-paket-krema-in-serum-s-kolagenom\/","og_locale":"it_IT","og_type":"article","og_title":"Darilni paket - krema in serum s kolagenom - Belle.si kozmeti\u010dna trgovina","og_description":"Darilni paket zanj in zanjo &#8211; vedno doborodo\u0161el kolagen Komplet je primeren za mo\u0161ke in \u017eenske. Idealen je za nekoliko zrelej\u0161o ko\u017eo po 25 letu. Vsebina kompleta: Kolagnska krema 50ml Kolagenski serum 15ml Zakaj bi izbrali komplet s kolagenom? Kolagen je najbolj pogosta molekula v \u010dlove\u0161kem telesu in tvori 80 % celotnega\u00a0 ko\u017enega tkiva. Kolagen [&hellip;]","og_url":"https:\/\/www.belle.si\/it\/izdelek\/darilni-paket-krema-in-serum-s-kolagenom\/","og_site_name":"Belle.si kozmeti\u010dna trgovina","article_publisher":"https:\/\/www.facebook.com\/belle.si.cosmetics\/","article_modified_time":"2025-11-18T13:44:44+00:00","og_image":[{"width":800,"height":800,"url":"https:\/\/www.belle.si\/wp-content\/uploads\/2022\/10\/darilni_komplet_kolagen_za_obraz.png","type":"image\/png"}],"twitter_card":"summary_large_image","twitter_misc":{"Tempo di lettura stimato":"2 minuti"},"schema":{"@context":"https:\/\/schema.org","@graph":[{"@type":"WebPage","@id":"https:\/\/www.belle.si\/it\/izdelek\/darilni-paket-krema-in-serum-s-kolagenom\/","url":"https:\/\/www.belle.si\/it\/izdelek\/darilni-paket-krema-in-serum-s-kolagenom\/","name":"Darilni paket - krema in serum s kolagenom - Belle.si kozmeti\u010dna trgovina","isPartOf":{"@id":"https:\/\/www.belle.si\/it\/#website"},"primaryImageOfPage":{"@id":"https:\/\/www.belle.si\/it\/izdelek\/darilni-paket-krema-in-serum-s-kolagenom\/#primaryimage"},"image":{"@id":"https:\/\/www.belle.si\/it\/izdelek\/darilni-paket-krema-in-serum-s-kolagenom\/#primaryimage"},"thumbnailUrl":"https:\/\/www.belle.si\/wp-content\/uploads\/2022\/10\/darilni_komplet_kolagen_za_obraz.png","datePublished":"2020-10-24T13:31:59+00:00","dateModified":"2025-11-18T13:44:44+00:00","breadcrumb":{"@id":"https:\/\/www.belle.si\/it\/izdelek\/darilni-paket-krema-in-serum-s-kolagenom\/#breadcrumb"},"inLanguage":"it-IT","potentialAction":[{"@type":"ReadAction","target":["https:\/\/www.belle.si\/it\/izdelek\/darilni-paket-krema-in-serum-s-kolagenom\/"]}]},{"@type":"ImageObject","inLanguage":"it-IT","@id":"https:\/\/www.belle.si\/it\/izdelek\/darilni-paket-krema-in-serum-s-kolagenom\/#primaryimage","url":"https:\/\/www.belle.si\/wp-content\/uploads\/2022\/10\/darilni_komplet_kolagen_za_obraz.png","contentUrl":"https:\/\/www.belle.si\/wp-content\/uploads\/2022\/10\/darilni_komplet_kolagen_za_obraz.png","width":800,"height":800,"caption":"Anti age darilni komplet s kolagenom za obraz in dekolte"},{"@type":"BreadcrumbList","@id":"https:\/\/www.belle.si\/it\/izdelek\/darilni-paket-krema-in-serum-s-kolagenom\/#breadcrumb","itemListElement":[{"@type":"ListItem","position":1,"name":"Home","item":"https:\/\/www.belle.si\/it\/"},{"@type":"ListItem","position":2,"name":"Trgovina","item":"https:\/\/www.belle.si\/trgovina\/"},{"@type":"ListItem","position":3,"name":"Darilni paket &#8211; krema in serum s kolagenom"}]},{"@type":"WebSite","@id":"https:\/\/www.belle.si\/it\/#website","url":"https:\/\/www.belle.si\/it\/","name":"Belle.si kozmeti\u010dna trgovina","description":"","publisher":{"@id":"https:\/\/www.belle.si\/it\/#organization"},"potentialAction":[{"@type":"SearchAction","target":{"@type":"EntryPoint","urlTemplate":"https:\/\/www.belle.si\/it\/?s={search_term_string}"},"query-input":{"@type":"PropertyValueSpecification","valueRequired":true,"valueName":"search_term_string"}}],"inLanguage":"it-IT"},{"@type":"Organization","@id":"https:\/\/www.belle.si\/it\/#organization","name":"Belle.si kozmeti\u010dna trgovina","url":"https:\/\/www.belle.si\/it\/","logo":{"@type":"ImageObject","inLanguage":"it-IT","@id":"https:\/\/www.belle.si\/it\/#\/schema\/logo\/image\/","url":"https:\/\/www.belle.si\/wp-content\/uploads\/2022\/10\/cropped-logo_belle_trgovina.png","contentUrl":"https:\/\/www.belle.si\/wp-content\/uploads\/2022\/10\/cropped-logo_belle_trgovina.png","width":270,"height":135,"caption":"Belle.si kozmeti\u010dna trgovina"},"image":{"@id":"https:\/\/www.belle.si\/it\/#\/schema\/logo\/image\/"},"sameAs":["https:\/\/www.facebook.com\/belle.si.cosmetics\/","https:\/\/www.instagram.com\/belle.si.cosmetics\/"]}]}},"uagb_featured_image_src":{"full":["https:\/\/www.belle.si\/wp-content\/uploads\/2022\/10\/darilni_komplet_kolagen_za_obraz.png",800,800,false],"thumbnail":["https:\/\/www.belle.si\/wp-content\/uploads\/2022\/10\/darilni_komplet_kolagen_za_obraz-150x150.png",150,150,true],"medium":["https:\/\/www.belle.si\/wp-content\/uploads\/2022\/10\/darilni_komplet_kolagen_za_obraz-300x300.png",300,300,true],"medium_large":["https:\/\/www.belle.si\/wp-content\/uploads\/2022\/10\/darilni_komplet_kolagen_za_obraz-768x768.png",768,768,true],"large":["https:\/\/www.belle.si\/wp-content\/uploads\/2022\/10\/darilni_komplet_kolagen_za_obraz.png",800,800,false],"1536x1536":["https:\/\/www.belle.si\/wp-content\/uploads\/2022\/10\/darilni_komplet_kolagen_za_obraz.png",800,800,false],"2048x2048":["https:\/\/www.belle.si\/wp-content\/uploads\/2022\/10\/darilni_komplet_kolagen_za_obraz.png",800,800,false],"mailpoet_newsletter_max":["https:\/\/www.belle.si\/wp-content\/uploads\/2022\/10\/darilni_komplet_kolagen_za_obraz.png",800,800,false],"woocommerce_thumbnail":["https:\/\/www.belle.si\/wp-content\/uploads\/2022\/10\/darilni_komplet_kolagen_za_obraz-300x300.png",300,300,true],"woocommerce_single":["https:\/\/www.belle.si\/wp-content\/uploads\/2022\/10\/darilni_komplet_kolagen_za_obraz-600x600.png",600,600,true],"woocommerce_gallery_thumbnail":["https:\/\/www.belle.si\/wp-content\/uploads\/2022\/10\/darilni_komplet_kolagen_za_obraz-100x100.png",100,100,true]},"uagb_author_info":{"display_name":"taja","author_link":"https:\/\/www.belle.si\/it\/author\/"},"uagb_comment_info":0,"uagb_excerpt":"Darilni paket zanj in zanjo &#8211; vedno doborodo\u0161el kolagen Komplet je primeren za mo\u0161ke in \u017eenske. Idealen je za nekoliko zrelej\u0161o ko\u017eo po 25 letu. Vsebina kompleta: Kolagnska krema 50ml Kolagenski serum 15ml Zakaj bi izbrali komplet s kolagenom? Kolagen je najbolj pogosta molekula v \u010dlove\u0161kem telesu in tvori 80 % celotnega\u00a0 ko\u017enega tkiva. Kolagen&hellip;","_links":{"self":[{"href":"https:\/\/www.belle.si\/it\/wp-json\/wp\/v2\/product\/99095","targetHints":{"allow":["GET"]}}],"collection":[{"href":"https:\/\/www.belle.si\/it\/wp-json\/wp\/v2\/product"}],"about":[{"href":"https:\/\/www.belle.si\/it\/wp-json\/wp\/v2\/types\/product"}],"replies":[{"embeddable":true,"href":"https:\/\/www.belle.si\/it\/wp-json\/wp\/v2\/comments?post=99095"}],"wp:featuredmedia":[{"embeddable":true,"href":"https:\/\/www.belle.si\/it\/wp-json\/wp\/v2\/media\/99096"}],"wp:attachment":[{"href":"https:\/\/www.belle.si\/it\/wp-json\/wp\/v2\/media?parent=99095"}],"wp:term":[{"taxonomy":"product_brand","embeddable":true,"href":"https:\/\/www.belle.si\/it\/wp-json\/wp\/v2\/product_brand?post=99095"},{"taxonomy":"product_cat","embeddable":true,"href":"https:\/\/www.belle.si\/it\/wp-json\/wp\/v2\/product_cat?post=99095"},{"taxonomy":"product_tag","embeddable":true,"href":"https:\/\/www.belle.si\/it\/wp-json\/wp\/v2\/product_tag?post=99095"}],"curies":[{"name":"wp","href":"https:\/\/api.w.org\/{rel}","templated":true}]}}