{"id":99015,"date":"2020-10-13T12:16:48","date_gmt":"2020-10-13T12:16:48","guid":{"rendered":"https:\/\/belle.zabica.org\/?post_type=product&#038;p=99015"},"modified":"2024-12-29T23:32:16","modified_gmt":"2024-12-29T22:32:16","slug":"anti-age-krema-za-moske-eliksir-mladosti","status":"publish","type":"product","link":"https:\/\/www.belle.si\/it\/izdelek\/anti-age-krema-za-moske-eliksir-mladosti\/","title":{"rendered":"Anti-age krema za mo\u0161ke &#8211; eliksir mladosti"},"content":{"rendered":"<h2>Popolna krema proti gubam za mo\u0161ke &#8211; prilagojena za mo\u0161ko ko\u017eo!<\/h2>\n<p>Glavna u\u010dinkovina anti age kreme za mo\u0161ke je navadni sirek, ki je med najbolj gojenimi \u017eitaricami na svetu ter raste v tropskih in subtorpskih predelih. Stebla navadnega sireka so polna sladke teko\u010dine, polne fruktoze, ki je bogata z vitamini B in C, fosforjem, \u017eelezom ter kalijem. Z izlo\u010danjem sladkega soka, se proizvede sladkorni alkohol, ki sodi med glavne sestavine v kozmetiki, ki je namenjena obnovi ko\u017ee.<\/p>\n<p class=\"note\">\u00a0<strong>Klini\u010dni testi Eliksirja mladosti<\/strong><\/p>\n<p>Anti-age u\u010dinke kreme so testirali v neodvisnem laboratoriju v Franciji. Rezultati lahko odstopajo od posameznika do posameznika.<\/p>\n<p>U\u010dinke anti-age kreme so testirali v 3 \u010dasovnih obdobjih: takoj po nanosu, eno uro po nanosu, po enem mesecu uporabe.<\/p>\n<p>Po takoj\u0161njem nanosu, je bila ko\u017ea bolj gladka za 9% in gube so bile manj globoke za 30%.<\/p>\n<p>Eno uro po nanosu, je bila ko\u017ea bolj gladka \u0161e za 7% in gube so bile manj globoke \u0161e za 23%.<\/p>\n<p>Po dalj\u0161em \u010dasu uprabe so se gube zmanj\u0161ale za 26% , globina gub se je zmanj\u0161ala za 23% in obmo\u010dje z gubami se je zmanj\u0161alo za 24%.<\/p>\n<p><img decoding=\"async\" class=\"rf frame\" src=\"https:\/\/www.claudebell.co.uk\/media\/res\/coupdejeune_results_en.jpg\" alt=\"Coup de Jeune: results\" \/><\/p>\n<p>&nbsp;<\/p>\n<p><strong>Navodila za uporabo anti-age kreme Eliksir mladosti za mo\u0161ke<\/strong><\/p>\n<div class=\"panel directions\">\n<div class=\"std\">\n<p>Manj\u0161o koli\u010dino izdelka nanesite na \u010disto ko\u017eo 1x na dan.<\/p>\n<p>Pazite, da ne zaide v o\u010di.<\/p>\n<p>Vsebina: 50ml<\/p>\n<p>Proizvedeno v Franciji<\/p>\n<\/div>\n<\/div>\n","protected":false},"excerpt":{"rendered":"<p>Popolna krema proti gubam za mo\u0161ke &#8211; prilagojena za mo\u0161ko ko\u017eo! Glavna u\u010dinkovina anti age kreme za mo\u0161ke je navadni sirek, ki je med najbolj gojenimi \u017eitaricami na svetu ter raste v tropskih in subtorpskih predelih. Stebla navadnega sireka so polna sladke teko\u010dine, polne fruktoze, ki je bogata z vitamini B in C, fosforjem, \u017eelezom [&hellip;]<\/p>\n","protected":false},"featured_media":99016,"comment_status":"closed","ping_status":"closed","template":"","meta":{"_uag_custom_page_level_css":"","_monsterinsights_skip_tracking":false,"_monsterinsights_sitenote_active":false,"_monsterinsights_sitenote_note":"","_monsterinsights_sitenote_category":0,"site-sidebar-layout":"default","site-content-layout":"","ast-site-content-layout":"default","site-content-style":"default","site-sidebar-style":"default","ast-global-header-display":"","ast-banner-title-visibility":"","ast-main-header-display":"","ast-hfb-above-header-display":"","ast-hfb-below-header-display":"","ast-hfb-mobile-header-display":"","site-post-title":"","ast-breadcrumbs-content":"","ast-featured-img":"","footer-sml-layout":"","ast-disable-related-posts":"","theme-transparent-header-meta":"","adv-header-id-meta":"","stick-header-meta":"","header-above-stick-meta":"","header-main-stick-meta":"","header-below-stick-meta":"","astra-migrate-meta-layouts":"default","ast-page-background-enabled":"default","ast-page-background-meta":{"desktop":{"background-color":"var(--ast-global-color-4)","background-image":"","background-repeat":"repeat","background-position":"center center","background-size":"auto","background-attachment":"scroll","background-type":"","background-media":"","overlay-type":"","overlay-color":"","overlay-opacity":"","overlay-gradient":""},"tablet":{"background-color":"","background-image":"","background-repeat":"repeat","background-position":"center center","background-size":"auto","background-attachment":"scroll","background-type":"","background-media":"","overlay-type":"","overlay-color":"","overlay-opacity":"","overlay-gradient":""},"mobile":{"background-color":"","background-image":"","background-repeat":"repeat","background-position":"center center","background-size":"auto","background-attachment":"scroll","background-type":"","background-media":"","overlay-type":"","overlay-color":"","overlay-opacity":"","overlay-gradient":""}},"ast-content-background-meta":{"desktop":{"background-color":"var(--ast-global-color-5)","background-image":"","background-repeat":"repeat","background-position":"center center","background-size":"auto","background-attachment":"scroll","background-type":"","background-media":"","overlay-type":"","overlay-color":"","overlay-opacity":"","overlay-gradient":""},"tablet":{"background-color":"var(--ast-global-color-5)","background-image":"","background-repeat":"repeat","background-position":"center center","background-size":"auto","background-attachment":"scroll","background-type":"","background-media":"","overlay-type":"","overlay-color":"","overlay-opacity":"","overlay-gradient":""},"mobile":{"background-color":"var(--ast-global-color-5)","background-image":"","background-repeat":"repeat","background-position":"center center","background-size":"auto","background-attachment":"scroll","background-type":"","background-media":"","overlay-type":"","overlay-color":"","overlay-opacity":"","overlay-gradient":""}}},"product_brand":[],"product_cat":[30,31],"product_tag":[],"class_list":{"0":"post-99015","1":"product","2":"type-product","3":"status-publish","4":"has-post-thumbnail","6":"product_cat-anti-age-nega-za-obraz","7":"product_cat-za-moske","8":"desktop-align-left","9":"tablet-align-left","10":"mobile-align-left","11":"ast-product-gallery-layout-first-image-large","12":"ast-product-gallery-with-no-image","13":"ast-magnify-disabled","14":"ast-product-tabs-layout-horizontal","16":"first","17":"instock","18":"taxable","19":"shipping-taxable","20":"purchasable","21":"product-type-simple"},"yoast_head":"<!-- This site is optimized with the Yoast SEO plugin v26.9 - https:\/\/yoast.com\/product\/yoast-seo-wordpress\/ -->\n<title>Anti-age krema za mo\u0161ke - eliksir mladosti - Belle.si kozmeti\u010dna trgovina<\/title>\n<meta name=\"robots\" content=\"index, follow, max-snippet:-1, max-image-preview:large, max-video-preview:-1\" \/>\n<link rel=\"canonical\" href=\"https:\/\/www.belle.si\/it\/izdelek\/anti-age-krema-za-moske-eliksir-mladosti\/\" \/>\n<meta property=\"og:locale\" content=\"it_IT\" \/>\n<meta property=\"og:type\" content=\"article\" \/>\n<meta property=\"og:title\" content=\"Anti-age krema za mo\u0161ke - eliksir mladosti - Belle.si kozmeti\u010dna trgovina\" \/>\n<meta property=\"og:description\" content=\"Popolna krema proti gubam za mo\u0161ke &#8211; prilagojena za mo\u0161ko ko\u017eo! Glavna u\u010dinkovina anti age kreme za mo\u0161ke je navadni sirek, ki je med najbolj gojenimi \u017eitaricami na svetu ter raste v tropskih in subtorpskih predelih. Stebla navadnega sireka so polna sladke teko\u010dine, polne fruktoze, ki je bogata z vitamini B in C, fosforjem, \u017eelezom [&hellip;]\" \/>\n<meta property=\"og:url\" content=\"https:\/\/www.belle.si\/it\/izdelek\/anti-age-krema-za-moske-eliksir-mladosti\/\" \/>\n<meta property=\"og:site_name\" content=\"Belle.si kozmeti\u010dna trgovina\" \/>\n<meta property=\"article:publisher\" content=\"https:\/\/www.facebook.com\/belle.si.cosmetics\/\" \/>\n<meta property=\"article:modified_time\" content=\"2024-12-29T22:32:16+00:00\" \/>\n<meta property=\"og:image\" content=\"https:\/\/www.belle.si\/wp-content\/uploads\/2022\/10\/anti_age_za_moske.png\" \/>\n\t<meta property=\"og:image:width\" content=\"800\" \/>\n\t<meta property=\"og:image:height\" content=\"800\" \/>\n\t<meta property=\"og:image:type\" content=\"image\/png\" \/>\n<meta name=\"twitter:card\" content=\"summary_large_image\" \/>\n<meta name=\"twitter:label1\" content=\"Tempo di lettura stimato\" \/>\n\t<meta name=\"twitter:data1\" content=\"1 minuto\" \/>\n<script type=\"application\/ld+json\" class=\"yoast-schema-graph\">{\"@context\":\"https:\/\/schema.org\",\"@graph\":[{\"@type\":\"WebPage\",\"@id\":\"https:\/\/www.belle.si\/it\/izdelek\/anti-age-krema-za-moske-eliksir-mladosti\/\",\"url\":\"https:\/\/www.belle.si\/it\/izdelek\/anti-age-krema-za-moske-eliksir-mladosti\/\",\"name\":\"Anti-age krema za mo\u0161ke - eliksir mladosti - Belle.si kozmeti\u010dna trgovina\",\"isPartOf\":{\"@id\":\"https:\/\/www.belle.si\/it\/#website\"},\"primaryImageOfPage\":{\"@id\":\"https:\/\/www.belle.si\/it\/izdelek\/anti-age-krema-za-moske-eliksir-mladosti\/#primaryimage\"},\"image\":{\"@id\":\"https:\/\/www.belle.si\/it\/izdelek\/anti-age-krema-za-moske-eliksir-mladosti\/#primaryimage\"},\"thumbnailUrl\":\"https:\/\/www.belle.si\/wp-content\/uploads\/2022\/10\/anti_age_za_moske.png\",\"datePublished\":\"2020-10-13T12:16:48+00:00\",\"dateModified\":\"2024-12-29T22:32:16+00:00\",\"breadcrumb\":{\"@id\":\"https:\/\/www.belle.si\/it\/izdelek\/anti-age-krema-za-moske-eliksir-mladosti\/#breadcrumb\"},\"inLanguage\":\"it-IT\",\"potentialAction\":[{\"@type\":\"ReadAction\",\"target\":[\"https:\/\/www.belle.si\/it\/izdelek\/anti-age-krema-za-moske-eliksir-mladosti\/\"]}]},{\"@type\":\"ImageObject\",\"inLanguage\":\"it-IT\",\"@id\":\"https:\/\/www.belle.si\/it\/izdelek\/anti-age-krema-za-moske-eliksir-mladosti\/#primaryimage\",\"url\":\"https:\/\/www.belle.si\/wp-content\/uploads\/2022\/10\/anti_age_za_moske.png\",\"contentUrl\":\"https:\/\/www.belle.si\/wp-content\/uploads\/2022\/10\/anti_age_za_moske.png\",\"width\":800,\"height\":800,\"caption\":\"Anti age krema za mo\u0161ke eliksir maldosti\"},{\"@type\":\"BreadcrumbList\",\"@id\":\"https:\/\/www.belle.si\/it\/izdelek\/anti-age-krema-za-moske-eliksir-mladosti\/#breadcrumb\",\"itemListElement\":[{\"@type\":\"ListItem\",\"position\":1,\"name\":\"Home\",\"item\":\"https:\/\/www.belle.si\/it\/\"},{\"@type\":\"ListItem\",\"position\":2,\"name\":\"Trgovina\",\"item\":\"https:\/\/www.belle.si\/trgovina\/\"},{\"@type\":\"ListItem\",\"position\":3,\"name\":\"Anti-age krema za mo\u0161ke &#8211; eliksir mladosti\"}]},{\"@type\":\"WebSite\",\"@id\":\"https:\/\/www.belle.si\/it\/#website\",\"url\":\"https:\/\/www.belle.si\/it\/\",\"name\":\"Belle.si kozmeti\u010dna trgovina\",\"description\":\"\",\"publisher\":{\"@id\":\"https:\/\/www.belle.si\/it\/#organization\"},\"potentialAction\":[{\"@type\":\"SearchAction\",\"target\":{\"@type\":\"EntryPoint\",\"urlTemplate\":\"https:\/\/www.belle.si\/it\/?s={search_term_string}\"},\"query-input\":{\"@type\":\"PropertyValueSpecification\",\"valueRequired\":true,\"valueName\":\"search_term_string\"}}],\"inLanguage\":\"it-IT\"},{\"@type\":\"Organization\",\"@id\":\"https:\/\/www.belle.si\/it\/#organization\",\"name\":\"Belle.si kozmeti\u010dna trgovina\",\"url\":\"https:\/\/www.belle.si\/it\/\",\"logo\":{\"@type\":\"ImageObject\",\"inLanguage\":\"it-IT\",\"@id\":\"https:\/\/www.belle.si\/it\/#\/schema\/logo\/image\/\",\"url\":\"https:\/\/www.belle.si\/wp-content\/uploads\/2022\/10\/cropped-logo_belle_trgovina.png\",\"contentUrl\":\"https:\/\/www.belle.si\/wp-content\/uploads\/2022\/10\/cropped-logo_belle_trgovina.png\",\"width\":270,\"height\":135,\"caption\":\"Belle.si kozmeti\u010dna trgovina\"},\"image\":{\"@id\":\"https:\/\/www.belle.si\/it\/#\/schema\/logo\/image\/\"},\"sameAs\":[\"https:\/\/www.facebook.com\/belle.si.cosmetics\/\",\"https:\/\/www.instagram.com\/belle.si.cosmetics\/\"]}]}<\/script>\n<!-- \/ Yoast SEO plugin. -->","yoast_head_json":{"title":"Anti-age krema za mo\u0161ke - eliksir mladosti - Belle.si kozmeti\u010dna trgovina","robots":{"index":"index","follow":"follow","max-snippet":"max-snippet:-1","max-image-preview":"max-image-preview:large","max-video-preview":"max-video-preview:-1"},"canonical":"https:\/\/www.belle.si\/it\/izdelek\/anti-age-krema-za-moske-eliksir-mladosti\/","og_locale":"it_IT","og_type":"article","og_title":"Anti-age krema za mo\u0161ke - eliksir mladosti - Belle.si kozmeti\u010dna trgovina","og_description":"Popolna krema proti gubam za mo\u0161ke &#8211; prilagojena za mo\u0161ko ko\u017eo! Glavna u\u010dinkovina anti age kreme za mo\u0161ke je navadni sirek, ki je med najbolj gojenimi \u017eitaricami na svetu ter raste v tropskih in subtorpskih predelih. Stebla navadnega sireka so polna sladke teko\u010dine, polne fruktoze, ki je bogata z vitamini B in C, fosforjem, \u017eelezom [&hellip;]","og_url":"https:\/\/www.belle.si\/it\/izdelek\/anti-age-krema-za-moske-eliksir-mladosti\/","og_site_name":"Belle.si kozmeti\u010dna trgovina","article_publisher":"https:\/\/www.facebook.com\/belle.si.cosmetics\/","article_modified_time":"2024-12-29T22:32:16+00:00","og_image":[{"width":800,"height":800,"url":"https:\/\/www.belle.si\/wp-content\/uploads\/2022\/10\/anti_age_za_moske.png","type":"image\/png"}],"twitter_card":"summary_large_image","twitter_misc":{"Tempo di lettura stimato":"1 minuto"},"schema":{"@context":"https:\/\/schema.org","@graph":[{"@type":"WebPage","@id":"https:\/\/www.belle.si\/it\/izdelek\/anti-age-krema-za-moske-eliksir-mladosti\/","url":"https:\/\/www.belle.si\/it\/izdelek\/anti-age-krema-za-moske-eliksir-mladosti\/","name":"Anti-age krema za mo\u0161ke - eliksir mladosti - Belle.si kozmeti\u010dna trgovina","isPartOf":{"@id":"https:\/\/www.belle.si\/it\/#website"},"primaryImageOfPage":{"@id":"https:\/\/www.belle.si\/it\/izdelek\/anti-age-krema-za-moske-eliksir-mladosti\/#primaryimage"},"image":{"@id":"https:\/\/www.belle.si\/it\/izdelek\/anti-age-krema-za-moske-eliksir-mladosti\/#primaryimage"},"thumbnailUrl":"https:\/\/www.belle.si\/wp-content\/uploads\/2022\/10\/anti_age_za_moske.png","datePublished":"2020-10-13T12:16:48+00:00","dateModified":"2024-12-29T22:32:16+00:00","breadcrumb":{"@id":"https:\/\/www.belle.si\/it\/izdelek\/anti-age-krema-za-moske-eliksir-mladosti\/#breadcrumb"},"inLanguage":"it-IT","potentialAction":[{"@type":"ReadAction","target":["https:\/\/www.belle.si\/it\/izdelek\/anti-age-krema-za-moske-eliksir-mladosti\/"]}]},{"@type":"ImageObject","inLanguage":"it-IT","@id":"https:\/\/www.belle.si\/it\/izdelek\/anti-age-krema-za-moske-eliksir-mladosti\/#primaryimage","url":"https:\/\/www.belle.si\/wp-content\/uploads\/2022\/10\/anti_age_za_moske.png","contentUrl":"https:\/\/www.belle.si\/wp-content\/uploads\/2022\/10\/anti_age_za_moske.png","width":800,"height":800,"caption":"Anti age krema za mo\u0161ke eliksir maldosti"},{"@type":"BreadcrumbList","@id":"https:\/\/www.belle.si\/it\/izdelek\/anti-age-krema-za-moske-eliksir-mladosti\/#breadcrumb","itemListElement":[{"@type":"ListItem","position":1,"name":"Home","item":"https:\/\/www.belle.si\/it\/"},{"@type":"ListItem","position":2,"name":"Trgovina","item":"https:\/\/www.belle.si\/trgovina\/"},{"@type":"ListItem","position":3,"name":"Anti-age krema za mo\u0161ke &#8211; eliksir mladosti"}]},{"@type":"WebSite","@id":"https:\/\/www.belle.si\/it\/#website","url":"https:\/\/www.belle.si\/it\/","name":"Belle.si kozmeti\u010dna trgovina","description":"","publisher":{"@id":"https:\/\/www.belle.si\/it\/#organization"},"potentialAction":[{"@type":"SearchAction","target":{"@type":"EntryPoint","urlTemplate":"https:\/\/www.belle.si\/it\/?s={search_term_string}"},"query-input":{"@type":"PropertyValueSpecification","valueRequired":true,"valueName":"search_term_string"}}],"inLanguage":"it-IT"},{"@type":"Organization","@id":"https:\/\/www.belle.si\/it\/#organization","name":"Belle.si kozmeti\u010dna trgovina","url":"https:\/\/www.belle.si\/it\/","logo":{"@type":"ImageObject","inLanguage":"it-IT","@id":"https:\/\/www.belle.si\/it\/#\/schema\/logo\/image\/","url":"https:\/\/www.belle.si\/wp-content\/uploads\/2022\/10\/cropped-logo_belle_trgovina.png","contentUrl":"https:\/\/www.belle.si\/wp-content\/uploads\/2022\/10\/cropped-logo_belle_trgovina.png","width":270,"height":135,"caption":"Belle.si kozmeti\u010dna trgovina"},"image":{"@id":"https:\/\/www.belle.si\/it\/#\/schema\/logo\/image\/"},"sameAs":["https:\/\/www.facebook.com\/belle.si.cosmetics\/","https:\/\/www.instagram.com\/belle.si.cosmetics\/"]}]}},"uagb_featured_image_src":{"full":["https:\/\/www.belle.si\/wp-content\/uploads\/2022\/10\/anti_age_za_moske.png",800,800,false],"thumbnail":["https:\/\/www.belle.si\/wp-content\/uploads\/2022\/10\/anti_age_za_moske-150x150.png",150,150,true],"medium":["https:\/\/www.belle.si\/wp-content\/uploads\/2022\/10\/anti_age_za_moske-300x300.png",300,300,true],"medium_large":["https:\/\/www.belle.si\/wp-content\/uploads\/2022\/10\/anti_age_za_moske-768x768.png",768,768,true],"large":["https:\/\/www.belle.si\/wp-content\/uploads\/2022\/10\/anti_age_za_moske.png",800,800,false],"1536x1536":["https:\/\/www.belle.si\/wp-content\/uploads\/2022\/10\/anti_age_za_moske.png",800,800,false],"2048x2048":["https:\/\/www.belle.si\/wp-content\/uploads\/2022\/10\/anti_age_za_moske.png",800,800,false],"mailpoet_newsletter_max":["https:\/\/www.belle.si\/wp-content\/uploads\/2022\/10\/anti_age_za_moske.png",800,800,false],"woocommerce_thumbnail":["https:\/\/www.belle.si\/wp-content\/uploads\/2022\/10\/anti_age_za_moske-300x300.png",300,300,true],"woocommerce_single":["https:\/\/www.belle.si\/wp-content\/uploads\/2022\/10\/anti_age_za_moske-600x600.png",600,600,true],"woocommerce_gallery_thumbnail":["https:\/\/www.belle.si\/wp-content\/uploads\/2022\/10\/anti_age_za_moske-100x100.png",100,100,true]},"uagb_author_info":{"display_name":"taja","author_link":"https:\/\/www.belle.si\/it\/author\/"},"uagb_comment_info":0,"uagb_excerpt":"Popolna krema proti gubam za mo\u0161ke &#8211; prilagojena za mo\u0161ko ko\u017eo! Glavna u\u010dinkovina anti age kreme za mo\u0161ke je navadni sirek, ki je med najbolj gojenimi \u017eitaricami na svetu ter raste v tropskih in subtorpskih predelih. Stebla navadnega sireka so polna sladke teko\u010dine, polne fruktoze, ki je bogata z vitamini B in C, fosforjem, \u017eelezom&hellip;","_links":{"self":[{"href":"https:\/\/www.belle.si\/it\/wp-json\/wp\/v2\/product\/99015","targetHints":{"allow":["GET"]}}],"collection":[{"href":"https:\/\/www.belle.si\/it\/wp-json\/wp\/v2\/product"}],"about":[{"href":"https:\/\/www.belle.si\/it\/wp-json\/wp\/v2\/types\/product"}],"replies":[{"embeddable":true,"href":"https:\/\/www.belle.si\/it\/wp-json\/wp\/v2\/comments?post=99015"}],"wp:featuredmedia":[{"embeddable":true,"href":"https:\/\/www.belle.si\/it\/wp-json\/wp\/v2\/media\/99016"}],"wp:attachment":[{"href":"https:\/\/www.belle.si\/it\/wp-json\/wp\/v2\/media?parent=99015"}],"wp:term":[{"taxonomy":"product_brand","embeddable":true,"href":"https:\/\/www.belle.si\/it\/wp-json\/wp\/v2\/product_brand?post=99015"},{"taxonomy":"product_cat","embeddable":true,"href":"https:\/\/www.belle.si\/it\/wp-json\/wp\/v2\/product_cat?post=99015"},{"taxonomy":"product_tag","embeddable":true,"href":"https:\/\/www.belle.si\/it\/wp-json\/wp\/v2\/product_tag?post=99015"}],"curies":[{"name":"wp","href":"https:\/\/api.w.org\/{rel}","templated":true}]}}