{"id":99005,"date":"2020-09-22T09:55:11","date_gmt":"2020-09-22T09:55:11","guid":{"rendered":"https:\/\/belle.zabica.org\/?post_type=product&#038;p=99005"},"modified":"2025-06-18T16:10:43","modified_gmt":"2025-06-18T14:10:43","slug":"kolekcija-s-keratinom-za-zdrave-in-mocne-lase","status":"publish","type":"product","link":"https:\/\/www.belle.si\/it\/izdelek\/kolekcija-s-keratinom-za-zdrave-in-mocne-lase\/","title":{"rendered":"Kolekcija s keratinom za zdrave in mo\u010dne lase"},"content":{"rendered":"<h2>\u0160ampon s keratinom<\/h2>\n<p><em>So\u00a0 va\u0161i lasje brez \u017eivljenja? Jih te\u017eko oblikujete?<\/em><\/p>\n<p class=\"western\" lang=\"sl-SI\">HAIRLISS 100% keratinski \u0161ampon\u00a0 je \u0161e posebej obogaten s keratinom, ki:<\/p>\n<ul>\n<li>\n<p lang=\"sl-SI\">neguje in zgladi lase,<\/p>\n<\/li>\n<li>\n<p lang=\"sl-SI\">obogati lase in jih ne lepi.<\/p>\n<\/li>\n<li>\n<p lang=\"sl-SI\">ohranja lase mo\u010dne in ravne, vse do naslednjega umivanja.<\/p>\n<\/li>\n<\/ul>\n<p class=\"western\" lang=\"sl-SI\" align=\"justify\">Hair-Liss \u0161ampon ne vsebuje zdravju \u0161kodljivega formalina in je obogaten z vitamini in keratinom, ki je glavni protein pri sestavi las.<\/p>\n<p class=\"western\" lang=\"sl-SI\" align=\"justify\">U\u010dinkovita formula s keratinom in vitamini lasem zagotavlja:<\/p>\n<ul>\n<li>\n<p lang=\"sl-SI\" align=\"justify\">Sijaj: Lasje so gladki in sijo\u010di.<br \/>\nNa zdravem lasu, ki je obogaten s keratinom, so luske las popolnoma gladke, kar naredi lase sijo\u010de in svilnate.<\/p>\n<\/li>\n<li>\n<p lang=\"sl-SI\" align=\"justify\">Mo\u010d: Keratin lasem omogo\u010da, da zadr\u017eijo svojo obliko.<br \/>\nPoleg tega kreatin \u0161\u010diti lase pred \u0161kodljivimi vplivi okolja, toploto, vodo \u2026<\/p>\n<\/li>\n<li>\n<p lang=\"sl-SI\" align=\"justify\">Pro\u017enost: Keratin odli\u010dno u\u010dinkuje na pro\u017enost las, saj deluje skozi ovojnico do vlaken, ki so zavita kot spirale.<br \/>\nKeratin omogo\u010da, da se va\u0161i lasje raztegnejo kot vzmet, nato pa se zlahka vrnejo v prvotno stanje.<\/p>\n<\/li>\n<\/ul>\n<p class=\"western\" lang=\"sl-SI\" align=\"justify\">\u0160ampon nanesite na lase. Spenite ga in ne\u017eno vtrite v lase in lasi\u0161\u010de. Pustite, da u\u010dinkuje nekaj minut, nato izperite z mla\u010dno vodo. Uporablajte 2x-3x na teden.<\/p>\n<h2 class=\"western\" lang=\"sl-SI\" align=\"justify\">Balzam s keratinom<\/h2>\n<p class=\"western\" lang=\"sl-SI\" align=\"justify\">Po uporabi \u0161ampona HAIR-LISS 100% keratin, na lase nanesite HAIRLISS 100% keratin balzam.<\/p>\n<p class=\"western\" lang=\"sl-SI\" align=\"justify\">Balzam nanesite od sredine dol\u017eine las do konic in pustite delovati nekaj minut. Lase nato ra\u017e\u010de\u0161ite in jih temeljito sperite z mla\u010dno vodo.<\/p>\n<h2 class=\"western\" lang=\"sl-SI\" align=\"justify\">Maska s keratinom<\/h2>\n<p class=\"western\" lang=\"sl-SI\" align=\"justify\">HAIR LISS KERATINE &#8211; Maska za obnovo las vsebuje Keratec IFP, ki je aktivna sestavina edinstvene u\u010dinkovine proti staranju, ki pomaga ohranjati lase lepe, mo\u010dne in sijo\u010de, od korena do konic. Keratec IFP je derivat aktivne sestavine Keratin, ki pomaga \u0161\u010dititi lase pred stresom in vsakodnevnimi vplivi in obremenitvami.Prodre globoko v lase in jih \u0161iti od sredice do ovojnice, kejer ustvari obrambni \u0161\u010dit.<\/p>\n<p class=\"western\" lang=\"sl-SI\" align=\"justify\">\u00a0HAIR LISS KERATIN &#8211; maska za lase, je popolna izbira za izbolj\u0161anje zdravja in videzalas, saj se bori proti procesu staranja las in zagotavlja hrano ter nego za lase:<\/p>\n<ul>\n<li>\n<p lang=\"sl-SI\" align=\"justify\">prepre\u010duje staranje las.<\/p>\n<\/li>\n<li>\n<p lang=\"sl-SI\" align=\"justify\">ohranja lase zdrave in mladostne.<\/p>\n<\/li>\n<li>\n<p lang=\"sl-SI\" align=\"justify\">jih naredi bolj sijo\u010de<\/p>\n<\/li>\n<li>\n<p lang=\"sl-SI\" align=\"justify\">lasje postanejo na dotik bolj gladki<\/p>\n<\/li>\n<li>\n<p lang=\"sl-SI\" align=\"justify\">vla\u017ei in hidrira lase<\/p>\n<\/li>\n<li>\n<p lang=\"sl-SI\" align=\"justify\">okrepi in nahrani zelo suhe in po\u0161kodovane lase<\/p>\n<\/li>\n<\/ul>\n<p lang=\"sl-SI\" align=\"justify\">Po pranju lase nekoliko osu\u0161ite z brisa\u010do. Masko nanesite enakomerno po lasi\u0161\u010du in celotni dol\u017eini las. Pustite delovati nekaj minut, nato temeljito sperite z mla\u010dno vodo. Ponovite 2x do 3x na teden.<\/p>\n","protected":false},"excerpt":{"rendered":"<p>\u0160ampon s keratinom So\u00a0 va\u0161i lasje brez \u017eivljenja? Jih te\u017eko oblikujete? HAIRLISS 100% keratinski \u0161ampon\u00a0 je \u0161e posebej obogaten s keratinom, ki: neguje in zgladi lase, obogati lase in jih ne lepi. ohranja lase mo\u010dne in ravne, vse do naslednjega umivanja. Hair-Liss \u0161ampon ne vsebuje zdravju \u0161kodljivega formalina in je obogaten z vitamini in keratinom, [&hellip;]<\/p>\n","protected":false},"featured_media":99006,"comment_status":"closed","ping_status":"closed","template":"","meta":{"_uag_custom_page_level_css":"","_monsterinsights_skip_tracking":false,"_monsterinsights_sitenote_active":false,"_monsterinsights_sitenote_note":"","_monsterinsights_sitenote_category":0,"site-sidebar-layout":"default","site-content-layout":"","ast-site-content-layout":"default","site-content-style":"default","site-sidebar-style":"default","ast-global-header-display":"","ast-banner-title-visibility":"","ast-main-header-display":"","ast-hfb-above-header-display":"","ast-hfb-below-header-display":"","ast-hfb-mobile-header-display":"","site-post-title":"","ast-breadcrumbs-content":"","ast-featured-img":"","footer-sml-layout":"","ast-disable-related-posts":"","theme-transparent-header-meta":"","adv-header-id-meta":"","stick-header-meta":"","header-above-stick-meta":"","header-main-stick-meta":"","header-below-stick-meta":"","astra-migrate-meta-layouts":"default","ast-page-background-enabled":"default","ast-page-background-meta":{"desktop":{"background-color":"var(--ast-global-color-4)","background-image":"","background-repeat":"repeat","background-position":"center center","background-size":"auto","background-attachment":"scroll","background-type":"","background-media":"","overlay-type":"","overlay-color":"","overlay-opacity":"","overlay-gradient":""},"tablet":{"background-color":"","background-image":"","background-repeat":"repeat","background-position":"center center","background-size":"auto","background-attachment":"scroll","background-type":"","background-media":"","overlay-type":"","overlay-color":"","overlay-opacity":"","overlay-gradient":""},"mobile":{"background-color":"","background-image":"","background-repeat":"repeat","background-position":"center center","background-size":"auto","background-attachment":"scroll","background-type":"","background-media":"","overlay-type":"","overlay-color":"","overlay-opacity":"","overlay-gradient":""}},"ast-content-background-meta":{"desktop":{"background-color":"var(--ast-global-color-5)","background-image":"","background-repeat":"repeat","background-position":"center center","background-size":"auto","background-attachment":"scroll","background-type":"","background-media":"","overlay-type":"","overlay-color":"","overlay-opacity":"","overlay-gradient":""},"tablet":{"background-color":"var(--ast-global-color-5)","background-image":"","background-repeat":"repeat","background-position":"center center","background-size":"auto","background-attachment":"scroll","background-type":"","background-media":"","overlay-type":"","overlay-color":"","overlay-opacity":"","overlay-gradient":""},"mobile":{"background-color":"var(--ast-global-color-5)","background-image":"","background-repeat":"repeat","background-position":"center center","background-size":"auto","background-attachment":"scroll","background-type":"","background-media":"","overlay-type":"","overlay-color":"","overlay-opacity":"","overlay-gradient":""}}},"product_brand":[],"product_cat":[46,45],"product_tag":[],"class_list":{"0":"post-99005","1":"product","2":"type-product","3":"status-publish","4":"has-post-thumbnail","6":"product_cat-za-lepe-lase","7":"product_cat-za-mocne-lase","8":"desktop-align-left","9":"tablet-align-left","10":"mobile-align-left","11":"ast-product-gallery-layout-first-image-large","12":"ast-product-gallery-with-no-image","13":"ast-magnify-disabled","14":"ast-product-tabs-layout-horizontal","16":"first","17":"instock","18":"sale","19":"taxable","20":"shipping-taxable","21":"purchasable","22":"product-type-simple"},"yoast_head":"<!-- This site is optimized with the Yoast SEO plugin v26.9 - https:\/\/yoast.com\/product\/yoast-seo-wordpress\/ -->\n<title>Kolekcija s keratinom za zdrave in mo\u010dne lase - Belle.si kozmeti\u010dna trgovina<\/title>\n<meta name=\"robots\" content=\"index, follow, max-snippet:-1, max-image-preview:large, max-video-preview:-1\" \/>\n<link rel=\"canonical\" href=\"https:\/\/www.belle.si\/it\/izdelek\/kolekcija-s-keratinom-za-zdrave-in-mocne-lase\/\" \/>\n<meta property=\"og:locale\" content=\"it_IT\" \/>\n<meta property=\"og:type\" content=\"article\" \/>\n<meta property=\"og:title\" content=\"Kolekcija s keratinom za zdrave in mo\u010dne lase - Belle.si kozmeti\u010dna trgovina\" \/>\n<meta property=\"og:description\" content=\"\u0160ampon s keratinom So\u00a0 va\u0161i lasje brez \u017eivljenja? Jih te\u017eko oblikujete? HAIRLISS 100% keratinski \u0161ampon\u00a0 je \u0161e posebej obogaten s keratinom, ki: neguje in zgladi lase, obogati lase in jih ne lepi. ohranja lase mo\u010dne in ravne, vse do naslednjega umivanja. Hair-Liss \u0161ampon ne vsebuje zdravju \u0161kodljivega formalina in je obogaten z vitamini in keratinom, [&hellip;]\" \/>\n<meta property=\"og:url\" content=\"https:\/\/www.belle.si\/it\/izdelek\/kolekcija-s-keratinom-za-zdrave-in-mocne-lase\/\" \/>\n<meta property=\"og:site_name\" content=\"Belle.si kozmeti\u010dna trgovina\" \/>\n<meta property=\"article:publisher\" content=\"https:\/\/www.facebook.com\/belle.si.cosmetics\/\" \/>\n<meta property=\"article:modified_time\" content=\"2025-06-18T14:10:43+00:00\" \/>\n<meta property=\"og:image\" content=\"https:\/\/www.belle.si\/wp-content\/uploads\/2022\/10\/keratin_kolekcija_balzam_sampon_maska.png\" \/>\n\t<meta property=\"og:image:width\" content=\"1080\" \/>\n\t<meta property=\"og:image:height\" content=\"1080\" \/>\n\t<meta property=\"og:image:type\" content=\"image\/png\" \/>\n<meta name=\"twitter:card\" content=\"summary_large_image\" \/>\n<meta name=\"twitter:label1\" content=\"Tempo di lettura stimato\" \/>\n\t<meta name=\"twitter:data1\" content=\"2 minuti\" \/>\n<script type=\"application\/ld+json\" class=\"yoast-schema-graph\">{\"@context\":\"https:\/\/schema.org\",\"@graph\":[{\"@type\":\"WebPage\",\"@id\":\"https:\/\/www.belle.si\/it\/izdelek\/kolekcija-s-keratinom-za-zdrave-in-mocne-lase\/\",\"url\":\"https:\/\/www.belle.si\/it\/izdelek\/kolekcija-s-keratinom-za-zdrave-in-mocne-lase\/\",\"name\":\"Kolekcija s keratinom za zdrave in mo\u010dne lase - Belle.si kozmeti\u010dna trgovina\",\"isPartOf\":{\"@id\":\"https:\/\/www.belle.si\/it\/#website\"},\"primaryImageOfPage\":{\"@id\":\"https:\/\/www.belle.si\/it\/izdelek\/kolekcija-s-keratinom-za-zdrave-in-mocne-lase\/#primaryimage\"},\"image\":{\"@id\":\"https:\/\/www.belle.si\/it\/izdelek\/kolekcija-s-keratinom-za-zdrave-in-mocne-lase\/#primaryimage\"},\"thumbnailUrl\":\"https:\/\/www.belle.si\/wp-content\/uploads\/2022\/10\/keratin_kolekcija_balzam_sampon_maska.png\",\"datePublished\":\"2020-09-22T09:55:11+00:00\",\"dateModified\":\"2025-06-18T14:10:43+00:00\",\"breadcrumb\":{\"@id\":\"https:\/\/www.belle.si\/it\/izdelek\/kolekcija-s-keratinom-za-zdrave-in-mocne-lase\/#breadcrumb\"},\"inLanguage\":\"it-IT\",\"potentialAction\":[{\"@type\":\"ReadAction\",\"target\":[\"https:\/\/www.belle.si\/it\/izdelek\/kolekcija-s-keratinom-za-zdrave-in-mocne-lase\/\"]}]},{\"@type\":\"ImageObject\",\"inLanguage\":\"it-IT\",\"@id\":\"https:\/\/www.belle.si\/it\/izdelek\/kolekcija-s-keratinom-za-zdrave-in-mocne-lase\/#primaryimage\",\"url\":\"https:\/\/www.belle.si\/wp-content\/uploads\/2022\/10\/keratin_kolekcija_balzam_sampon_maska.png\",\"contentUrl\":\"https:\/\/www.belle.si\/wp-content\/uploads\/2022\/10\/keratin_kolekcija_balzam_sampon_maska.png\",\"width\":1080,\"height\":1080,\"caption\":\"Kolekcija \u0161ampon\"},{\"@type\":\"BreadcrumbList\",\"@id\":\"https:\/\/www.belle.si\/it\/izdelek\/kolekcija-s-keratinom-za-zdrave-in-mocne-lase\/#breadcrumb\",\"itemListElement\":[{\"@type\":\"ListItem\",\"position\":1,\"name\":\"Home\",\"item\":\"https:\/\/www.belle.si\/it\/\"},{\"@type\":\"ListItem\",\"position\":2,\"name\":\"Trgovina\",\"item\":\"https:\/\/www.belle.si\/trgovina\/\"},{\"@type\":\"ListItem\",\"position\":3,\"name\":\"Kolekcija s keratinom za zdrave in mo\u010dne lase\"}]},{\"@type\":\"WebSite\",\"@id\":\"https:\/\/www.belle.si\/it\/#website\",\"url\":\"https:\/\/www.belle.si\/it\/\",\"name\":\"Belle.si kozmeti\u010dna trgovina\",\"description\":\"\",\"publisher\":{\"@id\":\"https:\/\/www.belle.si\/it\/#organization\"},\"potentialAction\":[{\"@type\":\"SearchAction\",\"target\":{\"@type\":\"EntryPoint\",\"urlTemplate\":\"https:\/\/www.belle.si\/it\/?s={search_term_string}\"},\"query-input\":{\"@type\":\"PropertyValueSpecification\",\"valueRequired\":true,\"valueName\":\"search_term_string\"}}],\"inLanguage\":\"it-IT\"},{\"@type\":\"Organization\",\"@id\":\"https:\/\/www.belle.si\/it\/#organization\",\"name\":\"Belle.si kozmeti\u010dna trgovina\",\"url\":\"https:\/\/www.belle.si\/it\/\",\"logo\":{\"@type\":\"ImageObject\",\"inLanguage\":\"it-IT\",\"@id\":\"https:\/\/www.belle.si\/it\/#\/schema\/logo\/image\/\",\"url\":\"https:\/\/www.belle.si\/wp-content\/uploads\/2022\/10\/cropped-logo_belle_trgovina.png\",\"contentUrl\":\"https:\/\/www.belle.si\/wp-content\/uploads\/2022\/10\/cropped-logo_belle_trgovina.png\",\"width\":270,\"height\":135,\"caption\":\"Belle.si kozmeti\u010dna trgovina\"},\"image\":{\"@id\":\"https:\/\/www.belle.si\/it\/#\/schema\/logo\/image\/\"},\"sameAs\":[\"https:\/\/www.facebook.com\/belle.si.cosmetics\/\",\"https:\/\/www.instagram.com\/belle.si.cosmetics\/\"]}]}<\/script>\n<!-- \/ Yoast SEO plugin. -->","yoast_head_json":{"title":"Kolekcija s keratinom za zdrave in mo\u010dne lase - Belle.si kozmeti\u010dna trgovina","robots":{"index":"index","follow":"follow","max-snippet":"max-snippet:-1","max-image-preview":"max-image-preview:large","max-video-preview":"max-video-preview:-1"},"canonical":"https:\/\/www.belle.si\/it\/izdelek\/kolekcija-s-keratinom-za-zdrave-in-mocne-lase\/","og_locale":"it_IT","og_type":"article","og_title":"Kolekcija s keratinom za zdrave in mo\u010dne lase - Belle.si kozmeti\u010dna trgovina","og_description":"\u0160ampon s keratinom So\u00a0 va\u0161i lasje brez \u017eivljenja? Jih te\u017eko oblikujete? HAIRLISS 100% keratinski \u0161ampon\u00a0 je \u0161e posebej obogaten s keratinom, ki: neguje in zgladi lase, obogati lase in jih ne lepi. ohranja lase mo\u010dne in ravne, vse do naslednjega umivanja. Hair-Liss \u0161ampon ne vsebuje zdravju \u0161kodljivega formalina in je obogaten z vitamini in keratinom, [&hellip;]","og_url":"https:\/\/www.belle.si\/it\/izdelek\/kolekcija-s-keratinom-za-zdrave-in-mocne-lase\/","og_site_name":"Belle.si kozmeti\u010dna trgovina","article_publisher":"https:\/\/www.facebook.com\/belle.si.cosmetics\/","article_modified_time":"2025-06-18T14:10:43+00:00","og_image":[{"width":1080,"height":1080,"url":"https:\/\/www.belle.si\/wp-content\/uploads\/2022\/10\/keratin_kolekcija_balzam_sampon_maska.png","type":"image\/png"}],"twitter_card":"summary_large_image","twitter_misc":{"Tempo di lettura stimato":"2 minuti"},"schema":{"@context":"https:\/\/schema.org","@graph":[{"@type":"WebPage","@id":"https:\/\/www.belle.si\/it\/izdelek\/kolekcija-s-keratinom-za-zdrave-in-mocne-lase\/","url":"https:\/\/www.belle.si\/it\/izdelek\/kolekcija-s-keratinom-za-zdrave-in-mocne-lase\/","name":"Kolekcija s keratinom za zdrave in mo\u010dne lase - Belle.si kozmeti\u010dna trgovina","isPartOf":{"@id":"https:\/\/www.belle.si\/it\/#website"},"primaryImageOfPage":{"@id":"https:\/\/www.belle.si\/it\/izdelek\/kolekcija-s-keratinom-za-zdrave-in-mocne-lase\/#primaryimage"},"image":{"@id":"https:\/\/www.belle.si\/it\/izdelek\/kolekcija-s-keratinom-za-zdrave-in-mocne-lase\/#primaryimage"},"thumbnailUrl":"https:\/\/www.belle.si\/wp-content\/uploads\/2022\/10\/keratin_kolekcija_balzam_sampon_maska.png","datePublished":"2020-09-22T09:55:11+00:00","dateModified":"2025-06-18T14:10:43+00:00","breadcrumb":{"@id":"https:\/\/www.belle.si\/it\/izdelek\/kolekcija-s-keratinom-za-zdrave-in-mocne-lase\/#breadcrumb"},"inLanguage":"it-IT","potentialAction":[{"@type":"ReadAction","target":["https:\/\/www.belle.si\/it\/izdelek\/kolekcija-s-keratinom-za-zdrave-in-mocne-lase\/"]}]},{"@type":"ImageObject","inLanguage":"it-IT","@id":"https:\/\/www.belle.si\/it\/izdelek\/kolekcija-s-keratinom-za-zdrave-in-mocne-lase\/#primaryimage","url":"https:\/\/www.belle.si\/wp-content\/uploads\/2022\/10\/keratin_kolekcija_balzam_sampon_maska.png","contentUrl":"https:\/\/www.belle.si\/wp-content\/uploads\/2022\/10\/keratin_kolekcija_balzam_sampon_maska.png","width":1080,"height":1080,"caption":"Kolekcija \u0161ampon"},{"@type":"BreadcrumbList","@id":"https:\/\/www.belle.si\/it\/izdelek\/kolekcija-s-keratinom-za-zdrave-in-mocne-lase\/#breadcrumb","itemListElement":[{"@type":"ListItem","position":1,"name":"Home","item":"https:\/\/www.belle.si\/it\/"},{"@type":"ListItem","position":2,"name":"Trgovina","item":"https:\/\/www.belle.si\/trgovina\/"},{"@type":"ListItem","position":3,"name":"Kolekcija s keratinom za zdrave in mo\u010dne lase"}]},{"@type":"WebSite","@id":"https:\/\/www.belle.si\/it\/#website","url":"https:\/\/www.belle.si\/it\/","name":"Belle.si kozmeti\u010dna trgovina","description":"","publisher":{"@id":"https:\/\/www.belle.si\/it\/#organization"},"potentialAction":[{"@type":"SearchAction","target":{"@type":"EntryPoint","urlTemplate":"https:\/\/www.belle.si\/it\/?s={search_term_string}"},"query-input":{"@type":"PropertyValueSpecification","valueRequired":true,"valueName":"search_term_string"}}],"inLanguage":"it-IT"},{"@type":"Organization","@id":"https:\/\/www.belle.si\/it\/#organization","name":"Belle.si kozmeti\u010dna trgovina","url":"https:\/\/www.belle.si\/it\/","logo":{"@type":"ImageObject","inLanguage":"it-IT","@id":"https:\/\/www.belle.si\/it\/#\/schema\/logo\/image\/","url":"https:\/\/www.belle.si\/wp-content\/uploads\/2022\/10\/cropped-logo_belle_trgovina.png","contentUrl":"https:\/\/www.belle.si\/wp-content\/uploads\/2022\/10\/cropped-logo_belle_trgovina.png","width":270,"height":135,"caption":"Belle.si kozmeti\u010dna trgovina"},"image":{"@id":"https:\/\/www.belle.si\/it\/#\/schema\/logo\/image\/"},"sameAs":["https:\/\/www.facebook.com\/belle.si.cosmetics\/","https:\/\/www.instagram.com\/belle.si.cosmetics\/"]}]}},"uagb_featured_image_src":{"full":["https:\/\/www.belle.si\/wp-content\/uploads\/2022\/10\/keratin_kolekcija_balzam_sampon_maska.png",1080,1080,false],"thumbnail":["https:\/\/www.belle.si\/wp-content\/uploads\/2022\/10\/keratin_kolekcija_balzam_sampon_maska-150x150.png",150,150,true],"medium":["https:\/\/www.belle.si\/wp-content\/uploads\/2022\/10\/keratin_kolekcija_balzam_sampon_maska-300x300.png",300,300,true],"medium_large":["https:\/\/www.belle.si\/wp-content\/uploads\/2022\/10\/keratin_kolekcija_balzam_sampon_maska-768x768.png",768,768,true],"large":["https:\/\/www.belle.si\/wp-content\/uploads\/2022\/10\/keratin_kolekcija_balzam_sampon_maska-1024x1024.png",1024,1024,true],"1536x1536":["https:\/\/www.belle.si\/wp-content\/uploads\/2022\/10\/keratin_kolekcija_balzam_sampon_maska.png",1080,1080,false],"2048x2048":["https:\/\/www.belle.si\/wp-content\/uploads\/2022\/10\/keratin_kolekcija_balzam_sampon_maska.png",1080,1080,false],"mailpoet_newsletter_max":["https:\/\/www.belle.si\/wp-content\/uploads\/2022\/10\/keratin_kolekcija_balzam_sampon_maska.png",1080,1080,false],"woocommerce_thumbnail":["https:\/\/www.belle.si\/wp-content\/uploads\/2022\/10\/keratin_kolekcija_balzam_sampon_maska-300x300.png",300,300,true],"woocommerce_single":["https:\/\/www.belle.si\/wp-content\/uploads\/2022\/10\/keratin_kolekcija_balzam_sampon_maska-600x600.png",600,600,true],"woocommerce_gallery_thumbnail":["https:\/\/www.belle.si\/wp-content\/uploads\/2022\/10\/keratin_kolekcija_balzam_sampon_maska-100x100.png",100,100,true]},"uagb_author_info":{"display_name":"taja","author_link":"https:\/\/www.belle.si\/it\/author\/"},"uagb_comment_info":0,"uagb_excerpt":"\u0160ampon s keratinom So\u00a0 va\u0161i lasje brez \u017eivljenja? Jih te\u017eko oblikujete? HAIRLISS 100% keratinski \u0161ampon\u00a0 je \u0161e posebej obogaten s keratinom, ki: neguje in zgladi lase, obogati lase in jih ne lepi. ohranja lase mo\u010dne in ravne, vse do naslednjega umivanja. Hair-Liss \u0161ampon ne vsebuje zdravju \u0161kodljivega formalina in je obogaten z vitamini in keratinom,&hellip;","_links":{"self":[{"href":"https:\/\/www.belle.si\/it\/wp-json\/wp\/v2\/product\/99005","targetHints":{"allow":["GET"]}}],"collection":[{"href":"https:\/\/www.belle.si\/it\/wp-json\/wp\/v2\/product"}],"about":[{"href":"https:\/\/www.belle.si\/it\/wp-json\/wp\/v2\/types\/product"}],"replies":[{"embeddable":true,"href":"https:\/\/www.belle.si\/it\/wp-json\/wp\/v2\/comments?post=99005"}],"wp:featuredmedia":[{"embeddable":true,"href":"https:\/\/www.belle.si\/it\/wp-json\/wp\/v2\/media\/99006"}],"wp:attachment":[{"href":"https:\/\/www.belle.si\/it\/wp-json\/wp\/v2\/media?parent=99005"}],"wp:term":[{"taxonomy":"product_brand","embeddable":true,"href":"https:\/\/www.belle.si\/it\/wp-json\/wp\/v2\/product_brand?post=99005"},{"taxonomy":"product_cat","embeddable":true,"href":"https:\/\/www.belle.si\/it\/wp-json\/wp\/v2\/product_cat?post=99005"},{"taxonomy":"product_tag","embeddable":true,"href":"https:\/\/www.belle.si\/it\/wp-json\/wp\/v2\/product_tag?post=99005"}],"curies":[{"name":"wp","href":"https:\/\/api.w.org\/{rel}","templated":true}]}}