{"id":98993,"date":"2020-10-14T11:53:45","date_gmt":"2020-10-14T11:53:45","guid":{"rendered":"https:\/\/belle.zabica.org\/?post_type=product&#038;p=98993"},"modified":"2025-11-10T23:34:22","modified_gmt":"2025-11-10T22:34:22","slug":"kolagen-krema-za-lepo-in-gladko-kozo-anti-age-efekt","status":"publish","type":"product","link":"https:\/\/www.belle.si\/it\/izdelek\/kolagen-krema-za-lepo-in-gladko-kozo-anti-age-efekt\/","title":{"rendered":"Kolagen krema za lepo in gladko ko\u017eo, anti-age efekt"},"content":{"rendered":"<h2>Uporabljajte kolagensko kremo hi\u0161e Claude Bell za o\u010ditno pomlajeno ko\u017eo na obrazu in dekolteju!<\/h2>\n<div class=\"std\">\n<p>Kolagen je najbolj pogosta molekula v \u010dlove\u0161kem telesu in tvori 80 % celotnega\u00a0 ko\u017enega tkiva. Kolagen je osnoven za ohranjanje \u010dvrste, mladostne in napete ko\u017ee. Telo samo ustvarja in obnavlja kolagen v telesu. Po 25 letu, se zmanj\u0161a kapaciteta tvorjenja novega kolagena in tudi kolagenske molekule hitreje razpadajo.<\/p>\n<p>Izguba kolagena povzro\u010da staranje, vendar ga pospe\u0161uje tudi na\u010din \u017eivljenja. Na izgled ko\u017ee vplivajo UV \u017earki, smog, stres, slaba prehrana, kajenje. Vse to povzro\u010da oksidacijo in vnetja v telesu, kar vpiva tudi na na\u0161o ko\u017eo. Ko\u017ea tako postane bolj ohlapna, manj voljna in pojavijo se gube. Anti-age kolagenska krema vsebuje dve glavni u\u010dinkovini:<\/p>\n<ul>\n<li>MATRIXIL Synth\u00e9 6, ki zmanj\u0161uje koli\u010dino gub in jih naredi manj globoke ter<\/li>\n<li>kozmeti\u010dni prah sladkovodnih alg, ki rastejo le v hladnem podnebju in oja\u010dajo odpornost, mo\u010d in zdravje ko\u017ee, zaradi \u010desar ohranja svoj mladosten izgled.<\/li>\n<\/ul>\n<h2>Zagotovljen trajen anti-age efekt.<\/h2>\n<p><strong>Klini\u010dni testi kolagenske kreme za obraz<\/strong><\/p>\n<p>Teste je izvedel neodvisni laboratorij v Franciji. Rezultati lahko odstopajo od posameznika do posameznika.<\/p>\n<p>V \u010dasu dvomese\u010dnega testiranje se je pokazalo, da redna uporaba kreme zmanj\u0161a globino gub in so tako manj izrazite za 70%. Zmanj\u0161al se je tudi splo\u0161en vtis nagubane ko\u017ee do 80%. Z uporabo seruma se oja\u010da za\u0161\u010dita in odpornost ko\u017ee, kar se je pri testiranju pokazalo v o\u010ditno zmanj\u0161ani pigmentaciji ko\u017ee (do 67 %), ki se pojavi s starostjo.<\/p>\n<p><strong>Navodila za uporabo kolagenske kreme<\/strong><\/p>\n<\/div>\n<div class=\"panel directions\">\n<p class=\"std\">Manj\u0161o koli\u010dino krmene nanesite na o\u010di\u0161\u010den obraz in dekolte 2x na dan. Ne\u017eno vmasirajte v ko\u017eo, da se krema popolnoma vpije. Za \u010dim bolj\u0161e rezultate, je priporo\u010dljivo, da kremo uporabljate vsak dan.<\/p>\n<p>Pazite, da krema ne zaide v o\u010di. \u010ce vam krema zaide v o\u010di, temeljito izperite z veliko vode.<\/p>\n<\/div>\n","protected":false},"excerpt":{"rendered":"<p>Uporabljajte kolagensko kremo hi\u0161e Claude Bell za o\u010ditno pomlajeno ko\u017eo na obrazu in dekolteju! Kolagen je najbolj pogosta molekula v \u010dlove\u0161kem telesu in tvori 80 % celotnega\u00a0 ko\u017enega tkiva. Kolagen je osnoven za ohranjanje \u010dvrste, mladostne in napete ko\u017ee. Telo samo ustvarja in obnavlja kolagen v telesu. Po 25 letu, se zmanj\u0161a kapaciteta tvorjenja novega [&hellip;]<\/p>\n","protected":false},"featured_media":98994,"comment_status":"closed","ping_status":"closed","template":"","meta":{"_uag_custom_page_level_css":"","_monsterinsights_skip_tracking":false,"_monsterinsights_sitenote_active":false,"_monsterinsights_sitenote_note":"","_monsterinsights_sitenote_category":0,"site-sidebar-layout":"default","site-content-layout":"","ast-site-content-layout":"default","site-content-style":"default","site-sidebar-style":"default","ast-global-header-display":"","ast-banner-title-visibility":"","ast-main-header-display":"","ast-hfb-above-header-display":"","ast-hfb-below-header-display":"","ast-hfb-mobile-header-display":"","site-post-title":"","ast-breadcrumbs-content":"","ast-featured-img":"","footer-sml-layout":"","ast-disable-related-posts":"","theme-transparent-header-meta":"default","adv-header-id-meta":"","stick-header-meta":"","header-above-stick-meta":"","header-main-stick-meta":"","header-below-stick-meta":"","astra-migrate-meta-layouts":"set","ast-page-background-enabled":"default","ast-page-background-meta":{"desktop":{"background-color":"var(--ast-global-color-4)","background-image":"","background-repeat":"repeat","background-position":"center center","background-size":"auto","background-attachment":"scroll","background-type":"","background-media":"","overlay-type":"","overlay-color":"","overlay-opacity":"","overlay-gradient":""},"tablet":{"background-color":"","background-image":"","background-repeat":"repeat","background-position":"center center","background-size":"auto","background-attachment":"scroll","background-type":"","background-media":"","overlay-type":"","overlay-color":"","overlay-opacity":"","overlay-gradient":""},"mobile":{"background-color":"","background-image":"","background-repeat":"repeat","background-position":"center center","background-size":"auto","background-attachment":"scroll","background-type":"","background-media":"","overlay-type":"","overlay-color":"","overlay-opacity":"","overlay-gradient":""}},"ast-content-background-meta":{"desktop":{"background-color":"var(--ast-global-color-5)","background-image":"","background-repeat":"repeat","background-position":"center center","background-size":"auto","background-attachment":"scroll","background-type":"","background-media":"","overlay-type":"","overlay-color":"","overlay-opacity":"","overlay-gradient":""},"tablet":{"background-color":"var(--ast-global-color-5)","background-image":"","background-repeat":"repeat","background-position":"center center","background-size":"auto","background-attachment":"scroll","background-type":"","background-media":"","overlay-type":"","overlay-color":"","overlay-opacity":"","overlay-gradient":""},"mobile":{"background-color":"var(--ast-global-color-5)","background-image":"","background-repeat":"repeat","background-position":"center center","background-size":"auto","background-attachment":"scroll","background-type":"","background-media":"","overlay-type":"","overlay-color":"","overlay-opacity":"","overlay-gradient":""}}},"product_brand":[],"product_cat":[30],"product_tag":[],"class_list":{"0":"post-98993","1":"product","2":"type-product","3":"status-publish","4":"has-post-thumbnail","6":"product_cat-anti-age-nega-za-obraz","7":"desktop-align-left","8":"tablet-align-left","9":"mobile-align-left","10":"ast-product-gallery-layout-first-image-large","11":"ast-product-gallery-with-no-image","12":"ast-magnify-disabled","13":"ast-product-tabs-layout-horizontal","15":"first","16":"outofstock","17":"taxable","18":"shipping-taxable","19":"purchasable","20":"product-type-simple"},"yoast_head":"<!-- This site is optimized with the Yoast SEO plugin v26.9 - https:\/\/yoast.com\/product\/yoast-seo-wordpress\/ -->\n<title>Kolagen krema za lepo in gladko ko\u017eo, anti-age efekt - Belle.si kozmeti\u010dna trgovina<\/title>\n<meta name=\"robots\" content=\"index, follow, max-snippet:-1, max-image-preview:large, max-video-preview:-1\" \/>\n<link rel=\"canonical\" href=\"https:\/\/www.belle.si\/it\/izdelek\/kolagen-krema-za-lepo-in-gladko-kozo-anti-age-efekt\/\" \/>\n<meta property=\"og:locale\" content=\"it_IT\" \/>\n<meta property=\"og:type\" content=\"article\" \/>\n<meta property=\"og:title\" content=\"Kolagen krema za lepo in gladko ko\u017eo, anti-age efekt - Belle.si kozmeti\u010dna trgovina\" \/>\n<meta property=\"og:description\" content=\"Uporabljajte kolagensko kremo hi\u0161e Claude Bell za o\u010ditno pomlajeno ko\u017eo na obrazu in dekolteju! Kolagen je najbolj pogosta molekula v \u010dlove\u0161kem telesu in tvori 80 % celotnega\u00a0 ko\u017enega tkiva. Kolagen je osnoven za ohranjanje \u010dvrste, mladostne in napete ko\u017ee. Telo samo ustvarja in obnavlja kolagen v telesu. Po 25 letu, se zmanj\u0161a kapaciteta tvorjenja novega [&hellip;]\" \/>\n<meta property=\"og:url\" content=\"https:\/\/www.belle.si\/it\/izdelek\/kolagen-krema-za-lepo-in-gladko-kozo-anti-age-efekt\/\" \/>\n<meta property=\"og:site_name\" content=\"Belle.si kozmeti\u010dna trgovina\" \/>\n<meta property=\"article:publisher\" content=\"https:\/\/www.facebook.com\/belle.si.cosmetics\/\" \/>\n<meta property=\"article:modified_time\" content=\"2025-11-10T22:34:22+00:00\" \/>\n<meta property=\"og:image\" content=\"https:\/\/www.belle.si\/wp-content\/uploads\/2022\/10\/kolagenska_krema.png\" \/>\n\t<meta property=\"og:image:width\" content=\"1000\" \/>\n\t<meta property=\"og:image:height\" content=\"1000\" \/>\n\t<meta property=\"og:image:type\" content=\"image\/png\" \/>\n<meta name=\"twitter:card\" content=\"summary_large_image\" \/>\n<meta name=\"twitter:label1\" content=\"Tempo di lettura stimato\" \/>\n\t<meta name=\"twitter:data1\" content=\"2 minuti\" \/>\n<script type=\"application\/ld+json\" class=\"yoast-schema-graph\">{\"@context\":\"https:\/\/schema.org\",\"@graph\":[{\"@type\":\"WebPage\",\"@id\":\"https:\/\/www.belle.si\/it\/izdelek\/kolagen-krema-za-lepo-in-gladko-kozo-anti-age-efekt\/\",\"url\":\"https:\/\/www.belle.si\/it\/izdelek\/kolagen-krema-za-lepo-in-gladko-kozo-anti-age-efekt\/\",\"name\":\"Kolagen krema za lepo in gladko ko\u017eo, anti-age efekt - Belle.si kozmeti\u010dna trgovina\",\"isPartOf\":{\"@id\":\"https:\/\/www.belle.si\/it\/#website\"},\"primaryImageOfPage\":{\"@id\":\"https:\/\/www.belle.si\/it\/izdelek\/kolagen-krema-za-lepo-in-gladko-kozo-anti-age-efekt\/#primaryimage\"},\"image\":{\"@id\":\"https:\/\/www.belle.si\/it\/izdelek\/kolagen-krema-za-lepo-in-gladko-kozo-anti-age-efekt\/#primaryimage\"},\"thumbnailUrl\":\"https:\/\/www.belle.si\/wp-content\/uploads\/2022\/10\/kolagenska_krema.png\",\"datePublished\":\"2020-10-14T11:53:45+00:00\",\"dateModified\":\"2025-11-10T22:34:22+00:00\",\"breadcrumb\":{\"@id\":\"https:\/\/www.belle.si\/it\/izdelek\/kolagen-krema-za-lepo-in-gladko-kozo-anti-age-efekt\/#breadcrumb\"},\"inLanguage\":\"it-IT\",\"potentialAction\":[{\"@type\":\"ReadAction\",\"target\":[\"https:\/\/www.belle.si\/it\/izdelek\/kolagen-krema-za-lepo-in-gladko-kozo-anti-age-efekt\/\"]}]},{\"@type\":\"ImageObject\",\"inLanguage\":\"it-IT\",\"@id\":\"https:\/\/www.belle.si\/it\/izdelek\/kolagen-krema-za-lepo-in-gladko-kozo-anti-age-efekt\/#primaryimage\",\"url\":\"https:\/\/www.belle.si\/wp-content\/uploads\/2022\/10\/kolagenska_krema.png\",\"contentUrl\":\"https:\/\/www.belle.si\/wp-content\/uploads\/2022\/10\/kolagenska_krema.png\",\"width\":1000,\"height\":1000,\"caption\":\"Kolagenska anti age krema proti gubam za maldosten videz\"},{\"@type\":\"BreadcrumbList\",\"@id\":\"https:\/\/www.belle.si\/it\/izdelek\/kolagen-krema-za-lepo-in-gladko-kozo-anti-age-efekt\/#breadcrumb\",\"itemListElement\":[{\"@type\":\"ListItem\",\"position\":1,\"name\":\"Home\",\"item\":\"https:\/\/www.belle.si\/it\/\"},{\"@type\":\"ListItem\",\"position\":2,\"name\":\"Trgovina\",\"item\":\"https:\/\/www.belle.si\/trgovina\/\"},{\"@type\":\"ListItem\",\"position\":3,\"name\":\"Kolagen krema za lepo in gladko ko\u017eo, anti-age efekt\"}]},{\"@type\":\"WebSite\",\"@id\":\"https:\/\/www.belle.si\/it\/#website\",\"url\":\"https:\/\/www.belle.si\/it\/\",\"name\":\"Belle.si kozmeti\u010dna trgovina\",\"description\":\"\",\"publisher\":{\"@id\":\"https:\/\/www.belle.si\/it\/#organization\"},\"potentialAction\":[{\"@type\":\"SearchAction\",\"target\":{\"@type\":\"EntryPoint\",\"urlTemplate\":\"https:\/\/www.belle.si\/it\/?s={search_term_string}\"},\"query-input\":{\"@type\":\"PropertyValueSpecification\",\"valueRequired\":true,\"valueName\":\"search_term_string\"}}],\"inLanguage\":\"it-IT\"},{\"@type\":\"Organization\",\"@id\":\"https:\/\/www.belle.si\/it\/#organization\",\"name\":\"Belle.si kozmeti\u010dna trgovina\",\"url\":\"https:\/\/www.belle.si\/it\/\",\"logo\":{\"@type\":\"ImageObject\",\"inLanguage\":\"it-IT\",\"@id\":\"https:\/\/www.belle.si\/it\/#\/schema\/logo\/image\/\",\"url\":\"https:\/\/www.belle.si\/wp-content\/uploads\/2022\/10\/cropped-logo_belle_trgovina.png\",\"contentUrl\":\"https:\/\/www.belle.si\/wp-content\/uploads\/2022\/10\/cropped-logo_belle_trgovina.png\",\"width\":270,\"height\":135,\"caption\":\"Belle.si kozmeti\u010dna trgovina\"},\"image\":{\"@id\":\"https:\/\/www.belle.si\/it\/#\/schema\/logo\/image\/\"},\"sameAs\":[\"https:\/\/www.facebook.com\/belle.si.cosmetics\/\",\"https:\/\/www.instagram.com\/belle.si.cosmetics\/\"]}]}<\/script>\n<!-- \/ Yoast SEO plugin. -->","yoast_head_json":{"title":"Kolagen krema za lepo in gladko ko\u017eo, anti-age efekt - Belle.si kozmeti\u010dna trgovina","robots":{"index":"index","follow":"follow","max-snippet":"max-snippet:-1","max-image-preview":"max-image-preview:large","max-video-preview":"max-video-preview:-1"},"canonical":"https:\/\/www.belle.si\/it\/izdelek\/kolagen-krema-za-lepo-in-gladko-kozo-anti-age-efekt\/","og_locale":"it_IT","og_type":"article","og_title":"Kolagen krema za lepo in gladko ko\u017eo, anti-age efekt - Belle.si kozmeti\u010dna trgovina","og_description":"Uporabljajte kolagensko kremo hi\u0161e Claude Bell za o\u010ditno pomlajeno ko\u017eo na obrazu in dekolteju! Kolagen je najbolj pogosta molekula v \u010dlove\u0161kem telesu in tvori 80 % celotnega\u00a0 ko\u017enega tkiva. Kolagen je osnoven za ohranjanje \u010dvrste, mladostne in napete ko\u017ee. Telo samo ustvarja in obnavlja kolagen v telesu. Po 25 letu, se zmanj\u0161a kapaciteta tvorjenja novega [&hellip;]","og_url":"https:\/\/www.belle.si\/it\/izdelek\/kolagen-krema-za-lepo-in-gladko-kozo-anti-age-efekt\/","og_site_name":"Belle.si kozmeti\u010dna trgovina","article_publisher":"https:\/\/www.facebook.com\/belle.si.cosmetics\/","article_modified_time":"2025-11-10T22:34:22+00:00","og_image":[{"width":1000,"height":1000,"url":"https:\/\/www.belle.si\/wp-content\/uploads\/2022\/10\/kolagenska_krema.png","type":"image\/png"}],"twitter_card":"summary_large_image","twitter_misc":{"Tempo di lettura stimato":"2 minuti"},"schema":{"@context":"https:\/\/schema.org","@graph":[{"@type":"WebPage","@id":"https:\/\/www.belle.si\/it\/izdelek\/kolagen-krema-za-lepo-in-gladko-kozo-anti-age-efekt\/","url":"https:\/\/www.belle.si\/it\/izdelek\/kolagen-krema-za-lepo-in-gladko-kozo-anti-age-efekt\/","name":"Kolagen krema za lepo in gladko ko\u017eo, anti-age efekt - Belle.si kozmeti\u010dna trgovina","isPartOf":{"@id":"https:\/\/www.belle.si\/it\/#website"},"primaryImageOfPage":{"@id":"https:\/\/www.belle.si\/it\/izdelek\/kolagen-krema-za-lepo-in-gladko-kozo-anti-age-efekt\/#primaryimage"},"image":{"@id":"https:\/\/www.belle.si\/it\/izdelek\/kolagen-krema-za-lepo-in-gladko-kozo-anti-age-efekt\/#primaryimage"},"thumbnailUrl":"https:\/\/www.belle.si\/wp-content\/uploads\/2022\/10\/kolagenska_krema.png","datePublished":"2020-10-14T11:53:45+00:00","dateModified":"2025-11-10T22:34:22+00:00","breadcrumb":{"@id":"https:\/\/www.belle.si\/it\/izdelek\/kolagen-krema-za-lepo-in-gladko-kozo-anti-age-efekt\/#breadcrumb"},"inLanguage":"it-IT","potentialAction":[{"@type":"ReadAction","target":["https:\/\/www.belle.si\/it\/izdelek\/kolagen-krema-za-lepo-in-gladko-kozo-anti-age-efekt\/"]}]},{"@type":"ImageObject","inLanguage":"it-IT","@id":"https:\/\/www.belle.si\/it\/izdelek\/kolagen-krema-za-lepo-in-gladko-kozo-anti-age-efekt\/#primaryimage","url":"https:\/\/www.belle.si\/wp-content\/uploads\/2022\/10\/kolagenska_krema.png","contentUrl":"https:\/\/www.belle.si\/wp-content\/uploads\/2022\/10\/kolagenska_krema.png","width":1000,"height":1000,"caption":"Kolagenska anti age krema proti gubam za maldosten videz"},{"@type":"BreadcrumbList","@id":"https:\/\/www.belle.si\/it\/izdelek\/kolagen-krema-za-lepo-in-gladko-kozo-anti-age-efekt\/#breadcrumb","itemListElement":[{"@type":"ListItem","position":1,"name":"Home","item":"https:\/\/www.belle.si\/it\/"},{"@type":"ListItem","position":2,"name":"Trgovina","item":"https:\/\/www.belle.si\/trgovina\/"},{"@type":"ListItem","position":3,"name":"Kolagen krema za lepo in gladko ko\u017eo, anti-age efekt"}]},{"@type":"WebSite","@id":"https:\/\/www.belle.si\/it\/#website","url":"https:\/\/www.belle.si\/it\/","name":"Belle.si kozmeti\u010dna trgovina","description":"","publisher":{"@id":"https:\/\/www.belle.si\/it\/#organization"},"potentialAction":[{"@type":"SearchAction","target":{"@type":"EntryPoint","urlTemplate":"https:\/\/www.belle.si\/it\/?s={search_term_string}"},"query-input":{"@type":"PropertyValueSpecification","valueRequired":true,"valueName":"search_term_string"}}],"inLanguage":"it-IT"},{"@type":"Organization","@id":"https:\/\/www.belle.si\/it\/#organization","name":"Belle.si kozmeti\u010dna trgovina","url":"https:\/\/www.belle.si\/it\/","logo":{"@type":"ImageObject","inLanguage":"it-IT","@id":"https:\/\/www.belle.si\/it\/#\/schema\/logo\/image\/","url":"https:\/\/www.belle.si\/wp-content\/uploads\/2022\/10\/cropped-logo_belle_trgovina.png","contentUrl":"https:\/\/www.belle.si\/wp-content\/uploads\/2022\/10\/cropped-logo_belle_trgovina.png","width":270,"height":135,"caption":"Belle.si kozmeti\u010dna trgovina"},"image":{"@id":"https:\/\/www.belle.si\/it\/#\/schema\/logo\/image\/"},"sameAs":["https:\/\/www.facebook.com\/belle.si.cosmetics\/","https:\/\/www.instagram.com\/belle.si.cosmetics\/"]}]}},"uagb_featured_image_src":{"full":["https:\/\/www.belle.si\/wp-content\/uploads\/2022\/10\/kolagenska_krema.png",1000,1000,false],"thumbnail":["https:\/\/www.belle.si\/wp-content\/uploads\/2022\/10\/kolagenska_krema-150x150.png",150,150,true],"medium":["https:\/\/www.belle.si\/wp-content\/uploads\/2022\/10\/kolagenska_krema-300x300.png",300,300,true],"medium_large":["https:\/\/www.belle.si\/wp-content\/uploads\/2022\/10\/kolagenska_krema-768x768.png",768,768,true],"large":["https:\/\/www.belle.si\/wp-content\/uploads\/2022\/10\/kolagenska_krema.png",1000,1000,false],"1536x1536":["https:\/\/www.belle.si\/wp-content\/uploads\/2022\/10\/kolagenska_krema.png",1000,1000,false],"2048x2048":["https:\/\/www.belle.si\/wp-content\/uploads\/2022\/10\/kolagenska_krema.png",1000,1000,false],"mailpoet_newsletter_max":["https:\/\/www.belle.si\/wp-content\/uploads\/2022\/10\/kolagenska_krema.png",1000,1000,false],"woocommerce_thumbnail":["https:\/\/www.belle.si\/wp-content\/uploads\/2022\/10\/kolagenska_krema-300x300.png",300,300,true],"woocommerce_single":["https:\/\/www.belle.si\/wp-content\/uploads\/2022\/10\/kolagenska_krema-600x600.png",600,600,true],"woocommerce_gallery_thumbnail":["https:\/\/www.belle.si\/wp-content\/uploads\/2022\/10\/kolagenska_krema-100x100.png",100,100,true]},"uagb_author_info":{"display_name":"taja","author_link":"https:\/\/www.belle.si\/it\/author\/"},"uagb_comment_info":0,"uagb_excerpt":"Uporabljajte kolagensko kremo hi\u0161e Claude Bell za o\u010ditno pomlajeno ko\u017eo na obrazu in dekolteju! Kolagen je najbolj pogosta molekula v \u010dlove\u0161kem telesu in tvori 80 % celotnega\u00a0 ko\u017enega tkiva. Kolagen je osnoven za ohranjanje \u010dvrste, mladostne in napete ko\u017ee. Telo samo ustvarja in obnavlja kolagen v telesu. Po 25 letu, se zmanj\u0161a kapaciteta tvorjenja novega&hellip;","_links":{"self":[{"href":"https:\/\/www.belle.si\/it\/wp-json\/wp\/v2\/product\/98993","targetHints":{"allow":["GET"]}}],"collection":[{"href":"https:\/\/www.belle.si\/it\/wp-json\/wp\/v2\/product"}],"about":[{"href":"https:\/\/www.belle.si\/it\/wp-json\/wp\/v2\/types\/product"}],"replies":[{"embeddable":true,"href":"https:\/\/www.belle.si\/it\/wp-json\/wp\/v2\/comments?post=98993"}],"wp:featuredmedia":[{"embeddable":true,"href":"https:\/\/www.belle.si\/it\/wp-json\/wp\/v2\/media\/98994"}],"wp:attachment":[{"href":"https:\/\/www.belle.si\/it\/wp-json\/wp\/v2\/media?parent=98993"}],"wp:term":[{"taxonomy":"product_brand","embeddable":true,"href":"https:\/\/www.belle.si\/it\/wp-json\/wp\/v2\/product_brand?post=98993"},{"taxonomy":"product_cat","embeddable":true,"href":"https:\/\/www.belle.si\/it\/wp-json\/wp\/v2\/product_cat?post=98993"},{"taxonomy":"product_tag","embeddable":true,"href":"https:\/\/www.belle.si\/it\/wp-json\/wp\/v2\/product_tag?post=98993"}],"curies":[{"name":"wp","href":"https:\/\/api.w.org\/{rel}","templated":true}]}}