{"id":98991,"date":"2020-09-15T08:56:17","date_gmt":"2020-09-15T08:56:17","guid":{"rendered":"https:\/\/belle.zabica.org\/?post_type=product&#038;p=98991"},"modified":"2024-12-29T23:32:16","modified_gmt":"2024-12-29T22:32:16","slug":"arganovo-olje-lepotni-eliksir","status":"publish","type":"product","link":"https:\/\/www.belle.si\/it\/izdelek\/arganovo-olje-lepotni-eliksir\/","title":{"rendered":"Arganovo olje &#8211; lepotni eliksir"},"content":{"rendered":"<div class=\"std\">\n<h2 class=\"subtitle\">100% naravni argan! Hladno stiskano arganovo olje<\/h2>\n<p>Argan je v kozmetiki zelo iskan in cenjen, ker ima zelo \u0161iroko uporabnost. \u017de stoletja ga doma\u010dini uporabljajo za kozmetiko in prehrano. Olje se pridobiva iz plodov argana, drevesa, ki raste na severu Maroka. Najbolj kvalitetno olje se pridobiva s hladnim stiskanjem ko\u0161\u010dic iz zrelih plodov.<\/p>\n<p>Argan vsebuje veliko koristnih ma\u0161\u010dobnih kislin omega 6 in 9 ter vitamina E, ki delujejo vla\u017eilno za ko\u017eo in lase.<\/p>\n<p>Redna upraba olja pove\u010da elasti\u010dnost ko\u017ee. Ko\u017ea je tudi bolj mo\u010dna in odporna na zunanje vplive, kot sta veter in sonce.<\/p>\n<h3>Argan je bogat z vitaminom E in antioksidanti!<\/h3>\n<p>Argan zdravilno deluje na ko\u017eo v primeru ekcemov, aken, vodenih koz in luskavice.<\/p>\n<p>Zaradi visoke vsebnosti\u00a0 ma\u0161\u010dobne kisline omega 6, argan vla\u017ei ko\u017eo,\u00a0 pomirja vnetja in opekline.<\/p>\n<p>Argan je tudi zelo koristen pri negi za lase, saj jih neguje od korenin do konic.<\/p>\n<p>Argan lahko uporabljate tudi pri negovanju mehkih, krhkih nohtih, ki se hitro cepijo.<\/p>\n<p><strong>Navodila za uporabo<\/strong><\/p>\n<p>Za nego las, olje nanesite po celotni dol\u017eini las. Uporabljate lahko na suhe ali mokre lase.<\/p>\n<p>Olje lahko nanesete po celotnem telesu, kjerkoli \u017eelite.<\/p>\n<p>Za negovane nohte, nanesite nekaj kapljic olja in jih ne\u017eno vtrite v konice prstov in nohte.<\/p>\n<p>&nbsp;<\/p>\n<\/div>\n<div class=\"panel directions\">\n<div class=\"std\">\n<p>Vsebina: argan 100ml<\/p>\n<\/div>\n<\/div>\n","protected":false},"excerpt":{"rendered":"<p>100% naravni argan! Hladno stiskano arganovo olje Argan je v kozmetiki zelo iskan in cenjen, ker ima zelo \u0161iroko uporabnost. \u017de stoletja ga doma\u010dini uporabljajo za kozmetiko in prehrano. Olje se pridobiva iz plodov argana, drevesa, ki raste na severu Maroka. Najbolj kvalitetno olje se pridobiva s hladnim stiskanjem ko\u0161\u010dic iz zrelih plodov. Argan vsebuje [&hellip;]<\/p>\n","protected":false},"featured_media":98992,"comment_status":"closed","ping_status":"closed","template":"","meta":{"_uag_custom_page_level_css":"","_monsterinsights_skip_tracking":false,"_monsterinsights_sitenote_active":false,"_monsterinsights_sitenote_note":"","_monsterinsights_sitenote_category":0,"site-sidebar-layout":"default","site-content-layout":"","ast-site-content-layout":"default","site-content-style":"default","site-sidebar-style":"default","ast-global-header-display":"","ast-banner-title-visibility":"","ast-main-header-display":"","ast-hfb-above-header-display":"","ast-hfb-below-header-display":"","ast-hfb-mobile-header-display":"","site-post-title":"","ast-breadcrumbs-content":"","ast-featured-img":"","footer-sml-layout":"","ast-disable-related-posts":"","theme-transparent-header-meta":"","adv-header-id-meta":"","stick-header-meta":"","header-above-stick-meta":"","header-main-stick-meta":"","header-below-stick-meta":"","astra-migrate-meta-layouts":"default","ast-page-background-enabled":"default","ast-page-background-meta":{"desktop":{"background-color":"var(--ast-global-color-4)","background-image":"","background-repeat":"repeat","background-position":"center center","background-size":"auto","background-attachment":"scroll","background-type":"","background-media":"","overlay-type":"","overlay-color":"","overlay-opacity":"","overlay-gradient":""},"tablet":{"background-color":"","background-image":"","background-repeat":"repeat","background-position":"center center","background-size":"auto","background-attachment":"scroll","background-type":"","background-media":"","overlay-type":"","overlay-color":"","overlay-opacity":"","overlay-gradient":""},"mobile":{"background-color":"","background-image":"","background-repeat":"repeat","background-position":"center center","background-size":"auto","background-attachment":"scroll","background-type":"","background-media":"","overlay-type":"","overlay-color":"","overlay-opacity":"","overlay-gradient":""}},"ast-content-background-meta":{"desktop":{"background-color":"var(--ast-global-color-5)","background-image":"","background-repeat":"repeat","background-position":"center center","background-size":"auto","background-attachment":"scroll","background-type":"","background-media":"","overlay-type":"","overlay-color":"","overlay-opacity":"","overlay-gradient":""},"tablet":{"background-color":"var(--ast-global-color-5)","background-image":"","background-repeat":"repeat","background-position":"center center","background-size":"auto","background-attachment":"scroll","background-type":"","background-media":"","overlay-type":"","overlay-color":"","overlay-opacity":"","overlay-gradient":""},"mobile":{"background-color":"var(--ast-global-color-5)","background-image":"","background-repeat":"repeat","background-position":"center center","background-size":"auto","background-attachment":"scroll","background-type":"","background-media":"","overlay-type":"","overlay-color":"","overlay-opacity":"","overlay-gradient":""}}},"product_brand":[],"product_cat":[30,34,43,50,46,45,31],"product_tag":[],"class_list":{"0":"post-98991","1":"product","2":"type-product","3":"status-publish","4":"has-post-thumbnail","6":"product_cat-anti-age-nega-za-obraz","7":"product_cat-izdelki-za-oci","8":"product_cat-nega-za-lase","9":"product_cat-nohti","10":"product_cat-za-lepe-lase","11":"product_cat-za-mocne-lase","12":"product_cat-za-moske","13":"desktop-align-left","14":"tablet-align-left","15":"mobile-align-left","16":"ast-product-gallery-layout-first-image-large","17":"ast-product-gallery-with-no-image","18":"ast-magnify-disabled","19":"ast-product-tabs-layout-horizontal","21":"first","22":"instock","23":"taxable","24":"shipping-taxable","25":"purchasable","26":"product-type-simple"},"yoast_head":"<!-- This site is optimized with the Yoast SEO plugin v26.9 - https:\/\/yoast.com\/product\/yoast-seo-wordpress\/ -->\n<title>Arganovo olje - lepotni eliksir - Belle.si kozmeti\u010dna trgovina<\/title>\n<meta name=\"robots\" content=\"index, follow, max-snippet:-1, max-image-preview:large, max-video-preview:-1\" \/>\n<link rel=\"canonical\" href=\"https:\/\/www.belle.si\/it\/izdelek\/arganovo-olje-lepotni-eliksir\/\" \/>\n<meta property=\"og:locale\" content=\"it_IT\" \/>\n<meta property=\"og:type\" content=\"article\" \/>\n<meta property=\"og:title\" content=\"Arganovo olje - lepotni eliksir - Belle.si kozmeti\u010dna trgovina\" \/>\n<meta property=\"og:description\" content=\"100% naravni argan! Hladno stiskano arganovo olje Argan je v kozmetiki zelo iskan in cenjen, ker ima zelo \u0161iroko uporabnost. \u017de stoletja ga doma\u010dini uporabljajo za kozmetiko in prehrano. Olje se pridobiva iz plodov argana, drevesa, ki raste na severu Maroka. Najbolj kvalitetno olje se pridobiva s hladnim stiskanjem ko\u0161\u010dic iz zrelih plodov. Argan vsebuje [&hellip;]\" \/>\n<meta property=\"og:url\" content=\"https:\/\/www.belle.si\/it\/izdelek\/arganovo-olje-lepotni-eliksir\/\" \/>\n<meta property=\"og:site_name\" content=\"Belle.si kozmeti\u010dna trgovina\" \/>\n<meta property=\"article:publisher\" content=\"https:\/\/www.facebook.com\/belle.si.cosmetics\/\" \/>\n<meta property=\"article:modified_time\" content=\"2024-12-29T22:32:16+00:00\" \/>\n<meta property=\"og:image\" content=\"https:\/\/www.belle.si\/wp-content\/uploads\/2022\/10\/argan_olje_naravno_hladno_stiskano.png\" \/>\n\t<meta property=\"og:image:width\" content=\"500\" \/>\n\t<meta property=\"og:image:height\" content=\"500\" \/>\n\t<meta property=\"og:image:type\" content=\"image\/png\" \/>\n<meta name=\"twitter:card\" content=\"summary_large_image\" \/>\n<meta name=\"twitter:label1\" content=\"Tempo di lettura stimato\" \/>\n\t<meta name=\"twitter:data1\" content=\"1 minuto\" \/>\n<script type=\"application\/ld+json\" class=\"yoast-schema-graph\">{\"@context\":\"https:\/\/schema.org\",\"@graph\":[{\"@type\":\"WebPage\",\"@id\":\"https:\/\/www.belle.si\/it\/izdelek\/arganovo-olje-lepotni-eliksir\/\",\"url\":\"https:\/\/www.belle.si\/it\/izdelek\/arganovo-olje-lepotni-eliksir\/\",\"name\":\"Arganovo olje - lepotni eliksir - Belle.si kozmeti\u010dna trgovina\",\"isPartOf\":{\"@id\":\"https:\/\/www.belle.si\/it\/#website\"},\"primaryImageOfPage\":{\"@id\":\"https:\/\/www.belle.si\/it\/izdelek\/arganovo-olje-lepotni-eliksir\/#primaryimage\"},\"image\":{\"@id\":\"https:\/\/www.belle.si\/it\/izdelek\/arganovo-olje-lepotni-eliksir\/#primaryimage\"},\"thumbnailUrl\":\"https:\/\/www.belle.si\/wp-content\/uploads\/2022\/10\/argan_olje_naravno_hladno_stiskano.png\",\"datePublished\":\"2020-09-15T08:56:17+00:00\",\"dateModified\":\"2024-12-29T22:32:16+00:00\",\"breadcrumb\":{\"@id\":\"https:\/\/www.belle.si\/it\/izdelek\/arganovo-olje-lepotni-eliksir\/#breadcrumb\"},\"inLanguage\":\"it-IT\",\"potentialAction\":[{\"@type\":\"ReadAction\",\"target\":[\"https:\/\/www.belle.si\/it\/izdelek\/arganovo-olje-lepotni-eliksir\/\"]}]},{\"@type\":\"ImageObject\",\"inLanguage\":\"it-IT\",\"@id\":\"https:\/\/www.belle.si\/it\/izdelek\/arganovo-olje-lepotni-eliksir\/#primaryimage\",\"url\":\"https:\/\/www.belle.si\/wp-content\/uploads\/2022\/10\/argan_olje_naravno_hladno_stiskano.png\",\"contentUrl\":\"https:\/\/www.belle.si\/wp-content\/uploads\/2022\/10\/argan_olje_naravno_hladno_stiskano.png\",\"width\":500,\"height\":500,\"caption\":\"Argan\"},{\"@type\":\"BreadcrumbList\",\"@id\":\"https:\/\/www.belle.si\/it\/izdelek\/arganovo-olje-lepotni-eliksir\/#breadcrumb\",\"itemListElement\":[{\"@type\":\"ListItem\",\"position\":1,\"name\":\"Home\",\"item\":\"https:\/\/www.belle.si\/it\/\"},{\"@type\":\"ListItem\",\"position\":2,\"name\":\"Trgovina\",\"item\":\"https:\/\/www.belle.si\/trgovina\/\"},{\"@type\":\"ListItem\",\"position\":3,\"name\":\"Arganovo olje &#8211; lepotni eliksir\"}]},{\"@type\":\"WebSite\",\"@id\":\"https:\/\/www.belle.si\/it\/#website\",\"url\":\"https:\/\/www.belle.si\/it\/\",\"name\":\"Belle.si kozmeti\u010dna trgovina\",\"description\":\"\",\"publisher\":{\"@id\":\"https:\/\/www.belle.si\/it\/#organization\"},\"potentialAction\":[{\"@type\":\"SearchAction\",\"target\":{\"@type\":\"EntryPoint\",\"urlTemplate\":\"https:\/\/www.belle.si\/it\/?s={search_term_string}\"},\"query-input\":{\"@type\":\"PropertyValueSpecification\",\"valueRequired\":true,\"valueName\":\"search_term_string\"}}],\"inLanguage\":\"it-IT\"},{\"@type\":\"Organization\",\"@id\":\"https:\/\/www.belle.si\/it\/#organization\",\"name\":\"Belle.si kozmeti\u010dna trgovina\",\"url\":\"https:\/\/www.belle.si\/it\/\",\"logo\":{\"@type\":\"ImageObject\",\"inLanguage\":\"it-IT\",\"@id\":\"https:\/\/www.belle.si\/it\/#\/schema\/logo\/image\/\",\"url\":\"https:\/\/www.belle.si\/wp-content\/uploads\/2022\/10\/cropped-logo_belle_trgovina.png\",\"contentUrl\":\"https:\/\/www.belle.si\/wp-content\/uploads\/2022\/10\/cropped-logo_belle_trgovina.png\",\"width\":270,\"height\":135,\"caption\":\"Belle.si kozmeti\u010dna trgovina\"},\"image\":{\"@id\":\"https:\/\/www.belle.si\/it\/#\/schema\/logo\/image\/\"},\"sameAs\":[\"https:\/\/www.facebook.com\/belle.si.cosmetics\/\",\"https:\/\/www.instagram.com\/belle.si.cosmetics\/\"]}]}<\/script>\n<!-- \/ Yoast SEO plugin. -->","yoast_head_json":{"title":"Arganovo olje - lepotni eliksir - Belle.si kozmeti\u010dna trgovina","robots":{"index":"index","follow":"follow","max-snippet":"max-snippet:-1","max-image-preview":"max-image-preview:large","max-video-preview":"max-video-preview:-1"},"canonical":"https:\/\/www.belle.si\/it\/izdelek\/arganovo-olje-lepotni-eliksir\/","og_locale":"it_IT","og_type":"article","og_title":"Arganovo olje - lepotni eliksir - Belle.si kozmeti\u010dna trgovina","og_description":"100% naravni argan! Hladno stiskano arganovo olje Argan je v kozmetiki zelo iskan in cenjen, ker ima zelo \u0161iroko uporabnost. \u017de stoletja ga doma\u010dini uporabljajo za kozmetiko in prehrano. Olje se pridobiva iz plodov argana, drevesa, ki raste na severu Maroka. Najbolj kvalitetno olje se pridobiva s hladnim stiskanjem ko\u0161\u010dic iz zrelih plodov. Argan vsebuje [&hellip;]","og_url":"https:\/\/www.belle.si\/it\/izdelek\/arganovo-olje-lepotni-eliksir\/","og_site_name":"Belle.si kozmeti\u010dna trgovina","article_publisher":"https:\/\/www.facebook.com\/belle.si.cosmetics\/","article_modified_time":"2024-12-29T22:32:16+00:00","og_image":[{"width":500,"height":500,"url":"https:\/\/www.belle.si\/wp-content\/uploads\/2022\/10\/argan_olje_naravno_hladno_stiskano.png","type":"image\/png"}],"twitter_card":"summary_large_image","twitter_misc":{"Tempo di lettura stimato":"1 minuto"},"schema":{"@context":"https:\/\/schema.org","@graph":[{"@type":"WebPage","@id":"https:\/\/www.belle.si\/it\/izdelek\/arganovo-olje-lepotni-eliksir\/","url":"https:\/\/www.belle.si\/it\/izdelek\/arganovo-olje-lepotni-eliksir\/","name":"Arganovo olje - lepotni eliksir - Belle.si kozmeti\u010dna trgovina","isPartOf":{"@id":"https:\/\/www.belle.si\/it\/#website"},"primaryImageOfPage":{"@id":"https:\/\/www.belle.si\/it\/izdelek\/arganovo-olje-lepotni-eliksir\/#primaryimage"},"image":{"@id":"https:\/\/www.belle.si\/it\/izdelek\/arganovo-olje-lepotni-eliksir\/#primaryimage"},"thumbnailUrl":"https:\/\/www.belle.si\/wp-content\/uploads\/2022\/10\/argan_olje_naravno_hladno_stiskano.png","datePublished":"2020-09-15T08:56:17+00:00","dateModified":"2024-12-29T22:32:16+00:00","breadcrumb":{"@id":"https:\/\/www.belle.si\/it\/izdelek\/arganovo-olje-lepotni-eliksir\/#breadcrumb"},"inLanguage":"it-IT","potentialAction":[{"@type":"ReadAction","target":["https:\/\/www.belle.si\/it\/izdelek\/arganovo-olje-lepotni-eliksir\/"]}]},{"@type":"ImageObject","inLanguage":"it-IT","@id":"https:\/\/www.belle.si\/it\/izdelek\/arganovo-olje-lepotni-eliksir\/#primaryimage","url":"https:\/\/www.belle.si\/wp-content\/uploads\/2022\/10\/argan_olje_naravno_hladno_stiskano.png","contentUrl":"https:\/\/www.belle.si\/wp-content\/uploads\/2022\/10\/argan_olje_naravno_hladno_stiskano.png","width":500,"height":500,"caption":"Argan"},{"@type":"BreadcrumbList","@id":"https:\/\/www.belle.si\/it\/izdelek\/arganovo-olje-lepotni-eliksir\/#breadcrumb","itemListElement":[{"@type":"ListItem","position":1,"name":"Home","item":"https:\/\/www.belle.si\/it\/"},{"@type":"ListItem","position":2,"name":"Trgovina","item":"https:\/\/www.belle.si\/trgovina\/"},{"@type":"ListItem","position":3,"name":"Arganovo olje &#8211; lepotni eliksir"}]},{"@type":"WebSite","@id":"https:\/\/www.belle.si\/it\/#website","url":"https:\/\/www.belle.si\/it\/","name":"Belle.si kozmeti\u010dna trgovina","description":"","publisher":{"@id":"https:\/\/www.belle.si\/it\/#organization"},"potentialAction":[{"@type":"SearchAction","target":{"@type":"EntryPoint","urlTemplate":"https:\/\/www.belle.si\/it\/?s={search_term_string}"},"query-input":{"@type":"PropertyValueSpecification","valueRequired":true,"valueName":"search_term_string"}}],"inLanguage":"it-IT"},{"@type":"Organization","@id":"https:\/\/www.belle.si\/it\/#organization","name":"Belle.si kozmeti\u010dna trgovina","url":"https:\/\/www.belle.si\/it\/","logo":{"@type":"ImageObject","inLanguage":"it-IT","@id":"https:\/\/www.belle.si\/it\/#\/schema\/logo\/image\/","url":"https:\/\/www.belle.si\/wp-content\/uploads\/2022\/10\/cropped-logo_belle_trgovina.png","contentUrl":"https:\/\/www.belle.si\/wp-content\/uploads\/2022\/10\/cropped-logo_belle_trgovina.png","width":270,"height":135,"caption":"Belle.si kozmeti\u010dna trgovina"},"image":{"@id":"https:\/\/www.belle.si\/it\/#\/schema\/logo\/image\/"},"sameAs":["https:\/\/www.facebook.com\/belle.si.cosmetics\/","https:\/\/www.instagram.com\/belle.si.cosmetics\/"]}]}},"uagb_featured_image_src":{"full":["https:\/\/www.belle.si\/wp-content\/uploads\/2022\/10\/argan_olje_naravno_hladno_stiskano.png",500,500,false],"thumbnail":["https:\/\/www.belle.si\/wp-content\/uploads\/2022\/10\/argan_olje_naravno_hladno_stiskano-150x150.png",150,150,true],"medium":["https:\/\/www.belle.si\/wp-content\/uploads\/2022\/10\/argan_olje_naravno_hladno_stiskano-300x300.png",300,300,true],"medium_large":["https:\/\/www.belle.si\/wp-content\/uploads\/2022\/10\/argan_olje_naravno_hladno_stiskano.png",500,500,false],"large":["https:\/\/www.belle.si\/wp-content\/uploads\/2022\/10\/argan_olje_naravno_hladno_stiskano.png",500,500,false],"1536x1536":["https:\/\/www.belle.si\/wp-content\/uploads\/2022\/10\/argan_olje_naravno_hladno_stiskano.png",500,500,false],"2048x2048":["https:\/\/www.belle.si\/wp-content\/uploads\/2022\/10\/argan_olje_naravno_hladno_stiskano.png",500,500,false],"mailpoet_newsletter_max":["https:\/\/www.belle.si\/wp-content\/uploads\/2022\/10\/argan_olje_naravno_hladno_stiskano.png",500,500,false],"woocommerce_thumbnail":["https:\/\/www.belle.si\/wp-content\/uploads\/2022\/10\/argan_olje_naravno_hladno_stiskano-300x300.png",300,300,true],"woocommerce_single":["https:\/\/www.belle.si\/wp-content\/uploads\/2022\/10\/argan_olje_naravno_hladno_stiskano.png",500,500,false],"woocommerce_gallery_thumbnail":["https:\/\/www.belle.si\/wp-content\/uploads\/2022\/10\/argan_olje_naravno_hladno_stiskano-100x100.png",100,100,true]},"uagb_author_info":{"display_name":"taja","author_link":"https:\/\/www.belle.si\/it\/author\/"},"uagb_comment_info":0,"uagb_excerpt":"100% naravni argan! Hladno stiskano arganovo olje Argan je v kozmetiki zelo iskan in cenjen, ker ima zelo \u0161iroko uporabnost. \u017de stoletja ga doma\u010dini uporabljajo za kozmetiko in prehrano. Olje se pridobiva iz plodov argana, drevesa, ki raste na severu Maroka. Najbolj kvalitetno olje se pridobiva s hladnim stiskanjem ko\u0161\u010dic iz zrelih plodov. Argan vsebuje&hellip;","_links":{"self":[{"href":"https:\/\/www.belle.si\/it\/wp-json\/wp\/v2\/product\/98991","targetHints":{"allow":["GET"]}}],"collection":[{"href":"https:\/\/www.belle.si\/it\/wp-json\/wp\/v2\/product"}],"about":[{"href":"https:\/\/www.belle.si\/it\/wp-json\/wp\/v2\/types\/product"}],"replies":[{"embeddable":true,"href":"https:\/\/www.belle.si\/it\/wp-json\/wp\/v2\/comments?post=98991"}],"wp:featuredmedia":[{"embeddable":true,"href":"https:\/\/www.belle.si\/it\/wp-json\/wp\/v2\/media\/98992"}],"wp:attachment":[{"href":"https:\/\/www.belle.si\/it\/wp-json\/wp\/v2\/media?parent=98991"}],"wp:term":[{"taxonomy":"product_brand","embeddable":true,"href":"https:\/\/www.belle.si\/it\/wp-json\/wp\/v2\/product_brand?post=98991"},{"taxonomy":"product_cat","embeddable":true,"href":"https:\/\/www.belle.si\/it\/wp-json\/wp\/v2\/product_cat?post=98991"},{"taxonomy":"product_tag","embeddable":true,"href":"https:\/\/www.belle.si\/it\/wp-json\/wp\/v2\/product_tag?post=98991"}],"curies":[{"name":"wp","href":"https:\/\/api.w.org\/{rel}","templated":true}]}}