{"id":98984,"date":"2020-09-08T12:08:45","date_gmt":"2020-09-08T12:08:45","guid":{"rendered":"https:\/\/belle.zabica.org\/?post_type=product&#038;p=98984"},"modified":"2024-12-29T23:32:16","modified_gmt":"2024-12-29T22:32:16","slug":"losjon-za-zdravljenje-vrascenih-dlak-za-moske","status":"publish","type":"product","link":"https:\/\/www.belle.si\/it\/izdelek\/losjon-za-zdravljenje-vrascenih-dlak-za-moske\/","title":{"rendered":"Losjon za zdravljenje vra\u0161\u010denih dlak za mo\u0161ke"},"content":{"rendered":"<div class=\"col\">\n<div class=\"panel description\">\n<div class=\"std\">\n<h2 class=\"subtitle\">Losjon je namenjen prepre\u010devanju in zdravljenju vra\u0161\u010denih dlak pri mo\u0161kih<\/h2>\n<\/div>\n<p class=\"subtitle\">Nega za telo je zasnovana za re\u0161enaje te\u017eav na ko\u017ei, ki se pojavijo po odstranjevanju dlak.<\/p>\n<p>Pri depilaciji se velikokrat pojavijo izpu\u0161\u010daji, rde\u010dica, razdra\u017eenost ter vra\u0161\u010dene dlake.<\/p>\n<div class=\"std\">\n<p>Tem te\u017eavam se lahko izognete z uporabo pred in po depilaciji.<\/p>\n<p>Losjon lahko uporabite, \u010de imate \u017ee vra\u0161\u010dene dlake in bi \u017eeleli prizadeti del ko\u017ee pozdravti ali \u017eelite prepre\u010diti razvoj te\u017eav na ko\u017ei po depilaciji.<\/p>\n<p>Negovalni losjon je zasnovan tako, da<\/p>\n<ul>\n<li>prepre\u010duje rast dlak pod ko\u017eo<\/li>\n<li>\u010disti pore<\/li>\n<li>omogo\u010da dlakam, da rastejo na zdrav in normalen na\u010din<\/li>\n<li>upo\u010dasni rast dlak ob redni uporabi<\/li>\n<\/ul>\n<p>Naravne u\u010dinkovine v losjonu delujejo antisepti\u010dno in zdravilno, pomirijo vnetja, \u010distijo pore z rahlim piling efektom.<\/p>\n<p><img decoding=\"async\" class=\"frame\" src=\"https:\/\/www.claudebell.co.uk\/media\/res\/care_ingredients_en.jpg\" alt=\"CARE: components\" \/><\/p>\n<p>Glavne u\u010dinkovine v losjonu so:<\/p>\n<ul>\n<li>ognji\u010d, ki ko\u017eo sprosti, zdravi in pomiri vnetja<\/li>\n<li><em>Larrea divaricata, <\/em>ki upo\u010dasjuje delitev celic v koreninah dlak<\/li>\n<li>izvle\u010dke lubja vrbe, ki pospe\u0161ujejo celjenje celic,\u00a0 razgrajujejo odmrle celice, delujejo antispeti\u010dno<\/li>\n<li>naraven penilec, ki \u010disti pore, tako da dlake lahko rastejo brez motenj<\/li>\n<li>bizalobl, naraven alkohol, ki zdravi vnetja, razdra\u017eeno ko\u017eo in odstranjuje mikrobe<\/li>\n<\/ul>\n<div class=\"panel directions\">\n<div class=\"std\">\n<p><strong>Navodila za uporabo<\/strong><\/p>\n<p>Negovalni losjon nanestite pred in po depilaciji. To bo preper\u010dilo nastanek vra\u0161\u010denih dlak.<\/p>\n<p>Za zdravljenje vra\u0161\u010denih dlak, losjon nanesite 1x na dan na prizadeti predel.<\/p>\n<p>Samo za zunanjo uporabo. \u010ce ga zau\u017eijete, takoj obi\u0161\u010dite zdravnika.<\/p>\n<p>Naj ne pride v stik z o\u010dmi. \u010ce zaide v o\u010di, sperite z veliko koli\u010dino vode.<\/p>\n<p>Shranjujte izven dosega otrok.<\/p>\n<p>Vsebina: teko\u010dina 200ml<\/p>\n<p>Proizvedeno v Franciji<\/p>\n<p>&nbsp;<\/p>\n<\/div>\n<\/div>\n<\/div>\n<\/div>\n<\/div>\n","protected":false},"excerpt":{"rendered":"<p>Losjon je namenjen prepre\u010devanju in zdravljenju vra\u0161\u010denih dlak pri mo\u0161kih Nega za telo je zasnovana za re\u0161enaje te\u017eav na ko\u017ei, ki se pojavijo po odstranjevanju dlak. Pri depilaciji se velikokrat pojavijo izpu\u0161\u010daji, rde\u010dica, razdra\u017eenost ter vra\u0161\u010dene dlake. Tem te\u017eavam se lahko izognete z uporabo pred in po depilaciji. Losjon lahko uporabite, \u010de imate \u017ee vra\u0161\u010dene [&hellip;]<\/p>\n","protected":false},"featured_media":98985,"comment_status":"closed","ping_status":"closed","template":"","meta":{"_uag_custom_page_level_css":"","_monsterinsights_skip_tracking":false,"_monsterinsights_sitenote_active":false,"_monsterinsights_sitenote_note":"","_monsterinsights_sitenote_category":0,"site-sidebar-layout":"default","site-content-layout":"","ast-site-content-layout":"default","site-content-style":"default","site-sidebar-style":"default","ast-global-header-display":"","ast-banner-title-visibility":"","ast-main-header-display":"","ast-hfb-above-header-display":"","ast-hfb-below-header-display":"","ast-hfb-mobile-header-display":"","site-post-title":"","ast-breadcrumbs-content":"","ast-featured-img":"","footer-sml-layout":"","ast-disable-related-posts":"","theme-transparent-header-meta":"","adv-header-id-meta":"","stick-header-meta":"","header-above-stick-meta":"","header-main-stick-meta":"","header-below-stick-meta":"","astra-migrate-meta-layouts":"default","ast-page-background-enabled":"default","ast-page-background-meta":{"desktop":{"background-color":"var(--ast-global-color-4)","background-image":"","background-repeat":"repeat","background-position":"center center","background-size":"auto","background-attachment":"scroll","background-type":"","background-media":"","overlay-type":"","overlay-color":"","overlay-opacity":"","overlay-gradient":""},"tablet":{"background-color":"","background-image":"","background-repeat":"repeat","background-position":"center center","background-size":"auto","background-attachment":"scroll","background-type":"","background-media":"","overlay-type":"","overlay-color":"","overlay-opacity":"","overlay-gradient":""},"mobile":{"background-color":"","background-image":"","background-repeat":"repeat","background-position":"center center","background-size":"auto","background-attachment":"scroll","background-type":"","background-media":"","overlay-type":"","overlay-color":"","overlay-opacity":"","overlay-gradient":""}},"ast-content-background-meta":{"desktop":{"background-color":"var(--ast-global-color-5)","background-image":"","background-repeat":"repeat","background-position":"center center","background-size":"auto","background-attachment":"scroll","background-type":"","background-media":"","overlay-type":"","overlay-color":"","overlay-opacity":"","overlay-gradient":""},"tablet":{"background-color":"var(--ast-global-color-5)","background-image":"","background-repeat":"repeat","background-position":"center center","background-size":"auto","background-attachment":"scroll","background-type":"","background-media":"","overlay-type":"","overlay-color":"","overlay-opacity":"","overlay-gradient":""},"mobile":{"background-color":"var(--ast-global-color-5)","background-image":"","background-repeat":"repeat","background-position":"center center","background-size":"auto","background-attachment":"scroll","background-type":"","background-media":"","overlay-type":"","overlay-color":"","overlay-opacity":"","overlay-gradient":""}}},"product_brand":[],"product_cat":[31,40],"product_tag":[],"class_list":{"0":"post-98984","1":"product","2":"type-product","3":"status-publish","4":"has-post-thumbnail","6":"product_cat-za-moske","7":"product_cat-zascita-za-kozo","8":"desktop-align-left","9":"tablet-align-left","10":"mobile-align-left","11":"ast-product-gallery-layout-first-image-large","12":"ast-product-gallery-with-no-image","13":"ast-magnify-disabled","14":"ast-product-tabs-layout-horizontal","16":"first","17":"instock","18":"taxable","19":"shipping-taxable","20":"purchasable","21":"product-type-simple"},"yoast_head":"<!-- This site is optimized with the Yoast SEO plugin v26.9 - https:\/\/yoast.com\/product\/yoast-seo-wordpress\/ -->\n<title>Losjon za zdravljenje vra\u0161\u010denih dlak za mo\u0161ke - Belle.si kozmeti\u010dna trgovina<\/title>\n<meta name=\"robots\" content=\"index, follow, max-snippet:-1, max-image-preview:large, max-video-preview:-1\" \/>\n<link rel=\"canonical\" href=\"https:\/\/www.belle.si\/it\/izdelek\/losjon-za-zdravljenje-vrascenih-dlak-za-moske\/\" \/>\n<meta property=\"og:locale\" content=\"it_IT\" \/>\n<meta property=\"og:type\" content=\"article\" \/>\n<meta property=\"og:title\" content=\"Losjon za zdravljenje vra\u0161\u010denih dlak za mo\u0161ke - Belle.si kozmeti\u010dna trgovina\" \/>\n<meta property=\"og:description\" content=\"Losjon je namenjen prepre\u010devanju in zdravljenju vra\u0161\u010denih dlak pri mo\u0161kih Nega za telo je zasnovana za re\u0161enaje te\u017eav na ko\u017ei, ki se pojavijo po odstranjevanju dlak. Pri depilaciji se velikokrat pojavijo izpu\u0161\u010daji, rde\u010dica, razdra\u017eenost ter vra\u0161\u010dene dlake. Tem te\u017eavam se lahko izognete z uporabo pred in po depilaciji. Losjon lahko uporabite, \u010de imate \u017ee vra\u0161\u010dene [&hellip;]\" \/>\n<meta property=\"og:url\" content=\"https:\/\/www.belle.si\/it\/izdelek\/losjon-za-zdravljenje-vrascenih-dlak-za-moske\/\" \/>\n<meta property=\"og:site_name\" content=\"Belle.si kozmeti\u010dna trgovina\" \/>\n<meta property=\"article:publisher\" content=\"https:\/\/www.facebook.com\/belle.si.cosmetics\/\" \/>\n<meta property=\"article:modified_time\" content=\"2024-12-29T22:32:16+00:00\" \/>\n<meta property=\"og:image\" content=\"https:\/\/www.belle.si\/wp-content\/uploads\/2022\/10\/losjon_pomoc_vrascene_dlake_moski.png\" \/>\n\t<meta property=\"og:image:width\" content=\"800\" \/>\n\t<meta property=\"og:image:height\" content=\"800\" \/>\n\t<meta property=\"og:image:type\" content=\"image\/png\" \/>\n<meta name=\"twitter:card\" content=\"summary_large_image\" \/>\n<meta name=\"twitter:label1\" content=\"Tempo di lettura stimato\" \/>\n\t<meta name=\"twitter:data1\" content=\"1 minuto\" \/>\n<script type=\"application\/ld+json\" class=\"yoast-schema-graph\">{\"@context\":\"https:\/\/schema.org\",\"@graph\":[{\"@type\":\"WebPage\",\"@id\":\"https:\/\/www.belle.si\/it\/izdelek\/losjon-za-zdravljenje-vrascenih-dlak-za-moske\/\",\"url\":\"https:\/\/www.belle.si\/it\/izdelek\/losjon-za-zdravljenje-vrascenih-dlak-za-moske\/\",\"name\":\"Losjon za zdravljenje vra\u0161\u010denih dlak za mo\u0161ke - Belle.si kozmeti\u010dna trgovina\",\"isPartOf\":{\"@id\":\"https:\/\/www.belle.si\/it\/#website\"},\"primaryImageOfPage\":{\"@id\":\"https:\/\/www.belle.si\/it\/izdelek\/losjon-za-zdravljenje-vrascenih-dlak-za-moske\/#primaryimage\"},\"image\":{\"@id\":\"https:\/\/www.belle.si\/it\/izdelek\/losjon-za-zdravljenje-vrascenih-dlak-za-moske\/#primaryimage\"},\"thumbnailUrl\":\"https:\/\/www.belle.si\/wp-content\/uploads\/2022\/10\/losjon_pomoc_vrascene_dlake_moski.png\",\"datePublished\":\"2020-09-08T12:08:45+00:00\",\"dateModified\":\"2024-12-29T22:32:16+00:00\",\"breadcrumb\":{\"@id\":\"https:\/\/www.belle.si\/it\/izdelek\/losjon-za-zdravljenje-vrascenih-dlak-za-moske\/#breadcrumb\"},\"inLanguage\":\"it-IT\",\"potentialAction\":[{\"@type\":\"ReadAction\",\"target\":[\"https:\/\/www.belle.si\/it\/izdelek\/losjon-za-zdravljenje-vrascenih-dlak-za-moske\/\"]}]},{\"@type\":\"ImageObject\",\"inLanguage\":\"it-IT\",\"@id\":\"https:\/\/www.belle.si\/it\/izdelek\/losjon-za-zdravljenje-vrascenih-dlak-za-moske\/#primaryimage\",\"url\":\"https:\/\/www.belle.si\/wp-content\/uploads\/2022\/10\/losjon_pomoc_vrascene_dlake_moski.png\",\"contentUrl\":\"https:\/\/www.belle.si\/wp-content\/uploads\/2022\/10\/losjon_pomoc_vrascene_dlake_moski.png\",\"width\":800,\"height\":800,\"caption\":\"Losjon pomo\u010d in preventiva za vra\u0161\u010dene dlake za mo\u0161ke\"},{\"@type\":\"BreadcrumbList\",\"@id\":\"https:\/\/www.belle.si\/it\/izdelek\/losjon-za-zdravljenje-vrascenih-dlak-za-moske\/#breadcrumb\",\"itemListElement\":[{\"@type\":\"ListItem\",\"position\":1,\"name\":\"Home\",\"item\":\"https:\/\/www.belle.si\/it\/\"},{\"@type\":\"ListItem\",\"position\":2,\"name\":\"Trgovina\",\"item\":\"https:\/\/www.belle.si\/trgovina\/\"},{\"@type\":\"ListItem\",\"position\":3,\"name\":\"Losjon za zdravljenje vra\u0161\u010denih dlak za mo\u0161ke\"}]},{\"@type\":\"WebSite\",\"@id\":\"https:\/\/www.belle.si\/it\/#website\",\"url\":\"https:\/\/www.belle.si\/it\/\",\"name\":\"Belle.si kozmeti\u010dna trgovina\",\"description\":\"\",\"publisher\":{\"@id\":\"https:\/\/www.belle.si\/it\/#organization\"},\"potentialAction\":[{\"@type\":\"SearchAction\",\"target\":{\"@type\":\"EntryPoint\",\"urlTemplate\":\"https:\/\/www.belle.si\/it\/?s={search_term_string}\"},\"query-input\":{\"@type\":\"PropertyValueSpecification\",\"valueRequired\":true,\"valueName\":\"search_term_string\"}}],\"inLanguage\":\"it-IT\"},{\"@type\":\"Organization\",\"@id\":\"https:\/\/www.belle.si\/it\/#organization\",\"name\":\"Belle.si kozmeti\u010dna trgovina\",\"url\":\"https:\/\/www.belle.si\/it\/\",\"logo\":{\"@type\":\"ImageObject\",\"inLanguage\":\"it-IT\",\"@id\":\"https:\/\/www.belle.si\/it\/#\/schema\/logo\/image\/\",\"url\":\"https:\/\/www.belle.si\/wp-content\/uploads\/2022\/10\/cropped-logo_belle_trgovina.png\",\"contentUrl\":\"https:\/\/www.belle.si\/wp-content\/uploads\/2022\/10\/cropped-logo_belle_trgovina.png\",\"width\":270,\"height\":135,\"caption\":\"Belle.si kozmeti\u010dna trgovina\"},\"image\":{\"@id\":\"https:\/\/www.belle.si\/it\/#\/schema\/logo\/image\/\"},\"sameAs\":[\"https:\/\/www.facebook.com\/belle.si.cosmetics\/\",\"https:\/\/www.instagram.com\/belle.si.cosmetics\/\"]}]}<\/script>\n<!-- \/ Yoast SEO plugin. -->","yoast_head_json":{"title":"Losjon za zdravljenje vra\u0161\u010denih dlak za mo\u0161ke - Belle.si kozmeti\u010dna trgovina","robots":{"index":"index","follow":"follow","max-snippet":"max-snippet:-1","max-image-preview":"max-image-preview:large","max-video-preview":"max-video-preview:-1"},"canonical":"https:\/\/www.belle.si\/it\/izdelek\/losjon-za-zdravljenje-vrascenih-dlak-za-moske\/","og_locale":"it_IT","og_type":"article","og_title":"Losjon za zdravljenje vra\u0161\u010denih dlak za mo\u0161ke - Belle.si kozmeti\u010dna trgovina","og_description":"Losjon je namenjen prepre\u010devanju in zdravljenju vra\u0161\u010denih dlak pri mo\u0161kih Nega za telo je zasnovana za re\u0161enaje te\u017eav na ko\u017ei, ki se pojavijo po odstranjevanju dlak. Pri depilaciji se velikokrat pojavijo izpu\u0161\u010daji, rde\u010dica, razdra\u017eenost ter vra\u0161\u010dene dlake. Tem te\u017eavam se lahko izognete z uporabo pred in po depilaciji. Losjon lahko uporabite, \u010de imate \u017ee vra\u0161\u010dene [&hellip;]","og_url":"https:\/\/www.belle.si\/it\/izdelek\/losjon-za-zdravljenje-vrascenih-dlak-za-moske\/","og_site_name":"Belle.si kozmeti\u010dna trgovina","article_publisher":"https:\/\/www.facebook.com\/belle.si.cosmetics\/","article_modified_time":"2024-12-29T22:32:16+00:00","og_image":[{"width":800,"height":800,"url":"https:\/\/www.belle.si\/wp-content\/uploads\/2022\/10\/losjon_pomoc_vrascene_dlake_moski.png","type":"image\/png"}],"twitter_card":"summary_large_image","twitter_misc":{"Tempo di lettura stimato":"1 minuto"},"schema":{"@context":"https:\/\/schema.org","@graph":[{"@type":"WebPage","@id":"https:\/\/www.belle.si\/it\/izdelek\/losjon-za-zdravljenje-vrascenih-dlak-za-moske\/","url":"https:\/\/www.belle.si\/it\/izdelek\/losjon-za-zdravljenje-vrascenih-dlak-za-moske\/","name":"Losjon za zdravljenje vra\u0161\u010denih dlak za mo\u0161ke - Belle.si kozmeti\u010dna trgovina","isPartOf":{"@id":"https:\/\/www.belle.si\/it\/#website"},"primaryImageOfPage":{"@id":"https:\/\/www.belle.si\/it\/izdelek\/losjon-za-zdravljenje-vrascenih-dlak-za-moske\/#primaryimage"},"image":{"@id":"https:\/\/www.belle.si\/it\/izdelek\/losjon-za-zdravljenje-vrascenih-dlak-za-moske\/#primaryimage"},"thumbnailUrl":"https:\/\/www.belle.si\/wp-content\/uploads\/2022\/10\/losjon_pomoc_vrascene_dlake_moski.png","datePublished":"2020-09-08T12:08:45+00:00","dateModified":"2024-12-29T22:32:16+00:00","breadcrumb":{"@id":"https:\/\/www.belle.si\/it\/izdelek\/losjon-za-zdravljenje-vrascenih-dlak-za-moske\/#breadcrumb"},"inLanguage":"it-IT","potentialAction":[{"@type":"ReadAction","target":["https:\/\/www.belle.si\/it\/izdelek\/losjon-za-zdravljenje-vrascenih-dlak-za-moske\/"]}]},{"@type":"ImageObject","inLanguage":"it-IT","@id":"https:\/\/www.belle.si\/it\/izdelek\/losjon-za-zdravljenje-vrascenih-dlak-za-moske\/#primaryimage","url":"https:\/\/www.belle.si\/wp-content\/uploads\/2022\/10\/losjon_pomoc_vrascene_dlake_moski.png","contentUrl":"https:\/\/www.belle.si\/wp-content\/uploads\/2022\/10\/losjon_pomoc_vrascene_dlake_moski.png","width":800,"height":800,"caption":"Losjon pomo\u010d in preventiva za vra\u0161\u010dene dlake za mo\u0161ke"},{"@type":"BreadcrumbList","@id":"https:\/\/www.belle.si\/it\/izdelek\/losjon-za-zdravljenje-vrascenih-dlak-za-moske\/#breadcrumb","itemListElement":[{"@type":"ListItem","position":1,"name":"Home","item":"https:\/\/www.belle.si\/it\/"},{"@type":"ListItem","position":2,"name":"Trgovina","item":"https:\/\/www.belle.si\/trgovina\/"},{"@type":"ListItem","position":3,"name":"Losjon za zdravljenje vra\u0161\u010denih dlak za mo\u0161ke"}]},{"@type":"WebSite","@id":"https:\/\/www.belle.si\/it\/#website","url":"https:\/\/www.belle.si\/it\/","name":"Belle.si kozmeti\u010dna trgovina","description":"","publisher":{"@id":"https:\/\/www.belle.si\/it\/#organization"},"potentialAction":[{"@type":"SearchAction","target":{"@type":"EntryPoint","urlTemplate":"https:\/\/www.belle.si\/it\/?s={search_term_string}"},"query-input":{"@type":"PropertyValueSpecification","valueRequired":true,"valueName":"search_term_string"}}],"inLanguage":"it-IT"},{"@type":"Organization","@id":"https:\/\/www.belle.si\/it\/#organization","name":"Belle.si kozmeti\u010dna trgovina","url":"https:\/\/www.belle.si\/it\/","logo":{"@type":"ImageObject","inLanguage":"it-IT","@id":"https:\/\/www.belle.si\/it\/#\/schema\/logo\/image\/","url":"https:\/\/www.belle.si\/wp-content\/uploads\/2022\/10\/cropped-logo_belle_trgovina.png","contentUrl":"https:\/\/www.belle.si\/wp-content\/uploads\/2022\/10\/cropped-logo_belle_trgovina.png","width":270,"height":135,"caption":"Belle.si kozmeti\u010dna trgovina"},"image":{"@id":"https:\/\/www.belle.si\/it\/#\/schema\/logo\/image\/"},"sameAs":["https:\/\/www.facebook.com\/belle.si.cosmetics\/","https:\/\/www.instagram.com\/belle.si.cosmetics\/"]}]}},"uagb_featured_image_src":{"full":["https:\/\/www.belle.si\/wp-content\/uploads\/2022\/10\/losjon_pomoc_vrascene_dlake_moski.png",800,800,false],"thumbnail":["https:\/\/www.belle.si\/wp-content\/uploads\/2022\/10\/losjon_pomoc_vrascene_dlake_moski-150x150.png",150,150,true],"medium":["https:\/\/www.belle.si\/wp-content\/uploads\/2022\/10\/losjon_pomoc_vrascene_dlake_moski-300x300.png",300,300,true],"medium_large":["https:\/\/www.belle.si\/wp-content\/uploads\/2022\/10\/losjon_pomoc_vrascene_dlake_moski-768x768.png",768,768,true],"large":["https:\/\/www.belle.si\/wp-content\/uploads\/2022\/10\/losjon_pomoc_vrascene_dlake_moski.png",800,800,false],"1536x1536":["https:\/\/www.belle.si\/wp-content\/uploads\/2022\/10\/losjon_pomoc_vrascene_dlake_moski.png",800,800,false],"2048x2048":["https:\/\/www.belle.si\/wp-content\/uploads\/2022\/10\/losjon_pomoc_vrascene_dlake_moski.png",800,800,false],"mailpoet_newsletter_max":["https:\/\/www.belle.si\/wp-content\/uploads\/2022\/10\/losjon_pomoc_vrascene_dlake_moski.png",800,800,false],"woocommerce_thumbnail":["https:\/\/www.belle.si\/wp-content\/uploads\/2022\/10\/losjon_pomoc_vrascene_dlake_moski-300x300.png",300,300,true],"woocommerce_single":["https:\/\/www.belle.si\/wp-content\/uploads\/2022\/10\/losjon_pomoc_vrascene_dlake_moski-600x600.png",600,600,true],"woocommerce_gallery_thumbnail":["https:\/\/www.belle.si\/wp-content\/uploads\/2022\/10\/losjon_pomoc_vrascene_dlake_moski-100x100.png",100,100,true]},"uagb_author_info":{"display_name":"taja","author_link":"https:\/\/www.belle.si\/it\/author\/"},"uagb_comment_info":0,"uagb_excerpt":"Losjon je namenjen prepre\u010devanju in zdravljenju vra\u0161\u010denih dlak pri mo\u0161kih Nega za telo je zasnovana za re\u0161enaje te\u017eav na ko\u017ei, ki se pojavijo po odstranjevanju dlak. Pri depilaciji se velikokrat pojavijo izpu\u0161\u010daji, rde\u010dica, razdra\u017eenost ter vra\u0161\u010dene dlake. Tem te\u017eavam se lahko izognete z uporabo pred in po depilaciji. Losjon lahko uporabite, \u010de imate \u017ee vra\u0161\u010dene&hellip;","_links":{"self":[{"href":"https:\/\/www.belle.si\/it\/wp-json\/wp\/v2\/product\/98984","targetHints":{"allow":["GET"]}}],"collection":[{"href":"https:\/\/www.belle.si\/it\/wp-json\/wp\/v2\/product"}],"about":[{"href":"https:\/\/www.belle.si\/it\/wp-json\/wp\/v2\/types\/product"}],"replies":[{"embeddable":true,"href":"https:\/\/www.belle.si\/it\/wp-json\/wp\/v2\/comments?post=98984"}],"wp:featuredmedia":[{"embeddable":true,"href":"https:\/\/www.belle.si\/it\/wp-json\/wp\/v2\/media\/98985"}],"wp:attachment":[{"href":"https:\/\/www.belle.si\/it\/wp-json\/wp\/v2\/media?parent=98984"}],"wp:term":[{"taxonomy":"product_brand","embeddable":true,"href":"https:\/\/www.belle.si\/it\/wp-json\/wp\/v2\/product_brand?post=98984"},{"taxonomy":"product_cat","embeddable":true,"href":"https:\/\/www.belle.si\/it\/wp-json\/wp\/v2\/product_cat?post=98984"},{"taxonomy":"product_tag","embeddable":true,"href":"https:\/\/www.belle.si\/it\/wp-json\/wp\/v2\/product_tag?post=98984"}],"curies":[{"name":"wp","href":"https:\/\/api.w.org\/{rel}","templated":true}]}}