{"id":98977,"date":"2020-11-10T11:05:32","date_gmt":"2020-11-10T11:05:32","guid":{"rendered":"https:\/\/belle.zabica.org\/?post_type=product&#038;p=98977"},"modified":"2024-12-29T23:32:16","modified_gmt":"2024-12-29T22:32:16","slug":"losjon-proti-vrascenim-dlakam-roll-on-za-moske-intimni-predeli","status":"publish","type":"product","link":"https:\/\/www.belle.si\/it\/izdelek\/losjon-proti-vrascenim-dlakam-roll-on-za-moske-intimni-predeli\/","title":{"rendered":"Losjon proti vra\u0161\u010denim dlakam roll-on za mo\u0161ke &#8211; intimni predeli"},"content":{"rendered":"<h2>Rool-on losjon za vra\u0161\u010dene dlake na intimnih predelih<\/h2>\n<div class=\"std\">\n<p>U\u010dinkovita re\u0161itev za prepre\u010devanje in zdravljenje vra\u0161\u010denih dlak.<\/p>\n<p class=\"subtitle\">Vra\u0161\u010dene dlake so zelo neprijetne, \u0161e posebaj na intimnih predelih, pod pazduhami in na ob\u010dutljivih delih. Z uporabo roll-on losjona bojo vra\u0161\u010dene dlake preteklost, saj losjon:<\/p>\n<ul>\n<li>pepre\u010duje rast dlak pod povrhnjico<\/li>\n<li>omogo\u010da dlakam, da zrastejo na normalen in zdrav na\u010din<\/li>\n<li>\u010disti pore<\/li>\n<li>z redno uporabo upo\u010dasni rast dlak<\/li>\n<\/ul>\n<\/div>\n<div class=\"std\">\n<p>Zaradi zasnove in oblike, je losjon \u0161e posebej priro\u010den za uporabo na intimnih predelih.<\/p>\n<p><strong>Sestava roll-on losjona<\/strong><\/p>\n<p><img decoding=\"async\" class=\"frame\" src=\"https:\/\/www.claudebell.co.uk\/media\/res\/care_ingredients_en.jpg\" alt=\"CARE: components\" \/><\/p>\n<p>Roll-on losjon za prepre\u010devanje vra\u0161\u010denih dlak vsebuje sestavine, ki ko\u017eo \u010distijo, zdravijo, delujejo antisepti\u010dno in protivnetno.<\/p>\n<p>Glavne sestavine losjona so:<\/p>\n<ul>\n<li>ognj\u010d, ki ko\u017eo zdravijo, deluje protivnetno in naredi ko\u017eo bolj mehko<\/li>\n<li>larrea divaricata, ki upo\u010dasnjuje rast dlak<\/li>\n<li>izvle\u010dki lubja vrbe, ki pospe\u0161ujejo zdravljenje ko\u017ee, razgrajujejo odmrle celice, deluje antisepti\u010dno<\/li>\n<li>polyquaternium-10, naravni penilec, ki \u010disti pore in omogo\u010da zdravo ras dlakam<\/li>\n<li>bisalbol, naravni alkohol, ki zdravi razdra\u017eeno ko\u017eo, deluje protivnetno in antisepti\u010dno<\/li>\n<\/ul>\n<\/div>\n<p>&nbsp;<\/p>\n<p><strong>Navodila za uporabo<\/strong><\/p>\n<div class=\"std\">\n<div class=\"panel directions\">\n<div class=\"std\">\n<p>Roll-on losjon nanesite na pred in po odstranjevanju dlak, tako da bojo te ponovno zrasle na normalen in zdrav na\u010din.<br \/>\nDa bo ko\u017ea ponovno \u010dista in gladka, lahko roll-on nanesete vsak dan.<\/p>\n<p>Pazite, da ne zaide v o\u010di. \u010ce vam zaide v o\u010di, izperite v veliko vode.<br \/>\nShranjujte izven dosega otrok.<\/p>\n<p>Vsebina: losjon 50ml<\/p>\n<p>Proizvedeno v Franciji<\/p>\n<\/div>\n<\/div>\n<\/div>\n","protected":false},"excerpt":{"rendered":"<p>Rool-on losjon za vra\u0161\u010dene dlake na intimnih predelih U\u010dinkovita re\u0161itev za prepre\u010devanje in zdravljenje vra\u0161\u010denih dlak. Vra\u0161\u010dene dlake so zelo neprijetne, \u0161e posebaj na intimnih predelih, pod pazduhami in na ob\u010dutljivih delih. Z uporabo roll-on losjona bojo vra\u0161\u010dene dlake preteklost, saj losjon: pepre\u010duje rast dlak pod povrhnjico omogo\u010da dlakam, da zrastejo na normalen in zdrav [&hellip;]<\/p>\n","protected":false},"featured_media":98978,"comment_status":"closed","ping_status":"closed","template":"","meta":{"_uag_custom_page_level_css":"","_monsterinsights_skip_tracking":false,"_monsterinsights_sitenote_active":false,"_monsterinsights_sitenote_note":"","_monsterinsights_sitenote_category":0,"site-sidebar-layout":"default","site-content-layout":"","ast-site-content-layout":"default","site-content-style":"default","site-sidebar-style":"default","ast-global-header-display":"","ast-banner-title-visibility":"","ast-main-header-display":"","ast-hfb-above-header-display":"","ast-hfb-below-header-display":"","ast-hfb-mobile-header-display":"","site-post-title":"","ast-breadcrumbs-content":"","ast-featured-img":"","footer-sml-layout":"","ast-disable-related-posts":"","theme-transparent-header-meta":"","adv-header-id-meta":"","stick-header-meta":"","header-above-stick-meta":"","header-main-stick-meta":"","header-below-stick-meta":"","astra-migrate-meta-layouts":"default","ast-page-background-enabled":"default","ast-page-background-meta":{"desktop":{"background-color":"var(--ast-global-color-4)","background-image":"","background-repeat":"repeat","background-position":"center center","background-size":"auto","background-attachment":"scroll","background-type":"","background-media":"","overlay-type":"","overlay-color":"","overlay-opacity":"","overlay-gradient":""},"tablet":{"background-color":"","background-image":"","background-repeat":"repeat","background-position":"center center","background-size":"auto","background-attachment":"scroll","background-type":"","background-media":"","overlay-type":"","overlay-color":"","overlay-opacity":"","overlay-gradient":""},"mobile":{"background-color":"","background-image":"","background-repeat":"repeat","background-position":"center center","background-size":"auto","background-attachment":"scroll","background-type":"","background-media":"","overlay-type":"","overlay-color":"","overlay-opacity":"","overlay-gradient":""}},"ast-content-background-meta":{"desktop":{"background-color":"var(--ast-global-color-5)","background-image":"","background-repeat":"repeat","background-position":"center center","background-size":"auto","background-attachment":"scroll","background-type":"","background-media":"","overlay-type":"","overlay-color":"","overlay-opacity":"","overlay-gradient":""},"tablet":{"background-color":"var(--ast-global-color-5)","background-image":"","background-repeat":"repeat","background-position":"center center","background-size":"auto","background-attachment":"scroll","background-type":"","background-media":"","overlay-type":"","overlay-color":"","overlay-opacity":"","overlay-gradient":""},"mobile":{"background-color":"var(--ast-global-color-5)","background-image":"","background-repeat":"repeat","background-position":"center center","background-size":"auto","background-attachment":"scroll","background-type":"","background-media":"","overlay-type":"","overlay-color":"","overlay-opacity":"","overlay-gradient":""}}},"product_brand":[],"product_cat":[37,31,40],"product_tag":[],"class_list":{"0":"post-98977","1":"product","2":"type-product","3":"status-publish","4":"has-post-thumbnail","6":"product_cat-trajna-depilacija","7":"product_cat-za-moske","8":"product_cat-zascita-za-kozo","9":"desktop-align-left","10":"tablet-align-left","11":"mobile-align-left","12":"ast-product-gallery-layout-first-image-large","13":"ast-product-gallery-with-no-image","14":"ast-magnify-disabled","15":"ast-product-tabs-layout-horizontal","17":"first","18":"instock","19":"taxable","20":"shipping-taxable","21":"purchasable","22":"product-type-simple"},"yoast_head":"<!-- This site is optimized with the Yoast SEO plugin v26.9 - https:\/\/yoast.com\/product\/yoast-seo-wordpress\/ -->\n<title>Losjon proti vra\u0161\u010denim dlakam roll-on za mo\u0161ke - intimni predeli - Belle.si kozmeti\u010dna trgovina<\/title>\n<meta name=\"robots\" content=\"index, follow, max-snippet:-1, max-image-preview:large, max-video-preview:-1\" \/>\n<link rel=\"canonical\" href=\"https:\/\/www.belle.si\/it\/izdelek\/losjon-proti-vrascenim-dlakam-roll-on-za-moske-intimni-predeli\/\" \/>\n<meta property=\"og:locale\" content=\"it_IT\" \/>\n<meta property=\"og:type\" content=\"article\" \/>\n<meta property=\"og:title\" content=\"Losjon proti vra\u0161\u010denim dlakam roll-on za mo\u0161ke - intimni predeli - Belle.si kozmeti\u010dna trgovina\" \/>\n<meta property=\"og:description\" content=\"Rool-on losjon za vra\u0161\u010dene dlake na intimnih predelih U\u010dinkovita re\u0161itev za prepre\u010devanje in zdravljenje vra\u0161\u010denih dlak. Vra\u0161\u010dene dlake so zelo neprijetne, \u0161e posebaj na intimnih predelih, pod pazduhami in na ob\u010dutljivih delih. Z uporabo roll-on losjona bojo vra\u0161\u010dene dlake preteklost, saj losjon: pepre\u010duje rast dlak pod povrhnjico omogo\u010da dlakam, da zrastejo na normalen in zdrav [&hellip;]\" \/>\n<meta property=\"og:url\" content=\"https:\/\/www.belle.si\/it\/izdelek\/losjon-proti-vrascenim-dlakam-roll-on-za-moske-intimni-predeli\/\" \/>\n<meta property=\"og:site_name\" content=\"Belle.si kozmeti\u010dna trgovina\" \/>\n<meta property=\"article:publisher\" content=\"https:\/\/www.facebook.com\/belle.si.cosmetics\/\" \/>\n<meta property=\"article:modified_time\" content=\"2024-12-29T22:32:16+00:00\" \/>\n<meta property=\"og:image\" content=\"https:\/\/www.belle.si\/wp-content\/uploads\/2022\/10\/roll_on_moski_vrascene_dlake.png\" \/>\n\t<meta property=\"og:image:width\" content=\"800\" \/>\n\t<meta property=\"og:image:height\" content=\"800\" \/>\n\t<meta property=\"og:image:type\" content=\"image\/png\" \/>\n<meta name=\"twitter:card\" content=\"summary_large_image\" \/>\n<meta name=\"twitter:label1\" content=\"Tempo di lettura stimato\" \/>\n\t<meta name=\"twitter:data1\" content=\"1 minuto\" \/>\n<script type=\"application\/ld+json\" class=\"yoast-schema-graph\">{\"@context\":\"https:\/\/schema.org\",\"@graph\":[{\"@type\":\"WebPage\",\"@id\":\"https:\/\/www.belle.si\/it\/izdelek\/losjon-proti-vrascenim-dlakam-roll-on-za-moske-intimni-predeli\/\",\"url\":\"https:\/\/www.belle.si\/it\/izdelek\/losjon-proti-vrascenim-dlakam-roll-on-za-moske-intimni-predeli\/\",\"name\":\"Losjon proti vra\u0161\u010denim dlakam roll-on za mo\u0161ke - intimni predeli - Belle.si kozmeti\u010dna trgovina\",\"isPartOf\":{\"@id\":\"https:\/\/www.belle.si\/it\/#website\"},\"primaryImageOfPage\":{\"@id\":\"https:\/\/www.belle.si\/it\/izdelek\/losjon-proti-vrascenim-dlakam-roll-on-za-moske-intimni-predeli\/#primaryimage\"},\"image\":{\"@id\":\"https:\/\/www.belle.si\/it\/izdelek\/losjon-proti-vrascenim-dlakam-roll-on-za-moske-intimni-predeli\/#primaryimage\"},\"thumbnailUrl\":\"https:\/\/www.belle.si\/wp-content\/uploads\/2022\/10\/roll_on_moski_vrascene_dlake.png\",\"datePublished\":\"2020-11-10T11:05:32+00:00\",\"dateModified\":\"2024-12-29T22:32:16+00:00\",\"breadcrumb\":{\"@id\":\"https:\/\/www.belle.si\/it\/izdelek\/losjon-proti-vrascenim-dlakam-roll-on-za-moske-intimni-predeli\/#breadcrumb\"},\"inLanguage\":\"it-IT\",\"potentialAction\":[{\"@type\":\"ReadAction\",\"target\":[\"https:\/\/www.belle.si\/it\/izdelek\/losjon-proti-vrascenim-dlakam-roll-on-za-moske-intimni-predeli\/\"]}]},{\"@type\":\"ImageObject\",\"inLanguage\":\"it-IT\",\"@id\":\"https:\/\/www.belle.si\/it\/izdelek\/losjon-proti-vrascenim-dlakam-roll-on-za-moske-intimni-predeli\/#primaryimage\",\"url\":\"https:\/\/www.belle.si\/wp-content\/uploads\/2022\/10\/roll_on_moski_vrascene_dlake.png\",\"contentUrl\":\"https:\/\/www.belle.si\/wp-content\/uploads\/2022\/10\/roll_on_moski_vrascene_dlake.png\",\"width\":800,\"height\":800,\"caption\":\"lOSJON ZA MO\u0160KE\"},{\"@type\":\"BreadcrumbList\",\"@id\":\"https:\/\/www.belle.si\/it\/izdelek\/losjon-proti-vrascenim-dlakam-roll-on-za-moske-intimni-predeli\/#breadcrumb\",\"itemListElement\":[{\"@type\":\"ListItem\",\"position\":1,\"name\":\"Home\",\"item\":\"https:\/\/www.belle.si\/it\/\"},{\"@type\":\"ListItem\",\"position\":2,\"name\":\"Trgovina\",\"item\":\"https:\/\/www.belle.si\/trgovina\/\"},{\"@type\":\"ListItem\",\"position\":3,\"name\":\"Losjon proti vra\u0161\u010denim dlakam roll-on za mo\u0161ke &#8211; intimni predeli\"}]},{\"@type\":\"WebSite\",\"@id\":\"https:\/\/www.belle.si\/it\/#website\",\"url\":\"https:\/\/www.belle.si\/it\/\",\"name\":\"Belle.si kozmeti\u010dna trgovina\",\"description\":\"\",\"publisher\":{\"@id\":\"https:\/\/www.belle.si\/it\/#organization\"},\"potentialAction\":[{\"@type\":\"SearchAction\",\"target\":{\"@type\":\"EntryPoint\",\"urlTemplate\":\"https:\/\/www.belle.si\/it\/?s={search_term_string}\"},\"query-input\":{\"@type\":\"PropertyValueSpecification\",\"valueRequired\":true,\"valueName\":\"search_term_string\"}}],\"inLanguage\":\"it-IT\"},{\"@type\":\"Organization\",\"@id\":\"https:\/\/www.belle.si\/it\/#organization\",\"name\":\"Belle.si kozmeti\u010dna trgovina\",\"url\":\"https:\/\/www.belle.si\/it\/\",\"logo\":{\"@type\":\"ImageObject\",\"inLanguage\":\"it-IT\",\"@id\":\"https:\/\/www.belle.si\/it\/#\/schema\/logo\/image\/\",\"url\":\"https:\/\/www.belle.si\/wp-content\/uploads\/2022\/10\/cropped-logo_belle_trgovina.png\",\"contentUrl\":\"https:\/\/www.belle.si\/wp-content\/uploads\/2022\/10\/cropped-logo_belle_trgovina.png\",\"width\":270,\"height\":135,\"caption\":\"Belle.si kozmeti\u010dna trgovina\"},\"image\":{\"@id\":\"https:\/\/www.belle.si\/it\/#\/schema\/logo\/image\/\"},\"sameAs\":[\"https:\/\/www.facebook.com\/belle.si.cosmetics\/\",\"https:\/\/www.instagram.com\/belle.si.cosmetics\/\"]}]}<\/script>\n<!-- \/ Yoast SEO plugin. -->","yoast_head_json":{"title":"Losjon proti vra\u0161\u010denim dlakam roll-on za mo\u0161ke - intimni predeli - Belle.si kozmeti\u010dna trgovina","robots":{"index":"index","follow":"follow","max-snippet":"max-snippet:-1","max-image-preview":"max-image-preview:large","max-video-preview":"max-video-preview:-1"},"canonical":"https:\/\/www.belle.si\/it\/izdelek\/losjon-proti-vrascenim-dlakam-roll-on-za-moske-intimni-predeli\/","og_locale":"it_IT","og_type":"article","og_title":"Losjon proti vra\u0161\u010denim dlakam roll-on za mo\u0161ke - intimni predeli - Belle.si kozmeti\u010dna trgovina","og_description":"Rool-on losjon za vra\u0161\u010dene dlake na intimnih predelih U\u010dinkovita re\u0161itev za prepre\u010devanje in zdravljenje vra\u0161\u010denih dlak. Vra\u0161\u010dene dlake so zelo neprijetne, \u0161e posebaj na intimnih predelih, pod pazduhami in na ob\u010dutljivih delih. Z uporabo roll-on losjona bojo vra\u0161\u010dene dlake preteklost, saj losjon: pepre\u010duje rast dlak pod povrhnjico omogo\u010da dlakam, da zrastejo na normalen in zdrav [&hellip;]","og_url":"https:\/\/www.belle.si\/it\/izdelek\/losjon-proti-vrascenim-dlakam-roll-on-za-moske-intimni-predeli\/","og_site_name":"Belle.si kozmeti\u010dna trgovina","article_publisher":"https:\/\/www.facebook.com\/belle.si.cosmetics\/","article_modified_time":"2024-12-29T22:32:16+00:00","og_image":[{"width":800,"height":800,"url":"https:\/\/www.belle.si\/wp-content\/uploads\/2022\/10\/roll_on_moski_vrascene_dlake.png","type":"image\/png"}],"twitter_card":"summary_large_image","twitter_misc":{"Tempo di lettura stimato":"1 minuto"},"schema":{"@context":"https:\/\/schema.org","@graph":[{"@type":"WebPage","@id":"https:\/\/www.belle.si\/it\/izdelek\/losjon-proti-vrascenim-dlakam-roll-on-za-moske-intimni-predeli\/","url":"https:\/\/www.belle.si\/it\/izdelek\/losjon-proti-vrascenim-dlakam-roll-on-za-moske-intimni-predeli\/","name":"Losjon proti vra\u0161\u010denim dlakam roll-on za mo\u0161ke - intimni predeli - Belle.si kozmeti\u010dna trgovina","isPartOf":{"@id":"https:\/\/www.belle.si\/it\/#website"},"primaryImageOfPage":{"@id":"https:\/\/www.belle.si\/it\/izdelek\/losjon-proti-vrascenim-dlakam-roll-on-za-moske-intimni-predeli\/#primaryimage"},"image":{"@id":"https:\/\/www.belle.si\/it\/izdelek\/losjon-proti-vrascenim-dlakam-roll-on-za-moske-intimni-predeli\/#primaryimage"},"thumbnailUrl":"https:\/\/www.belle.si\/wp-content\/uploads\/2022\/10\/roll_on_moski_vrascene_dlake.png","datePublished":"2020-11-10T11:05:32+00:00","dateModified":"2024-12-29T22:32:16+00:00","breadcrumb":{"@id":"https:\/\/www.belle.si\/it\/izdelek\/losjon-proti-vrascenim-dlakam-roll-on-za-moske-intimni-predeli\/#breadcrumb"},"inLanguage":"it-IT","potentialAction":[{"@type":"ReadAction","target":["https:\/\/www.belle.si\/it\/izdelek\/losjon-proti-vrascenim-dlakam-roll-on-za-moske-intimni-predeli\/"]}]},{"@type":"ImageObject","inLanguage":"it-IT","@id":"https:\/\/www.belle.si\/it\/izdelek\/losjon-proti-vrascenim-dlakam-roll-on-za-moske-intimni-predeli\/#primaryimage","url":"https:\/\/www.belle.si\/wp-content\/uploads\/2022\/10\/roll_on_moski_vrascene_dlake.png","contentUrl":"https:\/\/www.belle.si\/wp-content\/uploads\/2022\/10\/roll_on_moski_vrascene_dlake.png","width":800,"height":800,"caption":"lOSJON ZA MO\u0160KE"},{"@type":"BreadcrumbList","@id":"https:\/\/www.belle.si\/it\/izdelek\/losjon-proti-vrascenim-dlakam-roll-on-za-moske-intimni-predeli\/#breadcrumb","itemListElement":[{"@type":"ListItem","position":1,"name":"Home","item":"https:\/\/www.belle.si\/it\/"},{"@type":"ListItem","position":2,"name":"Trgovina","item":"https:\/\/www.belle.si\/trgovina\/"},{"@type":"ListItem","position":3,"name":"Losjon proti vra\u0161\u010denim dlakam roll-on za mo\u0161ke &#8211; intimni predeli"}]},{"@type":"WebSite","@id":"https:\/\/www.belle.si\/it\/#website","url":"https:\/\/www.belle.si\/it\/","name":"Belle.si kozmeti\u010dna trgovina","description":"","publisher":{"@id":"https:\/\/www.belle.si\/it\/#organization"},"potentialAction":[{"@type":"SearchAction","target":{"@type":"EntryPoint","urlTemplate":"https:\/\/www.belle.si\/it\/?s={search_term_string}"},"query-input":{"@type":"PropertyValueSpecification","valueRequired":true,"valueName":"search_term_string"}}],"inLanguage":"it-IT"},{"@type":"Organization","@id":"https:\/\/www.belle.si\/it\/#organization","name":"Belle.si kozmeti\u010dna trgovina","url":"https:\/\/www.belle.si\/it\/","logo":{"@type":"ImageObject","inLanguage":"it-IT","@id":"https:\/\/www.belle.si\/it\/#\/schema\/logo\/image\/","url":"https:\/\/www.belle.si\/wp-content\/uploads\/2022\/10\/cropped-logo_belle_trgovina.png","contentUrl":"https:\/\/www.belle.si\/wp-content\/uploads\/2022\/10\/cropped-logo_belle_trgovina.png","width":270,"height":135,"caption":"Belle.si kozmeti\u010dna trgovina"},"image":{"@id":"https:\/\/www.belle.si\/it\/#\/schema\/logo\/image\/"},"sameAs":["https:\/\/www.facebook.com\/belle.si.cosmetics\/","https:\/\/www.instagram.com\/belle.si.cosmetics\/"]}]}},"uagb_featured_image_src":{"full":["https:\/\/www.belle.si\/wp-content\/uploads\/2022\/10\/roll_on_moski_vrascene_dlake.png",800,800,false],"thumbnail":["https:\/\/www.belle.si\/wp-content\/uploads\/2022\/10\/roll_on_moski_vrascene_dlake-150x150.png",150,150,true],"medium":["https:\/\/www.belle.si\/wp-content\/uploads\/2022\/10\/roll_on_moski_vrascene_dlake-300x300.png",300,300,true],"medium_large":["https:\/\/www.belle.si\/wp-content\/uploads\/2022\/10\/roll_on_moski_vrascene_dlake-768x768.png",768,768,true],"large":["https:\/\/www.belle.si\/wp-content\/uploads\/2022\/10\/roll_on_moski_vrascene_dlake.png",800,800,false],"1536x1536":["https:\/\/www.belle.si\/wp-content\/uploads\/2022\/10\/roll_on_moski_vrascene_dlake.png",800,800,false],"2048x2048":["https:\/\/www.belle.si\/wp-content\/uploads\/2022\/10\/roll_on_moski_vrascene_dlake.png",800,800,false],"mailpoet_newsletter_max":["https:\/\/www.belle.si\/wp-content\/uploads\/2022\/10\/roll_on_moski_vrascene_dlake.png",800,800,false],"woocommerce_thumbnail":["https:\/\/www.belle.si\/wp-content\/uploads\/2022\/10\/roll_on_moski_vrascene_dlake-300x300.png",300,300,true],"woocommerce_single":["https:\/\/www.belle.si\/wp-content\/uploads\/2022\/10\/roll_on_moski_vrascene_dlake-600x600.png",600,600,true],"woocommerce_gallery_thumbnail":["https:\/\/www.belle.si\/wp-content\/uploads\/2022\/10\/roll_on_moski_vrascene_dlake-100x100.png",100,100,true]},"uagb_author_info":{"display_name":"taja","author_link":"https:\/\/www.belle.si\/it\/author\/"},"uagb_comment_info":0,"uagb_excerpt":"Rool-on losjon za vra\u0161\u010dene dlake na intimnih predelih U\u010dinkovita re\u0161itev za prepre\u010devanje in zdravljenje vra\u0161\u010denih dlak. Vra\u0161\u010dene dlake so zelo neprijetne, \u0161e posebaj na intimnih predelih, pod pazduhami in na ob\u010dutljivih delih. Z uporabo roll-on losjona bojo vra\u0161\u010dene dlake preteklost, saj losjon: pepre\u010duje rast dlak pod povrhnjico omogo\u010da dlakam, da zrastejo na normalen in zdrav&hellip;","_links":{"self":[{"href":"https:\/\/www.belle.si\/it\/wp-json\/wp\/v2\/product\/98977","targetHints":{"allow":["GET"]}}],"collection":[{"href":"https:\/\/www.belle.si\/it\/wp-json\/wp\/v2\/product"}],"about":[{"href":"https:\/\/www.belle.si\/it\/wp-json\/wp\/v2\/types\/product"}],"replies":[{"embeddable":true,"href":"https:\/\/www.belle.si\/it\/wp-json\/wp\/v2\/comments?post=98977"}],"wp:featuredmedia":[{"embeddable":true,"href":"https:\/\/www.belle.si\/it\/wp-json\/wp\/v2\/media\/98978"}],"wp:attachment":[{"href":"https:\/\/www.belle.si\/it\/wp-json\/wp\/v2\/media?parent=98977"}],"wp:term":[{"taxonomy":"product_brand","embeddable":true,"href":"https:\/\/www.belle.si\/it\/wp-json\/wp\/v2\/product_brand?post=98977"},{"taxonomy":"product_cat","embeddable":true,"href":"https:\/\/www.belle.si\/it\/wp-json\/wp\/v2\/product_cat?post=98977"},{"taxonomy":"product_tag","embeddable":true,"href":"https:\/\/www.belle.si\/it\/wp-json\/wp\/v2\/product_tag?post=98977"}],"curies":[{"name":"wp","href":"https:\/\/api.w.org\/{rel}","templated":true}]}}