{"id":98975,"date":"2020-10-13T13:05:41","date_gmt":"2020-10-13T13:05:41","guid":{"rendered":"https:\/\/belle.zabica.org\/?post_type=product&#038;p=98975"},"modified":"2022-10-19T09:08:32","modified_gmt":"2022-10-19T09:08:32","slug":"serum-za-hujsanje-za-moske-z-naravnimi-ucinkovinami-slim-men","status":"publish","type":"product","link":"https:\/\/www.belle.si\/it\/izdelek\/serum-za-hujsanje-za-moske-z-naravnimi-ucinkovinami-slim-men\/","title":{"rendered":"Serum za huj\u0161anje za mo\u0161ke z naravnimi u\u010dinkovinami Slim men"},"content":{"rendered":"<h2>U\u010dinkovit serum za huj\u0161anje za mo\u0161ke! Zagotovljeno z opaznimi in trajnimi u\u010dinki.<\/h2>\n<p><span class=\"brand\">\u0160tiri glavne sestavine losjona SLIM MEN, ki omogo\u010dajo opazno razliko \u017ee dveh mesecih, so:<br \/>\n<\/span><\/p>\n<ul>\n<li>sojini izoflavoni pomagajo pove\u010dati elasti\u010dnost ko\u017ee, zmanj\u0161ujejo ma\u0161\u010dobno tkivo, zavirajo nasajanje ma\u0161\u010dobnih molekul, pospe\u0161ijo lipolizo-toplenjje ma\u0161obnih celic.<\/li>\n<li>kofein, natavni topilec ma\u0161\u010dob<\/li>\n<li>karnitin spodbuja oksidacijo lipidov,<\/li>\n<li>pirulina za vla\u017eenje ko\u017ee in spodbujanje lipolize.<b><br \/>\n<\/b><\/li>\n<\/ul>\n<p><strong>Klini\u010dni testi u\u010dinkovitosti seruma za huj\u0161anje za mo\u0161ke<\/strong><\/p>\n<p class=\"notes\">U\u010dinke seruma so testirali v neodvisnem laboratoriju v Franciji. Rezultati lahko odstopajo od posameznika do posameznika.<\/p>\n<p>Testi so pokazali, da je serum u\u010dinkovit \u017ee po 3 tednih uporabe.<\/p>\n<ul>\n<li>Izgled ko\u017ee se je izbolj\u0161al za 50% po 6 tednih uporabe.<\/li>\n<li>Elesti\u010dnost ko\u017ee se je pove\u010dala za 58% po 6 tednih uporabe.<\/li>\n<li>Obseg pasu se je zmanj\u0161al za 2cm po treh tednih, \u0161e dodatne 4cm v 6 tednih.<\/li>\n<\/ul>\n<div class=\"panel directions\">\n<div class=\"std\">\n<p><strong>Navodila za uporabo seruma za huj\u0161anje<\/strong><\/p>\n<p>Na nesite 2x na dan, zjutraj in zve\u010der 40 dni zaporedoma. Ne\u017eno vmasirajte v stegna, boke, trebuh, roke&#8230;s kor\u017enimi gibi, dokler se serum ne vpije v ko\u017eo. Pred uporabo, ko\u017eo ne\u017eno zdrgnite z gobico ali mokro brisa\u010do.<br \/>\nPriporo\u010dljivo je, da kuro ponovite 2x do 3x na leto.<\/p>\n<p>Shranjujte izven dosga otrok. Naj ne pride v stik z o\u010dmi ali sluznico.<\/p>\n<p>Vsebina: 200ml<\/p>\n<p>Proizvedno v Franciji<\/p>\n<\/div>\n<\/div>\n","protected":false},"excerpt":{"rendered":"<p>U\u010dinkovit serum za huj\u0161anje za mo\u0161ke! Zagotovljeno z opaznimi in trajnimi u\u010dinki. \u0160tiri glavne sestavine losjona SLIM MEN, ki omogo\u010dajo opazno razliko \u017ee dveh mesecih, so: sojini izoflavoni pomagajo pove\u010dati elasti\u010dnost ko\u017ee, zmanj\u0161ujejo ma\u0161\u010dobno tkivo, zavirajo nasajanje ma\u0161\u010dobnih molekul, pospe\u0161ijo lipolizo-toplenjje ma\u0161obnih celic. kofein, natavni topilec ma\u0161\u010dob karnitin spodbuja oksidacijo lipidov, pirulina za vla\u017eenje ko\u017ee [&hellip;]<\/p>\n","protected":false},"featured_media":98976,"comment_status":"closed","ping_status":"closed","template":"","meta":{"_uag_custom_page_level_css":"","_monsterinsights_skip_tracking":false,"_monsterinsights_sitenote_active":false,"_monsterinsights_sitenote_note":"","_monsterinsights_sitenote_category":0,"site-sidebar-layout":"default","site-content-layout":"","ast-site-content-layout":"default","site-content-style":"default","site-sidebar-style":"default","ast-global-header-display":"","ast-banner-title-visibility":"","ast-main-header-display":"","ast-hfb-above-header-display":"","ast-hfb-below-header-display":"","ast-hfb-mobile-header-display":"","site-post-title":"","ast-breadcrumbs-content":"","ast-featured-img":"","footer-sml-layout":"","ast-disable-related-posts":"","theme-transparent-header-meta":"","adv-header-id-meta":"","stick-header-meta":"","header-above-stick-meta":"","header-main-stick-meta":"","header-below-stick-meta":"","astra-migrate-meta-layouts":"default","ast-page-background-enabled":"default","ast-page-background-meta":{"desktop":{"background-color":"var(--ast-global-color-4)","background-image":"","background-repeat":"repeat","background-position":"center center","background-size":"auto","background-attachment":"scroll","background-type":"","background-media":"","overlay-type":"","overlay-color":"","overlay-opacity":"","overlay-gradient":""},"tablet":{"background-color":"","background-image":"","background-repeat":"repeat","background-position":"center center","background-size":"auto","background-attachment":"scroll","background-type":"","background-media":"","overlay-type":"","overlay-color":"","overlay-opacity":"","overlay-gradient":""},"mobile":{"background-color":"","background-image":"","background-repeat":"repeat","background-position":"center center","background-size":"auto","background-attachment":"scroll","background-type":"","background-media":"","overlay-type":"","overlay-color":"","overlay-opacity":"","overlay-gradient":""}},"ast-content-background-meta":{"desktop":{"background-color":"var(--ast-global-color-5)","background-image":"","background-repeat":"repeat","background-position":"center center","background-size":"auto","background-attachment":"scroll","background-type":"","background-media":"","overlay-type":"","overlay-color":"","overlay-opacity":"","overlay-gradient":""},"tablet":{"background-color":"var(--ast-global-color-5)","background-image":"","background-repeat":"repeat","background-position":"center center","background-size":"auto","background-attachment":"scroll","background-type":"","background-media":"","overlay-type":"","overlay-color":"","overlay-opacity":"","overlay-gradient":""},"mobile":{"background-color":"var(--ast-global-color-5)","background-image":"","background-repeat":"repeat","background-position":"center center","background-size":"auto","background-attachment":"scroll","background-type":"","background-media":"","overlay-type":"","overlay-color":"","overlay-opacity":"","overlay-gradient":""}}},"product_brand":[],"product_cat":[33,31],"product_tag":[],"class_list":{"0":"post-98975","1":"product","2":"type-product","3":"status-publish","4":"has-post-thumbnail","6":"product_cat-oblikovanje-postave","7":"product_cat-za-moske","8":"desktop-align-left","9":"tablet-align-left","10":"mobile-align-left","11":"ast-product-gallery-layout-first-image-large","12":"ast-product-gallery-with-no-image","13":"ast-magnify-disabled","14":"ast-product-tabs-layout-horizontal","16":"first","17":"instock","18":"taxable","19":"shipping-taxable","20":"purchasable","21":"product-type-simple"},"yoast_head":"<!-- This site is optimized with the Yoast SEO plugin v26.9 - https:\/\/yoast.com\/product\/yoast-seo-wordpress\/ -->\n<title>Serum za huj\u0161anje za mo\u0161ke z naravnimi u\u010dinkovinami Slim men - Belle.si kozmeti\u010dna trgovina<\/title>\n<meta name=\"robots\" content=\"index, follow, max-snippet:-1, max-image-preview:large, max-video-preview:-1\" \/>\n<link rel=\"canonical\" href=\"https:\/\/www.belle.si\/it\/izdelek\/serum-za-hujsanje-za-moske-z-naravnimi-ucinkovinami-slim-men\/\" \/>\n<meta property=\"og:locale\" content=\"it_IT\" \/>\n<meta property=\"og:type\" content=\"article\" \/>\n<meta property=\"og:title\" content=\"Serum za huj\u0161anje za mo\u0161ke z naravnimi u\u010dinkovinami Slim men - Belle.si kozmeti\u010dna trgovina\" \/>\n<meta property=\"og:description\" content=\"U\u010dinkovit serum za huj\u0161anje za mo\u0161ke! Zagotovljeno z opaznimi in trajnimi u\u010dinki. \u0160tiri glavne sestavine losjona SLIM MEN, ki omogo\u010dajo opazno razliko \u017ee dveh mesecih, so: sojini izoflavoni pomagajo pove\u010dati elasti\u010dnost ko\u017ee, zmanj\u0161ujejo ma\u0161\u010dobno tkivo, zavirajo nasajanje ma\u0161\u010dobnih molekul, pospe\u0161ijo lipolizo-toplenjje ma\u0161obnih celic. kofein, natavni topilec ma\u0161\u010dob karnitin spodbuja oksidacijo lipidov, pirulina za vla\u017eenje ko\u017ee [&hellip;]\" \/>\n<meta property=\"og:url\" content=\"https:\/\/www.belle.si\/it\/izdelek\/serum-za-hujsanje-za-moske-z-naravnimi-ucinkovinami-slim-men\/\" \/>\n<meta property=\"og:site_name\" content=\"Belle.si kozmeti\u010dna trgovina\" \/>\n<meta property=\"article:publisher\" content=\"https:\/\/www.facebook.com\/belle.si.cosmetics\/\" \/>\n<meta property=\"article:modified_time\" content=\"2022-10-19T09:08:32+00:00\" \/>\n<meta property=\"og:image\" content=\"https:\/\/www.belle.si\/wp-content\/uploads\/2022\/10\/slim_men_za_hujsanje_za_moske.png\" \/>\n\t<meta property=\"og:image:width\" content=\"1000\" \/>\n\t<meta property=\"og:image:height\" content=\"1000\" \/>\n\t<meta property=\"og:image:type\" content=\"image\/png\" \/>\n<meta name=\"twitter:card\" content=\"summary_large_image\" \/>\n<meta name=\"twitter:label1\" content=\"Tempo di lettura stimato\" \/>\n\t<meta name=\"twitter:data1\" content=\"1 minuto\" \/>\n<script type=\"application\/ld+json\" class=\"yoast-schema-graph\">{\"@context\":\"https:\/\/schema.org\",\"@graph\":[{\"@type\":\"WebPage\",\"@id\":\"https:\/\/www.belle.si\/it\/izdelek\/serum-za-hujsanje-za-moske-z-naravnimi-ucinkovinami-slim-men\/\",\"url\":\"https:\/\/www.belle.si\/it\/izdelek\/serum-za-hujsanje-za-moske-z-naravnimi-ucinkovinami-slim-men\/\",\"name\":\"Serum za huj\u0161anje za mo\u0161ke z naravnimi u\u010dinkovinami Slim men - Belle.si kozmeti\u010dna trgovina\",\"isPartOf\":{\"@id\":\"https:\/\/www.belle.si\/it\/#website\"},\"primaryImageOfPage\":{\"@id\":\"https:\/\/www.belle.si\/it\/izdelek\/serum-za-hujsanje-za-moske-z-naravnimi-ucinkovinami-slim-men\/#primaryimage\"},\"image\":{\"@id\":\"https:\/\/www.belle.si\/it\/izdelek\/serum-za-hujsanje-za-moske-z-naravnimi-ucinkovinami-slim-men\/#primaryimage\"},\"thumbnailUrl\":\"https:\/\/www.belle.si\/wp-content\/uploads\/2022\/10\/slim_men_za_hujsanje_za_moske.png\",\"datePublished\":\"2020-10-13T13:05:41+00:00\",\"dateModified\":\"2022-10-19T09:08:32+00:00\",\"breadcrumb\":{\"@id\":\"https:\/\/www.belle.si\/it\/izdelek\/serum-za-hujsanje-za-moske-z-naravnimi-ucinkovinami-slim-men\/#breadcrumb\"},\"inLanguage\":\"it-IT\",\"potentialAction\":[{\"@type\":\"ReadAction\",\"target\":[\"https:\/\/www.belle.si\/it\/izdelek\/serum-za-hujsanje-za-moske-z-naravnimi-ucinkovinami-slim-men\/\"]}]},{\"@type\":\"ImageObject\",\"inLanguage\":\"it-IT\",\"@id\":\"https:\/\/www.belle.si\/it\/izdelek\/serum-za-hujsanje-za-moske-z-naravnimi-ucinkovinami-slim-men\/#primaryimage\",\"url\":\"https:\/\/www.belle.si\/wp-content\/uploads\/2022\/10\/slim_men_za_hujsanje_za_moske.png\",\"contentUrl\":\"https:\/\/www.belle.si\/wp-content\/uploads\/2022\/10\/slim_men_za_hujsanje_za_moske.png\",\"width\":1000,\"height\":1000,\"caption\":\"Serum za huj\u0161anje za mo\u0161ke z naravnimi u\u010dinkovinami-\"},{\"@type\":\"BreadcrumbList\",\"@id\":\"https:\/\/www.belle.si\/it\/izdelek\/serum-za-hujsanje-za-moske-z-naravnimi-ucinkovinami-slim-men\/#breadcrumb\",\"itemListElement\":[{\"@type\":\"ListItem\",\"position\":1,\"name\":\"Home\",\"item\":\"https:\/\/www.belle.si\/it\/\"},{\"@type\":\"ListItem\",\"position\":2,\"name\":\"Trgovina\",\"item\":\"https:\/\/www.belle.si\/trgovina\/\"},{\"@type\":\"ListItem\",\"position\":3,\"name\":\"Serum za huj\u0161anje za mo\u0161ke z naravnimi u\u010dinkovinami Slim men\"}]},{\"@type\":\"WebSite\",\"@id\":\"https:\/\/www.belle.si\/it\/#website\",\"url\":\"https:\/\/www.belle.si\/it\/\",\"name\":\"Belle.si kozmeti\u010dna trgovina\",\"description\":\"\",\"publisher\":{\"@id\":\"https:\/\/www.belle.si\/it\/#organization\"},\"potentialAction\":[{\"@type\":\"SearchAction\",\"target\":{\"@type\":\"EntryPoint\",\"urlTemplate\":\"https:\/\/www.belle.si\/it\/?s={search_term_string}\"},\"query-input\":{\"@type\":\"PropertyValueSpecification\",\"valueRequired\":true,\"valueName\":\"search_term_string\"}}],\"inLanguage\":\"it-IT\"},{\"@type\":\"Organization\",\"@id\":\"https:\/\/www.belle.si\/it\/#organization\",\"name\":\"Belle.si kozmeti\u010dna trgovina\",\"url\":\"https:\/\/www.belle.si\/it\/\",\"logo\":{\"@type\":\"ImageObject\",\"inLanguage\":\"it-IT\",\"@id\":\"https:\/\/www.belle.si\/it\/#\/schema\/logo\/image\/\",\"url\":\"https:\/\/www.belle.si\/wp-content\/uploads\/2022\/10\/cropped-logo_belle_trgovina.png\",\"contentUrl\":\"https:\/\/www.belle.si\/wp-content\/uploads\/2022\/10\/cropped-logo_belle_trgovina.png\",\"width\":270,\"height\":135,\"caption\":\"Belle.si kozmeti\u010dna trgovina\"},\"image\":{\"@id\":\"https:\/\/www.belle.si\/it\/#\/schema\/logo\/image\/\"},\"sameAs\":[\"https:\/\/www.facebook.com\/belle.si.cosmetics\/\",\"https:\/\/www.instagram.com\/belle.si.cosmetics\/\"]}]}<\/script>\n<!-- \/ Yoast SEO plugin. -->","yoast_head_json":{"title":"Serum za huj\u0161anje za mo\u0161ke z naravnimi u\u010dinkovinami Slim men - Belle.si kozmeti\u010dna trgovina","robots":{"index":"index","follow":"follow","max-snippet":"max-snippet:-1","max-image-preview":"max-image-preview:large","max-video-preview":"max-video-preview:-1"},"canonical":"https:\/\/www.belle.si\/it\/izdelek\/serum-za-hujsanje-za-moske-z-naravnimi-ucinkovinami-slim-men\/","og_locale":"it_IT","og_type":"article","og_title":"Serum za huj\u0161anje za mo\u0161ke z naravnimi u\u010dinkovinami Slim men - Belle.si kozmeti\u010dna trgovina","og_description":"U\u010dinkovit serum za huj\u0161anje za mo\u0161ke! Zagotovljeno z opaznimi in trajnimi u\u010dinki. \u0160tiri glavne sestavine losjona SLIM MEN, ki omogo\u010dajo opazno razliko \u017ee dveh mesecih, so: sojini izoflavoni pomagajo pove\u010dati elasti\u010dnost ko\u017ee, zmanj\u0161ujejo ma\u0161\u010dobno tkivo, zavirajo nasajanje ma\u0161\u010dobnih molekul, pospe\u0161ijo lipolizo-toplenjje ma\u0161obnih celic. kofein, natavni topilec ma\u0161\u010dob karnitin spodbuja oksidacijo lipidov, pirulina za vla\u017eenje ko\u017ee [&hellip;]","og_url":"https:\/\/www.belle.si\/it\/izdelek\/serum-za-hujsanje-za-moske-z-naravnimi-ucinkovinami-slim-men\/","og_site_name":"Belle.si kozmeti\u010dna trgovina","article_publisher":"https:\/\/www.facebook.com\/belle.si.cosmetics\/","article_modified_time":"2022-10-19T09:08:32+00:00","og_image":[{"width":1000,"height":1000,"url":"https:\/\/www.belle.si\/wp-content\/uploads\/2022\/10\/slim_men_za_hujsanje_za_moske.png","type":"image\/png"}],"twitter_card":"summary_large_image","twitter_misc":{"Tempo di lettura stimato":"1 minuto"},"schema":{"@context":"https:\/\/schema.org","@graph":[{"@type":"WebPage","@id":"https:\/\/www.belle.si\/it\/izdelek\/serum-za-hujsanje-za-moske-z-naravnimi-ucinkovinami-slim-men\/","url":"https:\/\/www.belle.si\/it\/izdelek\/serum-za-hujsanje-za-moske-z-naravnimi-ucinkovinami-slim-men\/","name":"Serum za huj\u0161anje za mo\u0161ke z naravnimi u\u010dinkovinami Slim men - Belle.si kozmeti\u010dna trgovina","isPartOf":{"@id":"https:\/\/www.belle.si\/it\/#website"},"primaryImageOfPage":{"@id":"https:\/\/www.belle.si\/it\/izdelek\/serum-za-hujsanje-za-moske-z-naravnimi-ucinkovinami-slim-men\/#primaryimage"},"image":{"@id":"https:\/\/www.belle.si\/it\/izdelek\/serum-za-hujsanje-za-moske-z-naravnimi-ucinkovinami-slim-men\/#primaryimage"},"thumbnailUrl":"https:\/\/www.belle.si\/wp-content\/uploads\/2022\/10\/slim_men_za_hujsanje_za_moske.png","datePublished":"2020-10-13T13:05:41+00:00","dateModified":"2022-10-19T09:08:32+00:00","breadcrumb":{"@id":"https:\/\/www.belle.si\/it\/izdelek\/serum-za-hujsanje-za-moske-z-naravnimi-ucinkovinami-slim-men\/#breadcrumb"},"inLanguage":"it-IT","potentialAction":[{"@type":"ReadAction","target":["https:\/\/www.belle.si\/it\/izdelek\/serum-za-hujsanje-za-moske-z-naravnimi-ucinkovinami-slim-men\/"]}]},{"@type":"ImageObject","inLanguage":"it-IT","@id":"https:\/\/www.belle.si\/it\/izdelek\/serum-za-hujsanje-za-moske-z-naravnimi-ucinkovinami-slim-men\/#primaryimage","url":"https:\/\/www.belle.si\/wp-content\/uploads\/2022\/10\/slim_men_za_hujsanje_za_moske.png","contentUrl":"https:\/\/www.belle.si\/wp-content\/uploads\/2022\/10\/slim_men_za_hujsanje_za_moske.png","width":1000,"height":1000,"caption":"Serum za huj\u0161anje za mo\u0161ke z naravnimi u\u010dinkovinami-"},{"@type":"BreadcrumbList","@id":"https:\/\/www.belle.si\/it\/izdelek\/serum-za-hujsanje-za-moske-z-naravnimi-ucinkovinami-slim-men\/#breadcrumb","itemListElement":[{"@type":"ListItem","position":1,"name":"Home","item":"https:\/\/www.belle.si\/it\/"},{"@type":"ListItem","position":2,"name":"Trgovina","item":"https:\/\/www.belle.si\/trgovina\/"},{"@type":"ListItem","position":3,"name":"Serum za huj\u0161anje za mo\u0161ke z naravnimi u\u010dinkovinami Slim men"}]},{"@type":"WebSite","@id":"https:\/\/www.belle.si\/it\/#website","url":"https:\/\/www.belle.si\/it\/","name":"Belle.si kozmeti\u010dna trgovina","description":"","publisher":{"@id":"https:\/\/www.belle.si\/it\/#organization"},"potentialAction":[{"@type":"SearchAction","target":{"@type":"EntryPoint","urlTemplate":"https:\/\/www.belle.si\/it\/?s={search_term_string}"},"query-input":{"@type":"PropertyValueSpecification","valueRequired":true,"valueName":"search_term_string"}}],"inLanguage":"it-IT"},{"@type":"Organization","@id":"https:\/\/www.belle.si\/it\/#organization","name":"Belle.si kozmeti\u010dna trgovina","url":"https:\/\/www.belle.si\/it\/","logo":{"@type":"ImageObject","inLanguage":"it-IT","@id":"https:\/\/www.belle.si\/it\/#\/schema\/logo\/image\/","url":"https:\/\/www.belle.si\/wp-content\/uploads\/2022\/10\/cropped-logo_belle_trgovina.png","contentUrl":"https:\/\/www.belle.si\/wp-content\/uploads\/2022\/10\/cropped-logo_belle_trgovina.png","width":270,"height":135,"caption":"Belle.si kozmeti\u010dna trgovina"},"image":{"@id":"https:\/\/www.belle.si\/it\/#\/schema\/logo\/image\/"},"sameAs":["https:\/\/www.facebook.com\/belle.si.cosmetics\/","https:\/\/www.instagram.com\/belle.si.cosmetics\/"]}]}},"uagb_featured_image_src":{"full":["https:\/\/www.belle.si\/wp-content\/uploads\/2022\/10\/slim_men_za_hujsanje_za_moske.png",1000,1000,false],"thumbnail":["https:\/\/www.belle.si\/wp-content\/uploads\/2022\/10\/slim_men_za_hujsanje_za_moske-150x150.png",150,150,true],"medium":["https:\/\/www.belle.si\/wp-content\/uploads\/2022\/10\/slim_men_za_hujsanje_za_moske-300x300.png",300,300,true],"medium_large":["https:\/\/www.belle.si\/wp-content\/uploads\/2022\/10\/slim_men_za_hujsanje_za_moske-768x768.png",768,768,true],"large":["https:\/\/www.belle.si\/wp-content\/uploads\/2022\/10\/slim_men_za_hujsanje_za_moske.png",1000,1000,false],"1536x1536":["https:\/\/www.belle.si\/wp-content\/uploads\/2022\/10\/slim_men_za_hujsanje_za_moske.png",1000,1000,false],"2048x2048":["https:\/\/www.belle.si\/wp-content\/uploads\/2022\/10\/slim_men_za_hujsanje_za_moske.png",1000,1000,false],"mailpoet_newsletter_max":["https:\/\/www.belle.si\/wp-content\/uploads\/2022\/10\/slim_men_za_hujsanje_za_moske.png",1000,1000,false],"woocommerce_thumbnail":["https:\/\/www.belle.si\/wp-content\/uploads\/2022\/10\/slim_men_za_hujsanje_za_moske-300x300.png",300,300,true],"woocommerce_single":["https:\/\/www.belle.si\/wp-content\/uploads\/2022\/10\/slim_men_za_hujsanje_za_moske-600x600.png",600,600,true],"woocommerce_gallery_thumbnail":["https:\/\/www.belle.si\/wp-content\/uploads\/2022\/10\/slim_men_za_hujsanje_za_moske-100x100.png",100,100,true]},"uagb_author_info":{"display_name":"taja","author_link":"https:\/\/www.belle.si\/it\/author\/"},"uagb_comment_info":0,"uagb_excerpt":"U\u010dinkovit serum za huj\u0161anje za mo\u0161ke! Zagotovljeno z opaznimi in trajnimi u\u010dinki. \u0160tiri glavne sestavine losjona SLIM MEN, ki omogo\u010dajo opazno razliko \u017ee dveh mesecih, so: sojini izoflavoni pomagajo pove\u010dati elasti\u010dnost ko\u017ee, zmanj\u0161ujejo ma\u0161\u010dobno tkivo, zavirajo nasajanje ma\u0161\u010dobnih molekul, pospe\u0161ijo lipolizo-toplenjje ma\u0161obnih celic. kofein, natavni topilec ma\u0161\u010dob karnitin spodbuja oksidacijo lipidov, pirulina za vla\u017eenje ko\u017ee&hellip;","_links":{"self":[{"href":"https:\/\/www.belle.si\/it\/wp-json\/wp\/v2\/product\/98975","targetHints":{"allow":["GET"]}}],"collection":[{"href":"https:\/\/www.belle.si\/it\/wp-json\/wp\/v2\/product"}],"about":[{"href":"https:\/\/www.belle.si\/it\/wp-json\/wp\/v2\/types\/product"}],"replies":[{"embeddable":true,"href":"https:\/\/www.belle.si\/it\/wp-json\/wp\/v2\/comments?post=98975"}],"wp:featuredmedia":[{"embeddable":true,"href":"https:\/\/www.belle.si\/it\/wp-json\/wp\/v2\/media\/98976"}],"wp:attachment":[{"href":"https:\/\/www.belle.si\/it\/wp-json\/wp\/v2\/media?parent=98975"}],"wp:term":[{"taxonomy":"product_brand","embeddable":true,"href":"https:\/\/www.belle.si\/it\/wp-json\/wp\/v2\/product_brand?post=98975"},{"taxonomy":"product_cat","embeddable":true,"href":"https:\/\/www.belle.si\/it\/wp-json\/wp\/v2\/product_cat?post=98975"},{"taxonomy":"product_tag","embeddable":true,"href":"https:\/\/www.belle.si\/it\/wp-json\/wp\/v2\/product_tag?post=98975"}],"curies":[{"name":"wp","href":"https:\/\/api.w.org\/{rel}","templated":true}]}}