{"id":98972,"date":"2020-10-29T12:23:04","date_gmt":"2020-10-29T12:23:04","guid":{"rendered":"https:\/\/belle.zabica.org\/?post_type=product&#038;p=98972"},"modified":"2025-11-18T14:43:47","modified_gmt":"2025-11-18T13:43:47","slug":"gel-z-vrazjim-krempljem-za-sklepe-in-misice","status":"publish","type":"product","link":"https:\/\/www.belle.si\/it\/izdelek\/gel-z-vrazjim-krempljem-za-sklepe-in-misice\/","title":{"rendered":"Gel z vra\u017ejim krempljem za sklepe in mi\u0161ice"},"content":{"rendered":"<h2 class=\"subtitle\">Vra\u017eji krempelj &#8211; \u010dudovita naravna pomo\u010d pri zdravljenju bole\u010din v mi\u0161icah in sklepih.<\/h2>\n<h2><a href=\"https:\/\/www.claudebell.co.uk\/media\/res\/harpagophytum_procumbens.jpg\"><img fetchpriority=\"high\" decoding=\"async\" class=\"rf frame alignnone\" src=\"https:\/\/www.claudebell.co.uk\/media\/res\/harpagophytum_procumbens.jpg\" alt=\"Cvet ma\u010djega kremplja\" width=\"300\" height=\"189\" \/><\/a><\/h2>\n<p class=\"note\">\u017de stoletja Afri\u0161ki \u0161amani uporabljajo vra\u017eji krempelj za zdravljenje raznovrstnih bole\u010din. Zdravilne u\u010dinkovine se nahajajo v korenini rastline, ki raste nizko ob tleh v predelih ju\u017ene Afrike. V Evropo jo je prvi\u010d prinesel nem\u0161ki raziskovalce leta 1907, ki je bil v Namibiji pri\u010da njenim \u010dudovitim blagodejnim u\u010dinkom<\/p>\n<p>Krema z ma\u010djim krepljem sodi v vsak dom, saj pomaga pri laj\u0161anju bole\u010din<\/p>\n<ul>\n<li><strong>zaradi kr\u010dev,<\/strong><\/li>\n<li><strong>po\u0161kodovanih in oteklih sklepov,<\/strong><\/li>\n<li><strong>utrujenih mi\u0161ic,<\/strong><\/li>\n<li><strong>zaradi udarcev.<\/strong><\/li>\n<\/ul>\n<p><img decoding=\"async\" class=\"rf frame alignleft\" src=\"https:\/\/www.claudebell.co.uk\/media\/res\/harpagophytum_root.jpg\" alt=\"Harpagophytum: root\" \/><\/p>\n<p>&nbsp;<\/p>\n<p>&nbsp;<\/p>\n<p>&nbsp;<\/p>\n<p>&nbsp;<\/p>\n<p>&nbsp;<\/p>\n<p>Masa\u017eni gel vsebuje vra\u017eji krempelj, ki je poznan po svojih antirevmati\u010dnih u\u010dinkovinah. Poleg tega je v gelu izvle\u010dek mo\u010dvirskega oslada, limone ter pomaran\u010de, ki skupaj delujejo protibole\u010dnisko in pomirjajo vnetje.<\/p>\n<p>Gel ne\u017eno vmasirajte v bole\u010di predel in pustite, da se vpije. Bole\u010dina bo postopoma popustila.<\/p>\n<div class=\"panel directions\">\n<div class=\"std\">\n<p><strong>Navodila za uporabo<\/strong><\/p>\n<p>Nanesite kadarkoli \u010dutite bole\u010dino v mi\u0161icah ali v sklepih.<\/p>\n<p>Pazite, da ne zaide v o\u010di.<\/p>\n<p>Vsebina: 50ml<\/p>\n<p>Proivedeno v Franciji<\/p>\n<\/div>\n<\/div>\n","protected":false},"excerpt":{"rendered":"<p>Vra\u017eji krempelj &#8211; \u010dudovita naravna pomo\u010d pri zdravljenju bole\u010din v mi\u0161icah in sklepih. \u017de stoletja Afri\u0161ki \u0161amani uporabljajo vra\u017eji krempelj za zdravljenje raznovrstnih bole\u010din. Zdravilne u\u010dinkovine se nahajajo v korenini rastline, ki raste nizko ob tleh v predelih ju\u017ene Afrike. V Evropo jo je prvi\u010d prinesel nem\u0161ki raziskovalce leta 1907, ki je bil v Namibiji [&hellip;]<\/p>\n","protected":false},"featured_media":98973,"comment_status":"closed","ping_status":"closed","template":"","meta":{"_uag_custom_page_level_css":"","_monsterinsights_skip_tracking":false,"_monsterinsights_sitenote_active":false,"_monsterinsights_sitenote_note":"","_monsterinsights_sitenote_category":0,"site-sidebar-layout":"default","site-content-layout":"","ast-site-content-layout":"default","site-content-style":"default","site-sidebar-style":"default","ast-global-header-display":"","ast-banner-title-visibility":"","ast-main-header-display":"","ast-hfb-above-header-display":"","ast-hfb-below-header-display":"","ast-hfb-mobile-header-display":"","site-post-title":"","ast-breadcrumbs-content":"","ast-featured-img":"","footer-sml-layout":"","ast-disable-related-posts":"","theme-transparent-header-meta":"","adv-header-id-meta":"","stick-header-meta":"","header-above-stick-meta":"","header-main-stick-meta":"","header-below-stick-meta":"","astra-migrate-meta-layouts":"default","ast-page-background-enabled":"default","ast-page-background-meta":{"desktop":{"background-color":"var(--ast-global-color-4)","background-image":"","background-repeat":"repeat","background-position":"center center","background-size":"auto","background-attachment":"scroll","background-type":"","background-media":"","overlay-type":"","overlay-color":"","overlay-opacity":"","overlay-gradient":""},"tablet":{"background-color":"","background-image":"","background-repeat":"repeat","background-position":"center center","background-size":"auto","background-attachment":"scroll","background-type":"","background-media":"","overlay-type":"","overlay-color":"","overlay-opacity":"","overlay-gradient":""},"mobile":{"background-color":"","background-image":"","background-repeat":"repeat","background-position":"center center","background-size":"auto","background-attachment":"scroll","background-type":"","background-media":"","overlay-type":"","overlay-color":"","overlay-opacity":"","overlay-gradient":""}},"ast-content-background-meta":{"desktop":{"background-color":"var(--ast-global-color-5)","background-image":"","background-repeat":"repeat","background-position":"center center","background-size":"auto","background-attachment":"scroll","background-type":"","background-media":"","overlay-type":"","overlay-color":"","overlay-opacity":"","overlay-gradient":""},"tablet":{"background-color":"var(--ast-global-color-5)","background-image":"","background-repeat":"repeat","background-position":"center center","background-size":"auto","background-attachment":"scroll","background-type":"","background-media":"","overlay-type":"","overlay-color":"","overlay-opacity":"","overlay-gradient":""},"mobile":{"background-color":"var(--ast-global-color-5)","background-image":"","background-repeat":"repeat","background-position":"center center","background-size":"auto","background-attachment":"scroll","background-type":"","background-media":"","overlay-type":"","overlay-color":"","overlay-opacity":"","overlay-gradient":""}}},"product_brand":[],"product_cat":[36,31],"product_tag":[],"class_list":{"0":"post-98972","1":"product","2":"type-product","3":"status-publish","4":"has-post-thumbnail","6":"product_cat-proti-bolecinam","7":"product_cat-za-moske","8":"desktop-align-left","9":"tablet-align-left","10":"mobile-align-left","11":"ast-product-gallery-layout-first-image-large","12":"ast-product-gallery-with-no-image","13":"ast-magnify-disabled","14":"ast-product-tabs-layout-horizontal","16":"first","17":"onbackorder","18":"taxable","19":"shipping-taxable","20":"purchasable","21":"product-type-simple"},"yoast_head":"<!-- This site is optimized with the Yoast SEO plugin v26.9 - https:\/\/yoast.com\/product\/yoast-seo-wordpress\/ -->\n<title>Gel z vra\u017ejim krempljem za sklepe in mi\u0161ice - Belle.si kozmeti\u010dna trgovina<\/title>\n<meta name=\"robots\" content=\"index, follow, max-snippet:-1, max-image-preview:large, max-video-preview:-1\" \/>\n<link rel=\"canonical\" href=\"https:\/\/www.belle.si\/it\/izdelek\/gel-z-vrazjim-krempljem-za-sklepe-in-misice\/\" \/>\n<meta property=\"og:locale\" content=\"it_IT\" \/>\n<meta property=\"og:type\" content=\"article\" \/>\n<meta property=\"og:title\" content=\"Gel z vra\u017ejim krempljem za sklepe in mi\u0161ice - Belle.si kozmeti\u010dna trgovina\" \/>\n<meta property=\"og:description\" content=\"Vra\u017eji krempelj &#8211; \u010dudovita naravna pomo\u010d pri zdravljenju bole\u010din v mi\u0161icah in sklepih. \u017de stoletja Afri\u0161ki \u0161amani uporabljajo vra\u017eji krempelj za zdravljenje raznovrstnih bole\u010din. Zdravilne u\u010dinkovine se nahajajo v korenini rastline, ki raste nizko ob tleh v predelih ju\u017ene Afrike. V Evropo jo je prvi\u010d prinesel nem\u0161ki raziskovalce leta 1907, ki je bil v Namibiji [&hellip;]\" \/>\n<meta property=\"og:url\" content=\"https:\/\/www.belle.si\/it\/izdelek\/gel-z-vrazjim-krempljem-za-sklepe-in-misice\/\" \/>\n<meta property=\"og:site_name\" content=\"Belle.si kozmeti\u010dna trgovina\" \/>\n<meta property=\"article:publisher\" content=\"https:\/\/www.facebook.com\/belle.si.cosmetics\/\" \/>\n<meta property=\"article:modified_time\" content=\"2025-11-18T13:43:47+00:00\" \/>\n<meta property=\"og:image\" content=\"https:\/\/www.belle.si\/wp-content\/uploads\/2022\/10\/vrazji_krempelj.png\" \/>\n\t<meta property=\"og:image:width\" content=\"800\" \/>\n\t<meta property=\"og:image:height\" content=\"800\" \/>\n\t<meta property=\"og:image:type\" content=\"image\/png\" \/>\n<meta name=\"twitter:card\" content=\"summary_large_image\" \/>\n<meta name=\"twitter:label1\" content=\"Tempo di lettura stimato\" \/>\n\t<meta name=\"twitter:data1\" content=\"1 minuto\" \/>\n<script type=\"application\/ld+json\" class=\"yoast-schema-graph\">{\"@context\":\"https:\/\/schema.org\",\"@graph\":[{\"@type\":\"WebPage\",\"@id\":\"https:\/\/www.belle.si\/it\/izdelek\/gel-z-vrazjim-krempljem-za-sklepe-in-misice\/\",\"url\":\"https:\/\/www.belle.si\/it\/izdelek\/gel-z-vrazjim-krempljem-za-sklepe-in-misice\/\",\"name\":\"Gel z vra\u017ejim krempljem za sklepe in mi\u0161ice - Belle.si kozmeti\u010dna trgovina\",\"isPartOf\":{\"@id\":\"https:\/\/www.belle.si\/it\/#website\"},\"primaryImageOfPage\":{\"@id\":\"https:\/\/www.belle.si\/it\/izdelek\/gel-z-vrazjim-krempljem-za-sklepe-in-misice\/#primaryimage\"},\"image\":{\"@id\":\"https:\/\/www.belle.si\/it\/izdelek\/gel-z-vrazjim-krempljem-za-sklepe-in-misice\/#primaryimage\"},\"thumbnailUrl\":\"https:\/\/www.belle.si\/wp-content\/uploads\/2022\/10\/vrazji_krempelj.png\",\"datePublished\":\"2020-10-29T12:23:04+00:00\",\"dateModified\":\"2025-11-18T13:43:47+00:00\",\"breadcrumb\":{\"@id\":\"https:\/\/www.belle.si\/it\/izdelek\/gel-z-vrazjim-krempljem-za-sklepe-in-misice\/#breadcrumb\"},\"inLanguage\":\"it-IT\",\"potentialAction\":[{\"@type\":\"ReadAction\",\"target\":[\"https:\/\/www.belle.si\/it\/izdelek\/gel-z-vrazjim-krempljem-za-sklepe-in-misice\/\"]}]},{\"@type\":\"ImageObject\",\"inLanguage\":\"it-IT\",\"@id\":\"https:\/\/www.belle.si\/it\/izdelek\/gel-z-vrazjim-krempljem-za-sklepe-in-misice\/#primaryimage\",\"url\":\"https:\/\/www.belle.si\/wp-content\/uploads\/2022\/10\/vrazji_krempelj.png\",\"contentUrl\":\"https:\/\/www.belle.si\/wp-content\/uploads\/2022\/10\/vrazji_krempelj.png\",\"width\":800,\"height\":800,\"caption\":\"Vra\u017eji krempelj proti bole\u010dinam v sklepih\"},{\"@type\":\"BreadcrumbList\",\"@id\":\"https:\/\/www.belle.si\/it\/izdelek\/gel-z-vrazjim-krempljem-za-sklepe-in-misice\/#breadcrumb\",\"itemListElement\":[{\"@type\":\"ListItem\",\"position\":1,\"name\":\"Home\",\"item\":\"https:\/\/www.belle.si\/it\/\"},{\"@type\":\"ListItem\",\"position\":2,\"name\":\"Trgovina\",\"item\":\"https:\/\/www.belle.si\/trgovina\/\"},{\"@type\":\"ListItem\",\"position\":3,\"name\":\"Gel z vra\u017ejim krempljem za sklepe in mi\u0161ice\"}]},{\"@type\":\"WebSite\",\"@id\":\"https:\/\/www.belle.si\/it\/#website\",\"url\":\"https:\/\/www.belle.si\/it\/\",\"name\":\"Belle.si kozmeti\u010dna trgovina\",\"description\":\"\",\"publisher\":{\"@id\":\"https:\/\/www.belle.si\/it\/#organization\"},\"potentialAction\":[{\"@type\":\"SearchAction\",\"target\":{\"@type\":\"EntryPoint\",\"urlTemplate\":\"https:\/\/www.belle.si\/it\/?s={search_term_string}\"},\"query-input\":{\"@type\":\"PropertyValueSpecification\",\"valueRequired\":true,\"valueName\":\"search_term_string\"}}],\"inLanguage\":\"it-IT\"},{\"@type\":\"Organization\",\"@id\":\"https:\/\/www.belle.si\/it\/#organization\",\"name\":\"Belle.si kozmeti\u010dna trgovina\",\"url\":\"https:\/\/www.belle.si\/it\/\",\"logo\":{\"@type\":\"ImageObject\",\"inLanguage\":\"it-IT\",\"@id\":\"https:\/\/www.belle.si\/it\/#\/schema\/logo\/image\/\",\"url\":\"https:\/\/www.belle.si\/wp-content\/uploads\/2022\/10\/cropped-logo_belle_trgovina.png\",\"contentUrl\":\"https:\/\/www.belle.si\/wp-content\/uploads\/2022\/10\/cropped-logo_belle_trgovina.png\",\"width\":270,\"height\":135,\"caption\":\"Belle.si kozmeti\u010dna trgovina\"},\"image\":{\"@id\":\"https:\/\/www.belle.si\/it\/#\/schema\/logo\/image\/\"},\"sameAs\":[\"https:\/\/www.facebook.com\/belle.si.cosmetics\/\",\"https:\/\/www.instagram.com\/belle.si.cosmetics\/\"]}]}<\/script>\n<!-- \/ Yoast SEO plugin. -->","yoast_head_json":{"title":"Gel z vra\u017ejim krempljem za sklepe in mi\u0161ice - Belle.si kozmeti\u010dna trgovina","robots":{"index":"index","follow":"follow","max-snippet":"max-snippet:-1","max-image-preview":"max-image-preview:large","max-video-preview":"max-video-preview:-1"},"canonical":"https:\/\/www.belle.si\/it\/izdelek\/gel-z-vrazjim-krempljem-za-sklepe-in-misice\/","og_locale":"it_IT","og_type":"article","og_title":"Gel z vra\u017ejim krempljem za sklepe in mi\u0161ice - Belle.si kozmeti\u010dna trgovina","og_description":"Vra\u017eji krempelj &#8211; \u010dudovita naravna pomo\u010d pri zdravljenju bole\u010din v mi\u0161icah in sklepih. \u017de stoletja Afri\u0161ki \u0161amani uporabljajo vra\u017eji krempelj za zdravljenje raznovrstnih bole\u010din. Zdravilne u\u010dinkovine se nahajajo v korenini rastline, ki raste nizko ob tleh v predelih ju\u017ene Afrike. V Evropo jo je prvi\u010d prinesel nem\u0161ki raziskovalce leta 1907, ki je bil v Namibiji [&hellip;]","og_url":"https:\/\/www.belle.si\/it\/izdelek\/gel-z-vrazjim-krempljem-za-sklepe-in-misice\/","og_site_name":"Belle.si kozmeti\u010dna trgovina","article_publisher":"https:\/\/www.facebook.com\/belle.si.cosmetics\/","article_modified_time":"2025-11-18T13:43:47+00:00","og_image":[{"width":800,"height":800,"url":"https:\/\/www.belle.si\/wp-content\/uploads\/2022\/10\/vrazji_krempelj.png","type":"image\/png"}],"twitter_card":"summary_large_image","twitter_misc":{"Tempo di lettura stimato":"1 minuto"},"schema":{"@context":"https:\/\/schema.org","@graph":[{"@type":"WebPage","@id":"https:\/\/www.belle.si\/it\/izdelek\/gel-z-vrazjim-krempljem-za-sklepe-in-misice\/","url":"https:\/\/www.belle.si\/it\/izdelek\/gel-z-vrazjim-krempljem-za-sklepe-in-misice\/","name":"Gel z vra\u017ejim krempljem za sklepe in mi\u0161ice - Belle.si kozmeti\u010dna trgovina","isPartOf":{"@id":"https:\/\/www.belle.si\/it\/#website"},"primaryImageOfPage":{"@id":"https:\/\/www.belle.si\/it\/izdelek\/gel-z-vrazjim-krempljem-za-sklepe-in-misice\/#primaryimage"},"image":{"@id":"https:\/\/www.belle.si\/it\/izdelek\/gel-z-vrazjim-krempljem-za-sklepe-in-misice\/#primaryimage"},"thumbnailUrl":"https:\/\/www.belle.si\/wp-content\/uploads\/2022\/10\/vrazji_krempelj.png","datePublished":"2020-10-29T12:23:04+00:00","dateModified":"2025-11-18T13:43:47+00:00","breadcrumb":{"@id":"https:\/\/www.belle.si\/it\/izdelek\/gel-z-vrazjim-krempljem-za-sklepe-in-misice\/#breadcrumb"},"inLanguage":"it-IT","potentialAction":[{"@type":"ReadAction","target":["https:\/\/www.belle.si\/it\/izdelek\/gel-z-vrazjim-krempljem-za-sklepe-in-misice\/"]}]},{"@type":"ImageObject","inLanguage":"it-IT","@id":"https:\/\/www.belle.si\/it\/izdelek\/gel-z-vrazjim-krempljem-za-sklepe-in-misice\/#primaryimage","url":"https:\/\/www.belle.si\/wp-content\/uploads\/2022\/10\/vrazji_krempelj.png","contentUrl":"https:\/\/www.belle.si\/wp-content\/uploads\/2022\/10\/vrazji_krempelj.png","width":800,"height":800,"caption":"Vra\u017eji krempelj proti bole\u010dinam v sklepih"},{"@type":"BreadcrumbList","@id":"https:\/\/www.belle.si\/it\/izdelek\/gel-z-vrazjim-krempljem-za-sklepe-in-misice\/#breadcrumb","itemListElement":[{"@type":"ListItem","position":1,"name":"Home","item":"https:\/\/www.belle.si\/it\/"},{"@type":"ListItem","position":2,"name":"Trgovina","item":"https:\/\/www.belle.si\/trgovina\/"},{"@type":"ListItem","position":3,"name":"Gel z vra\u017ejim krempljem za sklepe in mi\u0161ice"}]},{"@type":"WebSite","@id":"https:\/\/www.belle.si\/it\/#website","url":"https:\/\/www.belle.si\/it\/","name":"Belle.si kozmeti\u010dna trgovina","description":"","publisher":{"@id":"https:\/\/www.belle.si\/it\/#organization"},"potentialAction":[{"@type":"SearchAction","target":{"@type":"EntryPoint","urlTemplate":"https:\/\/www.belle.si\/it\/?s={search_term_string}"},"query-input":{"@type":"PropertyValueSpecification","valueRequired":true,"valueName":"search_term_string"}}],"inLanguage":"it-IT"},{"@type":"Organization","@id":"https:\/\/www.belle.si\/it\/#organization","name":"Belle.si kozmeti\u010dna trgovina","url":"https:\/\/www.belle.si\/it\/","logo":{"@type":"ImageObject","inLanguage":"it-IT","@id":"https:\/\/www.belle.si\/it\/#\/schema\/logo\/image\/","url":"https:\/\/www.belle.si\/wp-content\/uploads\/2022\/10\/cropped-logo_belle_trgovina.png","contentUrl":"https:\/\/www.belle.si\/wp-content\/uploads\/2022\/10\/cropped-logo_belle_trgovina.png","width":270,"height":135,"caption":"Belle.si kozmeti\u010dna trgovina"},"image":{"@id":"https:\/\/www.belle.si\/it\/#\/schema\/logo\/image\/"},"sameAs":["https:\/\/www.facebook.com\/belle.si.cosmetics\/","https:\/\/www.instagram.com\/belle.si.cosmetics\/"]}]}},"uagb_featured_image_src":{"full":["https:\/\/www.belle.si\/wp-content\/uploads\/2022\/10\/vrazji_krempelj.png",800,800,false],"thumbnail":["https:\/\/www.belle.si\/wp-content\/uploads\/2022\/10\/vrazji_krempelj-150x150.png",150,150,true],"medium":["https:\/\/www.belle.si\/wp-content\/uploads\/2022\/10\/vrazji_krempelj-300x300.png",300,300,true],"medium_large":["https:\/\/www.belle.si\/wp-content\/uploads\/2022\/10\/vrazji_krempelj-768x768.png",768,768,true],"large":["https:\/\/www.belle.si\/wp-content\/uploads\/2022\/10\/vrazji_krempelj.png",800,800,false],"1536x1536":["https:\/\/www.belle.si\/wp-content\/uploads\/2022\/10\/vrazji_krempelj.png",800,800,false],"2048x2048":["https:\/\/www.belle.si\/wp-content\/uploads\/2022\/10\/vrazji_krempelj.png",800,800,false],"mailpoet_newsletter_max":["https:\/\/www.belle.si\/wp-content\/uploads\/2022\/10\/vrazji_krempelj.png",800,800,false],"woocommerce_thumbnail":["https:\/\/www.belle.si\/wp-content\/uploads\/2022\/10\/vrazji_krempelj-300x300.png",300,300,true],"woocommerce_single":["https:\/\/www.belle.si\/wp-content\/uploads\/2022\/10\/vrazji_krempelj-600x600.png",600,600,true],"woocommerce_gallery_thumbnail":["https:\/\/www.belle.si\/wp-content\/uploads\/2022\/10\/vrazji_krempelj-100x100.png",100,100,true]},"uagb_author_info":{"display_name":"taja","author_link":"https:\/\/www.belle.si\/it\/author\/"},"uagb_comment_info":0,"uagb_excerpt":"Vra\u017eji krempelj &#8211; \u010dudovita naravna pomo\u010d pri zdravljenju bole\u010din v mi\u0161icah in sklepih. \u017de stoletja Afri\u0161ki \u0161amani uporabljajo vra\u017eji krempelj za zdravljenje raznovrstnih bole\u010din. Zdravilne u\u010dinkovine se nahajajo v korenini rastline, ki raste nizko ob tleh v predelih ju\u017ene Afrike. V Evropo jo je prvi\u010d prinesel nem\u0161ki raziskovalce leta 1907, ki je bil v Namibiji&hellip;","_links":{"self":[{"href":"https:\/\/www.belle.si\/it\/wp-json\/wp\/v2\/product\/98972","targetHints":{"allow":["GET"]}}],"collection":[{"href":"https:\/\/www.belle.si\/it\/wp-json\/wp\/v2\/product"}],"about":[{"href":"https:\/\/www.belle.si\/it\/wp-json\/wp\/v2\/types\/product"}],"replies":[{"embeddable":true,"href":"https:\/\/www.belle.si\/it\/wp-json\/wp\/v2\/comments?post=98972"}],"wp:featuredmedia":[{"embeddable":true,"href":"https:\/\/www.belle.si\/it\/wp-json\/wp\/v2\/media\/98973"}],"wp:attachment":[{"href":"https:\/\/www.belle.si\/it\/wp-json\/wp\/v2\/media?parent=98972"}],"wp:term":[{"taxonomy":"product_brand","embeddable":true,"href":"https:\/\/www.belle.si\/it\/wp-json\/wp\/v2\/product_brand?post=98972"},{"taxonomy":"product_cat","embeddable":true,"href":"https:\/\/www.belle.si\/it\/wp-json\/wp\/v2\/product_cat?post=98972"},{"taxonomy":"product_tag","embeddable":true,"href":"https:\/\/www.belle.si\/it\/wp-json\/wp\/v2\/product_tag?post=98972"}],"curies":[{"name":"wp","href":"https:\/\/api.w.org\/{rel}","templated":true}]}}