{"id":98970,"date":"2020-09-17T15:20:32","date_gmt":"2020-09-17T15:20:32","guid":{"rendered":"https:\/\/belle.zabica.org\/?post_type=product&#038;p=98970"},"modified":"2025-11-10T23:28:14","modified_gmt":"2025-11-10T22:28:14","slug":"naravni-anti-age-serum-s-polzjo-slino-za-okoli-oci","status":"publish","type":"product","link":"https:\/\/www.belle.si\/it\/izdelek\/naravni-anti-age-serum-s-polzjo-slino-za-okoli-oci\/","title":{"rendered":"Naravni anti-age serum s pol\u017ejo slino za okoli o\u010di"},"content":{"rendered":"<div class=\"std\">\n<h2>Naravna pol\u017eja slina z anti-age u\u010dinkom v intenzivnem serumu<\/h2>\n<p>U\u010dinke pol\u017eje sline je po naklju\u010dju odkrila dru\u017eina iz ju\u017ene Amerike, ki se je ukvarjala z nabiranjem pol\u017eev. Zaradi predelave pol\u017eev so imeli ve\u010dkrat\u00a0 po\u0161kodovano ko\u017eo na rokah.<\/p>\n<p>Kljub temu so opazili, da se jim rane zelo hitro zdravijo in tudi sledi po\u0161kodb hitro izginejo. Eden od sinov, ki je \u0161tudiral medicino, je to opazil in se je odlo\u010dil, da bo dal testirati pol\u017ejo slino v laboratorij. Ugotovljeno je bilo, da pol\u017eja slina vsebuje u\u010dinkovine, ki delujejo zdravilno in regenerativno na ko\u017eo.<br \/>\nPol\u017ei se tudi sami hitro in u\u010dinkovito zdravijo in regenerirajo po\u0161kodovano tkivo.<\/p>\n<h3>Pol\u017eja slina vsebuje elastin, kolagen in alantoin.<\/h3>\n<p>Serum hi\u0161e Claude Bell vsebuje koncentrat pol\u017eje sine, ki je naravno bogata z elastinom, kolagenom in alantoinom.<\/p>\n<ul>\n<li>Elastin\u00a0 je pomemben pri za\u0161\u010diti ko\u017ee, jo ohranja voljno in mladostno.<\/li>\n<li>Kolagen poskrbi za elasti\u010dnost in hitro obnavljanje tkiva.<\/li>\n<li>Alantoin vla\u017ei, pomirja in zdravi ko\u017eno.<\/li>\n<li>Naravni silikon reorganizra kolagen, ki je osnovna sestavina ko\u017enih celic. Zaradi kombinacije silikona in kolagena, krema u\u010dinkovito \u0161\u010diti ko\u017eo pred staranjem.<\/li>\n<\/ul>\n<p>Serum s pol\u017ejo slino vsebuje tudi veliko vitamina A in C, ki vla\u017eita ko\u017eo, zavirata staranje in pomlajujeta ko\u017eno tkivo.<\/p>\n<p><em>Pol\u017ei v postopku niso po\u0161kodovani ali kako druga\u010de ogro\u017eeni.<\/em><\/p>\n<p><strong>Navodila za uporabo<\/strong><\/p>\n<p>Serum s pol\u017ejo slino nanestite na \u010disto in suho ko\u017eo.<\/p>\n<p>Uporabljate ga zjutraj ali zve\u010der.<\/p>\n<p>Serum ne\u017eno nanesite okoli o\u010di, po celotnem predelu od notranjega koti\u010dka o\u010desa do senc.<\/p>\n<\/div>\n<p>&nbsp;<\/p>\n<p>Vsebina: serum 15ml<\/p>\n<p>Proizvedeno v Franciji<\/p>\n","protected":false},"excerpt":{"rendered":"<p>Naravna pol\u017eja slina z anti-age u\u010dinkom v intenzivnem serumu U\u010dinke pol\u017eje sline je po naklju\u010dju odkrila dru\u017eina iz ju\u017ene Amerike, ki se je ukvarjala z nabiranjem pol\u017eev. Zaradi predelave pol\u017eev so imeli ve\u010dkrat\u00a0 po\u0161kodovano ko\u017eo na rokah. Kljub temu so opazili, da se jim rane zelo hitro zdravijo in tudi sledi po\u0161kodb hitro izginejo. Eden [&hellip;]<\/p>\n","protected":false},"featured_media":98971,"comment_status":"closed","ping_status":"closed","template":"","meta":{"_uag_custom_page_level_css":"","_monsterinsights_skip_tracking":false,"_monsterinsights_sitenote_active":false,"_monsterinsights_sitenote_note":"","_monsterinsights_sitenote_category":0,"site-sidebar-layout":"default","site-content-layout":"","ast-site-content-layout":"default","site-content-style":"default","site-sidebar-style":"default","ast-global-header-display":"","ast-banner-title-visibility":"","ast-main-header-display":"","ast-hfb-above-header-display":"","ast-hfb-below-header-display":"","ast-hfb-mobile-header-display":"","site-post-title":"","ast-breadcrumbs-content":"","ast-featured-img":"","footer-sml-layout":"","ast-disable-related-posts":"","theme-transparent-header-meta":"","adv-header-id-meta":"","stick-header-meta":"","header-above-stick-meta":"","header-main-stick-meta":"","header-below-stick-meta":"","astra-migrate-meta-layouts":"default","ast-page-background-enabled":"default","ast-page-background-meta":{"desktop":{"background-color":"var(--ast-global-color-4)","background-image":"","background-repeat":"repeat","background-position":"center center","background-size":"auto","background-attachment":"scroll","background-type":"","background-media":"","overlay-type":"","overlay-color":"","overlay-opacity":"","overlay-gradient":""},"tablet":{"background-color":"","background-image":"","background-repeat":"repeat","background-position":"center center","background-size":"auto","background-attachment":"scroll","background-type":"","background-media":"","overlay-type":"","overlay-color":"","overlay-opacity":"","overlay-gradient":""},"mobile":{"background-color":"","background-image":"","background-repeat":"repeat","background-position":"center center","background-size":"auto","background-attachment":"scroll","background-type":"","background-media":"","overlay-type":"","overlay-color":"","overlay-opacity":"","overlay-gradient":""}},"ast-content-background-meta":{"desktop":{"background-color":"var(--ast-global-color-5)","background-image":"","background-repeat":"repeat","background-position":"center center","background-size":"auto","background-attachment":"scroll","background-type":"","background-media":"","overlay-type":"","overlay-color":"","overlay-opacity":"","overlay-gradient":""},"tablet":{"background-color":"var(--ast-global-color-5)","background-image":"","background-repeat":"repeat","background-position":"center center","background-size":"auto","background-attachment":"scroll","background-type":"","background-media":"","overlay-type":"","overlay-color":"","overlay-opacity":"","overlay-gradient":""},"mobile":{"background-color":"var(--ast-global-color-5)","background-image":"","background-repeat":"repeat","background-position":"center center","background-size":"auto","background-attachment":"scroll","background-type":"","background-media":"","overlay-type":"","overlay-color":"","overlay-opacity":"","overlay-gradient":""}}},"product_brand":[],"product_cat":[30,34],"product_tag":[],"class_list":{"0":"post-98970","1":"product","2":"type-product","3":"status-publish","4":"has-post-thumbnail","6":"product_cat-anti-age-nega-za-obraz","7":"product_cat-izdelki-za-oci","8":"desktop-align-left","9":"tablet-align-left","10":"mobile-align-left","11":"ast-product-gallery-layout-first-image-large","12":"ast-product-gallery-with-no-image","13":"ast-magnify-disabled","14":"ast-product-tabs-layout-horizontal","16":"first","17":"outofstock","18":"taxable","19":"shipping-taxable","20":"purchasable","21":"product-type-simple"},"yoast_head":"<!-- This site is optimized with the Yoast SEO plugin v26.9 - https:\/\/yoast.com\/product\/yoast-seo-wordpress\/ -->\n<title>Naravni anti-age serum s pol\u017ejo slino za okoli o\u010di - Belle.si kozmeti\u010dna trgovina<\/title>\n<meta name=\"robots\" content=\"index, follow, max-snippet:-1, max-image-preview:large, max-video-preview:-1\" \/>\n<link rel=\"canonical\" href=\"https:\/\/www.belle.si\/it\/izdelek\/naravni-anti-age-serum-s-polzjo-slino-za-okoli-oci\/\" \/>\n<meta property=\"og:locale\" content=\"it_IT\" \/>\n<meta property=\"og:type\" content=\"article\" \/>\n<meta property=\"og:title\" content=\"Naravni anti-age serum s pol\u017ejo slino za okoli o\u010di - Belle.si kozmeti\u010dna trgovina\" \/>\n<meta property=\"og:description\" content=\"Naravna pol\u017eja slina z anti-age u\u010dinkom v intenzivnem serumu U\u010dinke pol\u017eje sline je po naklju\u010dju odkrila dru\u017eina iz ju\u017ene Amerike, ki se je ukvarjala z nabiranjem pol\u017eev. Zaradi predelave pol\u017eev so imeli ve\u010dkrat\u00a0 po\u0161kodovano ko\u017eo na rokah. Kljub temu so opazili, da se jim rane zelo hitro zdravijo in tudi sledi po\u0161kodb hitro izginejo. Eden [&hellip;]\" \/>\n<meta property=\"og:url\" content=\"https:\/\/www.belle.si\/it\/izdelek\/naravni-anti-age-serum-s-polzjo-slino-za-okoli-oci\/\" \/>\n<meta property=\"og:site_name\" content=\"Belle.si kozmeti\u010dna trgovina\" \/>\n<meta property=\"article:publisher\" content=\"https:\/\/www.facebook.com\/belle.si.cosmetics\/\" \/>\n<meta property=\"article:modified_time\" content=\"2025-11-10T22:28:14+00:00\" \/>\n<meta property=\"og:image\" content=\"https:\/\/www.belle.si\/wp-content\/uploads\/2022\/10\/serum_polzja_slina.png\" \/>\n\t<meta property=\"og:image:width\" content=\"800\" \/>\n\t<meta property=\"og:image:height\" content=\"800\" \/>\n\t<meta property=\"og:image:type\" content=\"image\/png\" \/>\n<meta name=\"twitter:card\" content=\"summary_large_image\" \/>\n<meta name=\"twitter:label1\" content=\"Tempo di lettura stimato\" \/>\n\t<meta name=\"twitter:data1\" content=\"1 minuto\" \/>\n<script type=\"application\/ld+json\" class=\"yoast-schema-graph\">{\"@context\":\"https:\/\/schema.org\",\"@graph\":[{\"@type\":\"WebPage\",\"@id\":\"https:\/\/www.belle.si\/it\/izdelek\/naravni-anti-age-serum-s-polzjo-slino-za-okoli-oci\/\",\"url\":\"https:\/\/www.belle.si\/it\/izdelek\/naravni-anti-age-serum-s-polzjo-slino-za-okoli-oci\/\",\"name\":\"Naravni anti-age serum s pol\u017ejo slino za okoli o\u010di - Belle.si kozmeti\u010dna trgovina\",\"isPartOf\":{\"@id\":\"https:\/\/www.belle.si\/it\/#website\"},\"primaryImageOfPage\":{\"@id\":\"https:\/\/www.belle.si\/it\/izdelek\/naravni-anti-age-serum-s-polzjo-slino-za-okoli-oci\/#primaryimage\"},\"image\":{\"@id\":\"https:\/\/www.belle.si\/it\/izdelek\/naravni-anti-age-serum-s-polzjo-slino-za-okoli-oci\/#primaryimage\"},\"thumbnailUrl\":\"https:\/\/www.belle.si\/wp-content\/uploads\/2022\/10\/serum_polzja_slina.png\",\"datePublished\":\"2020-09-17T15:20:32+00:00\",\"dateModified\":\"2025-11-10T22:28:14+00:00\",\"breadcrumb\":{\"@id\":\"https:\/\/www.belle.si\/it\/izdelek\/naravni-anti-age-serum-s-polzjo-slino-za-okoli-oci\/#breadcrumb\"},\"inLanguage\":\"it-IT\",\"potentialAction\":[{\"@type\":\"ReadAction\",\"target\":[\"https:\/\/www.belle.si\/it\/izdelek\/naravni-anti-age-serum-s-polzjo-slino-za-okoli-oci\/\"]}]},{\"@type\":\"ImageObject\",\"inLanguage\":\"it-IT\",\"@id\":\"https:\/\/www.belle.si\/it\/izdelek\/naravni-anti-age-serum-s-polzjo-slino-za-okoli-oci\/#primaryimage\",\"url\":\"https:\/\/www.belle.si\/wp-content\/uploads\/2022\/10\/serum_polzja_slina.png\",\"contentUrl\":\"https:\/\/www.belle.si\/wp-content\/uploads\/2022\/10\/serum_polzja_slina.png\",\"width\":800,\"height\":800,\"caption\":\"Anti-age serum s pol\u017ejo slino za obraz in okoli o\u010di\"},{\"@type\":\"BreadcrumbList\",\"@id\":\"https:\/\/www.belle.si\/it\/izdelek\/naravni-anti-age-serum-s-polzjo-slino-za-okoli-oci\/#breadcrumb\",\"itemListElement\":[{\"@type\":\"ListItem\",\"position\":1,\"name\":\"Home\",\"item\":\"https:\/\/www.belle.si\/it\/\"},{\"@type\":\"ListItem\",\"position\":2,\"name\":\"Trgovina\",\"item\":\"https:\/\/www.belle.si\/trgovina\/\"},{\"@type\":\"ListItem\",\"position\":3,\"name\":\"Naravni anti-age serum s pol\u017ejo slino za okoli o\u010di\"}]},{\"@type\":\"WebSite\",\"@id\":\"https:\/\/www.belle.si\/it\/#website\",\"url\":\"https:\/\/www.belle.si\/it\/\",\"name\":\"Belle.si kozmeti\u010dna trgovina\",\"description\":\"\",\"publisher\":{\"@id\":\"https:\/\/www.belle.si\/it\/#organization\"},\"potentialAction\":[{\"@type\":\"SearchAction\",\"target\":{\"@type\":\"EntryPoint\",\"urlTemplate\":\"https:\/\/www.belle.si\/it\/?s={search_term_string}\"},\"query-input\":{\"@type\":\"PropertyValueSpecification\",\"valueRequired\":true,\"valueName\":\"search_term_string\"}}],\"inLanguage\":\"it-IT\"},{\"@type\":\"Organization\",\"@id\":\"https:\/\/www.belle.si\/it\/#organization\",\"name\":\"Belle.si kozmeti\u010dna trgovina\",\"url\":\"https:\/\/www.belle.si\/it\/\",\"logo\":{\"@type\":\"ImageObject\",\"inLanguage\":\"it-IT\",\"@id\":\"https:\/\/www.belle.si\/it\/#\/schema\/logo\/image\/\",\"url\":\"https:\/\/www.belle.si\/wp-content\/uploads\/2022\/10\/cropped-logo_belle_trgovina.png\",\"contentUrl\":\"https:\/\/www.belle.si\/wp-content\/uploads\/2022\/10\/cropped-logo_belle_trgovina.png\",\"width\":270,\"height\":135,\"caption\":\"Belle.si kozmeti\u010dna trgovina\"},\"image\":{\"@id\":\"https:\/\/www.belle.si\/it\/#\/schema\/logo\/image\/\"},\"sameAs\":[\"https:\/\/www.facebook.com\/belle.si.cosmetics\/\",\"https:\/\/www.instagram.com\/belle.si.cosmetics\/\"]}]}<\/script>\n<!-- \/ Yoast SEO plugin. -->","yoast_head_json":{"title":"Naravni anti-age serum s pol\u017ejo slino za okoli o\u010di - Belle.si kozmeti\u010dna trgovina","robots":{"index":"index","follow":"follow","max-snippet":"max-snippet:-1","max-image-preview":"max-image-preview:large","max-video-preview":"max-video-preview:-1"},"canonical":"https:\/\/www.belle.si\/it\/izdelek\/naravni-anti-age-serum-s-polzjo-slino-za-okoli-oci\/","og_locale":"it_IT","og_type":"article","og_title":"Naravni anti-age serum s pol\u017ejo slino za okoli o\u010di - Belle.si kozmeti\u010dna trgovina","og_description":"Naravna pol\u017eja slina z anti-age u\u010dinkom v intenzivnem serumu U\u010dinke pol\u017eje sline je po naklju\u010dju odkrila dru\u017eina iz ju\u017ene Amerike, ki se je ukvarjala z nabiranjem pol\u017eev. Zaradi predelave pol\u017eev so imeli ve\u010dkrat\u00a0 po\u0161kodovano ko\u017eo na rokah. Kljub temu so opazili, da se jim rane zelo hitro zdravijo in tudi sledi po\u0161kodb hitro izginejo. Eden [&hellip;]","og_url":"https:\/\/www.belle.si\/it\/izdelek\/naravni-anti-age-serum-s-polzjo-slino-za-okoli-oci\/","og_site_name":"Belle.si kozmeti\u010dna trgovina","article_publisher":"https:\/\/www.facebook.com\/belle.si.cosmetics\/","article_modified_time":"2025-11-10T22:28:14+00:00","og_image":[{"width":800,"height":800,"url":"https:\/\/www.belle.si\/wp-content\/uploads\/2022\/10\/serum_polzja_slina.png","type":"image\/png"}],"twitter_card":"summary_large_image","twitter_misc":{"Tempo di lettura stimato":"1 minuto"},"schema":{"@context":"https:\/\/schema.org","@graph":[{"@type":"WebPage","@id":"https:\/\/www.belle.si\/it\/izdelek\/naravni-anti-age-serum-s-polzjo-slino-za-okoli-oci\/","url":"https:\/\/www.belle.si\/it\/izdelek\/naravni-anti-age-serum-s-polzjo-slino-za-okoli-oci\/","name":"Naravni anti-age serum s pol\u017ejo slino za okoli o\u010di - Belle.si kozmeti\u010dna trgovina","isPartOf":{"@id":"https:\/\/www.belle.si\/it\/#website"},"primaryImageOfPage":{"@id":"https:\/\/www.belle.si\/it\/izdelek\/naravni-anti-age-serum-s-polzjo-slino-za-okoli-oci\/#primaryimage"},"image":{"@id":"https:\/\/www.belle.si\/it\/izdelek\/naravni-anti-age-serum-s-polzjo-slino-za-okoli-oci\/#primaryimage"},"thumbnailUrl":"https:\/\/www.belle.si\/wp-content\/uploads\/2022\/10\/serum_polzja_slina.png","datePublished":"2020-09-17T15:20:32+00:00","dateModified":"2025-11-10T22:28:14+00:00","breadcrumb":{"@id":"https:\/\/www.belle.si\/it\/izdelek\/naravni-anti-age-serum-s-polzjo-slino-za-okoli-oci\/#breadcrumb"},"inLanguage":"it-IT","potentialAction":[{"@type":"ReadAction","target":["https:\/\/www.belle.si\/it\/izdelek\/naravni-anti-age-serum-s-polzjo-slino-za-okoli-oci\/"]}]},{"@type":"ImageObject","inLanguage":"it-IT","@id":"https:\/\/www.belle.si\/it\/izdelek\/naravni-anti-age-serum-s-polzjo-slino-za-okoli-oci\/#primaryimage","url":"https:\/\/www.belle.si\/wp-content\/uploads\/2022\/10\/serum_polzja_slina.png","contentUrl":"https:\/\/www.belle.si\/wp-content\/uploads\/2022\/10\/serum_polzja_slina.png","width":800,"height":800,"caption":"Anti-age serum s pol\u017ejo slino za obraz in okoli o\u010di"},{"@type":"BreadcrumbList","@id":"https:\/\/www.belle.si\/it\/izdelek\/naravni-anti-age-serum-s-polzjo-slino-za-okoli-oci\/#breadcrumb","itemListElement":[{"@type":"ListItem","position":1,"name":"Home","item":"https:\/\/www.belle.si\/it\/"},{"@type":"ListItem","position":2,"name":"Trgovina","item":"https:\/\/www.belle.si\/trgovina\/"},{"@type":"ListItem","position":3,"name":"Naravni anti-age serum s pol\u017ejo slino za okoli o\u010di"}]},{"@type":"WebSite","@id":"https:\/\/www.belle.si\/it\/#website","url":"https:\/\/www.belle.si\/it\/","name":"Belle.si kozmeti\u010dna trgovina","description":"","publisher":{"@id":"https:\/\/www.belle.si\/it\/#organization"},"potentialAction":[{"@type":"SearchAction","target":{"@type":"EntryPoint","urlTemplate":"https:\/\/www.belle.si\/it\/?s={search_term_string}"},"query-input":{"@type":"PropertyValueSpecification","valueRequired":true,"valueName":"search_term_string"}}],"inLanguage":"it-IT"},{"@type":"Organization","@id":"https:\/\/www.belle.si\/it\/#organization","name":"Belle.si kozmeti\u010dna trgovina","url":"https:\/\/www.belle.si\/it\/","logo":{"@type":"ImageObject","inLanguage":"it-IT","@id":"https:\/\/www.belle.si\/it\/#\/schema\/logo\/image\/","url":"https:\/\/www.belle.si\/wp-content\/uploads\/2022\/10\/cropped-logo_belle_trgovina.png","contentUrl":"https:\/\/www.belle.si\/wp-content\/uploads\/2022\/10\/cropped-logo_belle_trgovina.png","width":270,"height":135,"caption":"Belle.si kozmeti\u010dna trgovina"},"image":{"@id":"https:\/\/www.belle.si\/it\/#\/schema\/logo\/image\/"},"sameAs":["https:\/\/www.facebook.com\/belle.si.cosmetics\/","https:\/\/www.instagram.com\/belle.si.cosmetics\/"]}]}},"uagb_featured_image_src":{"full":["https:\/\/www.belle.si\/wp-content\/uploads\/2022\/10\/serum_polzja_slina.png",800,800,false],"thumbnail":["https:\/\/www.belle.si\/wp-content\/uploads\/2022\/10\/serum_polzja_slina-150x150.png",150,150,true],"medium":["https:\/\/www.belle.si\/wp-content\/uploads\/2022\/10\/serum_polzja_slina-300x300.png",300,300,true],"medium_large":["https:\/\/www.belle.si\/wp-content\/uploads\/2022\/10\/serum_polzja_slina-768x768.png",768,768,true],"large":["https:\/\/www.belle.si\/wp-content\/uploads\/2022\/10\/serum_polzja_slina.png",800,800,false],"1536x1536":["https:\/\/www.belle.si\/wp-content\/uploads\/2022\/10\/serum_polzja_slina.png",800,800,false],"2048x2048":["https:\/\/www.belle.si\/wp-content\/uploads\/2022\/10\/serum_polzja_slina.png",800,800,false],"mailpoet_newsletter_max":["https:\/\/www.belle.si\/wp-content\/uploads\/2022\/10\/serum_polzja_slina.png",800,800,false],"woocommerce_thumbnail":["https:\/\/www.belle.si\/wp-content\/uploads\/2022\/10\/serum_polzja_slina-300x300.png",300,300,true],"woocommerce_single":["https:\/\/www.belle.si\/wp-content\/uploads\/2022\/10\/serum_polzja_slina-600x600.png",600,600,true],"woocommerce_gallery_thumbnail":["https:\/\/www.belle.si\/wp-content\/uploads\/2022\/10\/serum_polzja_slina-100x100.png",100,100,true]},"uagb_author_info":{"display_name":"taja","author_link":"https:\/\/www.belle.si\/it\/author\/"},"uagb_comment_info":0,"uagb_excerpt":"Naravna pol\u017eja slina z anti-age u\u010dinkom v intenzivnem serumu U\u010dinke pol\u017eje sline je po naklju\u010dju odkrila dru\u017eina iz ju\u017ene Amerike, ki se je ukvarjala z nabiranjem pol\u017eev. Zaradi predelave pol\u017eev so imeli ve\u010dkrat\u00a0 po\u0161kodovano ko\u017eo na rokah. Kljub temu so opazili, da se jim rane zelo hitro zdravijo in tudi sledi po\u0161kodb hitro izginejo. Eden&hellip;","_links":{"self":[{"href":"https:\/\/www.belle.si\/it\/wp-json\/wp\/v2\/product\/98970","targetHints":{"allow":["GET"]}}],"collection":[{"href":"https:\/\/www.belle.si\/it\/wp-json\/wp\/v2\/product"}],"about":[{"href":"https:\/\/www.belle.si\/it\/wp-json\/wp\/v2\/types\/product"}],"replies":[{"embeddable":true,"href":"https:\/\/www.belle.si\/it\/wp-json\/wp\/v2\/comments?post=98970"}],"wp:featuredmedia":[{"embeddable":true,"href":"https:\/\/www.belle.si\/it\/wp-json\/wp\/v2\/media\/98971"}],"wp:attachment":[{"href":"https:\/\/www.belle.si\/it\/wp-json\/wp\/v2\/media?parent=98970"}],"wp:term":[{"taxonomy":"product_brand","embeddable":true,"href":"https:\/\/www.belle.si\/it\/wp-json\/wp\/v2\/product_brand?post=98970"},{"taxonomy":"product_cat","embeddable":true,"href":"https:\/\/www.belle.si\/it\/wp-json\/wp\/v2\/product_cat?post=98970"},{"taxonomy":"product_tag","embeddable":true,"href":"https:\/\/www.belle.si\/it\/wp-json\/wp\/v2\/product_tag?post=98970"}],"curies":[{"name":"wp","href":"https:\/\/api.w.org\/{rel}","templated":true}]}}