{"id":98945,"date":"2020-09-03T12:54:28","date_gmt":"2020-09-03T12:54:28","guid":{"rendered":"https:\/\/belle.zabica.org\/?post_type=product&#038;p=98945"},"modified":"2025-11-10T23:29:09","modified_gmt":"2025-11-10T22:29:09","slug":"balzam-za-utrujene-noge-z-etericnimi-olji-in-masazno-glavo","status":"publish","type":"product","link":"https:\/\/www.belle.si\/it\/izdelek\/balzam-za-utrujene-noge-z-etericnimi-olji-in-masazno-glavo\/","title":{"rendered":"Balzam za utrujene noge z eteri\u010dnimi olji in masa\u017eno glavo"},"content":{"rendered":"<h2>Balzam z eteri\u010dnimi olji za pomo\u010d pri oteklih in utrujenih nogah<\/h2>\n<p>Zaradi dolgotrajnega stanja, sedenja ali potovanja, postanejo noge utrujene in te\u017eke. Slaba prekrvavitev povzro\u010di zatekanje nog, zadr\u017eevanje vode in pokanje \u017eilic.<\/p>\n<p>Dolgotrajna hoja, tek in drugi \u0161porti lahko povzro\u010dijo napetost v mi\u0161icah in bole\u010dine.<\/p>\n<p>Z balzamom za utrujene noge, si lahko pomagate pri vseh teh te\u017eavah. Poleg tega bo ko\u017ea na nogah lepo navla\u017eena in gladka.<\/p>\n<p>Naravne u\u010dinkovine balzama so posebna me\u0161anica eteri\u010dnih olj, ki vam pomagajo do bolj\u0161ega po\u010dutja.<\/p>\n<p>Glavne u\u010dinkovine v balzamu za utrujene noge:<\/p>\n<ul>\n<li>Ginko, ki \u0161iri vene in deluje antioksidacijsko ter zdravi te\u017eave s prekrvavitvijo.<\/li>\n<li>Divji kostanj deluje protinetno in \u0161iri vene. Pomaga ubla\u017eiti bole\u010dine, spodbudi prekravitev, oja\u010da \u017eilne stene, omimi otekline na nogah.<\/li>\n<li>Vinska trta ja\u010da in \u0161\u010diti tanj\u0161e \u017eile in kapilare.<\/li>\n<li>Navadni br\u0161ljan, ki pomaga pri prekrvavitvi in laj\u0161anju ble\u010din v nogah.<\/li>\n<li>Kafro, ki jo pridbivajo iz Kafrovca &#8211; drevesa iz vzhodne Azije<\/li>\n<li>Mentol &#8211; oboje sprosti in osve\u017ei noge<\/li>\n<\/ul>\n<p>&nbsp;<\/p>\n<p><strong><span class=\"brand\">Navodila za uporabo<\/span><\/strong><\/p>\n<p>Balzam vmasirajte v ko\u017eo in po\u010dakajte, da se vpije. Masirajte od gle\u017enjev navzgor po celotnih nogah.<\/p>\n<p>Za bolj\u0161i u\u010dinek je masa\u017ena glava oblikovana tako, da postopoma nana\u0161a balzam.<\/p>\n<p>Uporabljate lahko za prepre\u010devanje oteklih nog ali ko se otekline \u017ee pojavijo.<\/p>\n<p>Vsebuje kafro, zato prepre\u010dite stik z o\u010dmi. Shranjujte izven dosega otrok.<\/p>\n<p>&nbsp;<\/p>\n<p>Vsebina: krema 200ml<\/p>\n<p>Proizvedeno v Franciji<\/p>\n","protected":false},"excerpt":{"rendered":"<p>Balzam z eteri\u010dnimi olji za pomo\u010d pri oteklih in utrujenih nogah Zaradi dolgotrajnega stanja, sedenja ali potovanja, postanejo noge utrujene in te\u017eke. Slaba prekrvavitev povzro\u010di zatekanje nog, zadr\u017eevanje vode in pokanje \u017eilic. Dolgotrajna hoja, tek in drugi \u0161porti lahko povzro\u010dijo napetost v mi\u0161icah in bole\u010dine. Z balzamom za utrujene noge, si lahko pomagate pri vseh [&hellip;]<\/p>\n","protected":false},"featured_media":98946,"comment_status":"closed","ping_status":"closed","template":"","meta":{"_uag_custom_page_level_css":"","_monsterinsights_skip_tracking":false,"_monsterinsights_sitenote_active":false,"_monsterinsights_sitenote_note":"","_monsterinsights_sitenote_category":0,"site-sidebar-layout":"default","site-content-layout":"","ast-site-content-layout":"default","site-content-style":"default","site-sidebar-style":"default","ast-global-header-display":"","ast-banner-title-visibility":"","ast-main-header-display":"","ast-hfb-above-header-display":"","ast-hfb-below-header-display":"","ast-hfb-mobile-header-display":"","site-post-title":"","ast-breadcrumbs-content":"","ast-featured-img":"","footer-sml-layout":"","ast-disable-related-posts":"","theme-transparent-header-meta":"","adv-header-id-meta":"","stick-header-meta":"","header-above-stick-meta":"","header-main-stick-meta":"","header-below-stick-meta":"","astra-migrate-meta-layouts":"default","ast-page-background-enabled":"default","ast-page-background-meta":{"desktop":{"background-color":"var(--ast-global-color-4)","background-image":"","background-repeat":"repeat","background-position":"center center","background-size":"auto","background-attachment":"scroll","background-type":"","background-media":"","overlay-type":"","overlay-color":"","overlay-opacity":"","overlay-gradient":""},"tablet":{"background-color":"","background-image":"","background-repeat":"repeat","background-position":"center center","background-size":"auto","background-attachment":"scroll","background-type":"","background-media":"","overlay-type":"","overlay-color":"","overlay-opacity":"","overlay-gradient":""},"mobile":{"background-color":"","background-image":"","background-repeat":"repeat","background-position":"center center","background-size":"auto","background-attachment":"scroll","background-type":"","background-media":"","overlay-type":"","overlay-color":"","overlay-opacity":"","overlay-gradient":""}},"ast-content-background-meta":{"desktop":{"background-color":"var(--ast-global-color-5)","background-image":"","background-repeat":"repeat","background-position":"center center","background-size":"auto","background-attachment":"scroll","background-type":"","background-media":"","overlay-type":"","overlay-color":"","overlay-opacity":"","overlay-gradient":""},"tablet":{"background-color":"var(--ast-global-color-5)","background-image":"","background-repeat":"repeat","background-position":"center center","background-size":"auto","background-attachment":"scroll","background-type":"","background-media":"","overlay-type":"","overlay-color":"","overlay-opacity":"","overlay-gradient":""},"mobile":{"background-color":"var(--ast-global-color-5)","background-image":"","background-repeat":"repeat","background-position":"center center","background-size":"auto","background-attachment":"scroll","background-type":"","background-media":"","overlay-type":"","overlay-color":"","overlay-opacity":"","overlay-gradient":""}}},"product_brand":[],"product_cat":[38,36],"product_tag":[],"class_list":{"0":"post-98945","1":"product","2":"type-product","3":"status-publish","4":"has-post-thumbnail","6":"product_cat-noge","7":"product_cat-proti-bolecinam","8":"desktop-align-left","9":"tablet-align-left","10":"mobile-align-left","11":"ast-product-gallery-layout-first-image-large","12":"ast-product-gallery-with-no-image","13":"ast-magnify-disabled","14":"ast-product-tabs-layout-horizontal","16":"first","17":"outofstock","18":"taxable","19":"shipping-taxable","20":"purchasable","21":"product-type-simple"},"yoast_head":"<!-- This site is optimized with the Yoast SEO plugin v26.9 - https:\/\/yoast.com\/product\/yoast-seo-wordpress\/ -->\n<title>Balzam za utrujene noge z eteri\u010dnimi olji in masa\u017eno glavo - Belle.si kozmeti\u010dna trgovina<\/title>\n<meta name=\"robots\" content=\"index, follow, max-snippet:-1, max-image-preview:large, max-video-preview:-1\" \/>\n<link rel=\"canonical\" href=\"https:\/\/www.belle.si\/it\/izdelek\/balzam-za-utrujene-noge-z-etericnimi-olji-in-masazno-glavo\/\" \/>\n<meta property=\"og:locale\" content=\"it_IT\" \/>\n<meta property=\"og:type\" content=\"article\" \/>\n<meta property=\"og:title\" content=\"Balzam za utrujene noge z eteri\u010dnimi olji in masa\u017eno glavo - Belle.si kozmeti\u010dna trgovina\" \/>\n<meta property=\"og:description\" content=\"Balzam z eteri\u010dnimi olji za pomo\u010d pri oteklih in utrujenih nogah Zaradi dolgotrajnega stanja, sedenja ali potovanja, postanejo noge utrujene in te\u017eke. Slaba prekrvavitev povzro\u010di zatekanje nog, zadr\u017eevanje vode in pokanje \u017eilic. Dolgotrajna hoja, tek in drugi \u0161porti lahko povzro\u010dijo napetost v mi\u0161icah in bole\u010dine. Z balzamom za utrujene noge, si lahko pomagate pri vseh [&hellip;]\" \/>\n<meta property=\"og:url\" content=\"https:\/\/www.belle.si\/it\/izdelek\/balzam-za-utrujene-noge-z-etericnimi-olji-in-masazno-glavo\/\" \/>\n<meta property=\"og:site_name\" content=\"Belle.si kozmeti\u010dna trgovina\" \/>\n<meta property=\"article:publisher\" content=\"https:\/\/www.facebook.com\/belle.si.cosmetics\/\" \/>\n<meta property=\"article:modified_time\" content=\"2025-11-10T22:29:09+00:00\" \/>\n<meta property=\"og:image\" content=\"https:\/\/www.belle.si\/wp-content\/uploads\/2022\/10\/balzam_za_utrujene_noge_z_masazo.png\" \/>\n\t<meta property=\"og:image:width\" content=\"800\" \/>\n\t<meta property=\"og:image:height\" content=\"800\" \/>\n\t<meta property=\"og:image:type\" content=\"image\/png\" \/>\n<meta name=\"twitter:card\" content=\"summary_large_image\" \/>\n<meta name=\"twitter:label1\" content=\"Tempo di lettura stimato\" \/>\n\t<meta name=\"twitter:data1\" content=\"1 minuto\" \/>\n<script type=\"application\/ld+json\" class=\"yoast-schema-graph\">{\"@context\":\"https:\/\/schema.org\",\"@graph\":[{\"@type\":\"WebPage\",\"@id\":\"https:\/\/www.belle.si\/it\/izdelek\/balzam-za-utrujene-noge-z-etericnimi-olji-in-masazno-glavo\/\",\"url\":\"https:\/\/www.belle.si\/it\/izdelek\/balzam-za-utrujene-noge-z-etericnimi-olji-in-masazno-glavo\/\",\"name\":\"Balzam za utrujene noge z eteri\u010dnimi olji in masa\u017eno glavo - Belle.si kozmeti\u010dna trgovina\",\"isPartOf\":{\"@id\":\"https:\/\/www.belle.si\/it\/#website\"},\"primaryImageOfPage\":{\"@id\":\"https:\/\/www.belle.si\/it\/izdelek\/balzam-za-utrujene-noge-z-etericnimi-olji-in-masazno-glavo\/#primaryimage\"},\"image\":{\"@id\":\"https:\/\/www.belle.si\/it\/izdelek\/balzam-za-utrujene-noge-z-etericnimi-olji-in-masazno-glavo\/#primaryimage\"},\"thumbnailUrl\":\"https:\/\/www.belle.si\/wp-content\/uploads\/2022\/10\/balzam_za_utrujene_noge_z_masazo.png\",\"datePublished\":\"2020-09-03T12:54:28+00:00\",\"dateModified\":\"2025-11-10T22:29:09+00:00\",\"breadcrumb\":{\"@id\":\"https:\/\/www.belle.si\/it\/izdelek\/balzam-za-utrujene-noge-z-etericnimi-olji-in-masazno-glavo\/#breadcrumb\"},\"inLanguage\":\"it-IT\",\"potentialAction\":[{\"@type\":\"ReadAction\",\"target\":[\"https:\/\/www.belle.si\/it\/izdelek\/balzam-za-utrujene-noge-z-etericnimi-olji-in-masazno-glavo\/\"]}]},{\"@type\":\"ImageObject\",\"inLanguage\":\"it-IT\",\"@id\":\"https:\/\/www.belle.si\/it\/izdelek\/balzam-za-utrujene-noge-z-etericnimi-olji-in-masazno-glavo\/#primaryimage\",\"url\":\"https:\/\/www.belle.si\/wp-content\/uploads\/2022\/10\/balzam_za_utrujene_noge_z_masazo.png\",\"contentUrl\":\"https:\/\/www.belle.si\/wp-content\/uploads\/2022\/10\/balzam_za_utrujene_noge_z_masazo.png\",\"width\":800,\"height\":800,\"caption\":\"Balzam za utrujene noge z eteri\u010dnimi olji in masa\u017eno glavo\"},{\"@type\":\"BreadcrumbList\",\"@id\":\"https:\/\/www.belle.si\/it\/izdelek\/balzam-za-utrujene-noge-z-etericnimi-olji-in-masazno-glavo\/#breadcrumb\",\"itemListElement\":[{\"@type\":\"ListItem\",\"position\":1,\"name\":\"Home\",\"item\":\"https:\/\/www.belle.si\/it\/\"},{\"@type\":\"ListItem\",\"position\":2,\"name\":\"Trgovina\",\"item\":\"https:\/\/www.belle.si\/trgovina\/\"},{\"@type\":\"ListItem\",\"position\":3,\"name\":\"Balzam za utrujene noge z eteri\u010dnimi olji in masa\u017eno glavo\"}]},{\"@type\":\"WebSite\",\"@id\":\"https:\/\/www.belle.si\/it\/#website\",\"url\":\"https:\/\/www.belle.si\/it\/\",\"name\":\"Belle.si kozmeti\u010dna trgovina\",\"description\":\"\",\"publisher\":{\"@id\":\"https:\/\/www.belle.si\/it\/#organization\"},\"potentialAction\":[{\"@type\":\"SearchAction\",\"target\":{\"@type\":\"EntryPoint\",\"urlTemplate\":\"https:\/\/www.belle.si\/it\/?s={search_term_string}\"},\"query-input\":{\"@type\":\"PropertyValueSpecification\",\"valueRequired\":true,\"valueName\":\"search_term_string\"}}],\"inLanguage\":\"it-IT\"},{\"@type\":\"Organization\",\"@id\":\"https:\/\/www.belle.si\/it\/#organization\",\"name\":\"Belle.si kozmeti\u010dna trgovina\",\"url\":\"https:\/\/www.belle.si\/it\/\",\"logo\":{\"@type\":\"ImageObject\",\"inLanguage\":\"it-IT\",\"@id\":\"https:\/\/www.belle.si\/it\/#\/schema\/logo\/image\/\",\"url\":\"https:\/\/www.belle.si\/wp-content\/uploads\/2022\/10\/cropped-logo_belle_trgovina.png\",\"contentUrl\":\"https:\/\/www.belle.si\/wp-content\/uploads\/2022\/10\/cropped-logo_belle_trgovina.png\",\"width\":270,\"height\":135,\"caption\":\"Belle.si kozmeti\u010dna trgovina\"},\"image\":{\"@id\":\"https:\/\/www.belle.si\/it\/#\/schema\/logo\/image\/\"},\"sameAs\":[\"https:\/\/www.facebook.com\/belle.si.cosmetics\/\",\"https:\/\/www.instagram.com\/belle.si.cosmetics\/\"]}]}<\/script>\n<!-- \/ Yoast SEO plugin. -->","yoast_head_json":{"title":"Balzam za utrujene noge z eteri\u010dnimi olji in masa\u017eno glavo - Belle.si kozmeti\u010dna trgovina","robots":{"index":"index","follow":"follow","max-snippet":"max-snippet:-1","max-image-preview":"max-image-preview:large","max-video-preview":"max-video-preview:-1"},"canonical":"https:\/\/www.belle.si\/it\/izdelek\/balzam-za-utrujene-noge-z-etericnimi-olji-in-masazno-glavo\/","og_locale":"it_IT","og_type":"article","og_title":"Balzam za utrujene noge z eteri\u010dnimi olji in masa\u017eno glavo - Belle.si kozmeti\u010dna trgovina","og_description":"Balzam z eteri\u010dnimi olji za pomo\u010d pri oteklih in utrujenih nogah Zaradi dolgotrajnega stanja, sedenja ali potovanja, postanejo noge utrujene in te\u017eke. Slaba prekrvavitev povzro\u010di zatekanje nog, zadr\u017eevanje vode in pokanje \u017eilic. Dolgotrajna hoja, tek in drugi \u0161porti lahko povzro\u010dijo napetost v mi\u0161icah in bole\u010dine. Z balzamom za utrujene noge, si lahko pomagate pri vseh [&hellip;]","og_url":"https:\/\/www.belle.si\/it\/izdelek\/balzam-za-utrujene-noge-z-etericnimi-olji-in-masazno-glavo\/","og_site_name":"Belle.si kozmeti\u010dna trgovina","article_publisher":"https:\/\/www.facebook.com\/belle.si.cosmetics\/","article_modified_time":"2025-11-10T22:29:09+00:00","og_image":[{"width":800,"height":800,"url":"https:\/\/www.belle.si\/wp-content\/uploads\/2022\/10\/balzam_za_utrujene_noge_z_masazo.png","type":"image\/png"}],"twitter_card":"summary_large_image","twitter_misc":{"Tempo di lettura stimato":"1 minuto"},"schema":{"@context":"https:\/\/schema.org","@graph":[{"@type":"WebPage","@id":"https:\/\/www.belle.si\/it\/izdelek\/balzam-za-utrujene-noge-z-etericnimi-olji-in-masazno-glavo\/","url":"https:\/\/www.belle.si\/it\/izdelek\/balzam-za-utrujene-noge-z-etericnimi-olji-in-masazno-glavo\/","name":"Balzam za utrujene noge z eteri\u010dnimi olji in masa\u017eno glavo - Belle.si kozmeti\u010dna trgovina","isPartOf":{"@id":"https:\/\/www.belle.si\/it\/#website"},"primaryImageOfPage":{"@id":"https:\/\/www.belle.si\/it\/izdelek\/balzam-za-utrujene-noge-z-etericnimi-olji-in-masazno-glavo\/#primaryimage"},"image":{"@id":"https:\/\/www.belle.si\/it\/izdelek\/balzam-za-utrujene-noge-z-etericnimi-olji-in-masazno-glavo\/#primaryimage"},"thumbnailUrl":"https:\/\/www.belle.si\/wp-content\/uploads\/2022\/10\/balzam_za_utrujene_noge_z_masazo.png","datePublished":"2020-09-03T12:54:28+00:00","dateModified":"2025-11-10T22:29:09+00:00","breadcrumb":{"@id":"https:\/\/www.belle.si\/it\/izdelek\/balzam-za-utrujene-noge-z-etericnimi-olji-in-masazno-glavo\/#breadcrumb"},"inLanguage":"it-IT","potentialAction":[{"@type":"ReadAction","target":["https:\/\/www.belle.si\/it\/izdelek\/balzam-za-utrujene-noge-z-etericnimi-olji-in-masazno-glavo\/"]}]},{"@type":"ImageObject","inLanguage":"it-IT","@id":"https:\/\/www.belle.si\/it\/izdelek\/balzam-za-utrujene-noge-z-etericnimi-olji-in-masazno-glavo\/#primaryimage","url":"https:\/\/www.belle.si\/wp-content\/uploads\/2022\/10\/balzam_za_utrujene_noge_z_masazo.png","contentUrl":"https:\/\/www.belle.si\/wp-content\/uploads\/2022\/10\/balzam_za_utrujene_noge_z_masazo.png","width":800,"height":800,"caption":"Balzam za utrujene noge z eteri\u010dnimi olji in masa\u017eno glavo"},{"@type":"BreadcrumbList","@id":"https:\/\/www.belle.si\/it\/izdelek\/balzam-za-utrujene-noge-z-etericnimi-olji-in-masazno-glavo\/#breadcrumb","itemListElement":[{"@type":"ListItem","position":1,"name":"Home","item":"https:\/\/www.belle.si\/it\/"},{"@type":"ListItem","position":2,"name":"Trgovina","item":"https:\/\/www.belle.si\/trgovina\/"},{"@type":"ListItem","position":3,"name":"Balzam za utrujene noge z eteri\u010dnimi olji in masa\u017eno glavo"}]},{"@type":"WebSite","@id":"https:\/\/www.belle.si\/it\/#website","url":"https:\/\/www.belle.si\/it\/","name":"Belle.si kozmeti\u010dna trgovina","description":"","publisher":{"@id":"https:\/\/www.belle.si\/it\/#organization"},"potentialAction":[{"@type":"SearchAction","target":{"@type":"EntryPoint","urlTemplate":"https:\/\/www.belle.si\/it\/?s={search_term_string}"},"query-input":{"@type":"PropertyValueSpecification","valueRequired":true,"valueName":"search_term_string"}}],"inLanguage":"it-IT"},{"@type":"Organization","@id":"https:\/\/www.belle.si\/it\/#organization","name":"Belle.si kozmeti\u010dna trgovina","url":"https:\/\/www.belle.si\/it\/","logo":{"@type":"ImageObject","inLanguage":"it-IT","@id":"https:\/\/www.belle.si\/it\/#\/schema\/logo\/image\/","url":"https:\/\/www.belle.si\/wp-content\/uploads\/2022\/10\/cropped-logo_belle_trgovina.png","contentUrl":"https:\/\/www.belle.si\/wp-content\/uploads\/2022\/10\/cropped-logo_belle_trgovina.png","width":270,"height":135,"caption":"Belle.si kozmeti\u010dna trgovina"},"image":{"@id":"https:\/\/www.belle.si\/it\/#\/schema\/logo\/image\/"},"sameAs":["https:\/\/www.facebook.com\/belle.si.cosmetics\/","https:\/\/www.instagram.com\/belle.si.cosmetics\/"]}]}},"uagb_featured_image_src":{"full":["https:\/\/www.belle.si\/wp-content\/uploads\/2022\/10\/balzam_za_utrujene_noge_z_masazo.png",800,800,false],"thumbnail":["https:\/\/www.belle.si\/wp-content\/uploads\/2022\/10\/balzam_za_utrujene_noge_z_masazo-150x150.png",150,150,true],"medium":["https:\/\/www.belle.si\/wp-content\/uploads\/2022\/10\/balzam_za_utrujene_noge_z_masazo-300x300.png",300,300,true],"medium_large":["https:\/\/www.belle.si\/wp-content\/uploads\/2022\/10\/balzam_za_utrujene_noge_z_masazo-768x768.png",768,768,true],"large":["https:\/\/www.belle.si\/wp-content\/uploads\/2022\/10\/balzam_za_utrujene_noge_z_masazo.png",800,800,false],"1536x1536":["https:\/\/www.belle.si\/wp-content\/uploads\/2022\/10\/balzam_za_utrujene_noge_z_masazo.png",800,800,false],"2048x2048":["https:\/\/www.belle.si\/wp-content\/uploads\/2022\/10\/balzam_za_utrujene_noge_z_masazo.png",800,800,false],"mailpoet_newsletter_max":["https:\/\/www.belle.si\/wp-content\/uploads\/2022\/10\/balzam_za_utrujene_noge_z_masazo.png",800,800,false],"woocommerce_thumbnail":["https:\/\/www.belle.si\/wp-content\/uploads\/2022\/10\/balzam_za_utrujene_noge_z_masazo-300x300.png",300,300,true],"woocommerce_single":["https:\/\/www.belle.si\/wp-content\/uploads\/2022\/10\/balzam_za_utrujene_noge_z_masazo-600x600.png",600,600,true],"woocommerce_gallery_thumbnail":["https:\/\/www.belle.si\/wp-content\/uploads\/2022\/10\/balzam_za_utrujene_noge_z_masazo-100x100.png",100,100,true]},"uagb_author_info":{"display_name":"taja","author_link":"https:\/\/www.belle.si\/it\/author\/"},"uagb_comment_info":0,"uagb_excerpt":"Balzam z eteri\u010dnimi olji za pomo\u010d pri oteklih in utrujenih nogah Zaradi dolgotrajnega stanja, sedenja ali potovanja, postanejo noge utrujene in te\u017eke. Slaba prekrvavitev povzro\u010di zatekanje nog, zadr\u017eevanje vode in pokanje \u017eilic. Dolgotrajna hoja, tek in drugi \u0161porti lahko povzro\u010dijo napetost v mi\u0161icah in bole\u010dine. Z balzamom za utrujene noge, si lahko pomagate pri vseh&hellip;","_links":{"self":[{"href":"https:\/\/www.belle.si\/it\/wp-json\/wp\/v2\/product\/98945","targetHints":{"allow":["GET"]}}],"collection":[{"href":"https:\/\/www.belle.si\/it\/wp-json\/wp\/v2\/product"}],"about":[{"href":"https:\/\/www.belle.si\/it\/wp-json\/wp\/v2\/types\/product"}],"replies":[{"embeddable":true,"href":"https:\/\/www.belle.si\/it\/wp-json\/wp\/v2\/comments?post=98945"}],"wp:featuredmedia":[{"embeddable":true,"href":"https:\/\/www.belle.si\/it\/wp-json\/wp\/v2\/media\/98946"}],"wp:attachment":[{"href":"https:\/\/www.belle.si\/it\/wp-json\/wp\/v2\/media?parent=98945"}],"wp:term":[{"taxonomy":"product_brand","embeddable":true,"href":"https:\/\/www.belle.si\/it\/wp-json\/wp\/v2\/product_brand?post=98945"},{"taxonomy":"product_cat","embeddable":true,"href":"https:\/\/www.belle.si\/it\/wp-json\/wp\/v2\/product_cat?post=98945"},{"taxonomy":"product_tag","embeddable":true,"href":"https:\/\/www.belle.si\/it\/wp-json\/wp\/v2\/product_tag?post=98945"}],"curies":[{"name":"wp","href":"https:\/\/api.w.org\/{rel}","templated":true}]}}