{"id":98926,"date":"2020-09-03T10:45:13","date_gmt":"2020-09-03T10:45:13","guid":{"rendered":"https:\/\/belle.zabica.org\/?post_type=product&#038;p=98926"},"modified":"2024-12-29T23:32:16","modified_gmt":"2024-12-29T22:32:16","slug":"antibakterijsaka-in-protiglivcna-nega-za-nohte-serum-za-mocne-in-lepe-nohte","status":"publish","type":"product","link":"https:\/\/www.belle.si\/it\/izdelek\/antibakterijsaka-in-protiglivcna-nega-za-nohte-serum-za-mocne-in-lepe-nohte\/","title":{"rendered":"Antibakterijska in protiglivi\u010dna nega za nohte &#8211; serum"},"content":{"rendered":"<h2>Serum za nego nohtov na osnovi etri\u010dnih olj za mo\u010dne in lepe nohte.<\/h2>\n<p><strong><span class=\"brand\">Serum za nohte na osnovi eteri\u010dnih olj, je zasnovan tako, da nohte oja\u010da, naredi bolj pro\u017ene in jim povrne lep izgled.<br \/>\n<\/span><\/strong><\/p>\n<p>Serum je namenjen nohtom na rokah in nogah. Serum pomaga, \u010de imate mehke in \u0161ibke nohte, ki se hitro lomijo ali listajo.<\/p>\n<p>Serum postopoma nohtom pomaga, da se regenerirajo in ohranijo mo\u010d in lep izgled.<\/p>\n<p>Zaradi eteri\u010dnih olj je serum tudi mo\u010dna za\u0161\u010dita proti glivicam in bakterijam, ki se pogosto naselijo na nohtih.<\/p>\n<p>Glavne naravne u\u010dinkovine so:<\/p>\n<ul>\n<li>\u010cajevec, ki je u\u010dinkovit v boju z glivicam, bakterijam, virusom in zajedalcem. Deluje antisepti\u010dno in razku\u017ei prizadeto podro\u010dje.<\/li>\n<li>Beli \u010dajevec, ki deluje antisepti\u010dno. Primeren je za nanos na bole\u010de predele, ker omili bole\u010dino in spodbuja obnovo tkiva.<\/li>\n<li>Ro\u017emarin, ki spodbuja krvni pretok, deluje antibakterijsko, protiglivi\u010dno in zdravi prizadeto tkivo.<\/li>\n<\/ul>\n<figure id=\"attachment_98931\" aria-describedby=\"caption-attachment-98931\" style=\"width: 392px\" class=\"wp-caption alignnone\"><a href=\"https:\/\/www.belle.si\/wp-content\/uploads\/2020\/09\/ertericno_olje_cajevec-1.png\"><img fetchpriority=\"high\" decoding=\"async\" class=\" wp-image-98931\" src=\"https:\/\/www.belle.si\/wp-content\/uploads\/2020\/09\/ertericno_olje_cajevec-1.png\" alt=\"Serum za nohte, proti glivicam in bakterijam s \u010dajvecem\" width=\"392\" height=\"249\" \/><\/a><figcaption id=\"caption-attachment-98931\" class=\"wp-caption-text\">Etri\u010dno olje \u010dajveca<\/figcaption><\/figure>\n<figure id=\"attachment_98932\" aria-describedby=\"caption-attachment-98932\" style=\"width: 402px\" class=\"wp-caption alignnone\"><a href=\"https:\/\/www.belle.si\/wp-content\/uploads\/2020\/09\/etericno_olje_beli_cajevec-1.png\"><img decoding=\"async\" class=\" wp-image-98932\" src=\"https:\/\/www.belle.si\/wp-content\/uploads\/2020\/09\/etericno_olje_beli_cajevec-1.png\" alt=\"Serum za nohte, proti glivicam in bakterijam z belim \u010dajvecem\" width=\"402\" height=\"258\" \/><\/a><figcaption id=\"caption-attachment-98932\" class=\"wp-caption-text\">Eteri\u010dno olje belega \u010dajevca<\/figcaption><\/figure>\n<figure id=\"attachment_98934\" aria-describedby=\"caption-attachment-98934\" style=\"width: 406px\" class=\"wp-caption alignnone\"><a href=\"https:\/\/www.belle.si\/wp-content\/uploads\/2020\/09\/etericno-_olje_rozmarin.png\"><img decoding=\"async\" class=\" wp-image-98934\" src=\"https:\/\/www.belle.si\/wp-content\/uploads\/2020\/09\/etericno-_olje_rozmarin.png\" alt=\"Serum za nohte, proti glivicam in bakterijam z eteri\u010dnim oljem ro\u017emarina\" width=\"406\" height=\"260\" \/><\/a><figcaption id=\"caption-attachment-98934\" class=\"wp-caption-text\">Eteri\u010dno olje ro\u017emarina<\/figcaption><\/figure>\n<p>&nbsp;<\/p>\n<p>Nanos je preprost zaradi priro\u010dnega alpikatorja.<\/p>\n<p>&nbsp;<\/p>\n<p><strong>Navodila za uporabo<\/strong><\/p>\n<p>Manj\u0161o koli\u010dino seruma nanesite na \u010diste note. Prej odstranite tudi lak.<\/p>\n<p>Ne\u017eno vmasirajte v vsak posamezni noht in okolico nohta. Pustite, da se serum vpije in posu\u0161i.<\/p>\n<p>Pazite, da ne zaide v o\u010di.<\/p>\n<p>&nbsp;<\/p>\n<p>Vsebina: serum 10ml<\/p>\n<p>Proizvedno v Franciji<\/p>\n<div class=\"panel directions\">\n<h2 class=\"title\"><\/h2>\n<div class=\"std\">\n<p>&nbsp;<\/p>\n<\/div>\n<\/div>\n","protected":false},"excerpt":{"rendered":"<p>Serum za nego nohtov na osnovi etri\u010dnih olj za mo\u010dne in lepe nohte. Serum za nohte na osnovi eteri\u010dnih olj, je zasnovan tako, da nohte oja\u010da, naredi bolj pro\u017ene in jim povrne lep izgled. Serum je namenjen nohtom na rokah in nogah. Serum pomaga, \u010de imate mehke in \u0161ibke nohte, ki se hitro lomijo ali [&hellip;]<\/p>\n","protected":false},"featured_media":98927,"comment_status":"closed","ping_status":"closed","template":"","meta":{"_uag_custom_page_level_css":"","_monsterinsights_skip_tracking":false,"_monsterinsights_sitenote_active":false,"_monsterinsights_sitenote_note":"","_monsterinsights_sitenote_category":0,"site-sidebar-layout":"default","site-content-layout":"","ast-site-content-layout":"default","site-content-style":"default","site-sidebar-style":"default","ast-global-header-display":"","ast-banner-title-visibility":"","ast-main-header-display":"","ast-hfb-above-header-display":"","ast-hfb-below-header-display":"","ast-hfb-mobile-header-display":"","site-post-title":"","ast-breadcrumbs-content":"","ast-featured-img":"","footer-sml-layout":"","ast-disable-related-posts":"","theme-transparent-header-meta":"","adv-header-id-meta":"","stick-header-meta":"","header-above-stick-meta":"","header-main-stick-meta":"","header-below-stick-meta":"","astra-migrate-meta-layouts":"default","ast-page-background-enabled":"default","ast-page-background-meta":{"desktop":{"background-color":"var(--ast-global-color-4)","background-image":"","background-repeat":"repeat","background-position":"center center","background-size":"auto","background-attachment":"scroll","background-type":"","background-media":"","overlay-type":"","overlay-color":"","overlay-opacity":"","overlay-gradient":""},"tablet":{"background-color":"","background-image":"","background-repeat":"repeat","background-position":"center center","background-size":"auto","background-attachment":"scroll","background-type":"","background-media":"","overlay-type":"","overlay-color":"","overlay-opacity":"","overlay-gradient":""},"mobile":{"background-color":"","background-image":"","background-repeat":"repeat","background-position":"center center","background-size":"auto","background-attachment":"scroll","background-type":"","background-media":"","overlay-type":"","overlay-color":"","overlay-opacity":"","overlay-gradient":""}},"ast-content-background-meta":{"desktop":{"background-color":"var(--ast-global-color-5)","background-image":"","background-repeat":"repeat","background-position":"center center","background-size":"auto","background-attachment":"scroll","background-type":"","background-media":"","overlay-type":"","overlay-color":"","overlay-opacity":"","overlay-gradient":""},"tablet":{"background-color":"var(--ast-global-color-5)","background-image":"","background-repeat":"repeat","background-position":"center center","background-size":"auto","background-attachment":"scroll","background-type":"","background-media":"","overlay-type":"","overlay-color":"","overlay-opacity":"","overlay-gradient":""},"mobile":{"background-color":"var(--ast-global-color-5)","background-image":"","background-repeat":"repeat","background-position":"center center","background-size":"auto","background-attachment":"scroll","background-type":"","background-media":"","overlay-type":"","overlay-color":"","overlay-opacity":"","overlay-gradient":""}}},"product_brand":[],"product_cat":[50,31],"product_tag":[],"class_list":{"0":"post-98926","1":"product","2":"type-product","3":"status-publish","4":"has-post-thumbnail","6":"product_cat-nohti","7":"product_cat-za-moske","8":"desktop-align-left","9":"tablet-align-left","10":"mobile-align-left","11":"ast-product-gallery-layout-first-image-large","12":"ast-product-gallery-with-no-image","13":"ast-magnify-disabled","14":"ast-product-tabs-layout-horizontal","16":"first","17":"instock","18":"taxable","19":"shipping-taxable","20":"purchasable","21":"product-type-simple"},"yoast_head":"<!-- This site is optimized with the Yoast SEO plugin v26.9 - https:\/\/yoast.com\/product\/yoast-seo-wordpress\/ -->\n<title>Antibakterijska in protiglivi\u010dna nega za nohte - serum - Belle.si kozmeti\u010dna trgovina<\/title>\n<meta name=\"robots\" content=\"index, follow, max-snippet:-1, max-image-preview:large, max-video-preview:-1\" \/>\n<link rel=\"canonical\" href=\"https:\/\/www.belle.si\/it\/izdelek\/antibakterijsaka-in-protiglivcna-nega-za-nohte-serum-za-mocne-in-lepe-nohte\/\" \/>\n<meta property=\"og:locale\" content=\"it_IT\" \/>\n<meta property=\"og:type\" content=\"article\" \/>\n<meta property=\"og:title\" content=\"Antibakterijska in protiglivi\u010dna nega za nohte - serum - Belle.si kozmeti\u010dna trgovina\" \/>\n<meta property=\"og:description\" content=\"Serum za nego nohtov na osnovi etri\u010dnih olj za mo\u010dne in lepe nohte. Serum za nohte na osnovi eteri\u010dnih olj, je zasnovan tako, da nohte oja\u010da, naredi bolj pro\u017ene in jim povrne lep izgled. Serum je namenjen nohtom na rokah in nogah. Serum pomaga, \u010de imate mehke in \u0161ibke nohte, ki se hitro lomijo ali [&hellip;]\" \/>\n<meta property=\"og:url\" content=\"https:\/\/www.belle.si\/it\/izdelek\/antibakterijsaka-in-protiglivcna-nega-za-nohte-serum-za-mocne-in-lepe-nohte\/\" \/>\n<meta property=\"og:site_name\" content=\"Belle.si kozmeti\u010dna trgovina\" \/>\n<meta property=\"article:publisher\" content=\"https:\/\/www.facebook.com\/belle.si.cosmetics\/\" \/>\n<meta property=\"article:modified_time\" content=\"2024-12-29T22:32:16+00:00\" \/>\n<meta property=\"og:image\" content=\"https:\/\/www.belle.si\/wp-content\/uploads\/2022\/10\/serum_za_nohte_antibakterijsko_antifungalno.png\" \/>\n\t<meta property=\"og:image:width\" content=\"800\" \/>\n\t<meta property=\"og:image:height\" content=\"800\" \/>\n\t<meta property=\"og:image:type\" content=\"image\/png\" \/>\n<meta name=\"twitter:card\" content=\"summary_large_image\" \/>\n<meta name=\"twitter:label1\" content=\"Tempo di lettura stimato\" \/>\n\t<meta name=\"twitter:data1\" content=\"1 minuto\" \/>\n<script type=\"application\/ld+json\" class=\"yoast-schema-graph\">{\"@context\":\"https:\/\/schema.org\",\"@graph\":[{\"@type\":\"WebPage\",\"@id\":\"https:\/\/www.belle.si\/it\/izdelek\/antibakterijsaka-in-protiglivcna-nega-za-nohte-serum-za-mocne-in-lepe-nohte\/\",\"url\":\"https:\/\/www.belle.si\/it\/izdelek\/antibakterijsaka-in-protiglivcna-nega-za-nohte-serum-za-mocne-in-lepe-nohte\/\",\"name\":\"Antibakterijska in protiglivi\u010dna nega za nohte - serum - Belle.si kozmeti\u010dna trgovina\",\"isPartOf\":{\"@id\":\"https:\/\/www.belle.si\/it\/#website\"},\"primaryImageOfPage\":{\"@id\":\"https:\/\/www.belle.si\/it\/izdelek\/antibakterijsaka-in-protiglivcna-nega-za-nohte-serum-za-mocne-in-lepe-nohte\/#primaryimage\"},\"image\":{\"@id\":\"https:\/\/www.belle.si\/it\/izdelek\/antibakterijsaka-in-protiglivcna-nega-za-nohte-serum-za-mocne-in-lepe-nohte\/#primaryimage\"},\"thumbnailUrl\":\"https:\/\/www.belle.si\/wp-content\/uploads\/2022\/10\/serum_za_nohte_antibakterijsko_antifungalno.png\",\"datePublished\":\"2020-09-03T10:45:13+00:00\",\"dateModified\":\"2024-12-29T22:32:16+00:00\",\"breadcrumb\":{\"@id\":\"https:\/\/www.belle.si\/it\/izdelek\/antibakterijsaka-in-protiglivcna-nega-za-nohte-serum-za-mocne-in-lepe-nohte\/#breadcrumb\"},\"inLanguage\":\"it-IT\",\"potentialAction\":[{\"@type\":\"ReadAction\",\"target\":[\"https:\/\/www.belle.si\/it\/izdelek\/antibakterijsaka-in-protiglivcna-nega-za-nohte-serum-za-mocne-in-lepe-nohte\/\"]}]},{\"@type\":\"ImageObject\",\"inLanguage\":\"it-IT\",\"@id\":\"https:\/\/www.belle.si\/it\/izdelek\/antibakterijsaka-in-protiglivcna-nega-za-nohte-serum-za-mocne-in-lepe-nohte\/#primaryimage\",\"url\":\"https:\/\/www.belle.si\/wp-content\/uploads\/2022\/10\/serum_za_nohte_antibakterijsko_antifungalno.png\",\"contentUrl\":\"https:\/\/www.belle.si\/wp-content\/uploads\/2022\/10\/serum_za_nohte_antibakterijsko_antifungalno.png\",\"width\":800,\"height\":800,\"caption\":\"Serum za mo\u010dne nohte z aplikatorjem\"},{\"@type\":\"BreadcrumbList\",\"@id\":\"https:\/\/www.belle.si\/it\/izdelek\/antibakterijsaka-in-protiglivcna-nega-za-nohte-serum-za-mocne-in-lepe-nohte\/#breadcrumb\",\"itemListElement\":[{\"@type\":\"ListItem\",\"position\":1,\"name\":\"Home\",\"item\":\"https:\/\/www.belle.si\/it\/\"},{\"@type\":\"ListItem\",\"position\":2,\"name\":\"Trgovina\",\"item\":\"https:\/\/www.belle.si\/trgovina\/\"},{\"@type\":\"ListItem\",\"position\":3,\"name\":\"Antibakterijska in protiglivi\u010dna nega za nohte &#8211; serum\"}]},{\"@type\":\"WebSite\",\"@id\":\"https:\/\/www.belle.si\/it\/#website\",\"url\":\"https:\/\/www.belle.si\/it\/\",\"name\":\"Belle.si kozmeti\u010dna trgovina\",\"description\":\"\",\"publisher\":{\"@id\":\"https:\/\/www.belle.si\/it\/#organization\"},\"potentialAction\":[{\"@type\":\"SearchAction\",\"target\":{\"@type\":\"EntryPoint\",\"urlTemplate\":\"https:\/\/www.belle.si\/it\/?s={search_term_string}\"},\"query-input\":{\"@type\":\"PropertyValueSpecification\",\"valueRequired\":true,\"valueName\":\"search_term_string\"}}],\"inLanguage\":\"it-IT\"},{\"@type\":\"Organization\",\"@id\":\"https:\/\/www.belle.si\/it\/#organization\",\"name\":\"Belle.si kozmeti\u010dna trgovina\",\"url\":\"https:\/\/www.belle.si\/it\/\",\"logo\":{\"@type\":\"ImageObject\",\"inLanguage\":\"it-IT\",\"@id\":\"https:\/\/www.belle.si\/it\/#\/schema\/logo\/image\/\",\"url\":\"https:\/\/www.belle.si\/wp-content\/uploads\/2022\/10\/cropped-logo_belle_trgovina.png\",\"contentUrl\":\"https:\/\/www.belle.si\/wp-content\/uploads\/2022\/10\/cropped-logo_belle_trgovina.png\",\"width\":270,\"height\":135,\"caption\":\"Belle.si kozmeti\u010dna trgovina\"},\"image\":{\"@id\":\"https:\/\/www.belle.si\/it\/#\/schema\/logo\/image\/\"},\"sameAs\":[\"https:\/\/www.facebook.com\/belle.si.cosmetics\/\",\"https:\/\/www.instagram.com\/belle.si.cosmetics\/\"]}]}<\/script>\n<!-- \/ Yoast SEO plugin. -->","yoast_head_json":{"title":"Antibakterijska in protiglivi\u010dna nega za nohte - serum - Belle.si kozmeti\u010dna trgovina","robots":{"index":"index","follow":"follow","max-snippet":"max-snippet:-1","max-image-preview":"max-image-preview:large","max-video-preview":"max-video-preview:-1"},"canonical":"https:\/\/www.belle.si\/it\/izdelek\/antibakterijsaka-in-protiglivcna-nega-za-nohte-serum-za-mocne-in-lepe-nohte\/","og_locale":"it_IT","og_type":"article","og_title":"Antibakterijska in protiglivi\u010dna nega za nohte - serum - Belle.si kozmeti\u010dna trgovina","og_description":"Serum za nego nohtov na osnovi etri\u010dnih olj za mo\u010dne in lepe nohte. Serum za nohte na osnovi eteri\u010dnih olj, je zasnovan tako, da nohte oja\u010da, naredi bolj pro\u017ene in jim povrne lep izgled. Serum je namenjen nohtom na rokah in nogah. Serum pomaga, \u010de imate mehke in \u0161ibke nohte, ki se hitro lomijo ali [&hellip;]","og_url":"https:\/\/www.belle.si\/it\/izdelek\/antibakterijsaka-in-protiglivcna-nega-za-nohte-serum-za-mocne-in-lepe-nohte\/","og_site_name":"Belle.si kozmeti\u010dna trgovina","article_publisher":"https:\/\/www.facebook.com\/belle.si.cosmetics\/","article_modified_time":"2024-12-29T22:32:16+00:00","og_image":[{"width":800,"height":800,"url":"https:\/\/www.belle.si\/wp-content\/uploads\/2022\/10\/serum_za_nohte_antibakterijsko_antifungalno.png","type":"image\/png"}],"twitter_card":"summary_large_image","twitter_misc":{"Tempo di lettura stimato":"1 minuto"},"schema":{"@context":"https:\/\/schema.org","@graph":[{"@type":"WebPage","@id":"https:\/\/www.belle.si\/it\/izdelek\/antibakterijsaka-in-protiglivcna-nega-za-nohte-serum-za-mocne-in-lepe-nohte\/","url":"https:\/\/www.belle.si\/it\/izdelek\/antibakterijsaka-in-protiglivcna-nega-za-nohte-serum-za-mocne-in-lepe-nohte\/","name":"Antibakterijska in protiglivi\u010dna nega za nohte - serum - Belle.si kozmeti\u010dna trgovina","isPartOf":{"@id":"https:\/\/www.belle.si\/it\/#website"},"primaryImageOfPage":{"@id":"https:\/\/www.belle.si\/it\/izdelek\/antibakterijsaka-in-protiglivcna-nega-za-nohte-serum-za-mocne-in-lepe-nohte\/#primaryimage"},"image":{"@id":"https:\/\/www.belle.si\/it\/izdelek\/antibakterijsaka-in-protiglivcna-nega-za-nohte-serum-za-mocne-in-lepe-nohte\/#primaryimage"},"thumbnailUrl":"https:\/\/www.belle.si\/wp-content\/uploads\/2022\/10\/serum_za_nohte_antibakterijsko_antifungalno.png","datePublished":"2020-09-03T10:45:13+00:00","dateModified":"2024-12-29T22:32:16+00:00","breadcrumb":{"@id":"https:\/\/www.belle.si\/it\/izdelek\/antibakterijsaka-in-protiglivcna-nega-za-nohte-serum-za-mocne-in-lepe-nohte\/#breadcrumb"},"inLanguage":"it-IT","potentialAction":[{"@type":"ReadAction","target":["https:\/\/www.belle.si\/it\/izdelek\/antibakterijsaka-in-protiglivcna-nega-za-nohte-serum-za-mocne-in-lepe-nohte\/"]}]},{"@type":"ImageObject","inLanguage":"it-IT","@id":"https:\/\/www.belle.si\/it\/izdelek\/antibakterijsaka-in-protiglivcna-nega-za-nohte-serum-za-mocne-in-lepe-nohte\/#primaryimage","url":"https:\/\/www.belle.si\/wp-content\/uploads\/2022\/10\/serum_za_nohte_antibakterijsko_antifungalno.png","contentUrl":"https:\/\/www.belle.si\/wp-content\/uploads\/2022\/10\/serum_za_nohte_antibakterijsko_antifungalno.png","width":800,"height":800,"caption":"Serum za mo\u010dne nohte z aplikatorjem"},{"@type":"BreadcrumbList","@id":"https:\/\/www.belle.si\/it\/izdelek\/antibakterijsaka-in-protiglivcna-nega-za-nohte-serum-za-mocne-in-lepe-nohte\/#breadcrumb","itemListElement":[{"@type":"ListItem","position":1,"name":"Home","item":"https:\/\/www.belle.si\/it\/"},{"@type":"ListItem","position":2,"name":"Trgovina","item":"https:\/\/www.belle.si\/trgovina\/"},{"@type":"ListItem","position":3,"name":"Antibakterijska in protiglivi\u010dna nega za nohte &#8211; serum"}]},{"@type":"WebSite","@id":"https:\/\/www.belle.si\/it\/#website","url":"https:\/\/www.belle.si\/it\/","name":"Belle.si kozmeti\u010dna trgovina","description":"","publisher":{"@id":"https:\/\/www.belle.si\/it\/#organization"},"potentialAction":[{"@type":"SearchAction","target":{"@type":"EntryPoint","urlTemplate":"https:\/\/www.belle.si\/it\/?s={search_term_string}"},"query-input":{"@type":"PropertyValueSpecification","valueRequired":true,"valueName":"search_term_string"}}],"inLanguage":"it-IT"},{"@type":"Organization","@id":"https:\/\/www.belle.si\/it\/#organization","name":"Belle.si kozmeti\u010dna trgovina","url":"https:\/\/www.belle.si\/it\/","logo":{"@type":"ImageObject","inLanguage":"it-IT","@id":"https:\/\/www.belle.si\/it\/#\/schema\/logo\/image\/","url":"https:\/\/www.belle.si\/wp-content\/uploads\/2022\/10\/cropped-logo_belle_trgovina.png","contentUrl":"https:\/\/www.belle.si\/wp-content\/uploads\/2022\/10\/cropped-logo_belle_trgovina.png","width":270,"height":135,"caption":"Belle.si kozmeti\u010dna trgovina"},"image":{"@id":"https:\/\/www.belle.si\/it\/#\/schema\/logo\/image\/"},"sameAs":["https:\/\/www.facebook.com\/belle.si.cosmetics\/","https:\/\/www.instagram.com\/belle.si.cosmetics\/"]}]}},"uagb_featured_image_src":{"full":["https:\/\/www.belle.si\/wp-content\/uploads\/2022\/10\/serum_za_nohte_antibakterijsko_antifungalno.png",800,800,false],"thumbnail":["https:\/\/www.belle.si\/wp-content\/uploads\/2022\/10\/serum_za_nohte_antibakterijsko_antifungalno-150x150.png",150,150,true],"medium":["https:\/\/www.belle.si\/wp-content\/uploads\/2022\/10\/serum_za_nohte_antibakterijsko_antifungalno-300x300.png",300,300,true],"medium_large":["https:\/\/www.belle.si\/wp-content\/uploads\/2022\/10\/serum_za_nohte_antibakterijsko_antifungalno-768x768.png",768,768,true],"large":["https:\/\/www.belle.si\/wp-content\/uploads\/2022\/10\/serum_za_nohte_antibakterijsko_antifungalno.png",800,800,false],"1536x1536":["https:\/\/www.belle.si\/wp-content\/uploads\/2022\/10\/serum_za_nohte_antibakterijsko_antifungalno.png",800,800,false],"2048x2048":["https:\/\/www.belle.si\/wp-content\/uploads\/2022\/10\/serum_za_nohte_antibakterijsko_antifungalno.png",800,800,false],"mailpoet_newsletter_max":["https:\/\/www.belle.si\/wp-content\/uploads\/2022\/10\/serum_za_nohte_antibakterijsko_antifungalno.png",800,800,false],"woocommerce_thumbnail":["https:\/\/www.belle.si\/wp-content\/uploads\/2022\/10\/serum_za_nohte_antibakterijsko_antifungalno-300x300.png",300,300,true],"woocommerce_single":["https:\/\/www.belle.si\/wp-content\/uploads\/2022\/10\/serum_za_nohte_antibakterijsko_antifungalno-600x600.png",600,600,true],"woocommerce_gallery_thumbnail":["https:\/\/www.belle.si\/wp-content\/uploads\/2022\/10\/serum_za_nohte_antibakterijsko_antifungalno-100x100.png",100,100,true]},"uagb_author_info":{"display_name":"taja","author_link":"https:\/\/www.belle.si\/it\/author\/"},"uagb_comment_info":0,"uagb_excerpt":"Serum za nego nohtov na osnovi etri\u010dnih olj za mo\u010dne in lepe nohte. Serum za nohte na osnovi eteri\u010dnih olj, je zasnovan tako, da nohte oja\u010da, naredi bolj pro\u017ene in jim povrne lep izgled. Serum je namenjen nohtom na rokah in nogah. Serum pomaga, \u010de imate mehke in \u0161ibke nohte, ki se hitro lomijo ali&hellip;","_links":{"self":[{"href":"https:\/\/www.belle.si\/it\/wp-json\/wp\/v2\/product\/98926","targetHints":{"allow":["GET"]}}],"collection":[{"href":"https:\/\/www.belle.si\/it\/wp-json\/wp\/v2\/product"}],"about":[{"href":"https:\/\/www.belle.si\/it\/wp-json\/wp\/v2\/types\/product"}],"replies":[{"embeddable":true,"href":"https:\/\/www.belle.si\/it\/wp-json\/wp\/v2\/comments?post=98926"}],"wp:featuredmedia":[{"embeddable":true,"href":"https:\/\/www.belle.si\/it\/wp-json\/wp\/v2\/media\/98927"}],"wp:attachment":[{"href":"https:\/\/www.belle.si\/it\/wp-json\/wp\/v2\/media?parent=98926"}],"wp:term":[{"taxonomy":"product_brand","embeddable":true,"href":"https:\/\/www.belle.si\/it\/wp-json\/wp\/v2\/product_brand?post=98926"},{"taxonomy":"product_cat","embeddable":true,"href":"https:\/\/www.belle.si\/it\/wp-json\/wp\/v2\/product_cat?post=98926"},{"taxonomy":"product_tag","embeddable":true,"href":"https:\/\/www.belle.si\/it\/wp-json\/wp\/v2\/product_tag?post=98926"}],"curies":[{"name":"wp","href":"https:\/\/api.w.org\/{rel}","templated":true}]}}