{"id":98911,"date":"2020-08-18T12:31:16","date_gmt":"2020-08-18T12:31:16","guid":{"rendered":"https:\/\/belle.zabica.org\/?post_type=product&#038;p=98911"},"modified":"2025-04-14T15:02:18","modified_gmt":"2025-04-14T13:02:18","slug":"krema-za-polne-in-lepo-oblikovane-ustnice-magic-lip","status":"publish","type":"product","link":"https:\/\/www.belle.si\/it\/izdelek\/krema-za-polne-in-lepo-oblikovane-ustnice-magic-lip\/","title":{"rendered":"Krema za polne in lepo oblikovane ustnice Magic Lip"},"content":{"rendered":"<h2>Magic-Lip poudari lepoto ustnic, jih napolni in oblikuje.<\/h2>\n<p>Ustnice so na\u0161 lepotni adut, ko so lepo navla\u017eene, lepo oblikovane in v idealnem razmerju.<\/p>\n<p>Vse to je mogo\u010de dose\u010di s kremo Magic-Lip!<\/p>\n<p>Na osnovi posebnih u\u010dinkovin va\u0161e ustnice pridobijo na volumnu, so bolj polne, navla\u017eene in negovane. Magic-Lip pomaga pri suhih in hrapavih ustnicah. Krema ima naraven in prijeten vonj po vaniliji. Je prozorna in deluje kot dobra podlaga za rde\u010dilo. Razlika je opazna takoj, \u010de kremo redno uporabljate.<\/p>\n<p><strong>Krema je bila klini\u010dno testirana v neodvisnem laboratoriju v Franciji.<\/strong><\/p>\n<p><em>*Testi lahko odstopajo od posameznika do posameznika.<\/em><\/p>\n<p>Rezultati klini\u010dnih testov so pokazali slede\u010de:<\/p>\n<ul>\n<li>Ustnice so bile bolj navla\u017eene pri 60%<\/li>\n<li>Za 30% so se zmanj\u0161ale gube in gubice na ustnicah<\/li>\n<li>Pri 70% so bile ustnice bolj gladke<\/li>\n<li>100% ocenjeno izbolj\u0161anje splo\u0161nega stanja ustnic<\/li>\n<li>za 40% pove\u010dan volumen ustnic<\/li>\n<\/ul>\n<p><strong>Navodila za uporabo<\/strong><\/p>\n<p>Kremo ne\u017eno nanesite na ustnice vsak dan. Pred uporabo rde\u010dila, po\u010dakajte da se krema vpije.<\/p>\n<p>Vsebina: krema 10ml<\/p>\n<p>&nbsp;<\/p>\n<p>Proizvedeno v Franciji<\/p>\n","protected":false},"excerpt":{"rendered":"<p>Magic-Lip poudari lepoto ustnic, jih napolni in oblikuje. Ustnice so na\u0161 lepotni adut, ko so lepo navla\u017eene, lepo oblikovane in v idealnem razmerju. Vse to je mogo\u010de dose\u010di s kremo Magic-Lip! Na osnovi posebnih u\u010dinkovin va\u0161e ustnice pridobijo na volumnu, so bolj polne, navla\u017eene in negovane. Magic-Lip pomaga pri suhih in hrapavih ustnicah. Krema ima [&hellip;]<\/p>\n","protected":false},"featured_media":98912,"comment_status":"closed","ping_status":"closed","template":"","meta":{"_uag_custom_page_level_css":"","_monsterinsights_skip_tracking":false,"_monsterinsights_sitenote_active":false,"_monsterinsights_sitenote_note":"","_monsterinsights_sitenote_category":0,"site-sidebar-layout":"default","site-content-layout":"","ast-site-content-layout":"default","site-content-style":"default","site-sidebar-style":"default","ast-global-header-display":"","ast-banner-title-visibility":"","ast-main-header-display":"","ast-hfb-above-header-display":"","ast-hfb-below-header-display":"","ast-hfb-mobile-header-display":"","site-post-title":"","ast-breadcrumbs-content":"","ast-featured-img":"","footer-sml-layout":"","ast-disable-related-posts":"","theme-transparent-header-meta":"","adv-header-id-meta":"","stick-header-meta":"","header-above-stick-meta":"","header-main-stick-meta":"","header-below-stick-meta":"","astra-migrate-meta-layouts":"default","ast-page-background-enabled":"default","ast-page-background-meta":{"desktop":{"background-color":"var(--ast-global-color-4)","background-image":"","background-repeat":"repeat","background-position":"center center","background-size":"auto","background-attachment":"scroll","background-type":"","background-media":"","overlay-type":"","overlay-color":"","overlay-opacity":"","overlay-gradient":""},"tablet":{"background-color":"","background-image":"","background-repeat":"repeat","background-position":"center center","background-size":"auto","background-attachment":"scroll","background-type":"","background-media":"","overlay-type":"","overlay-color":"","overlay-opacity":"","overlay-gradient":""},"mobile":{"background-color":"","background-image":"","background-repeat":"repeat","background-position":"center center","background-size":"auto","background-attachment":"scroll","background-type":"","background-media":"","overlay-type":"","overlay-color":"","overlay-opacity":"","overlay-gradient":""}},"ast-content-background-meta":{"desktop":{"background-color":"var(--ast-global-color-5)","background-image":"","background-repeat":"repeat","background-position":"center center","background-size":"auto","background-attachment":"scroll","background-type":"","background-media":"","overlay-type":"","overlay-color":"","overlay-opacity":"","overlay-gradient":""},"tablet":{"background-color":"var(--ast-global-color-5)","background-image":"","background-repeat":"repeat","background-position":"center center","background-size":"auto","background-attachment":"scroll","background-type":"","background-media":"","overlay-type":"","overlay-color":"","overlay-opacity":"","overlay-gradient":""},"mobile":{"background-color":"var(--ast-global-color-5)","background-image":"","background-repeat":"repeat","background-position":"center center","background-size":"auto","background-attachment":"scroll","background-type":"","background-media":"","overlay-type":"","overlay-color":"","overlay-opacity":"","overlay-gradient":""}}},"product_brand":[],"product_cat":[49],"product_tag":[],"class_list":{"0":"post-98911","1":"product","2":"type-product","3":"status-publish","4":"has-post-thumbnail","6":"product_cat-ustnice","7":"desktop-align-left","8":"tablet-align-left","9":"mobile-align-left","10":"ast-product-gallery-layout-first-image-large","11":"ast-product-gallery-with-no-image","12":"ast-magnify-disabled","13":"ast-product-tabs-layout-horizontal","15":"first","16":"instock","17":"taxable","18":"shipping-taxable","19":"purchasable","20":"product-type-simple"},"yoast_head":"<!-- This site is optimized with the Yoast SEO plugin v26.9 - https:\/\/yoast.com\/product\/yoast-seo-wordpress\/ -->\n<title>Krema za polne in lepo oblikovane ustnice Magic Lip - Belle.si kozmeti\u010dna trgovina<\/title>\n<meta name=\"robots\" content=\"index, follow, max-snippet:-1, max-image-preview:large, max-video-preview:-1\" \/>\n<link rel=\"canonical\" href=\"https:\/\/www.belle.si\/it\/izdelek\/krema-za-polne-in-lepo-oblikovane-ustnice-magic-lip\/\" \/>\n<meta property=\"og:locale\" content=\"it_IT\" \/>\n<meta property=\"og:type\" content=\"article\" \/>\n<meta property=\"og:title\" content=\"Krema za polne in lepo oblikovane ustnice Magic Lip - Belle.si kozmeti\u010dna trgovina\" \/>\n<meta property=\"og:description\" content=\"Magic-Lip poudari lepoto ustnic, jih napolni in oblikuje. Ustnice so na\u0161 lepotni adut, ko so lepo navla\u017eene, lepo oblikovane in v idealnem razmerju. Vse to je mogo\u010de dose\u010di s kremo Magic-Lip! Na osnovi posebnih u\u010dinkovin va\u0161e ustnice pridobijo na volumnu, so bolj polne, navla\u017eene in negovane. Magic-Lip pomaga pri suhih in hrapavih ustnicah. Krema ima [&hellip;]\" \/>\n<meta property=\"og:url\" content=\"https:\/\/www.belle.si\/it\/izdelek\/krema-za-polne-in-lepo-oblikovane-ustnice-magic-lip\/\" \/>\n<meta property=\"og:site_name\" content=\"Belle.si kozmeti\u010dna trgovina\" \/>\n<meta property=\"article:publisher\" content=\"https:\/\/www.facebook.com\/belle.si.cosmetics\/\" \/>\n<meta property=\"article:modified_time\" content=\"2025-04-14T13:02:18+00:00\" \/>\n<meta property=\"og:image\" content=\"https:\/\/www.belle.si\/wp-content\/uploads\/2022\/10\/magic-lip-nega_za_ustnice.png\" \/>\n\t<meta property=\"og:image:width\" content=\"500\" \/>\n\t<meta property=\"og:image:height\" content=\"500\" \/>\n\t<meta property=\"og:image:type\" content=\"image\/png\" \/>\n<meta name=\"twitter:card\" content=\"summary_large_image\" \/>\n<meta name=\"twitter:label1\" content=\"Tempo di lettura stimato\" \/>\n\t<meta name=\"twitter:data1\" content=\"1 minuto\" \/>\n<script type=\"application\/ld+json\" class=\"yoast-schema-graph\">{\"@context\":\"https:\/\/schema.org\",\"@graph\":[{\"@type\":\"WebPage\",\"@id\":\"https:\/\/www.belle.si\/it\/izdelek\/krema-za-polne-in-lepo-oblikovane-ustnice-magic-lip\/\",\"url\":\"https:\/\/www.belle.si\/it\/izdelek\/krema-za-polne-in-lepo-oblikovane-ustnice-magic-lip\/\",\"name\":\"Krema za polne in lepo oblikovane ustnice Magic Lip - Belle.si kozmeti\u010dna trgovina\",\"isPartOf\":{\"@id\":\"https:\/\/www.belle.si\/it\/#website\"},\"primaryImageOfPage\":{\"@id\":\"https:\/\/www.belle.si\/it\/izdelek\/krema-za-polne-in-lepo-oblikovane-ustnice-magic-lip\/#primaryimage\"},\"image\":{\"@id\":\"https:\/\/www.belle.si\/it\/izdelek\/krema-za-polne-in-lepo-oblikovane-ustnice-magic-lip\/#primaryimage\"},\"thumbnailUrl\":\"https:\/\/www.belle.si\/wp-content\/uploads\/2022\/10\/magic-lip-nega_za_ustnice.png\",\"datePublished\":\"2020-08-18T12:31:16+00:00\",\"dateModified\":\"2025-04-14T13:02:18+00:00\",\"breadcrumb\":{\"@id\":\"https:\/\/www.belle.si\/it\/izdelek\/krema-za-polne-in-lepo-oblikovane-ustnice-magic-lip\/#breadcrumb\"},\"inLanguage\":\"it-IT\",\"potentialAction\":[{\"@type\":\"ReadAction\",\"target\":[\"https:\/\/www.belle.si\/it\/izdelek\/krema-za-polne-in-lepo-oblikovane-ustnice-magic-lip\/\"]}]},{\"@type\":\"ImageObject\",\"inLanguage\":\"it-IT\",\"@id\":\"https:\/\/www.belle.si\/it\/izdelek\/krema-za-polne-in-lepo-oblikovane-ustnice-magic-lip\/#primaryimage\",\"url\":\"https:\/\/www.belle.si\/wp-content\/uploads\/2022\/10\/magic-lip-nega_za_ustnice.png\",\"contentUrl\":\"https:\/\/www.belle.si\/wp-content\/uploads\/2022\/10\/magic-lip-nega_za_ustnice.png\",\"width\":500,\"height\":500,\"caption\":\"Krema za bolj polne in ve\u010dje ustnice\"},{\"@type\":\"BreadcrumbList\",\"@id\":\"https:\/\/www.belle.si\/it\/izdelek\/krema-za-polne-in-lepo-oblikovane-ustnice-magic-lip\/#breadcrumb\",\"itemListElement\":[{\"@type\":\"ListItem\",\"position\":1,\"name\":\"Home\",\"item\":\"https:\/\/www.belle.si\/it\/\"},{\"@type\":\"ListItem\",\"position\":2,\"name\":\"Trgovina\",\"item\":\"https:\/\/www.belle.si\/trgovina\/\"},{\"@type\":\"ListItem\",\"position\":3,\"name\":\"Krema za polne in lepo oblikovane ustnice Magic Lip\"}]},{\"@type\":\"WebSite\",\"@id\":\"https:\/\/www.belle.si\/it\/#website\",\"url\":\"https:\/\/www.belle.si\/it\/\",\"name\":\"Belle.si kozmeti\u010dna trgovina\",\"description\":\"\",\"publisher\":{\"@id\":\"https:\/\/www.belle.si\/it\/#organization\"},\"potentialAction\":[{\"@type\":\"SearchAction\",\"target\":{\"@type\":\"EntryPoint\",\"urlTemplate\":\"https:\/\/www.belle.si\/it\/?s={search_term_string}\"},\"query-input\":{\"@type\":\"PropertyValueSpecification\",\"valueRequired\":true,\"valueName\":\"search_term_string\"}}],\"inLanguage\":\"it-IT\"},{\"@type\":\"Organization\",\"@id\":\"https:\/\/www.belle.si\/it\/#organization\",\"name\":\"Belle.si kozmeti\u010dna trgovina\",\"url\":\"https:\/\/www.belle.si\/it\/\",\"logo\":{\"@type\":\"ImageObject\",\"inLanguage\":\"it-IT\",\"@id\":\"https:\/\/www.belle.si\/it\/#\/schema\/logo\/image\/\",\"url\":\"https:\/\/www.belle.si\/wp-content\/uploads\/2022\/10\/cropped-logo_belle_trgovina.png\",\"contentUrl\":\"https:\/\/www.belle.si\/wp-content\/uploads\/2022\/10\/cropped-logo_belle_trgovina.png\",\"width\":270,\"height\":135,\"caption\":\"Belle.si kozmeti\u010dna trgovina\"},\"image\":{\"@id\":\"https:\/\/www.belle.si\/it\/#\/schema\/logo\/image\/\"},\"sameAs\":[\"https:\/\/www.facebook.com\/belle.si.cosmetics\/\",\"https:\/\/www.instagram.com\/belle.si.cosmetics\/\"]}]}<\/script>\n<!-- \/ Yoast SEO plugin. -->","yoast_head_json":{"title":"Krema za polne in lepo oblikovane ustnice Magic Lip - Belle.si kozmeti\u010dna trgovina","robots":{"index":"index","follow":"follow","max-snippet":"max-snippet:-1","max-image-preview":"max-image-preview:large","max-video-preview":"max-video-preview:-1"},"canonical":"https:\/\/www.belle.si\/it\/izdelek\/krema-za-polne-in-lepo-oblikovane-ustnice-magic-lip\/","og_locale":"it_IT","og_type":"article","og_title":"Krema za polne in lepo oblikovane ustnice Magic Lip - Belle.si kozmeti\u010dna trgovina","og_description":"Magic-Lip poudari lepoto ustnic, jih napolni in oblikuje. Ustnice so na\u0161 lepotni adut, ko so lepo navla\u017eene, lepo oblikovane in v idealnem razmerju. Vse to je mogo\u010de dose\u010di s kremo Magic-Lip! Na osnovi posebnih u\u010dinkovin va\u0161e ustnice pridobijo na volumnu, so bolj polne, navla\u017eene in negovane. Magic-Lip pomaga pri suhih in hrapavih ustnicah. Krema ima [&hellip;]","og_url":"https:\/\/www.belle.si\/it\/izdelek\/krema-za-polne-in-lepo-oblikovane-ustnice-magic-lip\/","og_site_name":"Belle.si kozmeti\u010dna trgovina","article_publisher":"https:\/\/www.facebook.com\/belle.si.cosmetics\/","article_modified_time":"2025-04-14T13:02:18+00:00","og_image":[{"width":500,"height":500,"url":"https:\/\/www.belle.si\/wp-content\/uploads\/2022\/10\/magic-lip-nega_za_ustnice.png","type":"image\/png"}],"twitter_card":"summary_large_image","twitter_misc":{"Tempo di lettura stimato":"1 minuto"},"schema":{"@context":"https:\/\/schema.org","@graph":[{"@type":"WebPage","@id":"https:\/\/www.belle.si\/it\/izdelek\/krema-za-polne-in-lepo-oblikovane-ustnice-magic-lip\/","url":"https:\/\/www.belle.si\/it\/izdelek\/krema-za-polne-in-lepo-oblikovane-ustnice-magic-lip\/","name":"Krema za polne in lepo oblikovane ustnice Magic Lip - Belle.si kozmeti\u010dna trgovina","isPartOf":{"@id":"https:\/\/www.belle.si\/it\/#website"},"primaryImageOfPage":{"@id":"https:\/\/www.belle.si\/it\/izdelek\/krema-za-polne-in-lepo-oblikovane-ustnice-magic-lip\/#primaryimage"},"image":{"@id":"https:\/\/www.belle.si\/it\/izdelek\/krema-za-polne-in-lepo-oblikovane-ustnice-magic-lip\/#primaryimage"},"thumbnailUrl":"https:\/\/www.belle.si\/wp-content\/uploads\/2022\/10\/magic-lip-nega_za_ustnice.png","datePublished":"2020-08-18T12:31:16+00:00","dateModified":"2025-04-14T13:02:18+00:00","breadcrumb":{"@id":"https:\/\/www.belle.si\/it\/izdelek\/krema-za-polne-in-lepo-oblikovane-ustnice-magic-lip\/#breadcrumb"},"inLanguage":"it-IT","potentialAction":[{"@type":"ReadAction","target":["https:\/\/www.belle.si\/it\/izdelek\/krema-za-polne-in-lepo-oblikovane-ustnice-magic-lip\/"]}]},{"@type":"ImageObject","inLanguage":"it-IT","@id":"https:\/\/www.belle.si\/it\/izdelek\/krema-za-polne-in-lepo-oblikovane-ustnice-magic-lip\/#primaryimage","url":"https:\/\/www.belle.si\/wp-content\/uploads\/2022\/10\/magic-lip-nega_za_ustnice.png","contentUrl":"https:\/\/www.belle.si\/wp-content\/uploads\/2022\/10\/magic-lip-nega_za_ustnice.png","width":500,"height":500,"caption":"Krema za bolj polne in ve\u010dje ustnice"},{"@type":"BreadcrumbList","@id":"https:\/\/www.belle.si\/it\/izdelek\/krema-za-polne-in-lepo-oblikovane-ustnice-magic-lip\/#breadcrumb","itemListElement":[{"@type":"ListItem","position":1,"name":"Home","item":"https:\/\/www.belle.si\/it\/"},{"@type":"ListItem","position":2,"name":"Trgovina","item":"https:\/\/www.belle.si\/trgovina\/"},{"@type":"ListItem","position":3,"name":"Krema za polne in lepo oblikovane ustnice Magic Lip"}]},{"@type":"WebSite","@id":"https:\/\/www.belle.si\/it\/#website","url":"https:\/\/www.belle.si\/it\/","name":"Belle.si kozmeti\u010dna trgovina","description":"","publisher":{"@id":"https:\/\/www.belle.si\/it\/#organization"},"potentialAction":[{"@type":"SearchAction","target":{"@type":"EntryPoint","urlTemplate":"https:\/\/www.belle.si\/it\/?s={search_term_string}"},"query-input":{"@type":"PropertyValueSpecification","valueRequired":true,"valueName":"search_term_string"}}],"inLanguage":"it-IT"},{"@type":"Organization","@id":"https:\/\/www.belle.si\/it\/#organization","name":"Belle.si kozmeti\u010dna trgovina","url":"https:\/\/www.belle.si\/it\/","logo":{"@type":"ImageObject","inLanguage":"it-IT","@id":"https:\/\/www.belle.si\/it\/#\/schema\/logo\/image\/","url":"https:\/\/www.belle.si\/wp-content\/uploads\/2022\/10\/cropped-logo_belle_trgovina.png","contentUrl":"https:\/\/www.belle.si\/wp-content\/uploads\/2022\/10\/cropped-logo_belle_trgovina.png","width":270,"height":135,"caption":"Belle.si kozmeti\u010dna trgovina"},"image":{"@id":"https:\/\/www.belle.si\/it\/#\/schema\/logo\/image\/"},"sameAs":["https:\/\/www.facebook.com\/belle.si.cosmetics\/","https:\/\/www.instagram.com\/belle.si.cosmetics\/"]}]}},"uagb_featured_image_src":{"full":["https:\/\/www.belle.si\/wp-content\/uploads\/2022\/10\/magic-lip-nega_za_ustnice.png",500,500,false],"thumbnail":["https:\/\/www.belle.si\/wp-content\/uploads\/2022\/10\/magic-lip-nega_za_ustnice-150x150.png",150,150,true],"medium":["https:\/\/www.belle.si\/wp-content\/uploads\/2022\/10\/magic-lip-nega_za_ustnice-300x300.png",300,300,true],"medium_large":["https:\/\/www.belle.si\/wp-content\/uploads\/2022\/10\/magic-lip-nega_za_ustnice.png",500,500,false],"large":["https:\/\/www.belle.si\/wp-content\/uploads\/2022\/10\/magic-lip-nega_za_ustnice.png",500,500,false],"1536x1536":["https:\/\/www.belle.si\/wp-content\/uploads\/2022\/10\/magic-lip-nega_za_ustnice.png",500,500,false],"2048x2048":["https:\/\/www.belle.si\/wp-content\/uploads\/2022\/10\/magic-lip-nega_za_ustnice.png",500,500,false],"mailpoet_newsletter_max":["https:\/\/www.belle.si\/wp-content\/uploads\/2022\/10\/magic-lip-nega_za_ustnice.png",500,500,false],"woocommerce_thumbnail":["https:\/\/www.belle.si\/wp-content\/uploads\/2022\/10\/magic-lip-nega_za_ustnice-300x300.png",300,300,true],"woocommerce_single":["https:\/\/www.belle.si\/wp-content\/uploads\/2022\/10\/magic-lip-nega_za_ustnice.png",500,500,false],"woocommerce_gallery_thumbnail":["https:\/\/www.belle.si\/wp-content\/uploads\/2022\/10\/magic-lip-nega_za_ustnice-100x100.png",100,100,true]},"uagb_author_info":{"display_name":"taja","author_link":"https:\/\/www.belle.si\/it\/author\/"},"uagb_comment_info":0,"uagb_excerpt":"Magic-Lip poudari lepoto ustnic, jih napolni in oblikuje. Ustnice so na\u0161 lepotni adut, ko so lepo navla\u017eene, lepo oblikovane in v idealnem razmerju. Vse to je mogo\u010de dose\u010di s kremo Magic-Lip! Na osnovi posebnih u\u010dinkovin va\u0161e ustnice pridobijo na volumnu, so bolj polne, navla\u017eene in negovane. Magic-Lip pomaga pri suhih in hrapavih ustnicah. Krema ima&hellip;","_links":{"self":[{"href":"https:\/\/www.belle.si\/it\/wp-json\/wp\/v2\/product\/98911","targetHints":{"allow":["GET"]}}],"collection":[{"href":"https:\/\/www.belle.si\/it\/wp-json\/wp\/v2\/product"}],"about":[{"href":"https:\/\/www.belle.si\/it\/wp-json\/wp\/v2\/types\/product"}],"replies":[{"embeddable":true,"href":"https:\/\/www.belle.si\/it\/wp-json\/wp\/v2\/comments?post=98911"}],"wp:featuredmedia":[{"embeddable":true,"href":"https:\/\/www.belle.si\/it\/wp-json\/wp\/v2\/media\/98912"}],"wp:attachment":[{"href":"https:\/\/www.belle.si\/it\/wp-json\/wp\/v2\/media?parent=98911"}],"wp:term":[{"taxonomy":"product_brand","embeddable":true,"href":"https:\/\/www.belle.si\/it\/wp-json\/wp\/v2\/product_brand?post=98911"},{"taxonomy":"product_cat","embeddable":true,"href":"https:\/\/www.belle.si\/it\/wp-json\/wp\/v2\/product_cat?post=98911"},{"taxonomy":"product_tag","embeddable":true,"href":"https:\/\/www.belle.si\/it\/wp-json\/wp\/v2\/product_tag?post=98911"}],"curies":[{"name":"wp","href":"https:\/\/api.w.org\/{rel}","templated":true}]}}