{"id":98824,"date":"2020-07-24T12:57:02","date_gmt":"2020-07-24T12:57:02","guid":{"rendered":"https:\/\/belle.zabica.org\/?post_type=product&#038;p=98824"},"modified":"2024-12-29T23:32:16","modified_gmt":"2024-12-29T22:32:16","slug":"sudex-gel-proti-potenju-za-stopala-neprijetnemu-vonju","status":"publish","type":"product","link":"https:\/\/www.belle.si\/it\/izdelek\/sudex-gel-proti-potenju-za-stopala-neprijetnemu-vonju\/","title":{"rendered":"Sudex gel proti potenju nog in neprijetnemu vonju"},"content":{"rendered":"<h2 class=\"subtitle\">Sudex gel pomaga pri potenju nog in prepre\u010duje nastenek neprijetnega vonja.<\/h2>\n<p>Gel Sudex prepre\u010duje pretirano potenje nog in deluje antibakterijsko.<\/p>\n<p>Gel prepre\u010duje pretirano potenje nog, nastanek neprijetnega vonja, vsebuje antibakterijske ter protiglivi\u010dne u\u010dinkovine.<\/p>\n<p><span class=\"brand\">SUDEX<\/span>\u00a0 gel u\u010dinkuje na vse tipe potu, prepre\u010duje pretirano vla\u017eenje ko\u017ee, bla\u017ei peko\u010d ob\u010dutek in srbenje.<\/p>\n<p>Gel proti potenju deluje na osnovi:<\/p>\n<ul>\n<li>preslice, ki zo\u017ea pore in tako omejuje izlo\u010danje vlage<\/li>\n<li>izvle\u010dkov \u017eajblja, ki delujejo antibakterijsko, antisepti\u010dno in antifungalno.<br \/>\n\u017dajbelj deluje neposredno na floro, ki je prisotna na ko\u017ei in je vzrok za neprijeten vonj.<\/li>\n<\/ul>\n<p>Poleg tega vsebuje:<\/p>\n<ul>\n<li>Lipacid UG, ki \u010disti ko\u017eo in jo \u0161\u010diti pred vsakdanjimi vplivi.<\/li>\n<li>Osmocid, ki vra\u010da ko\u017ei vla\u017enost.<\/li>\n<\/ul>\n<p><span class=\"brand\">SUDEX gel ne vsebuje <\/span>alkohola ali parabenov.<\/p>\n<p>&nbsp;<\/p>\n<p><a href=\"https:\/\/www.belle.si\/izdelek\/sudex-gel-proti-potenju-za-stopala-neprijetnemu-vonju\/\"><img fetchpriority=\"high\" decoding=\"async\" class=\"alignnone wp-image-98826 size-full\" src=\"https:\/\/www.belle.si\/wp-content\/uploads\/2020\/07\/sudex_prti_potenju_zabelj_preslica.jpg\" alt=\"Gel Sudex z \u017eajbljem in preslico proti potenju nog in neprijetnemu vonju\" width=\"250\" height=\"245\" \/><\/a><\/p>\n<p>&nbsp;<\/p>\n<p>Navodila za uporabo gela proti potenju nog<\/p>\n<div class=\"std\">\n<p>Nanesite vsak dan zjutraj in zve\u010der na \u010disto in zdravo ko\u017eo.\u00a0 Ne\u017eno vmasirajte v podplate in med prsti.<\/p>\n<p>Ponavljajte dva do tri tedne in nato postopoma prenehajte z uporabo.<\/p>\n<p>Pazite, da ne zaide v o\u010di.<\/p>\n<p>&nbsp;<\/p>\n<p>Vsebina: 50ml<\/p>\n<p>Proizvedeno v Franciji<\/p>\n<\/div>\n","protected":false},"excerpt":{"rendered":"<p>Sudex gel pomaga pri potenju nog in prepre\u010duje nastenek neprijetnega vonja. Gel Sudex prepre\u010duje pretirano potenje nog in deluje antibakterijsko. Gel prepre\u010duje pretirano potenje nog, nastanek neprijetnega vonja, vsebuje antibakterijske ter protiglivi\u010dne u\u010dinkovine. SUDEX\u00a0 gel u\u010dinkuje na vse tipe potu, prepre\u010duje pretirano vla\u017eenje ko\u017ee, bla\u017ei peko\u010d ob\u010dutek in srbenje. Gel proti potenju deluje na osnovi: [&hellip;]<\/p>\n","protected":false},"featured_media":98825,"comment_status":"closed","ping_status":"closed","template":"","meta":{"_uag_custom_page_level_css":"","_monsterinsights_skip_tracking":false,"_monsterinsights_sitenote_active":false,"_monsterinsights_sitenote_note":"","_monsterinsights_sitenote_category":0,"site-sidebar-layout":"default","site-content-layout":"","ast-site-content-layout":"default","site-content-style":"default","site-sidebar-style":"default","ast-global-header-display":"","ast-banner-title-visibility":"","ast-main-header-display":"","ast-hfb-above-header-display":"","ast-hfb-below-header-display":"","ast-hfb-mobile-header-display":"","site-post-title":"","ast-breadcrumbs-content":"","ast-featured-img":"","footer-sml-layout":"","ast-disable-related-posts":"","theme-transparent-header-meta":"","adv-header-id-meta":"","stick-header-meta":"","header-above-stick-meta":"","header-main-stick-meta":"","header-below-stick-meta":"","astra-migrate-meta-layouts":"default","ast-page-background-enabled":"default","ast-page-background-meta":{"desktop":{"background-color":"var(--ast-global-color-4)","background-image":"","background-repeat":"repeat","background-position":"center center","background-size":"auto","background-attachment":"scroll","background-type":"","background-media":"","overlay-type":"","overlay-color":"","overlay-opacity":"","overlay-gradient":""},"tablet":{"background-color":"","background-image":"","background-repeat":"repeat","background-position":"center center","background-size":"auto","background-attachment":"scroll","background-type":"","background-media":"","overlay-type":"","overlay-color":"","overlay-opacity":"","overlay-gradient":""},"mobile":{"background-color":"","background-image":"","background-repeat":"repeat","background-position":"center center","background-size":"auto","background-attachment":"scroll","background-type":"","background-media":"","overlay-type":"","overlay-color":"","overlay-opacity":"","overlay-gradient":""}},"ast-content-background-meta":{"desktop":{"background-color":"var(--ast-global-color-5)","background-image":"","background-repeat":"repeat","background-position":"center center","background-size":"auto","background-attachment":"scroll","background-type":"","background-media":"","overlay-type":"","overlay-color":"","overlay-opacity":"","overlay-gradient":""},"tablet":{"background-color":"var(--ast-global-color-5)","background-image":"","background-repeat":"repeat","background-position":"center center","background-size":"auto","background-attachment":"scroll","background-type":"","background-media":"","overlay-type":"","overlay-color":"","overlay-opacity":"","overlay-gradient":""},"mobile":{"background-color":"var(--ast-global-color-5)","background-image":"","background-repeat":"repeat","background-position":"center center","background-size":"auto","background-attachment":"scroll","background-type":"","background-media":"","overlay-type":"","overlay-color":"","overlay-opacity":"","overlay-gradient":""}}},"product_brand":[],"product_cat":[39,40],"product_tag":[],"class_list":{"0":"post-98824","1":"product","2":"type-product","3":"status-publish","4":"has-post-thumbnail","6":"product_cat-stopala","7":"product_cat-zascita-za-kozo","8":"desktop-align-left","9":"tablet-align-left","10":"mobile-align-left","11":"ast-product-gallery-layout-first-image-large","12":"ast-product-gallery-with-no-image","13":"ast-magnify-disabled","14":"ast-product-tabs-layout-horizontal","16":"first","17":"instock","18":"taxable","19":"shipping-taxable","20":"purchasable","21":"product-type-simple"},"yoast_head":"<!-- This site is optimized with the Yoast SEO plugin v26.9 - https:\/\/yoast.com\/product\/yoast-seo-wordpress\/ -->\n<title>Sudex gel proti potenju nog in neprijetnemu vonju - Belle.si kozmeti\u010dna trgovina<\/title>\n<meta name=\"robots\" content=\"index, follow, max-snippet:-1, max-image-preview:large, max-video-preview:-1\" \/>\n<link rel=\"canonical\" href=\"https:\/\/www.belle.si\/it\/izdelek\/sudex-gel-proti-potenju-za-stopala-neprijetnemu-vonju\/\" \/>\n<meta property=\"og:locale\" content=\"it_IT\" \/>\n<meta property=\"og:type\" content=\"article\" \/>\n<meta property=\"og:title\" content=\"Sudex gel proti potenju nog in neprijetnemu vonju - Belle.si kozmeti\u010dna trgovina\" \/>\n<meta property=\"og:description\" content=\"Sudex gel pomaga pri potenju nog in prepre\u010duje nastenek neprijetnega vonja. Gel Sudex prepre\u010duje pretirano potenje nog in deluje antibakterijsko. Gel prepre\u010duje pretirano potenje nog, nastanek neprijetnega vonja, vsebuje antibakterijske ter protiglivi\u010dne u\u010dinkovine. SUDEX\u00a0 gel u\u010dinkuje na vse tipe potu, prepre\u010duje pretirano vla\u017eenje ko\u017ee, bla\u017ei peko\u010d ob\u010dutek in srbenje. Gel proti potenju deluje na osnovi: [&hellip;]\" \/>\n<meta property=\"og:url\" content=\"https:\/\/www.belle.si\/it\/izdelek\/sudex-gel-proti-potenju-za-stopala-neprijetnemu-vonju\/\" \/>\n<meta property=\"og:site_name\" content=\"Belle.si kozmeti\u010dna trgovina\" \/>\n<meta property=\"article:publisher\" content=\"https:\/\/www.facebook.com\/belle.si.cosmetics\/\" \/>\n<meta property=\"article:modified_time\" content=\"2024-12-29T22:32:16+00:00\" \/>\n<meta property=\"og:image\" content=\"https:\/\/www.belle.si\/wp-content\/uploads\/2022\/10\/sudex_krema_proti_potenju_za_stopala.png\" \/>\n\t<meta property=\"og:image:width\" content=\"800\" \/>\n\t<meta property=\"og:image:height\" content=\"800\" \/>\n\t<meta property=\"og:image:type\" content=\"image\/png\" \/>\n<meta name=\"twitter:card\" content=\"summary_large_image\" \/>\n<meta name=\"twitter:label1\" content=\"Tempo di lettura stimato\" \/>\n\t<meta name=\"twitter:data1\" content=\"1 minuto\" \/>\n<script type=\"application\/ld+json\" class=\"yoast-schema-graph\">{\"@context\":\"https:\/\/schema.org\",\"@graph\":[{\"@type\":\"WebPage\",\"@id\":\"https:\/\/www.belle.si\/it\/izdelek\/sudex-gel-proti-potenju-za-stopala-neprijetnemu-vonju\/\",\"url\":\"https:\/\/www.belle.si\/it\/izdelek\/sudex-gel-proti-potenju-za-stopala-neprijetnemu-vonju\/\",\"name\":\"Sudex gel proti potenju nog in neprijetnemu vonju - Belle.si kozmeti\u010dna trgovina\",\"isPartOf\":{\"@id\":\"https:\/\/www.belle.si\/it\/#website\"},\"primaryImageOfPage\":{\"@id\":\"https:\/\/www.belle.si\/it\/izdelek\/sudex-gel-proti-potenju-za-stopala-neprijetnemu-vonju\/#primaryimage\"},\"image\":{\"@id\":\"https:\/\/www.belle.si\/it\/izdelek\/sudex-gel-proti-potenju-za-stopala-neprijetnemu-vonju\/#primaryimage\"},\"thumbnailUrl\":\"https:\/\/www.belle.si\/wp-content\/uploads\/2022\/10\/sudex_krema_proti_potenju_za_stopala.png\",\"datePublished\":\"2020-07-24T12:57:02+00:00\",\"dateModified\":\"2024-12-29T22:32:16+00:00\",\"breadcrumb\":{\"@id\":\"https:\/\/www.belle.si\/it\/izdelek\/sudex-gel-proti-potenju-za-stopala-neprijetnemu-vonju\/#breadcrumb\"},\"inLanguage\":\"it-IT\",\"potentialAction\":[{\"@type\":\"ReadAction\",\"target\":[\"https:\/\/www.belle.si\/it\/izdelek\/sudex-gel-proti-potenju-za-stopala-neprijetnemu-vonju\/\"]}]},{\"@type\":\"ImageObject\",\"inLanguage\":\"it-IT\",\"@id\":\"https:\/\/www.belle.si\/it\/izdelek\/sudex-gel-proti-potenju-za-stopala-neprijetnemu-vonju\/#primaryimage\",\"url\":\"https:\/\/www.belle.si\/wp-content\/uploads\/2022\/10\/sudex_krema_proti_potenju_za_stopala.png\",\"contentUrl\":\"https:\/\/www.belle.si\/wp-content\/uploads\/2022\/10\/sudex_krema_proti_potenju_za_stopala.png\",\"width\":800,\"height\":800,\"caption\":\"Sudex gel proti potenju za stopala\"},{\"@type\":\"BreadcrumbList\",\"@id\":\"https:\/\/www.belle.si\/it\/izdelek\/sudex-gel-proti-potenju-za-stopala-neprijetnemu-vonju\/#breadcrumb\",\"itemListElement\":[{\"@type\":\"ListItem\",\"position\":1,\"name\":\"Home\",\"item\":\"https:\/\/www.belle.si\/it\/\"},{\"@type\":\"ListItem\",\"position\":2,\"name\":\"Trgovina\",\"item\":\"https:\/\/www.belle.si\/trgovina\/\"},{\"@type\":\"ListItem\",\"position\":3,\"name\":\"Sudex gel proti potenju nog in neprijetnemu vonju\"}]},{\"@type\":\"WebSite\",\"@id\":\"https:\/\/www.belle.si\/it\/#website\",\"url\":\"https:\/\/www.belle.si\/it\/\",\"name\":\"Belle.si kozmeti\u010dna trgovina\",\"description\":\"\",\"publisher\":{\"@id\":\"https:\/\/www.belle.si\/it\/#organization\"},\"potentialAction\":[{\"@type\":\"SearchAction\",\"target\":{\"@type\":\"EntryPoint\",\"urlTemplate\":\"https:\/\/www.belle.si\/it\/?s={search_term_string}\"},\"query-input\":{\"@type\":\"PropertyValueSpecification\",\"valueRequired\":true,\"valueName\":\"search_term_string\"}}],\"inLanguage\":\"it-IT\"},{\"@type\":\"Organization\",\"@id\":\"https:\/\/www.belle.si\/it\/#organization\",\"name\":\"Belle.si kozmeti\u010dna trgovina\",\"url\":\"https:\/\/www.belle.si\/it\/\",\"logo\":{\"@type\":\"ImageObject\",\"inLanguage\":\"it-IT\",\"@id\":\"https:\/\/www.belle.si\/it\/#\/schema\/logo\/image\/\",\"url\":\"https:\/\/www.belle.si\/wp-content\/uploads\/2022\/10\/cropped-logo_belle_trgovina.png\",\"contentUrl\":\"https:\/\/www.belle.si\/wp-content\/uploads\/2022\/10\/cropped-logo_belle_trgovina.png\",\"width\":270,\"height\":135,\"caption\":\"Belle.si kozmeti\u010dna trgovina\"},\"image\":{\"@id\":\"https:\/\/www.belle.si\/it\/#\/schema\/logo\/image\/\"},\"sameAs\":[\"https:\/\/www.facebook.com\/belle.si.cosmetics\/\",\"https:\/\/www.instagram.com\/belle.si.cosmetics\/\"]}]}<\/script>\n<!-- \/ Yoast SEO plugin. -->","yoast_head_json":{"title":"Sudex gel proti potenju nog in neprijetnemu vonju - Belle.si kozmeti\u010dna trgovina","robots":{"index":"index","follow":"follow","max-snippet":"max-snippet:-1","max-image-preview":"max-image-preview:large","max-video-preview":"max-video-preview:-1"},"canonical":"https:\/\/www.belle.si\/it\/izdelek\/sudex-gel-proti-potenju-za-stopala-neprijetnemu-vonju\/","og_locale":"it_IT","og_type":"article","og_title":"Sudex gel proti potenju nog in neprijetnemu vonju - Belle.si kozmeti\u010dna trgovina","og_description":"Sudex gel pomaga pri potenju nog in prepre\u010duje nastenek neprijetnega vonja. Gel Sudex prepre\u010duje pretirano potenje nog in deluje antibakterijsko. Gel prepre\u010duje pretirano potenje nog, nastanek neprijetnega vonja, vsebuje antibakterijske ter protiglivi\u010dne u\u010dinkovine. SUDEX\u00a0 gel u\u010dinkuje na vse tipe potu, prepre\u010duje pretirano vla\u017eenje ko\u017ee, bla\u017ei peko\u010d ob\u010dutek in srbenje. Gel proti potenju deluje na osnovi: [&hellip;]","og_url":"https:\/\/www.belle.si\/it\/izdelek\/sudex-gel-proti-potenju-za-stopala-neprijetnemu-vonju\/","og_site_name":"Belle.si kozmeti\u010dna trgovina","article_publisher":"https:\/\/www.facebook.com\/belle.si.cosmetics\/","article_modified_time":"2024-12-29T22:32:16+00:00","og_image":[{"width":800,"height":800,"url":"https:\/\/www.belle.si\/wp-content\/uploads\/2022\/10\/sudex_krema_proti_potenju_za_stopala.png","type":"image\/png"}],"twitter_card":"summary_large_image","twitter_misc":{"Tempo di lettura stimato":"1 minuto"},"schema":{"@context":"https:\/\/schema.org","@graph":[{"@type":"WebPage","@id":"https:\/\/www.belle.si\/it\/izdelek\/sudex-gel-proti-potenju-za-stopala-neprijetnemu-vonju\/","url":"https:\/\/www.belle.si\/it\/izdelek\/sudex-gel-proti-potenju-za-stopala-neprijetnemu-vonju\/","name":"Sudex gel proti potenju nog in neprijetnemu vonju - Belle.si kozmeti\u010dna trgovina","isPartOf":{"@id":"https:\/\/www.belle.si\/it\/#website"},"primaryImageOfPage":{"@id":"https:\/\/www.belle.si\/it\/izdelek\/sudex-gel-proti-potenju-za-stopala-neprijetnemu-vonju\/#primaryimage"},"image":{"@id":"https:\/\/www.belle.si\/it\/izdelek\/sudex-gel-proti-potenju-za-stopala-neprijetnemu-vonju\/#primaryimage"},"thumbnailUrl":"https:\/\/www.belle.si\/wp-content\/uploads\/2022\/10\/sudex_krema_proti_potenju_za_stopala.png","datePublished":"2020-07-24T12:57:02+00:00","dateModified":"2024-12-29T22:32:16+00:00","breadcrumb":{"@id":"https:\/\/www.belle.si\/it\/izdelek\/sudex-gel-proti-potenju-za-stopala-neprijetnemu-vonju\/#breadcrumb"},"inLanguage":"it-IT","potentialAction":[{"@type":"ReadAction","target":["https:\/\/www.belle.si\/it\/izdelek\/sudex-gel-proti-potenju-za-stopala-neprijetnemu-vonju\/"]}]},{"@type":"ImageObject","inLanguage":"it-IT","@id":"https:\/\/www.belle.si\/it\/izdelek\/sudex-gel-proti-potenju-za-stopala-neprijetnemu-vonju\/#primaryimage","url":"https:\/\/www.belle.si\/wp-content\/uploads\/2022\/10\/sudex_krema_proti_potenju_za_stopala.png","contentUrl":"https:\/\/www.belle.si\/wp-content\/uploads\/2022\/10\/sudex_krema_proti_potenju_za_stopala.png","width":800,"height":800,"caption":"Sudex gel proti potenju za stopala"},{"@type":"BreadcrumbList","@id":"https:\/\/www.belle.si\/it\/izdelek\/sudex-gel-proti-potenju-za-stopala-neprijetnemu-vonju\/#breadcrumb","itemListElement":[{"@type":"ListItem","position":1,"name":"Home","item":"https:\/\/www.belle.si\/it\/"},{"@type":"ListItem","position":2,"name":"Trgovina","item":"https:\/\/www.belle.si\/trgovina\/"},{"@type":"ListItem","position":3,"name":"Sudex gel proti potenju nog in neprijetnemu vonju"}]},{"@type":"WebSite","@id":"https:\/\/www.belle.si\/it\/#website","url":"https:\/\/www.belle.si\/it\/","name":"Belle.si kozmeti\u010dna trgovina","description":"","publisher":{"@id":"https:\/\/www.belle.si\/it\/#organization"},"potentialAction":[{"@type":"SearchAction","target":{"@type":"EntryPoint","urlTemplate":"https:\/\/www.belle.si\/it\/?s={search_term_string}"},"query-input":{"@type":"PropertyValueSpecification","valueRequired":true,"valueName":"search_term_string"}}],"inLanguage":"it-IT"},{"@type":"Organization","@id":"https:\/\/www.belle.si\/it\/#organization","name":"Belle.si kozmeti\u010dna trgovina","url":"https:\/\/www.belle.si\/it\/","logo":{"@type":"ImageObject","inLanguage":"it-IT","@id":"https:\/\/www.belle.si\/it\/#\/schema\/logo\/image\/","url":"https:\/\/www.belle.si\/wp-content\/uploads\/2022\/10\/cropped-logo_belle_trgovina.png","contentUrl":"https:\/\/www.belle.si\/wp-content\/uploads\/2022\/10\/cropped-logo_belle_trgovina.png","width":270,"height":135,"caption":"Belle.si kozmeti\u010dna trgovina"},"image":{"@id":"https:\/\/www.belle.si\/it\/#\/schema\/logo\/image\/"},"sameAs":["https:\/\/www.facebook.com\/belle.si.cosmetics\/","https:\/\/www.instagram.com\/belle.si.cosmetics\/"]}]}},"uagb_featured_image_src":{"full":["https:\/\/www.belle.si\/wp-content\/uploads\/2022\/10\/sudex_krema_proti_potenju_za_stopala.png",800,800,false],"thumbnail":["https:\/\/www.belle.si\/wp-content\/uploads\/2022\/10\/sudex_krema_proti_potenju_za_stopala-150x150.png",150,150,true],"medium":["https:\/\/www.belle.si\/wp-content\/uploads\/2022\/10\/sudex_krema_proti_potenju_za_stopala-300x300.png",300,300,true],"medium_large":["https:\/\/www.belle.si\/wp-content\/uploads\/2022\/10\/sudex_krema_proti_potenju_za_stopala-768x768.png",768,768,true],"large":["https:\/\/www.belle.si\/wp-content\/uploads\/2022\/10\/sudex_krema_proti_potenju_za_stopala.png",800,800,false],"1536x1536":["https:\/\/www.belle.si\/wp-content\/uploads\/2022\/10\/sudex_krema_proti_potenju_za_stopala.png",800,800,false],"2048x2048":["https:\/\/www.belle.si\/wp-content\/uploads\/2022\/10\/sudex_krema_proti_potenju_za_stopala.png",800,800,false],"mailpoet_newsletter_max":["https:\/\/www.belle.si\/wp-content\/uploads\/2022\/10\/sudex_krema_proti_potenju_za_stopala.png",800,800,false],"woocommerce_thumbnail":["https:\/\/www.belle.si\/wp-content\/uploads\/2022\/10\/sudex_krema_proti_potenju_za_stopala-300x300.png",300,300,true],"woocommerce_single":["https:\/\/www.belle.si\/wp-content\/uploads\/2022\/10\/sudex_krema_proti_potenju_za_stopala-600x600.png",600,600,true],"woocommerce_gallery_thumbnail":["https:\/\/www.belle.si\/wp-content\/uploads\/2022\/10\/sudex_krema_proti_potenju_za_stopala-100x100.png",100,100,true]},"uagb_author_info":{"display_name":"taja","author_link":"https:\/\/www.belle.si\/it\/author\/"},"uagb_comment_info":0,"uagb_excerpt":"Sudex gel pomaga pri potenju nog in prepre\u010duje nastenek neprijetnega vonja. Gel Sudex prepre\u010duje pretirano potenje nog in deluje antibakterijsko. Gel prepre\u010duje pretirano potenje nog, nastanek neprijetnega vonja, vsebuje antibakterijske ter protiglivi\u010dne u\u010dinkovine. SUDEX\u00a0 gel u\u010dinkuje na vse tipe potu, prepre\u010duje pretirano vla\u017eenje ko\u017ee, bla\u017ei peko\u010d ob\u010dutek in srbenje. Gel proti potenju deluje na osnovi:&hellip;","_links":{"self":[{"href":"https:\/\/www.belle.si\/it\/wp-json\/wp\/v2\/product\/98824","targetHints":{"allow":["GET"]}}],"collection":[{"href":"https:\/\/www.belle.si\/it\/wp-json\/wp\/v2\/product"}],"about":[{"href":"https:\/\/www.belle.si\/it\/wp-json\/wp\/v2\/types\/product"}],"replies":[{"embeddable":true,"href":"https:\/\/www.belle.si\/it\/wp-json\/wp\/v2\/comments?post=98824"}],"wp:featuredmedia":[{"embeddable":true,"href":"https:\/\/www.belle.si\/it\/wp-json\/wp\/v2\/media\/98825"}],"wp:attachment":[{"href":"https:\/\/www.belle.si\/it\/wp-json\/wp\/v2\/media?parent=98824"}],"wp:term":[{"taxonomy":"product_brand","embeddable":true,"href":"https:\/\/www.belle.si\/it\/wp-json\/wp\/v2\/product_brand?post=98824"},{"taxonomy":"product_cat","embeddable":true,"href":"https:\/\/www.belle.si\/it\/wp-json\/wp\/v2\/product_cat?post=98824"},{"taxonomy":"product_tag","embeddable":true,"href":"https:\/\/www.belle.si\/it\/wp-json\/wp\/v2\/product_tag?post=98824"}],"curies":[{"name":"wp","href":"https:\/\/api.w.org\/{rel}","templated":true}]}}