{"id":98819,"date":"2020-07-24T12:20:00","date_gmt":"2020-07-24T12:20:00","guid":{"rendered":"https:\/\/belle.zabica.org\/?post_type=product&#038;p=98819"},"modified":"2024-12-29T23:32:16","modified_gmt":"2024-12-29T22:32:16","slug":"gel-za-nego-stopal-s-plovcem-odstrani-odmrle-celice","status":"publish","type":"product","link":"https:\/\/www.belle.si\/it\/izdelek\/gel-za-nego-stopal-s-plovcem-odstrani-odmrle-celice\/","title":{"rendered":"Gel za nego stopal s plovcem, ki odstrani odmrle celice"},"content":{"rendered":"<h2>Gel za suho ko\u017eo je idealen za vse, ki imate te\u017eave s ko\u017eo na stopalih.<\/h2>\n<p>\u010ce vam ko\u017ea poka, se su\u0161i ali je po\u0161kodovana, si lahko pomagate z na\u0161im gelom, ki vsebuje zdravilno:<\/p>\n<ul>\n<li>jojobo,<\/li>\n<li>karite in<\/li>\n<li>argan.<\/li>\n<\/ul>\n<p>&nbsp;<\/p>\n<p><a href=\"https:\/\/www.belle.si\/wp-content\/uploads\/2020\/07\/gel_v_tubi_s_plovcem_za_stopala.png\"><img fetchpriority=\"high\" decoding=\"async\" class=\"wp-image-98823 alignnone\" src=\"https:\/\/www.belle.si\/wp-content\/uploads\/2020\/07\/gel_v_tubi_s_plovcem_za_stopala.png\" alt=\"Gel za stopala v tubi s plovcem\" width=\"378\" height=\"215\" \/><\/a><\/p>\n<p>Na tubi je pritrjen tudi plovec s katerim ko\u017eo podrgnete, odstranite odmrle celice in vmasirate kremo globoko pod povrhnjico.<\/p>\n<p class=\"subtitle\">Navodila za uporabo gela za stopala<\/p>\n<p>Ko\u017eo na stopalih zdrgnite in vmasirajte v ko\u017eo 2 x na dan, zjutraj in zve\u010der.<\/p>\n<p>Pazite, da ne zaide v o\u010di.<\/p>\n<p><a href=\"https:\/\/www.belle.si\/wp-content\/uploads\/2020\/07\/gel_za_stopala_s_plovcem_uporaba.jpg\"><img decoding=\"async\" class=\" wp-image-98821 alignnone\" src=\"https:\/\/www.belle.si\/wp-content\/uploads\/2020\/07\/gel_za_stopala_s_plovcem_uporaba.jpg\" alt=\"Gel za stopala z splovcem z jojobo, arganom in karitejem uporaba\" width=\"372\" height=\"257\" \/><\/a><\/p>\n<p>&nbsp;<\/p>\n<p>Vsebina: gel 50ml v tubi<\/p>\n<p>Proizvedeno v Franciji<\/p>\n","protected":false},"excerpt":{"rendered":"<p>Gel za suho ko\u017eo je idealen za vse, ki imate te\u017eave s ko\u017eo na stopalih. \u010ce vam ko\u017ea poka, se su\u0161i ali je po\u0161kodovana, si lahko pomagate z na\u0161im gelom, ki vsebuje zdravilno: jojobo, karite in argan. &nbsp; Na tubi je pritrjen tudi plovec s katerim ko\u017eo podrgnete, odstranite odmrle celice in vmasirate kremo globoko [&hellip;]<\/p>\n","protected":false},"featured_media":98820,"comment_status":"closed","ping_status":"closed","template":"","meta":{"_uag_custom_page_level_css":"","_monsterinsights_skip_tracking":false,"_monsterinsights_sitenote_active":false,"_monsterinsights_sitenote_note":"","_monsterinsights_sitenote_category":0,"site-sidebar-layout":"default","site-content-layout":"","ast-site-content-layout":"default","site-content-style":"default","site-sidebar-style":"default","ast-global-header-display":"","ast-banner-title-visibility":"","ast-main-header-display":"","ast-hfb-above-header-display":"","ast-hfb-below-header-display":"","ast-hfb-mobile-header-display":"","site-post-title":"","ast-breadcrumbs-content":"","ast-featured-img":"","footer-sml-layout":"","ast-disable-related-posts":"","theme-transparent-header-meta":"","adv-header-id-meta":"","stick-header-meta":"","header-above-stick-meta":"","header-main-stick-meta":"","header-below-stick-meta":"","astra-migrate-meta-layouts":"default","ast-page-background-enabled":"default","ast-page-background-meta":{"desktop":{"background-color":"var(--ast-global-color-4)","background-image":"","background-repeat":"repeat","background-position":"center center","background-size":"auto","background-attachment":"scroll","background-type":"","background-media":"","overlay-type":"","overlay-color":"","overlay-opacity":"","overlay-gradient":""},"tablet":{"background-color":"","background-image":"","background-repeat":"repeat","background-position":"center center","background-size":"auto","background-attachment":"scroll","background-type":"","background-media":"","overlay-type":"","overlay-color":"","overlay-opacity":"","overlay-gradient":""},"mobile":{"background-color":"","background-image":"","background-repeat":"repeat","background-position":"center center","background-size":"auto","background-attachment":"scroll","background-type":"","background-media":"","overlay-type":"","overlay-color":"","overlay-opacity":"","overlay-gradient":""}},"ast-content-background-meta":{"desktop":{"background-color":"var(--ast-global-color-5)","background-image":"","background-repeat":"repeat","background-position":"center center","background-size":"auto","background-attachment":"scroll","background-type":"","background-media":"","overlay-type":"","overlay-color":"","overlay-opacity":"","overlay-gradient":""},"tablet":{"background-color":"var(--ast-global-color-5)","background-image":"","background-repeat":"repeat","background-position":"center center","background-size":"auto","background-attachment":"scroll","background-type":"","background-media":"","overlay-type":"","overlay-color":"","overlay-opacity":"","overlay-gradient":""},"mobile":{"background-color":"var(--ast-global-color-5)","background-image":"","background-repeat":"repeat","background-position":"center center","background-size":"auto","background-attachment":"scroll","background-type":"","background-media":"","overlay-type":"","overlay-color":"","overlay-opacity":"","overlay-gradient":""}}},"product_brand":[],"product_cat":[38,39,40],"product_tag":[],"class_list":{"0":"post-98819","1":"product","2":"type-product","3":"status-publish","4":"has-post-thumbnail","6":"product_cat-noge","7":"product_cat-stopala","8":"product_cat-zascita-za-kozo","9":"desktop-align-left","10":"tablet-align-left","11":"mobile-align-left","12":"ast-product-gallery-layout-first-image-large","13":"ast-product-gallery-with-no-image","14":"ast-magnify-disabled","15":"ast-product-tabs-layout-horizontal","17":"first","18":"instock","19":"taxable","20":"shipping-taxable","21":"purchasable","22":"product-type-simple"},"yoast_head":"<!-- This site is optimized with the Yoast SEO plugin v26.9 - https:\/\/yoast.com\/product\/yoast-seo-wordpress\/ -->\n<title>Gel za nego stopal s plovcem, ki odstrani odmrle celice - Belle.si kozmeti\u010dna trgovina<\/title>\n<meta name=\"robots\" content=\"index, follow, max-snippet:-1, max-image-preview:large, max-video-preview:-1\" \/>\n<link rel=\"canonical\" href=\"https:\/\/www.belle.si\/it\/izdelek\/gel-za-nego-stopal-s-plovcem-odstrani-odmrle-celice\/\" \/>\n<meta property=\"og:locale\" content=\"it_IT\" \/>\n<meta property=\"og:type\" content=\"article\" \/>\n<meta property=\"og:title\" content=\"Gel za nego stopal s plovcem, ki odstrani odmrle celice - Belle.si kozmeti\u010dna trgovina\" \/>\n<meta property=\"og:description\" content=\"Gel za suho ko\u017eo je idealen za vse, ki imate te\u017eave s ko\u017eo na stopalih. \u010ce vam ko\u017ea poka, se su\u0161i ali je po\u0161kodovana, si lahko pomagate z na\u0161im gelom, ki vsebuje zdravilno: jojobo, karite in argan. &nbsp; Na tubi je pritrjen tudi plovec s katerim ko\u017eo podrgnete, odstranite odmrle celice in vmasirate kremo globoko [&hellip;]\" \/>\n<meta property=\"og:url\" content=\"https:\/\/www.belle.si\/it\/izdelek\/gel-za-nego-stopal-s-plovcem-odstrani-odmrle-celice\/\" \/>\n<meta property=\"og:site_name\" content=\"Belle.si kozmeti\u010dna trgovina\" \/>\n<meta property=\"article:publisher\" content=\"https:\/\/www.facebook.com\/belle.si.cosmetics\/\" \/>\n<meta property=\"article:modified_time\" content=\"2024-12-29T22:32:16+00:00\" \/>\n<meta property=\"og:image\" content=\"https:\/\/www.belle.si\/wp-content\/uploads\/2022\/10\/gel_za_stopala_s_plovcem.png\" \/>\n\t<meta property=\"og:image:width\" content=\"800\" \/>\n\t<meta property=\"og:image:height\" content=\"800\" \/>\n\t<meta property=\"og:image:type\" content=\"image\/png\" \/>\n<meta name=\"twitter:card\" content=\"summary_large_image\" \/>\n<meta name=\"twitter:label1\" content=\"Tempo di lettura stimato\" \/>\n\t<meta name=\"twitter:data1\" content=\"1 minuto\" \/>\n<script type=\"application\/ld+json\" class=\"yoast-schema-graph\">{\"@context\":\"https:\/\/schema.org\",\"@graph\":[{\"@type\":\"WebPage\",\"@id\":\"https:\/\/www.belle.si\/it\/izdelek\/gel-za-nego-stopal-s-plovcem-odstrani-odmrle-celice\/\",\"url\":\"https:\/\/www.belle.si\/it\/izdelek\/gel-za-nego-stopal-s-plovcem-odstrani-odmrle-celice\/\",\"name\":\"Gel za nego stopal s plovcem, ki odstrani odmrle celice - Belle.si kozmeti\u010dna trgovina\",\"isPartOf\":{\"@id\":\"https:\/\/www.belle.si\/it\/#website\"},\"primaryImageOfPage\":{\"@id\":\"https:\/\/www.belle.si\/it\/izdelek\/gel-za-nego-stopal-s-plovcem-odstrani-odmrle-celice\/#primaryimage\"},\"image\":{\"@id\":\"https:\/\/www.belle.si\/it\/izdelek\/gel-za-nego-stopal-s-plovcem-odstrani-odmrle-celice\/#primaryimage\"},\"thumbnailUrl\":\"https:\/\/www.belle.si\/wp-content\/uploads\/2022\/10\/gel_za_stopala_s_plovcem.png\",\"datePublished\":\"2020-07-24T12:20:00+00:00\",\"dateModified\":\"2024-12-29T22:32:16+00:00\",\"breadcrumb\":{\"@id\":\"https:\/\/www.belle.si\/it\/izdelek\/gel-za-nego-stopal-s-plovcem-odstrani-odmrle-celice\/#breadcrumb\"},\"inLanguage\":\"it-IT\",\"potentialAction\":[{\"@type\":\"ReadAction\",\"target\":[\"https:\/\/www.belle.si\/it\/izdelek\/gel-za-nego-stopal-s-plovcem-odstrani-odmrle-celice\/\"]}]},{\"@type\":\"ImageObject\",\"inLanguage\":\"it-IT\",\"@id\":\"https:\/\/www.belle.si\/it\/izdelek\/gel-za-nego-stopal-s-plovcem-odstrani-odmrle-celice\/#primaryimage\",\"url\":\"https:\/\/www.belle.si\/wp-content\/uploads\/2022\/10\/gel_za_stopala_s_plovcem.png\",\"contentUrl\":\"https:\/\/www.belle.si\/wp-content\/uploads\/2022\/10\/gel_za_stopala_s_plovcem.png\",\"width\":800,\"height\":800,\"caption\":\"Gel za stopala s plovcem vsebuje me\u0161anico jojob\"},{\"@type\":\"BreadcrumbList\",\"@id\":\"https:\/\/www.belle.si\/it\/izdelek\/gel-za-nego-stopal-s-plovcem-odstrani-odmrle-celice\/#breadcrumb\",\"itemListElement\":[{\"@type\":\"ListItem\",\"position\":1,\"name\":\"Home\",\"item\":\"https:\/\/www.belle.si\/it\/\"},{\"@type\":\"ListItem\",\"position\":2,\"name\":\"Trgovina\",\"item\":\"https:\/\/www.belle.si\/trgovina\/\"},{\"@type\":\"ListItem\",\"position\":3,\"name\":\"Gel za nego stopal s plovcem, ki odstrani odmrle celice\"}]},{\"@type\":\"WebSite\",\"@id\":\"https:\/\/www.belle.si\/it\/#website\",\"url\":\"https:\/\/www.belle.si\/it\/\",\"name\":\"Belle.si kozmeti\u010dna trgovina\",\"description\":\"\",\"publisher\":{\"@id\":\"https:\/\/www.belle.si\/it\/#organization\"},\"potentialAction\":[{\"@type\":\"SearchAction\",\"target\":{\"@type\":\"EntryPoint\",\"urlTemplate\":\"https:\/\/www.belle.si\/it\/?s={search_term_string}\"},\"query-input\":{\"@type\":\"PropertyValueSpecification\",\"valueRequired\":true,\"valueName\":\"search_term_string\"}}],\"inLanguage\":\"it-IT\"},{\"@type\":\"Organization\",\"@id\":\"https:\/\/www.belle.si\/it\/#organization\",\"name\":\"Belle.si kozmeti\u010dna trgovina\",\"url\":\"https:\/\/www.belle.si\/it\/\",\"logo\":{\"@type\":\"ImageObject\",\"inLanguage\":\"it-IT\",\"@id\":\"https:\/\/www.belle.si\/it\/#\/schema\/logo\/image\/\",\"url\":\"https:\/\/www.belle.si\/wp-content\/uploads\/2022\/10\/cropped-logo_belle_trgovina.png\",\"contentUrl\":\"https:\/\/www.belle.si\/wp-content\/uploads\/2022\/10\/cropped-logo_belle_trgovina.png\",\"width\":270,\"height\":135,\"caption\":\"Belle.si kozmeti\u010dna trgovina\"},\"image\":{\"@id\":\"https:\/\/www.belle.si\/it\/#\/schema\/logo\/image\/\"},\"sameAs\":[\"https:\/\/www.facebook.com\/belle.si.cosmetics\/\",\"https:\/\/www.instagram.com\/belle.si.cosmetics\/\"]}]}<\/script>\n<!-- \/ Yoast SEO plugin. -->","yoast_head_json":{"title":"Gel za nego stopal s plovcem, ki odstrani odmrle celice - Belle.si kozmeti\u010dna trgovina","robots":{"index":"index","follow":"follow","max-snippet":"max-snippet:-1","max-image-preview":"max-image-preview:large","max-video-preview":"max-video-preview:-1"},"canonical":"https:\/\/www.belle.si\/it\/izdelek\/gel-za-nego-stopal-s-plovcem-odstrani-odmrle-celice\/","og_locale":"it_IT","og_type":"article","og_title":"Gel za nego stopal s plovcem, ki odstrani odmrle celice - Belle.si kozmeti\u010dna trgovina","og_description":"Gel za suho ko\u017eo je idealen za vse, ki imate te\u017eave s ko\u017eo na stopalih. \u010ce vam ko\u017ea poka, se su\u0161i ali je po\u0161kodovana, si lahko pomagate z na\u0161im gelom, ki vsebuje zdravilno: jojobo, karite in argan. &nbsp; Na tubi je pritrjen tudi plovec s katerim ko\u017eo podrgnete, odstranite odmrle celice in vmasirate kremo globoko [&hellip;]","og_url":"https:\/\/www.belle.si\/it\/izdelek\/gel-za-nego-stopal-s-plovcem-odstrani-odmrle-celice\/","og_site_name":"Belle.si kozmeti\u010dna trgovina","article_publisher":"https:\/\/www.facebook.com\/belle.si.cosmetics\/","article_modified_time":"2024-12-29T22:32:16+00:00","og_image":[{"width":800,"height":800,"url":"https:\/\/www.belle.si\/wp-content\/uploads\/2022\/10\/gel_za_stopala_s_plovcem.png","type":"image\/png"}],"twitter_card":"summary_large_image","twitter_misc":{"Tempo di lettura stimato":"1 minuto"},"schema":{"@context":"https:\/\/schema.org","@graph":[{"@type":"WebPage","@id":"https:\/\/www.belle.si\/it\/izdelek\/gel-za-nego-stopal-s-plovcem-odstrani-odmrle-celice\/","url":"https:\/\/www.belle.si\/it\/izdelek\/gel-za-nego-stopal-s-plovcem-odstrani-odmrle-celice\/","name":"Gel za nego stopal s plovcem, ki odstrani odmrle celice - Belle.si kozmeti\u010dna trgovina","isPartOf":{"@id":"https:\/\/www.belle.si\/it\/#website"},"primaryImageOfPage":{"@id":"https:\/\/www.belle.si\/it\/izdelek\/gel-za-nego-stopal-s-plovcem-odstrani-odmrle-celice\/#primaryimage"},"image":{"@id":"https:\/\/www.belle.si\/it\/izdelek\/gel-za-nego-stopal-s-plovcem-odstrani-odmrle-celice\/#primaryimage"},"thumbnailUrl":"https:\/\/www.belle.si\/wp-content\/uploads\/2022\/10\/gel_za_stopala_s_plovcem.png","datePublished":"2020-07-24T12:20:00+00:00","dateModified":"2024-12-29T22:32:16+00:00","breadcrumb":{"@id":"https:\/\/www.belle.si\/it\/izdelek\/gel-za-nego-stopal-s-plovcem-odstrani-odmrle-celice\/#breadcrumb"},"inLanguage":"it-IT","potentialAction":[{"@type":"ReadAction","target":["https:\/\/www.belle.si\/it\/izdelek\/gel-za-nego-stopal-s-plovcem-odstrani-odmrle-celice\/"]}]},{"@type":"ImageObject","inLanguage":"it-IT","@id":"https:\/\/www.belle.si\/it\/izdelek\/gel-za-nego-stopal-s-plovcem-odstrani-odmrle-celice\/#primaryimage","url":"https:\/\/www.belle.si\/wp-content\/uploads\/2022\/10\/gel_za_stopala_s_plovcem.png","contentUrl":"https:\/\/www.belle.si\/wp-content\/uploads\/2022\/10\/gel_za_stopala_s_plovcem.png","width":800,"height":800,"caption":"Gel za stopala s plovcem vsebuje me\u0161anico jojob"},{"@type":"BreadcrumbList","@id":"https:\/\/www.belle.si\/it\/izdelek\/gel-za-nego-stopal-s-plovcem-odstrani-odmrle-celice\/#breadcrumb","itemListElement":[{"@type":"ListItem","position":1,"name":"Home","item":"https:\/\/www.belle.si\/it\/"},{"@type":"ListItem","position":2,"name":"Trgovina","item":"https:\/\/www.belle.si\/trgovina\/"},{"@type":"ListItem","position":3,"name":"Gel za nego stopal s plovcem, ki odstrani odmrle celice"}]},{"@type":"WebSite","@id":"https:\/\/www.belle.si\/it\/#website","url":"https:\/\/www.belle.si\/it\/","name":"Belle.si kozmeti\u010dna trgovina","description":"","publisher":{"@id":"https:\/\/www.belle.si\/it\/#organization"},"potentialAction":[{"@type":"SearchAction","target":{"@type":"EntryPoint","urlTemplate":"https:\/\/www.belle.si\/it\/?s={search_term_string}"},"query-input":{"@type":"PropertyValueSpecification","valueRequired":true,"valueName":"search_term_string"}}],"inLanguage":"it-IT"},{"@type":"Organization","@id":"https:\/\/www.belle.si\/it\/#organization","name":"Belle.si kozmeti\u010dna trgovina","url":"https:\/\/www.belle.si\/it\/","logo":{"@type":"ImageObject","inLanguage":"it-IT","@id":"https:\/\/www.belle.si\/it\/#\/schema\/logo\/image\/","url":"https:\/\/www.belle.si\/wp-content\/uploads\/2022\/10\/cropped-logo_belle_trgovina.png","contentUrl":"https:\/\/www.belle.si\/wp-content\/uploads\/2022\/10\/cropped-logo_belle_trgovina.png","width":270,"height":135,"caption":"Belle.si kozmeti\u010dna trgovina"},"image":{"@id":"https:\/\/www.belle.si\/it\/#\/schema\/logo\/image\/"},"sameAs":["https:\/\/www.facebook.com\/belle.si.cosmetics\/","https:\/\/www.instagram.com\/belle.si.cosmetics\/"]}]}},"uagb_featured_image_src":{"full":["https:\/\/www.belle.si\/wp-content\/uploads\/2022\/10\/gel_za_stopala_s_plovcem.png",800,800,false],"thumbnail":["https:\/\/www.belle.si\/wp-content\/uploads\/2022\/10\/gel_za_stopala_s_plovcem-150x150.png",150,150,true],"medium":["https:\/\/www.belle.si\/wp-content\/uploads\/2022\/10\/gel_za_stopala_s_plovcem-300x300.png",300,300,true],"medium_large":["https:\/\/www.belle.si\/wp-content\/uploads\/2022\/10\/gel_za_stopala_s_plovcem-768x768.png",768,768,true],"large":["https:\/\/www.belle.si\/wp-content\/uploads\/2022\/10\/gel_za_stopala_s_plovcem.png",800,800,false],"1536x1536":["https:\/\/www.belle.si\/wp-content\/uploads\/2022\/10\/gel_za_stopala_s_plovcem.png",800,800,false],"2048x2048":["https:\/\/www.belle.si\/wp-content\/uploads\/2022\/10\/gel_za_stopala_s_plovcem.png",800,800,false],"mailpoet_newsletter_max":["https:\/\/www.belle.si\/wp-content\/uploads\/2022\/10\/gel_za_stopala_s_plovcem.png",800,800,false],"woocommerce_thumbnail":["https:\/\/www.belle.si\/wp-content\/uploads\/2022\/10\/gel_za_stopala_s_plovcem-300x300.png",300,300,true],"woocommerce_single":["https:\/\/www.belle.si\/wp-content\/uploads\/2022\/10\/gel_za_stopala_s_plovcem-600x600.png",600,600,true],"woocommerce_gallery_thumbnail":["https:\/\/www.belle.si\/wp-content\/uploads\/2022\/10\/gel_za_stopala_s_plovcem-100x100.png",100,100,true]},"uagb_author_info":{"display_name":"taja","author_link":"https:\/\/www.belle.si\/it\/author\/"},"uagb_comment_info":0,"uagb_excerpt":"Gel za suho ko\u017eo je idealen za vse, ki imate te\u017eave s ko\u017eo na stopalih. \u010ce vam ko\u017ea poka, se su\u0161i ali je po\u0161kodovana, si lahko pomagate z na\u0161im gelom, ki vsebuje zdravilno: jojobo, karite in argan. &nbsp; Na tubi je pritrjen tudi plovec s katerim ko\u017eo podrgnete, odstranite odmrle celice in vmasirate kremo globoko&hellip;","_links":{"self":[{"href":"https:\/\/www.belle.si\/it\/wp-json\/wp\/v2\/product\/98819","targetHints":{"allow":["GET"]}}],"collection":[{"href":"https:\/\/www.belle.si\/it\/wp-json\/wp\/v2\/product"}],"about":[{"href":"https:\/\/www.belle.si\/it\/wp-json\/wp\/v2\/types\/product"}],"replies":[{"embeddable":true,"href":"https:\/\/www.belle.si\/it\/wp-json\/wp\/v2\/comments?post=98819"}],"wp:featuredmedia":[{"embeddable":true,"href":"https:\/\/www.belle.si\/it\/wp-json\/wp\/v2\/media\/98820"}],"wp:attachment":[{"href":"https:\/\/www.belle.si\/it\/wp-json\/wp\/v2\/media?parent=98819"}],"wp:term":[{"taxonomy":"product_brand","embeddable":true,"href":"https:\/\/www.belle.si\/it\/wp-json\/wp\/v2\/product_brand?post=98819"},{"taxonomy":"product_cat","embeddable":true,"href":"https:\/\/www.belle.si\/it\/wp-json\/wp\/v2\/product_cat?post=98819"},{"taxonomy":"product_tag","embeddable":true,"href":"https:\/\/www.belle.si\/it\/wp-json\/wp\/v2\/product_tag?post=98819"}],"curies":[{"name":"wp","href":"https:\/\/api.w.org\/{rel}","templated":true}]}}