{"id":98817,"date":"2020-07-24T12:01:53","date_gmt":"2020-07-24T12:01:53","guid":{"rendered":"https:\/\/belle.zabica.org\/?post_type=product&#038;p=98817"},"modified":"2024-12-29T23:32:16","modified_gmt":"2024-12-29T22:32:16","slug":"krema-foot-comfort-za-suho-in-obcutljivo-kozo-na-stopalih","status":"publish","type":"product","link":"https:\/\/www.belle.si\/it\/izdelek\/krema-foot-comfort-za-suho-in-obcutljivo-kozo-na-stopalih\/","title":{"rendered":"Krema Foot Comfort za suho in ob\u010dutljivo ko\u017eo na stopalih"},"content":{"rendered":"<h2>Krema Foot Comfort za suho in ob\u010dutljvo ko\u017eo na stopalih<\/h2>\n<p>Se vam su\u0161i ko\u017ea na stopalih? Vas ko\u017ea pe\u010de, srbi in se lu\u0161\u010di?<\/p>\n<p>Krema FOOT Comfort je zasnovana tako, da \u010dim bolj u\u010dinkovito deluje na problemati\u010dne to\u010dke.<\/p>\n<p>Krema vsebuje naravne u\u010dinkovine v najbolj\u0161ih razmerjih za \u010dim bolj\u0161i u\u010dinek:<\/p>\n<ul>\n<li>jojoba<\/li>\n<li>argan<\/li>\n<li>kartejevo maslo<\/li>\n<\/ul>\n<p>&nbsp;<\/p>\n<p><a href=\"https:\/\/www.belle.si\/izdelek\/krema-foot-comfort-za-suho-in-obcutljivo-kozo-na-stopalih\/\"><img fetchpriority=\"high\" decoding=\"async\" class=\"alignnone wp-image-98818 size-full\" src=\"https:\/\/www.belle.si\/wp-content\/uploads\/2020\/07\/foot_comfort_jojoba_karite_argan_za_noge.jpg\" alt=\"Krema z jojobo, karitejem in arganom za gladko ko\u017eo na stopalih\" width=\"254\" height=\"261\" \/><\/a><\/p>\n<p>&nbsp;<\/p>\n<p>Navodila za uporabo kreme Foot Comfort:<\/p>\n<p>Kremo nanesite na stopala 1x zjutraj ali zve\u010der.<\/p>\n<p>Pazite, da ne zaide v o\u010di.<\/p>\n<p>&nbsp;<\/p>\n<p>Vsebina: krema 50ml<\/p>\n<p>Proizvedeno v Franciji<\/p>\n<p>&nbsp;<\/p>\n","protected":false},"excerpt":{"rendered":"<p>Krema Foot Comfort za suho in ob\u010dutljvo ko\u017eo na stopalih Se vam su\u0161i ko\u017ea na stopalih? Vas ko\u017ea pe\u010de, srbi in se lu\u0161\u010di? Krema FOOT Comfort je zasnovana tako, da \u010dim bolj u\u010dinkovito deluje na problemati\u010dne to\u010dke. Krema vsebuje naravne u\u010dinkovine v najbolj\u0161ih razmerjih za \u010dim bolj\u0161i u\u010dinek: jojoba argan kartejevo maslo &nbsp; &nbsp; Navodila [&hellip;]<\/p>\n","protected":false},"featured_media":98818,"comment_status":"closed","ping_status":"closed","template":"","meta":{"_uag_custom_page_level_css":"","_monsterinsights_skip_tracking":false,"_monsterinsights_sitenote_active":false,"_monsterinsights_sitenote_note":"","_monsterinsights_sitenote_category":0,"site-sidebar-layout":"default","site-content-layout":"","ast-site-content-layout":"default","site-content-style":"default","site-sidebar-style":"default","ast-global-header-display":"","ast-banner-title-visibility":"","ast-main-header-display":"","ast-hfb-above-header-display":"","ast-hfb-below-header-display":"","ast-hfb-mobile-header-display":"","site-post-title":"","ast-breadcrumbs-content":"","ast-featured-img":"","footer-sml-layout":"","ast-disable-related-posts":"","theme-transparent-header-meta":"","adv-header-id-meta":"","stick-header-meta":"","header-above-stick-meta":"","header-main-stick-meta":"","header-below-stick-meta":"","astra-migrate-meta-layouts":"default","ast-page-background-enabled":"default","ast-page-background-meta":{"desktop":{"background-color":"var(--ast-global-color-4)","background-image":"","background-repeat":"repeat","background-position":"center center","background-size":"auto","background-attachment":"scroll","background-type":"","background-media":"","overlay-type":"","overlay-color":"","overlay-opacity":"","overlay-gradient":""},"tablet":{"background-color":"","background-image":"","background-repeat":"repeat","background-position":"center center","background-size":"auto","background-attachment":"scroll","background-type":"","background-media":"","overlay-type":"","overlay-color":"","overlay-opacity":"","overlay-gradient":""},"mobile":{"background-color":"","background-image":"","background-repeat":"repeat","background-position":"center center","background-size":"auto","background-attachment":"scroll","background-type":"","background-media":"","overlay-type":"","overlay-color":"","overlay-opacity":"","overlay-gradient":""}},"ast-content-background-meta":{"desktop":{"background-color":"var(--ast-global-color-5)","background-image":"","background-repeat":"repeat","background-position":"center center","background-size":"auto","background-attachment":"scroll","background-type":"","background-media":"","overlay-type":"","overlay-color":"","overlay-opacity":"","overlay-gradient":""},"tablet":{"background-color":"var(--ast-global-color-5)","background-image":"","background-repeat":"repeat","background-position":"center center","background-size":"auto","background-attachment":"scroll","background-type":"","background-media":"","overlay-type":"","overlay-color":"","overlay-opacity":"","overlay-gradient":""},"mobile":{"background-color":"var(--ast-global-color-5)","background-image":"","background-repeat":"repeat","background-position":"center center","background-size":"auto","background-attachment":"scroll","background-type":"","background-media":"","overlay-type":"","overlay-color":"","overlay-opacity":"","overlay-gradient":""}}},"product_brand":[],"product_cat":[38,39,40],"product_tag":[],"class_list":{"0":"post-98817","1":"product","2":"type-product","3":"status-publish","4":"has-post-thumbnail","6":"product_cat-noge","7":"product_cat-stopala","8":"product_cat-zascita-za-kozo","9":"desktop-align-left","10":"tablet-align-left","11":"mobile-align-left","12":"ast-product-gallery-layout-first-image-large","13":"ast-product-gallery-with-no-image","14":"ast-magnify-disabled","15":"ast-product-tabs-layout-horizontal","17":"first","18":"instock","19":"taxable","20":"shipping-taxable","21":"purchasable","22":"product-type-simple"},"yoast_head":"<!-- This site is optimized with the Yoast SEO plugin v26.9 - https:\/\/yoast.com\/product\/yoast-seo-wordpress\/ -->\n<title>Krema Foot Comfort za suho in ob\u010dutljivo ko\u017eo na stopalih - Belle.si kozmeti\u010dna trgovina<\/title>\n<meta name=\"robots\" content=\"index, follow, max-snippet:-1, max-image-preview:large, max-video-preview:-1\" \/>\n<link rel=\"canonical\" href=\"https:\/\/www.belle.si\/it\/izdelek\/krema-foot-comfort-za-suho-in-obcutljivo-kozo-na-stopalih\/\" \/>\n<meta property=\"og:locale\" content=\"it_IT\" \/>\n<meta property=\"og:type\" content=\"article\" \/>\n<meta property=\"og:title\" content=\"Krema Foot Comfort za suho in ob\u010dutljivo ko\u017eo na stopalih - Belle.si kozmeti\u010dna trgovina\" \/>\n<meta property=\"og:description\" content=\"Krema Foot Comfort za suho in ob\u010dutljvo ko\u017eo na stopalih Se vam su\u0161i ko\u017ea na stopalih? Vas ko\u017ea pe\u010de, srbi in se lu\u0161\u010di? Krema FOOT Comfort je zasnovana tako, da \u010dim bolj u\u010dinkovito deluje na problemati\u010dne to\u010dke. Krema vsebuje naravne u\u010dinkovine v najbolj\u0161ih razmerjih za \u010dim bolj\u0161i u\u010dinek: jojoba argan kartejevo maslo &nbsp; &nbsp; Navodila [&hellip;]\" \/>\n<meta property=\"og:url\" content=\"https:\/\/www.belle.si\/it\/izdelek\/krema-foot-comfort-za-suho-in-obcutljivo-kozo-na-stopalih\/\" \/>\n<meta property=\"og:site_name\" content=\"Belle.si kozmeti\u010dna trgovina\" \/>\n<meta property=\"article:publisher\" content=\"https:\/\/www.facebook.com\/belle.si.cosmetics\/\" \/>\n<meta property=\"article:modified_time\" content=\"2024-12-29T22:32:16+00:00\" \/>\n<meta property=\"og:image\" content=\"https:\/\/www.belle.si\/wp-content\/uploads\/2022\/10\/nega_za_stopala.png\" \/>\n\t<meta property=\"og:image:width\" content=\"800\" \/>\n\t<meta property=\"og:image:height\" content=\"800\" \/>\n\t<meta property=\"og:image:type\" content=\"image\/png\" \/>\n<meta name=\"twitter:card\" content=\"summary_large_image\" \/>\n<script type=\"application\/ld+json\" class=\"yoast-schema-graph\">{\"@context\":\"https:\/\/schema.org\",\"@graph\":[{\"@type\":\"WebPage\",\"@id\":\"https:\/\/www.belle.si\/it\/izdelek\/krema-foot-comfort-za-suho-in-obcutljivo-kozo-na-stopalih\/\",\"url\":\"https:\/\/www.belle.si\/it\/izdelek\/krema-foot-comfort-za-suho-in-obcutljivo-kozo-na-stopalih\/\",\"name\":\"Krema Foot Comfort za suho in ob\u010dutljivo ko\u017eo na stopalih - Belle.si kozmeti\u010dna trgovina\",\"isPartOf\":{\"@id\":\"https:\/\/www.belle.si\/it\/#website\"},\"primaryImageOfPage\":{\"@id\":\"https:\/\/www.belle.si\/it\/izdelek\/krema-foot-comfort-za-suho-in-obcutljivo-kozo-na-stopalih\/#primaryimage\"},\"image\":{\"@id\":\"https:\/\/www.belle.si\/it\/izdelek\/krema-foot-comfort-za-suho-in-obcutljivo-kozo-na-stopalih\/#primaryimage\"},\"thumbnailUrl\":\"https:\/\/www.belle.si\/wp-content\/uploads\/2022\/10\/nega_za_stopala.png\",\"datePublished\":\"2020-07-24T12:01:53+00:00\",\"dateModified\":\"2024-12-29T22:32:16+00:00\",\"breadcrumb\":{\"@id\":\"https:\/\/www.belle.si\/it\/izdelek\/krema-foot-comfort-za-suho-in-obcutljivo-kozo-na-stopalih\/#breadcrumb\"},\"inLanguage\":\"it-IT\",\"potentialAction\":[{\"@type\":\"ReadAction\",\"target\":[\"https:\/\/www.belle.si\/it\/izdelek\/krema-foot-comfort-za-suho-in-obcutljivo-kozo-na-stopalih\/\"]}]},{\"@type\":\"ImageObject\",\"inLanguage\":\"it-IT\",\"@id\":\"https:\/\/www.belle.si\/it\/izdelek\/krema-foot-comfort-za-suho-in-obcutljivo-kozo-na-stopalih\/#primaryimage\",\"url\":\"https:\/\/www.belle.si\/wp-content\/uploads\/2022\/10\/nega_za_stopala.png\",\"contentUrl\":\"https:\/\/www.belle.si\/wp-content\/uploads\/2022\/10\/nega_za_stopala.png\",\"width\":800,\"height\":800,\"caption\":\"Krema za nego ko\u017ee na stopalih z jojobo\"},{\"@type\":\"BreadcrumbList\",\"@id\":\"https:\/\/www.belle.si\/it\/izdelek\/krema-foot-comfort-za-suho-in-obcutljivo-kozo-na-stopalih\/#breadcrumb\",\"itemListElement\":[{\"@type\":\"ListItem\",\"position\":1,\"name\":\"Home\",\"item\":\"https:\/\/www.belle.si\/it\/\"},{\"@type\":\"ListItem\",\"position\":2,\"name\":\"Trgovina\",\"item\":\"https:\/\/www.belle.si\/trgovina\/\"},{\"@type\":\"ListItem\",\"position\":3,\"name\":\"Krema Foot Comfort za suho in ob\u010dutljivo ko\u017eo na stopalih\"}]},{\"@type\":\"WebSite\",\"@id\":\"https:\/\/www.belle.si\/it\/#website\",\"url\":\"https:\/\/www.belle.si\/it\/\",\"name\":\"Belle.si kozmeti\u010dna trgovina\",\"description\":\"\",\"publisher\":{\"@id\":\"https:\/\/www.belle.si\/it\/#organization\"},\"potentialAction\":[{\"@type\":\"SearchAction\",\"target\":{\"@type\":\"EntryPoint\",\"urlTemplate\":\"https:\/\/www.belle.si\/it\/?s={search_term_string}\"},\"query-input\":{\"@type\":\"PropertyValueSpecification\",\"valueRequired\":true,\"valueName\":\"search_term_string\"}}],\"inLanguage\":\"it-IT\"},{\"@type\":\"Organization\",\"@id\":\"https:\/\/www.belle.si\/it\/#organization\",\"name\":\"Belle.si kozmeti\u010dna trgovina\",\"url\":\"https:\/\/www.belle.si\/it\/\",\"logo\":{\"@type\":\"ImageObject\",\"inLanguage\":\"it-IT\",\"@id\":\"https:\/\/www.belle.si\/it\/#\/schema\/logo\/image\/\",\"url\":\"https:\/\/www.belle.si\/wp-content\/uploads\/2022\/10\/cropped-logo_belle_trgovina.png\",\"contentUrl\":\"https:\/\/www.belle.si\/wp-content\/uploads\/2022\/10\/cropped-logo_belle_trgovina.png\",\"width\":270,\"height\":135,\"caption\":\"Belle.si kozmeti\u010dna trgovina\"},\"image\":{\"@id\":\"https:\/\/www.belle.si\/it\/#\/schema\/logo\/image\/\"},\"sameAs\":[\"https:\/\/www.facebook.com\/belle.si.cosmetics\/\",\"https:\/\/www.instagram.com\/belle.si.cosmetics\/\"]}]}<\/script>\n<!-- \/ Yoast SEO plugin. -->","yoast_head_json":{"title":"Krema Foot Comfort za suho in ob\u010dutljivo ko\u017eo na stopalih - Belle.si kozmeti\u010dna trgovina","robots":{"index":"index","follow":"follow","max-snippet":"max-snippet:-1","max-image-preview":"max-image-preview:large","max-video-preview":"max-video-preview:-1"},"canonical":"https:\/\/www.belle.si\/it\/izdelek\/krema-foot-comfort-za-suho-in-obcutljivo-kozo-na-stopalih\/","og_locale":"it_IT","og_type":"article","og_title":"Krema Foot Comfort za suho in ob\u010dutljivo ko\u017eo na stopalih - Belle.si kozmeti\u010dna trgovina","og_description":"Krema Foot Comfort za suho in ob\u010dutljvo ko\u017eo na stopalih Se vam su\u0161i ko\u017ea na stopalih? Vas ko\u017ea pe\u010de, srbi in se lu\u0161\u010di? Krema FOOT Comfort je zasnovana tako, da \u010dim bolj u\u010dinkovito deluje na problemati\u010dne to\u010dke. Krema vsebuje naravne u\u010dinkovine v najbolj\u0161ih razmerjih za \u010dim bolj\u0161i u\u010dinek: jojoba argan kartejevo maslo &nbsp; &nbsp; Navodila [&hellip;]","og_url":"https:\/\/www.belle.si\/it\/izdelek\/krema-foot-comfort-za-suho-in-obcutljivo-kozo-na-stopalih\/","og_site_name":"Belle.si kozmeti\u010dna trgovina","article_publisher":"https:\/\/www.facebook.com\/belle.si.cosmetics\/","article_modified_time":"2024-12-29T22:32:16+00:00","og_image":[{"width":800,"height":800,"url":"https:\/\/www.belle.si\/wp-content\/uploads\/2022\/10\/nega_za_stopala.png","type":"image\/png"}],"twitter_card":"summary_large_image","schema":{"@context":"https:\/\/schema.org","@graph":[{"@type":"WebPage","@id":"https:\/\/www.belle.si\/it\/izdelek\/krema-foot-comfort-za-suho-in-obcutljivo-kozo-na-stopalih\/","url":"https:\/\/www.belle.si\/it\/izdelek\/krema-foot-comfort-za-suho-in-obcutljivo-kozo-na-stopalih\/","name":"Krema Foot Comfort za suho in ob\u010dutljivo ko\u017eo na stopalih - Belle.si kozmeti\u010dna trgovina","isPartOf":{"@id":"https:\/\/www.belle.si\/it\/#website"},"primaryImageOfPage":{"@id":"https:\/\/www.belle.si\/it\/izdelek\/krema-foot-comfort-za-suho-in-obcutljivo-kozo-na-stopalih\/#primaryimage"},"image":{"@id":"https:\/\/www.belle.si\/it\/izdelek\/krema-foot-comfort-za-suho-in-obcutljivo-kozo-na-stopalih\/#primaryimage"},"thumbnailUrl":"https:\/\/www.belle.si\/wp-content\/uploads\/2022\/10\/nega_za_stopala.png","datePublished":"2020-07-24T12:01:53+00:00","dateModified":"2024-12-29T22:32:16+00:00","breadcrumb":{"@id":"https:\/\/www.belle.si\/it\/izdelek\/krema-foot-comfort-za-suho-in-obcutljivo-kozo-na-stopalih\/#breadcrumb"},"inLanguage":"it-IT","potentialAction":[{"@type":"ReadAction","target":["https:\/\/www.belle.si\/it\/izdelek\/krema-foot-comfort-za-suho-in-obcutljivo-kozo-na-stopalih\/"]}]},{"@type":"ImageObject","inLanguage":"it-IT","@id":"https:\/\/www.belle.si\/it\/izdelek\/krema-foot-comfort-za-suho-in-obcutljivo-kozo-na-stopalih\/#primaryimage","url":"https:\/\/www.belle.si\/wp-content\/uploads\/2022\/10\/nega_za_stopala.png","contentUrl":"https:\/\/www.belle.si\/wp-content\/uploads\/2022\/10\/nega_za_stopala.png","width":800,"height":800,"caption":"Krema za nego ko\u017ee na stopalih z jojobo"},{"@type":"BreadcrumbList","@id":"https:\/\/www.belle.si\/it\/izdelek\/krema-foot-comfort-za-suho-in-obcutljivo-kozo-na-stopalih\/#breadcrumb","itemListElement":[{"@type":"ListItem","position":1,"name":"Home","item":"https:\/\/www.belle.si\/it\/"},{"@type":"ListItem","position":2,"name":"Trgovina","item":"https:\/\/www.belle.si\/trgovina\/"},{"@type":"ListItem","position":3,"name":"Krema Foot Comfort za suho in ob\u010dutljivo ko\u017eo na stopalih"}]},{"@type":"WebSite","@id":"https:\/\/www.belle.si\/it\/#website","url":"https:\/\/www.belle.si\/it\/","name":"Belle.si kozmeti\u010dna trgovina","description":"","publisher":{"@id":"https:\/\/www.belle.si\/it\/#organization"},"potentialAction":[{"@type":"SearchAction","target":{"@type":"EntryPoint","urlTemplate":"https:\/\/www.belle.si\/it\/?s={search_term_string}"},"query-input":{"@type":"PropertyValueSpecification","valueRequired":true,"valueName":"search_term_string"}}],"inLanguage":"it-IT"},{"@type":"Organization","@id":"https:\/\/www.belle.si\/it\/#organization","name":"Belle.si kozmeti\u010dna trgovina","url":"https:\/\/www.belle.si\/it\/","logo":{"@type":"ImageObject","inLanguage":"it-IT","@id":"https:\/\/www.belle.si\/it\/#\/schema\/logo\/image\/","url":"https:\/\/www.belle.si\/wp-content\/uploads\/2022\/10\/cropped-logo_belle_trgovina.png","contentUrl":"https:\/\/www.belle.si\/wp-content\/uploads\/2022\/10\/cropped-logo_belle_trgovina.png","width":270,"height":135,"caption":"Belle.si kozmeti\u010dna trgovina"},"image":{"@id":"https:\/\/www.belle.si\/it\/#\/schema\/logo\/image\/"},"sameAs":["https:\/\/www.facebook.com\/belle.si.cosmetics\/","https:\/\/www.instagram.com\/belle.si.cosmetics\/"]}]}},"uagb_featured_image_src":{"full":["https:\/\/www.belle.si\/wp-content\/uploads\/2022\/10\/nega_za_stopala.png",800,800,false],"thumbnail":["https:\/\/www.belle.si\/wp-content\/uploads\/2022\/10\/nega_za_stopala-150x150.png",150,150,true],"medium":["https:\/\/www.belle.si\/wp-content\/uploads\/2022\/10\/nega_za_stopala-300x300.png",300,300,true],"medium_large":["https:\/\/www.belle.si\/wp-content\/uploads\/2022\/10\/nega_za_stopala-768x768.png",768,768,true],"large":["https:\/\/www.belle.si\/wp-content\/uploads\/2022\/10\/nega_za_stopala.png",800,800,false],"1536x1536":["https:\/\/www.belle.si\/wp-content\/uploads\/2022\/10\/nega_za_stopala.png",800,800,false],"2048x2048":["https:\/\/www.belle.si\/wp-content\/uploads\/2022\/10\/nega_za_stopala.png",800,800,false],"mailpoet_newsletter_max":["https:\/\/www.belle.si\/wp-content\/uploads\/2022\/10\/nega_za_stopala.png",800,800,false],"woocommerce_thumbnail":["https:\/\/www.belle.si\/wp-content\/uploads\/2022\/10\/nega_za_stopala-300x300.png",300,300,true],"woocommerce_single":["https:\/\/www.belle.si\/wp-content\/uploads\/2022\/10\/nega_za_stopala-600x600.png",600,600,true],"woocommerce_gallery_thumbnail":["https:\/\/www.belle.si\/wp-content\/uploads\/2022\/10\/nega_za_stopala-100x100.png",100,100,true]},"uagb_author_info":{"display_name":"taja","author_link":"https:\/\/www.belle.si\/it\/author\/"},"uagb_comment_info":0,"uagb_excerpt":"Krema Foot Comfort za suho in ob\u010dutljvo ko\u017eo na stopalih Se vam su\u0161i ko\u017ea na stopalih? Vas ko\u017ea pe\u010de, srbi in se lu\u0161\u010di? Krema FOOT Comfort je zasnovana tako, da \u010dim bolj u\u010dinkovito deluje na problemati\u010dne to\u010dke. Krema vsebuje naravne u\u010dinkovine v najbolj\u0161ih razmerjih za \u010dim bolj\u0161i u\u010dinek: jojoba argan kartejevo maslo &nbsp; &nbsp; Navodila&hellip;","_links":{"self":[{"href":"https:\/\/www.belle.si\/it\/wp-json\/wp\/v2\/product\/98817","targetHints":{"allow":["GET"]}}],"collection":[{"href":"https:\/\/www.belle.si\/it\/wp-json\/wp\/v2\/product"}],"about":[{"href":"https:\/\/www.belle.si\/it\/wp-json\/wp\/v2\/types\/product"}],"replies":[{"embeddable":true,"href":"https:\/\/www.belle.si\/it\/wp-json\/wp\/v2\/comments?post=98817"}],"wp:featuredmedia":[{"embeddable":true,"href":"https:\/\/www.belle.si\/it\/wp-json\/wp\/v2\/media\/98818"}],"wp:attachment":[{"href":"https:\/\/www.belle.si\/it\/wp-json\/wp\/v2\/media?parent=98817"}],"wp:term":[{"taxonomy":"product_brand","embeddable":true,"href":"https:\/\/www.belle.si\/it\/wp-json\/wp\/v2\/product_brand?post=98817"},{"taxonomy":"product_cat","embeddable":true,"href":"https:\/\/www.belle.si\/it\/wp-json\/wp\/v2\/product_cat?post=98817"},{"taxonomy":"product_tag","embeddable":true,"href":"https:\/\/www.belle.si\/it\/wp-json\/wp\/v2\/product_tag?post=98817"}],"curies":[{"name":"wp","href":"https:\/\/api.w.org\/{rel}","templated":true}]}}