{"id":98780,"date":"2020-07-08T22:07:54","date_gmt":"2020-07-08T22:07:54","guid":{"rendered":"https:\/\/belle.zabica.org\/?post_type=product&#038;p=98780"},"modified":"2025-03-17T15:07:54","modified_gmt":"2025-03-17T14:07:54","slug":"roll-on-losjon-za-pomoc-pri-vrascenih-dlakah","status":"publish","type":"product","link":"https:\/\/www.belle.si\/it\/izdelek\/roll-on-losjon-za-pomoc-pri-vrascenih-dlakah\/","title":{"rendered":"Roll-on losjon za pomo\u010d pri vra\u0161\u010denih dlakah"},"content":{"rendered":"<p>Posebna formula v losjonu omogo\u010da zdravljenje vra\u0161\u010denih dlak.<\/p>\n<p class=\"subtitle\">Vsi, ki se depilirajo ali brijejo poznajo te\u017eave z vra\u0161\u010denimi dlakami.<\/p>\n<p>Najbolj mote\u010de je, ko se vra\u0161\u010dene dlake pojavijo na intimnih predelih, ob\u010dutljivih delih ko\u017ee in pod pazduho.<\/p>\n<p>Roll-on losjon za pomo\u010d pri vra\u0161\u010denih dlakah, je u\u010dinkovit pri te\u017eavah, ki se pojavijo zaradi odstarenjevanja dlak:<\/p>\n<p>vra\u0161\u010dnede dlake, izpu\u0161\u010daji, rde\u010dica, peko\u010da razdra\u017eena ko\u017ea.<\/p>\n<p>Pri vseh teh te\u017eavah si lahko pomagate z roll-on losjonom, pred in po depilaciji ali britju.<\/p>\n<p>Negovalni roll-on losjon<\/p>\n<ul>\n<li>prepre\u010duje rast dlakam pod ko\u017eo<\/li>\n<li>\u010disti pore<\/li>\n<li>pomoga dlakam, da rastejo ravno in normalno<\/li>\n<li>z redno uporabo zavira rast novih dlak<\/li>\n<\/ul>\n<p>Roll-on losjon lahko uporabljate kot pomo\u010d proti vra\u0161\u010denim dlakam ali kot preventivo proti vra\u0161\u010danju dlak.<\/p>\n<p>Glavne sestavine losjona delujejo zdravilno, antisepti\u010dno in protivnetno ter odstranjujejo odmrlo ko\u017eo.<\/p>\n<p>Losjon vsebuje:<\/p>\n<ul>\n<li>izvle\u010dek ognji\u010da, ki ko\u017eo meh\u010da, deluje zdravilno in protivnetno<\/li>\n<li>izvle\u010dek rastilne <i>Larrea divaricata<\/i>, ki zavira mno\u017eenje celic v korenini dlak<\/li>\n<li>estre salicilne kisline iz vrbe, ki spodbujajo ko\u017ene celice pri obnovi, razgrajujejo odmrle celice, prepre\u010dujejo nastajanje vra\u0161\u010denih dlak in delujejo antisepti\u010dno<\/li>\n<li>Polyquaternium-10 &#8211; naravni penilec, ki \u010disti pore in dlakam omogo\u010di zdravo rast<\/li>\n<li>Bisabolol iz naravnega ekstrakta nem\u0161ke kamlice deluje protivnetno, zdravi razdra\u017eeno ko\u017eo in deluje antimikrobno.<\/li>\n<\/ul>\n<div class=\"panel directions\">\n<p class=\"title\"><strong>Navodilo za uporabo losjona proti vra\u0161\u010denim dlakam<\/strong><\/p>\n<div class=\"std\">\n<p>Roll-on losjon nanesti pred in po odstranjevanju dlak.<br \/>\nZa bolj\u0161i u\u010dinek se priporo\u010da, da losjon uporabljate 1x na dan, vsak dan.<\/p>\n<p>Samo za zunanjo uporabo.<br \/>\n\u010ce bi slu\u010dajno zau\u017eili, takoj pokli\u010dite zdravnika.<br \/>\nPazite, da ne zaide v o\u010di.<br \/>\nV primeru, da pride v stik z o\u010dmi, takoj izperite z veliko vode.<br \/>\nShranjujte izven dosega otrok<\/p>\n<\/div>\n<p>Vsebina: 50ml<\/p>\n<p>Proizvedeno v Franciji<\/p>\n<\/div>\n<div class=\"block incilist\"><\/div>\n","protected":false},"excerpt":{"rendered":"<p>Posebna formula v losjonu omogo\u010da zdravljenje vra\u0161\u010denih dlak. Vsi, ki se depilirajo ali brijejo poznajo te\u017eave z vra\u0161\u010denimi dlakami. Najbolj mote\u010de je, ko se vra\u0161\u010dene dlake pojavijo na intimnih predelih, ob\u010dutljivih delih ko\u017ee in pod pazduho. Roll-on losjon za pomo\u010d pri vra\u0161\u010denih dlakah, je u\u010dinkovit pri te\u017eavah, ki se pojavijo zaradi odstarenjevanja dlak: vra\u0161\u010dnede dlake, [&hellip;]<\/p>\n","protected":false},"featured_media":98781,"comment_status":"closed","ping_status":"closed","template":"","meta":{"_uag_custom_page_level_css":"","_monsterinsights_skip_tracking":false,"_monsterinsights_sitenote_active":false,"_monsterinsights_sitenote_note":"","_monsterinsights_sitenote_category":0,"site-sidebar-layout":"default","site-content-layout":"","ast-site-content-layout":"default","site-content-style":"default","site-sidebar-style":"default","ast-global-header-display":"","ast-banner-title-visibility":"","ast-main-header-display":"","ast-hfb-above-header-display":"","ast-hfb-below-header-display":"","ast-hfb-mobile-header-display":"","site-post-title":"","ast-breadcrumbs-content":"","ast-featured-img":"","footer-sml-layout":"","ast-disable-related-posts":"","theme-transparent-header-meta":"","adv-header-id-meta":"","stick-header-meta":"","header-above-stick-meta":"","header-main-stick-meta":"","header-below-stick-meta":"","astra-migrate-meta-layouts":"default","ast-page-background-enabled":"default","ast-page-background-meta":{"desktop":{"background-color":"var(--ast-global-color-4)","background-image":"","background-repeat":"repeat","background-position":"center center","background-size":"auto","background-attachment":"scroll","background-type":"","background-media":"","overlay-type":"","overlay-color":"","overlay-opacity":"","overlay-gradient":""},"tablet":{"background-color":"","background-image":"","background-repeat":"repeat","background-position":"center center","background-size":"auto","background-attachment":"scroll","background-type":"","background-media":"","overlay-type":"","overlay-color":"","overlay-opacity":"","overlay-gradient":""},"mobile":{"background-color":"","background-image":"","background-repeat":"repeat","background-position":"center center","background-size":"auto","background-attachment":"scroll","background-type":"","background-media":"","overlay-type":"","overlay-color":"","overlay-opacity":"","overlay-gradient":""}},"ast-content-background-meta":{"desktop":{"background-color":"var(--ast-global-color-5)","background-image":"","background-repeat":"repeat","background-position":"center center","background-size":"auto","background-attachment":"scroll","background-type":"","background-media":"","overlay-type":"","overlay-color":"","overlay-opacity":"","overlay-gradient":""},"tablet":{"background-color":"var(--ast-global-color-5)","background-image":"","background-repeat":"repeat","background-position":"center center","background-size":"auto","background-attachment":"scroll","background-type":"","background-media":"","overlay-type":"","overlay-color":"","overlay-opacity":"","overlay-gradient":""},"mobile":{"background-color":"var(--ast-global-color-5)","background-image":"","background-repeat":"repeat","background-position":"center center","background-size":"auto","background-attachment":"scroll","background-type":"","background-media":"","overlay-type":"","overlay-color":"","overlay-opacity":"","overlay-gradient":""}}},"product_brand":[],"product_cat":[37,40],"product_tag":[],"class_list":{"0":"post-98780","1":"product","2":"type-product","3":"status-publish","4":"has-post-thumbnail","6":"product_cat-trajna-depilacija","7":"product_cat-zascita-za-kozo","8":"desktop-align-left","9":"tablet-align-left","10":"mobile-align-left","11":"ast-product-gallery-layout-first-image-large","12":"ast-product-gallery-with-no-image","13":"ast-magnify-disabled","14":"ast-product-tabs-layout-horizontal","16":"first","17":"onbackorder","18":"taxable","19":"shipping-taxable","20":"purchasable","21":"product-type-simple"},"yoast_head":"<!-- This site is optimized with the Yoast SEO plugin v26.9 - https:\/\/yoast.com\/product\/yoast-seo-wordpress\/ -->\n<title>Roll-on losjon za pomo\u010d pri vra\u0161\u010denih dlakah - Belle.si kozmeti\u010dna trgovina<\/title>\n<meta name=\"robots\" content=\"index, follow, max-snippet:-1, max-image-preview:large, max-video-preview:-1\" \/>\n<link rel=\"canonical\" href=\"https:\/\/www.belle.si\/it\/izdelek\/roll-on-losjon-za-pomoc-pri-vrascenih-dlakah\/\" \/>\n<meta property=\"og:locale\" content=\"it_IT\" \/>\n<meta property=\"og:type\" content=\"article\" \/>\n<meta property=\"og:title\" content=\"Roll-on losjon za pomo\u010d pri vra\u0161\u010denih dlakah - Belle.si kozmeti\u010dna trgovina\" \/>\n<meta property=\"og:description\" content=\"Posebna formula v losjonu omogo\u010da zdravljenje vra\u0161\u010denih dlak. Vsi, ki se depilirajo ali brijejo poznajo te\u017eave z vra\u0161\u010denimi dlakami. Najbolj mote\u010de je, ko se vra\u0161\u010dene dlake pojavijo na intimnih predelih, ob\u010dutljivih delih ko\u017ee in pod pazduho. Roll-on losjon za pomo\u010d pri vra\u0161\u010denih dlakah, je u\u010dinkovit pri te\u017eavah, ki se pojavijo zaradi odstarenjevanja dlak: vra\u0161\u010dnede dlake, [&hellip;]\" \/>\n<meta property=\"og:url\" content=\"https:\/\/www.belle.si\/it\/izdelek\/roll-on-losjon-za-pomoc-pri-vrascenih-dlakah\/\" \/>\n<meta property=\"og:site_name\" content=\"Belle.si kozmeti\u010dna trgovina\" \/>\n<meta property=\"article:publisher\" content=\"https:\/\/www.facebook.com\/belle.si.cosmetics\/\" \/>\n<meta property=\"article:modified_time\" content=\"2025-03-17T14:07:54+00:00\" \/>\n<meta property=\"og:image\" content=\"https:\/\/www.belle.si\/wp-content\/uploads\/2022\/10\/roll-on_pomoc-pri-vrascanju-dlak.png\" \/>\n\t<meta property=\"og:image:width\" content=\"800\" \/>\n\t<meta property=\"og:image:height\" content=\"800\" \/>\n\t<meta property=\"og:image:type\" content=\"image\/png\" \/>\n<meta name=\"twitter:card\" content=\"summary_large_image\" \/>\n<meta name=\"twitter:label1\" content=\"Tempo di lettura stimato\" \/>\n\t<meta name=\"twitter:data1\" content=\"2 minuti\" \/>\n<script type=\"application\/ld+json\" class=\"yoast-schema-graph\">{\"@context\":\"https:\/\/schema.org\",\"@graph\":[{\"@type\":\"WebPage\",\"@id\":\"https:\/\/www.belle.si\/it\/izdelek\/roll-on-losjon-za-pomoc-pri-vrascenih-dlakah\/\",\"url\":\"https:\/\/www.belle.si\/it\/izdelek\/roll-on-losjon-za-pomoc-pri-vrascenih-dlakah\/\",\"name\":\"Roll-on losjon za pomo\u010d pri vra\u0161\u010denih dlakah - Belle.si kozmeti\u010dna trgovina\",\"isPartOf\":{\"@id\":\"https:\/\/www.belle.si\/it\/#website\"},\"primaryImageOfPage\":{\"@id\":\"https:\/\/www.belle.si\/it\/izdelek\/roll-on-losjon-za-pomoc-pri-vrascenih-dlakah\/#primaryimage\"},\"image\":{\"@id\":\"https:\/\/www.belle.si\/it\/izdelek\/roll-on-losjon-za-pomoc-pri-vrascenih-dlakah\/#primaryimage\"},\"thumbnailUrl\":\"https:\/\/www.belle.si\/wp-content\/uploads\/2022\/10\/roll-on_pomoc-pri-vrascanju-dlak.png\",\"datePublished\":\"2020-07-08T22:07:54+00:00\",\"dateModified\":\"2025-03-17T14:07:54+00:00\",\"breadcrumb\":{\"@id\":\"https:\/\/www.belle.si\/it\/izdelek\/roll-on-losjon-za-pomoc-pri-vrascenih-dlakah\/#breadcrumb\"},\"inLanguage\":\"it-IT\",\"potentialAction\":[{\"@type\":\"ReadAction\",\"target\":[\"https:\/\/www.belle.si\/it\/izdelek\/roll-on-losjon-za-pomoc-pri-vrascenih-dlakah\/\"]}]},{\"@type\":\"ImageObject\",\"inLanguage\":\"it-IT\",\"@id\":\"https:\/\/www.belle.si\/it\/izdelek\/roll-on-losjon-za-pomoc-pri-vrascenih-dlakah\/#primaryimage\",\"url\":\"https:\/\/www.belle.si\/wp-content\/uploads\/2022\/10\/roll-on_pomoc-pri-vrascanju-dlak.png\",\"contentUrl\":\"https:\/\/www.belle.si\/wp-content\/uploads\/2022\/10\/roll-on_pomoc-pri-vrascanju-dlak.png\",\"width\":800,\"height\":800,\"caption\":\"Losjon za prepre\u010devanje vra\u0161\u010danja dlak po depilaciji in britju\"},{\"@type\":\"BreadcrumbList\",\"@id\":\"https:\/\/www.belle.si\/it\/izdelek\/roll-on-losjon-za-pomoc-pri-vrascenih-dlakah\/#breadcrumb\",\"itemListElement\":[{\"@type\":\"ListItem\",\"position\":1,\"name\":\"Home\",\"item\":\"https:\/\/www.belle.si\/it\/\"},{\"@type\":\"ListItem\",\"position\":2,\"name\":\"Trgovina\",\"item\":\"https:\/\/www.belle.si\/trgovina\/\"},{\"@type\":\"ListItem\",\"position\":3,\"name\":\"Roll-on losjon za pomo\u010d pri vra\u0161\u010denih dlakah\"}]},{\"@type\":\"WebSite\",\"@id\":\"https:\/\/www.belle.si\/it\/#website\",\"url\":\"https:\/\/www.belle.si\/it\/\",\"name\":\"Belle.si kozmeti\u010dna trgovina\",\"description\":\"\",\"publisher\":{\"@id\":\"https:\/\/www.belle.si\/it\/#organization\"},\"potentialAction\":[{\"@type\":\"SearchAction\",\"target\":{\"@type\":\"EntryPoint\",\"urlTemplate\":\"https:\/\/www.belle.si\/it\/?s={search_term_string}\"},\"query-input\":{\"@type\":\"PropertyValueSpecification\",\"valueRequired\":true,\"valueName\":\"search_term_string\"}}],\"inLanguage\":\"it-IT\"},{\"@type\":\"Organization\",\"@id\":\"https:\/\/www.belle.si\/it\/#organization\",\"name\":\"Belle.si kozmeti\u010dna trgovina\",\"url\":\"https:\/\/www.belle.si\/it\/\",\"logo\":{\"@type\":\"ImageObject\",\"inLanguage\":\"it-IT\",\"@id\":\"https:\/\/www.belle.si\/it\/#\/schema\/logo\/image\/\",\"url\":\"https:\/\/www.belle.si\/wp-content\/uploads\/2022\/10\/cropped-logo_belle_trgovina.png\",\"contentUrl\":\"https:\/\/www.belle.si\/wp-content\/uploads\/2022\/10\/cropped-logo_belle_trgovina.png\",\"width\":270,\"height\":135,\"caption\":\"Belle.si kozmeti\u010dna trgovina\"},\"image\":{\"@id\":\"https:\/\/www.belle.si\/it\/#\/schema\/logo\/image\/\"},\"sameAs\":[\"https:\/\/www.facebook.com\/belle.si.cosmetics\/\",\"https:\/\/www.instagram.com\/belle.si.cosmetics\/\"]}]}<\/script>\n<!-- \/ Yoast SEO plugin. -->","yoast_head_json":{"title":"Roll-on losjon za pomo\u010d pri vra\u0161\u010denih dlakah - Belle.si kozmeti\u010dna trgovina","robots":{"index":"index","follow":"follow","max-snippet":"max-snippet:-1","max-image-preview":"max-image-preview:large","max-video-preview":"max-video-preview:-1"},"canonical":"https:\/\/www.belle.si\/it\/izdelek\/roll-on-losjon-za-pomoc-pri-vrascenih-dlakah\/","og_locale":"it_IT","og_type":"article","og_title":"Roll-on losjon za pomo\u010d pri vra\u0161\u010denih dlakah - Belle.si kozmeti\u010dna trgovina","og_description":"Posebna formula v losjonu omogo\u010da zdravljenje vra\u0161\u010denih dlak. Vsi, ki se depilirajo ali brijejo poznajo te\u017eave z vra\u0161\u010denimi dlakami. Najbolj mote\u010de je, ko se vra\u0161\u010dene dlake pojavijo na intimnih predelih, ob\u010dutljivih delih ko\u017ee in pod pazduho. Roll-on losjon za pomo\u010d pri vra\u0161\u010denih dlakah, je u\u010dinkovit pri te\u017eavah, ki se pojavijo zaradi odstarenjevanja dlak: vra\u0161\u010dnede dlake, [&hellip;]","og_url":"https:\/\/www.belle.si\/it\/izdelek\/roll-on-losjon-za-pomoc-pri-vrascenih-dlakah\/","og_site_name":"Belle.si kozmeti\u010dna trgovina","article_publisher":"https:\/\/www.facebook.com\/belle.si.cosmetics\/","article_modified_time":"2025-03-17T14:07:54+00:00","og_image":[{"width":800,"height":800,"url":"https:\/\/www.belle.si\/wp-content\/uploads\/2022\/10\/roll-on_pomoc-pri-vrascanju-dlak.png","type":"image\/png"}],"twitter_card":"summary_large_image","twitter_misc":{"Tempo di lettura stimato":"2 minuti"},"schema":{"@context":"https:\/\/schema.org","@graph":[{"@type":"WebPage","@id":"https:\/\/www.belle.si\/it\/izdelek\/roll-on-losjon-za-pomoc-pri-vrascenih-dlakah\/","url":"https:\/\/www.belle.si\/it\/izdelek\/roll-on-losjon-za-pomoc-pri-vrascenih-dlakah\/","name":"Roll-on losjon za pomo\u010d pri vra\u0161\u010denih dlakah - Belle.si kozmeti\u010dna trgovina","isPartOf":{"@id":"https:\/\/www.belle.si\/it\/#website"},"primaryImageOfPage":{"@id":"https:\/\/www.belle.si\/it\/izdelek\/roll-on-losjon-za-pomoc-pri-vrascenih-dlakah\/#primaryimage"},"image":{"@id":"https:\/\/www.belle.si\/it\/izdelek\/roll-on-losjon-za-pomoc-pri-vrascenih-dlakah\/#primaryimage"},"thumbnailUrl":"https:\/\/www.belle.si\/wp-content\/uploads\/2022\/10\/roll-on_pomoc-pri-vrascanju-dlak.png","datePublished":"2020-07-08T22:07:54+00:00","dateModified":"2025-03-17T14:07:54+00:00","breadcrumb":{"@id":"https:\/\/www.belle.si\/it\/izdelek\/roll-on-losjon-za-pomoc-pri-vrascenih-dlakah\/#breadcrumb"},"inLanguage":"it-IT","potentialAction":[{"@type":"ReadAction","target":["https:\/\/www.belle.si\/it\/izdelek\/roll-on-losjon-za-pomoc-pri-vrascenih-dlakah\/"]}]},{"@type":"ImageObject","inLanguage":"it-IT","@id":"https:\/\/www.belle.si\/it\/izdelek\/roll-on-losjon-za-pomoc-pri-vrascenih-dlakah\/#primaryimage","url":"https:\/\/www.belle.si\/wp-content\/uploads\/2022\/10\/roll-on_pomoc-pri-vrascanju-dlak.png","contentUrl":"https:\/\/www.belle.si\/wp-content\/uploads\/2022\/10\/roll-on_pomoc-pri-vrascanju-dlak.png","width":800,"height":800,"caption":"Losjon za prepre\u010devanje vra\u0161\u010danja dlak po depilaciji in britju"},{"@type":"BreadcrumbList","@id":"https:\/\/www.belle.si\/it\/izdelek\/roll-on-losjon-za-pomoc-pri-vrascenih-dlakah\/#breadcrumb","itemListElement":[{"@type":"ListItem","position":1,"name":"Home","item":"https:\/\/www.belle.si\/it\/"},{"@type":"ListItem","position":2,"name":"Trgovina","item":"https:\/\/www.belle.si\/trgovina\/"},{"@type":"ListItem","position":3,"name":"Roll-on losjon za pomo\u010d pri vra\u0161\u010denih dlakah"}]},{"@type":"WebSite","@id":"https:\/\/www.belle.si\/it\/#website","url":"https:\/\/www.belle.si\/it\/","name":"Belle.si kozmeti\u010dna trgovina","description":"","publisher":{"@id":"https:\/\/www.belle.si\/it\/#organization"},"potentialAction":[{"@type":"SearchAction","target":{"@type":"EntryPoint","urlTemplate":"https:\/\/www.belle.si\/it\/?s={search_term_string}"},"query-input":{"@type":"PropertyValueSpecification","valueRequired":true,"valueName":"search_term_string"}}],"inLanguage":"it-IT"},{"@type":"Organization","@id":"https:\/\/www.belle.si\/it\/#organization","name":"Belle.si kozmeti\u010dna trgovina","url":"https:\/\/www.belle.si\/it\/","logo":{"@type":"ImageObject","inLanguage":"it-IT","@id":"https:\/\/www.belle.si\/it\/#\/schema\/logo\/image\/","url":"https:\/\/www.belle.si\/wp-content\/uploads\/2022\/10\/cropped-logo_belle_trgovina.png","contentUrl":"https:\/\/www.belle.si\/wp-content\/uploads\/2022\/10\/cropped-logo_belle_trgovina.png","width":270,"height":135,"caption":"Belle.si kozmeti\u010dna trgovina"},"image":{"@id":"https:\/\/www.belle.si\/it\/#\/schema\/logo\/image\/"},"sameAs":["https:\/\/www.facebook.com\/belle.si.cosmetics\/","https:\/\/www.instagram.com\/belle.si.cosmetics\/"]}]}},"uagb_featured_image_src":{"full":["https:\/\/www.belle.si\/wp-content\/uploads\/2022\/10\/roll-on_pomoc-pri-vrascanju-dlak.png",800,800,false],"thumbnail":["https:\/\/www.belle.si\/wp-content\/uploads\/2022\/10\/roll-on_pomoc-pri-vrascanju-dlak-150x150.png",150,150,true],"medium":["https:\/\/www.belle.si\/wp-content\/uploads\/2022\/10\/roll-on_pomoc-pri-vrascanju-dlak-300x300.png",300,300,true],"medium_large":["https:\/\/www.belle.si\/wp-content\/uploads\/2022\/10\/roll-on_pomoc-pri-vrascanju-dlak-768x768.png",768,768,true],"large":["https:\/\/www.belle.si\/wp-content\/uploads\/2022\/10\/roll-on_pomoc-pri-vrascanju-dlak.png",800,800,false],"1536x1536":["https:\/\/www.belle.si\/wp-content\/uploads\/2022\/10\/roll-on_pomoc-pri-vrascanju-dlak.png",800,800,false],"2048x2048":["https:\/\/www.belle.si\/wp-content\/uploads\/2022\/10\/roll-on_pomoc-pri-vrascanju-dlak.png",800,800,false],"mailpoet_newsletter_max":["https:\/\/www.belle.si\/wp-content\/uploads\/2022\/10\/roll-on_pomoc-pri-vrascanju-dlak.png",800,800,false],"woocommerce_thumbnail":["https:\/\/www.belle.si\/wp-content\/uploads\/2022\/10\/roll-on_pomoc-pri-vrascanju-dlak-300x300.png",300,300,true],"woocommerce_single":["https:\/\/www.belle.si\/wp-content\/uploads\/2022\/10\/roll-on_pomoc-pri-vrascanju-dlak-600x600.png",600,600,true],"woocommerce_gallery_thumbnail":["https:\/\/www.belle.si\/wp-content\/uploads\/2022\/10\/roll-on_pomoc-pri-vrascanju-dlak-100x100.png",100,100,true]},"uagb_author_info":{"display_name":"taja","author_link":"https:\/\/www.belle.si\/it\/author\/"},"uagb_comment_info":0,"uagb_excerpt":"Posebna formula v losjonu omogo\u010da zdravljenje vra\u0161\u010denih dlak. Vsi, ki se depilirajo ali brijejo poznajo te\u017eave z vra\u0161\u010denimi dlakami. Najbolj mote\u010de je, ko se vra\u0161\u010dene dlake pojavijo na intimnih predelih, ob\u010dutljivih delih ko\u017ee in pod pazduho. Roll-on losjon za pomo\u010d pri vra\u0161\u010denih dlakah, je u\u010dinkovit pri te\u017eavah, ki se pojavijo zaradi odstarenjevanja dlak: vra\u0161\u010dnede dlake,&hellip;","_links":{"self":[{"href":"https:\/\/www.belle.si\/it\/wp-json\/wp\/v2\/product\/98780","targetHints":{"allow":["GET"]}}],"collection":[{"href":"https:\/\/www.belle.si\/it\/wp-json\/wp\/v2\/product"}],"about":[{"href":"https:\/\/www.belle.si\/it\/wp-json\/wp\/v2\/types\/product"}],"replies":[{"embeddable":true,"href":"https:\/\/www.belle.si\/it\/wp-json\/wp\/v2\/comments?post=98780"}],"wp:featuredmedia":[{"embeddable":true,"href":"https:\/\/www.belle.si\/it\/wp-json\/wp\/v2\/media\/98781"}],"wp:attachment":[{"href":"https:\/\/www.belle.si\/it\/wp-json\/wp\/v2\/media?parent=98780"}],"wp:term":[{"taxonomy":"product_brand","embeddable":true,"href":"https:\/\/www.belle.si\/it\/wp-json\/wp\/v2\/product_brand?post=98780"},{"taxonomy":"product_cat","embeddable":true,"href":"https:\/\/www.belle.si\/it\/wp-json\/wp\/v2\/product_cat?post=98780"},{"taxonomy":"product_tag","embeddable":true,"href":"https:\/\/www.belle.si\/it\/wp-json\/wp\/v2\/product_tag?post=98780"}],"curies":[{"name":"wp","href":"https:\/\/api.w.org\/{rel}","templated":true}]}}