{"id":98762,"date":"2020-07-08T12:06:34","date_gmt":"2020-07-08T12:06:34","guid":{"rendered":"https:\/\/belle.zabica.org\/?post_type=product&#038;p=98762"},"modified":"2025-07-11T16:20:20","modified_gmt":"2025-07-11T14:20:20","slug":"roll-on-losjon-za-trajno-odstranjevanje-dlak-na-intimnih-predelih-epil-xpress","status":"publish","type":"product","link":"https:\/\/www.belle.si\/it\/izdelek\/roll-on-losjon-za-trajno-odstranjevanje-dlak-na-intimnih-predelih-epil-xpress\/","title":{"rendered":"Roll-on losjon za trajno odstranjevanje dlak na intimnih predelih"},"content":{"rendered":"<h2>Losjon, ki ustavi rast dlak na intimnih predelih Epil-Xpress<\/h2>\n<p>\u010ce si \u017eelite trajno odstraniti dlake na telesu, vam lahko ponudimo u\u010dinkovito re\u0161itev!<\/p>\n<p>\u017de v roku dveh mesecev boste opazile razliko: koli\u010dina dlak se zmanj\u0161a za 48%!<\/p>\n<p>V roku pol leta po rednem tretmaju, bojo dlake popolnoma izginile.<\/p>\n<p><span class=\"brand\">Losjon za odstranjevanje dlak Epil-Xpress je tehni\u010dno domi\u0161ljen izdelek: deluje preko mikro-kapsul, ki se razporedijo ob dlaki in prodrejo do tretjine v globino ko\u017ee. <\/span><\/p>\n<p>Kapsule postopoma spro\u0161\u010dajo u\u010dinkovine, ki po\u010dasi ustavijo rast dlak.<\/p>\n<p>Mikro-kapsule omogo\u010dajo losjonu, da se razporedi ob dlaki in deluje do korenine, kjer dlako s\u010dasoma vedno bolj slabi, dokler popolnoma ne izgine.<\/p>\n<p>Losjon za trajno odstranjevanje dlak zagotavlja:<\/p>\n<ul>\n<li>postopno izginjanje dlak<\/li>\n<li>vedno dalj\u0161i \u010das med depilacijami<\/li>\n<li>usmerjeno delovanje v korenine dlak<\/li>\n<li>ko\u017ea je temeljito navla\u017eena<\/li>\n<\/ul>\n<p>Klini\u010dno testiranje delovanja losjona proti dlakam Epil-Xpress<\/p>\n<p>*Teste je izvedel neodvisni laboratorij v Franciji. Rezultati lahko odstopajo med posamezniki.<\/p>\n<p class=\"notes\">Po dveh mesecih redne uporabe, so rezultati s 25 prostovoljkami, pokazali tak\u0161ne rezultate:<\/p>\n<ul>\n<li>dlake so postale tanj\u0161e in \u0161ibkej\u0161e: 48%<\/li>\n<li>o\u010ditno upo\u010dasnjnena rast dlak: 36%<\/li>\n<li>Manj je potrebe po rednem odstranjevanju dlak: 60%<\/li>\n<\/ul>\n<p>Ocena, ki so jo podale prostovoljke po opazovanju razlike:<\/p>\n<ul>\n<li>rast dlak se je upo\u010dasnila za <span class=\"score\">73%<\/span>,<\/li>\n<li>dlake so postale tanj\u0161e in \u0161ibkej\u0161e za <span class=\"score\">72%<\/span>,<\/li>\n<li>ob\u010dutek globoke in trajne navla\u017eenosti ko\u017ee 90%<\/li>\n<\/ul>\n<div class=\"panel directions\">\n<p class=\"title\">Navodila za uporabo losjona za zmanj\u0161anje rasti dlak<\/p>\n<div class=\"std\">\n<p>Losjon nanesite vsak dan na prizadete predele telesa in vsaki\u010d po odstanjevanju dlak.<\/p>\n<p>Ne\u017eno vmasirajte v ko\u017eo. Enakomerno razporedite po celotnem predelu.<\/p>\n<p>Shranjujte izven dosega otrok.<\/p>\n<p>Pazite, da vam ne zaide v o\u010di ali v stik s sluznico.<\/p>\n<p>Vsebina: losjon 50ml<\/p>\n<p>Proizvedeno v Franciji<\/p>\n<p>&nbsp;<\/p>\n<p>Popoln komplet s kremo za trajno ostranjevanje dlak na obrazu.<\/p>\n<p>Ne\u017ene u\u010dinkovine, ki ne \u0161kodijo ko\u017ei. Klini\u010dno testirano!<\/p>\n<p>&nbsp;<\/p>\n<\/div>\n<\/div>\n<div class=\"woocommerce columns-4 \"><\/div>\n<p>&nbsp;<\/p>\n","protected":false},"excerpt":{"rendered":"<p>Losjon, ki ustavi rast dlak na intimnih predelih Epil-Xpress \u010ce si \u017eelite trajno odstraniti dlake na telesu, vam lahko ponudimo u\u010dinkovito re\u0161itev! \u017de v roku dveh mesecev boste opazile razliko: koli\u010dina dlak se zmanj\u0161a za 48%! V roku pol leta po rednem tretmaju, bojo dlake popolnoma izginile. Losjon za odstranjevanje dlak Epil-Xpress je tehni\u010dno domi\u0161ljen [&hellip;]<\/p>\n","protected":false},"featured_media":98763,"comment_status":"closed","ping_status":"closed","template":"","meta":{"_uag_custom_page_level_css":"","_monsterinsights_skip_tracking":false,"_monsterinsights_sitenote_active":false,"_monsterinsights_sitenote_note":"","_monsterinsights_sitenote_category":0,"site-sidebar-layout":"default","site-content-layout":"","ast-site-content-layout":"default","site-content-style":"default","site-sidebar-style":"default","ast-global-header-display":"","ast-banner-title-visibility":"","ast-main-header-display":"","ast-hfb-above-header-display":"","ast-hfb-below-header-display":"","ast-hfb-mobile-header-display":"","site-post-title":"","ast-breadcrumbs-content":"","ast-featured-img":"","footer-sml-layout":"","ast-disable-related-posts":"","theme-transparent-header-meta":"","adv-header-id-meta":"","stick-header-meta":"","header-above-stick-meta":"","header-main-stick-meta":"","header-below-stick-meta":"","astra-migrate-meta-layouts":"default","ast-page-background-enabled":"default","ast-page-background-meta":{"desktop":{"background-color":"var(--ast-global-color-4)","background-image":"","background-repeat":"repeat","background-position":"center center","background-size":"auto","background-attachment":"scroll","background-type":"","background-media":"","overlay-type":"","overlay-color":"","overlay-opacity":"","overlay-gradient":""},"tablet":{"background-color":"","background-image":"","background-repeat":"repeat","background-position":"center center","background-size":"auto","background-attachment":"scroll","background-type":"","background-media":"","overlay-type":"","overlay-color":"","overlay-opacity":"","overlay-gradient":""},"mobile":{"background-color":"","background-image":"","background-repeat":"repeat","background-position":"center center","background-size":"auto","background-attachment":"scroll","background-type":"","background-media":"","overlay-type":"","overlay-color":"","overlay-opacity":"","overlay-gradient":""}},"ast-content-background-meta":{"desktop":{"background-color":"var(--ast-global-color-5)","background-image":"","background-repeat":"repeat","background-position":"center center","background-size":"auto","background-attachment":"scroll","background-type":"","background-media":"","overlay-type":"","overlay-color":"","overlay-opacity":"","overlay-gradient":""},"tablet":{"background-color":"var(--ast-global-color-5)","background-image":"","background-repeat":"repeat","background-position":"center center","background-size":"auto","background-attachment":"scroll","background-type":"","background-media":"","overlay-type":"","overlay-color":"","overlay-opacity":"","overlay-gradient":""},"mobile":{"background-color":"var(--ast-global-color-5)","background-image":"","background-repeat":"repeat","background-position":"center center","background-size":"auto","background-attachment":"scroll","background-type":"","background-media":"","overlay-type":"","overlay-color":"","overlay-opacity":"","overlay-gradient":""}}},"product_brand":[],"product_cat":[37,40],"product_tag":[],"class_list":{"0":"post-98762","1":"product","2":"type-product","3":"status-publish","4":"has-post-thumbnail","6":"product_cat-trajna-depilacija","7":"product_cat-zascita-za-kozo","8":"desktop-align-left","9":"tablet-align-left","10":"mobile-align-left","11":"ast-product-gallery-layout-first-image-large","12":"ast-product-gallery-with-no-image","13":"ast-magnify-disabled","14":"ast-product-tabs-layout-horizontal","16":"first","17":"outofstock","18":"taxable","19":"shipping-taxable","20":"purchasable","21":"product-type-simple"},"yoast_head":"<!-- This site is optimized with the Yoast SEO plugin v26.9 - https:\/\/yoast.com\/product\/yoast-seo-wordpress\/ -->\n<title>Roll-on losjon za trajno odstranjevanje dlak na intimnih predelih - Belle.si kozmeti\u010dna trgovina<\/title>\n<meta name=\"robots\" content=\"index, follow, max-snippet:-1, max-image-preview:large, max-video-preview:-1\" \/>\n<link rel=\"canonical\" href=\"https:\/\/www.belle.si\/it\/izdelek\/roll-on-losjon-za-trajno-odstranjevanje-dlak-na-intimnih-predelih-epil-xpress\/\" \/>\n<meta property=\"og:locale\" content=\"it_IT\" \/>\n<meta property=\"og:type\" content=\"article\" \/>\n<meta property=\"og:title\" content=\"Roll-on losjon za trajno odstranjevanje dlak na intimnih predelih - Belle.si kozmeti\u010dna trgovina\" \/>\n<meta property=\"og:description\" content=\"Losjon, ki ustavi rast dlak na intimnih predelih Epil-Xpress \u010ce si \u017eelite trajno odstraniti dlake na telesu, vam lahko ponudimo u\u010dinkovito re\u0161itev! \u017de v roku dveh mesecev boste opazile razliko: koli\u010dina dlak se zmanj\u0161a za 48%! V roku pol leta po rednem tretmaju, bojo dlake popolnoma izginile. Losjon za odstranjevanje dlak Epil-Xpress je tehni\u010dno domi\u0161ljen [&hellip;]\" \/>\n<meta property=\"og:url\" content=\"https:\/\/www.belle.si\/it\/izdelek\/roll-on-losjon-za-trajno-odstranjevanje-dlak-na-intimnih-predelih-epil-xpress\/\" \/>\n<meta property=\"og:site_name\" content=\"Belle.si kozmeti\u010dna trgovina\" \/>\n<meta property=\"article:publisher\" content=\"https:\/\/www.facebook.com\/belle.si.cosmetics\/\" \/>\n<meta property=\"article:modified_time\" content=\"2025-07-11T14:20:20+00:00\" \/>\n<meta property=\"og:image\" content=\"https:\/\/www.belle.si\/wp-content\/uploads\/2022\/10\/roll_on_losjon_za_odstranjevanje_dlak_na_telesu_intimni_predeli.png\" \/>\n\t<meta property=\"og:image:width\" content=\"800\" \/>\n\t<meta property=\"og:image:height\" content=\"800\" \/>\n\t<meta property=\"og:image:type\" content=\"image\/png\" \/>\n<meta name=\"twitter:card\" content=\"summary_large_image\" \/>\n<meta name=\"twitter:label1\" content=\"Tempo di lettura stimato\" \/>\n\t<meta name=\"twitter:data1\" content=\"2 minuti\" \/>\n<script type=\"application\/ld+json\" class=\"yoast-schema-graph\">{\"@context\":\"https:\/\/schema.org\",\"@graph\":[{\"@type\":\"WebPage\",\"@id\":\"https:\/\/www.belle.si\/it\/izdelek\/roll-on-losjon-za-trajno-odstranjevanje-dlak-na-intimnih-predelih-epil-xpress\/\",\"url\":\"https:\/\/www.belle.si\/it\/izdelek\/roll-on-losjon-za-trajno-odstranjevanje-dlak-na-intimnih-predelih-epil-xpress\/\",\"name\":\"Roll-on losjon za trajno odstranjevanje dlak na intimnih predelih - Belle.si kozmeti\u010dna trgovina\",\"isPartOf\":{\"@id\":\"https:\/\/www.belle.si\/it\/#website\"},\"primaryImageOfPage\":{\"@id\":\"https:\/\/www.belle.si\/it\/izdelek\/roll-on-losjon-za-trajno-odstranjevanje-dlak-na-intimnih-predelih-epil-xpress\/#primaryimage\"},\"image\":{\"@id\":\"https:\/\/www.belle.si\/it\/izdelek\/roll-on-losjon-za-trajno-odstranjevanje-dlak-na-intimnih-predelih-epil-xpress\/#primaryimage\"},\"thumbnailUrl\":\"https:\/\/www.belle.si\/wp-content\/uploads\/2022\/10\/roll_on_losjon_za_odstranjevanje_dlak_na_telesu_intimni_predeli.png\",\"datePublished\":\"2020-07-08T12:06:34+00:00\",\"dateModified\":\"2025-07-11T14:20:20+00:00\",\"breadcrumb\":{\"@id\":\"https:\/\/www.belle.si\/it\/izdelek\/roll-on-losjon-za-trajno-odstranjevanje-dlak-na-intimnih-predelih-epil-xpress\/#breadcrumb\"},\"inLanguage\":\"it-IT\",\"potentialAction\":[{\"@type\":\"ReadAction\",\"target\":[\"https:\/\/www.belle.si\/it\/izdelek\/roll-on-losjon-za-trajno-odstranjevanje-dlak-na-intimnih-predelih-epil-xpress\/\"]}]},{\"@type\":\"ImageObject\",\"inLanguage\":\"it-IT\",\"@id\":\"https:\/\/www.belle.si\/it\/izdelek\/roll-on-losjon-za-trajno-odstranjevanje-dlak-na-intimnih-predelih-epil-xpress\/#primaryimage\",\"url\":\"https:\/\/www.belle.si\/wp-content\/uploads\/2022\/10\/roll_on_losjon_za_odstranjevanje_dlak_na_telesu_intimni_predeli.png\",\"contentUrl\":\"https:\/\/www.belle.si\/wp-content\/uploads\/2022\/10\/roll_on_losjon_za_odstranjevanje_dlak_na_telesu_intimni_predeli.png\",\"width\":800,\"height\":800,\"caption\":\"U\u010dinkovit roll-on losjon za trajno odstranjevanje dlak na intimnih predelih\"},{\"@type\":\"BreadcrumbList\",\"@id\":\"https:\/\/www.belle.si\/it\/izdelek\/roll-on-losjon-za-trajno-odstranjevanje-dlak-na-intimnih-predelih-epil-xpress\/#breadcrumb\",\"itemListElement\":[{\"@type\":\"ListItem\",\"position\":1,\"name\":\"Home\",\"item\":\"https:\/\/www.belle.si\/it\/\"},{\"@type\":\"ListItem\",\"position\":2,\"name\":\"Trgovina\",\"item\":\"https:\/\/www.belle.si\/trgovina\/\"},{\"@type\":\"ListItem\",\"position\":3,\"name\":\"Roll-on losjon za trajno odstranjevanje dlak na intimnih predelih\"}]},{\"@type\":\"WebSite\",\"@id\":\"https:\/\/www.belle.si\/it\/#website\",\"url\":\"https:\/\/www.belle.si\/it\/\",\"name\":\"Belle.si kozmeti\u010dna trgovina\",\"description\":\"\",\"publisher\":{\"@id\":\"https:\/\/www.belle.si\/it\/#organization\"},\"potentialAction\":[{\"@type\":\"SearchAction\",\"target\":{\"@type\":\"EntryPoint\",\"urlTemplate\":\"https:\/\/www.belle.si\/it\/?s={search_term_string}\"},\"query-input\":{\"@type\":\"PropertyValueSpecification\",\"valueRequired\":true,\"valueName\":\"search_term_string\"}}],\"inLanguage\":\"it-IT\"},{\"@type\":\"Organization\",\"@id\":\"https:\/\/www.belle.si\/it\/#organization\",\"name\":\"Belle.si kozmeti\u010dna trgovina\",\"url\":\"https:\/\/www.belle.si\/it\/\",\"logo\":{\"@type\":\"ImageObject\",\"inLanguage\":\"it-IT\",\"@id\":\"https:\/\/www.belle.si\/it\/#\/schema\/logo\/image\/\",\"url\":\"https:\/\/www.belle.si\/wp-content\/uploads\/2022\/10\/cropped-logo_belle_trgovina.png\",\"contentUrl\":\"https:\/\/www.belle.si\/wp-content\/uploads\/2022\/10\/cropped-logo_belle_trgovina.png\",\"width\":270,\"height\":135,\"caption\":\"Belle.si kozmeti\u010dna trgovina\"},\"image\":{\"@id\":\"https:\/\/www.belle.si\/it\/#\/schema\/logo\/image\/\"},\"sameAs\":[\"https:\/\/www.facebook.com\/belle.si.cosmetics\/\",\"https:\/\/www.instagram.com\/belle.si.cosmetics\/\"]}]}<\/script>\n<!-- \/ Yoast SEO plugin. -->","yoast_head_json":{"title":"Roll-on losjon za trajno odstranjevanje dlak na intimnih predelih - Belle.si kozmeti\u010dna trgovina","robots":{"index":"index","follow":"follow","max-snippet":"max-snippet:-1","max-image-preview":"max-image-preview:large","max-video-preview":"max-video-preview:-1"},"canonical":"https:\/\/www.belle.si\/it\/izdelek\/roll-on-losjon-za-trajno-odstranjevanje-dlak-na-intimnih-predelih-epil-xpress\/","og_locale":"it_IT","og_type":"article","og_title":"Roll-on losjon za trajno odstranjevanje dlak na intimnih predelih - Belle.si kozmeti\u010dna trgovina","og_description":"Losjon, ki ustavi rast dlak na intimnih predelih Epil-Xpress \u010ce si \u017eelite trajno odstraniti dlake na telesu, vam lahko ponudimo u\u010dinkovito re\u0161itev! \u017de v roku dveh mesecev boste opazile razliko: koli\u010dina dlak se zmanj\u0161a za 48%! V roku pol leta po rednem tretmaju, bojo dlake popolnoma izginile. Losjon za odstranjevanje dlak Epil-Xpress je tehni\u010dno domi\u0161ljen [&hellip;]","og_url":"https:\/\/www.belle.si\/it\/izdelek\/roll-on-losjon-za-trajno-odstranjevanje-dlak-na-intimnih-predelih-epil-xpress\/","og_site_name":"Belle.si kozmeti\u010dna trgovina","article_publisher":"https:\/\/www.facebook.com\/belle.si.cosmetics\/","article_modified_time":"2025-07-11T14:20:20+00:00","og_image":[{"width":800,"height":800,"url":"https:\/\/www.belle.si\/wp-content\/uploads\/2022\/10\/roll_on_losjon_za_odstranjevanje_dlak_na_telesu_intimni_predeli.png","type":"image\/png"}],"twitter_card":"summary_large_image","twitter_misc":{"Tempo di lettura stimato":"2 minuti"},"schema":{"@context":"https:\/\/schema.org","@graph":[{"@type":"WebPage","@id":"https:\/\/www.belle.si\/it\/izdelek\/roll-on-losjon-za-trajno-odstranjevanje-dlak-na-intimnih-predelih-epil-xpress\/","url":"https:\/\/www.belle.si\/it\/izdelek\/roll-on-losjon-za-trajno-odstranjevanje-dlak-na-intimnih-predelih-epil-xpress\/","name":"Roll-on losjon za trajno odstranjevanje dlak na intimnih predelih - Belle.si kozmeti\u010dna trgovina","isPartOf":{"@id":"https:\/\/www.belle.si\/it\/#website"},"primaryImageOfPage":{"@id":"https:\/\/www.belle.si\/it\/izdelek\/roll-on-losjon-za-trajno-odstranjevanje-dlak-na-intimnih-predelih-epil-xpress\/#primaryimage"},"image":{"@id":"https:\/\/www.belle.si\/it\/izdelek\/roll-on-losjon-za-trajno-odstranjevanje-dlak-na-intimnih-predelih-epil-xpress\/#primaryimage"},"thumbnailUrl":"https:\/\/www.belle.si\/wp-content\/uploads\/2022\/10\/roll_on_losjon_za_odstranjevanje_dlak_na_telesu_intimni_predeli.png","datePublished":"2020-07-08T12:06:34+00:00","dateModified":"2025-07-11T14:20:20+00:00","breadcrumb":{"@id":"https:\/\/www.belle.si\/it\/izdelek\/roll-on-losjon-za-trajno-odstranjevanje-dlak-na-intimnih-predelih-epil-xpress\/#breadcrumb"},"inLanguage":"it-IT","potentialAction":[{"@type":"ReadAction","target":["https:\/\/www.belle.si\/it\/izdelek\/roll-on-losjon-za-trajno-odstranjevanje-dlak-na-intimnih-predelih-epil-xpress\/"]}]},{"@type":"ImageObject","inLanguage":"it-IT","@id":"https:\/\/www.belle.si\/it\/izdelek\/roll-on-losjon-za-trajno-odstranjevanje-dlak-na-intimnih-predelih-epil-xpress\/#primaryimage","url":"https:\/\/www.belle.si\/wp-content\/uploads\/2022\/10\/roll_on_losjon_za_odstranjevanje_dlak_na_telesu_intimni_predeli.png","contentUrl":"https:\/\/www.belle.si\/wp-content\/uploads\/2022\/10\/roll_on_losjon_za_odstranjevanje_dlak_na_telesu_intimni_predeli.png","width":800,"height":800,"caption":"U\u010dinkovit roll-on losjon za trajno odstranjevanje dlak na intimnih predelih"},{"@type":"BreadcrumbList","@id":"https:\/\/www.belle.si\/it\/izdelek\/roll-on-losjon-za-trajno-odstranjevanje-dlak-na-intimnih-predelih-epil-xpress\/#breadcrumb","itemListElement":[{"@type":"ListItem","position":1,"name":"Home","item":"https:\/\/www.belle.si\/it\/"},{"@type":"ListItem","position":2,"name":"Trgovina","item":"https:\/\/www.belle.si\/trgovina\/"},{"@type":"ListItem","position":3,"name":"Roll-on losjon za trajno odstranjevanje dlak na intimnih predelih"}]},{"@type":"WebSite","@id":"https:\/\/www.belle.si\/it\/#website","url":"https:\/\/www.belle.si\/it\/","name":"Belle.si kozmeti\u010dna trgovina","description":"","publisher":{"@id":"https:\/\/www.belle.si\/it\/#organization"},"potentialAction":[{"@type":"SearchAction","target":{"@type":"EntryPoint","urlTemplate":"https:\/\/www.belle.si\/it\/?s={search_term_string}"},"query-input":{"@type":"PropertyValueSpecification","valueRequired":true,"valueName":"search_term_string"}}],"inLanguage":"it-IT"},{"@type":"Organization","@id":"https:\/\/www.belle.si\/it\/#organization","name":"Belle.si kozmeti\u010dna trgovina","url":"https:\/\/www.belle.si\/it\/","logo":{"@type":"ImageObject","inLanguage":"it-IT","@id":"https:\/\/www.belle.si\/it\/#\/schema\/logo\/image\/","url":"https:\/\/www.belle.si\/wp-content\/uploads\/2022\/10\/cropped-logo_belle_trgovina.png","contentUrl":"https:\/\/www.belle.si\/wp-content\/uploads\/2022\/10\/cropped-logo_belle_trgovina.png","width":270,"height":135,"caption":"Belle.si kozmeti\u010dna trgovina"},"image":{"@id":"https:\/\/www.belle.si\/it\/#\/schema\/logo\/image\/"},"sameAs":["https:\/\/www.facebook.com\/belle.si.cosmetics\/","https:\/\/www.instagram.com\/belle.si.cosmetics\/"]}]}},"uagb_featured_image_src":{"full":["https:\/\/www.belle.si\/wp-content\/uploads\/2022\/10\/roll_on_losjon_za_odstranjevanje_dlak_na_telesu_intimni_predeli.png",800,800,false],"thumbnail":["https:\/\/www.belle.si\/wp-content\/uploads\/2022\/10\/roll_on_losjon_za_odstranjevanje_dlak_na_telesu_intimni_predeli-150x150.png",150,150,true],"medium":["https:\/\/www.belle.si\/wp-content\/uploads\/2022\/10\/roll_on_losjon_za_odstranjevanje_dlak_na_telesu_intimni_predeli-300x300.png",300,300,true],"medium_large":["https:\/\/www.belle.si\/wp-content\/uploads\/2022\/10\/roll_on_losjon_za_odstranjevanje_dlak_na_telesu_intimni_predeli-768x768.png",768,768,true],"large":["https:\/\/www.belle.si\/wp-content\/uploads\/2022\/10\/roll_on_losjon_za_odstranjevanje_dlak_na_telesu_intimni_predeli.png",800,800,false],"1536x1536":["https:\/\/www.belle.si\/wp-content\/uploads\/2022\/10\/roll_on_losjon_za_odstranjevanje_dlak_na_telesu_intimni_predeli.png",800,800,false],"2048x2048":["https:\/\/www.belle.si\/wp-content\/uploads\/2022\/10\/roll_on_losjon_za_odstranjevanje_dlak_na_telesu_intimni_predeli.png",800,800,false],"mailpoet_newsletter_max":["https:\/\/www.belle.si\/wp-content\/uploads\/2022\/10\/roll_on_losjon_za_odstranjevanje_dlak_na_telesu_intimni_predeli.png",800,800,false],"woocommerce_thumbnail":["https:\/\/www.belle.si\/wp-content\/uploads\/2022\/10\/roll_on_losjon_za_odstranjevanje_dlak_na_telesu_intimni_predeli-300x300.png",300,300,true],"woocommerce_single":["https:\/\/www.belle.si\/wp-content\/uploads\/2022\/10\/roll_on_losjon_za_odstranjevanje_dlak_na_telesu_intimni_predeli-600x600.png",600,600,true],"woocommerce_gallery_thumbnail":["https:\/\/www.belle.si\/wp-content\/uploads\/2022\/10\/roll_on_losjon_za_odstranjevanje_dlak_na_telesu_intimni_predeli-100x100.png",100,100,true]},"uagb_author_info":{"display_name":"taja","author_link":"https:\/\/www.belle.si\/it\/author\/"},"uagb_comment_info":0,"uagb_excerpt":"Losjon, ki ustavi rast dlak na intimnih predelih Epil-Xpress \u010ce si \u017eelite trajno odstraniti dlake na telesu, vam lahko ponudimo u\u010dinkovito re\u0161itev! \u017de v roku dveh mesecev boste opazile razliko: koli\u010dina dlak se zmanj\u0161a za 48%! V roku pol leta po rednem tretmaju, bojo dlake popolnoma izginile. Losjon za odstranjevanje dlak Epil-Xpress je tehni\u010dno domi\u0161ljen&hellip;","_links":{"self":[{"href":"https:\/\/www.belle.si\/it\/wp-json\/wp\/v2\/product\/98762","targetHints":{"allow":["GET"]}}],"collection":[{"href":"https:\/\/www.belle.si\/it\/wp-json\/wp\/v2\/product"}],"about":[{"href":"https:\/\/www.belle.si\/it\/wp-json\/wp\/v2\/types\/product"}],"replies":[{"embeddable":true,"href":"https:\/\/www.belle.si\/it\/wp-json\/wp\/v2\/comments?post=98762"}],"wp:featuredmedia":[{"embeddable":true,"href":"https:\/\/www.belle.si\/it\/wp-json\/wp\/v2\/media\/98763"}],"wp:attachment":[{"href":"https:\/\/www.belle.si\/it\/wp-json\/wp\/v2\/media?parent=98762"}],"wp:term":[{"taxonomy":"product_brand","embeddable":true,"href":"https:\/\/www.belle.si\/it\/wp-json\/wp\/v2\/product_brand?post=98762"},{"taxonomy":"product_cat","embeddable":true,"href":"https:\/\/www.belle.si\/it\/wp-json\/wp\/v2\/product_cat?post=98762"},{"taxonomy":"product_tag","embeddable":true,"href":"https:\/\/www.belle.si\/it\/wp-json\/wp\/v2\/product_tag?post=98762"}],"curies":[{"name":"wp","href":"https:\/\/api.w.org\/{rel}","templated":true}]}}