{"id":98732,"date":"2020-06-29T23:30:33","date_gmt":"2020-06-29T23:30:33","guid":{"rendered":"https:\/\/belle.zabica.org\/?post_type=product&#038;p=98732"},"modified":"2025-11-10T23:29:38","modified_gmt":"2025-11-10T22:29:38","slug":"aktivni-masazni-gel-za-hujsanje-za-moske","status":"publish","type":"product","link":"https:\/\/www.belle.si\/it\/izdelek\/aktivni-masazni-gel-za-hujsanje-za-moske\/","title":{"rendered":"Aktivni masa\u017eni gel za huj\u0161anje za mo\u0161ke"},"content":{"rendered":"<h2>Masa\u017eni gel za rezultate, ki jih lahko vidite!<\/h2>\n<h3><span class=\"brand\">SLIM MEN MASSAGE gel za huj\u0161anje<\/span> vsebuje posebne aktivne sestavine, ki zagotavljajo opazne rezultate v 2 mesecih!<\/h3>\n<p>Sestavine gela za huj\u0161anje Instituta Claude Bell:<\/p>\n<ul>\n<li><b>sojini izoflavoni, <\/b>ki pove\u010dajo elasti\u010dnost ko\u017ee, zavirajo nastajanje ma\u0161\u010dobnih oblog in lipidov ter spodbujajo lipolizo.<\/li>\n<li><b>kofein,<\/b> ki kuri ma\u0161\u010dobo<\/li>\n<li><b>karnitin,<\/b> ki spodbuja oksidacijo lipidov<\/li>\n<li><b>spirulina <\/b>za vla\u017eenje ko\u017ee in spodbujanje lipolize<\/li>\n<\/ul>\n<figure id=\"attachment_98734\" aria-describedby=\"caption-attachment-98734\" style=\"width: 225px\" class=\"wp-caption alignnone\"><a href=\"https:\/\/www.belle.si\/wp-content\/uploads\/2020\/06\/slimmen_krema_za_hujsanje_za_moske_masaza.png\"><img fetchpriority=\"high\" decoding=\"async\" class=\"wp-image-98734\" src=\"https:\/\/www.belle.si\/wp-content\/uploads\/2020\/06\/slimmen_krema_za_hujsanje_za_moske_masaza.png\" alt=\"Masa\u017ena glava na gelu za huj\u0161anje za mo\u0161ke\" width=\"225\" height=\"225\" \/><\/a><figcaption id=\"caption-attachment-98734\" class=\"wp-caption-text\">Masa\u017ena glava za gel za huj\u0161anje<\/figcaption><\/figure>\n<p>Gel za huj\u0161anje je bil klini\u010dno testiran in rezultati so bili natan\u010dno merjeni.<\/p>\n<p>Teste je izvedel naodvisni laboratorij v Franciji. Rezultati so odvisni od posemeznika do posameznika.<\/p>\n<p>Rezultati so bili potrjeno vidni \u017ee kmalu po uporabi.<\/p>\n<p>Ocene so bile slede\u010de:<\/p>\n<ul>\n<li>tekstura ko\u017ee se je izbolj\u0161ala pri 49% po 6 tednih<\/li>\n<li>izbolj\u0161ala se je elasti\u010dnost ko\u017ee pri <span class=\"score\">58%<\/span> po 6 tednih<\/li>\n<li>ma\u0161\u010dobne obloge v pasu so se zo\u017eale za 2cm po 3 tednih uporabe; za 4cm po 6 tednih uporabe<\/li>\n<\/ul>\n<p><strong>Navodila za uporabo gela za huj\u0161anje z masa\u017eno glavo<\/strong><\/p>\n<p>Na kriti\u010dne to\u010dke nanesite 1x zjutraj in 1x zve\u010der.<\/p>\n<p>Nanesite na kriti\u010dne predele in ne\u017eno vmasirajte s kro\u017enimi gibi. Gel naj se popolnoma vpije v ko\u017eo.<\/p>\n<p>Ko\u017eo lahko pred masa\u017eo priprevite z ne\u017enim pilingom, da se gel \u010dim bolj vpije.<\/p>\n<p>&nbsp;<\/p>\n<figure id=\"attachment_98735\" aria-describedby=\"caption-attachment-98735\" style=\"width: 408px\" class=\"wp-caption alignnone\"><a href=\"https:\/\/www.belle.si\/wp-content\/uploads\/2020\/06\/slimmen_krema_za_hujsanje_za_moske_masaza_telo.png\"><img decoding=\"async\" class=\"wp-image-98735\" src=\"https:\/\/www.belle.si\/wp-content\/uploads\/2020\/06\/slimmen_krema_za_hujsanje_za_moske_masaza_telo.png\" alt=\"Masa\u017eni gle za huj\u0161anje za mo\u0161ke Slim Men\" width=\"408\" height=\"200\" \/><\/a><figcaption id=\"caption-attachment-98735\" class=\"wp-caption-text\">Predeli za masa\u017eo<\/figcaption><\/figure>\n<p>&nbsp;<\/p>\n<p>Gel uporabljajte vsaj 40 dni zaporedoma. Priporo\u010deno je, da se tretma ponovi ve\u010dkrat na leto.<\/p>\n<p>Shranjujte izven dosega otrok.<\/p>\n<p>Naj ne pride v stik z o\u010dmi ali sluznico.<\/p>\n<p>&nbsp;<\/p>\n<p>Vsebina: gel 200ml<\/p>\n<p>Proizvedeno v Franciji<\/p>\n<p>&nbsp;<\/p>\n<p>&nbsp;<\/p>\n","protected":false},"excerpt":{"rendered":"<p>Masa\u017eni gel za rezultate, ki jih lahko vidite! SLIM MEN MASSAGE gel za huj\u0161anje vsebuje posebne aktivne sestavine, ki zagotavljajo opazne rezultate v 2 mesecih! Sestavine gela za huj\u0161anje Instituta Claude Bell: sojini izoflavoni, ki pove\u010dajo elasti\u010dnost ko\u017ee, zavirajo nastajanje ma\u0161\u010dobnih oblog in lipidov ter spodbujajo lipolizo. kofein, ki kuri ma\u0161\u010dobo karnitin, ki spodbuja oksidacijo [&hellip;]<\/p>\n","protected":false},"featured_media":98733,"comment_status":"closed","ping_status":"closed","template":"","meta":{"_uag_custom_page_level_css":"","_monsterinsights_skip_tracking":false,"_monsterinsights_sitenote_active":false,"_monsterinsights_sitenote_note":"","_monsterinsights_sitenote_category":0,"site-sidebar-layout":"default","site-content-layout":"","ast-site-content-layout":"default","site-content-style":"default","site-sidebar-style":"default","ast-global-header-display":"","ast-banner-title-visibility":"","ast-main-header-display":"","ast-hfb-above-header-display":"","ast-hfb-below-header-display":"","ast-hfb-mobile-header-display":"","site-post-title":"","ast-breadcrumbs-content":"","ast-featured-img":"","footer-sml-layout":"","ast-disable-related-posts":"","theme-transparent-header-meta":"","adv-header-id-meta":"","stick-header-meta":"","header-above-stick-meta":"","header-main-stick-meta":"","header-below-stick-meta":"","astra-migrate-meta-layouts":"default","ast-page-background-enabled":"default","ast-page-background-meta":{"desktop":{"background-color":"var(--ast-global-color-4)","background-image":"","background-repeat":"repeat","background-position":"center center","background-size":"auto","background-attachment":"scroll","background-type":"","background-media":"","overlay-type":"","overlay-color":"","overlay-opacity":"","overlay-gradient":""},"tablet":{"background-color":"","background-image":"","background-repeat":"repeat","background-position":"center center","background-size":"auto","background-attachment":"scroll","background-type":"","background-media":"","overlay-type":"","overlay-color":"","overlay-opacity":"","overlay-gradient":""},"mobile":{"background-color":"","background-image":"","background-repeat":"repeat","background-position":"center center","background-size":"auto","background-attachment":"scroll","background-type":"","background-media":"","overlay-type":"","overlay-color":"","overlay-opacity":"","overlay-gradient":""}},"ast-content-background-meta":{"desktop":{"background-color":"var(--ast-global-color-5)","background-image":"","background-repeat":"repeat","background-position":"center center","background-size":"auto","background-attachment":"scroll","background-type":"","background-media":"","overlay-type":"","overlay-color":"","overlay-opacity":"","overlay-gradient":""},"tablet":{"background-color":"var(--ast-global-color-5)","background-image":"","background-repeat":"repeat","background-position":"center center","background-size":"auto","background-attachment":"scroll","background-type":"","background-media":"","overlay-type":"","overlay-color":"","overlay-opacity":"","overlay-gradient":""},"mobile":{"background-color":"var(--ast-global-color-5)","background-image":"","background-repeat":"repeat","background-position":"center center","background-size":"auto","background-attachment":"scroll","background-type":"","background-media":"","overlay-type":"","overlay-color":"","overlay-opacity":"","overlay-gradient":""}}},"product_brand":[],"product_cat":[33,31],"product_tag":[],"class_list":{"0":"post-98732","1":"product","2":"type-product","3":"status-publish","4":"has-post-thumbnail","6":"product_cat-oblikovanje-postave","7":"product_cat-za-moske","8":"desktop-align-left","9":"tablet-align-left","10":"mobile-align-left","11":"ast-product-gallery-layout-first-image-large","12":"ast-product-gallery-with-no-image","13":"ast-magnify-disabled","14":"ast-product-tabs-layout-horizontal","16":"first","17":"outofstock","18":"taxable","19":"shipping-taxable","20":"purchasable","21":"product-type-simple"},"yoast_head":"<!-- This site is optimized with the Yoast SEO plugin v26.9 - https:\/\/yoast.com\/product\/yoast-seo-wordpress\/ -->\n<title>Aktivni masa\u017eni gel za huj\u0161anje za mo\u0161ke - Belle.si kozmeti\u010dna trgovina<\/title>\n<meta name=\"robots\" content=\"index, follow, max-snippet:-1, max-image-preview:large, max-video-preview:-1\" \/>\n<link rel=\"canonical\" href=\"https:\/\/www.belle.si\/it\/izdelek\/aktivni-masazni-gel-za-hujsanje-za-moske\/\" \/>\n<meta property=\"og:locale\" content=\"it_IT\" \/>\n<meta property=\"og:type\" content=\"article\" \/>\n<meta property=\"og:title\" content=\"Aktivni masa\u017eni gel za huj\u0161anje za mo\u0161ke - Belle.si kozmeti\u010dna trgovina\" \/>\n<meta property=\"og:description\" content=\"Masa\u017eni gel za rezultate, ki jih lahko vidite! SLIM MEN MASSAGE gel za huj\u0161anje vsebuje posebne aktivne sestavine, ki zagotavljajo opazne rezultate v 2 mesecih! Sestavine gela za huj\u0161anje Instituta Claude Bell: sojini izoflavoni, ki pove\u010dajo elasti\u010dnost ko\u017ee, zavirajo nastajanje ma\u0161\u010dobnih oblog in lipidov ter spodbujajo lipolizo. kofein, ki kuri ma\u0161\u010dobo karnitin, ki spodbuja oksidacijo [&hellip;]\" \/>\n<meta property=\"og:url\" content=\"https:\/\/www.belle.si\/it\/izdelek\/aktivni-masazni-gel-za-hujsanje-za-moske\/\" \/>\n<meta property=\"og:site_name\" content=\"Belle.si kozmeti\u010dna trgovina\" \/>\n<meta property=\"article:publisher\" content=\"https:\/\/www.facebook.com\/belle.si.cosmetics\/\" \/>\n<meta property=\"article:modified_time\" content=\"2025-11-10T22:29:38+00:00\" \/>\n<meta property=\"og:image\" content=\"https:\/\/www.belle.si\/wp-content\/uploads\/2022\/10\/slimmen_krema_za_hujsanje_za_moske.png\" \/>\n\t<meta property=\"og:image:width\" content=\"800\" \/>\n\t<meta property=\"og:image:height\" content=\"800\" \/>\n\t<meta property=\"og:image:type\" content=\"image\/png\" \/>\n<meta name=\"twitter:card\" content=\"summary_large_image\" \/>\n<meta name=\"twitter:label1\" content=\"Tempo di lettura stimato\" \/>\n\t<meta name=\"twitter:data1\" content=\"1 minuto\" \/>\n<script type=\"application\/ld+json\" class=\"yoast-schema-graph\">{\"@context\":\"https:\/\/schema.org\",\"@graph\":[{\"@type\":\"WebPage\",\"@id\":\"https:\/\/www.belle.si\/it\/izdelek\/aktivni-masazni-gel-za-hujsanje-za-moske\/\",\"url\":\"https:\/\/www.belle.si\/it\/izdelek\/aktivni-masazni-gel-za-hujsanje-za-moske\/\",\"name\":\"Aktivni masa\u017eni gel za huj\u0161anje za mo\u0161ke - Belle.si kozmeti\u010dna trgovina\",\"isPartOf\":{\"@id\":\"https:\/\/www.belle.si\/it\/#website\"},\"primaryImageOfPage\":{\"@id\":\"https:\/\/www.belle.si\/it\/izdelek\/aktivni-masazni-gel-za-hujsanje-za-moske\/#primaryimage\"},\"image\":{\"@id\":\"https:\/\/www.belle.si\/it\/izdelek\/aktivni-masazni-gel-za-hujsanje-za-moske\/#primaryimage\"},\"thumbnailUrl\":\"https:\/\/www.belle.si\/wp-content\/uploads\/2022\/10\/slimmen_krema_za_hujsanje_za_moske.png\",\"datePublished\":\"2020-06-29T23:30:33+00:00\",\"dateModified\":\"2025-11-10T22:29:38+00:00\",\"breadcrumb\":{\"@id\":\"https:\/\/www.belle.si\/it\/izdelek\/aktivni-masazni-gel-za-hujsanje-za-moske\/#breadcrumb\"},\"inLanguage\":\"it-IT\",\"potentialAction\":[{\"@type\":\"ReadAction\",\"target\":[\"https:\/\/www.belle.si\/it\/izdelek\/aktivni-masazni-gel-za-hujsanje-za-moske\/\"]}]},{\"@type\":\"ImageObject\",\"inLanguage\":\"it-IT\",\"@id\":\"https:\/\/www.belle.si\/it\/izdelek\/aktivni-masazni-gel-za-hujsanje-za-moske\/#primaryimage\",\"url\":\"https:\/\/www.belle.si\/wp-content\/uploads\/2022\/10\/slimmen_krema_za_hujsanje_za_moske.png\",\"contentUrl\":\"https:\/\/www.belle.si\/wp-content\/uploads\/2022\/10\/slimmen_krema_za_hujsanje_za_moske.png\",\"width\":800,\"height\":800,\"caption\":\"Gel za huj\u0161anje za mo\u0161ke z masa\u017eno glavo\"},{\"@type\":\"BreadcrumbList\",\"@id\":\"https:\/\/www.belle.si\/it\/izdelek\/aktivni-masazni-gel-za-hujsanje-za-moske\/#breadcrumb\",\"itemListElement\":[{\"@type\":\"ListItem\",\"position\":1,\"name\":\"Home\",\"item\":\"https:\/\/www.belle.si\/it\/\"},{\"@type\":\"ListItem\",\"position\":2,\"name\":\"Trgovina\",\"item\":\"https:\/\/www.belle.si\/trgovina\/\"},{\"@type\":\"ListItem\",\"position\":3,\"name\":\"Aktivni masa\u017eni gel za huj\u0161anje za mo\u0161ke\"}]},{\"@type\":\"WebSite\",\"@id\":\"https:\/\/www.belle.si\/it\/#website\",\"url\":\"https:\/\/www.belle.si\/it\/\",\"name\":\"Belle.si kozmeti\u010dna trgovina\",\"description\":\"\",\"publisher\":{\"@id\":\"https:\/\/www.belle.si\/it\/#organization\"},\"potentialAction\":[{\"@type\":\"SearchAction\",\"target\":{\"@type\":\"EntryPoint\",\"urlTemplate\":\"https:\/\/www.belle.si\/it\/?s={search_term_string}\"},\"query-input\":{\"@type\":\"PropertyValueSpecification\",\"valueRequired\":true,\"valueName\":\"search_term_string\"}}],\"inLanguage\":\"it-IT\"},{\"@type\":\"Organization\",\"@id\":\"https:\/\/www.belle.si\/it\/#organization\",\"name\":\"Belle.si kozmeti\u010dna trgovina\",\"url\":\"https:\/\/www.belle.si\/it\/\",\"logo\":{\"@type\":\"ImageObject\",\"inLanguage\":\"it-IT\",\"@id\":\"https:\/\/www.belle.si\/it\/#\/schema\/logo\/image\/\",\"url\":\"https:\/\/www.belle.si\/wp-content\/uploads\/2022\/10\/cropped-logo_belle_trgovina.png\",\"contentUrl\":\"https:\/\/www.belle.si\/wp-content\/uploads\/2022\/10\/cropped-logo_belle_trgovina.png\",\"width\":270,\"height\":135,\"caption\":\"Belle.si kozmeti\u010dna trgovina\"},\"image\":{\"@id\":\"https:\/\/www.belle.si\/it\/#\/schema\/logo\/image\/\"},\"sameAs\":[\"https:\/\/www.facebook.com\/belle.si.cosmetics\/\",\"https:\/\/www.instagram.com\/belle.si.cosmetics\/\"]}]}<\/script>\n<!-- \/ Yoast SEO plugin. -->","yoast_head_json":{"title":"Aktivni masa\u017eni gel za huj\u0161anje za mo\u0161ke - Belle.si kozmeti\u010dna trgovina","robots":{"index":"index","follow":"follow","max-snippet":"max-snippet:-1","max-image-preview":"max-image-preview:large","max-video-preview":"max-video-preview:-1"},"canonical":"https:\/\/www.belle.si\/it\/izdelek\/aktivni-masazni-gel-za-hujsanje-za-moske\/","og_locale":"it_IT","og_type":"article","og_title":"Aktivni masa\u017eni gel za huj\u0161anje za mo\u0161ke - Belle.si kozmeti\u010dna trgovina","og_description":"Masa\u017eni gel za rezultate, ki jih lahko vidite! SLIM MEN MASSAGE gel za huj\u0161anje vsebuje posebne aktivne sestavine, ki zagotavljajo opazne rezultate v 2 mesecih! Sestavine gela za huj\u0161anje Instituta Claude Bell: sojini izoflavoni, ki pove\u010dajo elasti\u010dnost ko\u017ee, zavirajo nastajanje ma\u0161\u010dobnih oblog in lipidov ter spodbujajo lipolizo. kofein, ki kuri ma\u0161\u010dobo karnitin, ki spodbuja oksidacijo [&hellip;]","og_url":"https:\/\/www.belle.si\/it\/izdelek\/aktivni-masazni-gel-za-hujsanje-za-moske\/","og_site_name":"Belle.si kozmeti\u010dna trgovina","article_publisher":"https:\/\/www.facebook.com\/belle.si.cosmetics\/","article_modified_time":"2025-11-10T22:29:38+00:00","og_image":[{"width":800,"height":800,"url":"https:\/\/www.belle.si\/wp-content\/uploads\/2022\/10\/slimmen_krema_za_hujsanje_za_moske.png","type":"image\/png"}],"twitter_card":"summary_large_image","twitter_misc":{"Tempo di lettura stimato":"1 minuto"},"schema":{"@context":"https:\/\/schema.org","@graph":[{"@type":"WebPage","@id":"https:\/\/www.belle.si\/it\/izdelek\/aktivni-masazni-gel-za-hujsanje-za-moske\/","url":"https:\/\/www.belle.si\/it\/izdelek\/aktivni-masazni-gel-za-hujsanje-za-moske\/","name":"Aktivni masa\u017eni gel za huj\u0161anje za mo\u0161ke - Belle.si kozmeti\u010dna trgovina","isPartOf":{"@id":"https:\/\/www.belle.si\/it\/#website"},"primaryImageOfPage":{"@id":"https:\/\/www.belle.si\/it\/izdelek\/aktivni-masazni-gel-za-hujsanje-za-moske\/#primaryimage"},"image":{"@id":"https:\/\/www.belle.si\/it\/izdelek\/aktivni-masazni-gel-za-hujsanje-za-moske\/#primaryimage"},"thumbnailUrl":"https:\/\/www.belle.si\/wp-content\/uploads\/2022\/10\/slimmen_krema_za_hujsanje_za_moske.png","datePublished":"2020-06-29T23:30:33+00:00","dateModified":"2025-11-10T22:29:38+00:00","breadcrumb":{"@id":"https:\/\/www.belle.si\/it\/izdelek\/aktivni-masazni-gel-za-hujsanje-za-moske\/#breadcrumb"},"inLanguage":"it-IT","potentialAction":[{"@type":"ReadAction","target":["https:\/\/www.belle.si\/it\/izdelek\/aktivni-masazni-gel-za-hujsanje-za-moske\/"]}]},{"@type":"ImageObject","inLanguage":"it-IT","@id":"https:\/\/www.belle.si\/it\/izdelek\/aktivni-masazni-gel-za-hujsanje-za-moske\/#primaryimage","url":"https:\/\/www.belle.si\/wp-content\/uploads\/2022\/10\/slimmen_krema_za_hujsanje_za_moske.png","contentUrl":"https:\/\/www.belle.si\/wp-content\/uploads\/2022\/10\/slimmen_krema_za_hujsanje_za_moske.png","width":800,"height":800,"caption":"Gel za huj\u0161anje za mo\u0161ke z masa\u017eno glavo"},{"@type":"BreadcrumbList","@id":"https:\/\/www.belle.si\/it\/izdelek\/aktivni-masazni-gel-za-hujsanje-za-moske\/#breadcrumb","itemListElement":[{"@type":"ListItem","position":1,"name":"Home","item":"https:\/\/www.belle.si\/it\/"},{"@type":"ListItem","position":2,"name":"Trgovina","item":"https:\/\/www.belle.si\/trgovina\/"},{"@type":"ListItem","position":3,"name":"Aktivni masa\u017eni gel za huj\u0161anje za mo\u0161ke"}]},{"@type":"WebSite","@id":"https:\/\/www.belle.si\/it\/#website","url":"https:\/\/www.belle.si\/it\/","name":"Belle.si kozmeti\u010dna trgovina","description":"","publisher":{"@id":"https:\/\/www.belle.si\/it\/#organization"},"potentialAction":[{"@type":"SearchAction","target":{"@type":"EntryPoint","urlTemplate":"https:\/\/www.belle.si\/it\/?s={search_term_string}"},"query-input":{"@type":"PropertyValueSpecification","valueRequired":true,"valueName":"search_term_string"}}],"inLanguage":"it-IT"},{"@type":"Organization","@id":"https:\/\/www.belle.si\/it\/#organization","name":"Belle.si kozmeti\u010dna trgovina","url":"https:\/\/www.belle.si\/it\/","logo":{"@type":"ImageObject","inLanguage":"it-IT","@id":"https:\/\/www.belle.si\/it\/#\/schema\/logo\/image\/","url":"https:\/\/www.belle.si\/wp-content\/uploads\/2022\/10\/cropped-logo_belle_trgovina.png","contentUrl":"https:\/\/www.belle.si\/wp-content\/uploads\/2022\/10\/cropped-logo_belle_trgovina.png","width":270,"height":135,"caption":"Belle.si kozmeti\u010dna trgovina"},"image":{"@id":"https:\/\/www.belle.si\/it\/#\/schema\/logo\/image\/"},"sameAs":["https:\/\/www.facebook.com\/belle.si.cosmetics\/","https:\/\/www.instagram.com\/belle.si.cosmetics\/"]}]}},"uagb_featured_image_src":{"full":["https:\/\/www.belle.si\/wp-content\/uploads\/2022\/10\/slimmen_krema_za_hujsanje_za_moske.png",800,800,false],"thumbnail":["https:\/\/www.belle.si\/wp-content\/uploads\/2022\/10\/slimmen_krema_za_hujsanje_za_moske-150x150.png",150,150,true],"medium":["https:\/\/www.belle.si\/wp-content\/uploads\/2022\/10\/slimmen_krema_za_hujsanje_za_moske-300x300.png",300,300,true],"medium_large":["https:\/\/www.belle.si\/wp-content\/uploads\/2022\/10\/slimmen_krema_za_hujsanje_za_moske-768x768.png",768,768,true],"large":["https:\/\/www.belle.si\/wp-content\/uploads\/2022\/10\/slimmen_krema_za_hujsanje_za_moske.png",800,800,false],"1536x1536":["https:\/\/www.belle.si\/wp-content\/uploads\/2022\/10\/slimmen_krema_za_hujsanje_za_moske.png",800,800,false],"2048x2048":["https:\/\/www.belle.si\/wp-content\/uploads\/2022\/10\/slimmen_krema_za_hujsanje_za_moske.png",800,800,false],"mailpoet_newsletter_max":["https:\/\/www.belle.si\/wp-content\/uploads\/2022\/10\/slimmen_krema_za_hujsanje_za_moske.png",800,800,false],"woocommerce_thumbnail":["https:\/\/www.belle.si\/wp-content\/uploads\/2022\/10\/slimmen_krema_za_hujsanje_za_moske-300x300.png",300,300,true],"woocommerce_single":["https:\/\/www.belle.si\/wp-content\/uploads\/2022\/10\/slimmen_krema_za_hujsanje_za_moske-600x600.png",600,600,true],"woocommerce_gallery_thumbnail":["https:\/\/www.belle.si\/wp-content\/uploads\/2022\/10\/slimmen_krema_za_hujsanje_za_moske-100x100.png",100,100,true]},"uagb_author_info":{"display_name":"taja","author_link":"https:\/\/www.belle.si\/it\/author\/"},"uagb_comment_info":0,"uagb_excerpt":"Masa\u017eni gel za rezultate, ki jih lahko vidite! SLIM MEN MASSAGE gel za huj\u0161anje vsebuje posebne aktivne sestavine, ki zagotavljajo opazne rezultate v 2 mesecih! Sestavine gela za huj\u0161anje Instituta Claude Bell: sojini izoflavoni, ki pove\u010dajo elasti\u010dnost ko\u017ee, zavirajo nastajanje ma\u0161\u010dobnih oblog in lipidov ter spodbujajo lipolizo. kofein, ki kuri ma\u0161\u010dobo karnitin, ki spodbuja oksidacijo&hellip;","_links":{"self":[{"href":"https:\/\/www.belle.si\/it\/wp-json\/wp\/v2\/product\/98732","targetHints":{"allow":["GET"]}}],"collection":[{"href":"https:\/\/www.belle.si\/it\/wp-json\/wp\/v2\/product"}],"about":[{"href":"https:\/\/www.belle.si\/it\/wp-json\/wp\/v2\/types\/product"}],"replies":[{"embeddable":true,"href":"https:\/\/www.belle.si\/it\/wp-json\/wp\/v2\/comments?post=98732"}],"wp:featuredmedia":[{"embeddable":true,"href":"https:\/\/www.belle.si\/it\/wp-json\/wp\/v2\/media\/98733"}],"wp:attachment":[{"href":"https:\/\/www.belle.si\/it\/wp-json\/wp\/v2\/media?parent=98732"}],"wp:term":[{"taxonomy":"product_brand","embeddable":true,"href":"https:\/\/www.belle.si\/it\/wp-json\/wp\/v2\/product_brand?post=98732"},{"taxonomy":"product_cat","embeddable":true,"href":"https:\/\/www.belle.si\/it\/wp-json\/wp\/v2\/product_cat?post=98732"},{"taxonomy":"product_tag","embeddable":true,"href":"https:\/\/www.belle.si\/it\/wp-json\/wp\/v2\/product_tag?post=98732"}],"curies":[{"name":"wp","href":"https:\/\/api.w.org\/{rel}","templated":true}]}}