{"id":98705,"date":"2020-06-25T23:10:58","date_gmt":"2020-06-25T23:10:58","guid":{"rendered":"https:\/\/belle.zabica.org\/?post_type=product&#038;p=98705"},"modified":"2024-12-29T23:32:17","modified_gmt":"2024-12-29T22:32:17","slug":"zascita-pred-toploto-za-lase-s-keratinom-hair-liss","status":"publish","type":"product","link":"https:\/\/www.belle.si\/it\/izdelek\/zascita-pred-toploto-za-lase-s-keratinom-hair-liss\/","title":{"rendered":"Za\u0161\u010dita pred toploto za lase s keratinom Hair-Liss"},"content":{"rendered":"<h2>HAIR-LISS KERATIN HEAT PROTECTOR &#8211; ZA\u0160\u010cITA PRED TOPLOTO<\/h2>\n<p class=\"western\" lang=\"sl-SI\" align=\"justify\"><span style=\"font-size: medium;\">Hair-Liss Heat protector pomaga lasem, ko so pod pritiskom zradi vsakodnevnih obremenitev:<\/span><\/p>\n<ul>\n<li class=\"western\" lang=\"sl-SI\"><span style=\"font-size: medium;\">izpostavljenost soncu,<\/span><\/li>\n<li class=\"western\" lang=\"sl-SI\"><span style=\"font-size: medium;\"> kemi\u010dni procesi &#8211; barvanje, razbarvanje,\u00a0 ravnanje<\/span><\/li>\n<li class=\"western\" lang=\"sl-SI\"><span style=\"font-size: medium;\"> pogosto su\u0161enje s su\u0161ilcem za lase,<\/span><\/li>\n<li class=\"western\" lang=\"sl-SI\"><span style=\"font-size: medium;\"> \u010desanje in <\/span><\/li>\n<li class=\"western\" lang=\"sl-SI\"><span style=\"font-size: medium;\">onesna\u017eeno okolje.<\/span><\/li>\n<\/ul>\n<p class=\"western\" lang=\"sl-SI\" align=\"justify\">Kako u\u010dinkovita je formula pri za\u0161\u010diti las so dokazali na posameznikih in v laboratoriju, na delih las.<\/p>\n<p class=\"western\" lang=\"sl-SI\" align=\"justify\"><strong>KAKO DELUJE HAIR-LISS KERATIN HEAT PROTECTOR:<\/strong><\/p>\n<ul>\n<li lang=\"sl-SI\">Za\u0161\u010dita las je 80% bolj aktivna, ko je pod vplivom toplote<\/li>\n<li lang=\"sl-SI\">prepre\u010di vpliv na zgradbo las in nastanek lipidnih peroksidov.<\/li>\n<li lang=\"sl-SI\">prepre\u010di izgubo keratina<\/li>\n<li lang=\"sl-SI\">prepre\u010duje nastajanje lusk na povrhnjici las<\/li>\n<li lang=\"sl-SI\">spodbudi presnovo proteinov in delitev celic<\/li>\n<\/ul>\n<h2 class=\"western\" lang=\"sl-SI\" align=\"justify\"><span style=\"font-size: medium;\"><b>Sestava\u00a0 HAIRLISS KERATINE Heat Protector<\/b><\/span><\/h2>\n<p class=\"western\" lang=\"sl-SI\" align=\"justify\"><span style=\"font-size: medium;\">HAIRLISS KERATINE Heat Protector<\/span><span style=\"font-size: medium;\"> je posebaj oblikovan s termo-aktivno sestavino SEPICAP MP, ki deluje kot \u0161\u010dit pred \u0161kodljivimi vplivi, ki jih povzro\u010dijo grelne naprave: su\u0161ilec za lase, plo\u0161\u010dati likalnik, kodralnik.<\/span><\/p>\n<p class=\"western\" lang=\"sl-SI\" align=\"justify\"><span style=\"font-size: medium;\"> Lase ohranja zdrave in sijo\u010de.<\/span><\/p>\n<p class=\"western\" lang=\"sl-SI\" align=\"justify\"><span style=\"font-size: medium;\">HAIRLISS KERATINE Heat Protector<\/span><span style=\"font-size: medium;\"> prepre\u010di, da se na ovojnici lasu oblikujejo\u00a0 luske in zato so lasje bolj ravni in sijo\u010di. <\/span><\/p>\n<p class=\"western\" lang=\"sl-SI\" align=\"justify\"><span style=\"font-size: medium;\">HAIRLISS KERATINE Heat Protector \u0161\u010diti lase pred po\u0161kodbami\u00a0 zaradi toplotnih virov.<br \/>\n<\/span><\/p>\n<h2 class=\"western\" lang=\"sl-SI\" align=\"justify\"><span style=\"font-size: medium;\"><b>Navodila za HAIRLISS KERATINE Heat Protector<br \/>\n<\/b><\/span><\/h2>\n<p class=\"western\" lang=\"sl-SI\" align=\"justify\">Pred su\u0161enjem s su\u0161ilcem za lase, razpr\u0161ite <strong>HAIRLISS KERATINE Heat Protector<\/strong><span style=\"font-size: medium;\">,\u00a0 po celi dol\u017eini vla\u017enih las. <\/span><\/p>\n<p class=\"western\" lang=\"sl-SI\" align=\"justify\"><span style=\"font-size: medium;\">Pri uporabi z likalnikom za lase, lase najprej posu\u0161ite, nato pa<\/span><b> <\/b><span style=\"font-size: medium;\">pred likanjem <strong>HAIRLISS KERATINE Heat Protector<\/strong> razpr\u0161ite po celotni dol\u017eini las.<\/span><\/p>\n<p lang=\"sl-SI\" align=\"justify\">\n","protected":false},"excerpt":{"rendered":"<p>HAIR-LISS KERATIN HEAT PROTECTOR &#8211; ZA\u0160\u010cITA PRED TOPLOTO Hair-Liss Heat protector pomaga lasem, ko so pod pritiskom zradi vsakodnevnih obremenitev: izpostavljenost soncu, kemi\u010dni procesi &#8211; barvanje, razbarvanje,\u00a0 ravnanje pogosto su\u0161enje s su\u0161ilcem za lase, \u010desanje in onesna\u017eeno okolje. Kako u\u010dinkovita je formula pri za\u0161\u010diti las so dokazali na posameznikih in v laboratoriju, na delih las. [&hellip;]<\/p>\n","protected":false},"featured_media":98706,"comment_status":"closed","ping_status":"closed","template":"","meta":{"_uag_custom_page_level_css":"","_monsterinsights_skip_tracking":false,"_monsterinsights_sitenote_active":false,"_monsterinsights_sitenote_note":"","_monsterinsights_sitenote_category":0,"site-sidebar-layout":"default","site-content-layout":"","ast-site-content-layout":"default","site-content-style":"default","site-sidebar-style":"default","ast-global-header-display":"","ast-banner-title-visibility":"","ast-main-header-display":"","ast-hfb-above-header-display":"","ast-hfb-below-header-display":"","ast-hfb-mobile-header-display":"","site-post-title":"","ast-breadcrumbs-content":"","ast-featured-img":"","footer-sml-layout":"","ast-disable-related-posts":"","theme-transparent-header-meta":"","adv-header-id-meta":"","stick-header-meta":"","header-above-stick-meta":"","header-main-stick-meta":"","header-below-stick-meta":"","astra-migrate-meta-layouts":"default","ast-page-background-enabled":"default","ast-page-background-meta":{"desktop":{"background-color":"var(--ast-global-color-4)","background-image":"","background-repeat":"repeat","background-position":"center center","background-size":"auto","background-attachment":"scroll","background-type":"","background-media":"","overlay-type":"","overlay-color":"","overlay-opacity":"","overlay-gradient":""},"tablet":{"background-color":"","background-image":"","background-repeat":"repeat","background-position":"center center","background-size":"auto","background-attachment":"scroll","background-type":"","background-media":"","overlay-type":"","overlay-color":"","overlay-opacity":"","overlay-gradient":""},"mobile":{"background-color":"","background-image":"","background-repeat":"repeat","background-position":"center center","background-size":"auto","background-attachment":"scroll","background-type":"","background-media":"","overlay-type":"","overlay-color":"","overlay-opacity":"","overlay-gradient":""}},"ast-content-background-meta":{"desktop":{"background-color":"var(--ast-global-color-5)","background-image":"","background-repeat":"repeat","background-position":"center center","background-size":"auto","background-attachment":"scroll","background-type":"","background-media":"","overlay-type":"","overlay-color":"","overlay-opacity":"","overlay-gradient":""},"tablet":{"background-color":"var(--ast-global-color-5)","background-image":"","background-repeat":"repeat","background-position":"center center","background-size":"auto","background-attachment":"scroll","background-type":"","background-media":"","overlay-type":"","overlay-color":"","overlay-opacity":"","overlay-gradient":""},"mobile":{"background-color":"var(--ast-global-color-5)","background-image":"","background-repeat":"repeat","background-position":"center center","background-size":"auto","background-attachment":"scroll","background-type":"","background-media":"","overlay-type":"","overlay-color":"","overlay-opacity":"","overlay-gradient":""}}},"product_brand":[],"product_cat":[43,46],"product_tag":[],"class_list":{"0":"post-98705","1":"product","2":"type-product","3":"status-publish","4":"has-post-thumbnail","6":"product_cat-nega-za-lase","7":"product_cat-za-lepe-lase","8":"desktop-align-left","9":"tablet-align-left","10":"mobile-align-left","11":"ast-product-gallery-layout-first-image-large","12":"ast-product-gallery-with-no-image","13":"ast-magnify-disabled","14":"ast-product-tabs-layout-horizontal","16":"first","17":"instock","18":"taxable","19":"shipping-taxable","20":"purchasable","21":"product-type-simple"},"yoast_head":"<!-- This site is optimized with the Yoast SEO plugin v26.9 - https:\/\/yoast.com\/product\/yoast-seo-wordpress\/ -->\n<title>Za\u0161\u010dita pred toploto za lase s keratinom Hair-Liss - Belle.si kozmeti\u010dna trgovina<\/title>\n<meta name=\"robots\" content=\"index, follow, max-snippet:-1, max-image-preview:large, max-video-preview:-1\" \/>\n<link rel=\"canonical\" href=\"https:\/\/www.belle.si\/it\/izdelek\/zascita-pred-toploto-za-lase-s-keratinom-hair-liss\/\" \/>\n<meta property=\"og:locale\" content=\"it_IT\" \/>\n<meta property=\"og:type\" content=\"article\" \/>\n<meta property=\"og:title\" content=\"Za\u0161\u010dita pred toploto za lase s keratinom Hair-Liss - Belle.si kozmeti\u010dna trgovina\" \/>\n<meta property=\"og:description\" content=\"HAIR-LISS KERATIN HEAT PROTECTOR &#8211; ZA\u0160\u010cITA PRED TOPLOTO Hair-Liss Heat protector pomaga lasem, ko so pod pritiskom zradi vsakodnevnih obremenitev: izpostavljenost soncu, kemi\u010dni procesi &#8211; barvanje, razbarvanje,\u00a0 ravnanje pogosto su\u0161enje s su\u0161ilcem za lase, \u010desanje in onesna\u017eeno okolje. Kako u\u010dinkovita je formula pri za\u0161\u010diti las so dokazali na posameznikih in v laboratoriju, na delih las. [&hellip;]\" \/>\n<meta property=\"og:url\" content=\"https:\/\/www.belle.si\/it\/izdelek\/zascita-pred-toploto-za-lase-s-keratinom-hair-liss\/\" \/>\n<meta property=\"og:site_name\" content=\"Belle.si kozmeti\u010dna trgovina\" \/>\n<meta property=\"article:publisher\" content=\"https:\/\/www.facebook.com\/belle.si.cosmetics\/\" \/>\n<meta property=\"article:modified_time\" content=\"2024-12-29T22:32:17+00:00\" \/>\n<meta property=\"og:image\" content=\"https:\/\/www.belle.si\/wp-content\/uploads\/2022\/10\/hairliss_zascita_pred_vrocino.png\" \/>\n\t<meta property=\"og:image:width\" content=\"500\" \/>\n\t<meta property=\"og:image:height\" content=\"500\" \/>\n\t<meta property=\"og:image:type\" content=\"image\/png\" \/>\n<meta name=\"twitter:card\" content=\"summary_large_image\" \/>\n<meta name=\"twitter:label1\" content=\"Tempo di lettura stimato\" \/>\n\t<meta name=\"twitter:data1\" content=\"1 minuto\" \/>\n<script type=\"application\/ld+json\" class=\"yoast-schema-graph\">{\"@context\":\"https:\/\/schema.org\",\"@graph\":[{\"@type\":\"WebPage\",\"@id\":\"https:\/\/www.belle.si\/it\/izdelek\/zascita-pred-toploto-za-lase-s-keratinom-hair-liss\/\",\"url\":\"https:\/\/www.belle.si\/it\/izdelek\/zascita-pred-toploto-za-lase-s-keratinom-hair-liss\/\",\"name\":\"Za\u0161\u010dita pred toploto za lase s keratinom Hair-Liss - Belle.si kozmeti\u010dna trgovina\",\"isPartOf\":{\"@id\":\"https:\/\/www.belle.si\/it\/#website\"},\"primaryImageOfPage\":{\"@id\":\"https:\/\/www.belle.si\/it\/izdelek\/zascita-pred-toploto-za-lase-s-keratinom-hair-liss\/#primaryimage\"},\"image\":{\"@id\":\"https:\/\/www.belle.si\/it\/izdelek\/zascita-pred-toploto-za-lase-s-keratinom-hair-liss\/#primaryimage\"},\"thumbnailUrl\":\"https:\/\/www.belle.si\/wp-content\/uploads\/2022\/10\/hairliss_zascita_pred_vrocino.png\",\"datePublished\":\"2020-06-25T23:10:58+00:00\",\"dateModified\":\"2024-12-29T22:32:17+00:00\",\"breadcrumb\":{\"@id\":\"https:\/\/www.belle.si\/it\/izdelek\/zascita-pred-toploto-za-lase-s-keratinom-hair-liss\/#breadcrumb\"},\"inLanguage\":\"it-IT\",\"potentialAction\":[{\"@type\":\"ReadAction\",\"target\":[\"https:\/\/www.belle.si\/it\/izdelek\/zascita-pred-toploto-za-lase-s-keratinom-hair-liss\/\"]}]},{\"@type\":\"ImageObject\",\"inLanguage\":\"it-IT\",\"@id\":\"https:\/\/www.belle.si\/it\/izdelek\/zascita-pred-toploto-za-lase-s-keratinom-hair-liss\/#primaryimage\",\"url\":\"https:\/\/www.belle.si\/wp-content\/uploads\/2022\/10\/hairliss_zascita_pred_vrocino.png\",\"contentUrl\":\"https:\/\/www.belle.si\/wp-content\/uploads\/2022\/10\/hairliss_zascita_pred_vrocino.png\",\"width\":500,\"height\":500},{\"@type\":\"BreadcrumbList\",\"@id\":\"https:\/\/www.belle.si\/it\/izdelek\/zascita-pred-toploto-za-lase-s-keratinom-hair-liss\/#breadcrumb\",\"itemListElement\":[{\"@type\":\"ListItem\",\"position\":1,\"name\":\"Home\",\"item\":\"https:\/\/www.belle.si\/it\/\"},{\"@type\":\"ListItem\",\"position\":2,\"name\":\"Trgovina\",\"item\":\"https:\/\/www.belle.si\/trgovina\/\"},{\"@type\":\"ListItem\",\"position\":3,\"name\":\"Za\u0161\u010dita pred toploto za lase s keratinom Hair-Liss\"}]},{\"@type\":\"WebSite\",\"@id\":\"https:\/\/www.belle.si\/it\/#website\",\"url\":\"https:\/\/www.belle.si\/it\/\",\"name\":\"Belle.si kozmeti\u010dna trgovina\",\"description\":\"\",\"publisher\":{\"@id\":\"https:\/\/www.belle.si\/it\/#organization\"},\"potentialAction\":[{\"@type\":\"SearchAction\",\"target\":{\"@type\":\"EntryPoint\",\"urlTemplate\":\"https:\/\/www.belle.si\/it\/?s={search_term_string}\"},\"query-input\":{\"@type\":\"PropertyValueSpecification\",\"valueRequired\":true,\"valueName\":\"search_term_string\"}}],\"inLanguage\":\"it-IT\"},{\"@type\":\"Organization\",\"@id\":\"https:\/\/www.belle.si\/it\/#organization\",\"name\":\"Belle.si kozmeti\u010dna trgovina\",\"url\":\"https:\/\/www.belle.si\/it\/\",\"logo\":{\"@type\":\"ImageObject\",\"inLanguage\":\"it-IT\",\"@id\":\"https:\/\/www.belle.si\/it\/#\/schema\/logo\/image\/\",\"url\":\"https:\/\/www.belle.si\/wp-content\/uploads\/2022\/10\/cropped-logo_belle_trgovina.png\",\"contentUrl\":\"https:\/\/www.belle.si\/wp-content\/uploads\/2022\/10\/cropped-logo_belle_trgovina.png\",\"width\":270,\"height\":135,\"caption\":\"Belle.si kozmeti\u010dna trgovina\"},\"image\":{\"@id\":\"https:\/\/www.belle.si\/it\/#\/schema\/logo\/image\/\"},\"sameAs\":[\"https:\/\/www.facebook.com\/belle.si.cosmetics\/\",\"https:\/\/www.instagram.com\/belle.si.cosmetics\/\"]}]}<\/script>\n<!-- \/ Yoast SEO plugin. -->","yoast_head_json":{"title":"Za\u0161\u010dita pred toploto za lase s keratinom Hair-Liss - Belle.si kozmeti\u010dna trgovina","robots":{"index":"index","follow":"follow","max-snippet":"max-snippet:-1","max-image-preview":"max-image-preview:large","max-video-preview":"max-video-preview:-1"},"canonical":"https:\/\/www.belle.si\/it\/izdelek\/zascita-pred-toploto-za-lase-s-keratinom-hair-liss\/","og_locale":"it_IT","og_type":"article","og_title":"Za\u0161\u010dita pred toploto za lase s keratinom Hair-Liss - Belle.si kozmeti\u010dna trgovina","og_description":"HAIR-LISS KERATIN HEAT PROTECTOR &#8211; ZA\u0160\u010cITA PRED TOPLOTO Hair-Liss Heat protector pomaga lasem, ko so pod pritiskom zradi vsakodnevnih obremenitev: izpostavljenost soncu, kemi\u010dni procesi &#8211; barvanje, razbarvanje,\u00a0 ravnanje pogosto su\u0161enje s su\u0161ilcem za lase, \u010desanje in onesna\u017eeno okolje. Kako u\u010dinkovita je formula pri za\u0161\u010diti las so dokazali na posameznikih in v laboratoriju, na delih las. [&hellip;]","og_url":"https:\/\/www.belle.si\/it\/izdelek\/zascita-pred-toploto-za-lase-s-keratinom-hair-liss\/","og_site_name":"Belle.si kozmeti\u010dna trgovina","article_publisher":"https:\/\/www.facebook.com\/belle.si.cosmetics\/","article_modified_time":"2024-12-29T22:32:17+00:00","og_image":[{"width":500,"height":500,"url":"https:\/\/www.belle.si\/wp-content\/uploads\/2022\/10\/hairliss_zascita_pred_vrocino.png","type":"image\/png"}],"twitter_card":"summary_large_image","twitter_misc":{"Tempo di lettura stimato":"1 minuto"},"schema":{"@context":"https:\/\/schema.org","@graph":[{"@type":"WebPage","@id":"https:\/\/www.belle.si\/it\/izdelek\/zascita-pred-toploto-za-lase-s-keratinom-hair-liss\/","url":"https:\/\/www.belle.si\/it\/izdelek\/zascita-pred-toploto-za-lase-s-keratinom-hair-liss\/","name":"Za\u0161\u010dita pred toploto za lase s keratinom Hair-Liss - Belle.si kozmeti\u010dna trgovina","isPartOf":{"@id":"https:\/\/www.belle.si\/it\/#website"},"primaryImageOfPage":{"@id":"https:\/\/www.belle.si\/it\/izdelek\/zascita-pred-toploto-za-lase-s-keratinom-hair-liss\/#primaryimage"},"image":{"@id":"https:\/\/www.belle.si\/it\/izdelek\/zascita-pred-toploto-za-lase-s-keratinom-hair-liss\/#primaryimage"},"thumbnailUrl":"https:\/\/www.belle.si\/wp-content\/uploads\/2022\/10\/hairliss_zascita_pred_vrocino.png","datePublished":"2020-06-25T23:10:58+00:00","dateModified":"2024-12-29T22:32:17+00:00","breadcrumb":{"@id":"https:\/\/www.belle.si\/it\/izdelek\/zascita-pred-toploto-za-lase-s-keratinom-hair-liss\/#breadcrumb"},"inLanguage":"it-IT","potentialAction":[{"@type":"ReadAction","target":["https:\/\/www.belle.si\/it\/izdelek\/zascita-pred-toploto-za-lase-s-keratinom-hair-liss\/"]}]},{"@type":"ImageObject","inLanguage":"it-IT","@id":"https:\/\/www.belle.si\/it\/izdelek\/zascita-pred-toploto-za-lase-s-keratinom-hair-liss\/#primaryimage","url":"https:\/\/www.belle.si\/wp-content\/uploads\/2022\/10\/hairliss_zascita_pred_vrocino.png","contentUrl":"https:\/\/www.belle.si\/wp-content\/uploads\/2022\/10\/hairliss_zascita_pred_vrocino.png","width":500,"height":500},{"@type":"BreadcrumbList","@id":"https:\/\/www.belle.si\/it\/izdelek\/zascita-pred-toploto-za-lase-s-keratinom-hair-liss\/#breadcrumb","itemListElement":[{"@type":"ListItem","position":1,"name":"Home","item":"https:\/\/www.belle.si\/it\/"},{"@type":"ListItem","position":2,"name":"Trgovina","item":"https:\/\/www.belle.si\/trgovina\/"},{"@type":"ListItem","position":3,"name":"Za\u0161\u010dita pred toploto za lase s keratinom Hair-Liss"}]},{"@type":"WebSite","@id":"https:\/\/www.belle.si\/it\/#website","url":"https:\/\/www.belle.si\/it\/","name":"Belle.si kozmeti\u010dna trgovina","description":"","publisher":{"@id":"https:\/\/www.belle.si\/it\/#organization"},"potentialAction":[{"@type":"SearchAction","target":{"@type":"EntryPoint","urlTemplate":"https:\/\/www.belle.si\/it\/?s={search_term_string}"},"query-input":{"@type":"PropertyValueSpecification","valueRequired":true,"valueName":"search_term_string"}}],"inLanguage":"it-IT"},{"@type":"Organization","@id":"https:\/\/www.belle.si\/it\/#organization","name":"Belle.si kozmeti\u010dna trgovina","url":"https:\/\/www.belle.si\/it\/","logo":{"@type":"ImageObject","inLanguage":"it-IT","@id":"https:\/\/www.belle.si\/it\/#\/schema\/logo\/image\/","url":"https:\/\/www.belle.si\/wp-content\/uploads\/2022\/10\/cropped-logo_belle_trgovina.png","contentUrl":"https:\/\/www.belle.si\/wp-content\/uploads\/2022\/10\/cropped-logo_belle_trgovina.png","width":270,"height":135,"caption":"Belle.si kozmeti\u010dna trgovina"},"image":{"@id":"https:\/\/www.belle.si\/it\/#\/schema\/logo\/image\/"},"sameAs":["https:\/\/www.facebook.com\/belle.si.cosmetics\/","https:\/\/www.instagram.com\/belle.si.cosmetics\/"]}]}},"uagb_featured_image_src":{"full":["https:\/\/www.belle.si\/wp-content\/uploads\/2022\/10\/hairliss_zascita_pred_vrocino.png",500,500,false],"thumbnail":["https:\/\/www.belle.si\/wp-content\/uploads\/2022\/10\/hairliss_zascita_pred_vrocino-150x150.png",150,150,true],"medium":["https:\/\/www.belle.si\/wp-content\/uploads\/2022\/10\/hairliss_zascita_pred_vrocino-300x300.png",300,300,true],"medium_large":["https:\/\/www.belle.si\/wp-content\/uploads\/2022\/10\/hairliss_zascita_pred_vrocino.png",500,500,false],"large":["https:\/\/www.belle.si\/wp-content\/uploads\/2022\/10\/hairliss_zascita_pred_vrocino.png",500,500,false],"1536x1536":["https:\/\/www.belle.si\/wp-content\/uploads\/2022\/10\/hairliss_zascita_pred_vrocino.png",500,500,false],"2048x2048":["https:\/\/www.belle.si\/wp-content\/uploads\/2022\/10\/hairliss_zascita_pred_vrocino.png",500,500,false],"mailpoet_newsletter_max":["https:\/\/www.belle.si\/wp-content\/uploads\/2022\/10\/hairliss_zascita_pred_vrocino.png",500,500,false],"woocommerce_thumbnail":["https:\/\/www.belle.si\/wp-content\/uploads\/2022\/10\/hairliss_zascita_pred_vrocino-300x300.png",300,300,true],"woocommerce_single":["https:\/\/www.belle.si\/wp-content\/uploads\/2022\/10\/hairliss_zascita_pred_vrocino.png",500,500,false],"woocommerce_gallery_thumbnail":["https:\/\/www.belle.si\/wp-content\/uploads\/2022\/10\/hairliss_zascita_pred_vrocino-100x100.png",100,100,true]},"uagb_author_info":{"display_name":"taja","author_link":"https:\/\/www.belle.si\/it\/author\/"},"uagb_comment_info":0,"uagb_excerpt":"HAIR-LISS KERATIN HEAT PROTECTOR &#8211; ZA\u0160\u010cITA PRED TOPLOTO Hair-Liss Heat protector pomaga lasem, ko so pod pritiskom zradi vsakodnevnih obremenitev: izpostavljenost soncu, kemi\u010dni procesi &#8211; barvanje, razbarvanje,\u00a0 ravnanje pogosto su\u0161enje s su\u0161ilcem za lase, \u010desanje in onesna\u017eeno okolje. Kako u\u010dinkovita je formula pri za\u0161\u010diti las so dokazali na posameznikih in v laboratoriju, na delih las.&hellip;","_links":{"self":[{"href":"https:\/\/www.belle.si\/it\/wp-json\/wp\/v2\/product\/98705","targetHints":{"allow":["GET"]}}],"collection":[{"href":"https:\/\/www.belle.si\/it\/wp-json\/wp\/v2\/product"}],"about":[{"href":"https:\/\/www.belle.si\/it\/wp-json\/wp\/v2\/types\/product"}],"replies":[{"embeddable":true,"href":"https:\/\/www.belle.si\/it\/wp-json\/wp\/v2\/comments?post=98705"}],"wp:featuredmedia":[{"embeddable":true,"href":"https:\/\/www.belle.si\/it\/wp-json\/wp\/v2\/media\/98706"}],"wp:attachment":[{"href":"https:\/\/www.belle.si\/it\/wp-json\/wp\/v2\/media?parent=98705"}],"wp:term":[{"taxonomy":"product_brand","embeddable":true,"href":"https:\/\/www.belle.si\/it\/wp-json\/wp\/v2\/product_brand?post=98705"},{"taxonomy":"product_cat","embeddable":true,"href":"https:\/\/www.belle.si\/it\/wp-json\/wp\/v2\/product_cat?post=98705"},{"taxonomy":"product_tag","embeddable":true,"href":"https:\/\/www.belle.si\/it\/wp-json\/wp\/v2\/product_tag?post=98705"}],"curies":[{"name":"wp","href":"https:\/\/api.w.org\/{rel}","templated":true}]}}