{"id":98701,"date":"2020-06-25T23:10:46","date_gmt":"2020-06-25T23:10:46","guid":{"rendered":"https:\/\/belle.zabica.org\/?post_type=product&#038;p=98701"},"modified":"2025-06-18T16:10:43","modified_gmt":"2025-06-18T14:10:43","slug":"sampon-keratin-hair-liss-za-sijoce-in-gladke-lase","status":"publish","type":"product","link":"https:\/\/www.belle.si\/it\/izdelek\/sampon-keratin-hair-liss-za-sijoce-in-gladke-lase\/","title":{"rendered":"\u0160ampon keratin Hair-Liss za sijo\u010de in gladke lase"},"content":{"rendered":"<h2><b>HAIR-LISS KERATIN 100% &#8211; \u0161ampon s keratinom<\/b><\/h2>\n<p class=\"western\" lang=\"sl-SI\">So\u00a0 va\u0161i lasje brez \u017eivljenja? Jih te\u017eko oblikujete?<\/p>\n<p class=\"western\" lang=\"sl-SI\">HAIRLISS 100% keratinski \u0161ampon\u00a0 je \u0161e posebej obogaten s keratinom, ki:<\/p>\n<ul>\n<li>\n<p lang=\"sl-SI\">neguje in zgladi lase,<\/p>\n<\/li>\n<li>\n<p lang=\"sl-SI\">obogati lase in jih ne lepi.<\/p>\n<\/li>\n<li>\n<p lang=\"sl-SI\">ohranja lase mo\u010dne in ravne, vse do naslednjega umivanja.<\/p>\n<p lang=\"sl-SI\">\n<\/li>\n<\/ul>\n<h3 class=\"western\" lang=\"sl-SI\"><b>Sestava \u0161ampona Hair-Liss keratin<br \/>\n<\/b><\/h3>\n<p class=\"western\" lang=\"sl-SI\" align=\"justify\">Hair-Liss \u0160APON <strong>ne<\/strong> vsebuje zdravju \u0161kodljivega formalina.<\/p>\n<p class=\"western\" lang=\"sl-SI\" align=\"justify\"><strong>Hair-Liss \u0161ampon<\/strong> je obogaten z vitamini in keratinom, ki je glavni protein pri sestavi las.<\/p>\n<p class=\"western\" lang=\"sl-SI\" align=\"justify\">U\u010dinkovita formula s keratinom in vitamini lasem zagotavlja:<\/p>\n<ul>\n<li>\n<p lang=\"sl-SI\" align=\"justify\"><b>Sijaj:<\/b> Lasje so gladki in sijo\u010di.<br \/>\nNa zdravem lasu, ki je obogaten s keratinom, so luske las popolnoma gladke, kar naredi lase sijo\u010de in svilnate.<\/p>\n<\/li>\n<li>\n<p lang=\"sl-SI\" align=\"justify\"><b>Mo\u010d<\/b>: Keratin lasem omogo\u010da, da zadr\u017eijo svojo obliko.<br \/>\nPoleg tega kreatin \u0161\u010diti lase pred \u0161kodljivimi vplivi okolja, toploto, vodo \u2026<\/p>\n<\/li>\n<li>\n<p lang=\"sl-SI\" align=\"justify\"><b>Pro\u017enost:<\/b> Keratin odli\u010dno u\u010dinkuje na pro\u017enost las, saj deluje skozi ovojnico do vlaken, ki so zavita kot spirale.<br \/>\nKeratin omogo\u010da, da se va\u0161i lasje raztegnejo kot vzmet, nato pa se zlahka vrnejo v prvotno stanje.<\/p>\n<\/li>\n<\/ul>\n<h3 class=\"western\" lang=\"sl-SI\"><b>Navodila za uporabo \u0161ampona Hair-Liss<br \/>\n<\/b><\/h3>\n<p class=\"western\" lang=\"sl-SI\" align=\"justify\">\u0160ampon nanesite na lase.<\/p>\n<p class=\"western\" lang=\"sl-SI\" align=\"justify\">Spenite ga in ne\u017eno vtrite v lase in lasi\u0161\u010de.<\/p>\n<p class=\"western\" lang=\"sl-SI\" align=\"justify\">Pustite, da u\u010dinkuje nekaj minut, nato izperite z mla\u010dno vodo.<\/p>\n<p lang=\"sl-SI\" align=\"justify\">Uporablajte 2x-3x na teden.<\/p>\n<p class=\"western\" lang=\"sl-SI\" align=\"justify\">Za bolj\u0161e rezultate, na rahlo posu\u0161ene lase z brisa\u010do nanesite \u0161e balzam s keratinom.<\/p>\n<p lang=\"sl-SI\" align=\"justify\">\n<p lang=\"sl-SI\" align=\"justify\">\n","protected":false},"excerpt":{"rendered":"<p>HAIR-LISS KERATIN 100% &#8211; \u0161ampon s keratinom So\u00a0 va\u0161i lasje brez \u017eivljenja? Jih te\u017eko oblikujete? HAIRLISS 100% keratinski \u0161ampon\u00a0 je \u0161e posebej obogaten s keratinom, ki: neguje in zgladi lase, obogati lase in jih ne lepi. ohranja lase mo\u010dne in ravne, vse do naslednjega umivanja. Sestava \u0161ampona Hair-Liss keratin Hair-Liss \u0160APON ne vsebuje zdravju \u0161kodljivega [&hellip;]<\/p>\n","protected":false},"featured_media":98702,"comment_status":"closed","ping_status":"closed","template":"","meta":{"_uag_custom_page_level_css":"","_monsterinsights_skip_tracking":false,"_monsterinsights_sitenote_active":false,"_monsterinsights_sitenote_note":"","_monsterinsights_sitenote_category":0,"site-sidebar-layout":"default","site-content-layout":"","ast-site-content-layout":"default","site-content-style":"default","site-sidebar-style":"default","ast-global-header-display":"","ast-banner-title-visibility":"","ast-main-header-display":"","ast-hfb-above-header-display":"","ast-hfb-below-header-display":"","ast-hfb-mobile-header-display":"","site-post-title":"","ast-breadcrumbs-content":"","ast-featured-img":"","footer-sml-layout":"","ast-disable-related-posts":"","theme-transparent-header-meta":"","adv-header-id-meta":"","stick-header-meta":"","header-above-stick-meta":"","header-main-stick-meta":"","header-below-stick-meta":"","astra-migrate-meta-layouts":"default","ast-page-background-enabled":"default","ast-page-background-meta":{"desktop":{"background-color":"var(--ast-global-color-4)","background-image":"","background-repeat":"repeat","background-position":"center center","background-size":"auto","background-attachment":"scroll","background-type":"","background-media":"","overlay-type":"","overlay-color":"","overlay-opacity":"","overlay-gradient":""},"tablet":{"background-color":"","background-image":"","background-repeat":"repeat","background-position":"center center","background-size":"auto","background-attachment":"scroll","background-type":"","background-media":"","overlay-type":"","overlay-color":"","overlay-opacity":"","overlay-gradient":""},"mobile":{"background-color":"","background-image":"","background-repeat":"repeat","background-position":"center center","background-size":"auto","background-attachment":"scroll","background-type":"","background-media":"","overlay-type":"","overlay-color":"","overlay-opacity":"","overlay-gradient":""}},"ast-content-background-meta":{"desktop":{"background-color":"var(--ast-global-color-5)","background-image":"","background-repeat":"repeat","background-position":"center center","background-size":"auto","background-attachment":"scroll","background-type":"","background-media":"","overlay-type":"","overlay-color":"","overlay-opacity":"","overlay-gradient":""},"tablet":{"background-color":"var(--ast-global-color-5)","background-image":"","background-repeat":"repeat","background-position":"center center","background-size":"auto","background-attachment":"scroll","background-type":"","background-media":"","overlay-type":"","overlay-color":"","overlay-opacity":"","overlay-gradient":""},"mobile":{"background-color":"var(--ast-global-color-5)","background-image":"","background-repeat":"repeat","background-position":"center center","background-size":"auto","background-attachment":"scroll","background-type":"","background-media":"","overlay-type":"","overlay-color":"","overlay-opacity":"","overlay-gradient":""}}},"product_brand":[],"product_cat":[43],"product_tag":[],"class_list":{"0":"post-98701","1":"product","2":"type-product","3":"status-publish","4":"has-post-thumbnail","6":"product_cat-nega-za-lase","7":"desktop-align-left","8":"tablet-align-left","9":"mobile-align-left","10":"ast-product-gallery-layout-first-image-large","11":"ast-product-gallery-with-no-image","12":"ast-magnify-disabled","13":"ast-product-tabs-layout-horizontal","15":"first","16":"instock","17":"taxable","18":"shipping-taxable","19":"purchasable","20":"product-type-simple"},"yoast_head":"<!-- This site is optimized with the Yoast SEO plugin v26.9 - https:\/\/yoast.com\/product\/yoast-seo-wordpress\/ -->\n<title>\u0160ampon keratin Hair-Liss za sijo\u010de in gladke lase - Belle.si kozmeti\u010dna trgovina<\/title>\n<meta name=\"robots\" content=\"index, follow, max-snippet:-1, max-image-preview:large, max-video-preview:-1\" \/>\n<link rel=\"canonical\" href=\"https:\/\/www.belle.si\/it\/izdelek\/sampon-keratin-hair-liss-za-sijoce-in-gladke-lase\/\" \/>\n<meta property=\"og:locale\" content=\"it_IT\" \/>\n<meta property=\"og:type\" content=\"article\" \/>\n<meta property=\"og:title\" content=\"\u0160ampon keratin Hair-Liss za sijo\u010de in gladke lase - Belle.si kozmeti\u010dna trgovina\" \/>\n<meta property=\"og:description\" content=\"HAIR-LISS KERATIN 100% &#8211; \u0161ampon s keratinom So\u00a0 va\u0161i lasje brez \u017eivljenja? Jih te\u017eko oblikujete? HAIRLISS 100% keratinski \u0161ampon\u00a0 je \u0161e posebej obogaten s keratinom, ki: neguje in zgladi lase, obogati lase in jih ne lepi. ohranja lase mo\u010dne in ravne, vse do naslednjega umivanja. Sestava \u0161ampona Hair-Liss keratin Hair-Liss \u0160APON ne vsebuje zdravju \u0161kodljivega [&hellip;]\" \/>\n<meta property=\"og:url\" content=\"https:\/\/www.belle.si\/it\/izdelek\/sampon-keratin-hair-liss-za-sijoce-in-gladke-lase\/\" \/>\n<meta property=\"og:site_name\" content=\"Belle.si kozmeti\u010dna trgovina\" \/>\n<meta property=\"article:publisher\" content=\"https:\/\/www.facebook.com\/belle.si.cosmetics\/\" \/>\n<meta property=\"article:modified_time\" content=\"2025-06-18T14:10:43+00:00\" \/>\n<meta property=\"og:image\" content=\"https:\/\/www.belle.si\/wp-content\/uploads\/2022\/10\/hairliss_sampon.png\" \/>\n\t<meta property=\"og:image:width\" content=\"500\" \/>\n\t<meta property=\"og:image:height\" content=\"500\" \/>\n\t<meta property=\"og:image:type\" content=\"image\/png\" \/>\n<meta name=\"twitter:card\" content=\"summary_large_image\" \/>\n<meta name=\"twitter:label1\" content=\"Tempo di lettura stimato\" \/>\n\t<meta name=\"twitter:data1\" content=\"1 minuto\" \/>\n<script type=\"application\/ld+json\" class=\"yoast-schema-graph\">{\"@context\":\"https:\/\/schema.org\",\"@graph\":[{\"@type\":\"WebPage\",\"@id\":\"https:\/\/www.belle.si\/it\/izdelek\/sampon-keratin-hair-liss-za-sijoce-in-gladke-lase\/\",\"url\":\"https:\/\/www.belle.si\/it\/izdelek\/sampon-keratin-hair-liss-za-sijoce-in-gladke-lase\/\",\"name\":\"\u0160ampon keratin Hair-Liss za sijo\u010de in gladke lase - Belle.si kozmeti\u010dna trgovina\",\"isPartOf\":{\"@id\":\"https:\/\/www.belle.si\/it\/#website\"},\"primaryImageOfPage\":{\"@id\":\"https:\/\/www.belle.si\/it\/izdelek\/sampon-keratin-hair-liss-za-sijoce-in-gladke-lase\/#primaryimage\"},\"image\":{\"@id\":\"https:\/\/www.belle.si\/it\/izdelek\/sampon-keratin-hair-liss-za-sijoce-in-gladke-lase\/#primaryimage\"},\"thumbnailUrl\":\"https:\/\/www.belle.si\/wp-content\/uploads\/2022\/10\/hairliss_sampon.png\",\"datePublished\":\"2020-06-25T23:10:46+00:00\",\"dateModified\":\"2025-06-18T14:10:43+00:00\",\"breadcrumb\":{\"@id\":\"https:\/\/www.belle.si\/it\/izdelek\/sampon-keratin-hair-liss-za-sijoce-in-gladke-lase\/#breadcrumb\"},\"inLanguage\":\"it-IT\",\"potentialAction\":[{\"@type\":\"ReadAction\",\"target\":[\"https:\/\/www.belle.si\/it\/izdelek\/sampon-keratin-hair-liss-za-sijoce-in-gladke-lase\/\"]}]},{\"@type\":\"ImageObject\",\"inLanguage\":\"it-IT\",\"@id\":\"https:\/\/www.belle.si\/it\/izdelek\/sampon-keratin-hair-liss-za-sijoce-in-gladke-lase\/#primaryimage\",\"url\":\"https:\/\/www.belle.si\/wp-content\/uploads\/2022\/10\/hairliss_sampon.png\",\"contentUrl\":\"https:\/\/www.belle.si\/wp-content\/uploads\/2022\/10\/hairliss_sampon.png\",\"width\":500,\"height\":500},{\"@type\":\"BreadcrumbList\",\"@id\":\"https:\/\/www.belle.si\/it\/izdelek\/sampon-keratin-hair-liss-za-sijoce-in-gladke-lase\/#breadcrumb\",\"itemListElement\":[{\"@type\":\"ListItem\",\"position\":1,\"name\":\"Home\",\"item\":\"https:\/\/www.belle.si\/it\/\"},{\"@type\":\"ListItem\",\"position\":2,\"name\":\"Trgovina\",\"item\":\"https:\/\/www.belle.si\/trgovina\/\"},{\"@type\":\"ListItem\",\"position\":3,\"name\":\"\u0160ampon keratin Hair-Liss za sijo\u010de in gladke lase\"}]},{\"@type\":\"WebSite\",\"@id\":\"https:\/\/www.belle.si\/it\/#website\",\"url\":\"https:\/\/www.belle.si\/it\/\",\"name\":\"Belle.si kozmeti\u010dna trgovina\",\"description\":\"\",\"publisher\":{\"@id\":\"https:\/\/www.belle.si\/it\/#organization\"},\"potentialAction\":[{\"@type\":\"SearchAction\",\"target\":{\"@type\":\"EntryPoint\",\"urlTemplate\":\"https:\/\/www.belle.si\/it\/?s={search_term_string}\"},\"query-input\":{\"@type\":\"PropertyValueSpecification\",\"valueRequired\":true,\"valueName\":\"search_term_string\"}}],\"inLanguage\":\"it-IT\"},{\"@type\":\"Organization\",\"@id\":\"https:\/\/www.belle.si\/it\/#organization\",\"name\":\"Belle.si kozmeti\u010dna trgovina\",\"url\":\"https:\/\/www.belle.si\/it\/\",\"logo\":{\"@type\":\"ImageObject\",\"inLanguage\":\"it-IT\",\"@id\":\"https:\/\/www.belle.si\/it\/#\/schema\/logo\/image\/\",\"url\":\"https:\/\/www.belle.si\/wp-content\/uploads\/2022\/10\/cropped-logo_belle_trgovina.png\",\"contentUrl\":\"https:\/\/www.belle.si\/wp-content\/uploads\/2022\/10\/cropped-logo_belle_trgovina.png\",\"width\":270,\"height\":135,\"caption\":\"Belle.si kozmeti\u010dna trgovina\"},\"image\":{\"@id\":\"https:\/\/www.belle.si\/it\/#\/schema\/logo\/image\/\"},\"sameAs\":[\"https:\/\/www.facebook.com\/belle.si.cosmetics\/\",\"https:\/\/www.instagram.com\/belle.si.cosmetics\/\"]}]}<\/script>\n<!-- \/ Yoast SEO plugin. -->","yoast_head_json":{"title":"\u0160ampon keratin Hair-Liss za sijo\u010de in gladke lase - Belle.si kozmeti\u010dna trgovina","robots":{"index":"index","follow":"follow","max-snippet":"max-snippet:-1","max-image-preview":"max-image-preview:large","max-video-preview":"max-video-preview:-1"},"canonical":"https:\/\/www.belle.si\/it\/izdelek\/sampon-keratin-hair-liss-za-sijoce-in-gladke-lase\/","og_locale":"it_IT","og_type":"article","og_title":"\u0160ampon keratin Hair-Liss za sijo\u010de in gladke lase - Belle.si kozmeti\u010dna trgovina","og_description":"HAIR-LISS KERATIN 100% &#8211; \u0161ampon s keratinom So\u00a0 va\u0161i lasje brez \u017eivljenja? Jih te\u017eko oblikujete? HAIRLISS 100% keratinski \u0161ampon\u00a0 je \u0161e posebej obogaten s keratinom, ki: neguje in zgladi lase, obogati lase in jih ne lepi. ohranja lase mo\u010dne in ravne, vse do naslednjega umivanja. Sestava \u0161ampona Hair-Liss keratin Hair-Liss \u0160APON ne vsebuje zdravju \u0161kodljivega [&hellip;]","og_url":"https:\/\/www.belle.si\/it\/izdelek\/sampon-keratin-hair-liss-za-sijoce-in-gladke-lase\/","og_site_name":"Belle.si kozmeti\u010dna trgovina","article_publisher":"https:\/\/www.facebook.com\/belle.si.cosmetics\/","article_modified_time":"2025-06-18T14:10:43+00:00","og_image":[{"width":500,"height":500,"url":"https:\/\/www.belle.si\/wp-content\/uploads\/2022\/10\/hairliss_sampon.png","type":"image\/png"}],"twitter_card":"summary_large_image","twitter_misc":{"Tempo di lettura stimato":"1 minuto"},"schema":{"@context":"https:\/\/schema.org","@graph":[{"@type":"WebPage","@id":"https:\/\/www.belle.si\/it\/izdelek\/sampon-keratin-hair-liss-za-sijoce-in-gladke-lase\/","url":"https:\/\/www.belle.si\/it\/izdelek\/sampon-keratin-hair-liss-za-sijoce-in-gladke-lase\/","name":"\u0160ampon keratin Hair-Liss za sijo\u010de in gladke lase - Belle.si kozmeti\u010dna trgovina","isPartOf":{"@id":"https:\/\/www.belle.si\/it\/#website"},"primaryImageOfPage":{"@id":"https:\/\/www.belle.si\/it\/izdelek\/sampon-keratin-hair-liss-za-sijoce-in-gladke-lase\/#primaryimage"},"image":{"@id":"https:\/\/www.belle.si\/it\/izdelek\/sampon-keratin-hair-liss-za-sijoce-in-gladke-lase\/#primaryimage"},"thumbnailUrl":"https:\/\/www.belle.si\/wp-content\/uploads\/2022\/10\/hairliss_sampon.png","datePublished":"2020-06-25T23:10:46+00:00","dateModified":"2025-06-18T14:10:43+00:00","breadcrumb":{"@id":"https:\/\/www.belle.si\/it\/izdelek\/sampon-keratin-hair-liss-za-sijoce-in-gladke-lase\/#breadcrumb"},"inLanguage":"it-IT","potentialAction":[{"@type":"ReadAction","target":["https:\/\/www.belle.si\/it\/izdelek\/sampon-keratin-hair-liss-za-sijoce-in-gladke-lase\/"]}]},{"@type":"ImageObject","inLanguage":"it-IT","@id":"https:\/\/www.belle.si\/it\/izdelek\/sampon-keratin-hair-liss-za-sijoce-in-gladke-lase\/#primaryimage","url":"https:\/\/www.belle.si\/wp-content\/uploads\/2022\/10\/hairliss_sampon.png","contentUrl":"https:\/\/www.belle.si\/wp-content\/uploads\/2022\/10\/hairliss_sampon.png","width":500,"height":500},{"@type":"BreadcrumbList","@id":"https:\/\/www.belle.si\/it\/izdelek\/sampon-keratin-hair-liss-za-sijoce-in-gladke-lase\/#breadcrumb","itemListElement":[{"@type":"ListItem","position":1,"name":"Home","item":"https:\/\/www.belle.si\/it\/"},{"@type":"ListItem","position":2,"name":"Trgovina","item":"https:\/\/www.belle.si\/trgovina\/"},{"@type":"ListItem","position":3,"name":"\u0160ampon keratin Hair-Liss za sijo\u010de in gladke lase"}]},{"@type":"WebSite","@id":"https:\/\/www.belle.si\/it\/#website","url":"https:\/\/www.belle.si\/it\/","name":"Belle.si kozmeti\u010dna trgovina","description":"","publisher":{"@id":"https:\/\/www.belle.si\/it\/#organization"},"potentialAction":[{"@type":"SearchAction","target":{"@type":"EntryPoint","urlTemplate":"https:\/\/www.belle.si\/it\/?s={search_term_string}"},"query-input":{"@type":"PropertyValueSpecification","valueRequired":true,"valueName":"search_term_string"}}],"inLanguage":"it-IT"},{"@type":"Organization","@id":"https:\/\/www.belle.si\/it\/#organization","name":"Belle.si kozmeti\u010dna trgovina","url":"https:\/\/www.belle.si\/it\/","logo":{"@type":"ImageObject","inLanguage":"it-IT","@id":"https:\/\/www.belle.si\/it\/#\/schema\/logo\/image\/","url":"https:\/\/www.belle.si\/wp-content\/uploads\/2022\/10\/cropped-logo_belle_trgovina.png","contentUrl":"https:\/\/www.belle.si\/wp-content\/uploads\/2022\/10\/cropped-logo_belle_trgovina.png","width":270,"height":135,"caption":"Belle.si kozmeti\u010dna trgovina"},"image":{"@id":"https:\/\/www.belle.si\/it\/#\/schema\/logo\/image\/"},"sameAs":["https:\/\/www.facebook.com\/belle.si.cosmetics\/","https:\/\/www.instagram.com\/belle.si.cosmetics\/"]}]}},"uagb_featured_image_src":{"full":["https:\/\/www.belle.si\/wp-content\/uploads\/2022\/10\/hairliss_sampon.png",500,500,false],"thumbnail":["https:\/\/www.belle.si\/wp-content\/uploads\/2022\/10\/hairliss_sampon-150x150.png",150,150,true],"medium":["https:\/\/www.belle.si\/wp-content\/uploads\/2022\/10\/hairliss_sampon-300x300.png",300,300,true],"medium_large":["https:\/\/www.belle.si\/wp-content\/uploads\/2022\/10\/hairliss_sampon.png",500,500,false],"large":["https:\/\/www.belle.si\/wp-content\/uploads\/2022\/10\/hairliss_sampon.png",500,500,false],"1536x1536":["https:\/\/www.belle.si\/wp-content\/uploads\/2022\/10\/hairliss_sampon.png",500,500,false],"2048x2048":["https:\/\/www.belle.si\/wp-content\/uploads\/2022\/10\/hairliss_sampon.png",500,500,false],"mailpoet_newsletter_max":["https:\/\/www.belle.si\/wp-content\/uploads\/2022\/10\/hairliss_sampon.png",500,500,false],"woocommerce_thumbnail":["https:\/\/www.belle.si\/wp-content\/uploads\/2022\/10\/hairliss_sampon-300x300.png",300,300,true],"woocommerce_single":["https:\/\/www.belle.si\/wp-content\/uploads\/2022\/10\/hairliss_sampon.png",500,500,false],"woocommerce_gallery_thumbnail":["https:\/\/www.belle.si\/wp-content\/uploads\/2022\/10\/hairliss_sampon-100x100.png",100,100,true]},"uagb_author_info":{"display_name":"taja","author_link":"https:\/\/www.belle.si\/it\/author\/"},"uagb_comment_info":0,"uagb_excerpt":"HAIR-LISS KERATIN 100% &#8211; \u0161ampon s keratinom So\u00a0 va\u0161i lasje brez \u017eivljenja? Jih te\u017eko oblikujete? HAIRLISS 100% keratinski \u0161ampon\u00a0 je \u0161e posebej obogaten s keratinom, ki: neguje in zgladi lase, obogati lase in jih ne lepi. ohranja lase mo\u010dne in ravne, vse do naslednjega umivanja. Sestava \u0161ampona Hair-Liss keratin Hair-Liss \u0160APON ne vsebuje zdravju \u0161kodljivega&hellip;","_links":{"self":[{"href":"https:\/\/www.belle.si\/it\/wp-json\/wp\/v2\/product\/98701","targetHints":{"allow":["GET"]}}],"collection":[{"href":"https:\/\/www.belle.si\/it\/wp-json\/wp\/v2\/product"}],"about":[{"href":"https:\/\/www.belle.si\/it\/wp-json\/wp\/v2\/types\/product"}],"replies":[{"embeddable":true,"href":"https:\/\/www.belle.si\/it\/wp-json\/wp\/v2\/comments?post=98701"}],"wp:featuredmedia":[{"embeddable":true,"href":"https:\/\/www.belle.si\/it\/wp-json\/wp\/v2\/media\/98702"}],"wp:attachment":[{"href":"https:\/\/www.belle.si\/it\/wp-json\/wp\/v2\/media?parent=98701"}],"wp:term":[{"taxonomy":"product_brand","embeddable":true,"href":"https:\/\/www.belle.si\/it\/wp-json\/wp\/v2\/product_brand?post=98701"},{"taxonomy":"product_cat","embeddable":true,"href":"https:\/\/www.belle.si\/it\/wp-json\/wp\/v2\/product_cat?post=98701"},{"taxonomy":"product_tag","embeddable":true,"href":"https:\/\/www.belle.si\/it\/wp-json\/wp\/v2\/product_tag?post=98701"}],"curies":[{"name":"wp","href":"https:\/\/api.w.org\/{rel}","templated":true}]}}