{"id":98699,"date":"2020-06-25T23:10:46","date_gmt":"2020-06-25T21:10:46","guid":{"rendered":"https:\/\/belle.zabica.org\/?post_type=product&#038;p=98699"},"modified":"2025-12-16T16:11:57","modified_gmt":"2025-12-16T15:11:57","slug":"balzam-za-hitrejso-rast-las-hair-bell-1l","status":"publish","type":"product","link":"https:\/\/www.belle.si\/it\/izdelek\/balzam-za-hitrejso-rast-las-hair-bell-1l\/","title":{"rendered":"Balzam za hitrej\u0161o rast las Hair Bell 1l &#8211; aktivator za rast"},"content":{"rendered":"<h2>Balzam &#8211; aktivator za pospe\u0161evanje rasti las Hairbell &#8211; 1l<\/h2>\n<h3>Zagotavljamo vam, da bojo z uporabo balzama za hitrej\u0161o rast las HairBell va\u0161i lasje:<\/h3>\n<p><span lang=\"sl-SI\">&#8211; rasli do trikrat hitreje<\/span><\/p>\n<p><span lang=\"sl-SI\">&#8211; mehkej\u0161i in svetlej\u0161i.<\/span><\/p>\n<p>Poleg tega vam zagotavljamo, da bodo z balzamom Hair Bell<\/p>\n<p><span lang=\"sl-SI\">&#8211;\u00a0 rezultati opazni \u0161e ve\u010d mesecev,<\/span><\/p>\n<p><span lang=\"sl-SI\">&#8211; u\u010dinki o\u010ditni na <\/span><span lang=\"sl-SI\">vseh tipih las,<\/span><\/p>\n<p><span lang=\"sl-SI\">&#8211; lasje prenehali izpadati.<\/span><\/p>\n<p><span lang=\"sl-SI\"><strong>S HairBell balzamom<\/strong> lasje rastejo do trikrat hitreje. <\/span><\/p>\n<p><strong><span lang=\"sl-SI\">V \u0161tirih mesecih lahko va\u0161i lasje zrastejo ve\u010d kot v enem letu!<\/span><\/strong><\/p>\n<p><span lang=\"sl-SI\">\u0160e ve\u010d &#8211; zagotavlja vam, da bojo lasje lep\u0161i, mo\u010dnej\u0161i in svetlej\u0161i.<\/span> <span lang=\"sl-SI\"><br \/>\n<\/span><\/p>\n<p><span lang=\"sl-SI\">Sestava<\/span><\/p>\n<p><span lang=\"sl-SI\">\u0160ampon in balzam<\/span> n<span lang=\"sl-SI\">ege za lase HairBell je visoko koncentrirana me\u0161anica naravno prisotnih beljakovin, ki so nujne za zdrave lase in podpirajo njihovo rast:<\/span><\/p>\n<p><strong><span lang=\"sl-SI\">&#8211; hitin,<\/span><\/strong><\/p>\n<p><strong><span lang=\"sl-SI\">&#8211; hidrolizirani keratin,<\/span><\/strong><\/p>\n<p><strong><span lang=\"sl-SI\">&#8211; sojini proteini,<\/span><\/strong><\/p>\n<p><strong><span lang=\"sl-SI\">&#8211; izvle\u010dki jaj\u010dnih lupin.<\/span><\/strong><\/p>\n<p><span lang=\"sl-SI\">Kombinacijo sestavin \u0161e podkrepi <strong>vitamin B6<\/strong> (piridoksin), kateri je klju\u010den pri presnovi beljakovin, ki jih rabijo lasje.<br \/>\n<\/span><\/p>\n<p>Testiranje kompleta<\/p>\n<p><span lang=\"sl-SI\">* Test so izvedli v neodvisnem laboratoriju v Franciji. Rezultati lahko odstopajo od posameznika do posameznika.<\/span><\/p>\n<p><span lang=\"sl-SI\"><strong>Potek testa<\/strong> <\/span><\/p>\n<p><span lang=\"sl-SI\">Test je bil izveden na <\/span><span lang=\"sl-SI\">60 <\/span><span lang=\"sl-SI\">posameznikih <\/span><span lang=\"sl-SI\">v obdobju 28 dni. <\/span><span lang=\"sl-SI\">V tem \u010dasu so redno vsem merili lase. <\/span><\/p>\n<p><span lang=\"sl-SI\">Trideset posameznikov je uporabljalo <strong>komplet HairBell vsak dan<\/strong>, trideset testnih oseb ni uporabljalo kompleta.<\/span><\/p>\n<p><span lang=\"sl-SI\">Rezultati so pokazali, da so pri skupini, ki je dnevno uporabljala izdelek, lasje hitreje rastli za 123%\u00a0 od povpre\u010dne vrednosti iz kontrolne skupine.<\/span><\/p>\n<p><strong><span lang=\"sl-SI\">Testi kompleta za hitej\u0161o rast las Hair Bell so pokazali, da:<\/span><\/strong><\/p>\n<p><span lang=\"sl-SI\">&#8211; so se lasje oja\u010dali za<\/span><span lang=\"sl-SI\"> 83%,<\/span><\/p>\n<p><span lang=\"sl-SI\">&#8211; so lasje rasli za<\/span><span lang=\"sl-SI\"> 76% hitreje<\/span><\/p>\n<p><span lang=\"sl-SI\">&#8211; je bil skupen u\u010dinek <\/span><span lang=\"sl-SI\">rast las prisoten pri 80% posameznikih,<\/span><\/p>\n<p><span lang=\"sl-SI\">&#8211; je bilo skupno zadovoljstvo z u\u010dinkovitostjo\u00a0 90%.<\/span><\/p>\n<p><span lang=\"sl-SI\">95% posameznikov, ki so bili vklju\u010deni v testiranje kompleta HairBell, je\u00a0 \u0161e naprej uporabljalo set, kar samo po sebi dokazuje njegovo u\u010dinkovitost.<\/span><\/p>\n<p><strong>Navodila za uporabo balzama za hitrj\u0161o rast las:<\/strong><\/p>\n<p>Balzam v koli\u010dini oreha nanesite na mokre lase in lasi\u0161\u010de. Pustite delovati 3 minute, nato izperite z mla\u010dno vodo.<\/p>\n<p>Vsebina: balzam 1000 ml<\/p>\n<p>Proizvedeno v Franciji<\/p>\n<p>&nbsp;<\/p>\n","protected":false},"excerpt":{"rendered":"<p>Balzam &#8211; aktivator za pospe\u0161evanje rasti las Hairbell &#8211; 1l Zagotavljamo vam, da bojo z uporabo balzama za hitrej\u0161o rast las HairBell va\u0161i lasje: &#8211; rasli do trikrat hitreje &#8211; mehkej\u0161i in svetlej\u0161i. Poleg tega vam zagotavljamo, da bodo z balzamom Hair Bell &#8211;\u00a0 rezultati opazni \u0161e ve\u010d mesecev, &#8211; u\u010dinki o\u010ditni na vseh tipih [&hellip;]<\/p>\n","protected":false},"featured_media":98700,"comment_status":"closed","ping_status":"closed","template":"","meta":{"_uag_custom_page_level_css":"","_monsterinsights_skip_tracking":false,"_monsterinsights_sitenote_active":false,"_monsterinsights_sitenote_note":"","_monsterinsights_sitenote_category":0,"site-sidebar-layout":"default","site-content-layout":"","ast-site-content-layout":"default","site-content-style":"default","site-sidebar-style":"default","ast-global-header-display":"","ast-banner-title-visibility":"","ast-main-header-display":"","ast-hfb-above-header-display":"","ast-hfb-below-header-display":"","ast-hfb-mobile-header-display":"","site-post-title":"","ast-breadcrumbs-content":"","ast-featured-img":"","footer-sml-layout":"","ast-disable-related-posts":"","theme-transparent-header-meta":"","adv-header-id-meta":"","stick-header-meta":"","header-above-stick-meta":"","header-main-stick-meta":"","header-below-stick-meta":"","astra-migrate-meta-layouts":"default","ast-page-background-enabled":"default","ast-page-background-meta":{"desktop":{"background-color":"var(--ast-global-color-4)","background-image":"","background-repeat":"repeat","background-position":"center center","background-size":"auto","background-attachment":"scroll","background-type":"","background-media":"","overlay-type":"","overlay-color":"","overlay-opacity":"","overlay-gradient":""},"tablet":{"background-color":"","background-image":"","background-repeat":"repeat","background-position":"center center","background-size":"auto","background-attachment":"scroll","background-type":"","background-media":"","overlay-type":"","overlay-color":"","overlay-opacity":"","overlay-gradient":""},"mobile":{"background-color":"","background-image":"","background-repeat":"repeat","background-position":"center center","background-size":"auto","background-attachment":"scroll","background-type":"","background-media":"","overlay-type":"","overlay-color":"","overlay-opacity":"","overlay-gradient":""}},"ast-content-background-meta":{"desktop":{"background-color":"var(--ast-global-color-5)","background-image":"","background-repeat":"repeat","background-position":"center center","background-size":"auto","background-attachment":"scroll","background-type":"","background-media":"","overlay-type":"","overlay-color":"","overlay-opacity":"","overlay-gradient":""},"tablet":{"background-color":"var(--ast-global-color-5)","background-image":"","background-repeat":"repeat","background-position":"center center","background-size":"auto","background-attachment":"scroll","background-type":"","background-media":"","overlay-type":"","overlay-color":"","overlay-opacity":"","overlay-gradient":""},"mobile":{"background-color":"var(--ast-global-color-5)","background-image":"","background-repeat":"repeat","background-position":"center center","background-size":"auto","background-attachment":"scroll","background-type":"","background-media":"","overlay-type":"","overlay-color":"","overlay-opacity":"","overlay-gradient":""}}},"product_brand":[],"product_cat":[48,44,70],"product_tag":[],"class_list":{"0":"post-98699","1":"product","2":"type-product","3":"status-publish","4":"has-post-thumbnail","6":"product_cat-akcije","7":"product_cat-proti-izpadanju","8":"product_cat-za-hitro-rast-las","9":"desktop-align-left","10":"tablet-align-left","11":"mobile-align-left","12":"ast-product-gallery-layout-first-image-large","13":"ast-product-gallery-with-no-image","14":"ast-magnify-disabled","15":"ast-product-tabs-layout-horizontal","17":"first","18":"instock","19":"sale","20":"featured","21":"taxable","22":"shipping-taxable","23":"purchasable","24":"product-type-simple"},"yoast_head":"<!-- This site is optimized with the Yoast SEO plugin v26.9 - https:\/\/yoast.com\/product\/yoast-seo-wordpress\/ -->\n<title>Balzam za hitrej\u0161o rast las Hair Bell 1l - aktivator za rast - Belle.si kozmeti\u010dna trgovina<\/title>\n<meta name=\"robots\" content=\"index, follow, max-snippet:-1, max-image-preview:large, max-video-preview:-1\" \/>\n<link rel=\"canonical\" href=\"https:\/\/www.belle.si\/it\/izdelek\/balzam-za-hitrejso-rast-las-hair-bell-1l\/\" \/>\n<meta property=\"og:locale\" content=\"it_IT\" \/>\n<meta property=\"og:type\" content=\"article\" \/>\n<meta property=\"og:title\" content=\"Balzam za hitrej\u0161o rast las Hair Bell 1l - aktivator za rast - Belle.si kozmeti\u010dna trgovina\" \/>\n<meta property=\"og:description\" content=\"Balzam &#8211; aktivator za pospe\u0161evanje rasti las Hairbell &#8211; 1l Zagotavljamo vam, da bojo z uporabo balzama za hitrej\u0161o rast las HairBell va\u0161i lasje: &#8211; rasli do trikrat hitreje &#8211; mehkej\u0161i in svetlej\u0161i. Poleg tega vam zagotavljamo, da bodo z balzamom Hair Bell &#8211;\u00a0 rezultati opazni \u0161e ve\u010d mesecev, &#8211; u\u010dinki o\u010ditni na vseh tipih [&hellip;]\" \/>\n<meta property=\"og:url\" content=\"https:\/\/www.belle.si\/it\/izdelek\/balzam-za-hitrejso-rast-las-hair-bell-1l\/\" \/>\n<meta property=\"og:site_name\" content=\"Belle.si kozmeti\u010dna trgovina\" \/>\n<meta property=\"article:publisher\" content=\"https:\/\/www.facebook.com\/belle.si.cosmetics\/\" \/>\n<meta property=\"article:modified_time\" content=\"2025-12-16T15:11:57+00:00\" \/>\n<meta property=\"og:image\" content=\"https:\/\/www.belle.si\/wp-content\/uploads\/2022\/10\/balzam_za_rast_las_1l.png\" \/>\n\t<meta property=\"og:image:width\" content=\"800\" \/>\n\t<meta property=\"og:image:height\" content=\"800\" \/>\n\t<meta property=\"og:image:type\" content=\"image\/png\" \/>\n<meta name=\"twitter:card\" content=\"summary_large_image\" \/>\n<meta name=\"twitter:label1\" content=\"Tempo di lettura stimato\" \/>\n\t<meta name=\"twitter:data1\" content=\"2 minuti\" \/>\n<script type=\"application\/ld+json\" class=\"yoast-schema-graph\">{\"@context\":\"https:\/\/schema.org\",\"@graph\":[{\"@type\":\"WebPage\",\"@id\":\"https:\/\/www.belle.si\/it\/izdelek\/balzam-za-hitrejso-rast-las-hair-bell-1l\/\",\"url\":\"https:\/\/www.belle.si\/it\/izdelek\/balzam-za-hitrejso-rast-las-hair-bell-1l\/\",\"name\":\"Balzam za hitrej\u0161o rast las Hair Bell 1l - aktivator za rast - Belle.si kozmeti\u010dna trgovina\",\"isPartOf\":{\"@id\":\"https:\/\/www.belle.si\/it\/#website\"},\"primaryImageOfPage\":{\"@id\":\"https:\/\/www.belle.si\/it\/izdelek\/balzam-za-hitrejso-rast-las-hair-bell-1l\/#primaryimage\"},\"image\":{\"@id\":\"https:\/\/www.belle.si\/it\/izdelek\/balzam-za-hitrejso-rast-las-hair-bell-1l\/#primaryimage\"},\"thumbnailUrl\":\"https:\/\/www.belle.si\/wp-content\/uploads\/2022\/10\/balzam_za_rast_las_1l.png\",\"datePublished\":\"2020-06-25T21:10:46+00:00\",\"dateModified\":\"2025-12-16T15:11:57+00:00\",\"breadcrumb\":{\"@id\":\"https:\/\/www.belle.si\/it\/izdelek\/balzam-za-hitrejso-rast-las-hair-bell-1l\/#breadcrumb\"},\"inLanguage\":\"it-IT\",\"potentialAction\":[{\"@type\":\"ReadAction\",\"target\":[\"https:\/\/www.belle.si\/it\/izdelek\/balzam-za-hitrejso-rast-las-hair-bell-1l\/\"]}]},{\"@type\":\"ImageObject\",\"inLanguage\":\"it-IT\",\"@id\":\"https:\/\/www.belle.si\/it\/izdelek\/balzam-za-hitrejso-rast-las-hair-bell-1l\/#primaryimage\",\"url\":\"https:\/\/www.belle.si\/wp-content\/uploads\/2022\/10\/balzam_za_rast_las_1l.png\",\"contentUrl\":\"https:\/\/www.belle.si\/wp-content\/uploads\/2022\/10\/balzam_za_rast_las_1l.png\",\"width\":800,\"height\":800},{\"@type\":\"BreadcrumbList\",\"@id\":\"https:\/\/www.belle.si\/it\/izdelek\/balzam-za-hitrejso-rast-las-hair-bell-1l\/#breadcrumb\",\"itemListElement\":[{\"@type\":\"ListItem\",\"position\":1,\"name\":\"Home\",\"item\":\"https:\/\/www.belle.si\/it\/\"},{\"@type\":\"ListItem\",\"position\":2,\"name\":\"Trgovina\",\"item\":\"https:\/\/www.belle.si\/trgovina\/\"},{\"@type\":\"ListItem\",\"position\":3,\"name\":\"Balzam za hitrej\u0161o rast las Hair Bell 1l &#8211; aktivator za rast\"}]},{\"@type\":\"WebSite\",\"@id\":\"https:\/\/www.belle.si\/it\/#website\",\"url\":\"https:\/\/www.belle.si\/it\/\",\"name\":\"Belle.si kozmeti\u010dna trgovina\",\"description\":\"\",\"publisher\":{\"@id\":\"https:\/\/www.belle.si\/it\/#organization\"},\"potentialAction\":[{\"@type\":\"SearchAction\",\"target\":{\"@type\":\"EntryPoint\",\"urlTemplate\":\"https:\/\/www.belle.si\/it\/?s={search_term_string}\"},\"query-input\":{\"@type\":\"PropertyValueSpecification\",\"valueRequired\":true,\"valueName\":\"search_term_string\"}}],\"inLanguage\":\"it-IT\"},{\"@type\":\"Organization\",\"@id\":\"https:\/\/www.belle.si\/it\/#organization\",\"name\":\"Belle.si kozmeti\u010dna trgovina\",\"url\":\"https:\/\/www.belle.si\/it\/\",\"logo\":{\"@type\":\"ImageObject\",\"inLanguage\":\"it-IT\",\"@id\":\"https:\/\/www.belle.si\/it\/#\/schema\/logo\/image\/\",\"url\":\"https:\/\/www.belle.si\/wp-content\/uploads\/2022\/10\/cropped-logo_belle_trgovina.png\",\"contentUrl\":\"https:\/\/www.belle.si\/wp-content\/uploads\/2022\/10\/cropped-logo_belle_trgovina.png\",\"width\":270,\"height\":135,\"caption\":\"Belle.si kozmeti\u010dna trgovina\"},\"image\":{\"@id\":\"https:\/\/www.belle.si\/it\/#\/schema\/logo\/image\/\"},\"sameAs\":[\"https:\/\/www.facebook.com\/belle.si.cosmetics\/\",\"https:\/\/www.instagram.com\/belle.si.cosmetics\/\"]}]}<\/script>\n<!-- \/ Yoast SEO plugin. -->","yoast_head_json":{"title":"Balzam za hitrej\u0161o rast las Hair Bell 1l - aktivator za rast - Belle.si kozmeti\u010dna trgovina","robots":{"index":"index","follow":"follow","max-snippet":"max-snippet:-1","max-image-preview":"max-image-preview:large","max-video-preview":"max-video-preview:-1"},"canonical":"https:\/\/www.belle.si\/it\/izdelek\/balzam-za-hitrejso-rast-las-hair-bell-1l\/","og_locale":"it_IT","og_type":"article","og_title":"Balzam za hitrej\u0161o rast las Hair Bell 1l - aktivator za rast - Belle.si kozmeti\u010dna trgovina","og_description":"Balzam &#8211; aktivator za pospe\u0161evanje rasti las Hairbell &#8211; 1l Zagotavljamo vam, da bojo z uporabo balzama za hitrej\u0161o rast las HairBell va\u0161i lasje: &#8211; rasli do trikrat hitreje &#8211; mehkej\u0161i in svetlej\u0161i. Poleg tega vam zagotavljamo, da bodo z balzamom Hair Bell &#8211;\u00a0 rezultati opazni \u0161e ve\u010d mesecev, &#8211; u\u010dinki o\u010ditni na vseh tipih [&hellip;]","og_url":"https:\/\/www.belle.si\/it\/izdelek\/balzam-za-hitrejso-rast-las-hair-bell-1l\/","og_site_name":"Belle.si kozmeti\u010dna trgovina","article_publisher":"https:\/\/www.facebook.com\/belle.si.cosmetics\/","article_modified_time":"2025-12-16T15:11:57+00:00","og_image":[{"width":800,"height":800,"url":"https:\/\/www.belle.si\/wp-content\/uploads\/2022\/10\/balzam_za_rast_las_1l.png","type":"image\/png"}],"twitter_card":"summary_large_image","twitter_misc":{"Tempo di lettura stimato":"2 minuti"},"schema":{"@context":"https:\/\/schema.org","@graph":[{"@type":"WebPage","@id":"https:\/\/www.belle.si\/it\/izdelek\/balzam-za-hitrejso-rast-las-hair-bell-1l\/","url":"https:\/\/www.belle.si\/it\/izdelek\/balzam-za-hitrejso-rast-las-hair-bell-1l\/","name":"Balzam za hitrej\u0161o rast las Hair Bell 1l - aktivator za rast - Belle.si kozmeti\u010dna trgovina","isPartOf":{"@id":"https:\/\/www.belle.si\/it\/#website"},"primaryImageOfPage":{"@id":"https:\/\/www.belle.si\/it\/izdelek\/balzam-za-hitrejso-rast-las-hair-bell-1l\/#primaryimage"},"image":{"@id":"https:\/\/www.belle.si\/it\/izdelek\/balzam-za-hitrejso-rast-las-hair-bell-1l\/#primaryimage"},"thumbnailUrl":"https:\/\/www.belle.si\/wp-content\/uploads\/2022\/10\/balzam_za_rast_las_1l.png","datePublished":"2020-06-25T21:10:46+00:00","dateModified":"2025-12-16T15:11:57+00:00","breadcrumb":{"@id":"https:\/\/www.belle.si\/it\/izdelek\/balzam-za-hitrejso-rast-las-hair-bell-1l\/#breadcrumb"},"inLanguage":"it-IT","potentialAction":[{"@type":"ReadAction","target":["https:\/\/www.belle.si\/it\/izdelek\/balzam-za-hitrejso-rast-las-hair-bell-1l\/"]}]},{"@type":"ImageObject","inLanguage":"it-IT","@id":"https:\/\/www.belle.si\/it\/izdelek\/balzam-za-hitrejso-rast-las-hair-bell-1l\/#primaryimage","url":"https:\/\/www.belle.si\/wp-content\/uploads\/2022\/10\/balzam_za_rast_las_1l.png","contentUrl":"https:\/\/www.belle.si\/wp-content\/uploads\/2022\/10\/balzam_za_rast_las_1l.png","width":800,"height":800},{"@type":"BreadcrumbList","@id":"https:\/\/www.belle.si\/it\/izdelek\/balzam-za-hitrejso-rast-las-hair-bell-1l\/#breadcrumb","itemListElement":[{"@type":"ListItem","position":1,"name":"Home","item":"https:\/\/www.belle.si\/it\/"},{"@type":"ListItem","position":2,"name":"Trgovina","item":"https:\/\/www.belle.si\/trgovina\/"},{"@type":"ListItem","position":3,"name":"Balzam za hitrej\u0161o rast las Hair Bell 1l &#8211; aktivator za rast"}]},{"@type":"WebSite","@id":"https:\/\/www.belle.si\/it\/#website","url":"https:\/\/www.belle.si\/it\/","name":"Belle.si kozmeti\u010dna trgovina","description":"","publisher":{"@id":"https:\/\/www.belle.si\/it\/#organization"},"potentialAction":[{"@type":"SearchAction","target":{"@type":"EntryPoint","urlTemplate":"https:\/\/www.belle.si\/it\/?s={search_term_string}"},"query-input":{"@type":"PropertyValueSpecification","valueRequired":true,"valueName":"search_term_string"}}],"inLanguage":"it-IT"},{"@type":"Organization","@id":"https:\/\/www.belle.si\/it\/#organization","name":"Belle.si kozmeti\u010dna trgovina","url":"https:\/\/www.belle.si\/it\/","logo":{"@type":"ImageObject","inLanguage":"it-IT","@id":"https:\/\/www.belle.si\/it\/#\/schema\/logo\/image\/","url":"https:\/\/www.belle.si\/wp-content\/uploads\/2022\/10\/cropped-logo_belle_trgovina.png","contentUrl":"https:\/\/www.belle.si\/wp-content\/uploads\/2022\/10\/cropped-logo_belle_trgovina.png","width":270,"height":135,"caption":"Belle.si kozmeti\u010dna trgovina"},"image":{"@id":"https:\/\/www.belle.si\/it\/#\/schema\/logo\/image\/"},"sameAs":["https:\/\/www.facebook.com\/belle.si.cosmetics\/","https:\/\/www.instagram.com\/belle.si.cosmetics\/"]}]}},"uagb_featured_image_src":{"full":["https:\/\/www.belle.si\/wp-content\/uploads\/2022\/10\/balzam_za_rast_las_1l.png",800,800,false],"thumbnail":["https:\/\/www.belle.si\/wp-content\/uploads\/2022\/10\/balzam_za_rast_las_1l-150x150.png",150,150,true],"medium":["https:\/\/www.belle.si\/wp-content\/uploads\/2022\/10\/balzam_za_rast_las_1l-300x300.png",300,300,true],"medium_large":["https:\/\/www.belle.si\/wp-content\/uploads\/2022\/10\/balzam_za_rast_las_1l-768x768.png",768,768,true],"large":["https:\/\/www.belle.si\/wp-content\/uploads\/2022\/10\/balzam_za_rast_las_1l.png",800,800,false],"1536x1536":["https:\/\/www.belle.si\/wp-content\/uploads\/2022\/10\/balzam_za_rast_las_1l.png",800,800,false],"2048x2048":["https:\/\/www.belle.si\/wp-content\/uploads\/2022\/10\/balzam_za_rast_las_1l.png",800,800,false],"mailpoet_newsletter_max":["https:\/\/www.belle.si\/wp-content\/uploads\/2022\/10\/balzam_za_rast_las_1l.png",800,800,false],"woocommerce_thumbnail":["https:\/\/www.belle.si\/wp-content\/uploads\/2022\/10\/balzam_za_rast_las_1l-300x300.png",300,300,true],"woocommerce_single":["https:\/\/www.belle.si\/wp-content\/uploads\/2022\/10\/balzam_za_rast_las_1l-600x600.png",600,600,true],"woocommerce_gallery_thumbnail":["https:\/\/www.belle.si\/wp-content\/uploads\/2022\/10\/balzam_za_rast_las_1l-100x100.png",100,100,true]},"uagb_author_info":{"display_name":"taja","author_link":"https:\/\/www.belle.si\/it\/author\/"},"uagb_comment_info":0,"uagb_excerpt":"Balzam &#8211; aktivator za pospe\u0161evanje rasti las Hairbell &#8211; 1l Zagotavljamo vam, da bojo z uporabo balzama za hitrej\u0161o rast las HairBell va\u0161i lasje: &#8211; rasli do trikrat hitreje &#8211; mehkej\u0161i in svetlej\u0161i. Poleg tega vam zagotavljamo, da bodo z balzamom Hair Bell &#8211;\u00a0 rezultati opazni \u0161e ve\u010d mesecev, &#8211; u\u010dinki o\u010ditni na vseh tipih&hellip;","_links":{"self":[{"href":"https:\/\/www.belle.si\/it\/wp-json\/wp\/v2\/product\/98699","targetHints":{"allow":["GET"]}}],"collection":[{"href":"https:\/\/www.belle.si\/it\/wp-json\/wp\/v2\/product"}],"about":[{"href":"https:\/\/www.belle.si\/it\/wp-json\/wp\/v2\/types\/product"}],"replies":[{"embeddable":true,"href":"https:\/\/www.belle.si\/it\/wp-json\/wp\/v2\/comments?post=98699"}],"wp:featuredmedia":[{"embeddable":true,"href":"https:\/\/www.belle.si\/it\/wp-json\/wp\/v2\/media\/98700"}],"wp:attachment":[{"href":"https:\/\/www.belle.si\/it\/wp-json\/wp\/v2\/media?parent=98699"}],"wp:term":[{"taxonomy":"product_brand","embeddable":true,"href":"https:\/\/www.belle.si\/it\/wp-json\/wp\/v2\/product_brand?post=98699"},{"taxonomy":"product_cat","embeddable":true,"href":"https:\/\/www.belle.si\/it\/wp-json\/wp\/v2\/product_cat?post=98699"},{"taxonomy":"product_tag","embeddable":true,"href":"https:\/\/www.belle.si\/it\/wp-json\/wp\/v2\/product_tag?post=98699"}],"curies":[{"name":"wp","href":"https:\/\/api.w.org\/{rel}","templated":true}]}}