{"id":98687,"date":"2020-06-25T23:10:44","date_gmt":"2020-06-25T23:10:44","guid":{"rendered":"https:\/\/belle.zabica.org\/?post_type=product&#038;p=98687"},"modified":"2024-12-29T23:32:17","modified_gmt":"2024-12-29T22:32:17","slug":"sampon-argan-za-sijoce-in-gladke-lase","status":"publish","type":"product","link":"https:\/\/www.belle.si\/it\/izdelek\/sampon-argan-za-sijoce-in-gladke-lase\/","title":{"rendered":"\u0160ampon Argan za sijo\u010de in gladke lase"},"content":{"rendered":"<h2>\u0160ampon z arganovim oljem za sijo\u010de in gladke lase<\/h2>\n<p>\u0160ampon z arganovim oljem vsebuje dve posebni u\u010dinkovini:<i><b> Lustreplex<\/b><\/i> and <i><b>Keramid<\/b> <strong>A2<\/strong><\/i>, ki blagodejno delujeta\u00a0 na\u00a0 lase.<\/p>\n<p>Linija z arganovim oljem je namejena ravnim in skodranim lasem. \u0160ampon deluje tako, da lase sprosti, jih naredi bolj gladke in sijo\u010de, razpusti vozle in krepaste predele.<\/p>\n<p>\u0160ampon z arganovim oljem vsebuje veliko vitamina E in odrugih sestavin, ki pomagajo ohranjati zdravje in vitalnost las.<\/p>\n<h3>\u0160ampon lepo pomaga suhim, po\u0161kodovanim in krhkim lasem.<\/h3>\n<p><img decoding=\"async\" class=\"lf frame\" src=\"https:\/\/www.claudebell.co.uk\/media\/res\/ArganOil_goute.png\" alt=\"\" width=\"156\" height=\"156\" \/><\/p>\n<p><b>Arganovo olje <\/b>hrani in vla\u017ei lase, zaradi tega delujejo bolj sijo\u010di in gladki. Lasje so mo\u010dnej\u0161i, mehkej\u0161i in la\u017eje se jih oblikuje.<\/p>\n<p>Posebno se odlikuje, ko so lasje izpostavljeni soncu, morju ali kloru.<\/p>\n<h3>Navodila za uporabo \u0161ampna Argan za svilnato lepe lase<\/h3>\n<p>\u0160ampon nanesite na mokre lase, spenite, vmasirajte v lase z ne\u017enimi kro\u017enimi gibi. Ne drgnite in ne pritiskajte premo\u010dno na lasi\u0161\u010de.<\/p>\n<p>Izperite z mla\u010dno vodo, ne\u017eno popivnajte z brisa\u010do in posu\u0161ite s toplim fenom.<\/p>\n<div class=\"panel directions\">\n<p class=\"title\">Takoj izperite, \u010de pride \u0161ampon v o\u010di.<\/p>\n<div class=\"std\">\n<p>Vsebina: \u0161ampon 250ml<\/p>\n<p>Proizvedeno v Franciji<\/p>\n<\/div>\n<p>&nbsp;<\/p>\n<\/div>\n","protected":false},"excerpt":{"rendered":"<p>\u0160ampon z arganovim oljem za sijo\u010de in gladke lase \u0160ampon z arganovim oljem vsebuje dve posebni u\u010dinkovini: Lustreplex and Keramid A2, ki blagodejno delujeta\u00a0 na\u00a0 lase. Linija z arganovim oljem je namejena ravnim in skodranim lasem. \u0160ampon deluje tako, da lase sprosti, jih naredi bolj gladke in sijo\u010de, razpusti vozle in krepaste predele. \u0160ampon z [&hellip;]<\/p>\n","protected":false},"featured_media":98688,"comment_status":"closed","ping_status":"closed","template":"","meta":{"_uag_custom_page_level_css":"","_monsterinsights_skip_tracking":false,"_monsterinsights_sitenote_active":false,"_monsterinsights_sitenote_note":"","_monsterinsights_sitenote_category":0,"site-sidebar-layout":"default","site-content-layout":"","ast-site-content-layout":"default","site-content-style":"default","site-sidebar-style":"default","ast-global-header-display":"","ast-banner-title-visibility":"","ast-main-header-display":"","ast-hfb-above-header-display":"","ast-hfb-below-header-display":"","ast-hfb-mobile-header-display":"","site-post-title":"","ast-breadcrumbs-content":"","ast-featured-img":"","footer-sml-layout":"","ast-disable-related-posts":"","theme-transparent-header-meta":"","adv-header-id-meta":"","stick-header-meta":"","header-above-stick-meta":"","header-main-stick-meta":"","header-below-stick-meta":"","astra-migrate-meta-layouts":"default","ast-page-background-enabled":"default","ast-page-background-meta":{"desktop":{"background-color":"var(--ast-global-color-4)","background-image":"","background-repeat":"repeat","background-position":"center center","background-size":"auto","background-attachment":"scroll","background-type":"","background-media":"","overlay-type":"","overlay-color":"","overlay-opacity":"","overlay-gradient":""},"tablet":{"background-color":"","background-image":"","background-repeat":"repeat","background-position":"center center","background-size":"auto","background-attachment":"scroll","background-type":"","background-media":"","overlay-type":"","overlay-color":"","overlay-opacity":"","overlay-gradient":""},"mobile":{"background-color":"","background-image":"","background-repeat":"repeat","background-position":"center center","background-size":"auto","background-attachment":"scroll","background-type":"","background-media":"","overlay-type":"","overlay-color":"","overlay-opacity":"","overlay-gradient":""}},"ast-content-background-meta":{"desktop":{"background-color":"var(--ast-global-color-5)","background-image":"","background-repeat":"repeat","background-position":"center center","background-size":"auto","background-attachment":"scroll","background-type":"","background-media":"","overlay-type":"","overlay-color":"","overlay-opacity":"","overlay-gradient":""},"tablet":{"background-color":"var(--ast-global-color-5)","background-image":"","background-repeat":"repeat","background-position":"center center","background-size":"auto","background-attachment":"scroll","background-type":"","background-media":"","overlay-type":"","overlay-color":"","overlay-opacity":"","overlay-gradient":""},"mobile":{"background-color":"var(--ast-global-color-5)","background-image":"","background-repeat":"repeat","background-position":"center center","background-size":"auto","background-attachment":"scroll","background-type":"","background-media":"","overlay-type":"","overlay-color":"","overlay-opacity":"","overlay-gradient":""}}},"product_brand":[],"product_cat":[46],"product_tag":[],"class_list":{"0":"post-98687","1":"product","2":"type-product","3":"status-publish","4":"has-post-thumbnail","6":"product_cat-za-lepe-lase","7":"desktop-align-left","8":"tablet-align-left","9":"mobile-align-left","10":"ast-product-gallery-layout-first-image-large","11":"ast-product-gallery-with-no-image","12":"ast-magnify-disabled","13":"ast-product-tabs-layout-horizontal","15":"first","16":"instock","17":"taxable","18":"shipping-taxable","19":"purchasable","20":"product-type-simple"},"yoast_head":"<!-- This site is optimized with the Yoast SEO plugin v26.9 - https:\/\/yoast.com\/product\/yoast-seo-wordpress\/ -->\n<title>\u0160ampon Argan za sijo\u010de in gladke lase - Belle.si kozmeti\u010dna trgovina<\/title>\n<meta name=\"robots\" content=\"index, follow, max-snippet:-1, max-image-preview:large, max-video-preview:-1\" \/>\n<link rel=\"canonical\" href=\"https:\/\/www.belle.si\/it\/izdelek\/sampon-argan-za-sijoce-in-gladke-lase\/\" \/>\n<meta property=\"og:locale\" content=\"it_IT\" \/>\n<meta property=\"og:type\" content=\"article\" \/>\n<meta property=\"og:title\" content=\"\u0160ampon Argan za sijo\u010de in gladke lase - Belle.si kozmeti\u010dna trgovina\" \/>\n<meta property=\"og:description\" content=\"\u0160ampon z arganovim oljem za sijo\u010de in gladke lase \u0160ampon z arganovim oljem vsebuje dve posebni u\u010dinkovini: Lustreplex and Keramid A2, ki blagodejno delujeta\u00a0 na\u00a0 lase. Linija z arganovim oljem je namejena ravnim in skodranim lasem. \u0160ampon deluje tako, da lase sprosti, jih naredi bolj gladke in sijo\u010de, razpusti vozle in krepaste predele. \u0160ampon z [&hellip;]\" \/>\n<meta property=\"og:url\" content=\"https:\/\/www.belle.si\/it\/izdelek\/sampon-argan-za-sijoce-in-gladke-lase\/\" \/>\n<meta property=\"og:site_name\" content=\"Belle.si kozmeti\u010dna trgovina\" \/>\n<meta property=\"article:publisher\" content=\"https:\/\/www.facebook.com\/belle.si.cosmetics\/\" \/>\n<meta property=\"article:modified_time\" content=\"2024-12-29T22:32:17+00:00\" \/>\n<meta property=\"og:image\" content=\"https:\/\/www.belle.si\/wp-content\/uploads\/2022\/10\/sampon_argan.png\" \/>\n\t<meta property=\"og:image:width\" content=\"800\" \/>\n\t<meta property=\"og:image:height\" content=\"800\" \/>\n\t<meta property=\"og:image:type\" content=\"image\/png\" \/>\n<meta name=\"twitter:card\" content=\"summary_large_image\" \/>\n<meta name=\"twitter:label1\" content=\"Tempo di lettura stimato\" \/>\n\t<meta name=\"twitter:data1\" content=\"1 minuto\" \/>\n<script type=\"application\/ld+json\" class=\"yoast-schema-graph\">{\"@context\":\"https:\/\/schema.org\",\"@graph\":[{\"@type\":\"WebPage\",\"@id\":\"https:\/\/www.belle.si\/it\/izdelek\/sampon-argan-za-sijoce-in-gladke-lase\/\",\"url\":\"https:\/\/www.belle.si\/it\/izdelek\/sampon-argan-za-sijoce-in-gladke-lase\/\",\"name\":\"\u0160ampon Argan za sijo\u010de in gladke lase - Belle.si kozmeti\u010dna trgovina\",\"isPartOf\":{\"@id\":\"https:\/\/www.belle.si\/it\/#website\"},\"primaryImageOfPage\":{\"@id\":\"https:\/\/www.belle.si\/it\/izdelek\/sampon-argan-za-sijoce-in-gladke-lase\/#primaryimage\"},\"image\":{\"@id\":\"https:\/\/www.belle.si\/it\/izdelek\/sampon-argan-za-sijoce-in-gladke-lase\/#primaryimage\"},\"thumbnailUrl\":\"https:\/\/www.belle.si\/wp-content\/uploads\/2022\/10\/sampon_argan.png\",\"datePublished\":\"2020-06-25T23:10:44+00:00\",\"dateModified\":\"2024-12-29T22:32:17+00:00\",\"breadcrumb\":{\"@id\":\"https:\/\/www.belle.si\/it\/izdelek\/sampon-argan-za-sijoce-in-gladke-lase\/#breadcrumb\"},\"inLanguage\":\"it-IT\",\"potentialAction\":[{\"@type\":\"ReadAction\",\"target\":[\"https:\/\/www.belle.si\/it\/izdelek\/sampon-argan-za-sijoce-in-gladke-lase\/\"]}]},{\"@type\":\"ImageObject\",\"inLanguage\":\"it-IT\",\"@id\":\"https:\/\/www.belle.si\/it\/izdelek\/sampon-argan-za-sijoce-in-gladke-lase\/#primaryimage\",\"url\":\"https:\/\/www.belle.si\/wp-content\/uploads\/2022\/10\/sampon_argan.png\",\"contentUrl\":\"https:\/\/www.belle.si\/wp-content\/uploads\/2022\/10\/sampon_argan.png\",\"width\":800,\"height\":800},{\"@type\":\"BreadcrumbList\",\"@id\":\"https:\/\/www.belle.si\/it\/izdelek\/sampon-argan-za-sijoce-in-gladke-lase\/#breadcrumb\",\"itemListElement\":[{\"@type\":\"ListItem\",\"position\":1,\"name\":\"Home\",\"item\":\"https:\/\/www.belle.si\/it\/\"},{\"@type\":\"ListItem\",\"position\":2,\"name\":\"Trgovina\",\"item\":\"https:\/\/www.belle.si\/trgovina\/\"},{\"@type\":\"ListItem\",\"position\":3,\"name\":\"\u0160ampon Argan za sijo\u010de in gladke lase\"}]},{\"@type\":\"WebSite\",\"@id\":\"https:\/\/www.belle.si\/it\/#website\",\"url\":\"https:\/\/www.belle.si\/it\/\",\"name\":\"Belle.si kozmeti\u010dna trgovina\",\"description\":\"\",\"publisher\":{\"@id\":\"https:\/\/www.belle.si\/it\/#organization\"},\"potentialAction\":[{\"@type\":\"SearchAction\",\"target\":{\"@type\":\"EntryPoint\",\"urlTemplate\":\"https:\/\/www.belle.si\/it\/?s={search_term_string}\"},\"query-input\":{\"@type\":\"PropertyValueSpecification\",\"valueRequired\":true,\"valueName\":\"search_term_string\"}}],\"inLanguage\":\"it-IT\"},{\"@type\":\"Organization\",\"@id\":\"https:\/\/www.belle.si\/it\/#organization\",\"name\":\"Belle.si kozmeti\u010dna trgovina\",\"url\":\"https:\/\/www.belle.si\/it\/\",\"logo\":{\"@type\":\"ImageObject\",\"inLanguage\":\"it-IT\",\"@id\":\"https:\/\/www.belle.si\/it\/#\/schema\/logo\/image\/\",\"url\":\"https:\/\/www.belle.si\/wp-content\/uploads\/2022\/10\/cropped-logo_belle_trgovina.png\",\"contentUrl\":\"https:\/\/www.belle.si\/wp-content\/uploads\/2022\/10\/cropped-logo_belle_trgovina.png\",\"width\":270,\"height\":135,\"caption\":\"Belle.si kozmeti\u010dna trgovina\"},\"image\":{\"@id\":\"https:\/\/www.belle.si\/it\/#\/schema\/logo\/image\/\"},\"sameAs\":[\"https:\/\/www.facebook.com\/belle.si.cosmetics\/\",\"https:\/\/www.instagram.com\/belle.si.cosmetics\/\"]}]}<\/script>\n<!-- \/ Yoast SEO plugin. -->","yoast_head_json":{"title":"\u0160ampon Argan za sijo\u010de in gladke lase - Belle.si kozmeti\u010dna trgovina","robots":{"index":"index","follow":"follow","max-snippet":"max-snippet:-1","max-image-preview":"max-image-preview:large","max-video-preview":"max-video-preview:-1"},"canonical":"https:\/\/www.belle.si\/it\/izdelek\/sampon-argan-za-sijoce-in-gladke-lase\/","og_locale":"it_IT","og_type":"article","og_title":"\u0160ampon Argan za sijo\u010de in gladke lase - Belle.si kozmeti\u010dna trgovina","og_description":"\u0160ampon z arganovim oljem za sijo\u010de in gladke lase \u0160ampon z arganovim oljem vsebuje dve posebni u\u010dinkovini: Lustreplex and Keramid A2, ki blagodejno delujeta\u00a0 na\u00a0 lase. Linija z arganovim oljem je namejena ravnim in skodranim lasem. \u0160ampon deluje tako, da lase sprosti, jih naredi bolj gladke in sijo\u010de, razpusti vozle in krepaste predele. \u0160ampon z [&hellip;]","og_url":"https:\/\/www.belle.si\/it\/izdelek\/sampon-argan-za-sijoce-in-gladke-lase\/","og_site_name":"Belle.si kozmeti\u010dna trgovina","article_publisher":"https:\/\/www.facebook.com\/belle.si.cosmetics\/","article_modified_time":"2024-12-29T22:32:17+00:00","og_image":[{"width":800,"height":800,"url":"https:\/\/www.belle.si\/wp-content\/uploads\/2022\/10\/sampon_argan.png","type":"image\/png"}],"twitter_card":"summary_large_image","twitter_misc":{"Tempo di lettura stimato":"1 minuto"},"schema":{"@context":"https:\/\/schema.org","@graph":[{"@type":"WebPage","@id":"https:\/\/www.belle.si\/it\/izdelek\/sampon-argan-za-sijoce-in-gladke-lase\/","url":"https:\/\/www.belle.si\/it\/izdelek\/sampon-argan-za-sijoce-in-gladke-lase\/","name":"\u0160ampon Argan za sijo\u010de in gladke lase - Belle.si kozmeti\u010dna trgovina","isPartOf":{"@id":"https:\/\/www.belle.si\/it\/#website"},"primaryImageOfPage":{"@id":"https:\/\/www.belle.si\/it\/izdelek\/sampon-argan-za-sijoce-in-gladke-lase\/#primaryimage"},"image":{"@id":"https:\/\/www.belle.si\/it\/izdelek\/sampon-argan-za-sijoce-in-gladke-lase\/#primaryimage"},"thumbnailUrl":"https:\/\/www.belle.si\/wp-content\/uploads\/2022\/10\/sampon_argan.png","datePublished":"2020-06-25T23:10:44+00:00","dateModified":"2024-12-29T22:32:17+00:00","breadcrumb":{"@id":"https:\/\/www.belle.si\/it\/izdelek\/sampon-argan-za-sijoce-in-gladke-lase\/#breadcrumb"},"inLanguage":"it-IT","potentialAction":[{"@type":"ReadAction","target":["https:\/\/www.belle.si\/it\/izdelek\/sampon-argan-za-sijoce-in-gladke-lase\/"]}]},{"@type":"ImageObject","inLanguage":"it-IT","@id":"https:\/\/www.belle.si\/it\/izdelek\/sampon-argan-za-sijoce-in-gladke-lase\/#primaryimage","url":"https:\/\/www.belle.si\/wp-content\/uploads\/2022\/10\/sampon_argan.png","contentUrl":"https:\/\/www.belle.si\/wp-content\/uploads\/2022\/10\/sampon_argan.png","width":800,"height":800},{"@type":"BreadcrumbList","@id":"https:\/\/www.belle.si\/it\/izdelek\/sampon-argan-za-sijoce-in-gladke-lase\/#breadcrumb","itemListElement":[{"@type":"ListItem","position":1,"name":"Home","item":"https:\/\/www.belle.si\/it\/"},{"@type":"ListItem","position":2,"name":"Trgovina","item":"https:\/\/www.belle.si\/trgovina\/"},{"@type":"ListItem","position":3,"name":"\u0160ampon Argan za sijo\u010de in gladke lase"}]},{"@type":"WebSite","@id":"https:\/\/www.belle.si\/it\/#website","url":"https:\/\/www.belle.si\/it\/","name":"Belle.si kozmeti\u010dna trgovina","description":"","publisher":{"@id":"https:\/\/www.belle.si\/it\/#organization"},"potentialAction":[{"@type":"SearchAction","target":{"@type":"EntryPoint","urlTemplate":"https:\/\/www.belle.si\/it\/?s={search_term_string}"},"query-input":{"@type":"PropertyValueSpecification","valueRequired":true,"valueName":"search_term_string"}}],"inLanguage":"it-IT"},{"@type":"Organization","@id":"https:\/\/www.belle.si\/it\/#organization","name":"Belle.si kozmeti\u010dna trgovina","url":"https:\/\/www.belle.si\/it\/","logo":{"@type":"ImageObject","inLanguage":"it-IT","@id":"https:\/\/www.belle.si\/it\/#\/schema\/logo\/image\/","url":"https:\/\/www.belle.si\/wp-content\/uploads\/2022\/10\/cropped-logo_belle_trgovina.png","contentUrl":"https:\/\/www.belle.si\/wp-content\/uploads\/2022\/10\/cropped-logo_belle_trgovina.png","width":270,"height":135,"caption":"Belle.si kozmeti\u010dna trgovina"},"image":{"@id":"https:\/\/www.belle.si\/it\/#\/schema\/logo\/image\/"},"sameAs":["https:\/\/www.facebook.com\/belle.si.cosmetics\/","https:\/\/www.instagram.com\/belle.si.cosmetics\/"]}]}},"uagb_featured_image_src":{"full":["https:\/\/www.belle.si\/wp-content\/uploads\/2022\/10\/sampon_argan.png",800,800,false],"thumbnail":["https:\/\/www.belle.si\/wp-content\/uploads\/2022\/10\/sampon_argan-150x150.png",150,150,true],"medium":["https:\/\/www.belle.si\/wp-content\/uploads\/2022\/10\/sampon_argan-300x300.png",300,300,true],"medium_large":["https:\/\/www.belle.si\/wp-content\/uploads\/2022\/10\/sampon_argan-768x768.png",768,768,true],"large":["https:\/\/www.belle.si\/wp-content\/uploads\/2022\/10\/sampon_argan.png",800,800,false],"1536x1536":["https:\/\/www.belle.si\/wp-content\/uploads\/2022\/10\/sampon_argan.png",800,800,false],"2048x2048":["https:\/\/www.belle.si\/wp-content\/uploads\/2022\/10\/sampon_argan.png",800,800,false],"mailpoet_newsletter_max":["https:\/\/www.belle.si\/wp-content\/uploads\/2022\/10\/sampon_argan.png",800,800,false],"woocommerce_thumbnail":["https:\/\/www.belle.si\/wp-content\/uploads\/2022\/10\/sampon_argan-300x300.png",300,300,true],"woocommerce_single":["https:\/\/www.belle.si\/wp-content\/uploads\/2022\/10\/sampon_argan-600x600.png",600,600,true],"woocommerce_gallery_thumbnail":["https:\/\/www.belle.si\/wp-content\/uploads\/2022\/10\/sampon_argan-100x100.png",100,100,true]},"uagb_author_info":{"display_name":"taja","author_link":"https:\/\/www.belle.si\/it\/author\/"},"uagb_comment_info":0,"uagb_excerpt":"\u0160ampon z arganovim oljem za sijo\u010de in gladke lase \u0160ampon z arganovim oljem vsebuje dve posebni u\u010dinkovini: Lustreplex and Keramid A2, ki blagodejno delujeta\u00a0 na\u00a0 lase. Linija z arganovim oljem je namejena ravnim in skodranim lasem. \u0160ampon deluje tako, da lase sprosti, jih naredi bolj gladke in sijo\u010de, razpusti vozle in krepaste predele. \u0160ampon z&hellip;","_links":{"self":[{"href":"https:\/\/www.belle.si\/it\/wp-json\/wp\/v2\/product\/98687","targetHints":{"allow":["GET"]}}],"collection":[{"href":"https:\/\/www.belle.si\/it\/wp-json\/wp\/v2\/product"}],"about":[{"href":"https:\/\/www.belle.si\/it\/wp-json\/wp\/v2\/types\/product"}],"replies":[{"embeddable":true,"href":"https:\/\/www.belle.si\/it\/wp-json\/wp\/v2\/comments?post=98687"}],"wp:featuredmedia":[{"embeddable":true,"href":"https:\/\/www.belle.si\/it\/wp-json\/wp\/v2\/media\/98688"}],"wp:attachment":[{"href":"https:\/\/www.belle.si\/it\/wp-json\/wp\/v2\/media?parent=98687"}],"wp:term":[{"taxonomy":"product_brand","embeddable":true,"href":"https:\/\/www.belle.si\/it\/wp-json\/wp\/v2\/product_brand?post=98687"},{"taxonomy":"product_cat","embeddable":true,"href":"https:\/\/www.belle.si\/it\/wp-json\/wp\/v2\/product_cat?post=98687"},{"taxonomy":"product_tag","embeddable":true,"href":"https:\/\/www.belle.si\/it\/wp-json\/wp\/v2\/product_tag?post=98687"}],"curies":[{"name":"wp","href":"https:\/\/api.w.org\/{rel}","templated":true}]}}