{"id":98685,"date":"2020-06-25T23:10:44","date_gmt":"2020-06-25T23:10:44","guid":{"rendered":"https:\/\/belle.zabica.org\/?post_type=product&#038;p=98685"},"modified":"2022-10-19T09:07:59","modified_gmt":"2022-10-19T09:07:59","slug":"serum-za-lase-hairbell-glos-za-sijoce-in-lepe-lase","status":"publish","type":"product","link":"https:\/\/www.belle.si\/it\/izdelek\/serum-za-lase-hairbell-glos-za-sijoce-in-lepe-lase\/","title":{"rendered":"Serum za lase HairBell &#8211; glos za sijo\u010de in lepe lase"},"content":{"rendered":"<h2 class=\"subtitle\">Hair Bell serum je glos, ki oja\u010da in vla\u017ei lase<\/h2>\n<p class=\"subtitle\">Hair Bell\u00a0 gloss je primeren za vse vrste las. Serum je negovalno olje, ki hrani in ja\u010da lase.<\/p>\n<p class=\"subtitle\">Z uporabo seruma lasje postanejo sijo\u010di, svilnati in gladki.<\/p>\n<p class=\"subtitle\">\u0160e ve\u010d &#8211; lasje bojo lahkotni in ne\u017eni na otip.<\/p>\n<p class=\"subtitle\">Serum lahko uporabljate vsak dan in tako lase za\u0161\u010ditite pred po\u0161kodbami in zunanjimi vplivi.<\/p>\n<h3>Sestava seruma za lase Hair Bell<\/h3>\n<p>HairBell serum je posebna me\u0161anice olj, ki blagodejno deluje na lase.<\/p>\n<p>Me\u0161anica vsebuje son\u010dni\u010dno olje in <strong>ekstrakt god\u017ei jagod, ki deluje antioksidacijsko in vra\u010da lasem vitalnost<\/strong>.<\/p>\n<p>Me\u0161anica intenzivno deluje na lase in jih naredi svetle\u010de, mehke, in odporne proti po\u0161kodbam.<\/p>\n<p><strong>HairBell serum lase hrani in jim vra\u010da vla\u017enost, vitalnost in lepoto.<br \/>\n<\/strong><\/p>\n<h3>Navodila za uporabo glosa za lase<\/h3>\n<div class=\"std\">\n<p><span class=\"brand\">HairBell serum je odgovor za vse, ki si \u017eelite posebne nege za lase. <\/span><\/p>\n<p><span class=\"brand\">Serum je vsestranski in se ga lahko uporablja med celotno nego las &#8211; pred pranjem las, med pranjem in po pranju las.<br \/>\n<\/span><\/p>\n<\/div>\n<p><strong>Serum lahko nanesite pred pranjem las:<\/strong><\/p>\n<p>Pred pranjem serum nanesite\u00a0 po celotni dol\u017eini las in po lasi\u0161\u010du.<\/p>\n<p>Lasje so lahko mokri ali suhi.<\/p>\n<p>S serumom boste tako la\u017eje odstranili vso ne\u010disto\u010do z las in jih hkrati za\u0161\u010ditili.<\/p>\n<p><strong>Uporabite ga pred su\u0161enjem las:<\/strong><\/p>\n<p>Po pranju las, nekoliko osu\u0161te lase z brisa\u010do in nato nanesite serum po celotni dol\u017eini. Su\u0161enje in \u010desanje bo tako veliko la\u017eje.<\/p>\n<p>Hkrati bojo lasje za\u010diteni pred vro\u010dino in mehanskimi po\u0161kodbami.<\/p>\n<p>S serumom prekrijte povr\u0161ino las, da se vpije \u010dim bolj v globino. To lase za\u0161\u010diti in nahrani hkrati. Rezultat so svilnati in svetle\u010di lasje.<\/p>\n<p><strong>Uporabite ga po su\u0161enju las:<\/strong><\/p>\n<p><strong>HairBell serum<\/strong> nanesite po celotni dol\u017eini las do konic. Lasje so tako \u0161e dodatno za\u0161\u010diteni in la\u017eje ohranijo vla\u017enost in pro\u017enost, kar jim daje svetle\u010d videz.<\/p>\n<p><strong>Uporabite ga za vsakodnevno nego las:<\/strong><\/p>\n<p>Nekaj kapljic seruma Hair Bell nanesite vsak dan po celotni dol\u017eini las do konic.<\/p>\n<p>Lasje bodo tako za\u0161\u010diteni pred vsakodnevnimi po\u0161kodbam &#8211; lasna struktura\u00a0 bo ostala kompaktna &#8211; lasje bojo dlje \u010dasa lep\u0161i in zdravi.<\/p>\n<p><strong>Serum Hair Bell<\/strong> las ne ma\u017ee in jih ne masti. Vsakodnevna uporaba las ne ote\u017ei ali druga\u010de obremenjuje.<\/p>\n<div class=\"std\">\n<p>Vsebina : 50ml sprej<\/p>\n<p>Proizvedeno v Franciji<\/p>\n<\/div>\n<p>&nbsp;<\/p>\n","protected":false},"excerpt":{"rendered":"<p>Hair Bell serum je glos, ki oja\u010da in vla\u017ei lase Hair Bell\u00a0 gloss je primeren za vse vrste las. Serum je negovalno olje, ki hrani in ja\u010da lase. Z uporabo seruma lasje postanejo sijo\u010di, svilnati in gladki. \u0160e ve\u010d &#8211; lasje bojo lahkotni in ne\u017eni na otip. Serum lahko uporabljate vsak dan in tako lase [&hellip;]<\/p>\n","protected":false},"featured_media":98686,"comment_status":"closed","ping_status":"closed","template":"","meta":{"_uag_custom_page_level_css":"","_monsterinsights_skip_tracking":false,"_monsterinsights_sitenote_active":false,"_monsterinsights_sitenote_note":"","_monsterinsights_sitenote_category":0,"site-sidebar-layout":"default","site-content-layout":"","ast-site-content-layout":"default","site-content-style":"default","site-sidebar-style":"default","ast-global-header-display":"","ast-banner-title-visibility":"","ast-main-header-display":"","ast-hfb-above-header-display":"","ast-hfb-below-header-display":"","ast-hfb-mobile-header-display":"","site-post-title":"","ast-breadcrumbs-content":"","ast-featured-img":"","footer-sml-layout":"","ast-disable-related-posts":"","theme-transparent-header-meta":"","adv-header-id-meta":"","stick-header-meta":"","header-above-stick-meta":"","header-main-stick-meta":"","header-below-stick-meta":"","astra-migrate-meta-layouts":"default","ast-page-background-enabled":"default","ast-page-background-meta":{"desktop":{"background-color":"var(--ast-global-color-4)","background-image":"","background-repeat":"repeat","background-position":"center center","background-size":"auto","background-attachment":"scroll","background-type":"","background-media":"","overlay-type":"","overlay-color":"","overlay-opacity":"","overlay-gradient":""},"tablet":{"background-color":"","background-image":"","background-repeat":"repeat","background-position":"center center","background-size":"auto","background-attachment":"scroll","background-type":"","background-media":"","overlay-type":"","overlay-color":"","overlay-opacity":"","overlay-gradient":""},"mobile":{"background-color":"","background-image":"","background-repeat":"repeat","background-position":"center center","background-size":"auto","background-attachment":"scroll","background-type":"","background-media":"","overlay-type":"","overlay-color":"","overlay-opacity":"","overlay-gradient":""}},"ast-content-background-meta":{"desktop":{"background-color":"var(--ast-global-color-5)","background-image":"","background-repeat":"repeat","background-position":"center center","background-size":"auto","background-attachment":"scroll","background-type":"","background-media":"","overlay-type":"","overlay-color":"","overlay-opacity":"","overlay-gradient":""},"tablet":{"background-color":"var(--ast-global-color-5)","background-image":"","background-repeat":"repeat","background-position":"center center","background-size":"auto","background-attachment":"scroll","background-type":"","background-media":"","overlay-type":"","overlay-color":"","overlay-opacity":"","overlay-gradient":""},"mobile":{"background-color":"var(--ast-global-color-5)","background-image":"","background-repeat":"repeat","background-position":"center center","background-size":"auto","background-attachment":"scroll","background-type":"","background-media":"","overlay-type":"","overlay-color":"","overlay-opacity":"","overlay-gradient":""}}},"product_brand":[],"product_cat":[46],"product_tag":[],"class_list":{"0":"post-98685","1":"product","2":"type-product","3":"status-publish","4":"has-post-thumbnail","6":"product_cat-za-lepe-lase","7":"desktop-align-left","8":"tablet-align-left","9":"mobile-align-left","10":"ast-product-gallery-layout-first-image-large","11":"ast-product-gallery-with-no-image","12":"ast-magnify-disabled","13":"ast-product-tabs-layout-horizontal","15":"first","16":"instock","17":"taxable","18":"shipping-taxable","19":"purchasable","20":"product-type-simple"},"yoast_head":"<!-- This site is optimized with the Yoast SEO plugin v26.9 - https:\/\/yoast.com\/product\/yoast-seo-wordpress\/ -->\n<title>Serum za lase HairBell - glos za sijo\u010de in lepe lase - Belle.si kozmeti\u010dna trgovina<\/title>\n<meta name=\"robots\" content=\"index, follow, max-snippet:-1, max-image-preview:large, max-video-preview:-1\" \/>\n<link rel=\"canonical\" href=\"https:\/\/www.belle.si\/it\/izdelek\/serum-za-lase-hairbell-glos-za-sijoce-in-lepe-lase\/\" \/>\n<meta property=\"og:locale\" content=\"it_IT\" \/>\n<meta property=\"og:type\" content=\"article\" \/>\n<meta property=\"og:title\" content=\"Serum za lase HairBell - glos za sijo\u010de in lepe lase - Belle.si kozmeti\u010dna trgovina\" \/>\n<meta property=\"og:description\" content=\"Hair Bell serum je glos, ki oja\u010da in vla\u017ei lase Hair Bell\u00a0 gloss je primeren za vse vrste las. Serum je negovalno olje, ki hrani in ja\u010da lase. Z uporabo seruma lasje postanejo sijo\u010di, svilnati in gladki. \u0160e ve\u010d &#8211; lasje bojo lahkotni in ne\u017eni na otip. Serum lahko uporabljate vsak dan in tako lase [&hellip;]\" \/>\n<meta property=\"og:url\" content=\"https:\/\/www.belle.si\/it\/izdelek\/serum-za-lase-hairbell-glos-za-sijoce-in-lepe-lase\/\" \/>\n<meta property=\"og:site_name\" content=\"Belle.si kozmeti\u010dna trgovina\" \/>\n<meta property=\"article:publisher\" content=\"https:\/\/www.facebook.com\/belle.si.cosmetics\/\" \/>\n<meta property=\"article:modified_time\" content=\"2022-10-19T09:07:59+00:00\" \/>\n<meta property=\"og:image\" content=\"https:\/\/www.belle.si\/wp-content\/uploads\/2022\/10\/serum_Hair_bell.png\" \/>\n\t<meta property=\"og:image:width\" content=\"800\" \/>\n\t<meta property=\"og:image:height\" content=\"800\" \/>\n\t<meta property=\"og:image:type\" content=\"image\/png\" \/>\n<meta name=\"twitter:card\" content=\"summary_large_image\" \/>\n<meta name=\"twitter:label1\" content=\"Tempo di lettura stimato\" \/>\n\t<meta name=\"twitter:data1\" content=\"2 minuti\" \/>\n<script type=\"application\/ld+json\" class=\"yoast-schema-graph\">{\"@context\":\"https:\/\/schema.org\",\"@graph\":[{\"@type\":\"WebPage\",\"@id\":\"https:\/\/www.belle.si\/it\/izdelek\/serum-za-lase-hairbell-glos-za-sijoce-in-lepe-lase\/\",\"url\":\"https:\/\/www.belle.si\/it\/izdelek\/serum-za-lase-hairbell-glos-za-sijoce-in-lepe-lase\/\",\"name\":\"Serum za lase HairBell - glos za sijo\u010de in lepe lase - Belle.si kozmeti\u010dna trgovina\",\"isPartOf\":{\"@id\":\"https:\/\/www.belle.si\/it\/#website\"},\"primaryImageOfPage\":{\"@id\":\"https:\/\/www.belle.si\/it\/izdelek\/serum-za-lase-hairbell-glos-za-sijoce-in-lepe-lase\/#primaryimage\"},\"image\":{\"@id\":\"https:\/\/www.belle.si\/it\/izdelek\/serum-za-lase-hairbell-glos-za-sijoce-in-lepe-lase\/#primaryimage\"},\"thumbnailUrl\":\"https:\/\/www.belle.si\/wp-content\/uploads\/2022\/10\/serum_Hair_bell.png\",\"datePublished\":\"2020-06-25T23:10:44+00:00\",\"dateModified\":\"2022-10-19T09:07:59+00:00\",\"breadcrumb\":{\"@id\":\"https:\/\/www.belle.si\/it\/izdelek\/serum-za-lase-hairbell-glos-za-sijoce-in-lepe-lase\/#breadcrumb\"},\"inLanguage\":\"it-IT\",\"potentialAction\":[{\"@type\":\"ReadAction\",\"target\":[\"https:\/\/www.belle.si\/it\/izdelek\/serum-za-lase-hairbell-glos-za-sijoce-in-lepe-lase\/\"]}]},{\"@type\":\"ImageObject\",\"inLanguage\":\"it-IT\",\"@id\":\"https:\/\/www.belle.si\/it\/izdelek\/serum-za-lase-hairbell-glos-za-sijoce-in-lepe-lase\/#primaryimage\",\"url\":\"https:\/\/www.belle.si\/wp-content\/uploads\/2022\/10\/serum_Hair_bell.png\",\"contentUrl\":\"https:\/\/www.belle.si\/wp-content\/uploads\/2022\/10\/serum_Hair_bell.png\",\"width\":800,\"height\":800},{\"@type\":\"BreadcrumbList\",\"@id\":\"https:\/\/www.belle.si\/it\/izdelek\/serum-za-lase-hairbell-glos-za-sijoce-in-lepe-lase\/#breadcrumb\",\"itemListElement\":[{\"@type\":\"ListItem\",\"position\":1,\"name\":\"Home\",\"item\":\"https:\/\/www.belle.si\/it\/\"},{\"@type\":\"ListItem\",\"position\":2,\"name\":\"Trgovina\",\"item\":\"https:\/\/www.belle.si\/trgovina\/\"},{\"@type\":\"ListItem\",\"position\":3,\"name\":\"Serum za lase HairBell &#8211; glos za sijo\u010de in lepe lase\"}]},{\"@type\":\"WebSite\",\"@id\":\"https:\/\/www.belle.si\/it\/#website\",\"url\":\"https:\/\/www.belle.si\/it\/\",\"name\":\"Belle.si kozmeti\u010dna trgovina\",\"description\":\"\",\"publisher\":{\"@id\":\"https:\/\/www.belle.si\/it\/#organization\"},\"potentialAction\":[{\"@type\":\"SearchAction\",\"target\":{\"@type\":\"EntryPoint\",\"urlTemplate\":\"https:\/\/www.belle.si\/it\/?s={search_term_string}\"},\"query-input\":{\"@type\":\"PropertyValueSpecification\",\"valueRequired\":true,\"valueName\":\"search_term_string\"}}],\"inLanguage\":\"it-IT\"},{\"@type\":\"Organization\",\"@id\":\"https:\/\/www.belle.si\/it\/#organization\",\"name\":\"Belle.si kozmeti\u010dna trgovina\",\"url\":\"https:\/\/www.belle.si\/it\/\",\"logo\":{\"@type\":\"ImageObject\",\"inLanguage\":\"it-IT\",\"@id\":\"https:\/\/www.belle.si\/it\/#\/schema\/logo\/image\/\",\"url\":\"https:\/\/www.belle.si\/wp-content\/uploads\/2022\/10\/cropped-logo_belle_trgovina.png\",\"contentUrl\":\"https:\/\/www.belle.si\/wp-content\/uploads\/2022\/10\/cropped-logo_belle_trgovina.png\",\"width\":270,\"height\":135,\"caption\":\"Belle.si kozmeti\u010dna trgovina\"},\"image\":{\"@id\":\"https:\/\/www.belle.si\/it\/#\/schema\/logo\/image\/\"},\"sameAs\":[\"https:\/\/www.facebook.com\/belle.si.cosmetics\/\",\"https:\/\/www.instagram.com\/belle.si.cosmetics\/\"]}]}<\/script>\n<!-- \/ Yoast SEO plugin. -->","yoast_head_json":{"title":"Serum za lase HairBell - glos za sijo\u010de in lepe lase - Belle.si kozmeti\u010dna trgovina","robots":{"index":"index","follow":"follow","max-snippet":"max-snippet:-1","max-image-preview":"max-image-preview:large","max-video-preview":"max-video-preview:-1"},"canonical":"https:\/\/www.belle.si\/it\/izdelek\/serum-za-lase-hairbell-glos-za-sijoce-in-lepe-lase\/","og_locale":"it_IT","og_type":"article","og_title":"Serum za lase HairBell - glos za sijo\u010de in lepe lase - Belle.si kozmeti\u010dna trgovina","og_description":"Hair Bell serum je glos, ki oja\u010da in vla\u017ei lase Hair Bell\u00a0 gloss je primeren za vse vrste las. Serum je negovalno olje, ki hrani in ja\u010da lase. Z uporabo seruma lasje postanejo sijo\u010di, svilnati in gladki. \u0160e ve\u010d &#8211; lasje bojo lahkotni in ne\u017eni na otip. Serum lahko uporabljate vsak dan in tako lase [&hellip;]","og_url":"https:\/\/www.belle.si\/it\/izdelek\/serum-za-lase-hairbell-glos-za-sijoce-in-lepe-lase\/","og_site_name":"Belle.si kozmeti\u010dna trgovina","article_publisher":"https:\/\/www.facebook.com\/belle.si.cosmetics\/","article_modified_time":"2022-10-19T09:07:59+00:00","og_image":[{"width":800,"height":800,"url":"https:\/\/www.belle.si\/wp-content\/uploads\/2022\/10\/serum_Hair_bell.png","type":"image\/png"}],"twitter_card":"summary_large_image","twitter_misc":{"Tempo di lettura stimato":"2 minuti"},"schema":{"@context":"https:\/\/schema.org","@graph":[{"@type":"WebPage","@id":"https:\/\/www.belle.si\/it\/izdelek\/serum-za-lase-hairbell-glos-za-sijoce-in-lepe-lase\/","url":"https:\/\/www.belle.si\/it\/izdelek\/serum-za-lase-hairbell-glos-za-sijoce-in-lepe-lase\/","name":"Serum za lase HairBell - glos za sijo\u010de in lepe lase - Belle.si kozmeti\u010dna trgovina","isPartOf":{"@id":"https:\/\/www.belle.si\/it\/#website"},"primaryImageOfPage":{"@id":"https:\/\/www.belle.si\/it\/izdelek\/serum-za-lase-hairbell-glos-za-sijoce-in-lepe-lase\/#primaryimage"},"image":{"@id":"https:\/\/www.belle.si\/it\/izdelek\/serum-za-lase-hairbell-glos-za-sijoce-in-lepe-lase\/#primaryimage"},"thumbnailUrl":"https:\/\/www.belle.si\/wp-content\/uploads\/2022\/10\/serum_Hair_bell.png","datePublished":"2020-06-25T23:10:44+00:00","dateModified":"2022-10-19T09:07:59+00:00","breadcrumb":{"@id":"https:\/\/www.belle.si\/it\/izdelek\/serum-za-lase-hairbell-glos-za-sijoce-in-lepe-lase\/#breadcrumb"},"inLanguage":"it-IT","potentialAction":[{"@type":"ReadAction","target":["https:\/\/www.belle.si\/it\/izdelek\/serum-za-lase-hairbell-glos-za-sijoce-in-lepe-lase\/"]}]},{"@type":"ImageObject","inLanguage":"it-IT","@id":"https:\/\/www.belle.si\/it\/izdelek\/serum-za-lase-hairbell-glos-za-sijoce-in-lepe-lase\/#primaryimage","url":"https:\/\/www.belle.si\/wp-content\/uploads\/2022\/10\/serum_Hair_bell.png","contentUrl":"https:\/\/www.belle.si\/wp-content\/uploads\/2022\/10\/serum_Hair_bell.png","width":800,"height":800},{"@type":"BreadcrumbList","@id":"https:\/\/www.belle.si\/it\/izdelek\/serum-za-lase-hairbell-glos-za-sijoce-in-lepe-lase\/#breadcrumb","itemListElement":[{"@type":"ListItem","position":1,"name":"Home","item":"https:\/\/www.belle.si\/it\/"},{"@type":"ListItem","position":2,"name":"Trgovina","item":"https:\/\/www.belle.si\/trgovina\/"},{"@type":"ListItem","position":3,"name":"Serum za lase HairBell &#8211; glos za sijo\u010de in lepe lase"}]},{"@type":"WebSite","@id":"https:\/\/www.belle.si\/it\/#website","url":"https:\/\/www.belle.si\/it\/","name":"Belle.si kozmeti\u010dna trgovina","description":"","publisher":{"@id":"https:\/\/www.belle.si\/it\/#organization"},"potentialAction":[{"@type":"SearchAction","target":{"@type":"EntryPoint","urlTemplate":"https:\/\/www.belle.si\/it\/?s={search_term_string}"},"query-input":{"@type":"PropertyValueSpecification","valueRequired":true,"valueName":"search_term_string"}}],"inLanguage":"it-IT"},{"@type":"Organization","@id":"https:\/\/www.belle.si\/it\/#organization","name":"Belle.si kozmeti\u010dna trgovina","url":"https:\/\/www.belle.si\/it\/","logo":{"@type":"ImageObject","inLanguage":"it-IT","@id":"https:\/\/www.belle.si\/it\/#\/schema\/logo\/image\/","url":"https:\/\/www.belle.si\/wp-content\/uploads\/2022\/10\/cropped-logo_belle_trgovina.png","contentUrl":"https:\/\/www.belle.si\/wp-content\/uploads\/2022\/10\/cropped-logo_belle_trgovina.png","width":270,"height":135,"caption":"Belle.si kozmeti\u010dna trgovina"},"image":{"@id":"https:\/\/www.belle.si\/it\/#\/schema\/logo\/image\/"},"sameAs":["https:\/\/www.facebook.com\/belle.si.cosmetics\/","https:\/\/www.instagram.com\/belle.si.cosmetics\/"]}]}},"uagb_featured_image_src":{"full":["https:\/\/www.belle.si\/wp-content\/uploads\/2022\/10\/serum_Hair_bell.png",800,800,false],"thumbnail":["https:\/\/www.belle.si\/wp-content\/uploads\/2022\/10\/serum_Hair_bell-150x150.png",150,150,true],"medium":["https:\/\/www.belle.si\/wp-content\/uploads\/2022\/10\/serum_Hair_bell-300x300.png",300,300,true],"medium_large":["https:\/\/www.belle.si\/wp-content\/uploads\/2022\/10\/serum_Hair_bell-768x768.png",768,768,true],"large":["https:\/\/www.belle.si\/wp-content\/uploads\/2022\/10\/serum_Hair_bell.png",800,800,false],"1536x1536":["https:\/\/www.belle.si\/wp-content\/uploads\/2022\/10\/serum_Hair_bell.png",800,800,false],"2048x2048":["https:\/\/www.belle.si\/wp-content\/uploads\/2022\/10\/serum_Hair_bell.png",800,800,false],"mailpoet_newsletter_max":["https:\/\/www.belle.si\/wp-content\/uploads\/2022\/10\/serum_Hair_bell.png",800,800,false],"woocommerce_thumbnail":["https:\/\/www.belle.si\/wp-content\/uploads\/2022\/10\/serum_Hair_bell-300x300.png",300,300,true],"woocommerce_single":["https:\/\/www.belle.si\/wp-content\/uploads\/2022\/10\/serum_Hair_bell-600x600.png",600,600,true],"woocommerce_gallery_thumbnail":["https:\/\/www.belle.si\/wp-content\/uploads\/2022\/10\/serum_Hair_bell-100x100.png",100,100,true]},"uagb_author_info":{"display_name":"taja","author_link":"https:\/\/www.belle.si\/it\/author\/"},"uagb_comment_info":0,"uagb_excerpt":"Hair Bell serum je glos, ki oja\u010da in vla\u017ei lase Hair Bell\u00a0 gloss je primeren za vse vrste las. Serum je negovalno olje, ki hrani in ja\u010da lase. Z uporabo seruma lasje postanejo sijo\u010di, svilnati in gladki. \u0160e ve\u010d &#8211; lasje bojo lahkotni in ne\u017eni na otip. Serum lahko uporabljate vsak dan in tako lase&hellip;","_links":{"self":[{"href":"https:\/\/www.belle.si\/it\/wp-json\/wp\/v2\/product\/98685","targetHints":{"allow":["GET"]}}],"collection":[{"href":"https:\/\/www.belle.si\/it\/wp-json\/wp\/v2\/product"}],"about":[{"href":"https:\/\/www.belle.si\/it\/wp-json\/wp\/v2\/types\/product"}],"replies":[{"embeddable":true,"href":"https:\/\/www.belle.si\/it\/wp-json\/wp\/v2\/comments?post=98685"}],"wp:featuredmedia":[{"embeddable":true,"href":"https:\/\/www.belle.si\/it\/wp-json\/wp\/v2\/media\/98686"}],"wp:attachment":[{"href":"https:\/\/www.belle.si\/it\/wp-json\/wp\/v2\/media?parent=98685"}],"wp:term":[{"taxonomy":"product_brand","embeddable":true,"href":"https:\/\/www.belle.si\/it\/wp-json\/wp\/v2\/product_brand?post=98685"},{"taxonomy":"product_cat","embeddable":true,"href":"https:\/\/www.belle.si\/it\/wp-json\/wp\/v2\/product_cat?post=98685"},{"taxonomy":"product_tag","embeddable":true,"href":"https:\/\/www.belle.si\/it\/wp-json\/wp\/v2\/product_tag?post=98685"}],"curies":[{"name":"wp","href":"https:\/\/api.w.org\/{rel}","templated":true}]}}