{"id":98683,"date":"2020-06-25T23:10:44","date_gmt":"2020-06-25T23:10:44","guid":{"rendered":"https:\/\/belle.zabica.org\/?post_type=product&#038;p=98683"},"modified":"2025-11-10T23:30:43","modified_gmt":"2025-11-10T22:30:43","slug":"hair-force-losjon-proti-izpadanju-las-za-mocne-in-goste-lase","status":"publish","type":"product","link":"https:\/\/www.belle.si\/it\/izdelek\/hair-force-losjon-proti-izpadanju-las-za-mocne-in-goste-lase\/","title":{"rendered":"Hair Force losjon proti izpadanju las &#8211; za mo\u010dne in goste lase"},"content":{"rendered":"<h2>Linija izdelkov proti izapadanju las Hair Force One<\/h2>\n<p>Vam mo\u010dno izpadajo lasje lase?<\/p>\n<p>Imate te\u017eave z lasi\u0161\u010dem?<\/p>\n<p>Se vam dela prhljaj?<\/p>\n<p>Ste obupali nad stanjem svojih las?<\/p>\n<p>Za vse te te\u017eave je odgovor na\u0161a lasna nega francoskega prizvajalca Institute Claude Bell:<\/p>\n<p><strong>Hair Force One \u0161ampon proti izpadanju<\/strong> <strong>las<\/strong> je zasnovan tako,<\/p>\n<p><strong>da<\/strong> <strong>prepre\u010duje izgubo las, pospe\u0161i rast novih las in re\u0161uje te\u017eave z lasi\u0161\u010dem<\/strong>.<\/p>\n<p>Farmacevti Instituta Claude Bell so oblikovali linijo Hair Force One za vse, ki vas pestijo:<\/p>\n<p>&#8211; <strong>mo\u010dno izpadanje las<\/strong><\/p>\n<p>&#8211; <strong>pojavljanje <\/strong><strong>ple\u0161e<\/strong><\/p>\n<p>&#8211; <strong>mastni lasje<\/strong> (kar je lahko en od vzrokov za izpadanje\u00a0 las),<\/p>\n<p>&#8211; <strong>prhljaj<\/strong> (ki je tudi znak te\u017eav z lasi\u0161\u010dem),<\/p>\n<p>&#8211; <strong>mote\u010de spremembe na laseh in lasi\u0161\u010du<\/strong>.<\/p>\n<p><strong>Hair Force \u0161ampon<\/strong> proti izpadanju las je bil klini\u010dno testiran in njegovo delovanje je potrdilo testiranje v neodvisnem laboratoriju v Franciji.<\/p>\n<h3><strong><em>Izdelki niso bili testirani na \u017eivalih.<\/em><\/strong><\/h3>\n<h3>Sestavine losjona in \u0161ampona proti izpadanju las<\/h3>\n<p>Losjon in \u0161ampon Hair Force One <strong>proti izpadanju las<\/strong> vsebujeta dve izjemni sestavini, Capigen in<\/p>\n<p>Capilectin, ki \u017ee v nekaj dneh ustavita izpadanje las in pospe\u0161ita rast novih *.<\/p>\n<p><strong>\u0160ampon Hair Force One<\/strong> vsebuje izvle\u010dke iz baobaba, ki ga poznamo tudi kot &#8220;drevo \u017eivljenja&#8221;.<\/p>\n<p>Hair Force One\u00a0 lahko uporabljate tudi, \u010de ne izgubljate las, ampak \u017eelite, da vam lasje hitreje rastejo in se okrepijo.<\/p>\n<p>Z uporabo Hair Force One \u0161ampona skrbite za zdravo stanje las in lasi\u0161\u010da.<\/p>\n<h3>Uporabite ga lahko ob pojavu srbe\u010dice, prhljaja in mastega lasi\u0161\u010da.<\/h3>\n<p>Z redno uporabo losjona in \u0161ampona lasje postanejo bolj gosti in zdravi.<\/p>\n<p>* Pod pogojem, da lasni me\u0161i\u010dki niso popolnoma izginili.<\/p>\n<p>Sestava je primerna tako za \u017eenske kot mo\u0161ke.<\/p>\n<p>Nima stranskih u\u010dinkov in je\u00a0 klini\u010dno testiran.<\/p>\n<h3>Klini\u010dni testi so potrdili u\u010dinkovitost linije Hair Force One proti izpadanju las<\/h3>\n<p>* Teste je izvedel neodvisni laboratorij v Franciji. Rezultati se lahko\u00a0razlikujejo od posameznika do posameznika.<\/p>\n<p>Testi so pokazali, da Hair Force One:<\/p>\n<p>&#8211; <strong>zmanj\u0161a seborejo<\/strong> za 62%,<\/p>\n<p>&#8211; <strong>ustavi izpadanje las<\/strong>,<\/p>\n<p>&#8211; <strong>pove\u010da gostoto las<\/strong> za 69%,<\/p>\n<p>&#8211; <strong>pospe\u0161i rast novih las<\/strong> za 33%,<\/p>\n<p>&#8211;<strong> spodbuja nastanek novih las<\/strong>,<\/p>\n<p>&#8211; <strong>pospe\u0161i skupno rast las<\/strong> do 152% (v povpre\u010dju 117%).<\/p>\n<h3>Navodila za uporabo losjona proti izpadanju las<\/h3>\n<p>Losjon vtrite z ne\u017enimi gibi in brez drgnjenja. Uporabljajte ga vsako jutro dva meseca zapored. Nanesete ga lahko na mokre ali suhe lase. Ne izpirajte.<\/p>\n<p>Za bolj\u0161e rezultate uborabite skupaj s \u0161amponom Hair Force One. Za bolj\u0161e rezultate \u0161ampon uporabite dvakrat do trikrat na teden.<\/p>\n<p>Vsebina: 1x 150ml v spreju<\/p>\n<p>Proizvedeno v Franciji<\/p>\n<p>&nbsp;<\/p>\n<h3>\u00a0Za optimalen u\u010dinek priporo\u010damo, da losjon proti izpadanju las uporabljate s \u0161amponom iz\u00a0 kolekcije Hair Force One:<\/h3>\n<p>&nbsp;<\/p>\n<h3><a href=\"https:\/\/www.hairbell.si\/wp-content\/uploads\/2020\/02\/sampon-proti-izpadanju-las-hair-force.png\"><img fetchpriority=\"high\" decoding=\"async\" class=\"size-medium wp-image-98407 alignleft\" src=\"https:\/\/www.hairbell.si\/wp-content\/uploads\/2020\/02\/sampon-proti-izpadanju-las-hair-force-300x300.png\" alt=\"\u0160ampon proti izpadanju las\" width=\"300\" height=\"300\" \/><\/a>\u0160ampon Hair Force One proti izpadanju las: 12,00 \u20ac<\/h3>\n<p><a href=\"https:\/\/www.hairbell.si\/izdelek\/hair-force-one-sampon-proti-izpadanju-las\/\">https:\/\/www.hairbell.si\/izdelek\/hair-force-one-sampon-proti-izpadanju-las\/<\/a><\/p>\n<p>&nbsp;<\/p>\n<p>&nbsp;<\/p>\n<h3><\/h3>\n<h3><\/h3>\n<h3><\/h3>\n<h3><\/h3>\n<h3><strong>Ugodna ponudba za najbolj\u0161i u\u010dinek!<\/strong><\/h3>\n<h3><strong>Komplet \u0161ampon in losjon proti izpadanju las le<\/strong>: 21,50 \u20ac, namesto 24,50 \u20ac<\/h3>\n<p><a href=\"https:\/\/www.hairbell.si\/wp-content\/uploads\/2020\/01\/hf1-l_sh_800px_-1.png\"><img decoding=\"async\" class=\"wp-image-96958 alignleft\" src=\"https:\/\/www.hairbell.si\/wp-content\/uploads\/2020\/01\/hf1-l_sh_800px_-1-300x300.png\" alt=\"Hair Force One Duo komplet \u0161ampona in losjona proti izpadanj las.\" width=\"173\" height=\"173\" \/><\/a><\/p>\n<p>Komplet proti izpadanju las: 21,50 \u20ac<\/p>\n<p><a href=\"https:\/\/www.hairbell.si\/izdelek\/hair-force-one\/\">https:\/\/www.hairbell.si\/izdelek\/hair-force-one\/<\/a><\/p>\n<p>&nbsp;<\/p>\n<p>&nbsp;<\/p>\n<p>&nbsp;<\/p>\n<p>Za hitro in intenzivno terapijo <strong>proti izpadanju las priporo\u010damo ampule Hair Force One<\/strong>.<\/p>\n<p>&nbsp;<\/p>\n<h3><a href=\"https:\/\/www.hairbell.si\/wp-content\/uploads\/2020\/02\/ampule-proti-izpadanju-las.png\"><img decoding=\"async\" class=\"wp-image-98409 alignleft\" src=\"https:\/\/www.hairbell.si\/wp-content\/uploads\/2020\/02\/ampule-proti-izpadanju-las-300x300.png\" alt=\"Ampule proti izpadanju las Hair Force\" width=\"182\" height=\"182\" \/><\/a>Ampule proti izpadanju las\u00a0 24,00 \u20ac<\/h3>\n<p><a href=\"https:\/\/www.hairbell.si\/izdelek\/hair-force-ampule-proti-izpadanju-las\/\">https:\/\/www.hairbell.si\/izdelek\/hair-force-ampule-proti-izpadanju-las\/<\/a><\/p>\n<p>&nbsp;<\/p>\n<p>&nbsp;<\/p>\n<p>&nbsp;<\/p>\n<p>Za ve\u010d informacij v zvezi z nego proti izpadanju las nam pi\u0161ite na:<\/p>\n<p>info@hairbell.si ali pokli\u010dite 068 929 111.<\/p>\n<p>Z veseljem bomo odogovrili na vsa vpra\u0161anja.<\/p>\n<p>Spremljajte nas na strani<\/p>\n<p><a href=\"https:\/\/www.facebook.com\/hairbell.si\/\">https:\/\/www.facebook.com\/hairbell.si\/<\/a><\/p>\n","protected":false},"excerpt":{"rendered":"<p>Linija izdelkov proti izapadanju las Hair Force One Vam mo\u010dno izpadajo lasje lase? Imate te\u017eave z lasi\u0161\u010dem? Se vam dela prhljaj? Ste obupali nad stanjem svojih las? Za vse te te\u017eave je odgovor na\u0161a lasna nega francoskega prizvajalca Institute Claude Bell: Hair Force One \u0161ampon proti izpadanju las je zasnovan tako, da prepre\u010duje izgubo las, [&hellip;]<\/p>\n","protected":false},"featured_media":98684,"comment_status":"closed","ping_status":"closed","template":"","meta":{"_uag_custom_page_level_css":"","_monsterinsights_skip_tracking":false,"_monsterinsights_sitenote_active":false,"_monsterinsights_sitenote_note":"","_monsterinsights_sitenote_category":0,"site-sidebar-layout":"default","site-content-layout":"","ast-site-content-layout":"default","site-content-style":"default","site-sidebar-style":"default","ast-global-header-display":"","ast-banner-title-visibility":"","ast-main-header-display":"","ast-hfb-above-header-display":"","ast-hfb-below-header-display":"","ast-hfb-mobile-header-display":"","site-post-title":"","ast-breadcrumbs-content":"","ast-featured-img":"","footer-sml-layout":"","ast-disable-related-posts":"","theme-transparent-header-meta":"","adv-header-id-meta":"","stick-header-meta":"","header-above-stick-meta":"","header-main-stick-meta":"","header-below-stick-meta":"","astra-migrate-meta-layouts":"default","ast-page-background-enabled":"default","ast-page-background-meta":{"desktop":{"background-color":"var(--ast-global-color-4)","background-image":"","background-repeat":"repeat","background-position":"center center","background-size":"auto","background-attachment":"scroll","background-type":"","background-media":"","overlay-type":"","overlay-color":"","overlay-opacity":"","overlay-gradient":""},"tablet":{"background-color":"","background-image":"","background-repeat":"repeat","background-position":"center center","background-size":"auto","background-attachment":"scroll","background-type":"","background-media":"","overlay-type":"","overlay-color":"","overlay-opacity":"","overlay-gradient":""},"mobile":{"background-color":"","background-image":"","background-repeat":"repeat","background-position":"center center","background-size":"auto","background-attachment":"scroll","background-type":"","background-media":"","overlay-type":"","overlay-color":"","overlay-opacity":"","overlay-gradient":""}},"ast-content-background-meta":{"desktop":{"background-color":"var(--ast-global-color-5)","background-image":"","background-repeat":"repeat","background-position":"center center","background-size":"auto","background-attachment":"scroll","background-type":"","background-media":"","overlay-type":"","overlay-color":"","overlay-opacity":"","overlay-gradient":""},"tablet":{"background-color":"var(--ast-global-color-5)","background-image":"","background-repeat":"repeat","background-position":"center center","background-size":"auto","background-attachment":"scroll","background-type":"","background-media":"","overlay-type":"","overlay-color":"","overlay-opacity":"","overlay-gradient":""},"mobile":{"background-color":"var(--ast-global-color-5)","background-image":"","background-repeat":"repeat","background-position":"center center","background-size":"auto","background-attachment":"scroll","background-type":"","background-media":"","overlay-type":"","overlay-color":"","overlay-opacity":"","overlay-gradient":""}}},"product_brand":[],"product_cat":[43],"product_tag":[],"class_list":{"0":"post-98683","1":"product","2":"type-product","3":"status-publish","4":"has-post-thumbnail","6":"product_cat-nega-za-lase","7":"desktop-align-left","8":"tablet-align-left","9":"mobile-align-left","10":"ast-product-gallery-layout-first-image-large","11":"ast-product-gallery-with-no-image","12":"ast-magnify-disabled","13":"ast-product-tabs-layout-horizontal","15":"first","16":"instock","17":"taxable","18":"shipping-taxable","19":"purchasable","20":"product-type-simple"},"yoast_head":"<!-- This site is optimized with the Yoast SEO plugin v26.9 - https:\/\/yoast.com\/product\/yoast-seo-wordpress\/ -->\n<title>Hair Force losjon proti izpadanju las - za mo\u010dne in goste lase - Belle.si kozmeti\u010dna trgovina<\/title>\n<meta name=\"robots\" content=\"index, follow, max-snippet:-1, max-image-preview:large, max-video-preview:-1\" \/>\n<link rel=\"canonical\" href=\"https:\/\/www.belle.si\/it\/izdelek\/hair-force-losjon-proti-izpadanju-las-za-mocne-in-goste-lase\/\" \/>\n<meta property=\"og:locale\" content=\"it_IT\" \/>\n<meta property=\"og:type\" content=\"article\" \/>\n<meta property=\"og:title\" content=\"Hair Force losjon proti izpadanju las - za mo\u010dne in goste lase - Belle.si kozmeti\u010dna trgovina\" \/>\n<meta property=\"og:description\" content=\"Linija izdelkov proti izapadanju las Hair Force One Vam mo\u010dno izpadajo lasje lase? Imate te\u017eave z lasi\u0161\u010dem? Se vam dela prhljaj? Ste obupali nad stanjem svojih las? Za vse te te\u017eave je odgovor na\u0161a lasna nega francoskega prizvajalca Institute Claude Bell: Hair Force One \u0161ampon proti izpadanju las je zasnovan tako, da prepre\u010duje izgubo las, [&hellip;]\" \/>\n<meta property=\"og:url\" content=\"https:\/\/www.belle.si\/it\/izdelek\/hair-force-losjon-proti-izpadanju-las-za-mocne-in-goste-lase\/\" \/>\n<meta property=\"og:site_name\" content=\"Belle.si kozmeti\u010dna trgovina\" \/>\n<meta property=\"article:publisher\" content=\"https:\/\/www.facebook.com\/belle.si.cosmetics\/\" \/>\n<meta property=\"article:modified_time\" content=\"2025-11-10T22:30:43+00:00\" \/>\n<meta property=\"og:image\" content=\"https:\/\/www.belle.si\/wp-content\/uploads\/2022\/10\/losjon-proti-izpadanju-las-hair-force.png\" \/>\n\t<meta property=\"og:image:width\" content=\"800\" \/>\n\t<meta property=\"og:image:height\" content=\"800\" \/>\n\t<meta property=\"og:image:type\" content=\"image\/png\" \/>\n<meta name=\"twitter:card\" content=\"summary_large_image\" \/>\n<meta name=\"twitter:label1\" content=\"Tempo di lettura stimato\" \/>\n\t<meta name=\"twitter:data1\" content=\"3 minuti\" \/>\n<script type=\"application\/ld+json\" class=\"yoast-schema-graph\">{\"@context\":\"https:\/\/schema.org\",\"@graph\":[{\"@type\":\"WebPage\",\"@id\":\"https:\/\/www.belle.si\/it\/izdelek\/hair-force-losjon-proti-izpadanju-las-za-mocne-in-goste-lase\/\",\"url\":\"https:\/\/www.belle.si\/it\/izdelek\/hair-force-losjon-proti-izpadanju-las-za-mocne-in-goste-lase\/\",\"name\":\"Hair Force losjon proti izpadanju las - za mo\u010dne in goste lase - Belle.si kozmeti\u010dna trgovina\",\"isPartOf\":{\"@id\":\"https:\/\/www.belle.si\/it\/#website\"},\"primaryImageOfPage\":{\"@id\":\"https:\/\/www.belle.si\/it\/izdelek\/hair-force-losjon-proti-izpadanju-las-za-mocne-in-goste-lase\/#primaryimage\"},\"image\":{\"@id\":\"https:\/\/www.belle.si\/it\/izdelek\/hair-force-losjon-proti-izpadanju-las-za-mocne-in-goste-lase\/#primaryimage\"},\"thumbnailUrl\":\"https:\/\/www.belle.si\/wp-content\/uploads\/2022\/10\/losjon-proti-izpadanju-las-hair-force.png\",\"datePublished\":\"2020-06-25T23:10:44+00:00\",\"dateModified\":\"2025-11-10T22:30:43+00:00\",\"breadcrumb\":{\"@id\":\"https:\/\/www.belle.si\/it\/izdelek\/hair-force-losjon-proti-izpadanju-las-za-mocne-in-goste-lase\/#breadcrumb\"},\"inLanguage\":\"it-IT\",\"potentialAction\":[{\"@type\":\"ReadAction\",\"target\":[\"https:\/\/www.belle.si\/it\/izdelek\/hair-force-losjon-proti-izpadanju-las-za-mocne-in-goste-lase\/\"]}]},{\"@type\":\"ImageObject\",\"inLanguage\":\"it-IT\",\"@id\":\"https:\/\/www.belle.si\/it\/izdelek\/hair-force-losjon-proti-izpadanju-las-za-mocne-in-goste-lase\/#primaryimage\",\"url\":\"https:\/\/www.belle.si\/wp-content\/uploads\/2022\/10\/losjon-proti-izpadanju-las-hair-force.png\",\"contentUrl\":\"https:\/\/www.belle.si\/wp-content\/uploads\/2022\/10\/losjon-proti-izpadanju-las-hair-force.png\",\"width\":800,\"height\":800},{\"@type\":\"BreadcrumbList\",\"@id\":\"https:\/\/www.belle.si\/it\/izdelek\/hair-force-losjon-proti-izpadanju-las-za-mocne-in-goste-lase\/#breadcrumb\",\"itemListElement\":[{\"@type\":\"ListItem\",\"position\":1,\"name\":\"Home\",\"item\":\"https:\/\/www.belle.si\/it\/\"},{\"@type\":\"ListItem\",\"position\":2,\"name\":\"Trgovina\",\"item\":\"https:\/\/www.belle.si\/trgovina\/\"},{\"@type\":\"ListItem\",\"position\":3,\"name\":\"Hair Force losjon proti izpadanju las &#8211; za mo\u010dne in goste lase\"}]},{\"@type\":\"WebSite\",\"@id\":\"https:\/\/www.belle.si\/it\/#website\",\"url\":\"https:\/\/www.belle.si\/it\/\",\"name\":\"Belle.si kozmeti\u010dna trgovina\",\"description\":\"\",\"publisher\":{\"@id\":\"https:\/\/www.belle.si\/it\/#organization\"},\"potentialAction\":[{\"@type\":\"SearchAction\",\"target\":{\"@type\":\"EntryPoint\",\"urlTemplate\":\"https:\/\/www.belle.si\/it\/?s={search_term_string}\"},\"query-input\":{\"@type\":\"PropertyValueSpecification\",\"valueRequired\":true,\"valueName\":\"search_term_string\"}}],\"inLanguage\":\"it-IT\"},{\"@type\":\"Organization\",\"@id\":\"https:\/\/www.belle.si\/it\/#organization\",\"name\":\"Belle.si kozmeti\u010dna trgovina\",\"url\":\"https:\/\/www.belle.si\/it\/\",\"logo\":{\"@type\":\"ImageObject\",\"inLanguage\":\"it-IT\",\"@id\":\"https:\/\/www.belle.si\/it\/#\/schema\/logo\/image\/\",\"url\":\"https:\/\/www.belle.si\/wp-content\/uploads\/2022\/10\/cropped-logo_belle_trgovina.png\",\"contentUrl\":\"https:\/\/www.belle.si\/wp-content\/uploads\/2022\/10\/cropped-logo_belle_trgovina.png\",\"width\":270,\"height\":135,\"caption\":\"Belle.si kozmeti\u010dna trgovina\"},\"image\":{\"@id\":\"https:\/\/www.belle.si\/it\/#\/schema\/logo\/image\/\"},\"sameAs\":[\"https:\/\/www.facebook.com\/belle.si.cosmetics\/\",\"https:\/\/www.instagram.com\/belle.si.cosmetics\/\"]}]}<\/script>\n<!-- \/ Yoast SEO plugin. -->","yoast_head_json":{"title":"Hair Force losjon proti izpadanju las - za mo\u010dne in goste lase - Belle.si kozmeti\u010dna trgovina","robots":{"index":"index","follow":"follow","max-snippet":"max-snippet:-1","max-image-preview":"max-image-preview:large","max-video-preview":"max-video-preview:-1"},"canonical":"https:\/\/www.belle.si\/it\/izdelek\/hair-force-losjon-proti-izpadanju-las-za-mocne-in-goste-lase\/","og_locale":"it_IT","og_type":"article","og_title":"Hair Force losjon proti izpadanju las - za mo\u010dne in goste lase - Belle.si kozmeti\u010dna trgovina","og_description":"Linija izdelkov proti izapadanju las Hair Force One Vam mo\u010dno izpadajo lasje lase? Imate te\u017eave z lasi\u0161\u010dem? Se vam dela prhljaj? Ste obupali nad stanjem svojih las? Za vse te te\u017eave je odgovor na\u0161a lasna nega francoskega prizvajalca Institute Claude Bell: Hair Force One \u0161ampon proti izpadanju las je zasnovan tako, da prepre\u010duje izgubo las, [&hellip;]","og_url":"https:\/\/www.belle.si\/it\/izdelek\/hair-force-losjon-proti-izpadanju-las-za-mocne-in-goste-lase\/","og_site_name":"Belle.si kozmeti\u010dna trgovina","article_publisher":"https:\/\/www.facebook.com\/belle.si.cosmetics\/","article_modified_time":"2025-11-10T22:30:43+00:00","og_image":[{"width":800,"height":800,"url":"https:\/\/www.belle.si\/wp-content\/uploads\/2022\/10\/losjon-proti-izpadanju-las-hair-force.png","type":"image\/png"}],"twitter_card":"summary_large_image","twitter_misc":{"Tempo di lettura stimato":"3 minuti"},"schema":{"@context":"https:\/\/schema.org","@graph":[{"@type":"WebPage","@id":"https:\/\/www.belle.si\/it\/izdelek\/hair-force-losjon-proti-izpadanju-las-za-mocne-in-goste-lase\/","url":"https:\/\/www.belle.si\/it\/izdelek\/hair-force-losjon-proti-izpadanju-las-za-mocne-in-goste-lase\/","name":"Hair Force losjon proti izpadanju las - za mo\u010dne in goste lase - Belle.si kozmeti\u010dna trgovina","isPartOf":{"@id":"https:\/\/www.belle.si\/it\/#website"},"primaryImageOfPage":{"@id":"https:\/\/www.belle.si\/it\/izdelek\/hair-force-losjon-proti-izpadanju-las-za-mocne-in-goste-lase\/#primaryimage"},"image":{"@id":"https:\/\/www.belle.si\/it\/izdelek\/hair-force-losjon-proti-izpadanju-las-za-mocne-in-goste-lase\/#primaryimage"},"thumbnailUrl":"https:\/\/www.belle.si\/wp-content\/uploads\/2022\/10\/losjon-proti-izpadanju-las-hair-force.png","datePublished":"2020-06-25T23:10:44+00:00","dateModified":"2025-11-10T22:30:43+00:00","breadcrumb":{"@id":"https:\/\/www.belle.si\/it\/izdelek\/hair-force-losjon-proti-izpadanju-las-za-mocne-in-goste-lase\/#breadcrumb"},"inLanguage":"it-IT","potentialAction":[{"@type":"ReadAction","target":["https:\/\/www.belle.si\/it\/izdelek\/hair-force-losjon-proti-izpadanju-las-za-mocne-in-goste-lase\/"]}]},{"@type":"ImageObject","inLanguage":"it-IT","@id":"https:\/\/www.belle.si\/it\/izdelek\/hair-force-losjon-proti-izpadanju-las-za-mocne-in-goste-lase\/#primaryimage","url":"https:\/\/www.belle.si\/wp-content\/uploads\/2022\/10\/losjon-proti-izpadanju-las-hair-force.png","contentUrl":"https:\/\/www.belle.si\/wp-content\/uploads\/2022\/10\/losjon-proti-izpadanju-las-hair-force.png","width":800,"height":800},{"@type":"BreadcrumbList","@id":"https:\/\/www.belle.si\/it\/izdelek\/hair-force-losjon-proti-izpadanju-las-za-mocne-in-goste-lase\/#breadcrumb","itemListElement":[{"@type":"ListItem","position":1,"name":"Home","item":"https:\/\/www.belle.si\/it\/"},{"@type":"ListItem","position":2,"name":"Trgovina","item":"https:\/\/www.belle.si\/trgovina\/"},{"@type":"ListItem","position":3,"name":"Hair Force losjon proti izpadanju las &#8211; za mo\u010dne in goste lase"}]},{"@type":"WebSite","@id":"https:\/\/www.belle.si\/it\/#website","url":"https:\/\/www.belle.si\/it\/","name":"Belle.si kozmeti\u010dna trgovina","description":"","publisher":{"@id":"https:\/\/www.belle.si\/it\/#organization"},"potentialAction":[{"@type":"SearchAction","target":{"@type":"EntryPoint","urlTemplate":"https:\/\/www.belle.si\/it\/?s={search_term_string}"},"query-input":{"@type":"PropertyValueSpecification","valueRequired":true,"valueName":"search_term_string"}}],"inLanguage":"it-IT"},{"@type":"Organization","@id":"https:\/\/www.belle.si\/it\/#organization","name":"Belle.si kozmeti\u010dna trgovina","url":"https:\/\/www.belle.si\/it\/","logo":{"@type":"ImageObject","inLanguage":"it-IT","@id":"https:\/\/www.belle.si\/it\/#\/schema\/logo\/image\/","url":"https:\/\/www.belle.si\/wp-content\/uploads\/2022\/10\/cropped-logo_belle_trgovina.png","contentUrl":"https:\/\/www.belle.si\/wp-content\/uploads\/2022\/10\/cropped-logo_belle_trgovina.png","width":270,"height":135,"caption":"Belle.si kozmeti\u010dna trgovina"},"image":{"@id":"https:\/\/www.belle.si\/it\/#\/schema\/logo\/image\/"},"sameAs":["https:\/\/www.facebook.com\/belle.si.cosmetics\/","https:\/\/www.instagram.com\/belle.si.cosmetics\/"]}]}},"uagb_featured_image_src":{"full":["https:\/\/www.belle.si\/wp-content\/uploads\/2022\/10\/losjon-proti-izpadanju-las-hair-force.png",800,800,false],"thumbnail":["https:\/\/www.belle.si\/wp-content\/uploads\/2022\/10\/losjon-proti-izpadanju-las-hair-force-150x150.png",150,150,true],"medium":["https:\/\/www.belle.si\/wp-content\/uploads\/2022\/10\/losjon-proti-izpadanju-las-hair-force-300x300.png",300,300,true],"medium_large":["https:\/\/www.belle.si\/wp-content\/uploads\/2022\/10\/losjon-proti-izpadanju-las-hair-force-768x768.png",768,768,true],"large":["https:\/\/www.belle.si\/wp-content\/uploads\/2022\/10\/losjon-proti-izpadanju-las-hair-force.png",800,800,false],"1536x1536":["https:\/\/www.belle.si\/wp-content\/uploads\/2022\/10\/losjon-proti-izpadanju-las-hair-force.png",800,800,false],"2048x2048":["https:\/\/www.belle.si\/wp-content\/uploads\/2022\/10\/losjon-proti-izpadanju-las-hair-force.png",800,800,false],"mailpoet_newsletter_max":["https:\/\/www.belle.si\/wp-content\/uploads\/2022\/10\/losjon-proti-izpadanju-las-hair-force.png",800,800,false],"woocommerce_thumbnail":["https:\/\/www.belle.si\/wp-content\/uploads\/2022\/10\/losjon-proti-izpadanju-las-hair-force-300x300.png",300,300,true],"woocommerce_single":["https:\/\/www.belle.si\/wp-content\/uploads\/2022\/10\/losjon-proti-izpadanju-las-hair-force-600x600.png",600,600,true],"woocommerce_gallery_thumbnail":["https:\/\/www.belle.si\/wp-content\/uploads\/2022\/10\/losjon-proti-izpadanju-las-hair-force-100x100.png",100,100,true]},"uagb_author_info":{"display_name":"taja","author_link":"https:\/\/www.belle.si\/it\/author\/"},"uagb_comment_info":0,"uagb_excerpt":"Linija izdelkov proti izapadanju las Hair Force One Vam mo\u010dno izpadajo lasje lase? Imate te\u017eave z lasi\u0161\u010dem? Se vam dela prhljaj? Ste obupali nad stanjem svojih las? Za vse te te\u017eave je odgovor na\u0161a lasna nega francoskega prizvajalca Institute Claude Bell: Hair Force One \u0161ampon proti izpadanju las je zasnovan tako, da prepre\u010duje izgubo las,&hellip;","_links":{"self":[{"href":"https:\/\/www.belle.si\/it\/wp-json\/wp\/v2\/product\/98683","targetHints":{"allow":["GET"]}}],"collection":[{"href":"https:\/\/www.belle.si\/it\/wp-json\/wp\/v2\/product"}],"about":[{"href":"https:\/\/www.belle.si\/it\/wp-json\/wp\/v2\/types\/product"}],"replies":[{"embeddable":true,"href":"https:\/\/www.belle.si\/it\/wp-json\/wp\/v2\/comments?post=98683"}],"wp:featuredmedia":[{"embeddable":true,"href":"https:\/\/www.belle.si\/it\/wp-json\/wp\/v2\/media\/98684"}],"wp:attachment":[{"href":"https:\/\/www.belle.si\/it\/wp-json\/wp\/v2\/media?parent=98683"}],"wp:term":[{"taxonomy":"product_brand","embeddable":true,"href":"https:\/\/www.belle.si\/it\/wp-json\/wp\/v2\/product_brand?post=98683"},{"taxonomy":"product_cat","embeddable":true,"href":"https:\/\/www.belle.si\/it\/wp-json\/wp\/v2\/product_cat?post=98683"},{"taxonomy":"product_tag","embeddable":true,"href":"https:\/\/www.belle.si\/it\/wp-json\/wp\/v2\/product_tag?post=98683"}],"curies":[{"name":"wp","href":"https:\/\/api.w.org\/{rel}","templated":true}]}}