{"id":98541,"date":"2020-06-05T10:04:55","date_gmt":"2020-06-05T10:04:55","guid":{"rendered":"https:\/\/belle.zabica.org\/?post_type=product&#038;p=98541"},"modified":"2026-04-10T09:22:00","modified_gmt":"2026-04-10T07:22:00","slug":"krema-za-depilacijo-na-obrazu","status":"publish","type":"product","link":"https:\/\/www.belle.si\/it\/izdelek\/krema-za-depilacijo-na-obrazu\/","title":{"rendered":"Krema za odstranjevanje dlak na obrazu"},"content":{"rendered":"<div class=\"col\">\n<div class=\"panel description\">\n<h2 class=\"western\" lang=\"sl-SI\"><b>KREMA ZA USTAVLJANJE RASTI DLAK NA OBRAZU EPIL-XPRESS<br \/>\n<\/b><\/h2>\n<\/div>\n<p class=\"subtitle\">\u010ce ste naveli\u010dani britja in depilacije ob\u010dutljivih predelov na obrazu, vam to povzro\u010da nelagodje, bole\u010dino in ve\u010d te\u017eav kot koristi, lahko poskusite z na\u0161o kremo za odstranjevanje dlak na obrazu.<br \/>\nS kremo Epil-xpress dose\u017eete postopno in ne\u017eno odstranitev dlak na obrazu.<\/p>\n<p>S kremo Epi-Xpress bodo dlake s \u010dasom postajale vedno tanj\u0161e in \u0161ibkej\u0161e.<\/p>\n<p>&nbsp;<\/p>\n<p><a href=\"https:\/\/www.belle.si\/wp-content\/uploads\/2020\/06\/fibrurea_recisa_depilacija_obraz.jpg\"><img fetchpriority=\"high\" decoding=\"async\" class=\"wp-image-98638 alignnone\" src=\"https:\/\/www.belle.si\/wp-content\/uploads\/2020\/06\/fibrurea_recisa_depilacija_obraz-300x225.jpg\" alt=\"Naravni ekstrakt ya odstranjevanje dlak na obrazu\" width=\"299\" height=\"224\" \/><\/a><\/p>\n<\/div>\n<p>Glavna u\u010dinkovina kreme Epil-xpress je palmatin, ekstrakt azijske rastline: <i>Fibraurea recisa<\/i>.<\/p>\n<p>Krema je tehnolo\u0161ko zasnovana, tako da u\u010dinkovine spu\u0161\u010da postopoma iz mikro-kapsul, ki se razporedijo po dlaki do tretjine globine v ko\u017ei.<\/p>\n<p>Rast dlake prepre\u010duje od korenine navzgor.<\/p>\n<p>Mikrokapsule omogo\u010dajo, da se krema razporedi prav tam, kjer najbolj u\u010dinkuje &#8211; pri korenini. Dlake zato postajajo vedno tanj\u0161e in \u0161ibkej\u0161e.<\/p>\n<div class=\"col\">\n<div class=\"panel description\">\n<p lang=\"sl-SI\">Krema je zasnovana tako, da<\/p>\n<ul>\n<li>\n<p lang=\"sl-SI\">postopno zmanj\u0161uje koli\u010dino dlak<\/p>\n<\/li>\n<li>\n<p lang=\"sl-SI\">je dlak enakomerno vedno manj na celotnem obmo\u010dju<\/p>\n<\/li>\n<li>\n<p lang=\"sl-SI\">je delovanje usmerjeno v korenino dlake<\/p>\n<\/li>\n<li>\n<p lang=\"sl-SI\">\u0161\u010diti in vla\u017ei ko\u017eo<\/p>\n<\/li>\n<\/ul>\n<p class=\"western\" lang=\"sl-SI\"><b>Klini\u010dni testi<\/b>*<\/p>\n<p class=\"notes\"><em>*Teste je izvedel neodvisni laboratorij v Franciji. Rezultati se lahko razlikujejo od posameznika do posameznika.<\/em><\/p>\n<p class=\"western\" lang=\"sl-SI\">Po dvomese\u010dnem zdravljenju z vsakodnevno uporabo na zahtevanih obmo\u010djih so klini\u010dni testi, opravljeni s skupino 25 testirancev, pokazali:<\/p>\n<ul>\n<li>\n<p lang=\"sl-SI\">Dlake so bile tanj\u0161e in manj izrazite\/manj mo\u010dne za 48%.<\/p>\n<\/li>\n<li>\n<p lang=\"sl-SI\">O\u010ditna upo\u010dasnitev rasti dlak za 36%.<\/p>\n<\/li>\n<li>\n<p lang=\"sl-SI\">Obmo\u010dje, kjer je potrebno odstranjevanje dlak je bilo manj\u0161e za 60%.<\/p>\n<\/li>\n<\/ul>\n<p lang=\"sl-SI\">Rezultati pri samo-oceni so se se\u0161teli:<\/p>\n<ul>\n<li lang=\"sl-SI\">Dlake so rasle po\u010dasneje pri\u00a0 73%.<\/li>\n<li>Dlake so postale tanj\u0161e in \u0161ibkej\u0161e za 72%.<\/li>\n<li>Ko\u017ea je bila dolgotrajno navla\u017eena pri 90%.<\/li>\n<\/ul>\n<p class=\"western\" lang=\"sl-SI\"><b>Navodila za uporabo kreme proti dlakam na obrazu<br \/>\n<\/b><\/p>\n<p class=\"western\" lang=\"sl-SI\" align=\"left\">Za najbolj\u0161i u\u010dinek kremo Epil-Xpress nana\u0161ajte na \u017eelena obmo\u010dja na obrazu vsak ve\u010der, redno 2 meseca.<\/p>\n<p class=\"western\" lang=\"sl-SI\" align=\"left\">Kremo lahko uporabljate tako dolgo kot \u017eelite.<\/p>\n<p class=\"western\" lang=\"sl-SI\" align=\"left\">Izogibajte se stiku z o\u010dmi.<\/p>\n<\/div>\n<p lang=\"sl-SI\" align=\"left\">Vsebina: 50ml<\/p>\n<\/div>\n<p lang=\"sl-SI\" align=\"left\">Proizvedeno v Franciji<\/p>\n<div class=\"col\">\n<div class=\"panel description\">\n<div class=\"std\">\n<p class=\"western\" lang=\"sl-SI\">\n<\/div>\n<div class=\"std\">\n<p class=\"western\" lang=\"sl-SI\" align=\"left\">\n<\/div>\n<\/div>\n<\/div>\n","protected":false},"excerpt":{"rendered":"<p>KREMA ZA USTAVLJANJE RASTI DLAK NA OBRAZU EPIL-XPRESS \u010ce ste naveli\u010dani britja in depilacije ob\u010dutljivih predelov na obrazu, vam to povzro\u010da nelagodje, bole\u010dino in ve\u010d te\u017eav kot koristi, lahko poskusite z na\u0161o kremo za odstranjevanje dlak na obrazu. S kremo Epil-xpress dose\u017eete postopno in ne\u017eno odstranitev dlak na obrazu. S kremo Epi-Xpress bodo dlake s [&hellip;]<\/p>\n","protected":false},"featured_media":98542,"comment_status":"closed","ping_status":"closed","template":"","meta":{"_uag_custom_page_level_css":"","_monsterinsights_skip_tracking":false,"_monsterinsights_sitenote_active":false,"_monsterinsights_sitenote_note":"","_monsterinsights_sitenote_category":0,"site-sidebar-layout":"default","site-content-layout":"","ast-site-content-layout":"default","site-content-style":"default","site-sidebar-style":"default","ast-global-header-display":"","ast-banner-title-visibility":"","ast-main-header-display":"","ast-hfb-above-header-display":"","ast-hfb-below-header-display":"","ast-hfb-mobile-header-display":"","site-post-title":"","ast-breadcrumbs-content":"","ast-featured-img":"","footer-sml-layout":"","ast-disable-related-posts":"","theme-transparent-header-meta":"","adv-header-id-meta":"","stick-header-meta":"","header-above-stick-meta":"","header-main-stick-meta":"","header-below-stick-meta":"","astra-migrate-meta-layouts":"default","ast-page-background-enabled":"default","ast-page-background-meta":{"desktop":{"background-color":"var(--ast-global-color-4)","background-image":"","background-repeat":"repeat","background-position":"center center","background-size":"auto","background-attachment":"scroll","background-type":"","background-media":"","overlay-type":"","overlay-color":"","overlay-opacity":"","overlay-gradient":""},"tablet":{"background-color":"","background-image":"","background-repeat":"repeat","background-position":"center center","background-size":"auto","background-attachment":"scroll","background-type":"","background-media":"","overlay-type":"","overlay-color":"","overlay-opacity":"","overlay-gradient":""},"mobile":{"background-color":"","background-image":"","background-repeat":"repeat","background-position":"center center","background-size":"auto","background-attachment":"scroll","background-type":"","background-media":"","overlay-type":"","overlay-color":"","overlay-opacity":"","overlay-gradient":""}},"ast-content-background-meta":{"desktop":{"background-color":"var(--ast-global-color-5)","background-image":"","background-repeat":"repeat","background-position":"center center","background-size":"auto","background-attachment":"scroll","background-type":"","background-media":"","overlay-type":"","overlay-color":"","overlay-opacity":"","overlay-gradient":""},"tablet":{"background-color":"var(--ast-global-color-5)","background-image":"","background-repeat":"repeat","background-position":"center center","background-size":"auto","background-attachment":"scroll","background-type":"","background-media":"","overlay-type":"","overlay-color":"","overlay-opacity":"","overlay-gradient":""},"mobile":{"background-color":"var(--ast-global-color-5)","background-image":"","background-repeat":"repeat","background-position":"center center","background-size":"auto","background-attachment":"scroll","background-type":"","background-media":"","overlay-type":"","overlay-color":"","overlay-opacity":"","overlay-gradient":""}}},"product_brand":[],"product_cat":[42,29],"product_tag":[],"class_list":{"0":"post-98541","1":"product","2":"type-product","3":"status-publish","4":"has-post-thumbnail","6":"product_cat-depilacija-za-obraz","7":"product_cat-nega-za-obraz","8":"desktop-align-left","9":"tablet-align-left","10":"mobile-align-left","11":"ast-product-gallery-layout-first-image-large","12":"ast-product-gallery-with-no-image","13":"ast-magnify-disabled","14":"ast-product-tabs-layout-horizontal","16":"first","17":"instock","18":"taxable","19":"shipping-taxable","20":"purchasable","21":"product-type-simple"},"yoast_head":"<!-- This site is optimized with the Yoast SEO plugin v26.9 - https:\/\/yoast.com\/product\/yoast-seo-wordpress\/ -->\n<title>Krema za odstranjevanje dlak na obrazu - Belle.si kozmeti\u010dna trgovina<\/title>\n<meta name=\"robots\" content=\"index, follow, max-snippet:-1, max-image-preview:large, max-video-preview:-1\" \/>\n<link rel=\"canonical\" href=\"https:\/\/www.belle.si\/it\/izdelek\/krema-za-depilacijo-na-obrazu\/\" \/>\n<meta property=\"og:locale\" content=\"it_IT\" \/>\n<meta property=\"og:type\" content=\"article\" \/>\n<meta property=\"og:title\" content=\"Krema za odstranjevanje dlak na obrazu - Belle.si kozmeti\u010dna trgovina\" \/>\n<meta property=\"og:description\" content=\"KREMA ZA USTAVLJANJE RASTI DLAK NA OBRAZU EPIL-XPRESS \u010ce ste naveli\u010dani britja in depilacije ob\u010dutljivih predelov na obrazu, vam to povzro\u010da nelagodje, bole\u010dino in ve\u010d te\u017eav kot koristi, lahko poskusite z na\u0161o kremo za odstranjevanje dlak na obrazu. S kremo Epil-xpress dose\u017eete postopno in ne\u017eno odstranitev dlak na obrazu. S kremo Epi-Xpress bodo dlake s [&hellip;]\" \/>\n<meta property=\"og:url\" content=\"https:\/\/www.belle.si\/it\/izdelek\/krema-za-depilacijo-na-obrazu\/\" \/>\n<meta property=\"og:site_name\" content=\"Belle.si kozmeti\u010dna trgovina\" \/>\n<meta property=\"article:publisher\" content=\"https:\/\/www.facebook.com\/belle.si.cosmetics\/\" \/>\n<meta property=\"article:modified_time\" content=\"2026-04-10T07:22:00+00:00\" \/>\n<meta property=\"og:image\" content=\"https:\/\/www.belle.si\/wp-content\/uploads\/2022\/10\/krema_za_zmanjsevanje_dlakavosti.png\" \/>\n\t<meta property=\"og:image:width\" content=\"800\" \/>\n\t<meta property=\"og:image:height\" content=\"800\" \/>\n\t<meta property=\"og:image:type\" content=\"image\/png\" \/>\n<meta name=\"twitter:card\" content=\"summary_large_image\" \/>\n<meta name=\"twitter:label1\" content=\"Tempo di lettura stimato\" \/>\n\t<meta name=\"twitter:data1\" content=\"2 minuti\" \/>\n<script type=\"application\/ld+json\" class=\"yoast-schema-graph\">{\"@context\":\"https:\/\/schema.org\",\"@graph\":[{\"@type\":\"WebPage\",\"@id\":\"https:\/\/www.belle.si\/it\/izdelek\/krema-za-depilacijo-na-obrazu\/\",\"url\":\"https:\/\/www.belle.si\/it\/izdelek\/krema-za-depilacijo-na-obrazu\/\",\"name\":\"Krema za odstranjevanje dlak na obrazu - Belle.si kozmeti\u010dna trgovina\",\"isPartOf\":{\"@id\":\"https:\/\/www.belle.si\/it\/#website\"},\"primaryImageOfPage\":{\"@id\":\"https:\/\/www.belle.si\/it\/izdelek\/krema-za-depilacijo-na-obrazu\/#primaryimage\"},\"image\":{\"@id\":\"https:\/\/www.belle.si\/it\/izdelek\/krema-za-depilacijo-na-obrazu\/#primaryimage\"},\"thumbnailUrl\":\"https:\/\/www.belle.si\/wp-content\/uploads\/2022\/10\/krema_za_zmanjsevanje_dlakavosti.png\",\"datePublished\":\"2020-06-05T10:04:55+00:00\",\"dateModified\":\"2026-04-10T07:22:00+00:00\",\"breadcrumb\":{\"@id\":\"https:\/\/www.belle.si\/it\/izdelek\/krema-za-depilacijo-na-obrazu\/#breadcrumb\"},\"inLanguage\":\"it-IT\",\"potentialAction\":[{\"@type\":\"ReadAction\",\"target\":[\"https:\/\/www.belle.si\/it\/izdelek\/krema-za-depilacijo-na-obrazu\/\"]}]},{\"@type\":\"ImageObject\",\"inLanguage\":\"it-IT\",\"@id\":\"https:\/\/www.belle.si\/it\/izdelek\/krema-za-depilacijo-na-obrazu\/#primaryimage\",\"url\":\"https:\/\/www.belle.si\/wp-content\/uploads\/2022\/10\/krema_za_zmanjsevanje_dlakavosti.png\",\"contentUrl\":\"https:\/\/www.belle.si\/wp-content\/uploads\/2022\/10\/krema_za_zmanjsevanje_dlakavosti.png\",\"width\":800,\"height\":800,\"caption\":\"Krema za odstranjevanje dlak na obrazu\"},{\"@type\":\"BreadcrumbList\",\"@id\":\"https:\/\/www.belle.si\/it\/izdelek\/krema-za-depilacijo-na-obrazu\/#breadcrumb\",\"itemListElement\":[{\"@type\":\"ListItem\",\"position\":1,\"name\":\"Home\",\"item\":\"https:\/\/www.belle.si\/it\/\"},{\"@type\":\"ListItem\",\"position\":2,\"name\":\"Trgovina\",\"item\":\"https:\/\/www.belle.si\/trgovina\/\"},{\"@type\":\"ListItem\",\"position\":3,\"name\":\"Krema za odstranjevanje dlak na obrazu\"}]},{\"@type\":\"WebSite\",\"@id\":\"https:\/\/www.belle.si\/it\/#website\",\"url\":\"https:\/\/www.belle.si\/it\/\",\"name\":\"Belle.si kozmeti\u010dna trgovina\",\"description\":\"\",\"publisher\":{\"@id\":\"https:\/\/www.belle.si\/it\/#organization\"},\"potentialAction\":[{\"@type\":\"SearchAction\",\"target\":{\"@type\":\"EntryPoint\",\"urlTemplate\":\"https:\/\/www.belle.si\/it\/?s={search_term_string}\"},\"query-input\":{\"@type\":\"PropertyValueSpecification\",\"valueRequired\":true,\"valueName\":\"search_term_string\"}}],\"inLanguage\":\"it-IT\"},{\"@type\":\"Organization\",\"@id\":\"https:\/\/www.belle.si\/it\/#organization\",\"name\":\"Belle.si kozmeti\u010dna trgovina\",\"url\":\"https:\/\/www.belle.si\/it\/\",\"logo\":{\"@type\":\"ImageObject\",\"inLanguage\":\"it-IT\",\"@id\":\"https:\/\/www.belle.si\/it\/#\/schema\/logo\/image\/\",\"url\":\"https:\/\/www.belle.si\/wp-content\/uploads\/2022\/10\/cropped-logo_belle_trgovina.png\",\"contentUrl\":\"https:\/\/www.belle.si\/wp-content\/uploads\/2022\/10\/cropped-logo_belle_trgovina.png\",\"width\":270,\"height\":135,\"caption\":\"Belle.si kozmeti\u010dna trgovina\"},\"image\":{\"@id\":\"https:\/\/www.belle.si\/it\/#\/schema\/logo\/image\/\"},\"sameAs\":[\"https:\/\/www.facebook.com\/belle.si.cosmetics\/\",\"https:\/\/www.instagram.com\/belle.si.cosmetics\/\"]}]}<\/script>\n<!-- \/ Yoast SEO plugin. -->","yoast_head_json":{"title":"Krema za odstranjevanje dlak na obrazu - Belle.si kozmeti\u010dna trgovina","robots":{"index":"index","follow":"follow","max-snippet":"max-snippet:-1","max-image-preview":"max-image-preview:large","max-video-preview":"max-video-preview:-1"},"canonical":"https:\/\/www.belle.si\/it\/izdelek\/krema-za-depilacijo-na-obrazu\/","og_locale":"it_IT","og_type":"article","og_title":"Krema za odstranjevanje dlak na obrazu - Belle.si kozmeti\u010dna trgovina","og_description":"KREMA ZA USTAVLJANJE RASTI DLAK NA OBRAZU EPIL-XPRESS \u010ce ste naveli\u010dani britja in depilacije ob\u010dutljivih predelov na obrazu, vam to povzro\u010da nelagodje, bole\u010dino in ve\u010d te\u017eav kot koristi, lahko poskusite z na\u0161o kremo za odstranjevanje dlak na obrazu. S kremo Epil-xpress dose\u017eete postopno in ne\u017eno odstranitev dlak na obrazu. S kremo Epi-Xpress bodo dlake s [&hellip;]","og_url":"https:\/\/www.belle.si\/it\/izdelek\/krema-za-depilacijo-na-obrazu\/","og_site_name":"Belle.si kozmeti\u010dna trgovina","article_publisher":"https:\/\/www.facebook.com\/belle.si.cosmetics\/","article_modified_time":"2026-04-10T07:22:00+00:00","og_image":[{"width":800,"height":800,"url":"https:\/\/www.belle.si\/wp-content\/uploads\/2022\/10\/krema_za_zmanjsevanje_dlakavosti.png","type":"image\/png"}],"twitter_card":"summary_large_image","twitter_misc":{"Tempo di lettura stimato":"2 minuti"},"schema":{"@context":"https:\/\/schema.org","@graph":[{"@type":"WebPage","@id":"https:\/\/www.belle.si\/it\/izdelek\/krema-za-depilacijo-na-obrazu\/","url":"https:\/\/www.belle.si\/it\/izdelek\/krema-za-depilacijo-na-obrazu\/","name":"Krema za odstranjevanje dlak na obrazu - Belle.si kozmeti\u010dna trgovina","isPartOf":{"@id":"https:\/\/www.belle.si\/it\/#website"},"primaryImageOfPage":{"@id":"https:\/\/www.belle.si\/it\/izdelek\/krema-za-depilacijo-na-obrazu\/#primaryimage"},"image":{"@id":"https:\/\/www.belle.si\/it\/izdelek\/krema-za-depilacijo-na-obrazu\/#primaryimage"},"thumbnailUrl":"https:\/\/www.belle.si\/wp-content\/uploads\/2022\/10\/krema_za_zmanjsevanje_dlakavosti.png","datePublished":"2020-06-05T10:04:55+00:00","dateModified":"2026-04-10T07:22:00+00:00","breadcrumb":{"@id":"https:\/\/www.belle.si\/it\/izdelek\/krema-za-depilacijo-na-obrazu\/#breadcrumb"},"inLanguage":"it-IT","potentialAction":[{"@type":"ReadAction","target":["https:\/\/www.belle.si\/it\/izdelek\/krema-za-depilacijo-na-obrazu\/"]}]},{"@type":"ImageObject","inLanguage":"it-IT","@id":"https:\/\/www.belle.si\/it\/izdelek\/krema-za-depilacijo-na-obrazu\/#primaryimage","url":"https:\/\/www.belle.si\/wp-content\/uploads\/2022\/10\/krema_za_zmanjsevanje_dlakavosti.png","contentUrl":"https:\/\/www.belle.si\/wp-content\/uploads\/2022\/10\/krema_za_zmanjsevanje_dlakavosti.png","width":800,"height":800,"caption":"Krema za odstranjevanje dlak na obrazu"},{"@type":"BreadcrumbList","@id":"https:\/\/www.belle.si\/it\/izdelek\/krema-za-depilacijo-na-obrazu\/#breadcrumb","itemListElement":[{"@type":"ListItem","position":1,"name":"Home","item":"https:\/\/www.belle.si\/it\/"},{"@type":"ListItem","position":2,"name":"Trgovina","item":"https:\/\/www.belle.si\/trgovina\/"},{"@type":"ListItem","position":3,"name":"Krema za odstranjevanje dlak na obrazu"}]},{"@type":"WebSite","@id":"https:\/\/www.belle.si\/it\/#website","url":"https:\/\/www.belle.si\/it\/","name":"Belle.si kozmeti\u010dna trgovina","description":"","publisher":{"@id":"https:\/\/www.belle.si\/it\/#organization"},"potentialAction":[{"@type":"SearchAction","target":{"@type":"EntryPoint","urlTemplate":"https:\/\/www.belle.si\/it\/?s={search_term_string}"},"query-input":{"@type":"PropertyValueSpecification","valueRequired":true,"valueName":"search_term_string"}}],"inLanguage":"it-IT"},{"@type":"Organization","@id":"https:\/\/www.belle.si\/it\/#organization","name":"Belle.si kozmeti\u010dna trgovina","url":"https:\/\/www.belle.si\/it\/","logo":{"@type":"ImageObject","inLanguage":"it-IT","@id":"https:\/\/www.belle.si\/it\/#\/schema\/logo\/image\/","url":"https:\/\/www.belle.si\/wp-content\/uploads\/2022\/10\/cropped-logo_belle_trgovina.png","contentUrl":"https:\/\/www.belle.si\/wp-content\/uploads\/2022\/10\/cropped-logo_belle_trgovina.png","width":270,"height":135,"caption":"Belle.si kozmeti\u010dna trgovina"},"image":{"@id":"https:\/\/www.belle.si\/it\/#\/schema\/logo\/image\/"},"sameAs":["https:\/\/www.facebook.com\/belle.si.cosmetics\/","https:\/\/www.instagram.com\/belle.si.cosmetics\/"]}]}},"uagb_featured_image_src":{"full":["https:\/\/www.belle.si\/wp-content\/uploads\/2022\/10\/krema_za_zmanjsevanje_dlakavosti.png",800,800,false],"thumbnail":["https:\/\/www.belle.si\/wp-content\/uploads\/2022\/10\/krema_za_zmanjsevanje_dlakavosti-150x150.png",150,150,true],"medium":["https:\/\/www.belle.si\/wp-content\/uploads\/2022\/10\/krema_za_zmanjsevanje_dlakavosti-300x300.png",300,300,true],"medium_large":["https:\/\/www.belle.si\/wp-content\/uploads\/2022\/10\/krema_za_zmanjsevanje_dlakavosti-768x768.png",768,768,true],"large":["https:\/\/www.belle.si\/wp-content\/uploads\/2022\/10\/krema_za_zmanjsevanje_dlakavosti.png",800,800,false],"1536x1536":["https:\/\/www.belle.si\/wp-content\/uploads\/2022\/10\/krema_za_zmanjsevanje_dlakavosti.png",800,800,false],"2048x2048":["https:\/\/www.belle.si\/wp-content\/uploads\/2022\/10\/krema_za_zmanjsevanje_dlakavosti.png",800,800,false],"mailpoet_newsletter_max":["https:\/\/www.belle.si\/wp-content\/uploads\/2022\/10\/krema_za_zmanjsevanje_dlakavosti.png",800,800,false],"woocommerce_thumbnail":["https:\/\/www.belle.si\/wp-content\/uploads\/2022\/10\/krema_za_zmanjsevanje_dlakavosti-300x300.png",300,300,true],"woocommerce_single":["https:\/\/www.belle.si\/wp-content\/uploads\/2022\/10\/krema_za_zmanjsevanje_dlakavosti-600x600.png",600,600,true],"woocommerce_gallery_thumbnail":["https:\/\/www.belle.si\/wp-content\/uploads\/2022\/10\/krema_za_zmanjsevanje_dlakavosti-100x100.png",100,100,true]},"uagb_author_info":{"display_name":"taja","author_link":"https:\/\/www.belle.si\/it\/author\/"},"uagb_comment_info":0,"uagb_excerpt":"KREMA ZA USTAVLJANJE RASTI DLAK NA OBRAZU EPIL-XPRESS \u010ce ste naveli\u010dani britja in depilacije ob\u010dutljivih predelov na obrazu, vam to povzro\u010da nelagodje, bole\u010dino in ve\u010d te\u017eav kot koristi, lahko poskusite z na\u0161o kremo za odstranjevanje dlak na obrazu. S kremo Epil-xpress dose\u017eete postopno in ne\u017eno odstranitev dlak na obrazu. S kremo Epi-Xpress bodo dlake s&hellip;","_links":{"self":[{"href":"https:\/\/www.belle.si\/it\/wp-json\/wp\/v2\/product\/98541","targetHints":{"allow":["GET"]}}],"collection":[{"href":"https:\/\/www.belle.si\/it\/wp-json\/wp\/v2\/product"}],"about":[{"href":"https:\/\/www.belle.si\/it\/wp-json\/wp\/v2\/types\/product"}],"replies":[{"embeddable":true,"href":"https:\/\/www.belle.si\/it\/wp-json\/wp\/v2\/comments?post=98541"}],"wp:featuredmedia":[{"embeddable":true,"href":"https:\/\/www.belle.si\/it\/wp-json\/wp\/v2\/media\/98542"}],"wp:attachment":[{"href":"https:\/\/www.belle.si\/it\/wp-json\/wp\/v2\/media?parent=98541"}],"wp:term":[{"taxonomy":"product_brand","embeddable":true,"href":"https:\/\/www.belle.si\/it\/wp-json\/wp\/v2\/product_brand?post=98541"},{"taxonomy":"product_cat","embeddable":true,"href":"https:\/\/www.belle.si\/it\/wp-json\/wp\/v2\/product_cat?post=98541"},{"taxonomy":"product_tag","embeddable":true,"href":"https:\/\/www.belle.si\/it\/wp-json\/wp\/v2\/product_tag?post=98541"}],"curies":[{"name":"wp","href":"https:\/\/api.w.org\/{rel}","templated":true}]}}