{"id":98539,"date":"2020-05-25T19:40:29","date_gmt":"2020-05-25T19:40:29","guid":{"rendered":"https:\/\/belle.zabica.org\/?post_type=product&#038;p=98539"},"modified":"2026-01-21T18:09:00","modified_gmt":"2026-01-21T17:09:00","slug":"ucinkovit-losjon-po-depilaciji-epil-xpress-za-pomiritev-koze","status":"publish","type":"product","link":"https:\/\/www.belle.si\/it\/izdelek\/ucinkovit-losjon-po-depilaciji-epil-xpress-za-pomiritev-koze\/","title":{"rendered":"U\u010dinkovit losjon po depilaciji Epil-Xpress za pomiritev ko\u017ee"},"content":{"rendered":"<div class=\"col\">\n<h2 class=\"panel description\">Losjon za pomiritev ko\u017ee po depilaciji Epil-Xpress.<\/h2>\n<p class=\"panel description\">Po vsakem odstranjevanju dlak je ko\u017ea ob\u010dutljiva in razdra\u017eena. Pojavijo se rde\u010de pike, izpu\u0161\u010daji, srbenje ali ob\u010dutek, da vas ko\u017ea pe\u010de.<\/p>\n<p class=\"panel description\">To so\u00a0 posledice razdra\u017eenosti ko\u017ee, ki so sila neprijetne.<\/p>\n<p>Kako si lahko pomagamo v teh primerih? Ko\u017eo \u010dim bolj navla\u017eite!<\/p>\n<p>Krema Epil-Xpress deuje takoj in ko\u017eo pomiri ob prvem nanosu.<\/p>\n<p>Glavne u\u010dinkovine losjona so namenjena prav POMIRITVI razdra\u017eeni ko\u017ei.<\/p>\n<\/div>\n<div class=\"col\">\n<div class=\"std\">\n<p><strong>Karitejevo maslo <\/strong>deluje zdravilno, zmeh\u010da ko\u017eo in jo globoko navla\u017ei.<\/p>\n<p>Ko\u017ea tako postane bolj gladka in ne\u017ena. Karitejevo maslo vsebuje veliko vitaminov: A, D, E, F.<\/p>\n<p><strong>Mandljevo olje j<\/strong>e bogato z vitamini, predvsem vsebuje veliko vitamina A, ki pove\u010da elasti\u010dnost ko\u017ee ter vitamina E, ki pospe\u0161i zdravljenje celic.<\/p>\n<p>Mandljevo olje vsebuje tudi veliko mineralov kot so kali, fosfor, kalcij, magnazij, \u017eelezo, cink in baker.<\/p>\n<p><strong>Arganovo olje<\/strong> je 100% naravna kozmeti\u010dna sestavina, ki je zelo blagodejna za zdravje. V losjonu deluje po\u017eivljajo\u010de, ker ko\u017ei pove\u010da elasti\u010dnost<\/p>\n<p>in pomaga pri obnovi celic. Argan vsebuje ma\u0161\u010dobne kisline in vitamin E, ki pomagajo pri za\u0161\u010diti in obnovi ko\u017ene povrhnjice.<\/p>\n<p>&nbsp;<\/p>\n<\/div>\n<p><strong>Navodila za uporabo losjona po delipacijo Epil-Xpress<\/strong><\/p>\n<\/div>\n<p class=\"title\">Nanesite na ko\u017eo in ne\u017eno vmasirajte po vsaki depilaciji ali epilaciji.<\/p>\n<div class=\"std\">Za zunanjo uporabo. Prepre\u010dite stik z o\u010dmi. Takoj izperite z veliko vode, \u010de vam zaide v o\u010di.<\/div>\n<div><\/div>\n<div class=\"std\">Shranjujte izven dosega otrok.<\/div>\n<div><\/div>\n<p>&nbsp;<\/p>\n<p>&nbsp;<\/p>\n","protected":false},"excerpt":{"rendered":"<p>Losjon za pomiritev ko\u017ee po depilaciji Epil-Xpress. Po vsakem odstranjevanju dlak je ko\u017ea ob\u010dutljiva in razdra\u017eena. Pojavijo se rde\u010de pike, izpu\u0161\u010daji, srbenje ali ob\u010dutek, da vas ko\u017ea pe\u010de. To so\u00a0 posledice razdra\u017eenosti ko\u017ee, ki so sila neprijetne. Kako si lahko pomagamo v teh primerih? Ko\u017eo \u010dim bolj navla\u017eite! Krema Epil-Xpress deuje takoj in ko\u017eo pomiri [&hellip;]<\/p>\n","protected":false},"featured_media":98540,"comment_status":"closed","ping_status":"closed","template":"","meta":{"_uag_custom_page_level_css":"","_monsterinsights_skip_tracking":false,"_monsterinsights_sitenote_active":false,"_monsterinsights_sitenote_note":"","_monsterinsights_sitenote_category":0,"site-sidebar-layout":"default","site-content-layout":"","ast-site-content-layout":"default","site-content-style":"default","site-sidebar-style":"default","ast-global-header-display":"","ast-banner-title-visibility":"","ast-main-header-display":"","ast-hfb-above-header-display":"","ast-hfb-below-header-display":"","ast-hfb-mobile-header-display":"","site-post-title":"","ast-breadcrumbs-content":"","ast-featured-img":"","footer-sml-layout":"","ast-disable-related-posts":"","theme-transparent-header-meta":"","adv-header-id-meta":"","stick-header-meta":"","header-above-stick-meta":"","header-main-stick-meta":"","header-below-stick-meta":"","astra-migrate-meta-layouts":"default","ast-page-background-enabled":"default","ast-page-background-meta":{"desktop":{"background-color":"var(--ast-global-color-4)","background-image":"","background-repeat":"repeat","background-position":"center center","background-size":"auto","background-attachment":"scroll","background-type":"","background-media":"","overlay-type":"","overlay-color":"","overlay-opacity":"","overlay-gradient":""},"tablet":{"background-color":"","background-image":"","background-repeat":"repeat","background-position":"center center","background-size":"auto","background-attachment":"scroll","background-type":"","background-media":"","overlay-type":"","overlay-color":"","overlay-opacity":"","overlay-gradient":""},"mobile":{"background-color":"","background-image":"","background-repeat":"repeat","background-position":"center center","background-size":"auto","background-attachment":"scroll","background-type":"","background-media":"","overlay-type":"","overlay-color":"","overlay-opacity":"","overlay-gradient":""}},"ast-content-background-meta":{"desktop":{"background-color":"var(--ast-global-color-5)","background-image":"","background-repeat":"repeat","background-position":"center center","background-size":"auto","background-attachment":"scroll","background-type":"","background-media":"","overlay-type":"","overlay-color":"","overlay-opacity":"","overlay-gradient":""},"tablet":{"background-color":"var(--ast-global-color-5)","background-image":"","background-repeat":"repeat","background-position":"center center","background-size":"auto","background-attachment":"scroll","background-type":"","background-media":"","overlay-type":"","overlay-color":"","overlay-opacity":"","overlay-gradient":""},"mobile":{"background-color":"var(--ast-global-color-5)","background-image":"","background-repeat":"repeat","background-position":"center center","background-size":"auto","background-attachment":"scroll","background-type":"","background-media":"","overlay-type":"","overlay-color":"","overlay-opacity":"","overlay-gradient":""}}},"product_brand":[],"product_cat":[37,40],"product_tag":[],"class_list":{"0":"post-98539","1":"product","2":"type-product","3":"status-publish","4":"has-post-thumbnail","6":"product_cat-trajna-depilacija","7":"product_cat-zascita-za-kozo","8":"desktop-align-left","9":"tablet-align-left","10":"mobile-align-left","11":"ast-product-gallery-layout-first-image-large","12":"ast-product-gallery-with-no-image","13":"ast-magnify-disabled","14":"ast-product-tabs-layout-horizontal","16":"first","17":"onbackorder","18":"taxable","19":"shipping-taxable","20":"purchasable","21":"product-type-simple"},"yoast_head":"<!-- This site is optimized with the Yoast SEO plugin v26.9 - https:\/\/yoast.com\/product\/yoast-seo-wordpress\/ -->\n<title>U\u010dinkovit losjon po depilaciji Epil-Xpress za pomiritev ko\u017ee - Belle.si kozmeti\u010dna trgovina<\/title>\n<meta name=\"robots\" content=\"index, follow, max-snippet:-1, max-image-preview:large, max-video-preview:-1\" \/>\n<link rel=\"canonical\" href=\"https:\/\/www.belle.si\/it\/izdelek\/ucinkovit-losjon-po-depilaciji-epil-xpress-za-pomiritev-koze\/\" \/>\n<meta property=\"og:locale\" content=\"it_IT\" \/>\n<meta property=\"og:type\" content=\"article\" \/>\n<meta property=\"og:title\" content=\"U\u010dinkovit losjon po depilaciji Epil-Xpress za pomiritev ko\u017ee - Belle.si kozmeti\u010dna trgovina\" \/>\n<meta property=\"og:description\" content=\"Losjon za pomiritev ko\u017ee po depilaciji Epil-Xpress. Po vsakem odstranjevanju dlak je ko\u017ea ob\u010dutljiva in razdra\u017eena. Pojavijo se rde\u010de pike, izpu\u0161\u010daji, srbenje ali ob\u010dutek, da vas ko\u017ea pe\u010de. To so\u00a0 posledice razdra\u017eenosti ko\u017ee, ki so sila neprijetne. Kako si lahko pomagamo v teh primerih? Ko\u017eo \u010dim bolj navla\u017eite! Krema Epil-Xpress deuje takoj in ko\u017eo pomiri [&hellip;]\" \/>\n<meta property=\"og:url\" content=\"https:\/\/www.belle.si\/it\/izdelek\/ucinkovit-losjon-po-depilaciji-epil-xpress-za-pomiritev-koze\/\" \/>\n<meta property=\"og:site_name\" content=\"Belle.si kozmeti\u010dna trgovina\" \/>\n<meta property=\"article:publisher\" content=\"https:\/\/www.facebook.com\/belle.si.cosmetics\/\" \/>\n<meta property=\"article:modified_time\" content=\"2026-01-21T17:09:00+00:00\" \/>\n<meta property=\"og:image\" content=\"https:\/\/www.belle.si\/wp-content\/uploads\/2022\/10\/losjon_po_depilaciji_britju.png\" \/>\n\t<meta property=\"og:image:width\" content=\"800\" \/>\n\t<meta property=\"og:image:height\" content=\"800\" \/>\n\t<meta property=\"og:image:type\" content=\"image\/png\" \/>\n<meta name=\"twitter:card\" content=\"summary_large_image\" \/>\n<meta name=\"twitter:label1\" content=\"Tempo di lettura stimato\" \/>\n\t<meta name=\"twitter:data1\" content=\"1 minuto\" \/>\n<script type=\"application\/ld+json\" class=\"yoast-schema-graph\">{\"@context\":\"https:\/\/schema.org\",\"@graph\":[{\"@type\":\"WebPage\",\"@id\":\"https:\/\/www.belle.si\/it\/izdelek\/ucinkovit-losjon-po-depilaciji-epil-xpress-za-pomiritev-koze\/\",\"url\":\"https:\/\/www.belle.si\/it\/izdelek\/ucinkovit-losjon-po-depilaciji-epil-xpress-za-pomiritev-koze\/\",\"name\":\"U\u010dinkovit losjon po depilaciji Epil-Xpress za pomiritev ko\u017ee - Belle.si kozmeti\u010dna trgovina\",\"isPartOf\":{\"@id\":\"https:\/\/www.belle.si\/it\/#website\"},\"primaryImageOfPage\":{\"@id\":\"https:\/\/www.belle.si\/it\/izdelek\/ucinkovit-losjon-po-depilaciji-epil-xpress-za-pomiritev-koze\/#primaryimage\"},\"image\":{\"@id\":\"https:\/\/www.belle.si\/it\/izdelek\/ucinkovit-losjon-po-depilaciji-epil-xpress-za-pomiritev-koze\/#primaryimage\"},\"thumbnailUrl\":\"https:\/\/www.belle.si\/wp-content\/uploads\/2022\/10\/losjon_po_depilaciji_britju.png\",\"datePublished\":\"2020-05-25T19:40:29+00:00\",\"dateModified\":\"2026-01-21T17:09:00+00:00\",\"breadcrumb\":{\"@id\":\"https:\/\/www.belle.si\/it\/izdelek\/ucinkovit-losjon-po-depilaciji-epil-xpress-za-pomiritev-koze\/#breadcrumb\"},\"inLanguage\":\"it-IT\",\"potentialAction\":[{\"@type\":\"ReadAction\",\"target\":[\"https:\/\/www.belle.si\/it\/izdelek\/ucinkovit-losjon-po-depilaciji-epil-xpress-za-pomiritev-koze\/\"]}]},{\"@type\":\"ImageObject\",\"inLanguage\":\"it-IT\",\"@id\":\"https:\/\/www.belle.si\/it\/izdelek\/ucinkovit-losjon-po-depilaciji-epil-xpress-za-pomiritev-koze\/#primaryimage\",\"url\":\"https:\/\/www.belle.si\/wp-content\/uploads\/2022\/10\/losjon_po_depilaciji_britju.png\",\"contentUrl\":\"https:\/\/www.belle.si\/wp-content\/uploads\/2022\/10\/losjon_po_depilaciji_britju.png\",\"width\":800,\"height\":800,\"caption\":\"Losjon po depilaciji in britju\"},{\"@type\":\"BreadcrumbList\",\"@id\":\"https:\/\/www.belle.si\/it\/izdelek\/ucinkovit-losjon-po-depilaciji-epil-xpress-za-pomiritev-koze\/#breadcrumb\",\"itemListElement\":[{\"@type\":\"ListItem\",\"position\":1,\"name\":\"Home\",\"item\":\"https:\/\/www.belle.si\/it\/\"},{\"@type\":\"ListItem\",\"position\":2,\"name\":\"Trgovina\",\"item\":\"https:\/\/www.belle.si\/trgovina\/\"},{\"@type\":\"ListItem\",\"position\":3,\"name\":\"U\u010dinkovit losjon po depilaciji Epil-Xpress za pomiritev ko\u017ee\"}]},{\"@type\":\"WebSite\",\"@id\":\"https:\/\/www.belle.si\/it\/#website\",\"url\":\"https:\/\/www.belle.si\/it\/\",\"name\":\"Belle.si kozmeti\u010dna trgovina\",\"description\":\"\",\"publisher\":{\"@id\":\"https:\/\/www.belle.si\/it\/#organization\"},\"potentialAction\":[{\"@type\":\"SearchAction\",\"target\":{\"@type\":\"EntryPoint\",\"urlTemplate\":\"https:\/\/www.belle.si\/it\/?s={search_term_string}\"},\"query-input\":{\"@type\":\"PropertyValueSpecification\",\"valueRequired\":true,\"valueName\":\"search_term_string\"}}],\"inLanguage\":\"it-IT\"},{\"@type\":\"Organization\",\"@id\":\"https:\/\/www.belle.si\/it\/#organization\",\"name\":\"Belle.si kozmeti\u010dna trgovina\",\"url\":\"https:\/\/www.belle.si\/it\/\",\"logo\":{\"@type\":\"ImageObject\",\"inLanguage\":\"it-IT\",\"@id\":\"https:\/\/www.belle.si\/it\/#\/schema\/logo\/image\/\",\"url\":\"https:\/\/www.belle.si\/wp-content\/uploads\/2022\/10\/cropped-logo_belle_trgovina.png\",\"contentUrl\":\"https:\/\/www.belle.si\/wp-content\/uploads\/2022\/10\/cropped-logo_belle_trgovina.png\",\"width\":270,\"height\":135,\"caption\":\"Belle.si kozmeti\u010dna trgovina\"},\"image\":{\"@id\":\"https:\/\/www.belle.si\/it\/#\/schema\/logo\/image\/\"},\"sameAs\":[\"https:\/\/www.facebook.com\/belle.si.cosmetics\/\",\"https:\/\/www.instagram.com\/belle.si.cosmetics\/\"]}]}<\/script>\n<!-- \/ Yoast SEO plugin. -->","yoast_head_json":{"title":"U\u010dinkovit losjon po depilaciji Epil-Xpress za pomiritev ko\u017ee - Belle.si kozmeti\u010dna trgovina","robots":{"index":"index","follow":"follow","max-snippet":"max-snippet:-1","max-image-preview":"max-image-preview:large","max-video-preview":"max-video-preview:-1"},"canonical":"https:\/\/www.belle.si\/it\/izdelek\/ucinkovit-losjon-po-depilaciji-epil-xpress-za-pomiritev-koze\/","og_locale":"it_IT","og_type":"article","og_title":"U\u010dinkovit losjon po depilaciji Epil-Xpress za pomiritev ko\u017ee - Belle.si kozmeti\u010dna trgovina","og_description":"Losjon za pomiritev ko\u017ee po depilaciji Epil-Xpress. Po vsakem odstranjevanju dlak je ko\u017ea ob\u010dutljiva in razdra\u017eena. Pojavijo se rde\u010de pike, izpu\u0161\u010daji, srbenje ali ob\u010dutek, da vas ko\u017ea pe\u010de. To so\u00a0 posledice razdra\u017eenosti ko\u017ee, ki so sila neprijetne. Kako si lahko pomagamo v teh primerih? Ko\u017eo \u010dim bolj navla\u017eite! Krema Epil-Xpress deuje takoj in ko\u017eo pomiri [&hellip;]","og_url":"https:\/\/www.belle.si\/it\/izdelek\/ucinkovit-losjon-po-depilaciji-epil-xpress-za-pomiritev-koze\/","og_site_name":"Belle.si kozmeti\u010dna trgovina","article_publisher":"https:\/\/www.facebook.com\/belle.si.cosmetics\/","article_modified_time":"2026-01-21T17:09:00+00:00","og_image":[{"width":800,"height":800,"url":"https:\/\/www.belle.si\/wp-content\/uploads\/2022\/10\/losjon_po_depilaciji_britju.png","type":"image\/png"}],"twitter_card":"summary_large_image","twitter_misc":{"Tempo di lettura stimato":"1 minuto"},"schema":{"@context":"https:\/\/schema.org","@graph":[{"@type":"WebPage","@id":"https:\/\/www.belle.si\/it\/izdelek\/ucinkovit-losjon-po-depilaciji-epil-xpress-za-pomiritev-koze\/","url":"https:\/\/www.belle.si\/it\/izdelek\/ucinkovit-losjon-po-depilaciji-epil-xpress-za-pomiritev-koze\/","name":"U\u010dinkovit losjon po depilaciji Epil-Xpress za pomiritev ko\u017ee - Belle.si kozmeti\u010dna trgovina","isPartOf":{"@id":"https:\/\/www.belle.si\/it\/#website"},"primaryImageOfPage":{"@id":"https:\/\/www.belle.si\/it\/izdelek\/ucinkovit-losjon-po-depilaciji-epil-xpress-za-pomiritev-koze\/#primaryimage"},"image":{"@id":"https:\/\/www.belle.si\/it\/izdelek\/ucinkovit-losjon-po-depilaciji-epil-xpress-za-pomiritev-koze\/#primaryimage"},"thumbnailUrl":"https:\/\/www.belle.si\/wp-content\/uploads\/2022\/10\/losjon_po_depilaciji_britju.png","datePublished":"2020-05-25T19:40:29+00:00","dateModified":"2026-01-21T17:09:00+00:00","breadcrumb":{"@id":"https:\/\/www.belle.si\/it\/izdelek\/ucinkovit-losjon-po-depilaciji-epil-xpress-za-pomiritev-koze\/#breadcrumb"},"inLanguage":"it-IT","potentialAction":[{"@type":"ReadAction","target":["https:\/\/www.belle.si\/it\/izdelek\/ucinkovit-losjon-po-depilaciji-epil-xpress-za-pomiritev-koze\/"]}]},{"@type":"ImageObject","inLanguage":"it-IT","@id":"https:\/\/www.belle.si\/it\/izdelek\/ucinkovit-losjon-po-depilaciji-epil-xpress-za-pomiritev-koze\/#primaryimage","url":"https:\/\/www.belle.si\/wp-content\/uploads\/2022\/10\/losjon_po_depilaciji_britju.png","contentUrl":"https:\/\/www.belle.si\/wp-content\/uploads\/2022\/10\/losjon_po_depilaciji_britju.png","width":800,"height":800,"caption":"Losjon po depilaciji in britju"},{"@type":"BreadcrumbList","@id":"https:\/\/www.belle.si\/it\/izdelek\/ucinkovit-losjon-po-depilaciji-epil-xpress-za-pomiritev-koze\/#breadcrumb","itemListElement":[{"@type":"ListItem","position":1,"name":"Home","item":"https:\/\/www.belle.si\/it\/"},{"@type":"ListItem","position":2,"name":"Trgovina","item":"https:\/\/www.belle.si\/trgovina\/"},{"@type":"ListItem","position":3,"name":"U\u010dinkovit losjon po depilaciji Epil-Xpress za pomiritev ko\u017ee"}]},{"@type":"WebSite","@id":"https:\/\/www.belle.si\/it\/#website","url":"https:\/\/www.belle.si\/it\/","name":"Belle.si kozmeti\u010dna trgovina","description":"","publisher":{"@id":"https:\/\/www.belle.si\/it\/#organization"},"potentialAction":[{"@type":"SearchAction","target":{"@type":"EntryPoint","urlTemplate":"https:\/\/www.belle.si\/it\/?s={search_term_string}"},"query-input":{"@type":"PropertyValueSpecification","valueRequired":true,"valueName":"search_term_string"}}],"inLanguage":"it-IT"},{"@type":"Organization","@id":"https:\/\/www.belle.si\/it\/#organization","name":"Belle.si kozmeti\u010dna trgovina","url":"https:\/\/www.belle.si\/it\/","logo":{"@type":"ImageObject","inLanguage":"it-IT","@id":"https:\/\/www.belle.si\/it\/#\/schema\/logo\/image\/","url":"https:\/\/www.belle.si\/wp-content\/uploads\/2022\/10\/cropped-logo_belle_trgovina.png","contentUrl":"https:\/\/www.belle.si\/wp-content\/uploads\/2022\/10\/cropped-logo_belle_trgovina.png","width":270,"height":135,"caption":"Belle.si kozmeti\u010dna trgovina"},"image":{"@id":"https:\/\/www.belle.si\/it\/#\/schema\/logo\/image\/"},"sameAs":["https:\/\/www.facebook.com\/belle.si.cosmetics\/","https:\/\/www.instagram.com\/belle.si.cosmetics\/"]}]}},"uagb_featured_image_src":{"full":["https:\/\/www.belle.si\/wp-content\/uploads\/2022\/10\/losjon_po_depilaciji_britju.png",800,800,false],"thumbnail":["https:\/\/www.belle.si\/wp-content\/uploads\/2022\/10\/losjon_po_depilaciji_britju-150x150.png",150,150,true],"medium":["https:\/\/www.belle.si\/wp-content\/uploads\/2022\/10\/losjon_po_depilaciji_britju-300x300.png",300,300,true],"medium_large":["https:\/\/www.belle.si\/wp-content\/uploads\/2022\/10\/losjon_po_depilaciji_britju-768x768.png",768,768,true],"large":["https:\/\/www.belle.si\/wp-content\/uploads\/2022\/10\/losjon_po_depilaciji_britju.png",800,800,false],"1536x1536":["https:\/\/www.belle.si\/wp-content\/uploads\/2022\/10\/losjon_po_depilaciji_britju.png",800,800,false],"2048x2048":["https:\/\/www.belle.si\/wp-content\/uploads\/2022\/10\/losjon_po_depilaciji_britju.png",800,800,false],"mailpoet_newsletter_max":["https:\/\/www.belle.si\/wp-content\/uploads\/2022\/10\/losjon_po_depilaciji_britju.png",800,800,false],"woocommerce_thumbnail":["https:\/\/www.belle.si\/wp-content\/uploads\/2022\/10\/losjon_po_depilaciji_britju-300x300.png",300,300,true],"woocommerce_single":["https:\/\/www.belle.si\/wp-content\/uploads\/2022\/10\/losjon_po_depilaciji_britju-600x600.png",600,600,true],"woocommerce_gallery_thumbnail":["https:\/\/www.belle.si\/wp-content\/uploads\/2022\/10\/losjon_po_depilaciji_britju-100x100.png",100,100,true]},"uagb_author_info":{"display_name":"taja","author_link":"https:\/\/www.belle.si\/it\/author\/"},"uagb_comment_info":0,"uagb_excerpt":"Losjon za pomiritev ko\u017ee po depilaciji Epil-Xpress. Po vsakem odstranjevanju dlak je ko\u017ea ob\u010dutljiva in razdra\u017eena. Pojavijo se rde\u010de pike, izpu\u0161\u010daji, srbenje ali ob\u010dutek, da vas ko\u017ea pe\u010de. To so\u00a0 posledice razdra\u017eenosti ko\u017ee, ki so sila neprijetne. Kako si lahko pomagamo v teh primerih? Ko\u017eo \u010dim bolj navla\u017eite! Krema Epil-Xpress deuje takoj in ko\u017eo pomiri&hellip;","_links":{"self":[{"href":"https:\/\/www.belle.si\/it\/wp-json\/wp\/v2\/product\/98539","targetHints":{"allow":["GET"]}}],"collection":[{"href":"https:\/\/www.belle.si\/it\/wp-json\/wp\/v2\/product"}],"about":[{"href":"https:\/\/www.belle.si\/it\/wp-json\/wp\/v2\/types\/product"}],"replies":[{"embeddable":true,"href":"https:\/\/www.belle.si\/it\/wp-json\/wp\/v2\/comments?post=98539"}],"wp:featuredmedia":[{"embeddable":true,"href":"https:\/\/www.belle.si\/it\/wp-json\/wp\/v2\/media\/98540"}],"wp:attachment":[{"href":"https:\/\/www.belle.si\/it\/wp-json\/wp\/v2\/media?parent=98539"}],"wp:term":[{"taxonomy":"product_brand","embeddable":true,"href":"https:\/\/www.belle.si\/it\/wp-json\/wp\/v2\/product_brand?post=98539"},{"taxonomy":"product_cat","embeddable":true,"href":"https:\/\/www.belle.si\/it\/wp-json\/wp\/v2\/product_cat?post=98539"},{"taxonomy":"product_tag","embeddable":true,"href":"https:\/\/www.belle.si\/it\/wp-json\/wp\/v2\/product_tag?post=98539"}],"curies":[{"name":"wp","href":"https:\/\/api.w.org\/{rel}","templated":true}]}}