{"id":98537,"date":"2020-05-28T20:47:25","date_gmt":"2020-05-28T20:47:25","guid":{"rendered":"https:\/\/belle.zabica.org\/?post_type=product&#038;p=98537"},"modified":"2022-10-19T09:07:49","modified_gmt":"2022-10-19T09:07:49","slug":"krema-proti-celulitu-slimbell-z-masaznimi-glavami","status":"publish","type":"product","link":"https:\/\/www.belle.si\/it\/izdelek\/krema-proti-celulitu-slimbell-z-masaznimi-glavami\/","title":{"rendered":"Krema proti celulitu Slimbell z masa\u017enimi glavami"},"content":{"rendered":"<div class=\"col\">\n<div class=\"panel description\">\n<h2>Slimbell u\u010dinkovita nega proti celulitu za vitke in lepe noge.<\/h2>\n<h2>Posebna inovacija v boju proti celulitu.<\/h2>\n<h3>Masa\u017ena glava s tremi roll-on kroglicami.<\/h3>\n<\/div>\n<p>Krema s posebnimi masa\u017enimi glavami, ki pomaga pri vtiranju kreme globoko v tkivo.<\/p>\n<p>Kremo hkrati nana\u0161ate, vitrate in masirate noge. <strong>3 u\u010dinki v enem!<\/strong><\/p>\n<p>Zaradi hormonskih sprememb pri \u017eenskah, ki se pojavljajo v \u010dasu pubertete, menopavze in nose\u010dnosti, se na nogah odebeli tkivo.<\/p>\n<p>Stres, pomanjkanje gibanja in neprimerna hrana to stanje \u0161e poslab\u0161ajo.<\/p>\n<p>Tri masa\u017ene glave na embala\u017ei so oblikovane tako, da pripomorejo pri masa\u017ei odebeljenega tkiva in olaj\u0161ajo vsakodnevno nego nog.<\/p>\n<div class=\"panel description\">\n<div class=\"std\">\n<p>&nbsp;<\/p>\n<p><a href=\"https:\/\/www.belle.si\/wp-content\/uploads\/2020\/05\/rollon_masazna_krema_proti_celuitu_slimbell_.jpg\"><img fetchpriority=\"high\" decoding=\"async\" class=\"alignnone wp-image-98636\" src=\"https:\/\/www.belle.si\/wp-content\/uploads\/2020\/05\/rollon_masazna_krema_proti_celuitu_slimbell_-300x244.jpg\" alt=\"Masa\u017ena krema proti celulitu Slimbell, masa\u017ene kroglice\" width=\"380\" height=\"309\" \/><\/a><\/p>\n<\/div>\n<\/div>\n<\/div>\n<p>&nbsp;<\/p>\n<div class=\"col\">\n<h2>Sestava SLIMBELL nege za vitke noge<\/h2>\n<div class=\"panel description\">\n<div class=\"std\">\n<p><span class=\"brand\">Slimbell nega vsebuje tri glavne u\u010dinkovine:<br \/>\n<\/span><\/p>\n<ul>\n<li><b>Ekstrakt mavkoke, <\/b>ki jo najdemo ob pe\u0161\u010denih obalah Sredozemlja in Atlantskega oceana;<\/li>\n<li><strong>Ekstrakt evglene<\/strong>, mikroalge, ki pripomore pri obnavljanju ko\u017enega tkiva in povrne energijo ko\u017enim celicam;<\/li>\n<li><b>Kofein<\/b>, za katerega vemo, da kuri ma\u0161\u010dobe.<\/li>\n<\/ul>\n<\/div>\n<div class=\"std\">\n<h2>Testi nege za vitke noge Slimbell*<\/h2>\n<p class=\"notes\">*Teste je izvedel neodvisni laboratorij v Franciji.<\/p>\n<p>Rezultati se lahko razlikujejo od posameznika do posameznika.<\/p>\n<p>Test je potekal dva meseca v sodelovanju s 27 prostovljkami.<\/p>\n<p>Rezultati testiranja so pokazali, da se je tkivo zo\u017ealo za 18,6<span class=\"score\">%<\/span>, z najve\u010djo razliko 1<span class=\"score\">.97\u00a0cm<\/span>.<\/p>\n<p>Rezultati pri samo-oceni vseh testiranih, so okazalali, da jih<\/p>\n<ul>\n<li><span class=\"score\">81% meni, da je <\/span>ko\u017ea na otip mehkej\u0161a,<\/li>\n<li><span class=\"score\">66%<\/span> da jeko\u017ea bolj napeta in elasti\u010dna,<\/li>\n<li><span class=\"score\">70% da je\u00a0<\/span> na ko\u017ei manj opazen izgled pomaran\u010dne ko\u017ee.<\/li>\n<li><\/li>\n<\/ul>\n<\/div>\n<\/div>\n<\/div>\n<div class=\"panel directions\">\n<p class=\"title\"><strong>Navodila za uporabo<\/strong><\/p>\n<div class=\"std\">\n<p><a href=\"https:\/\/www.belle.si\/izdelek\/krema-proti-celulitu-slimbell-z-masaznimi-glavami\/\"><img decoding=\"async\" class=\"alignnone\" src=\"https:\/\/www.claudebell.co.uk\/media\/res\/Slimbell_jambes1.jpg\" alt=\"Krema proti celulitu Slimbell z masa\u017enimi glavami\" width=\"438\" height=\"302\" \/><\/a><\/p>\n<p>&nbsp;<\/p>\n<\/div>\n<p>Slimbell nego proti celulitu nanestite na noge dvakrat na dan, zjutraj in zve\u010der.<\/p>\n<p>S kro\u017enimi gibi nana\u0161ajte kremo in jo vmasirajte v ko\u017eo. Za\u010dnite na spodnjem delu nog in masirajte proti vrhu.<\/p>\n<p>Masirajte, tako da se krema \u010dim bolj vpije v ko\u017eo.<\/p>\n<div class=\"std\">\n<p>Hranite izven dosega otrok.<\/p>\n<p>Naj ne pride v stik z o\u010dmi.<\/p>\n<p>Za zunanjo uporabo.<\/p>\n<\/div>\n<p class=\"western\" lang=\"sl-SI\">\n<\/div>\n<div class=\"block incilist\">\n<p>&nbsp;<\/p>\n<p>&nbsp;<\/p>\n<\/div>\n","protected":false},"excerpt":{"rendered":"<p>Slimbell u\u010dinkovita nega proti celulitu za vitke in lepe noge. Posebna inovacija v boju proti celulitu. Masa\u017ena glava s tremi roll-on kroglicami. Krema s posebnimi masa\u017enimi glavami, ki pomaga pri vtiranju kreme globoko v tkivo. Kremo hkrati nana\u0161ate, vitrate in masirate noge. 3 u\u010dinki v enem! Zaradi hormonskih sprememb pri \u017eenskah, ki se pojavljajo v [&hellip;]<\/p>\n","protected":false},"featured_media":98538,"comment_status":"closed","ping_status":"closed","template":"","meta":{"_uag_custom_page_level_css":"","_monsterinsights_skip_tracking":false,"_monsterinsights_sitenote_active":false,"_monsterinsights_sitenote_note":"","_monsterinsights_sitenote_category":0,"site-sidebar-layout":"default","site-content-layout":"","ast-site-content-layout":"default","site-content-style":"default","site-sidebar-style":"default","ast-global-header-display":"","ast-banner-title-visibility":"","ast-main-header-display":"","ast-hfb-above-header-display":"","ast-hfb-below-header-display":"","ast-hfb-mobile-header-display":"","site-post-title":"","ast-breadcrumbs-content":"","ast-featured-img":"","footer-sml-layout":"","ast-disable-related-posts":"","theme-transparent-header-meta":"","adv-header-id-meta":"","stick-header-meta":"","header-above-stick-meta":"","header-main-stick-meta":"","header-below-stick-meta":"","astra-migrate-meta-layouts":"default","ast-page-background-enabled":"default","ast-page-background-meta":{"desktop":{"background-color":"var(--ast-global-color-4)","background-image":"","background-repeat":"repeat","background-position":"center center","background-size":"auto","background-attachment":"scroll","background-type":"","background-media":"","overlay-type":"","overlay-color":"","overlay-opacity":"","overlay-gradient":""},"tablet":{"background-color":"","background-image":"","background-repeat":"repeat","background-position":"center center","background-size":"auto","background-attachment":"scroll","background-type":"","background-media":"","overlay-type":"","overlay-color":"","overlay-opacity":"","overlay-gradient":""},"mobile":{"background-color":"","background-image":"","background-repeat":"repeat","background-position":"center center","background-size":"auto","background-attachment":"scroll","background-type":"","background-media":"","overlay-type":"","overlay-color":"","overlay-opacity":"","overlay-gradient":""}},"ast-content-background-meta":{"desktop":{"background-color":"var(--ast-global-color-5)","background-image":"","background-repeat":"repeat","background-position":"center center","background-size":"auto","background-attachment":"scroll","background-type":"","background-media":"","overlay-type":"","overlay-color":"","overlay-opacity":"","overlay-gradient":""},"tablet":{"background-color":"var(--ast-global-color-5)","background-image":"","background-repeat":"repeat","background-position":"center center","background-size":"auto","background-attachment":"scroll","background-type":"","background-media":"","overlay-type":"","overlay-color":"","overlay-opacity":"","overlay-gradient":""},"mobile":{"background-color":"var(--ast-global-color-5)","background-image":"","background-repeat":"repeat","background-position":"center center","background-size":"auto","background-attachment":"scroll","background-type":"","background-media":"","overlay-type":"","overlay-color":"","overlay-opacity":"","overlay-gradient":""}}},"product_brand":[],"product_cat":[33],"product_tag":[],"class_list":{"0":"post-98537","1":"product","2":"type-product","3":"status-publish","4":"has-post-thumbnail","6":"product_cat-oblikovanje-postave","7":"desktop-align-left","8":"tablet-align-left","9":"mobile-align-left","10":"ast-product-gallery-layout-first-image-large","11":"ast-product-gallery-with-no-image","12":"ast-magnify-disabled","13":"ast-product-tabs-layout-horizontal","15":"first","16":"instock","17":"taxable","18":"shipping-taxable","19":"purchasable","20":"product-type-simple"},"yoast_head":"<!-- This site is optimized with the Yoast SEO plugin v26.9 - https:\/\/yoast.com\/product\/yoast-seo-wordpress\/ -->\n<title>Krema proti celulitu Slimbell z masa\u017enimi glavami - Belle.si kozmeti\u010dna trgovina<\/title>\n<meta name=\"robots\" content=\"index, follow, max-snippet:-1, max-image-preview:large, max-video-preview:-1\" \/>\n<link rel=\"canonical\" href=\"https:\/\/www.belle.si\/it\/izdelek\/krema-proti-celulitu-slimbell-z-masaznimi-glavami\/\" \/>\n<meta property=\"og:locale\" content=\"it_IT\" \/>\n<meta property=\"og:type\" content=\"article\" \/>\n<meta property=\"og:title\" content=\"Krema proti celulitu Slimbell z masa\u017enimi glavami - Belle.si kozmeti\u010dna trgovina\" \/>\n<meta property=\"og:description\" content=\"Slimbell u\u010dinkovita nega proti celulitu za vitke in lepe noge. Posebna inovacija v boju proti celulitu. Masa\u017ena glava s tremi roll-on kroglicami. Krema s posebnimi masa\u017enimi glavami, ki pomaga pri vtiranju kreme globoko v tkivo. Kremo hkrati nana\u0161ate, vitrate in masirate noge. 3 u\u010dinki v enem! Zaradi hormonskih sprememb pri \u017eenskah, ki se pojavljajo v [&hellip;]\" \/>\n<meta property=\"og:url\" content=\"https:\/\/www.belle.si\/it\/izdelek\/krema-proti-celulitu-slimbell-z-masaznimi-glavami\/\" \/>\n<meta property=\"og:site_name\" content=\"Belle.si kozmeti\u010dna trgovina\" \/>\n<meta property=\"article:publisher\" content=\"https:\/\/www.facebook.com\/belle.si.cosmetics\/\" \/>\n<meta property=\"article:modified_time\" content=\"2022-10-19T09:07:49+00:00\" \/>\n<meta property=\"og:image\" content=\"https:\/\/www.belle.si\/wp-content\/uploads\/2022\/10\/Slimbell_krema_za_hujsanje_noge.png\" \/>\n\t<meta property=\"og:image:width\" content=\"800\" \/>\n\t<meta property=\"og:image:height\" content=\"800\" \/>\n\t<meta property=\"og:image:type\" content=\"image\/png\" \/>\n<meta name=\"twitter:card\" content=\"summary_large_image\" \/>\n<meta name=\"twitter:label1\" content=\"Tempo di lettura stimato\" \/>\n\t<meta name=\"twitter:data1\" content=\"2 minuti\" \/>\n<script type=\"application\/ld+json\" class=\"yoast-schema-graph\">{\"@context\":\"https:\/\/schema.org\",\"@graph\":[{\"@type\":\"WebPage\",\"@id\":\"https:\/\/www.belle.si\/it\/izdelek\/krema-proti-celulitu-slimbell-z-masaznimi-glavami\/\",\"url\":\"https:\/\/www.belle.si\/it\/izdelek\/krema-proti-celulitu-slimbell-z-masaznimi-glavami\/\",\"name\":\"Krema proti celulitu Slimbell z masa\u017enimi glavami - Belle.si kozmeti\u010dna trgovina\",\"isPartOf\":{\"@id\":\"https:\/\/www.belle.si\/it\/#website\"},\"primaryImageOfPage\":{\"@id\":\"https:\/\/www.belle.si\/it\/izdelek\/krema-proti-celulitu-slimbell-z-masaznimi-glavami\/#primaryimage\"},\"image\":{\"@id\":\"https:\/\/www.belle.si\/it\/izdelek\/krema-proti-celulitu-slimbell-z-masaznimi-glavami\/#primaryimage\"},\"thumbnailUrl\":\"https:\/\/www.belle.si\/wp-content\/uploads\/2022\/10\/Slimbell_krema_za_hujsanje_noge.png\",\"datePublished\":\"2020-05-28T20:47:25+00:00\",\"dateModified\":\"2022-10-19T09:07:49+00:00\",\"breadcrumb\":{\"@id\":\"https:\/\/www.belle.si\/it\/izdelek\/krema-proti-celulitu-slimbell-z-masaznimi-glavami\/#breadcrumb\"},\"inLanguage\":\"it-IT\",\"potentialAction\":[{\"@type\":\"ReadAction\",\"target\":[\"https:\/\/www.belle.si\/it\/izdelek\/krema-proti-celulitu-slimbell-z-masaznimi-glavami\/\"]}]},{\"@type\":\"ImageObject\",\"inLanguage\":\"it-IT\",\"@id\":\"https:\/\/www.belle.si\/it\/izdelek\/krema-proti-celulitu-slimbell-z-masaznimi-glavami\/#primaryimage\",\"url\":\"https:\/\/www.belle.si\/wp-content\/uploads\/2022\/10\/Slimbell_krema_za_hujsanje_noge.png\",\"contentUrl\":\"https:\/\/www.belle.si\/wp-content\/uploads\/2022\/10\/Slimbell_krema_za_hujsanje_noge.png\",\"width\":800,\"height\":800,\"caption\":\"Masa\u017ena krema z masa\u017enimi glavami za noge\"},{\"@type\":\"BreadcrumbList\",\"@id\":\"https:\/\/www.belle.si\/it\/izdelek\/krema-proti-celulitu-slimbell-z-masaznimi-glavami\/#breadcrumb\",\"itemListElement\":[{\"@type\":\"ListItem\",\"position\":1,\"name\":\"Home\",\"item\":\"https:\/\/www.belle.si\/it\/\"},{\"@type\":\"ListItem\",\"position\":2,\"name\":\"Trgovina\",\"item\":\"https:\/\/www.belle.si\/trgovina\/\"},{\"@type\":\"ListItem\",\"position\":3,\"name\":\"Krema proti celulitu Slimbell z masa\u017enimi glavami\"}]},{\"@type\":\"WebSite\",\"@id\":\"https:\/\/www.belle.si\/it\/#website\",\"url\":\"https:\/\/www.belle.si\/it\/\",\"name\":\"Belle.si kozmeti\u010dna trgovina\",\"description\":\"\",\"publisher\":{\"@id\":\"https:\/\/www.belle.si\/it\/#organization\"},\"potentialAction\":[{\"@type\":\"SearchAction\",\"target\":{\"@type\":\"EntryPoint\",\"urlTemplate\":\"https:\/\/www.belle.si\/it\/?s={search_term_string}\"},\"query-input\":{\"@type\":\"PropertyValueSpecification\",\"valueRequired\":true,\"valueName\":\"search_term_string\"}}],\"inLanguage\":\"it-IT\"},{\"@type\":\"Organization\",\"@id\":\"https:\/\/www.belle.si\/it\/#organization\",\"name\":\"Belle.si kozmeti\u010dna trgovina\",\"url\":\"https:\/\/www.belle.si\/it\/\",\"logo\":{\"@type\":\"ImageObject\",\"inLanguage\":\"it-IT\",\"@id\":\"https:\/\/www.belle.si\/it\/#\/schema\/logo\/image\/\",\"url\":\"https:\/\/www.belle.si\/wp-content\/uploads\/2022\/10\/cropped-logo_belle_trgovina.png\",\"contentUrl\":\"https:\/\/www.belle.si\/wp-content\/uploads\/2022\/10\/cropped-logo_belle_trgovina.png\",\"width\":270,\"height\":135,\"caption\":\"Belle.si kozmeti\u010dna trgovina\"},\"image\":{\"@id\":\"https:\/\/www.belle.si\/it\/#\/schema\/logo\/image\/\"},\"sameAs\":[\"https:\/\/www.facebook.com\/belle.si.cosmetics\/\",\"https:\/\/www.instagram.com\/belle.si.cosmetics\/\"]}]}<\/script>\n<!-- \/ Yoast SEO plugin. -->","yoast_head_json":{"title":"Krema proti celulitu Slimbell z masa\u017enimi glavami - Belle.si kozmeti\u010dna trgovina","robots":{"index":"index","follow":"follow","max-snippet":"max-snippet:-1","max-image-preview":"max-image-preview:large","max-video-preview":"max-video-preview:-1"},"canonical":"https:\/\/www.belle.si\/it\/izdelek\/krema-proti-celulitu-slimbell-z-masaznimi-glavami\/","og_locale":"it_IT","og_type":"article","og_title":"Krema proti celulitu Slimbell z masa\u017enimi glavami - Belle.si kozmeti\u010dna trgovina","og_description":"Slimbell u\u010dinkovita nega proti celulitu za vitke in lepe noge. Posebna inovacija v boju proti celulitu. Masa\u017ena glava s tremi roll-on kroglicami. Krema s posebnimi masa\u017enimi glavami, ki pomaga pri vtiranju kreme globoko v tkivo. Kremo hkrati nana\u0161ate, vitrate in masirate noge. 3 u\u010dinki v enem! Zaradi hormonskih sprememb pri \u017eenskah, ki se pojavljajo v [&hellip;]","og_url":"https:\/\/www.belle.si\/it\/izdelek\/krema-proti-celulitu-slimbell-z-masaznimi-glavami\/","og_site_name":"Belle.si kozmeti\u010dna trgovina","article_publisher":"https:\/\/www.facebook.com\/belle.si.cosmetics\/","article_modified_time":"2022-10-19T09:07:49+00:00","og_image":[{"width":800,"height":800,"url":"https:\/\/www.belle.si\/wp-content\/uploads\/2022\/10\/Slimbell_krema_za_hujsanje_noge.png","type":"image\/png"}],"twitter_card":"summary_large_image","twitter_misc":{"Tempo di lettura stimato":"2 minuti"},"schema":{"@context":"https:\/\/schema.org","@graph":[{"@type":"WebPage","@id":"https:\/\/www.belle.si\/it\/izdelek\/krema-proti-celulitu-slimbell-z-masaznimi-glavami\/","url":"https:\/\/www.belle.si\/it\/izdelek\/krema-proti-celulitu-slimbell-z-masaznimi-glavami\/","name":"Krema proti celulitu Slimbell z masa\u017enimi glavami - Belle.si kozmeti\u010dna trgovina","isPartOf":{"@id":"https:\/\/www.belle.si\/it\/#website"},"primaryImageOfPage":{"@id":"https:\/\/www.belle.si\/it\/izdelek\/krema-proti-celulitu-slimbell-z-masaznimi-glavami\/#primaryimage"},"image":{"@id":"https:\/\/www.belle.si\/it\/izdelek\/krema-proti-celulitu-slimbell-z-masaznimi-glavami\/#primaryimage"},"thumbnailUrl":"https:\/\/www.belle.si\/wp-content\/uploads\/2022\/10\/Slimbell_krema_za_hujsanje_noge.png","datePublished":"2020-05-28T20:47:25+00:00","dateModified":"2022-10-19T09:07:49+00:00","breadcrumb":{"@id":"https:\/\/www.belle.si\/it\/izdelek\/krema-proti-celulitu-slimbell-z-masaznimi-glavami\/#breadcrumb"},"inLanguage":"it-IT","potentialAction":[{"@type":"ReadAction","target":["https:\/\/www.belle.si\/it\/izdelek\/krema-proti-celulitu-slimbell-z-masaznimi-glavami\/"]}]},{"@type":"ImageObject","inLanguage":"it-IT","@id":"https:\/\/www.belle.si\/it\/izdelek\/krema-proti-celulitu-slimbell-z-masaznimi-glavami\/#primaryimage","url":"https:\/\/www.belle.si\/wp-content\/uploads\/2022\/10\/Slimbell_krema_za_hujsanje_noge.png","contentUrl":"https:\/\/www.belle.si\/wp-content\/uploads\/2022\/10\/Slimbell_krema_za_hujsanje_noge.png","width":800,"height":800,"caption":"Masa\u017ena krema z masa\u017enimi glavami za noge"},{"@type":"BreadcrumbList","@id":"https:\/\/www.belle.si\/it\/izdelek\/krema-proti-celulitu-slimbell-z-masaznimi-glavami\/#breadcrumb","itemListElement":[{"@type":"ListItem","position":1,"name":"Home","item":"https:\/\/www.belle.si\/it\/"},{"@type":"ListItem","position":2,"name":"Trgovina","item":"https:\/\/www.belle.si\/trgovina\/"},{"@type":"ListItem","position":3,"name":"Krema proti celulitu Slimbell z masa\u017enimi glavami"}]},{"@type":"WebSite","@id":"https:\/\/www.belle.si\/it\/#website","url":"https:\/\/www.belle.si\/it\/","name":"Belle.si kozmeti\u010dna trgovina","description":"","publisher":{"@id":"https:\/\/www.belle.si\/it\/#organization"},"potentialAction":[{"@type":"SearchAction","target":{"@type":"EntryPoint","urlTemplate":"https:\/\/www.belle.si\/it\/?s={search_term_string}"},"query-input":{"@type":"PropertyValueSpecification","valueRequired":true,"valueName":"search_term_string"}}],"inLanguage":"it-IT"},{"@type":"Organization","@id":"https:\/\/www.belle.si\/it\/#organization","name":"Belle.si kozmeti\u010dna trgovina","url":"https:\/\/www.belle.si\/it\/","logo":{"@type":"ImageObject","inLanguage":"it-IT","@id":"https:\/\/www.belle.si\/it\/#\/schema\/logo\/image\/","url":"https:\/\/www.belle.si\/wp-content\/uploads\/2022\/10\/cropped-logo_belle_trgovina.png","contentUrl":"https:\/\/www.belle.si\/wp-content\/uploads\/2022\/10\/cropped-logo_belle_trgovina.png","width":270,"height":135,"caption":"Belle.si kozmeti\u010dna trgovina"},"image":{"@id":"https:\/\/www.belle.si\/it\/#\/schema\/logo\/image\/"},"sameAs":["https:\/\/www.facebook.com\/belle.si.cosmetics\/","https:\/\/www.instagram.com\/belle.si.cosmetics\/"]}]}},"uagb_featured_image_src":{"full":["https:\/\/www.belle.si\/wp-content\/uploads\/2022\/10\/Slimbell_krema_za_hujsanje_noge.png",800,800,false],"thumbnail":["https:\/\/www.belle.si\/wp-content\/uploads\/2022\/10\/Slimbell_krema_za_hujsanje_noge-150x150.png",150,150,true],"medium":["https:\/\/www.belle.si\/wp-content\/uploads\/2022\/10\/Slimbell_krema_za_hujsanje_noge-300x300.png",300,300,true],"medium_large":["https:\/\/www.belle.si\/wp-content\/uploads\/2022\/10\/Slimbell_krema_za_hujsanje_noge-768x768.png",768,768,true],"large":["https:\/\/www.belle.si\/wp-content\/uploads\/2022\/10\/Slimbell_krema_za_hujsanje_noge.png",800,800,false],"1536x1536":["https:\/\/www.belle.si\/wp-content\/uploads\/2022\/10\/Slimbell_krema_za_hujsanje_noge.png",800,800,false],"2048x2048":["https:\/\/www.belle.si\/wp-content\/uploads\/2022\/10\/Slimbell_krema_za_hujsanje_noge.png",800,800,false],"mailpoet_newsletter_max":["https:\/\/www.belle.si\/wp-content\/uploads\/2022\/10\/Slimbell_krema_za_hujsanje_noge.png",800,800,false],"woocommerce_thumbnail":["https:\/\/www.belle.si\/wp-content\/uploads\/2022\/10\/Slimbell_krema_za_hujsanje_noge-300x300.png",300,300,true],"woocommerce_single":["https:\/\/www.belle.si\/wp-content\/uploads\/2022\/10\/Slimbell_krema_za_hujsanje_noge-600x600.png",600,600,true],"woocommerce_gallery_thumbnail":["https:\/\/www.belle.si\/wp-content\/uploads\/2022\/10\/Slimbell_krema_za_hujsanje_noge-100x100.png",100,100,true]},"uagb_author_info":{"display_name":"taja","author_link":"https:\/\/www.belle.si\/it\/author\/"},"uagb_comment_info":0,"uagb_excerpt":"Slimbell u\u010dinkovita nega proti celulitu za vitke in lepe noge. Posebna inovacija v boju proti celulitu. Masa\u017ena glava s tremi roll-on kroglicami. Krema s posebnimi masa\u017enimi glavami, ki pomaga pri vtiranju kreme globoko v tkivo. Kremo hkrati nana\u0161ate, vitrate in masirate noge. 3 u\u010dinki v enem! Zaradi hormonskih sprememb pri \u017eenskah, ki se pojavljajo v&hellip;","_links":{"self":[{"href":"https:\/\/www.belle.si\/it\/wp-json\/wp\/v2\/product\/98537","targetHints":{"allow":["GET"]}}],"collection":[{"href":"https:\/\/www.belle.si\/it\/wp-json\/wp\/v2\/product"}],"about":[{"href":"https:\/\/www.belle.si\/it\/wp-json\/wp\/v2\/types\/product"}],"replies":[{"embeddable":true,"href":"https:\/\/www.belle.si\/it\/wp-json\/wp\/v2\/comments?post=98537"}],"wp:featuredmedia":[{"embeddable":true,"href":"https:\/\/www.belle.si\/it\/wp-json\/wp\/v2\/media\/98538"}],"wp:attachment":[{"href":"https:\/\/www.belle.si\/it\/wp-json\/wp\/v2\/media?parent=98537"}],"wp:term":[{"taxonomy":"product_brand","embeddable":true,"href":"https:\/\/www.belle.si\/it\/wp-json\/wp\/v2\/product_brand?post=98537"},{"taxonomy":"product_cat","embeddable":true,"href":"https:\/\/www.belle.si\/it\/wp-json\/wp\/v2\/product_cat?post=98537"},{"taxonomy":"product_tag","embeddable":true,"href":"https:\/\/www.belle.si\/it\/wp-json\/wp\/v2\/product_tag?post=98537"}],"curies":[{"name":"wp","href":"https:\/\/api.w.org\/{rel}","templated":true}]}}