{"id":98535,"date":"2020-06-28T10:38:12","date_gmt":"2020-06-28T10:38:12","guid":{"rendered":"https:\/\/belle.zabica.org\/?post_type=product&#038;p=98535"},"modified":"2022-10-19T09:07:48","modified_gmt":"2022-10-19T09:07:48","slug":"losjon-za-napeto-kozo-na-rokah","status":"publish","type":"product","link":"https:\/\/www.belle.si\/it\/izdelek\/losjon-za-napeto-kozo-na-rokah\/","title":{"rendered":"Losjon za lepo ko\u017eo na rokah"},"content":{"rendered":"<div class=\"col\">\n<div class=\"panel description\">\n<div class=\"std\">\n<h2 class=\"subtitle\">Losjon za lepe roke &#8211; ko\u017ea na rokah bo spet napeta in gladka.<\/h2>\n<p>Z losjonom za lepo ko\u017eo na rokah si boste lahko pomagale pri oblikovanju idealnih rok, ki jih ne bo potrebno skrivati pod dolgimi rokavi.<\/p>\n<p>Losjon je namenjen pove\u010danju elasti\u010dnosti ko\u017ee na rokah.<\/p>\n<p>Zasnovan je tako, da njegove u\u010dinkovine prodrejo globoko v ko\u017eo, kjer topijo ma\u0161\u010dobne celice in odvajajo toksine.<\/p>\n<p>Ko\u017ei tako povrne tonus, elasti\u010dnost in \u010dvrstost. Z losjonom bo ko\u017ea bolj gladka in mehkej\u0161a.<\/p>\n<p>&nbsp;<\/p>\n<p><strong>Sestava losjona za nego ko\u017ee na rokah<\/strong><\/p>\n<p>Losjon za nego ko\u017ee na rokah vsebuje dve u\u010dinkovini, ki se podpirata pri delovanju:<\/p>\n<ul>\n<li><strong>Kofein<\/strong>, ki je poznana u\u010dinkovina za izlo\u010danje ma\u0161\u010dob<\/li>\n<li><strong>Karnitin<\/strong>, naravna molekula, ki pomaga pri odpravljanju ma\u0161\u010dobnih kislin.<\/li>\n<\/ul>\n<p><a href=\"https:\/\/www.belle.si\/wp-content\/uploads\/2020\/06\/karnitin_kafein_molekule_losjon_belle.png\"><img decoding=\"async\" class=\"wp-image-98727 alignnone\" src=\"https:\/\/www.belle.si\/wp-content\/uploads\/2020\/06\/karnitin_kafein_molekule_losjon_belle.png\" alt=\"Karnitin in kofein u\u010dinkovini v losjonu za lepo ko\u017eo na rokah Belle.si\" width=\"316\" height=\"141\" \/><\/a><\/p>\n<p>&nbsp;<\/p>\n<p><strong>Testi izvedeni z losjonom za tonus ko\u017ee na rokah*<\/strong><\/p>\n<p>* Teste je izvedel neodvisni laboratorij v Franciji. Rezultati se lahko razlikujejo od posameznika do posameznika.<\/p>\n<p>Klini\u010dne \u0161tudije je en mesec izvajala skupina prostovoljk.<\/p>\n<p>Rezultate so uporabnice opisale tako:<\/p>\n<ul>\n<li>Pove\u010dala se je \u010dvrstos ko\u017ee na rokah 19%,<\/li>\n<li>Ko\u017ea je postala bolj elasti\u010dna 24%,<\/li>\n<li>Okrepil se je tonus ko\u017eena rokah 43.<\/li>\n<\/ul>\n<\/div>\n<\/div>\n<\/div>\n<div class=\"col\">\n<div class=\"panel directions\">\n<p>Po preizkusi losjona so ob\u010dutke opisale tako:<\/p>\n<ul>\n<li>Po nanosu so \u010dutile sve\u017eino: 89%,<\/li>\n<li>Prijetna in ne\u017ena tekstura na ko\u017ei: 79%,<\/li>\n<li>Ko\u017ea je bila prijetno navla\u017eena: 58%,<\/li>\n<li>Ko\u017ea je bolj gladka: 63%,<\/li>\n<\/ul>\n<div class=\"std\">\n<p>&nbsp;<\/p>\n<\/div>\n<\/div>\n<div class=\"block incilist\">\n<p><strong>Navodila za uporabo<\/strong><\/p>\n<p>Losjon nanesite na ob\u010dutljive to\u010dke na rokah enkar na dan in ne\u017eno vmasirajte.<\/p>\n<p>Pazite, da ne zaide v o\u010di.<\/p>\n<\/div>\n<p>Vsebina: losjon 50ml<\/p>\n<p>Proizvedeno v Franciji<\/p>\n<div class=\"block incilist\">\n<p>&nbsp;<\/p>\n<\/div>\n<\/div>\n","protected":false},"excerpt":{"rendered":"<p>Losjon za lepe roke &#8211; ko\u017ea na rokah bo spet napeta in gladka. Z losjonom za lepo ko\u017eo na rokah si boste lahko pomagale pri oblikovanju idealnih rok, ki jih ne bo potrebno skrivati pod dolgimi rokavi. Losjon je namenjen pove\u010danju elasti\u010dnosti ko\u017ee na rokah. Zasnovan je tako, da njegove u\u010dinkovine prodrejo globoko v ko\u017eo, [&hellip;]<\/p>\n","protected":false},"featured_media":98536,"comment_status":"closed","ping_status":"closed","template":"","meta":{"_uag_custom_page_level_css":"","_monsterinsights_skip_tracking":false,"_monsterinsights_sitenote_active":false,"_monsterinsights_sitenote_note":"","_monsterinsights_sitenote_category":0,"site-sidebar-layout":"default","site-content-layout":"","ast-site-content-layout":"default","site-content-style":"default","site-sidebar-style":"default","ast-global-header-display":"","ast-banner-title-visibility":"","ast-main-header-display":"","ast-hfb-above-header-display":"","ast-hfb-below-header-display":"","ast-hfb-mobile-header-display":"","site-post-title":"","ast-breadcrumbs-content":"","ast-featured-img":"","footer-sml-layout":"","ast-disable-related-posts":"","theme-transparent-header-meta":"","adv-header-id-meta":"","stick-header-meta":"","header-above-stick-meta":"","header-main-stick-meta":"","header-below-stick-meta":"","astra-migrate-meta-layouts":"default","ast-page-background-enabled":"default","ast-page-background-meta":{"desktop":{"background-color":"var(--ast-global-color-4)","background-image":"","background-repeat":"repeat","background-position":"center center","background-size":"auto","background-attachment":"scroll","background-type":"","background-media":"","overlay-type":"","overlay-color":"","overlay-opacity":"","overlay-gradient":""},"tablet":{"background-color":"","background-image":"","background-repeat":"repeat","background-position":"center center","background-size":"auto","background-attachment":"scroll","background-type":"","background-media":"","overlay-type":"","overlay-color":"","overlay-opacity":"","overlay-gradient":""},"mobile":{"background-color":"","background-image":"","background-repeat":"repeat","background-position":"center center","background-size":"auto","background-attachment":"scroll","background-type":"","background-media":"","overlay-type":"","overlay-color":"","overlay-opacity":"","overlay-gradient":""}},"ast-content-background-meta":{"desktop":{"background-color":"var(--ast-global-color-5)","background-image":"","background-repeat":"repeat","background-position":"center center","background-size":"auto","background-attachment":"scroll","background-type":"","background-media":"","overlay-type":"","overlay-color":"","overlay-opacity":"","overlay-gradient":""},"tablet":{"background-color":"var(--ast-global-color-5)","background-image":"","background-repeat":"repeat","background-position":"center center","background-size":"auto","background-attachment":"scroll","background-type":"","background-media":"","overlay-type":"","overlay-color":"","overlay-opacity":"","overlay-gradient":""},"mobile":{"background-color":"var(--ast-global-color-5)","background-image":"","background-repeat":"repeat","background-position":"center center","background-size":"auto","background-attachment":"scroll","background-type":"","background-media":"","overlay-type":"","overlay-color":"","overlay-opacity":"","overlay-gradient":""}}},"product_brand":[],"product_cat":[33],"product_tag":[],"class_list":{"0":"post-98535","1":"product","2":"type-product","3":"status-publish","4":"has-post-thumbnail","6":"product_cat-oblikovanje-postave","7":"desktop-align-left","8":"tablet-align-left","9":"mobile-align-left","10":"ast-product-gallery-layout-first-image-large","11":"ast-product-gallery-with-no-image","12":"ast-magnify-disabled","13":"ast-product-tabs-layout-horizontal","15":"first","16":"instock","17":"taxable","18":"shipping-taxable","19":"purchasable","20":"product-type-simple"},"yoast_head":"<!-- This site is optimized with the Yoast SEO plugin v26.9 - https:\/\/yoast.com\/product\/yoast-seo-wordpress\/ -->\n<title>Losjon za lepo ko\u017eo na rokah - Belle.si kozmeti\u010dna trgovina<\/title>\n<meta name=\"robots\" content=\"index, follow, max-snippet:-1, max-image-preview:large, max-video-preview:-1\" \/>\n<link rel=\"canonical\" href=\"https:\/\/www.belle.si\/it\/izdelek\/losjon-za-napeto-kozo-na-rokah\/\" \/>\n<meta property=\"og:locale\" content=\"it_IT\" \/>\n<meta property=\"og:type\" content=\"article\" \/>\n<meta property=\"og:title\" content=\"Losjon za lepo ko\u017eo na rokah - Belle.si kozmeti\u010dna trgovina\" \/>\n<meta property=\"og:description\" content=\"Losjon za lepe roke &#8211; ko\u017ea na rokah bo spet napeta in gladka. Z losjonom za lepo ko\u017eo na rokah si boste lahko pomagale pri oblikovanju idealnih rok, ki jih ne bo potrebno skrivati pod dolgimi rokavi. Losjon je namenjen pove\u010danju elasti\u010dnosti ko\u017ee na rokah. Zasnovan je tako, da njegove u\u010dinkovine prodrejo globoko v ko\u017eo, [&hellip;]\" \/>\n<meta property=\"og:url\" content=\"https:\/\/www.belle.si\/it\/izdelek\/losjon-za-napeto-kozo-na-rokah\/\" \/>\n<meta property=\"og:site_name\" content=\"Belle.si kozmeti\u010dna trgovina\" \/>\n<meta property=\"article:publisher\" content=\"https:\/\/www.facebook.com\/belle.si.cosmetics\/\" \/>\n<meta property=\"article:modified_time\" content=\"2022-10-19T09:07:48+00:00\" \/>\n<meta property=\"og:image\" content=\"https:\/\/www.belle.si\/wp-content\/uploads\/2022\/10\/krema_napeta_koza_roke.png\" \/>\n\t<meta property=\"og:image:width\" content=\"800\" \/>\n\t<meta property=\"og:image:height\" content=\"800\" \/>\n\t<meta property=\"og:image:type\" content=\"image\/png\" \/>\n<meta name=\"twitter:card\" content=\"summary_large_image\" \/>\n<meta name=\"twitter:label1\" content=\"Tempo di lettura stimato\" \/>\n\t<meta name=\"twitter:data1\" content=\"1 minuto\" \/>\n<script type=\"application\/ld+json\" class=\"yoast-schema-graph\">{\"@context\":\"https:\/\/schema.org\",\"@graph\":[{\"@type\":\"WebPage\",\"@id\":\"https:\/\/www.belle.si\/it\/izdelek\/losjon-za-napeto-kozo-na-rokah\/\",\"url\":\"https:\/\/www.belle.si\/it\/izdelek\/losjon-za-napeto-kozo-na-rokah\/\",\"name\":\"Losjon za lepo ko\u017eo na rokah - Belle.si kozmeti\u010dna trgovina\",\"isPartOf\":{\"@id\":\"https:\/\/www.belle.si\/it\/#website\"},\"primaryImageOfPage\":{\"@id\":\"https:\/\/www.belle.si\/it\/izdelek\/losjon-za-napeto-kozo-na-rokah\/#primaryimage\"},\"image\":{\"@id\":\"https:\/\/www.belle.si\/it\/izdelek\/losjon-za-napeto-kozo-na-rokah\/#primaryimage\"},\"thumbnailUrl\":\"https:\/\/www.belle.si\/wp-content\/uploads\/2022\/10\/krema_napeta_koza_roke.png\",\"datePublished\":\"2020-06-28T10:38:12+00:00\",\"dateModified\":\"2022-10-19T09:07:48+00:00\",\"breadcrumb\":{\"@id\":\"https:\/\/www.belle.si\/it\/izdelek\/losjon-za-napeto-kozo-na-rokah\/#breadcrumb\"},\"inLanguage\":\"it-IT\",\"potentialAction\":[{\"@type\":\"ReadAction\",\"target\":[\"https:\/\/www.belle.si\/it\/izdelek\/losjon-za-napeto-kozo-na-rokah\/\"]}]},{\"@type\":\"ImageObject\",\"inLanguage\":\"it-IT\",\"@id\":\"https:\/\/www.belle.si\/it\/izdelek\/losjon-za-napeto-kozo-na-rokah\/#primaryimage\",\"url\":\"https:\/\/www.belle.si\/wp-content\/uploads\/2022\/10\/krema_napeta_koza_roke.png\",\"contentUrl\":\"https:\/\/www.belle.si\/wp-content\/uploads\/2022\/10\/krema_napeta_koza_roke.png\",\"width\":800,\"height\":800,\"caption\":\"Losjon za napeto ko\u017eo na rokah\"},{\"@type\":\"BreadcrumbList\",\"@id\":\"https:\/\/www.belle.si\/it\/izdelek\/losjon-za-napeto-kozo-na-rokah\/#breadcrumb\",\"itemListElement\":[{\"@type\":\"ListItem\",\"position\":1,\"name\":\"Home\",\"item\":\"https:\/\/www.belle.si\/it\/\"},{\"@type\":\"ListItem\",\"position\":2,\"name\":\"Trgovina\",\"item\":\"https:\/\/www.belle.si\/trgovina\/\"},{\"@type\":\"ListItem\",\"position\":3,\"name\":\"Losjon za lepo ko\u017eo na rokah\"}]},{\"@type\":\"WebSite\",\"@id\":\"https:\/\/www.belle.si\/it\/#website\",\"url\":\"https:\/\/www.belle.si\/it\/\",\"name\":\"Belle.si kozmeti\u010dna trgovina\",\"description\":\"\",\"publisher\":{\"@id\":\"https:\/\/www.belle.si\/it\/#organization\"},\"potentialAction\":[{\"@type\":\"SearchAction\",\"target\":{\"@type\":\"EntryPoint\",\"urlTemplate\":\"https:\/\/www.belle.si\/it\/?s={search_term_string}\"},\"query-input\":{\"@type\":\"PropertyValueSpecification\",\"valueRequired\":true,\"valueName\":\"search_term_string\"}}],\"inLanguage\":\"it-IT\"},{\"@type\":\"Organization\",\"@id\":\"https:\/\/www.belle.si\/it\/#organization\",\"name\":\"Belle.si kozmeti\u010dna trgovina\",\"url\":\"https:\/\/www.belle.si\/it\/\",\"logo\":{\"@type\":\"ImageObject\",\"inLanguage\":\"it-IT\",\"@id\":\"https:\/\/www.belle.si\/it\/#\/schema\/logo\/image\/\",\"url\":\"https:\/\/www.belle.si\/wp-content\/uploads\/2022\/10\/cropped-logo_belle_trgovina.png\",\"contentUrl\":\"https:\/\/www.belle.si\/wp-content\/uploads\/2022\/10\/cropped-logo_belle_trgovina.png\",\"width\":270,\"height\":135,\"caption\":\"Belle.si kozmeti\u010dna trgovina\"},\"image\":{\"@id\":\"https:\/\/www.belle.si\/it\/#\/schema\/logo\/image\/\"},\"sameAs\":[\"https:\/\/www.facebook.com\/belle.si.cosmetics\/\",\"https:\/\/www.instagram.com\/belle.si.cosmetics\/\"]}]}<\/script>\n<!-- \/ Yoast SEO plugin. -->","yoast_head_json":{"title":"Losjon za lepo ko\u017eo na rokah - Belle.si kozmeti\u010dna trgovina","robots":{"index":"index","follow":"follow","max-snippet":"max-snippet:-1","max-image-preview":"max-image-preview:large","max-video-preview":"max-video-preview:-1"},"canonical":"https:\/\/www.belle.si\/it\/izdelek\/losjon-za-napeto-kozo-na-rokah\/","og_locale":"it_IT","og_type":"article","og_title":"Losjon za lepo ko\u017eo na rokah - Belle.si kozmeti\u010dna trgovina","og_description":"Losjon za lepe roke &#8211; ko\u017ea na rokah bo spet napeta in gladka. Z losjonom za lepo ko\u017eo na rokah si boste lahko pomagale pri oblikovanju idealnih rok, ki jih ne bo potrebno skrivati pod dolgimi rokavi. Losjon je namenjen pove\u010danju elasti\u010dnosti ko\u017ee na rokah. Zasnovan je tako, da njegove u\u010dinkovine prodrejo globoko v ko\u017eo, [&hellip;]","og_url":"https:\/\/www.belle.si\/it\/izdelek\/losjon-za-napeto-kozo-na-rokah\/","og_site_name":"Belle.si kozmeti\u010dna trgovina","article_publisher":"https:\/\/www.facebook.com\/belle.si.cosmetics\/","article_modified_time":"2022-10-19T09:07:48+00:00","og_image":[{"width":800,"height":800,"url":"https:\/\/www.belle.si\/wp-content\/uploads\/2022\/10\/krema_napeta_koza_roke.png","type":"image\/png"}],"twitter_card":"summary_large_image","twitter_misc":{"Tempo di lettura stimato":"1 minuto"},"schema":{"@context":"https:\/\/schema.org","@graph":[{"@type":"WebPage","@id":"https:\/\/www.belle.si\/it\/izdelek\/losjon-za-napeto-kozo-na-rokah\/","url":"https:\/\/www.belle.si\/it\/izdelek\/losjon-za-napeto-kozo-na-rokah\/","name":"Losjon za lepo ko\u017eo na rokah - Belle.si kozmeti\u010dna trgovina","isPartOf":{"@id":"https:\/\/www.belle.si\/it\/#website"},"primaryImageOfPage":{"@id":"https:\/\/www.belle.si\/it\/izdelek\/losjon-za-napeto-kozo-na-rokah\/#primaryimage"},"image":{"@id":"https:\/\/www.belle.si\/it\/izdelek\/losjon-za-napeto-kozo-na-rokah\/#primaryimage"},"thumbnailUrl":"https:\/\/www.belle.si\/wp-content\/uploads\/2022\/10\/krema_napeta_koza_roke.png","datePublished":"2020-06-28T10:38:12+00:00","dateModified":"2022-10-19T09:07:48+00:00","breadcrumb":{"@id":"https:\/\/www.belle.si\/it\/izdelek\/losjon-za-napeto-kozo-na-rokah\/#breadcrumb"},"inLanguage":"it-IT","potentialAction":[{"@type":"ReadAction","target":["https:\/\/www.belle.si\/it\/izdelek\/losjon-za-napeto-kozo-na-rokah\/"]}]},{"@type":"ImageObject","inLanguage":"it-IT","@id":"https:\/\/www.belle.si\/it\/izdelek\/losjon-za-napeto-kozo-na-rokah\/#primaryimage","url":"https:\/\/www.belle.si\/wp-content\/uploads\/2022\/10\/krema_napeta_koza_roke.png","contentUrl":"https:\/\/www.belle.si\/wp-content\/uploads\/2022\/10\/krema_napeta_koza_roke.png","width":800,"height":800,"caption":"Losjon za napeto ko\u017eo na rokah"},{"@type":"BreadcrumbList","@id":"https:\/\/www.belle.si\/it\/izdelek\/losjon-za-napeto-kozo-na-rokah\/#breadcrumb","itemListElement":[{"@type":"ListItem","position":1,"name":"Home","item":"https:\/\/www.belle.si\/it\/"},{"@type":"ListItem","position":2,"name":"Trgovina","item":"https:\/\/www.belle.si\/trgovina\/"},{"@type":"ListItem","position":3,"name":"Losjon za lepo ko\u017eo na rokah"}]},{"@type":"WebSite","@id":"https:\/\/www.belle.si\/it\/#website","url":"https:\/\/www.belle.si\/it\/","name":"Belle.si kozmeti\u010dna trgovina","description":"","publisher":{"@id":"https:\/\/www.belle.si\/it\/#organization"},"potentialAction":[{"@type":"SearchAction","target":{"@type":"EntryPoint","urlTemplate":"https:\/\/www.belle.si\/it\/?s={search_term_string}"},"query-input":{"@type":"PropertyValueSpecification","valueRequired":true,"valueName":"search_term_string"}}],"inLanguage":"it-IT"},{"@type":"Organization","@id":"https:\/\/www.belle.si\/it\/#organization","name":"Belle.si kozmeti\u010dna trgovina","url":"https:\/\/www.belle.si\/it\/","logo":{"@type":"ImageObject","inLanguage":"it-IT","@id":"https:\/\/www.belle.si\/it\/#\/schema\/logo\/image\/","url":"https:\/\/www.belle.si\/wp-content\/uploads\/2022\/10\/cropped-logo_belle_trgovina.png","contentUrl":"https:\/\/www.belle.si\/wp-content\/uploads\/2022\/10\/cropped-logo_belle_trgovina.png","width":270,"height":135,"caption":"Belle.si kozmeti\u010dna trgovina"},"image":{"@id":"https:\/\/www.belle.si\/it\/#\/schema\/logo\/image\/"},"sameAs":["https:\/\/www.facebook.com\/belle.si.cosmetics\/","https:\/\/www.instagram.com\/belle.si.cosmetics\/"]}]}},"uagb_featured_image_src":{"full":["https:\/\/www.belle.si\/wp-content\/uploads\/2022\/10\/krema_napeta_koza_roke.png",800,800,false],"thumbnail":["https:\/\/www.belle.si\/wp-content\/uploads\/2022\/10\/krema_napeta_koza_roke-150x150.png",150,150,true],"medium":["https:\/\/www.belle.si\/wp-content\/uploads\/2022\/10\/krema_napeta_koza_roke-300x300.png",300,300,true],"medium_large":["https:\/\/www.belle.si\/wp-content\/uploads\/2022\/10\/krema_napeta_koza_roke-768x768.png",768,768,true],"large":["https:\/\/www.belle.si\/wp-content\/uploads\/2022\/10\/krema_napeta_koza_roke.png",800,800,false],"1536x1536":["https:\/\/www.belle.si\/wp-content\/uploads\/2022\/10\/krema_napeta_koza_roke.png",800,800,false],"2048x2048":["https:\/\/www.belle.si\/wp-content\/uploads\/2022\/10\/krema_napeta_koza_roke.png",800,800,false],"mailpoet_newsletter_max":["https:\/\/www.belle.si\/wp-content\/uploads\/2022\/10\/krema_napeta_koza_roke.png",800,800,false],"woocommerce_thumbnail":["https:\/\/www.belle.si\/wp-content\/uploads\/2022\/10\/krema_napeta_koza_roke-300x300.png",300,300,true],"woocommerce_single":["https:\/\/www.belle.si\/wp-content\/uploads\/2022\/10\/krema_napeta_koza_roke-600x600.png",600,600,true],"woocommerce_gallery_thumbnail":["https:\/\/www.belle.si\/wp-content\/uploads\/2022\/10\/krema_napeta_koza_roke-100x100.png",100,100,true]},"uagb_author_info":{"display_name":"taja","author_link":"https:\/\/www.belle.si\/it\/author\/"},"uagb_comment_info":0,"uagb_excerpt":"Losjon za lepe roke &#8211; ko\u017ea na rokah bo spet napeta in gladka. Z losjonom za lepo ko\u017eo na rokah si boste lahko pomagale pri oblikovanju idealnih rok, ki jih ne bo potrebno skrivati pod dolgimi rokavi. Losjon je namenjen pove\u010danju elasti\u010dnosti ko\u017ee na rokah. Zasnovan je tako, da njegove u\u010dinkovine prodrejo globoko v ko\u017eo,&hellip;","_links":{"self":[{"href":"https:\/\/www.belle.si\/it\/wp-json\/wp\/v2\/product\/98535","targetHints":{"allow":["GET"]}}],"collection":[{"href":"https:\/\/www.belle.si\/it\/wp-json\/wp\/v2\/product"}],"about":[{"href":"https:\/\/www.belle.si\/it\/wp-json\/wp\/v2\/types\/product"}],"replies":[{"embeddable":true,"href":"https:\/\/www.belle.si\/it\/wp-json\/wp\/v2\/comments?post=98535"}],"wp:featuredmedia":[{"embeddable":true,"href":"https:\/\/www.belle.si\/it\/wp-json\/wp\/v2\/media\/98536"}],"wp:attachment":[{"href":"https:\/\/www.belle.si\/it\/wp-json\/wp\/v2\/media?parent=98535"}],"wp:term":[{"taxonomy":"product_brand","embeddable":true,"href":"https:\/\/www.belle.si\/it\/wp-json\/wp\/v2\/product_brand?post=98535"},{"taxonomy":"product_cat","embeddable":true,"href":"https:\/\/www.belle.si\/it\/wp-json\/wp\/v2\/product_cat?post=98535"},{"taxonomy":"product_tag","embeddable":true,"href":"https:\/\/www.belle.si\/it\/wp-json\/wp\/v2\/product_tag?post=98535"}],"curies":[{"name":"wp","href":"https:\/\/api.w.org\/{rel}","templated":true}]}}