{"id":98533,"date":"2020-07-08T13:54:13","date_gmt":"2020-07-08T13:54:13","guid":{"rendered":"https:\/\/belle.zabica.org\/?post_type=product&#038;p=98533"},"modified":"2022-10-19T09:07:47","modified_gmt":"2022-10-19T09:07:47","slug":"losjon-v-spreju-za-takojsen-ucinek-za-prsi","status":"publish","type":"product","link":"https:\/\/www.belle.si\/it\/izdelek\/losjon-v-spreju-za-takojsen-ucinek-za-prsi\/","title":{"rendered":"Losjon v spreju za lep\u0161e prsi &#8211; takoj\u0161en u\u010dinek"},"content":{"rendered":"<div class=\"col\">\n<div class=\"panel description\">\n<div class=\"std\">\n<h2 class=\"subtitle\">Sprej za gladko in \u010dvrsto ko\u017eo na prsih in dekolteju.<\/h2>\n<p>Nega za bolj pro\u017eno in lepo ko\u017eo na prsih in dekolteju, je namenjena hitremu u\u010dikovanju na predelih z ob\u010dutljivo ko\u017eo.<\/p>\n<p>Losjon je zasnovan tako, da se hitro vpije in u\u010dinkovine za\u010dnejo takoj delovati na ko\u017ei. Namen losjona je, da odstarni odve\u010dno vodo in toksine iz ko\u017ee.<\/p>\n<p>Ko\u017ea tako postane bolj napeta in elasti\u010dna. Ko\u017ea deluje bolj gladka in mehka.<\/p>\n<p>&nbsp;<\/p>\n<p><img fetchpriority=\"high\" decoding=\"async\" class=\"rf frame alignnone\" src=\"https:\/\/www.claudebell.co.uk\/media\/res\/breast_model1.jpg\" alt=\"Lepa napeta ko\u017ea na prsih in dekolteju\" width=\"300\" height=\"260\" \/><\/p>\n<p>&nbsp;<\/p>\n<p>Sestava<\/p>\n<p><a href=\"https:\/\/www.claudebell.co.uk\/media\/res\/caffeine_carnitine_en.png\"><img decoding=\"async\" class=\"rf frame alignnone\" src=\"https:\/\/www.claudebell.co.uk\/media\/res\/caffeine_carnitine_en.png\" alt=\"Caffeine and Carnitine\" width=\"343\" height=\"152\" \/><\/a><\/p>\n<p>&nbsp;<\/p>\n<p><span class=\"brand\">Nega za ko\u017eo na prsih vsebuje dve glavni u\u010dinkovini:<br \/>\n<\/span><\/p>\n<\/div>\n<ul>\n<li>Kofein, ki pomaga pri izlo\u010danju ma\u0161\u010dob.<\/li>\n<li>Karnitin, ki pomaga pri izlo\u010danju ma\u0161\u010dobnih celic.<b><br \/>\n<\/b><\/li>\n<\/ul>\n<div class=\"std\">\n<p>Losjon je bil klini\u010dno testiran<\/p>\n<p>Teste je opravil neodvisni laboratorij v Franciji. Rezultati lahko odstopajo od posameznika do posameznika.<\/p>\n<p>Testi so potekali en mesec s skupino prostovoljk.<\/p>\n<p>Rezulteti testov so bili slede\u010di:<\/p>\n<ul>\n<li>Ko\u017ea je bila bolj napeta za <span class=\"score\">19%<\/span>,<\/li>\n<li>Elasti\u010dnost ko\u017ee seje pove\u010dala za <span class=\"score\">24,0%<\/span>,<\/li>\n<li>Bolj\u0161i tonus ko\u017ee za 43<span class=\"score\">%<\/span><\/li>\n<\/ul>\n<p>\u0160e ve\u010d, testi so pokazali, da v 15 minutah popravil videz ko\u017ee: bolj gladka je bila za <span class=\"score\">46% in zamnj\u0161ala se je globina gub za 46%.<\/span><\/p>\n<p>Prostovoljke so tudi opisale ob\u010dutke ob nanosu kreme:<\/p>\n<ul>\n<li>Ob nanosu so imele ob\u010dutek sve\u017eime 89%<\/li>\n<li>Krema ima prijetno teksturo 79%<\/li>\n<li>Krema ko\u017eo neguje, \u0161\u010diti in vlazi 58%<\/li>\n<li>Ko\u017ea postane bolj gladka 63%<\/li>\n<\/ul>\n<\/div>\n<\/div>\n<\/div>\n<div class=\"col\">\n<div class=\"panel directions\">\n<p class=\"title\"><strong>Navodila za uporabo<\/strong><\/p>\n<div class=\"std\">\n<p>Losjon ne\u017eno vmasirajte v ko\u017eo.<\/p>\n<p>\u010ce \u017eelite zmanj\u0161ati gube in na prsih in dekolteju, nanesite na ko\u017eo le ob\u010dasno.<\/p>\n<p>Z redno uporabo 1x na dan, bo ko\u017ea gladkej\u0161a, bolj napeta in elasti\u010dna.<\/p>\n<p>Ne uporabljajte ve\u010dkrat kot 1x na dan.<\/p>\n<p>Pazite, da ne zaide v o\u010di.<\/p>\n<p>&nbsp;<\/p>\n<\/div>\n<\/div>\n<div class=\"block incilist\">\n<p class=\"title\">Vsebina: sprej 100ml<\/p>\n<p class=\"title\">Porizvedeno v Franciji<\/p>\n<\/div>\n<div class=\"block attributes\">\n<h2 class=\"title\"><\/h2>\n<table id=\"product-attribute-specs-table\" class=\"data-table\">\n<colgroup>\n<col width=\"25%\" \/>\n<col \/> <\/colgroup>\n<tbody>\n<tr>\n<th class=\"label\">Pr\u00e9sentation<\/th>\n<td class=\"data\">1 x 100ml spray<\/td>\n<\/tr>\n<\/tbody>\n<\/table>\n<\/div>\n<\/div>\n","protected":false},"excerpt":{"rendered":"<p>Sprej za gladko in \u010dvrsto ko\u017eo na prsih in dekolteju. Nega za bolj pro\u017eno in lepo ko\u017eo na prsih in dekolteju, je namenjena hitremu u\u010dikovanju na predelih z ob\u010dutljivo ko\u017eo. Losjon je zasnovan tako, da se hitro vpije in u\u010dinkovine za\u010dnejo takoj delovati na ko\u017ei. Namen losjona je, da odstarni odve\u010dno vodo in toksine iz [&hellip;]<\/p>\n","protected":false},"featured_media":98534,"comment_status":"closed","ping_status":"closed","template":"","meta":{"_uag_custom_page_level_css":"","_monsterinsights_skip_tracking":false,"_monsterinsights_sitenote_active":false,"_monsterinsights_sitenote_note":"","_monsterinsights_sitenote_category":0,"site-sidebar-layout":"default","site-content-layout":"","ast-site-content-layout":"default","site-content-style":"default","site-sidebar-style":"default","ast-global-header-display":"","ast-banner-title-visibility":"","ast-main-header-display":"","ast-hfb-above-header-display":"","ast-hfb-below-header-display":"","ast-hfb-mobile-header-display":"","site-post-title":"","ast-breadcrumbs-content":"","ast-featured-img":"","footer-sml-layout":"","ast-disable-related-posts":"","theme-transparent-header-meta":"","adv-header-id-meta":"","stick-header-meta":"","header-above-stick-meta":"","header-main-stick-meta":"","header-below-stick-meta":"","astra-migrate-meta-layouts":"default","ast-page-background-enabled":"default","ast-page-background-meta":{"desktop":{"background-color":"var(--ast-global-color-4)","background-image":"","background-repeat":"repeat","background-position":"center center","background-size":"auto","background-attachment":"scroll","background-type":"","background-media":"","overlay-type":"","overlay-color":"","overlay-opacity":"","overlay-gradient":""},"tablet":{"background-color":"","background-image":"","background-repeat":"repeat","background-position":"center center","background-size":"auto","background-attachment":"scroll","background-type":"","background-media":"","overlay-type":"","overlay-color":"","overlay-opacity":"","overlay-gradient":""},"mobile":{"background-color":"","background-image":"","background-repeat":"repeat","background-position":"center center","background-size":"auto","background-attachment":"scroll","background-type":"","background-media":"","overlay-type":"","overlay-color":"","overlay-opacity":"","overlay-gradient":""}},"ast-content-background-meta":{"desktop":{"background-color":"var(--ast-global-color-5)","background-image":"","background-repeat":"repeat","background-position":"center center","background-size":"auto","background-attachment":"scroll","background-type":"","background-media":"","overlay-type":"","overlay-color":"","overlay-opacity":"","overlay-gradient":""},"tablet":{"background-color":"var(--ast-global-color-5)","background-image":"","background-repeat":"repeat","background-position":"center center","background-size":"auto","background-attachment":"scroll","background-type":"","background-media":"","overlay-type":"","overlay-color":"","overlay-opacity":"","overlay-gradient":""},"mobile":{"background-color":"var(--ast-global-color-5)","background-image":"","background-repeat":"repeat","background-position":"center center","background-size":"auto","background-attachment":"scroll","background-type":"","background-media":"","overlay-type":"","overlay-color":"","overlay-opacity":"","overlay-gradient":""}}},"product_brand":[],"product_cat":[33],"product_tag":[],"class_list":{"0":"post-98533","1":"product","2":"type-product","3":"status-publish","4":"has-post-thumbnail","6":"product_cat-oblikovanje-postave","7":"desktop-align-left","8":"tablet-align-left","9":"mobile-align-left","10":"ast-product-gallery-layout-first-image-large","11":"ast-product-gallery-with-no-image","12":"ast-magnify-disabled","13":"ast-product-tabs-layout-horizontal","15":"first","16":"instock","17":"taxable","18":"shipping-taxable","19":"purchasable","20":"product-type-simple"},"yoast_head":"<!-- This site is optimized with the Yoast SEO plugin v26.9 - https:\/\/yoast.com\/product\/yoast-seo-wordpress\/ -->\n<title>Losjon v spreju za lep\u0161e prsi - takoj\u0161en u\u010dinek - Belle.si kozmeti\u010dna trgovina<\/title>\n<meta name=\"robots\" content=\"index, follow, max-snippet:-1, max-image-preview:large, max-video-preview:-1\" \/>\n<link rel=\"canonical\" href=\"https:\/\/www.belle.si\/it\/izdelek\/losjon-v-spreju-za-takojsen-ucinek-za-prsi\/\" \/>\n<meta property=\"og:locale\" content=\"it_IT\" \/>\n<meta property=\"og:type\" content=\"article\" \/>\n<meta property=\"og:title\" content=\"Losjon v spreju za lep\u0161e prsi - takoj\u0161en u\u010dinek - Belle.si kozmeti\u010dna trgovina\" \/>\n<meta property=\"og:description\" content=\"Sprej za gladko in \u010dvrsto ko\u017eo na prsih in dekolteju. Nega za bolj pro\u017eno in lepo ko\u017eo na prsih in dekolteju, je namenjena hitremu u\u010dikovanju na predelih z ob\u010dutljivo ko\u017eo. Losjon je zasnovan tako, da se hitro vpije in u\u010dinkovine za\u010dnejo takoj delovati na ko\u017ei. Namen losjona je, da odstarni odve\u010dno vodo in toksine iz [&hellip;]\" \/>\n<meta property=\"og:url\" content=\"https:\/\/www.belle.si\/it\/izdelek\/losjon-v-spreju-za-takojsen-ucinek-za-prsi\/\" \/>\n<meta property=\"og:site_name\" content=\"Belle.si kozmeti\u010dna trgovina\" \/>\n<meta property=\"article:publisher\" content=\"https:\/\/www.facebook.com\/belle.si.cosmetics\/\" \/>\n<meta property=\"article:modified_time\" content=\"2022-10-19T09:07:47+00:00\" \/>\n<meta property=\"og:image\" content=\"https:\/\/www.belle.si\/wp-content\/uploads\/2022\/10\/losjon_sprej_ucinek_za_prsi.png\" \/>\n\t<meta property=\"og:image:width\" content=\"1000\" \/>\n\t<meta property=\"og:image:height\" content=\"1000\" \/>\n\t<meta property=\"og:image:type\" content=\"image\/png\" \/>\n<meta name=\"twitter:card\" content=\"summary_large_image\" \/>\n<meta name=\"twitter:label1\" content=\"Tempo di lettura stimato\" \/>\n\t<meta name=\"twitter:data1\" content=\"1 minuto\" \/>\n<script type=\"application\/ld+json\" class=\"yoast-schema-graph\">{\"@context\":\"https:\/\/schema.org\",\"@graph\":[{\"@type\":\"WebPage\",\"@id\":\"https:\/\/www.belle.si\/it\/izdelek\/losjon-v-spreju-za-takojsen-ucinek-za-prsi\/\",\"url\":\"https:\/\/www.belle.si\/it\/izdelek\/losjon-v-spreju-za-takojsen-ucinek-za-prsi\/\",\"name\":\"Losjon v spreju za lep\u0161e prsi - takoj\u0161en u\u010dinek - Belle.si kozmeti\u010dna trgovina\",\"isPartOf\":{\"@id\":\"https:\/\/www.belle.si\/it\/#website\"},\"primaryImageOfPage\":{\"@id\":\"https:\/\/www.belle.si\/it\/izdelek\/losjon-v-spreju-za-takojsen-ucinek-za-prsi\/#primaryimage\"},\"image\":{\"@id\":\"https:\/\/www.belle.si\/it\/izdelek\/losjon-v-spreju-za-takojsen-ucinek-za-prsi\/#primaryimage\"},\"thumbnailUrl\":\"https:\/\/www.belle.si\/wp-content\/uploads\/2022\/10\/losjon_sprej_ucinek_za_prsi.png\",\"datePublished\":\"2020-07-08T13:54:13+00:00\",\"dateModified\":\"2022-10-19T09:07:47+00:00\",\"breadcrumb\":{\"@id\":\"https:\/\/www.belle.si\/it\/izdelek\/losjon-v-spreju-za-takojsen-ucinek-za-prsi\/#breadcrumb\"},\"inLanguage\":\"it-IT\",\"potentialAction\":[{\"@type\":\"ReadAction\",\"target\":[\"https:\/\/www.belle.si\/it\/izdelek\/losjon-v-spreju-za-takojsen-ucinek-za-prsi\/\"]}]},{\"@type\":\"ImageObject\",\"inLanguage\":\"it-IT\",\"@id\":\"https:\/\/www.belle.si\/it\/izdelek\/losjon-v-spreju-za-takojsen-ucinek-za-prsi\/#primaryimage\",\"url\":\"https:\/\/www.belle.si\/wp-content\/uploads\/2022\/10\/losjon_sprej_ucinek_za_prsi.png\",\"contentUrl\":\"https:\/\/www.belle.si\/wp-content\/uploads\/2022\/10\/losjon_sprej_ucinek_za_prsi.png\",\"width\":1000,\"height\":1000,\"caption\":\"Losjon za takoj\u0161en u\u010dinek za prsi\"},{\"@type\":\"BreadcrumbList\",\"@id\":\"https:\/\/www.belle.si\/it\/izdelek\/losjon-v-spreju-za-takojsen-ucinek-za-prsi\/#breadcrumb\",\"itemListElement\":[{\"@type\":\"ListItem\",\"position\":1,\"name\":\"Home\",\"item\":\"https:\/\/www.belle.si\/it\/\"},{\"@type\":\"ListItem\",\"position\":2,\"name\":\"Trgovina\",\"item\":\"https:\/\/www.belle.si\/trgovina\/\"},{\"@type\":\"ListItem\",\"position\":3,\"name\":\"Losjon v spreju za lep\u0161e prsi &#8211; takoj\u0161en u\u010dinek\"}]},{\"@type\":\"WebSite\",\"@id\":\"https:\/\/www.belle.si\/it\/#website\",\"url\":\"https:\/\/www.belle.si\/it\/\",\"name\":\"Belle.si kozmeti\u010dna trgovina\",\"description\":\"\",\"publisher\":{\"@id\":\"https:\/\/www.belle.si\/it\/#organization\"},\"potentialAction\":[{\"@type\":\"SearchAction\",\"target\":{\"@type\":\"EntryPoint\",\"urlTemplate\":\"https:\/\/www.belle.si\/it\/?s={search_term_string}\"},\"query-input\":{\"@type\":\"PropertyValueSpecification\",\"valueRequired\":true,\"valueName\":\"search_term_string\"}}],\"inLanguage\":\"it-IT\"},{\"@type\":\"Organization\",\"@id\":\"https:\/\/www.belle.si\/it\/#organization\",\"name\":\"Belle.si kozmeti\u010dna trgovina\",\"url\":\"https:\/\/www.belle.si\/it\/\",\"logo\":{\"@type\":\"ImageObject\",\"inLanguage\":\"it-IT\",\"@id\":\"https:\/\/www.belle.si\/it\/#\/schema\/logo\/image\/\",\"url\":\"https:\/\/www.belle.si\/wp-content\/uploads\/2022\/10\/cropped-logo_belle_trgovina.png\",\"contentUrl\":\"https:\/\/www.belle.si\/wp-content\/uploads\/2022\/10\/cropped-logo_belle_trgovina.png\",\"width\":270,\"height\":135,\"caption\":\"Belle.si kozmeti\u010dna trgovina\"},\"image\":{\"@id\":\"https:\/\/www.belle.si\/it\/#\/schema\/logo\/image\/\"},\"sameAs\":[\"https:\/\/www.facebook.com\/belle.si.cosmetics\/\",\"https:\/\/www.instagram.com\/belle.si.cosmetics\/\"]}]}<\/script>\n<!-- \/ Yoast SEO plugin. -->","yoast_head_json":{"title":"Losjon v spreju za lep\u0161e prsi - takoj\u0161en u\u010dinek - Belle.si kozmeti\u010dna trgovina","robots":{"index":"index","follow":"follow","max-snippet":"max-snippet:-1","max-image-preview":"max-image-preview:large","max-video-preview":"max-video-preview:-1"},"canonical":"https:\/\/www.belle.si\/it\/izdelek\/losjon-v-spreju-za-takojsen-ucinek-za-prsi\/","og_locale":"it_IT","og_type":"article","og_title":"Losjon v spreju za lep\u0161e prsi - takoj\u0161en u\u010dinek - Belle.si kozmeti\u010dna trgovina","og_description":"Sprej za gladko in \u010dvrsto ko\u017eo na prsih in dekolteju. Nega za bolj pro\u017eno in lepo ko\u017eo na prsih in dekolteju, je namenjena hitremu u\u010dikovanju na predelih z ob\u010dutljivo ko\u017eo. Losjon je zasnovan tako, da se hitro vpije in u\u010dinkovine za\u010dnejo takoj delovati na ko\u017ei. Namen losjona je, da odstarni odve\u010dno vodo in toksine iz [&hellip;]","og_url":"https:\/\/www.belle.si\/it\/izdelek\/losjon-v-spreju-za-takojsen-ucinek-za-prsi\/","og_site_name":"Belle.si kozmeti\u010dna trgovina","article_publisher":"https:\/\/www.facebook.com\/belle.si.cosmetics\/","article_modified_time":"2022-10-19T09:07:47+00:00","og_image":[{"width":1000,"height":1000,"url":"https:\/\/www.belle.si\/wp-content\/uploads\/2022\/10\/losjon_sprej_ucinek_za_prsi.png","type":"image\/png"}],"twitter_card":"summary_large_image","twitter_misc":{"Tempo di lettura stimato":"1 minuto"},"schema":{"@context":"https:\/\/schema.org","@graph":[{"@type":"WebPage","@id":"https:\/\/www.belle.si\/it\/izdelek\/losjon-v-spreju-za-takojsen-ucinek-za-prsi\/","url":"https:\/\/www.belle.si\/it\/izdelek\/losjon-v-spreju-za-takojsen-ucinek-za-prsi\/","name":"Losjon v spreju za lep\u0161e prsi - takoj\u0161en u\u010dinek - Belle.si kozmeti\u010dna trgovina","isPartOf":{"@id":"https:\/\/www.belle.si\/it\/#website"},"primaryImageOfPage":{"@id":"https:\/\/www.belle.si\/it\/izdelek\/losjon-v-spreju-za-takojsen-ucinek-za-prsi\/#primaryimage"},"image":{"@id":"https:\/\/www.belle.si\/it\/izdelek\/losjon-v-spreju-za-takojsen-ucinek-za-prsi\/#primaryimage"},"thumbnailUrl":"https:\/\/www.belle.si\/wp-content\/uploads\/2022\/10\/losjon_sprej_ucinek_za_prsi.png","datePublished":"2020-07-08T13:54:13+00:00","dateModified":"2022-10-19T09:07:47+00:00","breadcrumb":{"@id":"https:\/\/www.belle.si\/it\/izdelek\/losjon-v-spreju-za-takojsen-ucinek-za-prsi\/#breadcrumb"},"inLanguage":"it-IT","potentialAction":[{"@type":"ReadAction","target":["https:\/\/www.belle.si\/it\/izdelek\/losjon-v-spreju-za-takojsen-ucinek-za-prsi\/"]}]},{"@type":"ImageObject","inLanguage":"it-IT","@id":"https:\/\/www.belle.si\/it\/izdelek\/losjon-v-spreju-za-takojsen-ucinek-za-prsi\/#primaryimage","url":"https:\/\/www.belle.si\/wp-content\/uploads\/2022\/10\/losjon_sprej_ucinek_za_prsi.png","contentUrl":"https:\/\/www.belle.si\/wp-content\/uploads\/2022\/10\/losjon_sprej_ucinek_za_prsi.png","width":1000,"height":1000,"caption":"Losjon za takoj\u0161en u\u010dinek za prsi"},{"@type":"BreadcrumbList","@id":"https:\/\/www.belle.si\/it\/izdelek\/losjon-v-spreju-za-takojsen-ucinek-za-prsi\/#breadcrumb","itemListElement":[{"@type":"ListItem","position":1,"name":"Home","item":"https:\/\/www.belle.si\/it\/"},{"@type":"ListItem","position":2,"name":"Trgovina","item":"https:\/\/www.belle.si\/trgovina\/"},{"@type":"ListItem","position":3,"name":"Losjon v spreju za lep\u0161e prsi &#8211; takoj\u0161en u\u010dinek"}]},{"@type":"WebSite","@id":"https:\/\/www.belle.si\/it\/#website","url":"https:\/\/www.belle.si\/it\/","name":"Belle.si kozmeti\u010dna trgovina","description":"","publisher":{"@id":"https:\/\/www.belle.si\/it\/#organization"},"potentialAction":[{"@type":"SearchAction","target":{"@type":"EntryPoint","urlTemplate":"https:\/\/www.belle.si\/it\/?s={search_term_string}"},"query-input":{"@type":"PropertyValueSpecification","valueRequired":true,"valueName":"search_term_string"}}],"inLanguage":"it-IT"},{"@type":"Organization","@id":"https:\/\/www.belle.si\/it\/#organization","name":"Belle.si kozmeti\u010dna trgovina","url":"https:\/\/www.belle.si\/it\/","logo":{"@type":"ImageObject","inLanguage":"it-IT","@id":"https:\/\/www.belle.si\/it\/#\/schema\/logo\/image\/","url":"https:\/\/www.belle.si\/wp-content\/uploads\/2022\/10\/cropped-logo_belle_trgovina.png","contentUrl":"https:\/\/www.belle.si\/wp-content\/uploads\/2022\/10\/cropped-logo_belle_trgovina.png","width":270,"height":135,"caption":"Belle.si kozmeti\u010dna trgovina"},"image":{"@id":"https:\/\/www.belle.si\/it\/#\/schema\/logo\/image\/"},"sameAs":["https:\/\/www.facebook.com\/belle.si.cosmetics\/","https:\/\/www.instagram.com\/belle.si.cosmetics\/"]}]}},"uagb_featured_image_src":{"full":["https:\/\/www.belle.si\/wp-content\/uploads\/2022\/10\/losjon_sprej_ucinek_za_prsi.png",1000,1000,false],"thumbnail":["https:\/\/www.belle.si\/wp-content\/uploads\/2022\/10\/losjon_sprej_ucinek_za_prsi-150x150.png",150,150,true],"medium":["https:\/\/www.belle.si\/wp-content\/uploads\/2022\/10\/losjon_sprej_ucinek_za_prsi-300x300.png",300,300,true],"medium_large":["https:\/\/www.belle.si\/wp-content\/uploads\/2022\/10\/losjon_sprej_ucinek_za_prsi-768x768.png",768,768,true],"large":["https:\/\/www.belle.si\/wp-content\/uploads\/2022\/10\/losjon_sprej_ucinek_za_prsi.png",1000,1000,false],"1536x1536":["https:\/\/www.belle.si\/wp-content\/uploads\/2022\/10\/losjon_sprej_ucinek_za_prsi.png",1000,1000,false],"2048x2048":["https:\/\/www.belle.si\/wp-content\/uploads\/2022\/10\/losjon_sprej_ucinek_za_prsi.png",1000,1000,false],"mailpoet_newsletter_max":["https:\/\/www.belle.si\/wp-content\/uploads\/2022\/10\/losjon_sprej_ucinek_za_prsi.png",1000,1000,false],"woocommerce_thumbnail":["https:\/\/www.belle.si\/wp-content\/uploads\/2022\/10\/losjon_sprej_ucinek_za_prsi-300x300.png",300,300,true],"woocommerce_single":["https:\/\/www.belle.si\/wp-content\/uploads\/2022\/10\/losjon_sprej_ucinek_za_prsi-600x600.png",600,600,true],"woocommerce_gallery_thumbnail":["https:\/\/www.belle.si\/wp-content\/uploads\/2022\/10\/losjon_sprej_ucinek_za_prsi-100x100.png",100,100,true]},"uagb_author_info":{"display_name":"taja","author_link":"https:\/\/www.belle.si\/it\/author\/"},"uagb_comment_info":0,"uagb_excerpt":"Sprej za gladko in \u010dvrsto ko\u017eo na prsih in dekolteju. Nega za bolj pro\u017eno in lepo ko\u017eo na prsih in dekolteju, je namenjena hitremu u\u010dikovanju na predelih z ob\u010dutljivo ko\u017eo. Losjon je zasnovan tako, da se hitro vpije in u\u010dinkovine za\u010dnejo takoj delovati na ko\u017ei. Namen losjona je, da odstarni odve\u010dno vodo in toksine iz&hellip;","_links":{"self":[{"href":"https:\/\/www.belle.si\/it\/wp-json\/wp\/v2\/product\/98533","targetHints":{"allow":["GET"]}}],"collection":[{"href":"https:\/\/www.belle.si\/it\/wp-json\/wp\/v2\/product"}],"about":[{"href":"https:\/\/www.belle.si\/it\/wp-json\/wp\/v2\/types\/product"}],"replies":[{"embeddable":true,"href":"https:\/\/www.belle.si\/it\/wp-json\/wp\/v2\/comments?post=98533"}],"wp:featuredmedia":[{"embeddable":true,"href":"https:\/\/www.belle.si\/it\/wp-json\/wp\/v2\/media\/98534"}],"wp:attachment":[{"href":"https:\/\/www.belle.si\/it\/wp-json\/wp\/v2\/media?parent=98533"}],"wp:term":[{"taxonomy":"product_brand","embeddable":true,"href":"https:\/\/www.belle.si\/it\/wp-json\/wp\/v2\/product_brand?post=98533"},{"taxonomy":"product_cat","embeddable":true,"href":"https:\/\/www.belle.si\/it\/wp-json\/wp\/v2\/product_cat?post=98533"},{"taxonomy":"product_tag","embeddable":true,"href":"https:\/\/www.belle.si\/it\/wp-json\/wp\/v2\/product_tag?post=98533"}],"curies":[{"name":"wp","href":"https:\/\/api.w.org\/{rel}","templated":true}]}}