{"id":98531,"date":"2020-06-29T23:51:53","date_gmt":"2020-06-29T23:51:53","guid":{"rendered":"https:\/\/belle.zabica.org\/?post_type=product&#038;p=98531"},"modified":"2022-10-19T09:07:46","modified_gmt":"2022-10-19T09:07:46","slug":"losjon-za-lepse-in-vecje-prsi","status":"publish","type":"product","link":"https:\/\/www.belle.si\/it\/izdelek\/losjon-za-lepse-in-vecje-prsi\/","title":{"rendered":"Losjon za lep\u0161e in ve\u010dje prsi"},"content":{"rendered":"<div class=\"col\">\n<div class=\"panel description\">\n<h2>Losjon za prsi <span class=\"brand\">BUST OF THE STARS<\/span><\/h2>\n<div class=\"std\">Losjon, ki pomaga pri oblikovanju prsi, pove\u010danju volumna in izbolj\u0161avi tonusa ko\u017ee.<br \/>\n<span class=\"brand\">BUST OF THE STARS<\/span> vsebuje zelo hranljiv kompleks, ki stimulira metabolizem tkiva in pove\u010da celi\u010dno dihanje. Losjon pove\u010da tudi koli\u010dino peptidov- molekul, ki vsebujejo veliko proteinov iz katerih nastajata kolagen in elastin.Oba pomagata pri pove\u010danju volumna prsi s tem, da napneta in oja\u010data \u010dvrstost ko\u017ee.<\/div>\n<div><\/div>\n<div class=\"std\"><strong>Kolagen<\/strong> je naravno prisoten protein v ve\u010dini tkiv v telesu. Tkivu zagotavlja \u010dvrstost in kompaktost.<\/div>\n<div class=\"std\">\n<p><strong>Elastin<\/strong> je prav tako naraven protein, ki se nahaja v veznih tkivih in zagotavlja, da se po raztegovanju ali kr\u010denju, tkivo spet vrne v osnovno obliko.Glavna vloge elastina je vzdr\u017eevanje elasti\u010dnosti ko\u017ee.<\/p>\n<p><strong>Losjon za ve\u010dje prsi je bil klini\u010dno testiran.<\/strong><\/p>\n<p class=\"testprotocol\">Teste so izvedle porostovoljke stare med\u00a0 33 in 50 let.<\/p>\n<p class=\"testprotocol\">Losjon so prostovoljke uporabljale 30 dni in nato ocenile rezultate.<\/p>\n<p>Rezultati pri uporabi losjona za prsi so pokazali slede\u010de:<\/p>\n<ul>\n<li>Rast celic se je pove\u010dala za <span class=\"score\">77%<\/span><\/li>\n<li>Ko\u017ea na prsih se je napela pri <span class=\"score\">18%<\/span>,<\/li>\n<li>Prsi so se pove\u010dale za <span class=\"score\">13%<\/span><\/li>\n<\/ul>\n<\/div>\n<\/div>\n<\/div>\n<div class=\"col\">\n<div class=\"panel directions\">\n<p>&nbsp;<\/p>\n<p class=\"title\"><strong>Navodila za uporabo<\/strong><\/p>\n<div class=\"std\">\n<p>Losjon za prsi nanestite zjutraj ali zve\u010der.<\/p>\n<p>Ne\u017eno vmasirajte, da se losjon popolnoma vpije v ko\u017eo.<\/p>\n<p>Prepre\u010dite stik z o\u010dmi.<\/p>\n<p>&nbsp;<\/p>\n<\/div>\n<p>Vsebina: losjon 100ml<\/p>\n<p>Proizvedeno v Franciji<\/p>\n<p>&nbsp;<\/p>\n<\/div>\n<div class=\"block incilist\">\n<p>&nbsp;<\/p>\n<\/div>\n<\/div>\n","protected":false},"excerpt":{"rendered":"<p>Losjon za prsi BUST OF THE STARS Losjon, ki pomaga pri oblikovanju prsi, pove\u010danju volumna in izbolj\u0161avi tonusa ko\u017ee. BUST OF THE STARS vsebuje zelo hranljiv kompleks, ki stimulira metabolizem tkiva in pove\u010da celi\u010dno dihanje. Losjon pove\u010da tudi koli\u010dino peptidov- molekul, ki vsebujejo veliko proteinov iz katerih nastajata kolagen in elastin.Oba pomagata pri pove\u010danju volumna [&hellip;]<\/p>\n","protected":false},"featured_media":98532,"comment_status":"closed","ping_status":"closed","template":"","meta":{"_uag_custom_page_level_css":"","_monsterinsights_skip_tracking":false,"_monsterinsights_sitenote_active":false,"_monsterinsights_sitenote_note":"","_monsterinsights_sitenote_category":0,"site-sidebar-layout":"default","site-content-layout":"","ast-site-content-layout":"default","site-content-style":"default","site-sidebar-style":"default","ast-global-header-display":"","ast-banner-title-visibility":"","ast-main-header-display":"","ast-hfb-above-header-display":"","ast-hfb-below-header-display":"","ast-hfb-mobile-header-display":"","site-post-title":"","ast-breadcrumbs-content":"","ast-featured-img":"","footer-sml-layout":"","ast-disable-related-posts":"","theme-transparent-header-meta":"","adv-header-id-meta":"","stick-header-meta":"","header-above-stick-meta":"","header-main-stick-meta":"","header-below-stick-meta":"","astra-migrate-meta-layouts":"default","ast-page-background-enabled":"default","ast-page-background-meta":{"desktop":{"background-color":"var(--ast-global-color-4)","background-image":"","background-repeat":"repeat","background-position":"center center","background-size":"auto","background-attachment":"scroll","background-type":"","background-media":"","overlay-type":"","overlay-color":"","overlay-opacity":"","overlay-gradient":""},"tablet":{"background-color":"","background-image":"","background-repeat":"repeat","background-position":"center center","background-size":"auto","background-attachment":"scroll","background-type":"","background-media":"","overlay-type":"","overlay-color":"","overlay-opacity":"","overlay-gradient":""},"mobile":{"background-color":"","background-image":"","background-repeat":"repeat","background-position":"center center","background-size":"auto","background-attachment":"scroll","background-type":"","background-media":"","overlay-type":"","overlay-color":"","overlay-opacity":"","overlay-gradient":""}},"ast-content-background-meta":{"desktop":{"background-color":"var(--ast-global-color-5)","background-image":"","background-repeat":"repeat","background-position":"center center","background-size":"auto","background-attachment":"scroll","background-type":"","background-media":"","overlay-type":"","overlay-color":"","overlay-opacity":"","overlay-gradient":""},"tablet":{"background-color":"var(--ast-global-color-5)","background-image":"","background-repeat":"repeat","background-position":"center center","background-size":"auto","background-attachment":"scroll","background-type":"","background-media":"","overlay-type":"","overlay-color":"","overlay-opacity":"","overlay-gradient":""},"mobile":{"background-color":"var(--ast-global-color-5)","background-image":"","background-repeat":"repeat","background-position":"center center","background-size":"auto","background-attachment":"scroll","background-type":"","background-media":"","overlay-type":"","overlay-color":"","overlay-opacity":"","overlay-gradient":""}}},"product_brand":[],"product_cat":[33],"product_tag":[],"class_list":{"0":"post-98531","1":"product","2":"type-product","3":"status-publish","4":"has-post-thumbnail","6":"product_cat-oblikovanje-postave","7":"desktop-align-left","8":"tablet-align-left","9":"mobile-align-left","10":"ast-product-gallery-layout-first-image-large","11":"ast-product-gallery-with-no-image","12":"ast-magnify-disabled","13":"ast-product-tabs-layout-horizontal","15":"first","16":"instock","17":"taxable","18":"shipping-taxable","19":"purchasable","20":"product-type-simple"},"yoast_head":"<!-- This site is optimized with the Yoast SEO plugin v26.9 - https:\/\/yoast.com\/product\/yoast-seo-wordpress\/ -->\n<title>Losjon za lep\u0161e in ve\u010dje prsi - Belle.si kozmeti\u010dna trgovina<\/title>\n<meta name=\"robots\" content=\"index, follow, max-snippet:-1, max-image-preview:large, max-video-preview:-1\" \/>\n<link rel=\"canonical\" href=\"https:\/\/www.belle.si\/it\/izdelek\/losjon-za-lepse-in-vecje-prsi\/\" \/>\n<meta property=\"og:locale\" content=\"it_IT\" \/>\n<meta property=\"og:type\" content=\"article\" \/>\n<meta property=\"og:title\" content=\"Losjon za lep\u0161e in ve\u010dje prsi - Belle.si kozmeti\u010dna trgovina\" \/>\n<meta property=\"og:description\" content=\"Losjon za prsi BUST OF THE STARS Losjon, ki pomaga pri oblikovanju prsi, pove\u010danju volumna in izbolj\u0161avi tonusa ko\u017ee. BUST OF THE STARS vsebuje zelo hranljiv kompleks, ki stimulira metabolizem tkiva in pove\u010da celi\u010dno dihanje. Losjon pove\u010da tudi koli\u010dino peptidov- molekul, ki vsebujejo veliko proteinov iz katerih nastajata kolagen in elastin.Oba pomagata pri pove\u010danju volumna [&hellip;]\" \/>\n<meta property=\"og:url\" content=\"https:\/\/www.belle.si\/it\/izdelek\/losjon-za-lepse-in-vecje-prsi\/\" \/>\n<meta property=\"og:site_name\" content=\"Belle.si kozmeti\u010dna trgovina\" \/>\n<meta property=\"article:publisher\" content=\"https:\/\/www.facebook.com\/belle.si.cosmetics\/\" \/>\n<meta property=\"article:modified_time\" content=\"2022-10-19T09:07:46+00:00\" \/>\n<meta property=\"og:image\" content=\"https:\/\/www.belle.si\/wp-content\/uploads\/2022\/10\/nega_prsi_dekolte_koza.png\" \/>\n\t<meta property=\"og:image:width\" content=\"1000\" \/>\n\t<meta property=\"og:image:height\" content=\"1000\" \/>\n\t<meta property=\"og:image:type\" content=\"image\/png\" \/>\n<meta name=\"twitter:card\" content=\"summary_large_image\" \/>\n<meta name=\"twitter:label1\" content=\"Tempo di lettura stimato\" \/>\n\t<meta name=\"twitter:data1\" content=\"1 minuto\" \/>\n<script type=\"application\/ld+json\" class=\"yoast-schema-graph\">{\"@context\":\"https:\/\/schema.org\",\"@graph\":[{\"@type\":\"WebPage\",\"@id\":\"https:\/\/www.belle.si\/it\/izdelek\/losjon-za-lepse-in-vecje-prsi\/\",\"url\":\"https:\/\/www.belle.si\/it\/izdelek\/losjon-za-lepse-in-vecje-prsi\/\",\"name\":\"Losjon za lep\u0161e in ve\u010dje prsi - Belle.si kozmeti\u010dna trgovina\",\"isPartOf\":{\"@id\":\"https:\/\/www.belle.si\/it\/#website\"},\"primaryImageOfPage\":{\"@id\":\"https:\/\/www.belle.si\/it\/izdelek\/losjon-za-lepse-in-vecje-prsi\/#primaryimage\"},\"image\":{\"@id\":\"https:\/\/www.belle.si\/it\/izdelek\/losjon-za-lepse-in-vecje-prsi\/#primaryimage\"},\"thumbnailUrl\":\"https:\/\/www.belle.si\/wp-content\/uploads\/2022\/10\/nega_prsi_dekolte_koza.png\",\"datePublished\":\"2020-06-29T23:51:53+00:00\",\"dateModified\":\"2022-10-19T09:07:46+00:00\",\"breadcrumb\":{\"@id\":\"https:\/\/www.belle.si\/it\/izdelek\/losjon-za-lepse-in-vecje-prsi\/#breadcrumb\"},\"inLanguage\":\"it-IT\",\"potentialAction\":[{\"@type\":\"ReadAction\",\"target\":[\"https:\/\/www.belle.si\/it\/izdelek\/losjon-za-lepse-in-vecje-prsi\/\"]}]},{\"@type\":\"ImageObject\",\"inLanguage\":\"it-IT\",\"@id\":\"https:\/\/www.belle.si\/it\/izdelek\/losjon-za-lepse-in-vecje-prsi\/#primaryimage\",\"url\":\"https:\/\/www.belle.si\/wp-content\/uploads\/2022\/10\/nega_prsi_dekolte_koza.png\",\"contentUrl\":\"https:\/\/www.belle.si\/wp-content\/uploads\/2022\/10\/nega_prsi_dekolte_koza.png\",\"width\":1000,\"height\":1000,\"caption\":\"Nega za ko\u017eo na prsih in na dekolteju\"},{\"@type\":\"BreadcrumbList\",\"@id\":\"https:\/\/www.belle.si\/it\/izdelek\/losjon-za-lepse-in-vecje-prsi\/#breadcrumb\",\"itemListElement\":[{\"@type\":\"ListItem\",\"position\":1,\"name\":\"Home\",\"item\":\"https:\/\/www.belle.si\/it\/\"},{\"@type\":\"ListItem\",\"position\":2,\"name\":\"Trgovina\",\"item\":\"https:\/\/www.belle.si\/trgovina\/\"},{\"@type\":\"ListItem\",\"position\":3,\"name\":\"Losjon za lep\u0161e in ve\u010dje prsi\"}]},{\"@type\":\"WebSite\",\"@id\":\"https:\/\/www.belle.si\/it\/#website\",\"url\":\"https:\/\/www.belle.si\/it\/\",\"name\":\"Belle.si kozmeti\u010dna trgovina\",\"description\":\"\",\"publisher\":{\"@id\":\"https:\/\/www.belle.si\/it\/#organization\"},\"potentialAction\":[{\"@type\":\"SearchAction\",\"target\":{\"@type\":\"EntryPoint\",\"urlTemplate\":\"https:\/\/www.belle.si\/it\/?s={search_term_string}\"},\"query-input\":{\"@type\":\"PropertyValueSpecification\",\"valueRequired\":true,\"valueName\":\"search_term_string\"}}],\"inLanguage\":\"it-IT\"},{\"@type\":\"Organization\",\"@id\":\"https:\/\/www.belle.si\/it\/#organization\",\"name\":\"Belle.si kozmeti\u010dna trgovina\",\"url\":\"https:\/\/www.belle.si\/it\/\",\"logo\":{\"@type\":\"ImageObject\",\"inLanguage\":\"it-IT\",\"@id\":\"https:\/\/www.belle.si\/it\/#\/schema\/logo\/image\/\",\"url\":\"https:\/\/www.belle.si\/wp-content\/uploads\/2022\/10\/cropped-logo_belle_trgovina.png\",\"contentUrl\":\"https:\/\/www.belle.si\/wp-content\/uploads\/2022\/10\/cropped-logo_belle_trgovina.png\",\"width\":270,\"height\":135,\"caption\":\"Belle.si kozmeti\u010dna trgovina\"},\"image\":{\"@id\":\"https:\/\/www.belle.si\/it\/#\/schema\/logo\/image\/\"},\"sameAs\":[\"https:\/\/www.facebook.com\/belle.si.cosmetics\/\",\"https:\/\/www.instagram.com\/belle.si.cosmetics\/\"]}]}<\/script>\n<!-- \/ Yoast SEO plugin. -->","yoast_head_json":{"title":"Losjon za lep\u0161e in ve\u010dje prsi - Belle.si kozmeti\u010dna trgovina","robots":{"index":"index","follow":"follow","max-snippet":"max-snippet:-1","max-image-preview":"max-image-preview:large","max-video-preview":"max-video-preview:-1"},"canonical":"https:\/\/www.belle.si\/it\/izdelek\/losjon-za-lepse-in-vecje-prsi\/","og_locale":"it_IT","og_type":"article","og_title":"Losjon za lep\u0161e in ve\u010dje prsi - Belle.si kozmeti\u010dna trgovina","og_description":"Losjon za prsi BUST OF THE STARS Losjon, ki pomaga pri oblikovanju prsi, pove\u010danju volumna in izbolj\u0161avi tonusa ko\u017ee. BUST OF THE STARS vsebuje zelo hranljiv kompleks, ki stimulira metabolizem tkiva in pove\u010da celi\u010dno dihanje. Losjon pove\u010da tudi koli\u010dino peptidov- molekul, ki vsebujejo veliko proteinov iz katerih nastajata kolagen in elastin.Oba pomagata pri pove\u010danju volumna [&hellip;]","og_url":"https:\/\/www.belle.si\/it\/izdelek\/losjon-za-lepse-in-vecje-prsi\/","og_site_name":"Belle.si kozmeti\u010dna trgovina","article_publisher":"https:\/\/www.facebook.com\/belle.si.cosmetics\/","article_modified_time":"2022-10-19T09:07:46+00:00","og_image":[{"width":1000,"height":1000,"url":"https:\/\/www.belle.si\/wp-content\/uploads\/2022\/10\/nega_prsi_dekolte_koza.png","type":"image\/png"}],"twitter_card":"summary_large_image","twitter_misc":{"Tempo di lettura stimato":"1 minuto"},"schema":{"@context":"https:\/\/schema.org","@graph":[{"@type":"WebPage","@id":"https:\/\/www.belle.si\/it\/izdelek\/losjon-za-lepse-in-vecje-prsi\/","url":"https:\/\/www.belle.si\/it\/izdelek\/losjon-za-lepse-in-vecje-prsi\/","name":"Losjon za lep\u0161e in ve\u010dje prsi - Belle.si kozmeti\u010dna trgovina","isPartOf":{"@id":"https:\/\/www.belle.si\/it\/#website"},"primaryImageOfPage":{"@id":"https:\/\/www.belle.si\/it\/izdelek\/losjon-za-lepse-in-vecje-prsi\/#primaryimage"},"image":{"@id":"https:\/\/www.belle.si\/it\/izdelek\/losjon-za-lepse-in-vecje-prsi\/#primaryimage"},"thumbnailUrl":"https:\/\/www.belle.si\/wp-content\/uploads\/2022\/10\/nega_prsi_dekolte_koza.png","datePublished":"2020-06-29T23:51:53+00:00","dateModified":"2022-10-19T09:07:46+00:00","breadcrumb":{"@id":"https:\/\/www.belle.si\/it\/izdelek\/losjon-za-lepse-in-vecje-prsi\/#breadcrumb"},"inLanguage":"it-IT","potentialAction":[{"@type":"ReadAction","target":["https:\/\/www.belle.si\/it\/izdelek\/losjon-za-lepse-in-vecje-prsi\/"]}]},{"@type":"ImageObject","inLanguage":"it-IT","@id":"https:\/\/www.belle.si\/it\/izdelek\/losjon-za-lepse-in-vecje-prsi\/#primaryimage","url":"https:\/\/www.belle.si\/wp-content\/uploads\/2022\/10\/nega_prsi_dekolte_koza.png","contentUrl":"https:\/\/www.belle.si\/wp-content\/uploads\/2022\/10\/nega_prsi_dekolte_koza.png","width":1000,"height":1000,"caption":"Nega za ko\u017eo na prsih in na dekolteju"},{"@type":"BreadcrumbList","@id":"https:\/\/www.belle.si\/it\/izdelek\/losjon-za-lepse-in-vecje-prsi\/#breadcrumb","itemListElement":[{"@type":"ListItem","position":1,"name":"Home","item":"https:\/\/www.belle.si\/it\/"},{"@type":"ListItem","position":2,"name":"Trgovina","item":"https:\/\/www.belle.si\/trgovina\/"},{"@type":"ListItem","position":3,"name":"Losjon za lep\u0161e in ve\u010dje prsi"}]},{"@type":"WebSite","@id":"https:\/\/www.belle.si\/it\/#website","url":"https:\/\/www.belle.si\/it\/","name":"Belle.si kozmeti\u010dna trgovina","description":"","publisher":{"@id":"https:\/\/www.belle.si\/it\/#organization"},"potentialAction":[{"@type":"SearchAction","target":{"@type":"EntryPoint","urlTemplate":"https:\/\/www.belle.si\/it\/?s={search_term_string}"},"query-input":{"@type":"PropertyValueSpecification","valueRequired":true,"valueName":"search_term_string"}}],"inLanguage":"it-IT"},{"@type":"Organization","@id":"https:\/\/www.belle.si\/it\/#organization","name":"Belle.si kozmeti\u010dna trgovina","url":"https:\/\/www.belle.si\/it\/","logo":{"@type":"ImageObject","inLanguage":"it-IT","@id":"https:\/\/www.belle.si\/it\/#\/schema\/logo\/image\/","url":"https:\/\/www.belle.si\/wp-content\/uploads\/2022\/10\/cropped-logo_belle_trgovina.png","contentUrl":"https:\/\/www.belle.si\/wp-content\/uploads\/2022\/10\/cropped-logo_belle_trgovina.png","width":270,"height":135,"caption":"Belle.si kozmeti\u010dna trgovina"},"image":{"@id":"https:\/\/www.belle.si\/it\/#\/schema\/logo\/image\/"},"sameAs":["https:\/\/www.facebook.com\/belle.si.cosmetics\/","https:\/\/www.instagram.com\/belle.si.cosmetics\/"]}]}},"uagb_featured_image_src":{"full":["https:\/\/www.belle.si\/wp-content\/uploads\/2022\/10\/nega_prsi_dekolte_koza.png",1000,1000,false],"thumbnail":["https:\/\/www.belle.si\/wp-content\/uploads\/2022\/10\/nega_prsi_dekolte_koza-150x150.png",150,150,true],"medium":["https:\/\/www.belle.si\/wp-content\/uploads\/2022\/10\/nega_prsi_dekolte_koza-300x300.png",300,300,true],"medium_large":["https:\/\/www.belle.si\/wp-content\/uploads\/2022\/10\/nega_prsi_dekolte_koza-768x768.png",768,768,true],"large":["https:\/\/www.belle.si\/wp-content\/uploads\/2022\/10\/nega_prsi_dekolte_koza.png",1000,1000,false],"1536x1536":["https:\/\/www.belle.si\/wp-content\/uploads\/2022\/10\/nega_prsi_dekolte_koza.png",1000,1000,false],"2048x2048":["https:\/\/www.belle.si\/wp-content\/uploads\/2022\/10\/nega_prsi_dekolte_koza.png",1000,1000,false],"mailpoet_newsletter_max":["https:\/\/www.belle.si\/wp-content\/uploads\/2022\/10\/nega_prsi_dekolte_koza.png",1000,1000,false],"woocommerce_thumbnail":["https:\/\/www.belle.si\/wp-content\/uploads\/2022\/10\/nega_prsi_dekolte_koza-300x300.png",300,300,true],"woocommerce_single":["https:\/\/www.belle.si\/wp-content\/uploads\/2022\/10\/nega_prsi_dekolte_koza-600x600.png",600,600,true],"woocommerce_gallery_thumbnail":["https:\/\/www.belle.si\/wp-content\/uploads\/2022\/10\/nega_prsi_dekolte_koza-100x100.png",100,100,true]},"uagb_author_info":{"display_name":"taja","author_link":"https:\/\/www.belle.si\/it\/author\/"},"uagb_comment_info":0,"uagb_excerpt":"Losjon za prsi BUST OF THE STARS Losjon, ki pomaga pri oblikovanju prsi, pove\u010danju volumna in izbolj\u0161avi tonusa ko\u017ee. BUST OF THE STARS vsebuje zelo hranljiv kompleks, ki stimulira metabolizem tkiva in pove\u010da celi\u010dno dihanje. Losjon pove\u010da tudi koli\u010dino peptidov- molekul, ki vsebujejo veliko proteinov iz katerih nastajata kolagen in elastin.Oba pomagata pri pove\u010danju volumna&hellip;","_links":{"self":[{"href":"https:\/\/www.belle.si\/it\/wp-json\/wp\/v2\/product\/98531","targetHints":{"allow":["GET"]}}],"collection":[{"href":"https:\/\/www.belle.si\/it\/wp-json\/wp\/v2\/product"}],"about":[{"href":"https:\/\/www.belle.si\/it\/wp-json\/wp\/v2\/types\/product"}],"replies":[{"embeddable":true,"href":"https:\/\/www.belle.si\/it\/wp-json\/wp\/v2\/comments?post=98531"}],"wp:featuredmedia":[{"embeddable":true,"href":"https:\/\/www.belle.si\/it\/wp-json\/wp\/v2\/media\/98532"}],"wp:attachment":[{"href":"https:\/\/www.belle.si\/it\/wp-json\/wp\/v2\/media?parent=98531"}],"wp:term":[{"taxonomy":"product_brand","embeddable":true,"href":"https:\/\/www.belle.si\/it\/wp-json\/wp\/v2\/product_brand?post=98531"},{"taxonomy":"product_cat","embeddable":true,"href":"https:\/\/www.belle.si\/it\/wp-json\/wp\/v2\/product_cat?post=98531"},{"taxonomy":"product_tag","embeddable":true,"href":"https:\/\/www.belle.si\/it\/wp-json\/wp\/v2\/product_tag?post=98531"}],"curies":[{"name":"wp","href":"https:\/\/api.w.org\/{rel}","templated":true}]}}