{"id":98529,"date":"2020-06-15T09:58:01","date_gmt":"2020-06-15T09:58:01","guid":{"rendered":"https:\/\/belle.zabica.org\/?post_type=product&#038;p=98529"},"modified":"2022-10-19T09:07:45","modified_gmt":"2022-10-19T09:07:45","slug":"flash-lift-instant-aplikator-proti-gubam-pod-ocmi","status":"publish","type":"product","link":"https:\/\/www.belle.si\/it\/izdelek\/flash-lift-instant-aplikator-proti-gubam-pod-ocmi\/","title":{"rendered":"Flash Lift &#8211; Instant aplikator proti gubam pod o\u010dmi"},"content":{"rendered":"<div class=\"panel description\">\n<div class=\"std\">\n<h2 style=\"text-align: center;\" align=\"center\"><a href=\"https:\/\/www.belle.si\/wp-content\/uploads\/2020\/06\/Flash_fift_proti_gubam.jpg\"><img fetchpriority=\"high\" decoding=\"async\" class=\"aligncenter size-full wp-image-98649\" src=\"https:\/\/www.belle.si\/wp-content\/uploads\/2020\/06\/Flash_fift_proti_gubam.jpg\" alt=\"Flash Lift aplikator za hipno brisanje gub pod o\u010dmi\" width=\"1100\" height=\"220\" \/><\/a><\/h2>\n<h2 style=\"text-align: left;\" align=\"center\">FLASH LIFT V TRENUTKU ZGLADI GUBE POD O\u010cMI.<\/h2>\n<\/div>\n<\/div>\n<div class=\"panel description\">\n<h3>Flash lift deluje v samo 3 sekundah in razlika je opazna ve\u010d ur.<\/h3>\n<\/div>\n<p><strong>\u00a0<\/strong><\/p>\n<ul>\n<li class=\"std\">U\u010dinek je viden takoj.<\/li>\n<li class=\"std\">Deluje 6 do 12 ur<\/li>\n<li class=\"std\">Na korektor lahko naneste svoja li\u010dila.<\/li>\n<li class=\"std\">Delovanje je usmerjeno na gube in smejalne gubice.<br \/>\nZaradi posebne oblike je aplikacija zelo natan\u010dna in krema deluje globoko v gubah, jih zgladi in zabri\u0161e, ko\u017eo pa napne in izena\u010di.<\/li>\n<\/ul>\n<h2><\/h2>\n<h2 class=\"subtitle\"><strong>S FLASH LIFT APLIKATORJEM GUBE TAKOJ IZGINEJO!<\/strong><\/h2>\n<h2><a href=\"https:\/\/www.belle.si\/wp-content\/uploads\/2020\/06\/Flash_Lift_proti_gubam_v_hipu.png\"><img decoding=\"async\" class=\"size-full wp-image-98650 alignnone\" src=\"https:\/\/www.belle.si\/wp-content\/uploads\/2020\/06\/Flash_Lift_proti_gubam_v_hipu.png\" alt=\"Flash Lift z aplikatorjem izbri\u0161e gube in smejalne \u010drte pod o\u010dmi\" width=\"229\" height=\"300\" \/><\/a><\/h2>\n<p class=\"subtitle\"><strong>Navodila za uporabo aplikatorja proti gubam<\/strong><\/p>\n<div class=\"std\">\n<p>Enkrat na dan nanesite na predel pod o\u010dmi, kjer se je naredilo najve\u010d gub in ko\u017ea deluje neenakomerna, nabuhla ali vdrta.<\/p>\n<p>Po nanosu korektorja lahko uporabite li\u010dila kot ste navajene.<\/p>\n<p>Konico aplikatorja uporabite tako, da s kremo pokrijete le podro\u010dje pod o\u010dmi.<\/p>\n<p>Pazite, da ne zaide v o\u010di.<\/p>\n<p>&nbsp;<\/p>\n<\/div>\n<figure id=\"attachment_98651\" aria-describedby=\"caption-attachment-98651\" style=\"width: 280px\" class=\"wp-caption alignnone\"><a href=\"https:\/\/www.belle.si\/wp-content\/uploads\/2020\/06\/Uporaba_flash_lift_proti_gubam.jpg\"><img decoding=\"async\" class=\"wp-image-98651\" src=\"https:\/\/www.belle.si\/wp-content\/uploads\/2020\/06\/Uporaba_flash_lift_proti_gubam.jpg\" alt=\"Flash Lift proti gubam pod o\u010dmi za natan\u010dno nana\u0161anje\" width=\"280\" height=\"221\" \/><\/a><figcaption id=\"caption-attachment-98651\" class=\"wp-caption-text\">Podro\u010dje pod o\u010dmi na tanko pokrijete s korektorjem, ki gube takoj zgladi.<\/figcaption><\/figure>\n<p>&nbsp;<\/p>\n<div class=\"std\">\n<p>Vsebina: 20ml<\/p>\n<p>Proizvedeno v Franciji<\/p>\n<\/div>\n<p>&nbsp;<\/p>\n","protected":false},"excerpt":{"rendered":"<p>FLASH LIFT V TRENUTKU ZGLADI GUBE POD O\u010cMI. Flash lift deluje v samo 3 sekundah in razlika je opazna ve\u010d ur. \u00a0 U\u010dinek je viden takoj. Deluje 6 do 12 ur Na korektor lahko naneste svoja li\u010dila. Delovanje je usmerjeno na gube in smejalne gubice. Zaradi posebne oblike je aplikacija zelo natan\u010dna in krema deluje [&hellip;]<\/p>\n","protected":false},"featured_media":98530,"comment_status":"closed","ping_status":"closed","template":"","meta":{"_uag_custom_page_level_css":"","_monsterinsights_skip_tracking":false,"_monsterinsights_sitenote_active":false,"_monsterinsights_sitenote_note":"","_monsterinsights_sitenote_category":0,"site-sidebar-layout":"default","site-content-layout":"","ast-site-content-layout":"default","site-content-style":"default","site-sidebar-style":"default","ast-global-header-display":"","ast-banner-title-visibility":"","ast-main-header-display":"","ast-hfb-above-header-display":"","ast-hfb-below-header-display":"","ast-hfb-mobile-header-display":"","site-post-title":"","ast-breadcrumbs-content":"","ast-featured-img":"","footer-sml-layout":"","ast-disable-related-posts":"","theme-transparent-header-meta":"","adv-header-id-meta":"","stick-header-meta":"","header-above-stick-meta":"","header-main-stick-meta":"","header-below-stick-meta":"","astra-migrate-meta-layouts":"default","ast-page-background-enabled":"default","ast-page-background-meta":{"desktop":{"background-color":"var(--ast-global-color-4)","background-image":"","background-repeat":"repeat","background-position":"center center","background-size":"auto","background-attachment":"scroll","background-type":"","background-media":"","overlay-type":"","overlay-color":"","overlay-opacity":"","overlay-gradient":""},"tablet":{"background-color":"","background-image":"","background-repeat":"repeat","background-position":"center center","background-size":"auto","background-attachment":"scroll","background-type":"","background-media":"","overlay-type":"","overlay-color":"","overlay-opacity":"","overlay-gradient":""},"mobile":{"background-color":"","background-image":"","background-repeat":"repeat","background-position":"center center","background-size":"auto","background-attachment":"scroll","background-type":"","background-media":"","overlay-type":"","overlay-color":"","overlay-opacity":"","overlay-gradient":""}},"ast-content-background-meta":{"desktop":{"background-color":"var(--ast-global-color-5)","background-image":"","background-repeat":"repeat","background-position":"center center","background-size":"auto","background-attachment":"scroll","background-type":"","background-media":"","overlay-type":"","overlay-color":"","overlay-opacity":"","overlay-gradient":""},"tablet":{"background-color":"var(--ast-global-color-5)","background-image":"","background-repeat":"repeat","background-position":"center center","background-size":"auto","background-attachment":"scroll","background-type":"","background-media":"","overlay-type":"","overlay-color":"","overlay-opacity":"","overlay-gradient":""},"mobile":{"background-color":"var(--ast-global-color-5)","background-image":"","background-repeat":"repeat","background-position":"center center","background-size":"auto","background-attachment":"scroll","background-type":"","background-media":"","overlay-type":"","overlay-color":"","overlay-opacity":"","overlay-gradient":""}}},"product_brand":[],"product_cat":[34],"product_tag":[41],"class_list":{"0":"post-98529","1":"product","2":"type-product","3":"status-publish","4":"has-post-thumbnail","6":"product_cat-izdelki-za-oci","7":"product_tag-darilni-paketi","8":"desktop-align-left","9":"tablet-align-left","10":"mobile-align-left","11":"ast-product-gallery-layout-first-image-large","12":"ast-product-gallery-with-no-image","13":"ast-magnify-disabled","14":"ast-product-tabs-layout-horizontal","16":"first","17":"instock","18":"taxable","19":"shipping-taxable","20":"purchasable","21":"product-type-simple"},"yoast_head":"<!-- This site is optimized with the Yoast SEO plugin v26.9 - https:\/\/yoast.com\/product\/yoast-seo-wordpress\/ -->\n<title>Flash Lift - Instant aplikator proti gubam pod o\u010dmi - Belle.si kozmeti\u010dna trgovina<\/title>\n<meta name=\"robots\" content=\"index, follow, max-snippet:-1, max-image-preview:large, max-video-preview:-1\" \/>\n<link rel=\"canonical\" href=\"https:\/\/www.belle.si\/it\/izdelek\/flash-lift-instant-aplikator-proti-gubam-pod-ocmi\/\" \/>\n<meta property=\"og:locale\" content=\"it_IT\" \/>\n<meta property=\"og:type\" content=\"article\" \/>\n<meta property=\"og:title\" content=\"Flash Lift - Instant aplikator proti gubam pod o\u010dmi - Belle.si kozmeti\u010dna trgovina\" \/>\n<meta property=\"og:description\" content=\"FLASH LIFT V TRENUTKU ZGLADI GUBE POD O\u010cMI. Flash lift deluje v samo 3 sekundah in razlika je opazna ve\u010d ur. \u00a0 U\u010dinek je viden takoj. Deluje 6 do 12 ur Na korektor lahko naneste svoja li\u010dila. Delovanje je usmerjeno na gube in smejalne gubice. Zaradi posebne oblike je aplikacija zelo natan\u010dna in krema deluje [&hellip;]\" \/>\n<meta property=\"og:url\" content=\"https:\/\/www.belle.si\/it\/izdelek\/flash-lift-instant-aplikator-proti-gubam-pod-ocmi\/\" \/>\n<meta property=\"og:site_name\" content=\"Belle.si kozmeti\u010dna trgovina\" \/>\n<meta property=\"article:publisher\" content=\"https:\/\/www.facebook.com\/belle.si.cosmetics\/\" \/>\n<meta property=\"article:modified_time\" content=\"2022-10-19T09:07:45+00:00\" \/>\n<meta property=\"og:image\" content=\"https:\/\/www.belle.si\/wp-content\/uploads\/2022\/10\/flash_lift_pod_ocmi.png\" \/>\n\t<meta property=\"og:image:width\" content=\"800\" \/>\n\t<meta property=\"og:image:height\" content=\"800\" \/>\n\t<meta property=\"og:image:type\" content=\"image\/png\" \/>\n<meta name=\"twitter:card\" content=\"summary_large_image\" \/>\n<meta name=\"twitter:label1\" content=\"Tempo di lettura stimato\" \/>\n\t<meta name=\"twitter:data1\" content=\"1 minuto\" \/>\n<script type=\"application\/ld+json\" class=\"yoast-schema-graph\">{\"@context\":\"https:\/\/schema.org\",\"@graph\":[{\"@type\":\"WebPage\",\"@id\":\"https:\/\/www.belle.si\/it\/izdelek\/flash-lift-instant-aplikator-proti-gubam-pod-ocmi\/\",\"url\":\"https:\/\/www.belle.si\/it\/izdelek\/flash-lift-instant-aplikator-proti-gubam-pod-ocmi\/\",\"name\":\"Flash Lift - Instant aplikator proti gubam pod o\u010dmi - Belle.si kozmeti\u010dna trgovina\",\"isPartOf\":{\"@id\":\"https:\/\/www.belle.si\/it\/#website\"},\"primaryImageOfPage\":{\"@id\":\"https:\/\/www.belle.si\/it\/izdelek\/flash-lift-instant-aplikator-proti-gubam-pod-ocmi\/#primaryimage\"},\"image\":{\"@id\":\"https:\/\/www.belle.si\/it\/izdelek\/flash-lift-instant-aplikator-proti-gubam-pod-ocmi\/#primaryimage\"},\"thumbnailUrl\":\"https:\/\/www.belle.si\/wp-content\/uploads\/2022\/10\/flash_lift_pod_ocmi.png\",\"datePublished\":\"2020-06-15T09:58:01+00:00\",\"dateModified\":\"2022-10-19T09:07:45+00:00\",\"breadcrumb\":{\"@id\":\"https:\/\/www.belle.si\/it\/izdelek\/flash-lift-instant-aplikator-proti-gubam-pod-ocmi\/#breadcrumb\"},\"inLanguage\":\"it-IT\",\"potentialAction\":[{\"@type\":\"ReadAction\",\"target\":[\"https:\/\/www.belle.si\/it\/izdelek\/flash-lift-instant-aplikator-proti-gubam-pod-ocmi\/\"]}]},{\"@type\":\"ImageObject\",\"inLanguage\":\"it-IT\",\"@id\":\"https:\/\/www.belle.si\/it\/izdelek\/flash-lift-instant-aplikator-proti-gubam-pod-ocmi\/#primaryimage\",\"url\":\"https:\/\/www.belle.si\/wp-content\/uploads\/2022\/10\/flash_lift_pod_ocmi.png\",\"contentUrl\":\"https:\/\/www.belle.si\/wp-content\/uploads\/2022\/10\/flash_lift_pod_ocmi.png\",\"width\":800,\"height\":800,\"caption\":\"Flash lift-za veke\"},{\"@type\":\"BreadcrumbList\",\"@id\":\"https:\/\/www.belle.si\/it\/izdelek\/flash-lift-instant-aplikator-proti-gubam-pod-ocmi\/#breadcrumb\",\"itemListElement\":[{\"@type\":\"ListItem\",\"position\":1,\"name\":\"Home\",\"item\":\"https:\/\/www.belle.si\/it\/\"},{\"@type\":\"ListItem\",\"position\":2,\"name\":\"Trgovina\",\"item\":\"https:\/\/www.belle.si\/trgovina\/\"},{\"@type\":\"ListItem\",\"position\":3,\"name\":\"Flash Lift &#8211; Instant aplikator proti gubam pod o\u010dmi\"}]},{\"@type\":\"WebSite\",\"@id\":\"https:\/\/www.belle.si\/it\/#website\",\"url\":\"https:\/\/www.belle.si\/it\/\",\"name\":\"Belle.si kozmeti\u010dna trgovina\",\"description\":\"\",\"publisher\":{\"@id\":\"https:\/\/www.belle.si\/it\/#organization\"},\"potentialAction\":[{\"@type\":\"SearchAction\",\"target\":{\"@type\":\"EntryPoint\",\"urlTemplate\":\"https:\/\/www.belle.si\/it\/?s={search_term_string}\"},\"query-input\":{\"@type\":\"PropertyValueSpecification\",\"valueRequired\":true,\"valueName\":\"search_term_string\"}}],\"inLanguage\":\"it-IT\"},{\"@type\":\"Organization\",\"@id\":\"https:\/\/www.belle.si\/it\/#organization\",\"name\":\"Belle.si kozmeti\u010dna trgovina\",\"url\":\"https:\/\/www.belle.si\/it\/\",\"logo\":{\"@type\":\"ImageObject\",\"inLanguage\":\"it-IT\",\"@id\":\"https:\/\/www.belle.si\/it\/#\/schema\/logo\/image\/\",\"url\":\"https:\/\/www.belle.si\/wp-content\/uploads\/2022\/10\/cropped-logo_belle_trgovina.png\",\"contentUrl\":\"https:\/\/www.belle.si\/wp-content\/uploads\/2022\/10\/cropped-logo_belle_trgovina.png\",\"width\":270,\"height\":135,\"caption\":\"Belle.si kozmeti\u010dna trgovina\"},\"image\":{\"@id\":\"https:\/\/www.belle.si\/it\/#\/schema\/logo\/image\/\"},\"sameAs\":[\"https:\/\/www.facebook.com\/belle.si.cosmetics\/\",\"https:\/\/www.instagram.com\/belle.si.cosmetics\/\"]}]}<\/script>\n<!-- \/ Yoast SEO plugin. -->","yoast_head_json":{"title":"Flash Lift - Instant aplikator proti gubam pod o\u010dmi - Belle.si kozmeti\u010dna trgovina","robots":{"index":"index","follow":"follow","max-snippet":"max-snippet:-1","max-image-preview":"max-image-preview:large","max-video-preview":"max-video-preview:-1"},"canonical":"https:\/\/www.belle.si\/it\/izdelek\/flash-lift-instant-aplikator-proti-gubam-pod-ocmi\/","og_locale":"it_IT","og_type":"article","og_title":"Flash Lift - Instant aplikator proti gubam pod o\u010dmi - Belle.si kozmeti\u010dna trgovina","og_description":"FLASH LIFT V TRENUTKU ZGLADI GUBE POD O\u010cMI. Flash lift deluje v samo 3 sekundah in razlika je opazna ve\u010d ur. \u00a0 U\u010dinek je viden takoj. Deluje 6 do 12 ur Na korektor lahko naneste svoja li\u010dila. Delovanje je usmerjeno na gube in smejalne gubice. Zaradi posebne oblike je aplikacija zelo natan\u010dna in krema deluje [&hellip;]","og_url":"https:\/\/www.belle.si\/it\/izdelek\/flash-lift-instant-aplikator-proti-gubam-pod-ocmi\/","og_site_name":"Belle.si kozmeti\u010dna trgovina","article_publisher":"https:\/\/www.facebook.com\/belle.si.cosmetics\/","article_modified_time":"2022-10-19T09:07:45+00:00","og_image":[{"width":800,"height":800,"url":"https:\/\/www.belle.si\/wp-content\/uploads\/2022\/10\/flash_lift_pod_ocmi.png","type":"image\/png"}],"twitter_card":"summary_large_image","twitter_misc":{"Tempo di lettura stimato":"1 minuto"},"schema":{"@context":"https:\/\/schema.org","@graph":[{"@type":"WebPage","@id":"https:\/\/www.belle.si\/it\/izdelek\/flash-lift-instant-aplikator-proti-gubam-pod-ocmi\/","url":"https:\/\/www.belle.si\/it\/izdelek\/flash-lift-instant-aplikator-proti-gubam-pod-ocmi\/","name":"Flash Lift - Instant aplikator proti gubam pod o\u010dmi - Belle.si kozmeti\u010dna trgovina","isPartOf":{"@id":"https:\/\/www.belle.si\/it\/#website"},"primaryImageOfPage":{"@id":"https:\/\/www.belle.si\/it\/izdelek\/flash-lift-instant-aplikator-proti-gubam-pod-ocmi\/#primaryimage"},"image":{"@id":"https:\/\/www.belle.si\/it\/izdelek\/flash-lift-instant-aplikator-proti-gubam-pod-ocmi\/#primaryimage"},"thumbnailUrl":"https:\/\/www.belle.si\/wp-content\/uploads\/2022\/10\/flash_lift_pod_ocmi.png","datePublished":"2020-06-15T09:58:01+00:00","dateModified":"2022-10-19T09:07:45+00:00","breadcrumb":{"@id":"https:\/\/www.belle.si\/it\/izdelek\/flash-lift-instant-aplikator-proti-gubam-pod-ocmi\/#breadcrumb"},"inLanguage":"it-IT","potentialAction":[{"@type":"ReadAction","target":["https:\/\/www.belle.si\/it\/izdelek\/flash-lift-instant-aplikator-proti-gubam-pod-ocmi\/"]}]},{"@type":"ImageObject","inLanguage":"it-IT","@id":"https:\/\/www.belle.si\/it\/izdelek\/flash-lift-instant-aplikator-proti-gubam-pod-ocmi\/#primaryimage","url":"https:\/\/www.belle.si\/wp-content\/uploads\/2022\/10\/flash_lift_pod_ocmi.png","contentUrl":"https:\/\/www.belle.si\/wp-content\/uploads\/2022\/10\/flash_lift_pod_ocmi.png","width":800,"height":800,"caption":"Flash lift-za veke"},{"@type":"BreadcrumbList","@id":"https:\/\/www.belle.si\/it\/izdelek\/flash-lift-instant-aplikator-proti-gubam-pod-ocmi\/#breadcrumb","itemListElement":[{"@type":"ListItem","position":1,"name":"Home","item":"https:\/\/www.belle.si\/it\/"},{"@type":"ListItem","position":2,"name":"Trgovina","item":"https:\/\/www.belle.si\/trgovina\/"},{"@type":"ListItem","position":3,"name":"Flash Lift &#8211; Instant aplikator proti gubam pod o\u010dmi"}]},{"@type":"WebSite","@id":"https:\/\/www.belle.si\/it\/#website","url":"https:\/\/www.belle.si\/it\/","name":"Belle.si kozmeti\u010dna trgovina","description":"","publisher":{"@id":"https:\/\/www.belle.si\/it\/#organization"},"potentialAction":[{"@type":"SearchAction","target":{"@type":"EntryPoint","urlTemplate":"https:\/\/www.belle.si\/it\/?s={search_term_string}"},"query-input":{"@type":"PropertyValueSpecification","valueRequired":true,"valueName":"search_term_string"}}],"inLanguage":"it-IT"},{"@type":"Organization","@id":"https:\/\/www.belle.si\/it\/#organization","name":"Belle.si kozmeti\u010dna trgovina","url":"https:\/\/www.belle.si\/it\/","logo":{"@type":"ImageObject","inLanguage":"it-IT","@id":"https:\/\/www.belle.si\/it\/#\/schema\/logo\/image\/","url":"https:\/\/www.belle.si\/wp-content\/uploads\/2022\/10\/cropped-logo_belle_trgovina.png","contentUrl":"https:\/\/www.belle.si\/wp-content\/uploads\/2022\/10\/cropped-logo_belle_trgovina.png","width":270,"height":135,"caption":"Belle.si kozmeti\u010dna trgovina"},"image":{"@id":"https:\/\/www.belle.si\/it\/#\/schema\/logo\/image\/"},"sameAs":["https:\/\/www.facebook.com\/belle.si.cosmetics\/","https:\/\/www.instagram.com\/belle.si.cosmetics\/"]}]}},"uagb_featured_image_src":{"full":["https:\/\/www.belle.si\/wp-content\/uploads\/2022\/10\/flash_lift_pod_ocmi.png",800,800,false],"thumbnail":["https:\/\/www.belle.si\/wp-content\/uploads\/2022\/10\/flash_lift_pod_ocmi-150x150.png",150,150,true],"medium":["https:\/\/www.belle.si\/wp-content\/uploads\/2022\/10\/flash_lift_pod_ocmi-300x300.png",300,300,true],"medium_large":["https:\/\/www.belle.si\/wp-content\/uploads\/2022\/10\/flash_lift_pod_ocmi-768x768.png",768,768,true],"large":["https:\/\/www.belle.si\/wp-content\/uploads\/2022\/10\/flash_lift_pod_ocmi.png",800,800,false],"1536x1536":["https:\/\/www.belle.si\/wp-content\/uploads\/2022\/10\/flash_lift_pod_ocmi.png",800,800,false],"2048x2048":["https:\/\/www.belle.si\/wp-content\/uploads\/2022\/10\/flash_lift_pod_ocmi.png",800,800,false],"mailpoet_newsletter_max":["https:\/\/www.belle.si\/wp-content\/uploads\/2022\/10\/flash_lift_pod_ocmi.png",800,800,false],"woocommerce_thumbnail":["https:\/\/www.belle.si\/wp-content\/uploads\/2022\/10\/flash_lift_pod_ocmi-300x300.png",300,300,true],"woocommerce_single":["https:\/\/www.belle.si\/wp-content\/uploads\/2022\/10\/flash_lift_pod_ocmi-600x600.png",600,600,true],"woocommerce_gallery_thumbnail":["https:\/\/www.belle.si\/wp-content\/uploads\/2022\/10\/flash_lift_pod_ocmi-100x100.png",100,100,true]},"uagb_author_info":{"display_name":"taja","author_link":"https:\/\/www.belle.si\/it\/author\/"},"uagb_comment_info":0,"uagb_excerpt":"FLASH LIFT V TRENUTKU ZGLADI GUBE POD O\u010cMI. Flash lift deluje v samo 3 sekundah in razlika je opazna ve\u010d ur. \u00a0 U\u010dinek je viden takoj. Deluje 6 do 12 ur Na korektor lahko naneste svoja li\u010dila. Delovanje je usmerjeno na gube in smejalne gubice. Zaradi posebne oblike je aplikacija zelo natan\u010dna in krema deluje&hellip;","_links":{"self":[{"href":"https:\/\/www.belle.si\/it\/wp-json\/wp\/v2\/product\/98529","targetHints":{"allow":["GET"]}}],"collection":[{"href":"https:\/\/www.belle.si\/it\/wp-json\/wp\/v2\/product"}],"about":[{"href":"https:\/\/www.belle.si\/it\/wp-json\/wp\/v2\/types\/product"}],"replies":[{"embeddable":true,"href":"https:\/\/www.belle.si\/it\/wp-json\/wp\/v2\/comments?post=98529"}],"wp:featuredmedia":[{"embeddable":true,"href":"https:\/\/www.belle.si\/it\/wp-json\/wp\/v2\/media\/98530"}],"wp:attachment":[{"href":"https:\/\/www.belle.si\/it\/wp-json\/wp\/v2\/media?parent=98529"}],"wp:term":[{"taxonomy":"product_brand","embeddable":true,"href":"https:\/\/www.belle.si\/it\/wp-json\/wp\/v2\/product_brand?post=98529"},{"taxonomy":"product_cat","embeddable":true,"href":"https:\/\/www.belle.si\/it\/wp-json\/wp\/v2\/product_cat?post=98529"},{"taxonomy":"product_tag","embeddable":true,"href":"https:\/\/www.belle.si\/it\/wp-json\/wp\/v2\/product_tag?post=98529"}],"curies":[{"name":"wp","href":"https:\/\/api.w.org\/{rel}","templated":true}]}}