{"id":98526,"date":"2020-06-29T22:53:14","date_gmt":"2020-06-29T22:53:14","guid":{"rendered":"https:\/\/belle.zabica.org\/?post_type=product&#038;p=98526"},"modified":"2022-10-19T09:07:44","modified_gmt":"2022-10-19T09:07:44","slug":"ucinkovita-krema-proti-podocnjakom-in-kolobarjem-pod-ocmi","status":"publish","type":"product","link":"https:\/\/www.belle.si\/it\/izdelek\/ucinkovita-krema-proti-podocnjakom-in-kolobarjem-pod-ocmi\/","title":{"rendered":"U\u010dinkovita krema proti podo\u010dnjakom in temnim kolobarjem pod o\u010dmi"},"content":{"rendered":"<h2 class=\"western\" lang=\"sl-SI\"><b>Balzam proti podo\u010dnjakom Goodbye under-eye<br \/>\n<\/b><\/h2>\n<p class=\"western\" lang=\"sl-SI\">Imate utrujene o\u010di in zabuhle kolobarje pod o\u010dmi?<\/p>\n<p class=\"western\" lang=\"sl-SI\">S to kremo lahko re\u010dete: Zbogom podo\u010dnjaki!<\/p>\n<p class=\"western\" lang=\"sl-SI\" align=\"justify\">Balzam z dodanim arganovim oljem v dveh mesecih zmanj\u0161a debelino podo\u010dnjakov do 0,7 mm.<\/p>\n<p lang=\"sl-SI\" align=\"justify\">Ko\u017ea pod o\u010dmi je pod vplivom napenjanja in spro\u0161\u010danja mi\u0161ic o\u010di in vek.<\/p>\n<p class=\"western\" lang=\"sl-SI\" align=\"justify\">Ko\u017eo okoli in pod o\u010dmi tako skr\u010dimo in raztegnemo pribli\u017eno desettiso\u010dkrat na dan.<\/p>\n<p class=\"western\" lang=\"sl-SI\" align=\"justify\">Predel okoli o\u010di je podobno kot ustnice zelo ob\u010dutljiv in hkrati mo\u010dno izpostavljen razli\u010dnim vplivom.<\/p>\n<p class=\"western\" lang=\"sl-SI\" align=\"justify\">Zato ni presenetljivo, da se prvi znaki staranja ka\u017eejo predvsem na ko\u017ei okoli o\u010di okoli ustnic.<\/p>\n<h2 lang=\"sl-SI\">Zakaj se pojavijo podo\u010dnjaki?<\/h2>\n<p class=\"western\" lang=\"sl-SI\">Za pojav &#8221;vre\u010dkic pod o\u010dmi&#8221;\u00a0 so krivi trije dejavniki:<\/p>\n<ul>\n<li>\n<p lang=\"sl-SI\">razvoj edema<\/p>\n<\/li>\n<li>\n<p lang=\"sl-SI\">omejen pretok limfe<\/p>\n<\/li>\n<li>\n<p lang=\"sl-SI\">staranje ko\u017ee<\/p>\n<\/li>\n<\/ul>\n<p class=\"western\" lang=\"sl-SI\"><strong>Za preverjanje u\u010dinkovitosti kreme proti podo\u010dnjakom so bili izvedeni klini\u010dni testi <\/strong><\/p>\n<p class=\"western\" lang=\"sl-SI\"><span style=\"font-size: small;\"><i>*Testi,je izvedel neodvisni laboratorij v Franciji. Rezultati lahko nekoliko odstopajo od posameznika do posameznika.<\/i><\/span><\/p>\n<p class=\"western\" lang=\"sl-SI\">Dokazano je bilo, da ima na\u0161 klini\u010dno preizku\u0161en balzam GOODBYE UNDER-EYE \u0161tevilne prednosti:<\/p>\n<ul>\n<li>\n<p lang=\"sl-SI\">Zmanj\u0161a zastoj teko\u010din v tkivu<\/p>\n<\/li>\n<li>\n<p lang=\"sl-SI\">Gladi ko\u017eo okoli o\u010di<\/p>\n<\/li>\n<li>\n<p lang=\"sl-SI\">Ko\u017eo navla\u017ei globoko v notranjost<\/p>\n<\/li>\n<li>\n<p lang=\"sl-SI\">V manj kot dveh mesecih zmanj\u0161a debelino podo\u010dnjakov do 0,70 mm.<\/p>\n<\/li>\n<\/ul>\n<p class=\"western\" lang=\"sl-SI\">GOODBYE UNDER-EYE vsebuje tudi arganovo olje, ki pove\u010da elasti\u010dnost ko\u017ee in ima anti-age u\u010dinek.<\/p>\n<p class=\"western\" lang=\"sl-SI\"><b>Navodila za uporabo<\/b><\/p>\n<p class=\"western\" lang=\"sl-SI\">Kremo uporabljajte enkrat na dan.<\/p>\n<p class=\"western\" lang=\"sl-SI\">Ne\u017eno jo nanesite\u00a0 na podro\u010dje pod o\u010dmi, tako da nana\u0161ate od zunanje proti notranji strani o\u010desa.<\/p>\n<p class=\"western\" lang=\"sl-SI\">Na tak na\u010din spodbujate limfo in izlo\u010danje teko\u010din v tkivu.<\/p>\n<p class=\"western\" lang=\"sl-SI\">Izogibajte se stiku z o\u010dmi.<\/p>\n<p class=\"western\" lang=\"sl-SI\" align=\"left\"><span style=\"color: #ff0000;\">\u00a0<\/span><\/p>\n<p lang=\"sl-SI\" align=\"left\">Vsebina: krema 15ml<\/p>\n<p lang=\"sl-SI\" align=\"left\">Proizvedeno v Franciji<\/p>\n<h2 class=\"title\"><\/h2>\n<p lang=\"sl-SI\" align=\"left\">\n","protected":false},"excerpt":{"rendered":"<p>Balzam proti podo\u010dnjakom Goodbye under-eye Imate utrujene o\u010di in zabuhle kolobarje pod o\u010dmi? S to kremo lahko re\u010dete: Zbogom podo\u010dnjaki! Balzam z dodanim arganovim oljem v dveh mesecih zmanj\u0161a debelino podo\u010dnjakov do 0,7 mm. Ko\u017ea pod o\u010dmi je pod vplivom napenjanja in spro\u0161\u010danja mi\u0161ic o\u010di in vek. Ko\u017eo okoli in pod o\u010dmi tako skr\u010dimo in [&hellip;]<\/p>\n","protected":false},"featured_media":98527,"comment_status":"closed","ping_status":"closed","template":"","meta":{"_uag_custom_page_level_css":"","_monsterinsights_skip_tracking":false,"_monsterinsights_sitenote_active":false,"_monsterinsights_sitenote_note":"","_monsterinsights_sitenote_category":0,"site-sidebar-layout":"default","site-content-layout":"","ast-site-content-layout":"default","site-content-style":"default","site-sidebar-style":"default","ast-global-header-display":"","ast-banner-title-visibility":"","ast-main-header-display":"","ast-hfb-above-header-display":"","ast-hfb-below-header-display":"","ast-hfb-mobile-header-display":"","site-post-title":"","ast-breadcrumbs-content":"","ast-featured-img":"","footer-sml-layout":"","ast-disable-related-posts":"","theme-transparent-header-meta":"","adv-header-id-meta":"","stick-header-meta":"","header-above-stick-meta":"","header-main-stick-meta":"","header-below-stick-meta":"","astra-migrate-meta-layouts":"default","ast-page-background-enabled":"default","ast-page-background-meta":{"desktop":{"background-color":"var(--ast-global-color-4)","background-image":"","background-repeat":"repeat","background-position":"center center","background-size":"auto","background-attachment":"scroll","background-type":"","background-media":"","overlay-type":"","overlay-color":"","overlay-opacity":"","overlay-gradient":""},"tablet":{"background-color":"","background-image":"","background-repeat":"repeat","background-position":"center center","background-size":"auto","background-attachment":"scroll","background-type":"","background-media":"","overlay-type":"","overlay-color":"","overlay-opacity":"","overlay-gradient":""},"mobile":{"background-color":"","background-image":"","background-repeat":"repeat","background-position":"center center","background-size":"auto","background-attachment":"scroll","background-type":"","background-media":"","overlay-type":"","overlay-color":"","overlay-opacity":"","overlay-gradient":""}},"ast-content-background-meta":{"desktop":{"background-color":"var(--ast-global-color-5)","background-image":"","background-repeat":"repeat","background-position":"center center","background-size":"auto","background-attachment":"scroll","background-type":"","background-media":"","overlay-type":"","overlay-color":"","overlay-opacity":"","overlay-gradient":""},"tablet":{"background-color":"var(--ast-global-color-5)","background-image":"","background-repeat":"repeat","background-position":"center center","background-size":"auto","background-attachment":"scroll","background-type":"","background-media":"","overlay-type":"","overlay-color":"","overlay-opacity":"","overlay-gradient":""},"mobile":{"background-color":"var(--ast-global-color-5)","background-image":"","background-repeat":"repeat","background-position":"center center","background-size":"auto","background-attachment":"scroll","background-type":"","background-media":"","overlay-type":"","overlay-color":"","overlay-opacity":"","overlay-gradient":""}}},"product_brand":[],"product_cat":[34],"product_tag":[],"class_list":{"0":"post-98526","1":"product","2":"type-product","3":"status-publish","4":"has-post-thumbnail","6":"product_cat-izdelki-za-oci","7":"desktop-align-left","8":"tablet-align-left","9":"mobile-align-left","10":"ast-product-gallery-layout-first-image-large","11":"ast-magnify-disabled","12":"ast-product-tabs-layout-horizontal","14":"first","15":"instock","16":"taxable","17":"shipping-taxable","18":"purchasable","19":"product-type-simple"},"yoast_head":"<!-- This site is optimized with the Yoast SEO plugin v26.9 - https:\/\/yoast.com\/product\/yoast-seo-wordpress\/ -->\n<title>U\u010dinkovita krema proti podo\u010dnjakom in temnim kolobarjem pod o\u010dmi - Belle.si kozmeti\u010dna trgovina<\/title>\n<meta name=\"robots\" content=\"index, follow, max-snippet:-1, max-image-preview:large, max-video-preview:-1\" \/>\n<link rel=\"canonical\" href=\"https:\/\/www.belle.si\/it\/izdelek\/ucinkovita-krema-proti-podocnjakom-in-kolobarjem-pod-ocmi\/\" \/>\n<meta property=\"og:locale\" content=\"it_IT\" \/>\n<meta property=\"og:type\" content=\"article\" \/>\n<meta property=\"og:title\" content=\"U\u010dinkovita krema proti podo\u010dnjakom in temnim kolobarjem pod o\u010dmi - Belle.si kozmeti\u010dna trgovina\" \/>\n<meta property=\"og:description\" content=\"Balzam proti podo\u010dnjakom Goodbye under-eye Imate utrujene o\u010di in zabuhle kolobarje pod o\u010dmi? S to kremo lahko re\u010dete: Zbogom podo\u010dnjaki! Balzam z dodanim arganovim oljem v dveh mesecih zmanj\u0161a debelino podo\u010dnjakov do 0,7 mm. Ko\u017ea pod o\u010dmi je pod vplivom napenjanja in spro\u0161\u010danja mi\u0161ic o\u010di in vek. Ko\u017eo okoli in pod o\u010dmi tako skr\u010dimo in [&hellip;]\" \/>\n<meta property=\"og:url\" content=\"https:\/\/www.belle.si\/it\/izdelek\/ucinkovita-krema-proti-podocnjakom-in-kolobarjem-pod-ocmi\/\" \/>\n<meta property=\"og:site_name\" content=\"Belle.si kozmeti\u010dna trgovina\" \/>\n<meta property=\"article:publisher\" content=\"https:\/\/www.facebook.com\/belle.si.cosmetics\/\" \/>\n<meta property=\"article:modified_time\" content=\"2022-10-19T09:07:44+00:00\" \/>\n<meta property=\"og:image\" content=\"https:\/\/www.belle.si\/wp-content\/uploads\/2022\/10\/krema_proti_podocnjakom.png\" \/>\n\t<meta property=\"og:image:width\" content=\"800\" \/>\n\t<meta property=\"og:image:height\" content=\"800\" \/>\n\t<meta property=\"og:image:type\" content=\"image\/png\" \/>\n<meta name=\"twitter:card\" content=\"summary_large_image\" \/>\n<meta name=\"twitter:label1\" content=\"Tempo di lettura stimato\" \/>\n\t<meta name=\"twitter:data1\" content=\"1 minuto\" \/>\n<script type=\"application\/ld+json\" class=\"yoast-schema-graph\">{\"@context\":\"https:\/\/schema.org\",\"@graph\":[{\"@type\":\"WebPage\",\"@id\":\"https:\/\/www.belle.si\/it\/izdelek\/ucinkovita-krema-proti-podocnjakom-in-kolobarjem-pod-ocmi\/\",\"url\":\"https:\/\/www.belle.si\/it\/izdelek\/ucinkovita-krema-proti-podocnjakom-in-kolobarjem-pod-ocmi\/\",\"name\":\"U\u010dinkovita krema proti podo\u010dnjakom in temnim kolobarjem pod o\u010dmi - Belle.si kozmeti\u010dna trgovina\",\"isPartOf\":{\"@id\":\"https:\/\/www.belle.si\/it\/#website\"},\"primaryImageOfPage\":{\"@id\":\"https:\/\/www.belle.si\/it\/izdelek\/ucinkovita-krema-proti-podocnjakom-in-kolobarjem-pod-ocmi\/#primaryimage\"},\"image\":{\"@id\":\"https:\/\/www.belle.si\/it\/izdelek\/ucinkovita-krema-proti-podocnjakom-in-kolobarjem-pod-ocmi\/#primaryimage\"},\"thumbnailUrl\":\"https:\/\/www.belle.si\/wp-content\/uploads\/2022\/10\/krema_proti_podocnjakom.png\",\"datePublished\":\"2020-06-29T22:53:14+00:00\",\"dateModified\":\"2022-10-19T09:07:44+00:00\",\"breadcrumb\":{\"@id\":\"https:\/\/www.belle.si\/it\/izdelek\/ucinkovita-krema-proti-podocnjakom-in-kolobarjem-pod-ocmi\/#breadcrumb\"},\"inLanguage\":\"it-IT\",\"potentialAction\":[{\"@type\":\"ReadAction\",\"target\":[\"https:\/\/www.belle.si\/it\/izdelek\/ucinkovita-krema-proti-podocnjakom-in-kolobarjem-pod-ocmi\/\"]}]},{\"@type\":\"ImageObject\",\"inLanguage\":\"it-IT\",\"@id\":\"https:\/\/www.belle.si\/it\/izdelek\/ucinkovita-krema-proti-podocnjakom-in-kolobarjem-pod-ocmi\/#primaryimage\",\"url\":\"https:\/\/www.belle.si\/wp-content\/uploads\/2022\/10\/krema_proti_podocnjakom.png\",\"contentUrl\":\"https:\/\/www.belle.si\/wp-content\/uploads\/2022\/10\/krema_proti_podocnjakom.png\",\"width\":800,\"height\":800,\"caption\":\"krema proto podo\u010dnjakom\"},{\"@type\":\"BreadcrumbList\",\"@id\":\"https:\/\/www.belle.si\/it\/izdelek\/ucinkovita-krema-proti-podocnjakom-in-kolobarjem-pod-ocmi\/#breadcrumb\",\"itemListElement\":[{\"@type\":\"ListItem\",\"position\":1,\"name\":\"Home\",\"item\":\"https:\/\/www.belle.si\/it\/\"},{\"@type\":\"ListItem\",\"position\":2,\"name\":\"Trgovina\",\"item\":\"https:\/\/www.belle.si\/trgovina\/\"},{\"@type\":\"ListItem\",\"position\":3,\"name\":\"U\u010dinkovita krema proti podo\u010dnjakom in temnim kolobarjem pod o\u010dmi\"}]},{\"@type\":\"WebSite\",\"@id\":\"https:\/\/www.belle.si\/it\/#website\",\"url\":\"https:\/\/www.belle.si\/it\/\",\"name\":\"Belle.si kozmeti\u010dna trgovina\",\"description\":\"\",\"publisher\":{\"@id\":\"https:\/\/www.belle.si\/it\/#organization\"},\"potentialAction\":[{\"@type\":\"SearchAction\",\"target\":{\"@type\":\"EntryPoint\",\"urlTemplate\":\"https:\/\/www.belle.si\/it\/?s={search_term_string}\"},\"query-input\":{\"@type\":\"PropertyValueSpecification\",\"valueRequired\":true,\"valueName\":\"search_term_string\"}}],\"inLanguage\":\"it-IT\"},{\"@type\":\"Organization\",\"@id\":\"https:\/\/www.belle.si\/it\/#organization\",\"name\":\"Belle.si kozmeti\u010dna trgovina\",\"url\":\"https:\/\/www.belle.si\/it\/\",\"logo\":{\"@type\":\"ImageObject\",\"inLanguage\":\"it-IT\",\"@id\":\"https:\/\/www.belle.si\/it\/#\/schema\/logo\/image\/\",\"url\":\"https:\/\/www.belle.si\/wp-content\/uploads\/2022\/10\/cropped-logo_belle_trgovina.png\",\"contentUrl\":\"https:\/\/www.belle.si\/wp-content\/uploads\/2022\/10\/cropped-logo_belle_trgovina.png\",\"width\":270,\"height\":135,\"caption\":\"Belle.si kozmeti\u010dna trgovina\"},\"image\":{\"@id\":\"https:\/\/www.belle.si\/it\/#\/schema\/logo\/image\/\"},\"sameAs\":[\"https:\/\/www.facebook.com\/belle.si.cosmetics\/\",\"https:\/\/www.instagram.com\/belle.si.cosmetics\/\"]}]}<\/script>\n<!-- \/ Yoast SEO plugin. -->","yoast_head_json":{"title":"U\u010dinkovita krema proti podo\u010dnjakom in temnim kolobarjem pod o\u010dmi - Belle.si kozmeti\u010dna trgovina","robots":{"index":"index","follow":"follow","max-snippet":"max-snippet:-1","max-image-preview":"max-image-preview:large","max-video-preview":"max-video-preview:-1"},"canonical":"https:\/\/www.belle.si\/it\/izdelek\/ucinkovita-krema-proti-podocnjakom-in-kolobarjem-pod-ocmi\/","og_locale":"it_IT","og_type":"article","og_title":"U\u010dinkovita krema proti podo\u010dnjakom in temnim kolobarjem pod o\u010dmi - Belle.si kozmeti\u010dna trgovina","og_description":"Balzam proti podo\u010dnjakom Goodbye under-eye Imate utrujene o\u010di in zabuhle kolobarje pod o\u010dmi? S to kremo lahko re\u010dete: Zbogom podo\u010dnjaki! Balzam z dodanim arganovim oljem v dveh mesecih zmanj\u0161a debelino podo\u010dnjakov do 0,7 mm. Ko\u017ea pod o\u010dmi je pod vplivom napenjanja in spro\u0161\u010danja mi\u0161ic o\u010di in vek. Ko\u017eo okoli in pod o\u010dmi tako skr\u010dimo in [&hellip;]","og_url":"https:\/\/www.belle.si\/it\/izdelek\/ucinkovita-krema-proti-podocnjakom-in-kolobarjem-pod-ocmi\/","og_site_name":"Belle.si kozmeti\u010dna trgovina","article_publisher":"https:\/\/www.facebook.com\/belle.si.cosmetics\/","article_modified_time":"2022-10-19T09:07:44+00:00","og_image":[{"width":800,"height":800,"url":"https:\/\/www.belle.si\/wp-content\/uploads\/2022\/10\/krema_proti_podocnjakom.png","type":"image\/png"}],"twitter_card":"summary_large_image","twitter_misc":{"Tempo di lettura stimato":"1 minuto"},"schema":{"@context":"https:\/\/schema.org","@graph":[{"@type":"WebPage","@id":"https:\/\/www.belle.si\/it\/izdelek\/ucinkovita-krema-proti-podocnjakom-in-kolobarjem-pod-ocmi\/","url":"https:\/\/www.belle.si\/it\/izdelek\/ucinkovita-krema-proti-podocnjakom-in-kolobarjem-pod-ocmi\/","name":"U\u010dinkovita krema proti podo\u010dnjakom in temnim kolobarjem pod o\u010dmi - Belle.si kozmeti\u010dna trgovina","isPartOf":{"@id":"https:\/\/www.belle.si\/it\/#website"},"primaryImageOfPage":{"@id":"https:\/\/www.belle.si\/it\/izdelek\/ucinkovita-krema-proti-podocnjakom-in-kolobarjem-pod-ocmi\/#primaryimage"},"image":{"@id":"https:\/\/www.belle.si\/it\/izdelek\/ucinkovita-krema-proti-podocnjakom-in-kolobarjem-pod-ocmi\/#primaryimage"},"thumbnailUrl":"https:\/\/www.belle.si\/wp-content\/uploads\/2022\/10\/krema_proti_podocnjakom.png","datePublished":"2020-06-29T22:53:14+00:00","dateModified":"2022-10-19T09:07:44+00:00","breadcrumb":{"@id":"https:\/\/www.belle.si\/it\/izdelek\/ucinkovita-krema-proti-podocnjakom-in-kolobarjem-pod-ocmi\/#breadcrumb"},"inLanguage":"it-IT","potentialAction":[{"@type":"ReadAction","target":["https:\/\/www.belle.si\/it\/izdelek\/ucinkovita-krema-proti-podocnjakom-in-kolobarjem-pod-ocmi\/"]}]},{"@type":"ImageObject","inLanguage":"it-IT","@id":"https:\/\/www.belle.si\/it\/izdelek\/ucinkovita-krema-proti-podocnjakom-in-kolobarjem-pod-ocmi\/#primaryimage","url":"https:\/\/www.belle.si\/wp-content\/uploads\/2022\/10\/krema_proti_podocnjakom.png","contentUrl":"https:\/\/www.belle.si\/wp-content\/uploads\/2022\/10\/krema_proti_podocnjakom.png","width":800,"height":800,"caption":"krema proto podo\u010dnjakom"},{"@type":"BreadcrumbList","@id":"https:\/\/www.belle.si\/it\/izdelek\/ucinkovita-krema-proti-podocnjakom-in-kolobarjem-pod-ocmi\/#breadcrumb","itemListElement":[{"@type":"ListItem","position":1,"name":"Home","item":"https:\/\/www.belle.si\/it\/"},{"@type":"ListItem","position":2,"name":"Trgovina","item":"https:\/\/www.belle.si\/trgovina\/"},{"@type":"ListItem","position":3,"name":"U\u010dinkovita krema proti podo\u010dnjakom in temnim kolobarjem pod o\u010dmi"}]},{"@type":"WebSite","@id":"https:\/\/www.belle.si\/it\/#website","url":"https:\/\/www.belle.si\/it\/","name":"Belle.si kozmeti\u010dna trgovina","description":"","publisher":{"@id":"https:\/\/www.belle.si\/it\/#organization"},"potentialAction":[{"@type":"SearchAction","target":{"@type":"EntryPoint","urlTemplate":"https:\/\/www.belle.si\/it\/?s={search_term_string}"},"query-input":{"@type":"PropertyValueSpecification","valueRequired":true,"valueName":"search_term_string"}}],"inLanguage":"it-IT"},{"@type":"Organization","@id":"https:\/\/www.belle.si\/it\/#organization","name":"Belle.si kozmeti\u010dna trgovina","url":"https:\/\/www.belle.si\/it\/","logo":{"@type":"ImageObject","inLanguage":"it-IT","@id":"https:\/\/www.belle.si\/it\/#\/schema\/logo\/image\/","url":"https:\/\/www.belle.si\/wp-content\/uploads\/2022\/10\/cropped-logo_belle_trgovina.png","contentUrl":"https:\/\/www.belle.si\/wp-content\/uploads\/2022\/10\/cropped-logo_belle_trgovina.png","width":270,"height":135,"caption":"Belle.si kozmeti\u010dna trgovina"},"image":{"@id":"https:\/\/www.belle.si\/it\/#\/schema\/logo\/image\/"},"sameAs":["https:\/\/www.facebook.com\/belle.si.cosmetics\/","https:\/\/www.instagram.com\/belle.si.cosmetics\/"]}]}},"uagb_featured_image_src":{"full":["https:\/\/www.belle.si\/wp-content\/uploads\/2022\/10\/krema_proti_podocnjakom.png",800,800,false],"thumbnail":["https:\/\/www.belle.si\/wp-content\/uploads\/2022\/10\/krema_proti_podocnjakom-150x150.png",150,150,true],"medium":["https:\/\/www.belle.si\/wp-content\/uploads\/2022\/10\/krema_proti_podocnjakom-300x300.png",300,300,true],"medium_large":["https:\/\/www.belle.si\/wp-content\/uploads\/2022\/10\/krema_proti_podocnjakom-768x768.png",768,768,true],"large":["https:\/\/www.belle.si\/wp-content\/uploads\/2022\/10\/krema_proti_podocnjakom.png",800,800,false],"1536x1536":["https:\/\/www.belle.si\/wp-content\/uploads\/2022\/10\/krema_proti_podocnjakom.png",800,800,false],"2048x2048":["https:\/\/www.belle.si\/wp-content\/uploads\/2022\/10\/krema_proti_podocnjakom.png",800,800,false],"mailpoet_newsletter_max":["https:\/\/www.belle.si\/wp-content\/uploads\/2022\/10\/krema_proti_podocnjakom.png",800,800,false],"woocommerce_thumbnail":["https:\/\/www.belle.si\/wp-content\/uploads\/2022\/10\/krema_proti_podocnjakom-300x300.png",300,300,true],"woocommerce_single":["https:\/\/www.belle.si\/wp-content\/uploads\/2022\/10\/krema_proti_podocnjakom-600x600.png",600,600,true],"woocommerce_gallery_thumbnail":["https:\/\/www.belle.si\/wp-content\/uploads\/2022\/10\/krema_proti_podocnjakom-100x100.png",100,100,true]},"uagb_author_info":{"display_name":"taja","author_link":"https:\/\/www.belle.si\/it\/author\/"},"uagb_comment_info":0,"uagb_excerpt":"Balzam proti podo\u010dnjakom Goodbye under-eye Imate utrujene o\u010di in zabuhle kolobarje pod o\u010dmi? S to kremo lahko re\u010dete: Zbogom podo\u010dnjaki! Balzam z dodanim arganovim oljem v dveh mesecih zmanj\u0161a debelino podo\u010dnjakov do 0,7 mm. Ko\u017ea pod o\u010dmi je pod vplivom napenjanja in spro\u0161\u010danja mi\u0161ic o\u010di in vek. Ko\u017eo okoli in pod o\u010dmi tako skr\u010dimo in&hellip;","_links":{"self":[{"href":"https:\/\/www.belle.si\/it\/wp-json\/wp\/v2\/product\/98526","targetHints":{"allow":["GET"]}}],"collection":[{"href":"https:\/\/www.belle.si\/it\/wp-json\/wp\/v2\/product"}],"about":[{"href":"https:\/\/www.belle.si\/it\/wp-json\/wp\/v2\/types\/product"}],"replies":[{"embeddable":true,"href":"https:\/\/www.belle.si\/it\/wp-json\/wp\/v2\/comments?post=98526"}],"wp:featuredmedia":[{"embeddable":true,"href":"https:\/\/www.belle.si\/it\/wp-json\/wp\/v2\/media\/98527"}],"wp:attachment":[{"href":"https:\/\/www.belle.si\/it\/wp-json\/wp\/v2\/media?parent=98526"}],"wp:term":[{"taxonomy":"product_brand","embeddable":true,"href":"https:\/\/www.belle.si\/it\/wp-json\/wp\/v2\/product_brand?post=98526"},{"taxonomy":"product_cat","embeddable":true,"href":"https:\/\/www.belle.si\/it\/wp-json\/wp\/v2\/product_cat?post=98526"},{"taxonomy":"product_tag","embeddable":true,"href":"https:\/\/www.belle.si\/it\/wp-json\/wp\/v2\/product_tag?post=98526"}],"curies":[{"name":"wp","href":"https:\/\/api.w.org\/{rel}","templated":true}]}}