{"id":98514,"date":"2020-07-24T11:45:31","date_gmt":"2020-07-24T11:45:31","guid":{"rendered":"https:\/\/belle.zabica.org\/?post_type=product&#038;p=98514"},"modified":"2024-12-29T23:32:16","modified_gmt":"2024-12-29T22:32:16","slug":"nega-za-stopala-balzam-za-suho-kozo","status":"publish","type":"product","link":"https:\/\/www.belle.si\/it\/izdelek\/nega-za-stopala-balzam-za-suho-kozo\/","title":{"rendered":"Nega za lepa in zdrava stopala &#8211; balzam za suho ko\u017eo"},"content":{"rendered":"<div class=\"std\">\n<h2>Nega za stopala, ki pomaga pri odpravljanju te\u017eav s suho in odebeljeno ko\u017eo.<\/h2>\n<p>Nega za lepa stopala pomaga pri suhi in zadebeljeni ko\u017ei na stopalih. Lahka in ne\u017ena tekstura takoj osve\u017ei ko\u017eo na stopalih.<\/p>\n<p>Naravna nega idealno povezuje naravne u\u010dinkovine rastlinskih izvle\u010dkov:<\/p>\n<ul>\n<li>ognji\u010d<\/li>\n<li>\u017eajbelj<\/li>\n<li>timjan<\/li>\n<\/ul>\n<p>&nbsp;<\/p>\n<\/div>\n<p><a href=\"https:\/\/www.belle.si\/izdelek\/nega-za-stopala-balazam-za-suho-kozo\/\"><img fetchpriority=\"high\" decoding=\"async\" class=\"alignnone wp-image-98815\" src=\"https:\/\/www.belle.si\/wp-content\/uploads\/2020\/07\/timjanzajbelj_ognjic_za_stopala.jpg\" alt=\"Blzam z izvle\u010dki timjana, \u017eajblja in ognji\u010da za suho ko\u017eo na stopalih\" width=\"335\" height=\"324\" \/><\/a><\/p>\n<p>&nbsp;<\/p>\n<p>Navodila za uporabo<\/p>\n<p>Vsak dan nanesite 1x zjutraj<strong> ali<\/strong> zve\u010der.<\/p>\n<div class=\"std\">\n<div class=\"block incilist\">\n<p>Pazite, da ne zaide v o\u010di.<\/p>\n<p>&nbsp;<\/p>\n<p>Vsebina: krema balzam 50ml<\/p>\n<p>Proizvedeno v Franciji<\/p>\n<p>&nbsp;<\/p>\n<\/div>\n<\/div>\n","protected":false},"excerpt":{"rendered":"<p>Nega za stopala, ki pomaga pri odpravljanju te\u017eav s suho in odebeljeno ko\u017eo. Nega za lepa stopala pomaga pri suhi in zadebeljeni ko\u017ei na stopalih. Lahka in ne\u017ena tekstura takoj osve\u017ei ko\u017eo na stopalih. Naravna nega idealno povezuje naravne u\u010dinkovine rastlinskih izvle\u010dkov: ognji\u010d \u017eajbelj timjan &nbsp; &nbsp; Navodila za uporabo Vsak dan nanesite 1x zjutraj [&hellip;]<\/p>\n","protected":false},"featured_media":98515,"comment_status":"closed","ping_status":"closed","template":"","meta":{"_uag_custom_page_level_css":"","_monsterinsights_skip_tracking":false,"_monsterinsights_sitenote_active":false,"_monsterinsights_sitenote_note":"","_monsterinsights_sitenote_category":0,"site-sidebar-layout":"default","site-content-layout":"","ast-site-content-layout":"default","site-content-style":"default","site-sidebar-style":"default","ast-global-header-display":"","ast-banner-title-visibility":"","ast-main-header-display":"","ast-hfb-above-header-display":"","ast-hfb-below-header-display":"","ast-hfb-mobile-header-display":"","site-post-title":"","ast-breadcrumbs-content":"","ast-featured-img":"","footer-sml-layout":"","ast-disable-related-posts":"","theme-transparent-header-meta":"","adv-header-id-meta":"","stick-header-meta":"","header-above-stick-meta":"","header-main-stick-meta":"","header-below-stick-meta":"","astra-migrate-meta-layouts":"default","ast-page-background-enabled":"default","ast-page-background-meta":{"desktop":{"background-color":"var(--ast-global-color-4)","background-image":"","background-repeat":"repeat","background-position":"center center","background-size":"auto","background-attachment":"scroll","background-type":"","background-media":"","overlay-type":"","overlay-color":"","overlay-opacity":"","overlay-gradient":""},"tablet":{"background-color":"","background-image":"","background-repeat":"repeat","background-position":"center center","background-size":"auto","background-attachment":"scroll","background-type":"","background-media":"","overlay-type":"","overlay-color":"","overlay-opacity":"","overlay-gradient":""},"mobile":{"background-color":"","background-image":"","background-repeat":"repeat","background-position":"center center","background-size":"auto","background-attachment":"scroll","background-type":"","background-media":"","overlay-type":"","overlay-color":"","overlay-opacity":"","overlay-gradient":""}},"ast-content-background-meta":{"desktop":{"background-color":"var(--ast-global-color-5)","background-image":"","background-repeat":"repeat","background-position":"center center","background-size":"auto","background-attachment":"scroll","background-type":"","background-media":"","overlay-type":"","overlay-color":"","overlay-opacity":"","overlay-gradient":""},"tablet":{"background-color":"var(--ast-global-color-5)","background-image":"","background-repeat":"repeat","background-position":"center center","background-size":"auto","background-attachment":"scroll","background-type":"","background-media":"","overlay-type":"","overlay-color":"","overlay-opacity":"","overlay-gradient":""},"mobile":{"background-color":"var(--ast-global-color-5)","background-image":"","background-repeat":"repeat","background-position":"center center","background-size":"auto","background-attachment":"scroll","background-type":"","background-media":"","overlay-type":"","overlay-color":"","overlay-opacity":"","overlay-gradient":""}}},"product_brand":[],"product_cat":[38,39,40],"product_tag":[],"class_list":{"0":"post-98514","1":"product","2":"type-product","3":"status-publish","4":"has-post-thumbnail","6":"product_cat-noge","7":"product_cat-stopala","8":"product_cat-zascita-za-kozo","9":"desktop-align-left","10":"tablet-align-left","11":"mobile-align-left","12":"ast-product-gallery-layout-first-image-large","13":"ast-product-gallery-with-no-image","14":"ast-magnify-disabled","15":"ast-product-tabs-layout-horizontal","17":"first","18":"instock","19":"taxable","20":"shipping-taxable","21":"purchasable","22":"product-type-simple"},"yoast_head":"<!-- This site is optimized with the Yoast SEO plugin v26.9 - https:\/\/yoast.com\/product\/yoast-seo-wordpress\/ -->\n<title>Nega za lepa in zdrava stopala - balzam za suho ko\u017eo - Belle.si kozmeti\u010dna trgovina<\/title>\n<meta name=\"robots\" content=\"index, follow, max-snippet:-1, max-image-preview:large, max-video-preview:-1\" \/>\n<link rel=\"canonical\" href=\"https:\/\/www.belle.si\/it\/izdelek\/nega-za-stopala-balzam-za-suho-kozo\/\" \/>\n<meta property=\"og:locale\" content=\"it_IT\" \/>\n<meta property=\"og:type\" content=\"article\" \/>\n<meta property=\"og:title\" content=\"Nega za lepa in zdrava stopala - balzam za suho ko\u017eo - Belle.si kozmeti\u010dna trgovina\" \/>\n<meta property=\"og:description\" content=\"Nega za stopala, ki pomaga pri odpravljanju te\u017eav s suho in odebeljeno ko\u017eo. Nega za lepa stopala pomaga pri suhi in zadebeljeni ko\u017ei na stopalih. Lahka in ne\u017ena tekstura takoj osve\u017ei ko\u017eo na stopalih. Naravna nega idealno povezuje naravne u\u010dinkovine rastlinskih izvle\u010dkov: ognji\u010d \u017eajbelj timjan &nbsp; &nbsp; Navodila za uporabo Vsak dan nanesite 1x zjutraj [&hellip;]\" \/>\n<meta property=\"og:url\" content=\"https:\/\/www.belle.si\/it\/izdelek\/nega-za-stopala-balzam-za-suho-kozo\/\" \/>\n<meta property=\"og:site_name\" content=\"Belle.si kozmeti\u010dna trgovina\" \/>\n<meta property=\"article:publisher\" content=\"https:\/\/www.facebook.com\/belle.si.cosmetics\/\" \/>\n<meta property=\"article:modified_time\" content=\"2024-12-29T22:32:16+00:00\" \/>\n<meta property=\"og:image\" content=\"https:\/\/www.belle.si\/wp-content\/uploads\/2022\/10\/beute_des_pieds_za_lepa_stopala.png\" \/>\n\t<meta property=\"og:image:width\" content=\"800\" \/>\n\t<meta property=\"og:image:height\" content=\"800\" \/>\n\t<meta property=\"og:image:type\" content=\"image\/png\" \/>\n<meta name=\"twitter:card\" content=\"summary_large_image\" \/>\n<script type=\"application\/ld+json\" class=\"yoast-schema-graph\">{\"@context\":\"https:\/\/schema.org\",\"@graph\":[{\"@type\":\"WebPage\",\"@id\":\"https:\/\/www.belle.si\/it\/izdelek\/nega-za-stopala-balzam-za-suho-kozo\/\",\"url\":\"https:\/\/www.belle.si\/it\/izdelek\/nega-za-stopala-balzam-za-suho-kozo\/\",\"name\":\"Nega za lepa in zdrava stopala - balzam za suho ko\u017eo - Belle.si kozmeti\u010dna trgovina\",\"isPartOf\":{\"@id\":\"https:\/\/www.belle.si\/it\/#website\"},\"primaryImageOfPage\":{\"@id\":\"https:\/\/www.belle.si\/it\/izdelek\/nega-za-stopala-balzam-za-suho-kozo\/#primaryimage\"},\"image\":{\"@id\":\"https:\/\/www.belle.si\/it\/izdelek\/nega-za-stopala-balzam-za-suho-kozo\/#primaryimage\"},\"thumbnailUrl\":\"https:\/\/www.belle.si\/wp-content\/uploads\/2022\/10\/beute_des_pieds_za_lepa_stopala.png\",\"datePublished\":\"2020-07-24T11:45:31+00:00\",\"dateModified\":\"2024-12-29T22:32:16+00:00\",\"breadcrumb\":{\"@id\":\"https:\/\/www.belle.si\/it\/izdelek\/nega-za-stopala-balzam-za-suho-kozo\/#breadcrumb\"},\"inLanguage\":\"it-IT\",\"potentialAction\":[{\"@type\":\"ReadAction\",\"target\":[\"https:\/\/www.belle.si\/it\/izdelek\/nega-za-stopala-balzam-za-suho-kozo\/\"]}]},{\"@type\":\"ImageObject\",\"inLanguage\":\"it-IT\",\"@id\":\"https:\/\/www.belle.si\/it\/izdelek\/nega-za-stopala-balzam-za-suho-kozo\/#primaryimage\",\"url\":\"https:\/\/www.belle.si\/wp-content\/uploads\/2022\/10\/beute_des_pieds_za_lepa_stopala.png\",\"contentUrl\":\"https:\/\/www.belle.si\/wp-content\/uploads\/2022\/10\/beute_des_pieds_za_lepa_stopala.png\",\"width\":800,\"height\":800,\"caption\":\"Nega za lepa stopala in noge Claude Bell\"},{\"@type\":\"BreadcrumbList\",\"@id\":\"https:\/\/www.belle.si\/it\/izdelek\/nega-za-stopala-balzam-za-suho-kozo\/#breadcrumb\",\"itemListElement\":[{\"@type\":\"ListItem\",\"position\":1,\"name\":\"Home\",\"item\":\"https:\/\/www.belle.si\/it\/\"},{\"@type\":\"ListItem\",\"position\":2,\"name\":\"Trgovina\",\"item\":\"https:\/\/www.belle.si\/trgovina\/\"},{\"@type\":\"ListItem\",\"position\":3,\"name\":\"Nega za lepa in zdrava stopala &#8211; balzam za suho ko\u017eo\"}]},{\"@type\":\"WebSite\",\"@id\":\"https:\/\/www.belle.si\/it\/#website\",\"url\":\"https:\/\/www.belle.si\/it\/\",\"name\":\"Belle.si kozmeti\u010dna trgovina\",\"description\":\"\",\"publisher\":{\"@id\":\"https:\/\/www.belle.si\/it\/#organization\"},\"potentialAction\":[{\"@type\":\"SearchAction\",\"target\":{\"@type\":\"EntryPoint\",\"urlTemplate\":\"https:\/\/www.belle.si\/it\/?s={search_term_string}\"},\"query-input\":{\"@type\":\"PropertyValueSpecification\",\"valueRequired\":true,\"valueName\":\"search_term_string\"}}],\"inLanguage\":\"it-IT\"},{\"@type\":\"Organization\",\"@id\":\"https:\/\/www.belle.si\/it\/#organization\",\"name\":\"Belle.si kozmeti\u010dna trgovina\",\"url\":\"https:\/\/www.belle.si\/it\/\",\"logo\":{\"@type\":\"ImageObject\",\"inLanguage\":\"it-IT\",\"@id\":\"https:\/\/www.belle.si\/it\/#\/schema\/logo\/image\/\",\"url\":\"https:\/\/www.belle.si\/wp-content\/uploads\/2022\/10\/cropped-logo_belle_trgovina.png\",\"contentUrl\":\"https:\/\/www.belle.si\/wp-content\/uploads\/2022\/10\/cropped-logo_belle_trgovina.png\",\"width\":270,\"height\":135,\"caption\":\"Belle.si kozmeti\u010dna trgovina\"},\"image\":{\"@id\":\"https:\/\/www.belle.si\/it\/#\/schema\/logo\/image\/\"},\"sameAs\":[\"https:\/\/www.facebook.com\/belle.si.cosmetics\/\",\"https:\/\/www.instagram.com\/belle.si.cosmetics\/\"]}]}<\/script>\n<!-- \/ Yoast SEO plugin. -->","yoast_head_json":{"title":"Nega za lepa in zdrava stopala - balzam za suho ko\u017eo - Belle.si kozmeti\u010dna trgovina","robots":{"index":"index","follow":"follow","max-snippet":"max-snippet:-1","max-image-preview":"max-image-preview:large","max-video-preview":"max-video-preview:-1"},"canonical":"https:\/\/www.belle.si\/it\/izdelek\/nega-za-stopala-balzam-za-suho-kozo\/","og_locale":"it_IT","og_type":"article","og_title":"Nega za lepa in zdrava stopala - balzam za suho ko\u017eo - Belle.si kozmeti\u010dna trgovina","og_description":"Nega za stopala, ki pomaga pri odpravljanju te\u017eav s suho in odebeljeno ko\u017eo. Nega za lepa stopala pomaga pri suhi in zadebeljeni ko\u017ei na stopalih. Lahka in ne\u017ena tekstura takoj osve\u017ei ko\u017eo na stopalih. Naravna nega idealno povezuje naravne u\u010dinkovine rastlinskih izvle\u010dkov: ognji\u010d \u017eajbelj timjan &nbsp; &nbsp; Navodila za uporabo Vsak dan nanesite 1x zjutraj [&hellip;]","og_url":"https:\/\/www.belle.si\/it\/izdelek\/nega-za-stopala-balzam-za-suho-kozo\/","og_site_name":"Belle.si kozmeti\u010dna trgovina","article_publisher":"https:\/\/www.facebook.com\/belle.si.cosmetics\/","article_modified_time":"2024-12-29T22:32:16+00:00","og_image":[{"width":800,"height":800,"url":"https:\/\/www.belle.si\/wp-content\/uploads\/2022\/10\/beute_des_pieds_za_lepa_stopala.png","type":"image\/png"}],"twitter_card":"summary_large_image","schema":{"@context":"https:\/\/schema.org","@graph":[{"@type":"WebPage","@id":"https:\/\/www.belle.si\/it\/izdelek\/nega-za-stopala-balzam-za-suho-kozo\/","url":"https:\/\/www.belle.si\/it\/izdelek\/nega-za-stopala-balzam-za-suho-kozo\/","name":"Nega za lepa in zdrava stopala - balzam za suho ko\u017eo - Belle.si kozmeti\u010dna trgovina","isPartOf":{"@id":"https:\/\/www.belle.si\/it\/#website"},"primaryImageOfPage":{"@id":"https:\/\/www.belle.si\/it\/izdelek\/nega-za-stopala-balzam-za-suho-kozo\/#primaryimage"},"image":{"@id":"https:\/\/www.belle.si\/it\/izdelek\/nega-za-stopala-balzam-za-suho-kozo\/#primaryimage"},"thumbnailUrl":"https:\/\/www.belle.si\/wp-content\/uploads\/2022\/10\/beute_des_pieds_za_lepa_stopala.png","datePublished":"2020-07-24T11:45:31+00:00","dateModified":"2024-12-29T22:32:16+00:00","breadcrumb":{"@id":"https:\/\/www.belle.si\/it\/izdelek\/nega-za-stopala-balzam-za-suho-kozo\/#breadcrumb"},"inLanguage":"it-IT","potentialAction":[{"@type":"ReadAction","target":["https:\/\/www.belle.si\/it\/izdelek\/nega-za-stopala-balzam-za-suho-kozo\/"]}]},{"@type":"ImageObject","inLanguage":"it-IT","@id":"https:\/\/www.belle.si\/it\/izdelek\/nega-za-stopala-balzam-za-suho-kozo\/#primaryimage","url":"https:\/\/www.belle.si\/wp-content\/uploads\/2022\/10\/beute_des_pieds_za_lepa_stopala.png","contentUrl":"https:\/\/www.belle.si\/wp-content\/uploads\/2022\/10\/beute_des_pieds_za_lepa_stopala.png","width":800,"height":800,"caption":"Nega za lepa stopala in noge Claude Bell"},{"@type":"BreadcrumbList","@id":"https:\/\/www.belle.si\/it\/izdelek\/nega-za-stopala-balzam-za-suho-kozo\/#breadcrumb","itemListElement":[{"@type":"ListItem","position":1,"name":"Home","item":"https:\/\/www.belle.si\/it\/"},{"@type":"ListItem","position":2,"name":"Trgovina","item":"https:\/\/www.belle.si\/trgovina\/"},{"@type":"ListItem","position":3,"name":"Nega za lepa in zdrava stopala &#8211; balzam za suho ko\u017eo"}]},{"@type":"WebSite","@id":"https:\/\/www.belle.si\/it\/#website","url":"https:\/\/www.belle.si\/it\/","name":"Belle.si kozmeti\u010dna trgovina","description":"","publisher":{"@id":"https:\/\/www.belle.si\/it\/#organization"},"potentialAction":[{"@type":"SearchAction","target":{"@type":"EntryPoint","urlTemplate":"https:\/\/www.belle.si\/it\/?s={search_term_string}"},"query-input":{"@type":"PropertyValueSpecification","valueRequired":true,"valueName":"search_term_string"}}],"inLanguage":"it-IT"},{"@type":"Organization","@id":"https:\/\/www.belle.si\/it\/#organization","name":"Belle.si kozmeti\u010dna trgovina","url":"https:\/\/www.belle.si\/it\/","logo":{"@type":"ImageObject","inLanguage":"it-IT","@id":"https:\/\/www.belle.si\/it\/#\/schema\/logo\/image\/","url":"https:\/\/www.belle.si\/wp-content\/uploads\/2022\/10\/cropped-logo_belle_trgovina.png","contentUrl":"https:\/\/www.belle.si\/wp-content\/uploads\/2022\/10\/cropped-logo_belle_trgovina.png","width":270,"height":135,"caption":"Belle.si kozmeti\u010dna trgovina"},"image":{"@id":"https:\/\/www.belle.si\/it\/#\/schema\/logo\/image\/"},"sameAs":["https:\/\/www.facebook.com\/belle.si.cosmetics\/","https:\/\/www.instagram.com\/belle.si.cosmetics\/"]}]}},"uagb_featured_image_src":{"full":["https:\/\/www.belle.si\/wp-content\/uploads\/2022\/10\/beute_des_pieds_za_lepa_stopala.png",800,800,false],"thumbnail":["https:\/\/www.belle.si\/wp-content\/uploads\/2022\/10\/beute_des_pieds_za_lepa_stopala-150x150.png",150,150,true],"medium":["https:\/\/www.belle.si\/wp-content\/uploads\/2022\/10\/beute_des_pieds_za_lepa_stopala-300x300.png",300,300,true],"medium_large":["https:\/\/www.belle.si\/wp-content\/uploads\/2022\/10\/beute_des_pieds_za_lepa_stopala-768x768.png",768,768,true],"large":["https:\/\/www.belle.si\/wp-content\/uploads\/2022\/10\/beute_des_pieds_za_lepa_stopala.png",800,800,false],"1536x1536":["https:\/\/www.belle.si\/wp-content\/uploads\/2022\/10\/beute_des_pieds_za_lepa_stopala.png",800,800,false],"2048x2048":["https:\/\/www.belle.si\/wp-content\/uploads\/2022\/10\/beute_des_pieds_za_lepa_stopala.png",800,800,false],"mailpoet_newsletter_max":["https:\/\/www.belle.si\/wp-content\/uploads\/2022\/10\/beute_des_pieds_za_lepa_stopala.png",800,800,false],"woocommerce_thumbnail":["https:\/\/www.belle.si\/wp-content\/uploads\/2022\/10\/beute_des_pieds_za_lepa_stopala-300x300.png",300,300,true],"woocommerce_single":["https:\/\/www.belle.si\/wp-content\/uploads\/2022\/10\/beute_des_pieds_za_lepa_stopala-600x600.png",600,600,true],"woocommerce_gallery_thumbnail":["https:\/\/www.belle.si\/wp-content\/uploads\/2022\/10\/beute_des_pieds_za_lepa_stopala-100x100.png",100,100,true]},"uagb_author_info":{"display_name":"taja","author_link":"https:\/\/www.belle.si\/it\/author\/"},"uagb_comment_info":0,"uagb_excerpt":"Nega za stopala, ki pomaga pri odpravljanju te\u017eav s suho in odebeljeno ko\u017eo. Nega za lepa stopala pomaga pri suhi in zadebeljeni ko\u017ei na stopalih. Lahka in ne\u017ena tekstura takoj osve\u017ei ko\u017eo na stopalih. Naravna nega idealno povezuje naravne u\u010dinkovine rastlinskih izvle\u010dkov: ognji\u010d \u017eajbelj timjan &nbsp; &nbsp; Navodila za uporabo Vsak dan nanesite 1x zjutraj&hellip;","_links":{"self":[{"href":"https:\/\/www.belle.si\/it\/wp-json\/wp\/v2\/product\/98514","targetHints":{"allow":["GET"]}}],"collection":[{"href":"https:\/\/www.belle.si\/it\/wp-json\/wp\/v2\/product"}],"about":[{"href":"https:\/\/www.belle.si\/it\/wp-json\/wp\/v2\/types\/product"}],"replies":[{"embeddable":true,"href":"https:\/\/www.belle.si\/it\/wp-json\/wp\/v2\/comments?post=98514"}],"wp:featuredmedia":[{"embeddable":true,"href":"https:\/\/www.belle.si\/it\/wp-json\/wp\/v2\/media\/98515"}],"wp:attachment":[{"href":"https:\/\/www.belle.si\/it\/wp-json\/wp\/v2\/media?parent=98514"}],"wp:term":[{"taxonomy":"product_brand","embeddable":true,"href":"https:\/\/www.belle.si\/it\/wp-json\/wp\/v2\/product_brand?post=98514"},{"taxonomy":"product_cat","embeddable":true,"href":"https:\/\/www.belle.si\/it\/wp-json\/wp\/v2\/product_cat?post=98514"},{"taxonomy":"product_tag","embeddable":true,"href":"https:\/\/www.belle.si\/it\/wp-json\/wp\/v2\/product_tag?post=98514"}],"curies":[{"name":"wp","href":"https:\/\/api.w.org\/{rel}","templated":true}]}}