{"id":98508,"date":"2020-07-08T13:48:47","date_gmt":"2020-07-08T13:48:47","guid":{"rendered":"https:\/\/belle.zabica.org\/?post_type=product&#038;p=98508"},"modified":"2024-12-29T23:32:17","modified_gmt":"2024-12-29T22:32:17","slug":"arnika-gel-proti-bolecinam-in-modricam-revmatizmu","status":"publish","type":"product","link":"https:\/\/www.belle.si\/it\/izdelek\/arnika-gel-proti-bolecinam-in-modricam-revmatizmu\/","title":{"rendered":"Arnika gel proti bole\u010dini in modricam"},"content":{"rendered":"<div class=\"col\">\n<div class=\"panel description\">\n<div class=\"std\">\n<h2 class=\"note\">Gel z arniko proti bole\u010dini in modricam.<\/h2>\n<\/div>\n<h3>Pomaga pri te\u017eavah z revmatizmom, artritisom in zvinih.<\/h3>\n<p>&nbsp;<\/p>\n<div class=\"std\">\n<p>Arnika (Arnica montana) je zeli\u0161\u010de, ki je \u017ee stoletja znano kot\u00a0 &#8220;zdravilo za padce in udarce&#8221;. Uporablja se za spodbujanje zdravljenja udarcev in modric ter pomaga ubla\u017eiti bole\u010dino.<\/p>\n<p>&nbsp;<\/p>\n<p><a href=\"https:\/\/www.belle.si\/izdelek\/arnika-gel-proti-bolecinam-in-modricam-revmatizmu\/\"><img fetchpriority=\"high\" decoding=\"async\" class=\"frame alignnone\" src=\"https:\/\/www.claudebell.co.uk\/media\/res\/arnica_montana.jpg\" alt=\"Arnika proti bole\u010dinam \" width=\"485\" height=\"198\" \/><\/a><\/p>\n<p>&nbsp;<\/p>\n<\/div>\n<p>Arniko je dobro imeti vedno pri roki. \u010ce se udarite ali imate modrico, ki no\u010de izginiti, si lahko pomagate z u\u010dinkovitim gelom z arniko.<\/p>\n<p>Pomaga vam pri zdravljenju udarcev, bu\u0161k in modric.<\/p>\n<div class=\"std\">\n<p><span class=\"sgt_product_brand\">Arnika vsebuje protivnetne sestavine, ki pomagajo tudi pri masa\u017ei za laj\u0161anje bole\u010din zaradi zvinov, artritisa in revmatizma.<br \/>\n<\/span><\/p>\n<p>Ob nanosu gela za\u010dutute takoj sve\u017eino in olaj\u0161anje. Tudi njen vonj deluje pomirjajo\u010de.<\/p>\n<p>Gel za arniko je primeren za otroke in odrasle.<\/p>\n<\/div>\n<\/div>\n<h2 class=\"title\">Navodila za uporabo gela z arniko<\/h2>\n<div class=\"panel directions\">\n<div class=\"std\">\n<p>Ne\u017eno nanestite na bole\u010d predel.<\/p>\n<p>Uporabite le 1x na dan.<\/p>\n<p>Pazite, da vam ne zaide v o\u010di.<\/p>\n<\/div>\n<\/div>\n<\/div>\n<p>&nbsp;<\/p>\n<p>Vsebina: gel 50ml<\/p>\n<p>Proizvedeno v Franciji<\/p>\n<div class=\"col\">\n<div class=\"block incilist\">\n<p>&nbsp;<\/p>\n<p>&nbsp;<\/p>\n<\/div>\n<div class=\"block attributes\">\n<h2 class=\"title\"><\/h2>\n<\/div>\n<\/div>\n","protected":false},"excerpt":{"rendered":"<p>Gel z arniko proti bole\u010dini in modricam. Pomaga pri te\u017eavah z revmatizmom, artritisom in zvinih. &nbsp; Arnika (Arnica montana) je zeli\u0161\u010de, ki je \u017ee stoletja znano kot\u00a0 &#8220;zdravilo za padce in udarce&#8221;. Uporablja se za spodbujanje zdravljenja udarcev in modric ter pomaga ubla\u017eiti bole\u010dino. &nbsp; &nbsp; Arniko je dobro imeti vedno pri roki. \u010ce se [&hellip;]<\/p>\n","protected":false},"featured_media":98509,"comment_status":"closed","ping_status":"closed","template":"","meta":{"_uag_custom_page_level_css":"","_monsterinsights_skip_tracking":false,"_monsterinsights_sitenote_active":false,"_monsterinsights_sitenote_note":"","_monsterinsights_sitenote_category":0,"site-sidebar-layout":"default","site-content-layout":"","ast-site-content-layout":"default","site-content-style":"default","site-sidebar-style":"default","ast-global-header-display":"","ast-banner-title-visibility":"","ast-main-header-display":"","ast-hfb-above-header-display":"","ast-hfb-below-header-display":"","ast-hfb-mobile-header-display":"","site-post-title":"","ast-breadcrumbs-content":"","ast-featured-img":"","footer-sml-layout":"","ast-disable-related-posts":"","theme-transparent-header-meta":"","adv-header-id-meta":"","stick-header-meta":"","header-above-stick-meta":"","header-main-stick-meta":"","header-below-stick-meta":"","astra-migrate-meta-layouts":"default","ast-page-background-enabled":"default","ast-page-background-meta":{"desktop":{"background-color":"var(--ast-global-color-4)","background-image":"","background-repeat":"repeat","background-position":"center center","background-size":"auto","background-attachment":"scroll","background-type":"","background-media":"","overlay-type":"","overlay-color":"","overlay-opacity":"","overlay-gradient":""},"tablet":{"background-color":"","background-image":"","background-repeat":"repeat","background-position":"center center","background-size":"auto","background-attachment":"scroll","background-type":"","background-media":"","overlay-type":"","overlay-color":"","overlay-opacity":"","overlay-gradient":""},"mobile":{"background-color":"","background-image":"","background-repeat":"repeat","background-position":"center center","background-size":"auto","background-attachment":"scroll","background-type":"","background-media":"","overlay-type":"","overlay-color":"","overlay-opacity":"","overlay-gradient":""}},"ast-content-background-meta":{"desktop":{"background-color":"var(--ast-global-color-5)","background-image":"","background-repeat":"repeat","background-position":"center center","background-size":"auto","background-attachment":"scroll","background-type":"","background-media":"","overlay-type":"","overlay-color":"","overlay-opacity":"","overlay-gradient":""},"tablet":{"background-color":"var(--ast-global-color-5)","background-image":"","background-repeat":"repeat","background-position":"center center","background-size":"auto","background-attachment":"scroll","background-type":"","background-media":"","overlay-type":"","overlay-color":"","overlay-opacity":"","overlay-gradient":""},"mobile":{"background-color":"var(--ast-global-color-5)","background-image":"","background-repeat":"repeat","background-position":"center center","background-size":"auto","background-attachment":"scroll","background-type":"","background-media":"","overlay-type":"","overlay-color":"","overlay-opacity":"","overlay-gradient":""}}},"product_brand":[],"product_cat":[36,31],"product_tag":[],"class_list":{"0":"post-98508","1":"product","2":"type-product","3":"status-publish","4":"has-post-thumbnail","6":"product_cat-proti-bolecinam","7":"product_cat-za-moske","8":"desktop-align-left","9":"tablet-align-left","10":"mobile-align-left","11":"ast-product-gallery-layout-first-image-large","12":"ast-product-gallery-with-no-image","13":"ast-magnify-disabled","14":"ast-product-tabs-layout-horizontal","16":"first","17":"instock","18":"taxable","19":"shipping-taxable","20":"purchasable","21":"product-type-simple"},"yoast_head":"<!-- This site is optimized with the Yoast SEO plugin v26.9 - https:\/\/yoast.com\/product\/yoast-seo-wordpress\/ -->\n<title>Arnika gel proti bole\u010dini in modricam - Belle.si kozmeti\u010dna trgovina<\/title>\n<meta name=\"robots\" content=\"index, follow, max-snippet:-1, max-image-preview:large, max-video-preview:-1\" \/>\n<link rel=\"canonical\" href=\"https:\/\/www.belle.si\/it\/izdelek\/arnika-gel-proti-bolecinam-in-modricam-revmatizmu\/\" \/>\n<meta property=\"og:locale\" content=\"it_IT\" \/>\n<meta property=\"og:type\" content=\"article\" \/>\n<meta property=\"og:title\" content=\"Arnika gel proti bole\u010dini in modricam - Belle.si kozmeti\u010dna trgovina\" \/>\n<meta property=\"og:description\" content=\"Gel z arniko proti bole\u010dini in modricam. Pomaga pri te\u017eavah z revmatizmom, artritisom in zvinih. &nbsp; Arnika (Arnica montana) je zeli\u0161\u010de, ki je \u017ee stoletja znano kot\u00a0 &#8220;zdravilo za padce in udarce&#8221;. Uporablja se za spodbujanje zdravljenja udarcev in modric ter pomaga ubla\u017eiti bole\u010dino. &nbsp; &nbsp; Arniko je dobro imeti vedno pri roki. \u010ce se [&hellip;]\" \/>\n<meta property=\"og:url\" content=\"https:\/\/www.belle.si\/it\/izdelek\/arnika-gel-proti-bolecinam-in-modricam-revmatizmu\/\" \/>\n<meta property=\"og:site_name\" content=\"Belle.si kozmeti\u010dna trgovina\" \/>\n<meta property=\"article:publisher\" content=\"https:\/\/www.facebook.com\/belle.si.cosmetics\/\" \/>\n<meta property=\"article:modified_time\" content=\"2024-12-29T22:32:17+00:00\" \/>\n<meta property=\"og:image\" content=\"https:\/\/www.belle.si\/wp-content\/uploads\/2022\/10\/arnica_gel.png\" \/>\n\t<meta property=\"og:image:width\" content=\"800\" \/>\n\t<meta property=\"og:image:height\" content=\"800\" \/>\n\t<meta property=\"og:image:type\" content=\"image\/png\" \/>\n<meta name=\"twitter:card\" content=\"summary_large_image\" \/>\n<meta name=\"twitter:label1\" content=\"Tempo di lettura stimato\" \/>\n\t<meta name=\"twitter:data1\" content=\"1 minuto\" \/>\n<script type=\"application\/ld+json\" class=\"yoast-schema-graph\">{\"@context\":\"https:\/\/schema.org\",\"@graph\":[{\"@type\":\"WebPage\",\"@id\":\"https:\/\/www.belle.si\/it\/izdelek\/arnika-gel-proti-bolecinam-in-modricam-revmatizmu\/\",\"url\":\"https:\/\/www.belle.si\/it\/izdelek\/arnika-gel-proti-bolecinam-in-modricam-revmatizmu\/\",\"name\":\"Arnika gel proti bole\u010dini in modricam - Belle.si kozmeti\u010dna trgovina\",\"isPartOf\":{\"@id\":\"https:\/\/www.belle.si\/it\/#website\"},\"primaryImageOfPage\":{\"@id\":\"https:\/\/www.belle.si\/it\/izdelek\/arnika-gel-proti-bolecinam-in-modricam-revmatizmu\/#primaryimage\"},\"image\":{\"@id\":\"https:\/\/www.belle.si\/it\/izdelek\/arnika-gel-proti-bolecinam-in-modricam-revmatizmu\/#primaryimage\"},\"thumbnailUrl\":\"https:\/\/www.belle.si\/wp-content\/uploads\/2022\/10\/arnica_gel.png\",\"datePublished\":\"2020-07-08T13:48:47+00:00\",\"dateModified\":\"2024-12-29T22:32:17+00:00\",\"breadcrumb\":{\"@id\":\"https:\/\/www.belle.si\/it\/izdelek\/arnika-gel-proti-bolecinam-in-modricam-revmatizmu\/#breadcrumb\"},\"inLanguage\":\"it-IT\",\"potentialAction\":[{\"@type\":\"ReadAction\",\"target\":[\"https:\/\/www.belle.si\/it\/izdelek\/arnika-gel-proti-bolecinam-in-modricam-revmatizmu\/\"]}]},{\"@type\":\"ImageObject\",\"inLanguage\":\"it-IT\",\"@id\":\"https:\/\/www.belle.si\/it\/izdelek\/arnika-gel-proti-bolecinam-in-modricam-revmatizmu\/#primaryimage\",\"url\":\"https:\/\/www.belle.si\/wp-content\/uploads\/2022\/10\/arnica_gel.png\",\"contentUrl\":\"https:\/\/www.belle.si\/wp-content\/uploads\/2022\/10\/arnica_gel.png\",\"width\":800,\"height\":800,\"caption\":\"Gel arnika za po\u0161kodbe\"},{\"@type\":\"BreadcrumbList\",\"@id\":\"https:\/\/www.belle.si\/it\/izdelek\/arnika-gel-proti-bolecinam-in-modricam-revmatizmu\/#breadcrumb\",\"itemListElement\":[{\"@type\":\"ListItem\",\"position\":1,\"name\":\"Home\",\"item\":\"https:\/\/www.belle.si\/it\/\"},{\"@type\":\"ListItem\",\"position\":2,\"name\":\"Trgovina\",\"item\":\"https:\/\/www.belle.si\/trgovina\/\"},{\"@type\":\"ListItem\",\"position\":3,\"name\":\"Arnika gel proti bole\u010dini in modricam\"}]},{\"@type\":\"WebSite\",\"@id\":\"https:\/\/www.belle.si\/it\/#website\",\"url\":\"https:\/\/www.belle.si\/it\/\",\"name\":\"Belle.si kozmeti\u010dna trgovina\",\"description\":\"\",\"publisher\":{\"@id\":\"https:\/\/www.belle.si\/it\/#organization\"},\"potentialAction\":[{\"@type\":\"SearchAction\",\"target\":{\"@type\":\"EntryPoint\",\"urlTemplate\":\"https:\/\/www.belle.si\/it\/?s={search_term_string}\"},\"query-input\":{\"@type\":\"PropertyValueSpecification\",\"valueRequired\":true,\"valueName\":\"search_term_string\"}}],\"inLanguage\":\"it-IT\"},{\"@type\":\"Organization\",\"@id\":\"https:\/\/www.belle.si\/it\/#organization\",\"name\":\"Belle.si kozmeti\u010dna trgovina\",\"url\":\"https:\/\/www.belle.si\/it\/\",\"logo\":{\"@type\":\"ImageObject\",\"inLanguage\":\"it-IT\",\"@id\":\"https:\/\/www.belle.si\/it\/#\/schema\/logo\/image\/\",\"url\":\"https:\/\/www.belle.si\/wp-content\/uploads\/2022\/10\/cropped-logo_belle_trgovina.png\",\"contentUrl\":\"https:\/\/www.belle.si\/wp-content\/uploads\/2022\/10\/cropped-logo_belle_trgovina.png\",\"width\":270,\"height\":135,\"caption\":\"Belle.si kozmeti\u010dna trgovina\"},\"image\":{\"@id\":\"https:\/\/www.belle.si\/it\/#\/schema\/logo\/image\/\"},\"sameAs\":[\"https:\/\/www.facebook.com\/belle.si.cosmetics\/\",\"https:\/\/www.instagram.com\/belle.si.cosmetics\/\"]}]}<\/script>\n<!-- \/ Yoast SEO plugin. -->","yoast_head_json":{"title":"Arnika gel proti bole\u010dini in modricam - Belle.si kozmeti\u010dna trgovina","robots":{"index":"index","follow":"follow","max-snippet":"max-snippet:-1","max-image-preview":"max-image-preview:large","max-video-preview":"max-video-preview:-1"},"canonical":"https:\/\/www.belle.si\/it\/izdelek\/arnika-gel-proti-bolecinam-in-modricam-revmatizmu\/","og_locale":"it_IT","og_type":"article","og_title":"Arnika gel proti bole\u010dini in modricam - Belle.si kozmeti\u010dna trgovina","og_description":"Gel z arniko proti bole\u010dini in modricam. Pomaga pri te\u017eavah z revmatizmom, artritisom in zvinih. &nbsp; Arnika (Arnica montana) je zeli\u0161\u010de, ki je \u017ee stoletja znano kot\u00a0 &#8220;zdravilo za padce in udarce&#8221;. Uporablja se za spodbujanje zdravljenja udarcev in modric ter pomaga ubla\u017eiti bole\u010dino. &nbsp; &nbsp; Arniko je dobro imeti vedno pri roki. \u010ce se [&hellip;]","og_url":"https:\/\/www.belle.si\/it\/izdelek\/arnika-gel-proti-bolecinam-in-modricam-revmatizmu\/","og_site_name":"Belle.si kozmeti\u010dna trgovina","article_publisher":"https:\/\/www.facebook.com\/belle.si.cosmetics\/","article_modified_time":"2024-12-29T22:32:17+00:00","og_image":[{"width":800,"height":800,"url":"https:\/\/www.belle.si\/wp-content\/uploads\/2022\/10\/arnica_gel.png","type":"image\/png"}],"twitter_card":"summary_large_image","twitter_misc":{"Tempo di lettura stimato":"1 minuto"},"schema":{"@context":"https:\/\/schema.org","@graph":[{"@type":"WebPage","@id":"https:\/\/www.belle.si\/it\/izdelek\/arnika-gel-proti-bolecinam-in-modricam-revmatizmu\/","url":"https:\/\/www.belle.si\/it\/izdelek\/arnika-gel-proti-bolecinam-in-modricam-revmatizmu\/","name":"Arnika gel proti bole\u010dini in modricam - Belle.si kozmeti\u010dna trgovina","isPartOf":{"@id":"https:\/\/www.belle.si\/it\/#website"},"primaryImageOfPage":{"@id":"https:\/\/www.belle.si\/it\/izdelek\/arnika-gel-proti-bolecinam-in-modricam-revmatizmu\/#primaryimage"},"image":{"@id":"https:\/\/www.belle.si\/it\/izdelek\/arnika-gel-proti-bolecinam-in-modricam-revmatizmu\/#primaryimage"},"thumbnailUrl":"https:\/\/www.belle.si\/wp-content\/uploads\/2022\/10\/arnica_gel.png","datePublished":"2020-07-08T13:48:47+00:00","dateModified":"2024-12-29T22:32:17+00:00","breadcrumb":{"@id":"https:\/\/www.belle.si\/it\/izdelek\/arnika-gel-proti-bolecinam-in-modricam-revmatizmu\/#breadcrumb"},"inLanguage":"it-IT","potentialAction":[{"@type":"ReadAction","target":["https:\/\/www.belle.si\/it\/izdelek\/arnika-gel-proti-bolecinam-in-modricam-revmatizmu\/"]}]},{"@type":"ImageObject","inLanguage":"it-IT","@id":"https:\/\/www.belle.si\/it\/izdelek\/arnika-gel-proti-bolecinam-in-modricam-revmatizmu\/#primaryimage","url":"https:\/\/www.belle.si\/wp-content\/uploads\/2022\/10\/arnica_gel.png","contentUrl":"https:\/\/www.belle.si\/wp-content\/uploads\/2022\/10\/arnica_gel.png","width":800,"height":800,"caption":"Gel arnika za po\u0161kodbe"},{"@type":"BreadcrumbList","@id":"https:\/\/www.belle.si\/it\/izdelek\/arnika-gel-proti-bolecinam-in-modricam-revmatizmu\/#breadcrumb","itemListElement":[{"@type":"ListItem","position":1,"name":"Home","item":"https:\/\/www.belle.si\/it\/"},{"@type":"ListItem","position":2,"name":"Trgovina","item":"https:\/\/www.belle.si\/trgovina\/"},{"@type":"ListItem","position":3,"name":"Arnika gel proti bole\u010dini in modricam"}]},{"@type":"WebSite","@id":"https:\/\/www.belle.si\/it\/#website","url":"https:\/\/www.belle.si\/it\/","name":"Belle.si kozmeti\u010dna trgovina","description":"","publisher":{"@id":"https:\/\/www.belle.si\/it\/#organization"},"potentialAction":[{"@type":"SearchAction","target":{"@type":"EntryPoint","urlTemplate":"https:\/\/www.belle.si\/it\/?s={search_term_string}"},"query-input":{"@type":"PropertyValueSpecification","valueRequired":true,"valueName":"search_term_string"}}],"inLanguage":"it-IT"},{"@type":"Organization","@id":"https:\/\/www.belle.si\/it\/#organization","name":"Belle.si kozmeti\u010dna trgovina","url":"https:\/\/www.belle.si\/it\/","logo":{"@type":"ImageObject","inLanguage":"it-IT","@id":"https:\/\/www.belle.si\/it\/#\/schema\/logo\/image\/","url":"https:\/\/www.belle.si\/wp-content\/uploads\/2022\/10\/cropped-logo_belle_trgovina.png","contentUrl":"https:\/\/www.belle.si\/wp-content\/uploads\/2022\/10\/cropped-logo_belle_trgovina.png","width":270,"height":135,"caption":"Belle.si kozmeti\u010dna trgovina"},"image":{"@id":"https:\/\/www.belle.si\/it\/#\/schema\/logo\/image\/"},"sameAs":["https:\/\/www.facebook.com\/belle.si.cosmetics\/","https:\/\/www.instagram.com\/belle.si.cosmetics\/"]}]}},"uagb_featured_image_src":{"full":["https:\/\/www.belle.si\/wp-content\/uploads\/2022\/10\/arnica_gel.png",800,800,false],"thumbnail":["https:\/\/www.belle.si\/wp-content\/uploads\/2022\/10\/arnica_gel-150x150.png",150,150,true],"medium":["https:\/\/www.belle.si\/wp-content\/uploads\/2022\/10\/arnica_gel-300x300.png",300,300,true],"medium_large":["https:\/\/www.belle.si\/wp-content\/uploads\/2022\/10\/arnica_gel-768x768.png",768,768,true],"large":["https:\/\/www.belle.si\/wp-content\/uploads\/2022\/10\/arnica_gel.png",800,800,false],"1536x1536":["https:\/\/www.belle.si\/wp-content\/uploads\/2022\/10\/arnica_gel.png",800,800,false],"2048x2048":["https:\/\/www.belle.si\/wp-content\/uploads\/2022\/10\/arnica_gel.png",800,800,false],"mailpoet_newsletter_max":["https:\/\/www.belle.si\/wp-content\/uploads\/2022\/10\/arnica_gel.png",800,800,false],"woocommerce_thumbnail":["https:\/\/www.belle.si\/wp-content\/uploads\/2022\/10\/arnica_gel-300x300.png",300,300,true],"woocommerce_single":["https:\/\/www.belle.si\/wp-content\/uploads\/2022\/10\/arnica_gel-600x600.png",600,600,true],"woocommerce_gallery_thumbnail":["https:\/\/www.belle.si\/wp-content\/uploads\/2022\/10\/arnica_gel-100x100.png",100,100,true]},"uagb_author_info":{"display_name":"taja","author_link":"https:\/\/www.belle.si\/it\/author\/"},"uagb_comment_info":0,"uagb_excerpt":"Gel z arniko proti bole\u010dini in modricam. Pomaga pri te\u017eavah z revmatizmom, artritisom in zvinih. &nbsp; Arnika (Arnica montana) je zeli\u0161\u010de, ki je \u017ee stoletja znano kot\u00a0 &#8220;zdravilo za padce in udarce&#8221;. Uporablja se za spodbujanje zdravljenja udarcev in modric ter pomaga ubla\u017eiti bole\u010dino. &nbsp; &nbsp; Arniko je dobro imeti vedno pri roki. \u010ce se&hellip;","_links":{"self":[{"href":"https:\/\/www.belle.si\/it\/wp-json\/wp\/v2\/product\/98508","targetHints":{"allow":["GET"]}}],"collection":[{"href":"https:\/\/www.belle.si\/it\/wp-json\/wp\/v2\/product"}],"about":[{"href":"https:\/\/www.belle.si\/it\/wp-json\/wp\/v2\/types\/product"}],"replies":[{"embeddable":true,"href":"https:\/\/www.belle.si\/it\/wp-json\/wp\/v2\/comments?post=98508"}],"wp:featuredmedia":[{"embeddable":true,"href":"https:\/\/www.belle.si\/it\/wp-json\/wp\/v2\/media\/98509"}],"wp:attachment":[{"href":"https:\/\/www.belle.si\/it\/wp-json\/wp\/v2\/media?parent=98508"}],"wp:term":[{"taxonomy":"product_brand","embeddable":true,"href":"https:\/\/www.belle.si\/it\/wp-json\/wp\/v2\/product_brand?post=98508"},{"taxonomy":"product_cat","embeddable":true,"href":"https:\/\/www.belle.si\/it\/wp-json\/wp\/v2\/product_cat?post=98508"},{"taxonomy":"product_tag","embeddable":true,"href":"https:\/\/www.belle.si\/it\/wp-json\/wp\/v2\/product_tag?post=98508"}],"curies":[{"name":"wp","href":"https:\/\/api.w.org\/{rel}","templated":true}]}}