{"id":98488,"date":"2020-07-08T13:54:04","date_gmt":"2020-07-08T13:54:04","guid":{"rendered":"https:\/\/belle.zabica.org\/?post_type=product&#038;p=98488"},"modified":"2026-02-08T23:08:31","modified_gmt":"2026-02-08T22:08:31","slug":"anti-age-krema-za-obraz","status":"publish","type":"product","link":"https:\/\/www.belle.si\/it\/izdelek\/anti-age-krema-za-obraz\/","title":{"rendered":"Anti-age krema za obraz &#8211; definirane li\u010dnice"},"content":{"rendered":"<div class=\"std\">\n<h2>Krema za \u010dvrsto in napeto ko\u017eo na licih.<\/h2>\n<p>Z leti se ko\u017ea na obrazu in predvsem na licih za\u010dne pove\u0161ati. Obraz izgubi jasen izraz in poteze.<br \/>\nZa te spremembe je odgovorno ve\u010d dejavnikov: izguba vla\u017enosti v tkivih, ohlapnej\u0161e mi\u0161ice in privla\u010dnostna sila.<\/p>\n<p>In\u0161titut Claude Bell je razvil S.R.J. 9, ki vsebuje peptidni derivat Tyr-Arg-Lipo, odkritje laboratorija SEDERMA.<br \/>\nS.R.J. 9 vsebuje inovativno tehnologijo, ki se v celoti osredoto\u010da na elastin in elasti\u010dnost tkiv.<\/p>\n<p>Klini\u010dni testi *<\/p>\n<p>* Teste je opravil neodvisni laboratorij. Rezultati\u00a0 lahko odstopajo od posameznika do posameznika.<\/p>\n<p>Dvomese\u010dna raziskava v kateri je sodelovalo 26 prostovoljk, je potrdila slede\u010de rezultate.<\/p>\n<ul>\n<li>ko\u017ea na obrazu je \u010dvrstej\u0161a in poteze so bolj jasne pri 78%,<\/li>\n<li>ko\u017ea je bolj napeta pri 60%,<\/li>\n<li>poteze na obrazu so se vrnile v prej\u0161nje stanje pri 82%.<\/li>\n<\/ul>\n<p>Na koncu preizkusnega obdobja, se je 84% prostovoljk odlo\u010dilo, da nadaljuje z uporabo kreme.<strong><br \/>\n<\/strong><\/p>\n<\/div>\n<div>\n<div class=\"panel directions\">\n<div class=\"std\">\n<p>&nbsp;<\/p>\n<p>Navodila za uporabo<\/p>\n<p>Kremo nanesite na lica 2x na dan, zjutraj in zve\u010der.<br \/>\nPazite, da vam ne zaide v o\u010di.<\/p>\n<\/div>\n<\/div>\n<div class=\"block incilist\">\n<p>&nbsp;<\/p>\n<\/div>\n<\/div>\n","protected":false},"excerpt":{"rendered":"<p>Krema za \u010dvrsto in napeto ko\u017eo na licih. Z leti se ko\u017ea na obrazu in predvsem na licih za\u010dne pove\u0161ati. Obraz izgubi jasen izraz in poteze. Za te spremembe je odgovorno ve\u010d dejavnikov: izguba vla\u017enosti v tkivih, ohlapnej\u0161e mi\u0161ice in privla\u010dnostna sila. In\u0161titut Claude Bell je razvil S.R.J. 9, ki vsebuje peptidni derivat Tyr-Arg-Lipo, odkritje [&hellip;]<\/p>\n","protected":false},"featured_media":98489,"comment_status":"closed","ping_status":"closed","template":"","meta":{"_uag_custom_page_level_css":"","_monsterinsights_skip_tracking":false,"_monsterinsights_sitenote_active":false,"_monsterinsights_sitenote_note":"","_monsterinsights_sitenote_category":0,"site-sidebar-layout":"default","site-content-layout":"","ast-site-content-layout":"default","site-content-style":"default","site-sidebar-style":"default","ast-global-header-display":"","ast-banner-title-visibility":"","ast-main-header-display":"","ast-hfb-above-header-display":"","ast-hfb-below-header-display":"","ast-hfb-mobile-header-display":"","site-post-title":"","ast-breadcrumbs-content":"","ast-featured-img":"","footer-sml-layout":"","ast-disable-related-posts":"","theme-transparent-header-meta":"","adv-header-id-meta":"","stick-header-meta":"","header-above-stick-meta":"","header-main-stick-meta":"","header-below-stick-meta":"","astra-migrate-meta-layouts":"default","ast-page-background-enabled":"default","ast-page-background-meta":{"desktop":{"background-color":"var(--ast-global-color-4)","background-image":"","background-repeat":"repeat","background-position":"center center","background-size":"auto","background-attachment":"scroll","background-type":"","background-media":"","overlay-type":"","overlay-color":"","overlay-opacity":"","overlay-gradient":""},"tablet":{"background-color":"","background-image":"","background-repeat":"repeat","background-position":"center center","background-size":"auto","background-attachment":"scroll","background-type":"","background-media":"","overlay-type":"","overlay-color":"","overlay-opacity":"","overlay-gradient":""},"mobile":{"background-color":"","background-image":"","background-repeat":"repeat","background-position":"center center","background-size":"auto","background-attachment":"scroll","background-type":"","background-media":"","overlay-type":"","overlay-color":"","overlay-opacity":"","overlay-gradient":""}},"ast-content-background-meta":{"desktop":{"background-color":"var(--ast-global-color-5)","background-image":"","background-repeat":"repeat","background-position":"center center","background-size":"auto","background-attachment":"scroll","background-type":"","background-media":"","overlay-type":"","overlay-color":"","overlay-opacity":"","overlay-gradient":""},"tablet":{"background-color":"var(--ast-global-color-5)","background-image":"","background-repeat":"repeat","background-position":"center center","background-size":"auto","background-attachment":"scroll","background-type":"","background-media":"","overlay-type":"","overlay-color":"","overlay-opacity":"","overlay-gradient":""},"mobile":{"background-color":"var(--ast-global-color-5)","background-image":"","background-repeat":"repeat","background-position":"center center","background-size":"auto","background-attachment":"scroll","background-type":"","background-media":"","overlay-type":"","overlay-color":"","overlay-opacity":"","overlay-gradient":""}}},"product_brand":[],"product_cat":[30],"product_tag":[],"class_list":{"0":"post-98488","1":"product","2":"type-product","3":"status-publish","4":"has-post-thumbnail","6":"product_cat-anti-age-nega-za-obraz","7":"desktop-align-left","8":"tablet-align-left","9":"mobile-align-left","10":"ast-product-gallery-layout-first-image-large","11":"ast-product-gallery-with-no-image","12":"ast-magnify-disabled","13":"ast-product-tabs-layout-horizontal","15":"first","16":"instock","17":"taxable","18":"shipping-taxable","19":"purchasable","20":"product-type-simple"},"yoast_head":"<!-- This site is optimized with the Yoast SEO plugin v26.9 - https:\/\/yoast.com\/product\/yoast-seo-wordpress\/ -->\n<title>Anti-age krema za obraz - definirane li\u010dnice - Belle.si kozmeti\u010dna trgovina<\/title>\n<meta name=\"robots\" content=\"index, follow, max-snippet:-1, max-image-preview:large, max-video-preview:-1\" \/>\n<link rel=\"canonical\" href=\"https:\/\/www.belle.si\/it\/izdelek\/anti-age-krema-za-obraz\/\" \/>\n<meta property=\"og:locale\" content=\"it_IT\" \/>\n<meta property=\"og:type\" content=\"article\" \/>\n<meta property=\"og:title\" content=\"Anti-age krema za obraz - definirane li\u010dnice - Belle.si kozmeti\u010dna trgovina\" \/>\n<meta property=\"og:description\" content=\"Krema za \u010dvrsto in napeto ko\u017eo na licih. Z leti se ko\u017ea na obrazu in predvsem na licih za\u010dne pove\u0161ati. Obraz izgubi jasen izraz in poteze. Za te spremembe je odgovorno ve\u010d dejavnikov: izguba vla\u017enosti v tkivih, ohlapnej\u0161e mi\u0161ice in privla\u010dnostna sila. In\u0161titut Claude Bell je razvil S.R.J. 9, ki vsebuje peptidni derivat Tyr-Arg-Lipo, odkritje [&hellip;]\" \/>\n<meta property=\"og:url\" content=\"https:\/\/www.belle.si\/it\/izdelek\/anti-age-krema-za-obraz\/\" \/>\n<meta property=\"og:site_name\" content=\"Belle.si kozmeti\u010dna trgovina\" \/>\n<meta property=\"article:publisher\" content=\"https:\/\/www.facebook.com\/belle.si.cosmetics\/\" \/>\n<meta property=\"article:modified_time\" content=\"2026-02-08T22:08:31+00:00\" \/>\n<meta property=\"og:image\" content=\"https:\/\/www.belle.si\/wp-content\/uploads\/2022\/10\/krema_napeta_lica.png\" \/>\n\t<meta property=\"og:image:width\" content=\"500\" \/>\n\t<meta property=\"og:image:height\" content=\"500\" \/>\n\t<meta property=\"og:image:type\" content=\"image\/png\" \/>\n<meta name=\"twitter:card\" content=\"summary_large_image\" \/>\n<meta name=\"twitter:label1\" content=\"Tempo di lettura stimato\" \/>\n\t<meta name=\"twitter:data1\" content=\"1 minuto\" \/>\n<script type=\"application\/ld+json\" class=\"yoast-schema-graph\">{\"@context\":\"https:\/\/schema.org\",\"@graph\":[{\"@type\":\"WebPage\",\"@id\":\"https:\/\/www.belle.si\/it\/izdelek\/anti-age-krema-za-obraz\/\",\"url\":\"https:\/\/www.belle.si\/it\/izdelek\/anti-age-krema-za-obraz\/\",\"name\":\"Anti-age krema za obraz - definirane li\u010dnice - Belle.si kozmeti\u010dna trgovina\",\"isPartOf\":{\"@id\":\"https:\/\/www.belle.si\/it\/#website\"},\"primaryImageOfPage\":{\"@id\":\"https:\/\/www.belle.si\/it\/izdelek\/anti-age-krema-za-obraz\/#primaryimage\"},\"image\":{\"@id\":\"https:\/\/www.belle.si\/it\/izdelek\/anti-age-krema-za-obraz\/#primaryimage\"},\"thumbnailUrl\":\"https:\/\/www.belle.si\/wp-content\/uploads\/2022\/10\/krema_napeta_lica.png\",\"datePublished\":\"2020-07-08T13:54:04+00:00\",\"dateModified\":\"2026-02-08T22:08:31+00:00\",\"breadcrumb\":{\"@id\":\"https:\/\/www.belle.si\/it\/izdelek\/anti-age-krema-za-obraz\/#breadcrumb\"},\"inLanguage\":\"it-IT\",\"potentialAction\":[{\"@type\":\"ReadAction\",\"target\":[\"https:\/\/www.belle.si\/it\/izdelek\/anti-age-krema-za-obraz\/\"]}]},{\"@type\":\"ImageObject\",\"inLanguage\":\"it-IT\",\"@id\":\"https:\/\/www.belle.si\/it\/izdelek\/anti-age-krema-za-obraz\/#primaryimage\",\"url\":\"https:\/\/www.belle.si\/wp-content\/uploads\/2022\/10\/krema_napeta_lica.png\",\"contentUrl\":\"https:\/\/www.belle.si\/wp-content\/uploads\/2022\/10\/krema_napeta_lica.png\",\"width\":500,\"height\":500,\"caption\":\"Krema\"},{\"@type\":\"BreadcrumbList\",\"@id\":\"https:\/\/www.belle.si\/it\/izdelek\/anti-age-krema-za-obraz\/#breadcrumb\",\"itemListElement\":[{\"@type\":\"ListItem\",\"position\":1,\"name\":\"Home\",\"item\":\"https:\/\/www.belle.si\/it\/\"},{\"@type\":\"ListItem\",\"position\":2,\"name\":\"Trgovina\",\"item\":\"https:\/\/www.belle.si\/trgovina\/\"},{\"@type\":\"ListItem\",\"position\":3,\"name\":\"Anti-age krema za obraz &#8211; definirane li\u010dnice\"}]},{\"@type\":\"WebSite\",\"@id\":\"https:\/\/www.belle.si\/it\/#website\",\"url\":\"https:\/\/www.belle.si\/it\/\",\"name\":\"Belle.si kozmeti\u010dna trgovina\",\"description\":\"\",\"publisher\":{\"@id\":\"https:\/\/www.belle.si\/it\/#organization\"},\"potentialAction\":[{\"@type\":\"SearchAction\",\"target\":{\"@type\":\"EntryPoint\",\"urlTemplate\":\"https:\/\/www.belle.si\/it\/?s={search_term_string}\"},\"query-input\":{\"@type\":\"PropertyValueSpecification\",\"valueRequired\":true,\"valueName\":\"search_term_string\"}}],\"inLanguage\":\"it-IT\"},{\"@type\":\"Organization\",\"@id\":\"https:\/\/www.belle.si\/it\/#organization\",\"name\":\"Belle.si kozmeti\u010dna trgovina\",\"url\":\"https:\/\/www.belle.si\/it\/\",\"logo\":{\"@type\":\"ImageObject\",\"inLanguage\":\"it-IT\",\"@id\":\"https:\/\/www.belle.si\/it\/#\/schema\/logo\/image\/\",\"url\":\"https:\/\/www.belle.si\/wp-content\/uploads\/2022\/10\/cropped-logo_belle_trgovina.png\",\"contentUrl\":\"https:\/\/www.belle.si\/wp-content\/uploads\/2022\/10\/cropped-logo_belle_trgovina.png\",\"width\":270,\"height\":135,\"caption\":\"Belle.si kozmeti\u010dna trgovina\"},\"image\":{\"@id\":\"https:\/\/www.belle.si\/it\/#\/schema\/logo\/image\/\"},\"sameAs\":[\"https:\/\/www.facebook.com\/belle.si.cosmetics\/\",\"https:\/\/www.instagram.com\/belle.si.cosmetics\/\"]}]}<\/script>\n<!-- \/ Yoast SEO plugin. -->","yoast_head_json":{"title":"Anti-age krema za obraz - definirane li\u010dnice - Belle.si kozmeti\u010dna trgovina","robots":{"index":"index","follow":"follow","max-snippet":"max-snippet:-1","max-image-preview":"max-image-preview:large","max-video-preview":"max-video-preview:-1"},"canonical":"https:\/\/www.belle.si\/it\/izdelek\/anti-age-krema-za-obraz\/","og_locale":"it_IT","og_type":"article","og_title":"Anti-age krema za obraz - definirane li\u010dnice - Belle.si kozmeti\u010dna trgovina","og_description":"Krema za \u010dvrsto in napeto ko\u017eo na licih. Z leti se ko\u017ea na obrazu in predvsem na licih za\u010dne pove\u0161ati. Obraz izgubi jasen izraz in poteze. Za te spremembe je odgovorno ve\u010d dejavnikov: izguba vla\u017enosti v tkivih, ohlapnej\u0161e mi\u0161ice in privla\u010dnostna sila. In\u0161titut Claude Bell je razvil S.R.J. 9, ki vsebuje peptidni derivat Tyr-Arg-Lipo, odkritje [&hellip;]","og_url":"https:\/\/www.belle.si\/it\/izdelek\/anti-age-krema-za-obraz\/","og_site_name":"Belle.si kozmeti\u010dna trgovina","article_publisher":"https:\/\/www.facebook.com\/belle.si.cosmetics\/","article_modified_time":"2026-02-08T22:08:31+00:00","og_image":[{"width":500,"height":500,"url":"https:\/\/www.belle.si\/wp-content\/uploads\/2022\/10\/krema_napeta_lica.png","type":"image\/png"}],"twitter_card":"summary_large_image","twitter_misc":{"Tempo di lettura stimato":"1 minuto"},"schema":{"@context":"https:\/\/schema.org","@graph":[{"@type":"WebPage","@id":"https:\/\/www.belle.si\/it\/izdelek\/anti-age-krema-za-obraz\/","url":"https:\/\/www.belle.si\/it\/izdelek\/anti-age-krema-za-obraz\/","name":"Anti-age krema za obraz - definirane li\u010dnice - Belle.si kozmeti\u010dna trgovina","isPartOf":{"@id":"https:\/\/www.belle.si\/it\/#website"},"primaryImageOfPage":{"@id":"https:\/\/www.belle.si\/it\/izdelek\/anti-age-krema-za-obraz\/#primaryimage"},"image":{"@id":"https:\/\/www.belle.si\/it\/izdelek\/anti-age-krema-za-obraz\/#primaryimage"},"thumbnailUrl":"https:\/\/www.belle.si\/wp-content\/uploads\/2022\/10\/krema_napeta_lica.png","datePublished":"2020-07-08T13:54:04+00:00","dateModified":"2026-02-08T22:08:31+00:00","breadcrumb":{"@id":"https:\/\/www.belle.si\/it\/izdelek\/anti-age-krema-za-obraz\/#breadcrumb"},"inLanguage":"it-IT","potentialAction":[{"@type":"ReadAction","target":["https:\/\/www.belle.si\/it\/izdelek\/anti-age-krema-za-obraz\/"]}]},{"@type":"ImageObject","inLanguage":"it-IT","@id":"https:\/\/www.belle.si\/it\/izdelek\/anti-age-krema-za-obraz\/#primaryimage","url":"https:\/\/www.belle.si\/wp-content\/uploads\/2022\/10\/krema_napeta_lica.png","contentUrl":"https:\/\/www.belle.si\/wp-content\/uploads\/2022\/10\/krema_napeta_lica.png","width":500,"height":500,"caption":"Krema"},{"@type":"BreadcrumbList","@id":"https:\/\/www.belle.si\/it\/izdelek\/anti-age-krema-za-obraz\/#breadcrumb","itemListElement":[{"@type":"ListItem","position":1,"name":"Home","item":"https:\/\/www.belle.si\/it\/"},{"@type":"ListItem","position":2,"name":"Trgovina","item":"https:\/\/www.belle.si\/trgovina\/"},{"@type":"ListItem","position":3,"name":"Anti-age krema za obraz &#8211; definirane li\u010dnice"}]},{"@type":"WebSite","@id":"https:\/\/www.belle.si\/it\/#website","url":"https:\/\/www.belle.si\/it\/","name":"Belle.si kozmeti\u010dna trgovina","description":"","publisher":{"@id":"https:\/\/www.belle.si\/it\/#organization"},"potentialAction":[{"@type":"SearchAction","target":{"@type":"EntryPoint","urlTemplate":"https:\/\/www.belle.si\/it\/?s={search_term_string}"},"query-input":{"@type":"PropertyValueSpecification","valueRequired":true,"valueName":"search_term_string"}}],"inLanguage":"it-IT"},{"@type":"Organization","@id":"https:\/\/www.belle.si\/it\/#organization","name":"Belle.si kozmeti\u010dna trgovina","url":"https:\/\/www.belle.si\/it\/","logo":{"@type":"ImageObject","inLanguage":"it-IT","@id":"https:\/\/www.belle.si\/it\/#\/schema\/logo\/image\/","url":"https:\/\/www.belle.si\/wp-content\/uploads\/2022\/10\/cropped-logo_belle_trgovina.png","contentUrl":"https:\/\/www.belle.si\/wp-content\/uploads\/2022\/10\/cropped-logo_belle_trgovina.png","width":270,"height":135,"caption":"Belle.si kozmeti\u010dna trgovina"},"image":{"@id":"https:\/\/www.belle.si\/it\/#\/schema\/logo\/image\/"},"sameAs":["https:\/\/www.facebook.com\/belle.si.cosmetics\/","https:\/\/www.instagram.com\/belle.si.cosmetics\/"]}]}},"uagb_featured_image_src":{"full":["https:\/\/www.belle.si\/wp-content\/uploads\/2022\/10\/krema_napeta_lica.png",500,500,false],"thumbnail":["https:\/\/www.belle.si\/wp-content\/uploads\/2022\/10\/krema_napeta_lica-150x150.png",150,150,true],"medium":["https:\/\/www.belle.si\/wp-content\/uploads\/2022\/10\/krema_napeta_lica-300x300.png",300,300,true],"medium_large":["https:\/\/www.belle.si\/wp-content\/uploads\/2022\/10\/krema_napeta_lica.png",500,500,false],"large":["https:\/\/www.belle.si\/wp-content\/uploads\/2022\/10\/krema_napeta_lica.png",500,500,false],"1536x1536":["https:\/\/www.belle.si\/wp-content\/uploads\/2022\/10\/krema_napeta_lica.png",500,500,false],"2048x2048":["https:\/\/www.belle.si\/wp-content\/uploads\/2022\/10\/krema_napeta_lica.png",500,500,false],"mailpoet_newsletter_max":["https:\/\/www.belle.si\/wp-content\/uploads\/2022\/10\/krema_napeta_lica.png",500,500,false],"woocommerce_thumbnail":["https:\/\/www.belle.si\/wp-content\/uploads\/2022\/10\/krema_napeta_lica-300x300.png",300,300,true],"woocommerce_single":["https:\/\/www.belle.si\/wp-content\/uploads\/2022\/10\/krema_napeta_lica.png",500,500,false],"woocommerce_gallery_thumbnail":["https:\/\/www.belle.si\/wp-content\/uploads\/2022\/10\/krema_napeta_lica-100x100.png",100,100,true]},"uagb_author_info":{"display_name":"taja","author_link":"https:\/\/www.belle.si\/it\/author\/"},"uagb_comment_info":0,"uagb_excerpt":"Krema za \u010dvrsto in napeto ko\u017eo na licih. Z leti se ko\u017ea na obrazu in predvsem na licih za\u010dne pove\u0161ati. Obraz izgubi jasen izraz in poteze. Za te spremembe je odgovorno ve\u010d dejavnikov: izguba vla\u017enosti v tkivih, ohlapnej\u0161e mi\u0161ice in privla\u010dnostna sila. In\u0161titut Claude Bell je razvil S.R.J. 9, ki vsebuje peptidni derivat Tyr-Arg-Lipo, odkritje&hellip;","_links":{"self":[{"href":"https:\/\/www.belle.si\/it\/wp-json\/wp\/v2\/product\/98488","targetHints":{"allow":["GET"]}}],"collection":[{"href":"https:\/\/www.belle.si\/it\/wp-json\/wp\/v2\/product"}],"about":[{"href":"https:\/\/www.belle.si\/it\/wp-json\/wp\/v2\/types\/product"}],"replies":[{"embeddable":true,"href":"https:\/\/www.belle.si\/it\/wp-json\/wp\/v2\/comments?post=98488"}],"wp:featuredmedia":[{"embeddable":true,"href":"https:\/\/www.belle.si\/it\/wp-json\/wp\/v2\/media\/98489"}],"wp:attachment":[{"href":"https:\/\/www.belle.si\/it\/wp-json\/wp\/v2\/media?parent=98488"}],"wp:term":[{"taxonomy":"product_brand","embeddable":true,"href":"https:\/\/www.belle.si\/it\/wp-json\/wp\/v2\/product_brand?post=98488"},{"taxonomy":"product_cat","embeddable":true,"href":"https:\/\/www.belle.si\/it\/wp-json\/wp\/v2\/product_cat?post=98488"},{"taxonomy":"product_tag","embeddable":true,"href":"https:\/\/www.belle.si\/it\/wp-json\/wp\/v2\/product_tag?post=98488"}],"curies":[{"name":"wp","href":"https:\/\/api.w.org\/{rel}","templated":true}]}}