{"id":98479,"date":"2020-06-06T16:17:13","date_gmt":"2020-06-06T16:17:13","guid":{"rendered":"https:\/\/belle.zabica.org\/?post_type=product&#038;p=98479"},"modified":"2024-12-29T23:32:17","modified_gmt":"2024-12-29T22:32:17","slug":"vrelec-mladosti-anti-age-krema-proti-gubam","status":"publish","type":"product","link":"https:\/\/www.belle.si\/it\/izdelek\/vrelec-mladosti-anti-age-krema-proti-gubam\/","title":{"rendered":"VRELEC MLADOSTI &#8211; ANTI-AGE KREMA PROTI GUBAM"},"content":{"rendered":"<h2 class=\"western\" lang=\"sl-SI\">Fountain de Jounesse &#8211; <b>VRELEC MLADOSTI JE U\u010cINKOVITA KREMA PROTI GUBAM<\/b><\/h2>\n<p class=\"western\" lang=\"sl-SI\" align=\"justify\">Vsi vemo, da se nam leta ka\u017eejo na obrazu, a tega se za\u010dnemo zavedati, ko opazimo prve gubice.<\/p>\n<p class=\"western\" lang=\"sl-SI\" align=\"justify\">S \u010dasom gube postajajo dalj\u0161e, bolj \u0161tevilne in bolj globoke ter stalnica na na\u0161em obrazu.<\/p>\n<p class=\"western\" lang=\"sl-SI\" align=\"justify\">Kmalu se gubam pridru\u017eijo \u0161e drugi znaki staranja:<\/p>\n<ul>\n<li class=\"western\" lang=\"sl-SI\">pove\u0161en obraz,<\/li>\n<li class=\"western\" lang=\"sl-SI\">groba ko\u017ea,<\/li>\n<li class=\"western\" lang=\"sl-SI\">rjave lise,<\/li>\n<li class=\"western\" lang=\"sl-SI\">pordelost,<\/li>\n<li class=\"western\" lang=\"sl-SI\">raz\u0161irjene pore \u2026<\/li>\n<\/ul>\n<p class=\"western\" lang=\"sl-SI\">Na\u0161a ko\u017ea se stara, ker se vse na\u0161e celice naravno starajo, v skladu z na\u0161o biolo\u0161ko uro.<\/p>\n<p class=\"western\" lang=\"sl-SI\">Fountain de Jounesse je anti-age krema za obraz, ki vsebuje zdravilno u\u010dinkovino RENOVAGE in arganovo olje, ki dokazano ja\u010da strukturo celic in jim podalj\u0161a \u017eivljenjsko dobo.<\/p>\n<p class=\"western\" lang=\"sl-SI\">Klini\u010dni testi<span style=\"font-size: small;\"><i>* <\/i><\/span>anti-age kreme Fountain de Jouness<\/p>\n<p class=\"western\" lang=\"sl-SI\">Klini\u010dni testi, ki so bili opravljeni v obdobju \u0161estih mesecev, ka\u017eejo, da krema je Fountain de Jouness u\u010dinkovita anti-age krema, ki dokazano deluje proti staranju ko\u017ee.<\/p>\n<p class=\"western\" lang=\"sl-SI\">Rezultati so pokazali, da se z redno uporabo kreme Fountain de Jouness 1x ali 2x na dan:<\/p>\n<ul>\n<li>\n<p lang=\"sl-SI\">za 38% izbolj\u0161a navla\u017eenost ko\u017ee,<\/p>\n<\/li>\n<li>\n<p lang=\"sl-SI\">za 42% zmanj\u0161a koli\u010dina rjavih lis,<\/p>\n<\/li>\n<li>\n<p lang=\"sl-SI\">za 45%\u00a0 zmanj\u0161a koli\u010dina gub,<\/p>\n<\/li>\n<li>\n<p lang=\"sl-SI\">za 37%\u00a0 zmanj\u0161a koli\u010dina raz\u0161irjenih por,<\/p>\n<\/li>\n<li>\n<p lang=\"sl-SI\">za 30% zmanj\u0161anje starostnih peg.<\/p>\n<\/li>\n<\/ul>\n<p>Ko\u017ea postane za 35% bolj \u010dvrsta, 31% bolj elasti\u010dna in 45% bolj napeta.<\/p>\n<p><img fetchpriority=\"high\" decoding=\"async\" class=\"\" src=\"https:\/\/zmdownload.zoho.com\/view?attachId=138075456889630350&amp;entityType=1&amp;entityId=1588252888764110001&amp;accId=2970152000000008002&amp;height=1024&amp;width=1024\" width=\"401\" height=\"307\" \/><\/p>\n<p class=\"western\" lang=\"sl-SI\"><span style=\"font-size: small;\"><i>*Testi, izvedeni s strani neodvisnih laboratorijev. Rezultati lahko nekoliko odstopajo od posameznika do posameznika.<\/i><\/span><\/p>\n<p class=\"western\" lang=\"sl-SI\">Izjemne rezultate so potrdile tudi stranke, ki so poro\u010dale o u\u010dinkovitosti anti-age kreme <b><strong>Fountain de Jouness<\/strong><\/b><\/p>\n<ul>\n<li>\n<p lang=\"sl-SI\">71% udele\u017eenk je potrdilo, da se jim je zmanj\u0161ala koli\u010dina gub.<\/p>\n<\/li>\n<li>\n<p lang=\"sl-SI\">87% udele\u017eenk je poro\u010dalo o bolj\u0161i pro\u017enosti ko\u017ee.<\/p>\n<\/li>\n<li>\n<p lang=\"sl-SI\">79% udele\u017eenk je poro\u010dalo, da je ko\u017ea bolj enakomerne barve in bolj \u010dvrsta.<\/p>\n<\/li>\n<\/ul>\n<p class=\"western\" lang=\"sl-SI\"><img decoding=\"async\" class=\"\" src=\"https:\/\/zmdownload.zoho.com\/view?attachId=138075456889630340&amp;entityType=1&amp;entityId=1588252888764110001&amp;accId=2970152000000008002&amp;height=1024&amp;width=1024\" width=\"416\" height=\"160\" \/><\/p>\n<p class=\"western\" lang=\"sl-SI\"><b>Navodila za uporabo<\/b><\/p>\n<p class=\"western\" lang=\"sl-SI\">Kremo Fountain de Jouness nanesite vsak dan zjutraj in\/ali zve\u010der.<\/p>\n<p class=\"western\" lang=\"sl-SI\">Izogibajte se stiku z o\u010dmi.<\/p>\n<p lang=\"sl-SI\">Vsebina: krema 50ml<\/p>\n<p lang=\"sl-SI\">Proizvedeno v Franciji<\/p>\n","protected":false},"excerpt":{"rendered":"<p>Fountain de Jounesse &#8211; VRELEC MLADOSTI JE U\u010cINKOVITA KREMA PROTI GUBAM Vsi vemo, da se nam leta ka\u017eejo na obrazu, a tega se za\u010dnemo zavedati, ko opazimo prve gubice. S \u010dasom gube postajajo dalj\u0161e, bolj \u0161tevilne in bolj globoke ter stalnica na na\u0161em obrazu. Kmalu se gubam pridru\u017eijo \u0161e drugi znaki staranja: pove\u0161en obraz, groba [&hellip;]<\/p>\n","protected":false},"featured_media":98480,"comment_status":"closed","ping_status":"closed","template":"","meta":{"_uag_custom_page_level_css":"","_monsterinsights_skip_tracking":false,"_monsterinsights_sitenote_active":false,"_monsterinsights_sitenote_note":"","_monsterinsights_sitenote_category":0,"site-sidebar-layout":"default","site-content-layout":"","ast-site-content-layout":"default","site-content-style":"default","site-sidebar-style":"default","ast-global-header-display":"","ast-banner-title-visibility":"","ast-main-header-display":"","ast-hfb-above-header-display":"","ast-hfb-below-header-display":"","ast-hfb-mobile-header-display":"","site-post-title":"","ast-breadcrumbs-content":"","ast-featured-img":"","footer-sml-layout":"","ast-disable-related-posts":"","theme-transparent-header-meta":"","adv-header-id-meta":"","stick-header-meta":"","header-above-stick-meta":"","header-main-stick-meta":"","header-below-stick-meta":"","astra-migrate-meta-layouts":"default","ast-page-background-enabled":"default","ast-page-background-meta":{"desktop":{"background-color":"var(--ast-global-color-4)","background-image":"","background-repeat":"repeat","background-position":"center center","background-size":"auto","background-attachment":"scroll","background-type":"","background-media":"","overlay-type":"","overlay-color":"","overlay-opacity":"","overlay-gradient":""},"tablet":{"background-color":"","background-image":"","background-repeat":"repeat","background-position":"center center","background-size":"auto","background-attachment":"scroll","background-type":"","background-media":"","overlay-type":"","overlay-color":"","overlay-opacity":"","overlay-gradient":""},"mobile":{"background-color":"","background-image":"","background-repeat":"repeat","background-position":"center center","background-size":"auto","background-attachment":"scroll","background-type":"","background-media":"","overlay-type":"","overlay-color":"","overlay-opacity":"","overlay-gradient":""}},"ast-content-background-meta":{"desktop":{"background-color":"var(--ast-global-color-5)","background-image":"","background-repeat":"repeat","background-position":"center center","background-size":"auto","background-attachment":"scroll","background-type":"","background-media":"","overlay-type":"","overlay-color":"","overlay-opacity":"","overlay-gradient":""},"tablet":{"background-color":"var(--ast-global-color-5)","background-image":"","background-repeat":"repeat","background-position":"center center","background-size":"auto","background-attachment":"scroll","background-type":"","background-media":"","overlay-type":"","overlay-color":"","overlay-opacity":"","overlay-gradient":""},"mobile":{"background-color":"var(--ast-global-color-5)","background-image":"","background-repeat":"repeat","background-position":"center center","background-size":"auto","background-attachment":"scroll","background-type":"","background-media":"","overlay-type":"","overlay-color":"","overlay-opacity":"","overlay-gradient":""}}},"product_brand":[],"product_cat":[30],"product_tag":[],"class_list":{"0":"post-98479","1":"product","2":"type-product","3":"status-publish","4":"has-post-thumbnail","6":"product_cat-anti-age-nega-za-obraz","7":"desktop-align-left","8":"tablet-align-left","9":"mobile-align-left","10":"ast-product-gallery-layout-first-image-large","11":"ast-product-gallery-with-no-image","12":"ast-magnify-disabled","13":"ast-product-tabs-layout-horizontal","15":"first","16":"instock","17":"taxable","18":"shipping-taxable","19":"purchasable","20":"product-type-simple"},"yoast_head":"<!-- This site is optimized with the Yoast SEO plugin v26.9 - https:\/\/yoast.com\/product\/yoast-seo-wordpress\/ -->\n<title>VRELEC MLADOSTI - ANTI-AGE KREMA PROTI GUBAM - Belle.si kozmeti\u010dna trgovina<\/title>\n<meta name=\"robots\" content=\"index, follow, max-snippet:-1, max-image-preview:large, max-video-preview:-1\" \/>\n<link rel=\"canonical\" href=\"https:\/\/www.belle.si\/it\/izdelek\/vrelec-mladosti-anti-age-krema-proti-gubam\/\" \/>\n<meta property=\"og:locale\" content=\"it_IT\" \/>\n<meta property=\"og:type\" content=\"article\" \/>\n<meta property=\"og:title\" content=\"VRELEC MLADOSTI - ANTI-AGE KREMA PROTI GUBAM - Belle.si kozmeti\u010dna trgovina\" \/>\n<meta property=\"og:description\" content=\"Fountain de Jounesse &#8211; VRELEC MLADOSTI JE U\u010cINKOVITA KREMA PROTI GUBAM Vsi vemo, da se nam leta ka\u017eejo na obrazu, a tega se za\u010dnemo zavedati, ko opazimo prve gubice. S \u010dasom gube postajajo dalj\u0161e, bolj \u0161tevilne in bolj globoke ter stalnica na na\u0161em obrazu. Kmalu se gubam pridru\u017eijo \u0161e drugi znaki staranja: pove\u0161en obraz, groba [&hellip;]\" \/>\n<meta property=\"og:url\" content=\"https:\/\/www.belle.si\/it\/izdelek\/vrelec-mladosti-anti-age-krema-proti-gubam\/\" \/>\n<meta property=\"og:site_name\" content=\"Belle.si kozmeti\u010dna trgovina\" \/>\n<meta property=\"article:publisher\" content=\"https:\/\/www.facebook.com\/belle.si.cosmetics\/\" \/>\n<meta property=\"article:modified_time\" content=\"2024-12-29T22:32:17+00:00\" \/>\n<meta property=\"og:image\" content=\"https:\/\/www.belle.si\/wp-content\/uploads\/2022\/10\/proti_gubam_krema_obraz_jeunesse.png\" \/>\n\t<meta property=\"og:image:width\" content=\"800\" \/>\n\t<meta property=\"og:image:height\" content=\"800\" \/>\n\t<meta property=\"og:image:type\" content=\"image\/png\" \/>\n<meta name=\"twitter:card\" content=\"summary_large_image\" \/>\n<meta name=\"twitter:label1\" content=\"Tempo di lettura stimato\" \/>\n\t<meta name=\"twitter:data1\" content=\"2 minuti\" \/>\n<script type=\"application\/ld+json\" class=\"yoast-schema-graph\">{\"@context\":\"https:\/\/schema.org\",\"@graph\":[{\"@type\":\"WebPage\",\"@id\":\"https:\/\/www.belle.si\/it\/izdelek\/vrelec-mladosti-anti-age-krema-proti-gubam\/\",\"url\":\"https:\/\/www.belle.si\/it\/izdelek\/vrelec-mladosti-anti-age-krema-proti-gubam\/\",\"name\":\"VRELEC MLADOSTI - ANTI-AGE KREMA PROTI GUBAM - Belle.si kozmeti\u010dna trgovina\",\"isPartOf\":{\"@id\":\"https:\/\/www.belle.si\/it\/#website\"},\"primaryImageOfPage\":{\"@id\":\"https:\/\/www.belle.si\/it\/izdelek\/vrelec-mladosti-anti-age-krema-proti-gubam\/#primaryimage\"},\"image\":{\"@id\":\"https:\/\/www.belle.si\/it\/izdelek\/vrelec-mladosti-anti-age-krema-proti-gubam\/#primaryimage\"},\"thumbnailUrl\":\"https:\/\/www.belle.si\/wp-content\/uploads\/2022\/10\/proti_gubam_krema_obraz_jeunesse.png\",\"datePublished\":\"2020-06-06T16:17:13+00:00\",\"dateModified\":\"2024-12-29T22:32:17+00:00\",\"breadcrumb\":{\"@id\":\"https:\/\/www.belle.si\/it\/izdelek\/vrelec-mladosti-anti-age-krema-proti-gubam\/#breadcrumb\"},\"inLanguage\":\"it-IT\",\"potentialAction\":[{\"@type\":\"ReadAction\",\"target\":[\"https:\/\/www.belle.si\/it\/izdelek\/vrelec-mladosti-anti-age-krema-proti-gubam\/\"]}]},{\"@type\":\"ImageObject\",\"inLanguage\":\"it-IT\",\"@id\":\"https:\/\/www.belle.si\/it\/izdelek\/vrelec-mladosti-anti-age-krema-proti-gubam\/#primaryimage\",\"url\":\"https:\/\/www.belle.si\/wp-content\/uploads\/2022\/10\/proti_gubam_krema_obraz_jeunesse.png\",\"contentUrl\":\"https:\/\/www.belle.si\/wp-content\/uploads\/2022\/10\/proti_gubam_krema_obraz_jeunesse.png\",\"width\":800,\"height\":800,\"caption\":\"Krema izvor mladosti\"},{\"@type\":\"BreadcrumbList\",\"@id\":\"https:\/\/www.belle.si\/it\/izdelek\/vrelec-mladosti-anti-age-krema-proti-gubam\/#breadcrumb\",\"itemListElement\":[{\"@type\":\"ListItem\",\"position\":1,\"name\":\"Home\",\"item\":\"https:\/\/www.belle.si\/it\/\"},{\"@type\":\"ListItem\",\"position\":2,\"name\":\"Trgovina\",\"item\":\"https:\/\/www.belle.si\/trgovina\/\"},{\"@type\":\"ListItem\",\"position\":3,\"name\":\"VRELEC MLADOSTI &#8211; ANTI-AGE KREMA PROTI GUBAM\"}]},{\"@type\":\"WebSite\",\"@id\":\"https:\/\/www.belle.si\/it\/#website\",\"url\":\"https:\/\/www.belle.si\/it\/\",\"name\":\"Belle.si kozmeti\u010dna trgovina\",\"description\":\"\",\"publisher\":{\"@id\":\"https:\/\/www.belle.si\/it\/#organization\"},\"potentialAction\":[{\"@type\":\"SearchAction\",\"target\":{\"@type\":\"EntryPoint\",\"urlTemplate\":\"https:\/\/www.belle.si\/it\/?s={search_term_string}\"},\"query-input\":{\"@type\":\"PropertyValueSpecification\",\"valueRequired\":true,\"valueName\":\"search_term_string\"}}],\"inLanguage\":\"it-IT\"},{\"@type\":\"Organization\",\"@id\":\"https:\/\/www.belle.si\/it\/#organization\",\"name\":\"Belle.si kozmeti\u010dna trgovina\",\"url\":\"https:\/\/www.belle.si\/it\/\",\"logo\":{\"@type\":\"ImageObject\",\"inLanguage\":\"it-IT\",\"@id\":\"https:\/\/www.belle.si\/it\/#\/schema\/logo\/image\/\",\"url\":\"https:\/\/www.belle.si\/wp-content\/uploads\/2022\/10\/cropped-logo_belle_trgovina.png\",\"contentUrl\":\"https:\/\/www.belle.si\/wp-content\/uploads\/2022\/10\/cropped-logo_belle_trgovina.png\",\"width\":270,\"height\":135,\"caption\":\"Belle.si kozmeti\u010dna trgovina\"},\"image\":{\"@id\":\"https:\/\/www.belle.si\/it\/#\/schema\/logo\/image\/\"},\"sameAs\":[\"https:\/\/www.facebook.com\/belle.si.cosmetics\/\",\"https:\/\/www.instagram.com\/belle.si.cosmetics\/\"]}]}<\/script>\n<!-- \/ Yoast SEO plugin. -->","yoast_head_json":{"title":"VRELEC MLADOSTI - ANTI-AGE KREMA PROTI GUBAM - Belle.si kozmeti\u010dna trgovina","robots":{"index":"index","follow":"follow","max-snippet":"max-snippet:-1","max-image-preview":"max-image-preview:large","max-video-preview":"max-video-preview:-1"},"canonical":"https:\/\/www.belle.si\/it\/izdelek\/vrelec-mladosti-anti-age-krema-proti-gubam\/","og_locale":"it_IT","og_type":"article","og_title":"VRELEC MLADOSTI - ANTI-AGE KREMA PROTI GUBAM - Belle.si kozmeti\u010dna trgovina","og_description":"Fountain de Jounesse &#8211; VRELEC MLADOSTI JE U\u010cINKOVITA KREMA PROTI GUBAM Vsi vemo, da se nam leta ka\u017eejo na obrazu, a tega se za\u010dnemo zavedati, ko opazimo prve gubice. S \u010dasom gube postajajo dalj\u0161e, bolj \u0161tevilne in bolj globoke ter stalnica na na\u0161em obrazu. Kmalu se gubam pridru\u017eijo \u0161e drugi znaki staranja: pove\u0161en obraz, groba [&hellip;]","og_url":"https:\/\/www.belle.si\/it\/izdelek\/vrelec-mladosti-anti-age-krema-proti-gubam\/","og_site_name":"Belle.si kozmeti\u010dna trgovina","article_publisher":"https:\/\/www.facebook.com\/belle.si.cosmetics\/","article_modified_time":"2024-12-29T22:32:17+00:00","og_image":[{"width":800,"height":800,"url":"https:\/\/www.belle.si\/wp-content\/uploads\/2022\/10\/proti_gubam_krema_obraz_jeunesse.png","type":"image\/png"}],"twitter_card":"summary_large_image","twitter_misc":{"Tempo di lettura stimato":"2 minuti"},"schema":{"@context":"https:\/\/schema.org","@graph":[{"@type":"WebPage","@id":"https:\/\/www.belle.si\/it\/izdelek\/vrelec-mladosti-anti-age-krema-proti-gubam\/","url":"https:\/\/www.belle.si\/it\/izdelek\/vrelec-mladosti-anti-age-krema-proti-gubam\/","name":"VRELEC MLADOSTI - ANTI-AGE KREMA PROTI GUBAM - Belle.si kozmeti\u010dna trgovina","isPartOf":{"@id":"https:\/\/www.belle.si\/it\/#website"},"primaryImageOfPage":{"@id":"https:\/\/www.belle.si\/it\/izdelek\/vrelec-mladosti-anti-age-krema-proti-gubam\/#primaryimage"},"image":{"@id":"https:\/\/www.belle.si\/it\/izdelek\/vrelec-mladosti-anti-age-krema-proti-gubam\/#primaryimage"},"thumbnailUrl":"https:\/\/www.belle.si\/wp-content\/uploads\/2022\/10\/proti_gubam_krema_obraz_jeunesse.png","datePublished":"2020-06-06T16:17:13+00:00","dateModified":"2024-12-29T22:32:17+00:00","breadcrumb":{"@id":"https:\/\/www.belle.si\/it\/izdelek\/vrelec-mladosti-anti-age-krema-proti-gubam\/#breadcrumb"},"inLanguage":"it-IT","potentialAction":[{"@type":"ReadAction","target":["https:\/\/www.belle.si\/it\/izdelek\/vrelec-mladosti-anti-age-krema-proti-gubam\/"]}]},{"@type":"ImageObject","inLanguage":"it-IT","@id":"https:\/\/www.belle.si\/it\/izdelek\/vrelec-mladosti-anti-age-krema-proti-gubam\/#primaryimage","url":"https:\/\/www.belle.si\/wp-content\/uploads\/2022\/10\/proti_gubam_krema_obraz_jeunesse.png","contentUrl":"https:\/\/www.belle.si\/wp-content\/uploads\/2022\/10\/proti_gubam_krema_obraz_jeunesse.png","width":800,"height":800,"caption":"Krema izvor mladosti"},{"@type":"BreadcrumbList","@id":"https:\/\/www.belle.si\/it\/izdelek\/vrelec-mladosti-anti-age-krema-proti-gubam\/#breadcrumb","itemListElement":[{"@type":"ListItem","position":1,"name":"Home","item":"https:\/\/www.belle.si\/it\/"},{"@type":"ListItem","position":2,"name":"Trgovina","item":"https:\/\/www.belle.si\/trgovina\/"},{"@type":"ListItem","position":3,"name":"VRELEC MLADOSTI &#8211; ANTI-AGE KREMA PROTI GUBAM"}]},{"@type":"WebSite","@id":"https:\/\/www.belle.si\/it\/#website","url":"https:\/\/www.belle.si\/it\/","name":"Belle.si kozmeti\u010dna trgovina","description":"","publisher":{"@id":"https:\/\/www.belle.si\/it\/#organization"},"potentialAction":[{"@type":"SearchAction","target":{"@type":"EntryPoint","urlTemplate":"https:\/\/www.belle.si\/it\/?s={search_term_string}"},"query-input":{"@type":"PropertyValueSpecification","valueRequired":true,"valueName":"search_term_string"}}],"inLanguage":"it-IT"},{"@type":"Organization","@id":"https:\/\/www.belle.si\/it\/#organization","name":"Belle.si kozmeti\u010dna trgovina","url":"https:\/\/www.belle.si\/it\/","logo":{"@type":"ImageObject","inLanguage":"it-IT","@id":"https:\/\/www.belle.si\/it\/#\/schema\/logo\/image\/","url":"https:\/\/www.belle.si\/wp-content\/uploads\/2022\/10\/cropped-logo_belle_trgovina.png","contentUrl":"https:\/\/www.belle.si\/wp-content\/uploads\/2022\/10\/cropped-logo_belle_trgovina.png","width":270,"height":135,"caption":"Belle.si kozmeti\u010dna trgovina"},"image":{"@id":"https:\/\/www.belle.si\/it\/#\/schema\/logo\/image\/"},"sameAs":["https:\/\/www.facebook.com\/belle.si.cosmetics\/","https:\/\/www.instagram.com\/belle.si.cosmetics\/"]}]}},"uagb_featured_image_src":{"full":["https:\/\/www.belle.si\/wp-content\/uploads\/2022\/10\/proti_gubam_krema_obraz_jeunesse.png",800,800,false],"thumbnail":["https:\/\/www.belle.si\/wp-content\/uploads\/2022\/10\/proti_gubam_krema_obraz_jeunesse-150x150.png",150,150,true],"medium":["https:\/\/www.belle.si\/wp-content\/uploads\/2022\/10\/proti_gubam_krema_obraz_jeunesse-300x300.png",300,300,true],"medium_large":["https:\/\/www.belle.si\/wp-content\/uploads\/2022\/10\/proti_gubam_krema_obraz_jeunesse-768x768.png",768,768,true],"large":["https:\/\/www.belle.si\/wp-content\/uploads\/2022\/10\/proti_gubam_krema_obraz_jeunesse.png",800,800,false],"1536x1536":["https:\/\/www.belle.si\/wp-content\/uploads\/2022\/10\/proti_gubam_krema_obraz_jeunesse.png",800,800,false],"2048x2048":["https:\/\/www.belle.si\/wp-content\/uploads\/2022\/10\/proti_gubam_krema_obraz_jeunesse.png",800,800,false],"mailpoet_newsletter_max":["https:\/\/www.belle.si\/wp-content\/uploads\/2022\/10\/proti_gubam_krema_obraz_jeunesse.png",800,800,false],"woocommerce_thumbnail":["https:\/\/www.belle.si\/wp-content\/uploads\/2022\/10\/proti_gubam_krema_obraz_jeunesse-300x300.png",300,300,true],"woocommerce_single":["https:\/\/www.belle.si\/wp-content\/uploads\/2022\/10\/proti_gubam_krema_obraz_jeunesse-600x600.png",600,600,true],"woocommerce_gallery_thumbnail":["https:\/\/www.belle.si\/wp-content\/uploads\/2022\/10\/proti_gubam_krema_obraz_jeunesse-100x100.png",100,100,true]},"uagb_author_info":{"display_name":"taja","author_link":"https:\/\/www.belle.si\/it\/author\/"},"uagb_comment_info":0,"uagb_excerpt":"Fountain de Jounesse &#8211; VRELEC MLADOSTI JE U\u010cINKOVITA KREMA PROTI GUBAM Vsi vemo, da se nam leta ka\u017eejo na obrazu, a tega se za\u010dnemo zavedati, ko opazimo prve gubice. S \u010dasom gube postajajo dalj\u0161e, bolj \u0161tevilne in bolj globoke ter stalnica na na\u0161em obrazu. Kmalu se gubam pridru\u017eijo \u0161e drugi znaki staranja: pove\u0161en obraz, groba&hellip;","_links":{"self":[{"href":"https:\/\/www.belle.si\/it\/wp-json\/wp\/v2\/product\/98479","targetHints":{"allow":["GET"]}}],"collection":[{"href":"https:\/\/www.belle.si\/it\/wp-json\/wp\/v2\/product"}],"about":[{"href":"https:\/\/www.belle.si\/it\/wp-json\/wp\/v2\/types\/product"}],"replies":[{"embeddable":true,"href":"https:\/\/www.belle.si\/it\/wp-json\/wp\/v2\/comments?post=98479"}],"wp:featuredmedia":[{"embeddable":true,"href":"https:\/\/www.belle.si\/it\/wp-json\/wp\/v2\/media\/98480"}],"wp:attachment":[{"href":"https:\/\/www.belle.si\/it\/wp-json\/wp\/v2\/media?parent=98479"}],"wp:term":[{"taxonomy":"product_brand","embeddable":true,"href":"https:\/\/www.belle.si\/it\/wp-json\/wp\/v2\/product_brand?post=98479"},{"taxonomy":"product_cat","embeddable":true,"href":"https:\/\/www.belle.si\/it\/wp-json\/wp\/v2\/product_cat?post=98479"},{"taxonomy":"product_tag","embeddable":true,"href":"https:\/\/www.belle.si\/it\/wp-json\/wp\/v2\/product_tag?post=98479"}],"curies":[{"name":"wp","href":"https:\/\/api.w.org\/{rel}","templated":true}]}}