{"id":98473,"date":"2020-06-12T11:18:48","date_gmt":"2020-06-12T11:18:48","guid":{"rendered":"https:\/\/belle.zabica.org\/?post_type=product&#038;p=98473"},"modified":"2025-11-10T23:31:50","modified_gmt":"2025-11-10T22:31:50","slug":"izjemna-zdravilna-krema-za-razsirjene-pore","status":"publish","type":"product","link":"https:\/\/www.belle.si\/it\/izdelek\/izjemna-zdravilna-krema-za-razsirjene-pore\/","title":{"rendered":"Izjemna zdravilna krema za raz\u0161irjene pore"},"content":{"rendered":"<div class=\"col\">\n<div class=\"panel description\">\n<h2>Izjemna krema za zdravljenje raz\u0161irjenih por na osnovi naravnih u\u010dinkovin<\/h2>\n<div class=\"std\">\n<p>Ko\u017ea je organ, ki mora dihati zato, da deluje. Pore na ko\u017ei\u00a0 omogo\u010dijo dihanje, izlo\u010danje potu in pretok sebuma skozi bezgavke. V\u010dasih se pore pretirano raz\u0161irijo in postanejo neestetske.<\/p>\n<p>Ko\u017ea se razlikuje pri posameznikih zaradi prehrane in hormonov. V puberteti se pove\u010da koli\u010dina mo\u0161kih hormonov, kar povzro\u010di ve\u010d sebuma in pove\u010danje por, ki se lahko zama\u0161ijo. Posledica so akne na ko\u017ei. Pore se ob\u010dasno raz\u0161irijo, ker\u00a0 nanje vplivajo hormonske (nose\u010dnost, menstruacija menopavza) spremembe ali\u00a0 prehrana, ki je polna ma\u0161\u010dob in sladkorjev.<\/p>\n<p><strong>Zdravilna krema za raz\u0161irjene pore ko\u017eo pomladi in osve\u017ei!<\/strong><\/p>\n<p>Z leti se pore \u0161irijo in poglabljajo, zato je krema za zdravljenje por na naravni osnovi, \u0161e kako dobrodo\u0161la.<\/p>\n<p>Krema je zasnovana tako, da izbolj\u0161a strukturo ko\u017ee in je ta bolj mehka, elasti\u010dna, napeta, dobi enakomerno strukturo in barvo.<\/p>\n<h3>Naravne u\u010dinkovine v sestavi kreme za zdravljenje raz\u0161irjenih por<\/h3>\n<p>Krema proti raz\u0161irjenim poram vsebuje u\u010dinkovino imenovano PORETECT, ki je sestavljena iz rastlinskih ekstraktov lanenega semena in zelene. Krema je proizvedena v Francij, je brez umetnih barvil, ne vsebuje alkohola, ni bila testirana na \u017eivalih, ne vsebuje sestavin \u017eivalskega izvora.<\/p>\n<h3>Testiranje zdravilne kreme za raz\u0161irjene pore<\/h3>\n<p class=\"notes\">*Teste je izvedel neodvisni laboratorij v Franciji. Rezultati se lahko razlikujejo od posameznika do posameznika.<\/p>\n<p>Teste u\u010dinkovitosti zdravilne kreme za pore so izvedli v sodelovanju s\u00a0 34 prostovoljk starih med 35 in 58 let\u00a0 v roku 8 tednov.<\/p>\n<\/div>\n<p>Rezultati so pokazali:<\/p>\n<div class=\"std\">\n<ul>\n<li>Raz\u0161irjene pore niso vplivale tako mo\u010dno na izgled ko\u017ee<\/li>\n<li>Pore so se zmanj\u0161ale in bile manj vidne<\/li>\n<li>Ko\u017ea je postala ne\u017enej\u0161a, bolj napeta in elasti\u010dna<\/li>\n<li>Ko\u017ea je bila videti mlaj\u0161a in bolj zdrava<\/li>\n<\/ul>\n<div class=\"panel directions\">\n<h3 class=\"title\">Navodila za uporabo kreme proti raz\u0161irjenim poram<\/h3>\n<div class=\"std\">\n<p>Kremo ne\u017eno vmasirajte zjutraj v \u010disto in suho ko\u017eo, da se popolnoma vpije.<\/p>\n<p>Li\u010dila lahko uporabljate kot ste navajene.<\/p>\n<p>&nbsp;<\/p>\n<\/div>\n<p>Vsebina: 50ml<\/p>\n<\/div>\n<p>Proizvedeno v Franciji<\/p>\n<\/div>\n<div><\/div>\n<div class=\"std\">\n<div class=\"panel directions\"><\/div>\n<div class=\"panel directions\">\n<div><\/div>\n<div class=\"block incilist\"><\/div>\n<div class=\"block attributes\">\n<h2 class=\"title\"><\/h2>\n<table id=\"product-attribute-specs-table\" class=\"data-table\">\n<colgroup>\n<col width=\"25%\" \/>\n<col \/><\/colgroup>\n<tbody>\n<tr>\n<th class=\"label\"><\/th>\n<td class=\"data\"><\/td>\n<\/tr>\n<\/tbody>\n<\/table>\n<\/div>\n<\/div>\n<\/div>\n<\/div>\n<\/div>\n","protected":false},"excerpt":{"rendered":"<p>Izjemna krema za zdravljenje raz\u0161irjenih por na osnovi naravnih u\u010dinkovin Ko\u017ea je organ, ki mora dihati zato, da deluje. Pore na ko\u017ei\u00a0 omogo\u010dijo dihanje, izlo\u010danje potu in pretok sebuma skozi bezgavke. V\u010dasih se pore pretirano raz\u0161irijo in postanejo neestetske. Ko\u017ea se razlikuje pri posameznikih zaradi prehrane in hormonov. V puberteti se pove\u010da koli\u010dina mo\u0161kih hormonov, [&hellip;]<\/p>\n","protected":false},"featured_media":98474,"comment_status":"closed","ping_status":"closed","template":"","meta":{"_uag_custom_page_level_css":"","_monsterinsights_skip_tracking":false,"_monsterinsights_sitenote_active":false,"_monsterinsights_sitenote_note":"","_monsterinsights_sitenote_category":0,"site-sidebar-layout":"default","site-content-layout":"","ast-site-content-layout":"default","site-content-style":"default","site-sidebar-style":"default","ast-global-header-display":"","ast-banner-title-visibility":"","ast-main-header-display":"","ast-hfb-above-header-display":"","ast-hfb-below-header-display":"","ast-hfb-mobile-header-display":"","site-post-title":"","ast-breadcrumbs-content":"","ast-featured-img":"","footer-sml-layout":"","ast-disable-related-posts":"","theme-transparent-header-meta":"","adv-header-id-meta":"","stick-header-meta":"","header-above-stick-meta":"","header-main-stick-meta":"","header-below-stick-meta":"","astra-migrate-meta-layouts":"default","ast-page-background-enabled":"default","ast-page-background-meta":{"desktop":{"background-color":"var(--ast-global-color-4)","background-image":"","background-repeat":"repeat","background-position":"center center","background-size":"auto","background-attachment":"scroll","background-type":"","background-media":"","overlay-type":"","overlay-color":"","overlay-opacity":"","overlay-gradient":""},"tablet":{"background-color":"","background-image":"","background-repeat":"repeat","background-position":"center center","background-size":"auto","background-attachment":"scroll","background-type":"","background-media":"","overlay-type":"","overlay-color":"","overlay-opacity":"","overlay-gradient":""},"mobile":{"background-color":"","background-image":"","background-repeat":"repeat","background-position":"center center","background-size":"auto","background-attachment":"scroll","background-type":"","background-media":"","overlay-type":"","overlay-color":"","overlay-opacity":"","overlay-gradient":""}},"ast-content-background-meta":{"desktop":{"background-color":"var(--ast-global-color-5)","background-image":"","background-repeat":"repeat","background-position":"center center","background-size":"auto","background-attachment":"scroll","background-type":"","background-media":"","overlay-type":"","overlay-color":"","overlay-opacity":"","overlay-gradient":""},"tablet":{"background-color":"var(--ast-global-color-5)","background-image":"","background-repeat":"repeat","background-position":"center center","background-size":"auto","background-attachment":"scroll","background-type":"","background-media":"","overlay-type":"","overlay-color":"","overlay-opacity":"","overlay-gradient":""},"mobile":{"background-color":"var(--ast-global-color-5)","background-image":"","background-repeat":"repeat","background-position":"center center","background-size":"auto","background-attachment":"scroll","background-type":"","background-media":"","overlay-type":"","overlay-color":"","overlay-opacity":"","overlay-gradient":""}}},"product_brand":[],"product_cat":[30],"product_tag":[],"class_list":{"0":"post-98473","1":"product","2":"type-product","3":"status-publish","4":"has-post-thumbnail","6":"product_cat-anti-age-nega-za-obraz","7":"desktop-align-left","8":"tablet-align-left","9":"mobile-align-left","10":"ast-product-gallery-layout-first-image-large","11":"ast-product-gallery-with-no-image","12":"ast-magnify-disabled","13":"ast-product-tabs-layout-horizontal","15":"first","16":"outofstock","17":"taxable","18":"shipping-taxable","19":"purchasable","20":"product-type-simple"},"yoast_head":"<!-- This site is optimized with the Yoast SEO plugin v26.9 - https:\/\/yoast.com\/product\/yoast-seo-wordpress\/ -->\n<title>Izjemna zdravilna krema za raz\u0161irjene pore - Belle.si kozmeti\u010dna trgovina<\/title>\n<meta name=\"robots\" content=\"index, follow, max-snippet:-1, max-image-preview:large, max-video-preview:-1\" \/>\n<link rel=\"canonical\" href=\"https:\/\/www.belle.si\/it\/izdelek\/izjemna-zdravilna-krema-za-razsirjene-pore\/\" \/>\n<meta property=\"og:locale\" content=\"it_IT\" \/>\n<meta property=\"og:type\" content=\"article\" \/>\n<meta property=\"og:title\" content=\"Izjemna zdravilna krema za raz\u0161irjene pore - Belle.si kozmeti\u010dna trgovina\" \/>\n<meta property=\"og:description\" content=\"Izjemna krema za zdravljenje raz\u0161irjenih por na osnovi naravnih u\u010dinkovin Ko\u017ea je organ, ki mora dihati zato, da deluje. Pore na ko\u017ei\u00a0 omogo\u010dijo dihanje, izlo\u010danje potu in pretok sebuma skozi bezgavke. V\u010dasih se pore pretirano raz\u0161irijo in postanejo neestetske. Ko\u017ea se razlikuje pri posameznikih zaradi prehrane in hormonov. V puberteti se pove\u010da koli\u010dina mo\u0161kih hormonov, [&hellip;]\" \/>\n<meta property=\"og:url\" content=\"https:\/\/www.belle.si\/it\/izdelek\/izjemna-zdravilna-krema-za-razsirjene-pore\/\" \/>\n<meta property=\"og:site_name\" content=\"Belle.si kozmeti\u010dna trgovina\" \/>\n<meta property=\"article:publisher\" content=\"https:\/\/www.facebook.com\/belle.si.cosmetics\/\" \/>\n<meta property=\"article:modified_time\" content=\"2025-11-10T22:31:50+00:00\" \/>\n<meta property=\"og:image\" content=\"https:\/\/www.belle.si\/wp-content\/uploads\/2022\/10\/korektor_za_razsirjene_pore.png\" \/>\n\t<meta property=\"og:image:width\" content=\"800\" \/>\n\t<meta property=\"og:image:height\" content=\"800\" \/>\n\t<meta property=\"og:image:type\" content=\"image\/png\" \/>\n<meta name=\"twitter:card\" content=\"summary_large_image\" \/>\n<meta name=\"twitter:label1\" content=\"Tempo di lettura stimato\" \/>\n\t<meta name=\"twitter:data1\" content=\"2 minuti\" \/>\n<script type=\"application\/ld+json\" class=\"yoast-schema-graph\">{\"@context\":\"https:\/\/schema.org\",\"@graph\":[{\"@type\":\"WebPage\",\"@id\":\"https:\/\/www.belle.si\/it\/izdelek\/izjemna-zdravilna-krema-za-razsirjene-pore\/\",\"url\":\"https:\/\/www.belle.si\/it\/izdelek\/izjemna-zdravilna-krema-za-razsirjene-pore\/\",\"name\":\"Izjemna zdravilna krema za raz\u0161irjene pore - Belle.si kozmeti\u010dna trgovina\",\"isPartOf\":{\"@id\":\"https:\/\/www.belle.si\/it\/#website\"},\"primaryImageOfPage\":{\"@id\":\"https:\/\/www.belle.si\/it\/izdelek\/izjemna-zdravilna-krema-za-razsirjene-pore\/#primaryimage\"},\"image\":{\"@id\":\"https:\/\/www.belle.si\/it\/izdelek\/izjemna-zdravilna-krema-za-razsirjene-pore\/#primaryimage\"},\"thumbnailUrl\":\"https:\/\/www.belle.si\/wp-content\/uploads\/2022\/10\/korektor_za_razsirjene_pore.png\",\"datePublished\":\"2020-06-12T11:18:48+00:00\",\"dateModified\":\"2025-11-10T22:31:50+00:00\",\"breadcrumb\":{\"@id\":\"https:\/\/www.belle.si\/it\/izdelek\/izjemna-zdravilna-krema-za-razsirjene-pore\/#breadcrumb\"},\"inLanguage\":\"it-IT\",\"potentialAction\":[{\"@type\":\"ReadAction\",\"target\":[\"https:\/\/www.belle.si\/it\/izdelek\/izjemna-zdravilna-krema-za-razsirjene-pore\/\"]}]},{\"@type\":\"ImageObject\",\"inLanguage\":\"it-IT\",\"@id\":\"https:\/\/www.belle.si\/it\/izdelek\/izjemna-zdravilna-krema-za-razsirjene-pore\/#primaryimage\",\"url\":\"https:\/\/www.belle.si\/wp-content\/uploads\/2022\/10\/korektor_za_razsirjene_pore.png\",\"contentUrl\":\"https:\/\/www.belle.si\/wp-content\/uploads\/2022\/10\/korektor_za_razsirjene_pore.png\",\"width\":800,\"height\":800,\"caption\":\"Krema korektor za raz\u0161irjene pore\"},{\"@type\":\"BreadcrumbList\",\"@id\":\"https:\/\/www.belle.si\/it\/izdelek\/izjemna-zdravilna-krema-za-razsirjene-pore\/#breadcrumb\",\"itemListElement\":[{\"@type\":\"ListItem\",\"position\":1,\"name\":\"Home\",\"item\":\"https:\/\/www.belle.si\/it\/\"},{\"@type\":\"ListItem\",\"position\":2,\"name\":\"Trgovina\",\"item\":\"https:\/\/www.belle.si\/trgovina\/\"},{\"@type\":\"ListItem\",\"position\":3,\"name\":\"Izjemna zdravilna krema za raz\u0161irjene pore\"}]},{\"@type\":\"WebSite\",\"@id\":\"https:\/\/www.belle.si\/it\/#website\",\"url\":\"https:\/\/www.belle.si\/it\/\",\"name\":\"Belle.si kozmeti\u010dna trgovina\",\"description\":\"\",\"publisher\":{\"@id\":\"https:\/\/www.belle.si\/it\/#organization\"},\"potentialAction\":[{\"@type\":\"SearchAction\",\"target\":{\"@type\":\"EntryPoint\",\"urlTemplate\":\"https:\/\/www.belle.si\/it\/?s={search_term_string}\"},\"query-input\":{\"@type\":\"PropertyValueSpecification\",\"valueRequired\":true,\"valueName\":\"search_term_string\"}}],\"inLanguage\":\"it-IT\"},{\"@type\":\"Organization\",\"@id\":\"https:\/\/www.belle.si\/it\/#organization\",\"name\":\"Belle.si kozmeti\u010dna trgovina\",\"url\":\"https:\/\/www.belle.si\/it\/\",\"logo\":{\"@type\":\"ImageObject\",\"inLanguage\":\"it-IT\",\"@id\":\"https:\/\/www.belle.si\/it\/#\/schema\/logo\/image\/\",\"url\":\"https:\/\/www.belle.si\/wp-content\/uploads\/2022\/10\/cropped-logo_belle_trgovina.png\",\"contentUrl\":\"https:\/\/www.belle.si\/wp-content\/uploads\/2022\/10\/cropped-logo_belle_trgovina.png\",\"width\":270,\"height\":135,\"caption\":\"Belle.si kozmeti\u010dna trgovina\"},\"image\":{\"@id\":\"https:\/\/www.belle.si\/it\/#\/schema\/logo\/image\/\"},\"sameAs\":[\"https:\/\/www.facebook.com\/belle.si.cosmetics\/\",\"https:\/\/www.instagram.com\/belle.si.cosmetics\/\"]}]}<\/script>\n<!-- \/ Yoast SEO plugin. -->","yoast_head_json":{"title":"Izjemna zdravilna krema za raz\u0161irjene pore - Belle.si kozmeti\u010dna trgovina","robots":{"index":"index","follow":"follow","max-snippet":"max-snippet:-1","max-image-preview":"max-image-preview:large","max-video-preview":"max-video-preview:-1"},"canonical":"https:\/\/www.belle.si\/it\/izdelek\/izjemna-zdravilna-krema-za-razsirjene-pore\/","og_locale":"it_IT","og_type":"article","og_title":"Izjemna zdravilna krema za raz\u0161irjene pore - Belle.si kozmeti\u010dna trgovina","og_description":"Izjemna krema za zdravljenje raz\u0161irjenih por na osnovi naravnih u\u010dinkovin Ko\u017ea je organ, ki mora dihati zato, da deluje. Pore na ko\u017ei\u00a0 omogo\u010dijo dihanje, izlo\u010danje potu in pretok sebuma skozi bezgavke. V\u010dasih se pore pretirano raz\u0161irijo in postanejo neestetske. Ko\u017ea se razlikuje pri posameznikih zaradi prehrane in hormonov. V puberteti se pove\u010da koli\u010dina mo\u0161kih hormonov, [&hellip;]","og_url":"https:\/\/www.belle.si\/it\/izdelek\/izjemna-zdravilna-krema-za-razsirjene-pore\/","og_site_name":"Belle.si kozmeti\u010dna trgovina","article_publisher":"https:\/\/www.facebook.com\/belle.si.cosmetics\/","article_modified_time":"2025-11-10T22:31:50+00:00","og_image":[{"width":800,"height":800,"url":"https:\/\/www.belle.si\/wp-content\/uploads\/2022\/10\/korektor_za_razsirjene_pore.png","type":"image\/png"}],"twitter_card":"summary_large_image","twitter_misc":{"Tempo di lettura stimato":"2 minuti"},"schema":{"@context":"https:\/\/schema.org","@graph":[{"@type":"WebPage","@id":"https:\/\/www.belle.si\/it\/izdelek\/izjemna-zdravilna-krema-za-razsirjene-pore\/","url":"https:\/\/www.belle.si\/it\/izdelek\/izjemna-zdravilna-krema-za-razsirjene-pore\/","name":"Izjemna zdravilna krema za raz\u0161irjene pore - Belle.si kozmeti\u010dna trgovina","isPartOf":{"@id":"https:\/\/www.belle.si\/it\/#website"},"primaryImageOfPage":{"@id":"https:\/\/www.belle.si\/it\/izdelek\/izjemna-zdravilna-krema-za-razsirjene-pore\/#primaryimage"},"image":{"@id":"https:\/\/www.belle.si\/it\/izdelek\/izjemna-zdravilna-krema-za-razsirjene-pore\/#primaryimage"},"thumbnailUrl":"https:\/\/www.belle.si\/wp-content\/uploads\/2022\/10\/korektor_za_razsirjene_pore.png","datePublished":"2020-06-12T11:18:48+00:00","dateModified":"2025-11-10T22:31:50+00:00","breadcrumb":{"@id":"https:\/\/www.belle.si\/it\/izdelek\/izjemna-zdravilna-krema-za-razsirjene-pore\/#breadcrumb"},"inLanguage":"it-IT","potentialAction":[{"@type":"ReadAction","target":["https:\/\/www.belle.si\/it\/izdelek\/izjemna-zdravilna-krema-za-razsirjene-pore\/"]}]},{"@type":"ImageObject","inLanguage":"it-IT","@id":"https:\/\/www.belle.si\/it\/izdelek\/izjemna-zdravilna-krema-za-razsirjene-pore\/#primaryimage","url":"https:\/\/www.belle.si\/wp-content\/uploads\/2022\/10\/korektor_za_razsirjene_pore.png","contentUrl":"https:\/\/www.belle.si\/wp-content\/uploads\/2022\/10\/korektor_za_razsirjene_pore.png","width":800,"height":800,"caption":"Krema korektor za raz\u0161irjene pore"},{"@type":"BreadcrumbList","@id":"https:\/\/www.belle.si\/it\/izdelek\/izjemna-zdravilna-krema-za-razsirjene-pore\/#breadcrumb","itemListElement":[{"@type":"ListItem","position":1,"name":"Home","item":"https:\/\/www.belle.si\/it\/"},{"@type":"ListItem","position":2,"name":"Trgovina","item":"https:\/\/www.belle.si\/trgovina\/"},{"@type":"ListItem","position":3,"name":"Izjemna zdravilna krema za raz\u0161irjene pore"}]},{"@type":"WebSite","@id":"https:\/\/www.belle.si\/it\/#website","url":"https:\/\/www.belle.si\/it\/","name":"Belle.si kozmeti\u010dna trgovina","description":"","publisher":{"@id":"https:\/\/www.belle.si\/it\/#organization"},"potentialAction":[{"@type":"SearchAction","target":{"@type":"EntryPoint","urlTemplate":"https:\/\/www.belle.si\/it\/?s={search_term_string}"},"query-input":{"@type":"PropertyValueSpecification","valueRequired":true,"valueName":"search_term_string"}}],"inLanguage":"it-IT"},{"@type":"Organization","@id":"https:\/\/www.belle.si\/it\/#organization","name":"Belle.si kozmeti\u010dna trgovina","url":"https:\/\/www.belle.si\/it\/","logo":{"@type":"ImageObject","inLanguage":"it-IT","@id":"https:\/\/www.belle.si\/it\/#\/schema\/logo\/image\/","url":"https:\/\/www.belle.si\/wp-content\/uploads\/2022\/10\/cropped-logo_belle_trgovina.png","contentUrl":"https:\/\/www.belle.si\/wp-content\/uploads\/2022\/10\/cropped-logo_belle_trgovina.png","width":270,"height":135,"caption":"Belle.si kozmeti\u010dna trgovina"},"image":{"@id":"https:\/\/www.belle.si\/it\/#\/schema\/logo\/image\/"},"sameAs":["https:\/\/www.facebook.com\/belle.si.cosmetics\/","https:\/\/www.instagram.com\/belle.si.cosmetics\/"]}]}},"uagb_featured_image_src":{"full":["https:\/\/www.belle.si\/wp-content\/uploads\/2022\/10\/korektor_za_razsirjene_pore.png",800,800,false],"thumbnail":["https:\/\/www.belle.si\/wp-content\/uploads\/2022\/10\/korektor_za_razsirjene_pore-150x150.png",150,150,true],"medium":["https:\/\/www.belle.si\/wp-content\/uploads\/2022\/10\/korektor_za_razsirjene_pore-300x300.png",300,300,true],"medium_large":["https:\/\/www.belle.si\/wp-content\/uploads\/2022\/10\/korektor_za_razsirjene_pore-768x768.png",768,768,true],"large":["https:\/\/www.belle.si\/wp-content\/uploads\/2022\/10\/korektor_za_razsirjene_pore.png",800,800,false],"1536x1536":["https:\/\/www.belle.si\/wp-content\/uploads\/2022\/10\/korektor_za_razsirjene_pore.png",800,800,false],"2048x2048":["https:\/\/www.belle.si\/wp-content\/uploads\/2022\/10\/korektor_za_razsirjene_pore.png",800,800,false],"mailpoet_newsletter_max":["https:\/\/www.belle.si\/wp-content\/uploads\/2022\/10\/korektor_za_razsirjene_pore.png",800,800,false],"woocommerce_thumbnail":["https:\/\/www.belle.si\/wp-content\/uploads\/2022\/10\/korektor_za_razsirjene_pore-300x300.png",300,300,true],"woocommerce_single":["https:\/\/www.belle.si\/wp-content\/uploads\/2022\/10\/korektor_za_razsirjene_pore-600x600.png",600,600,true],"woocommerce_gallery_thumbnail":["https:\/\/www.belle.si\/wp-content\/uploads\/2022\/10\/korektor_za_razsirjene_pore-100x100.png",100,100,true]},"uagb_author_info":{"display_name":"taja","author_link":"https:\/\/www.belle.si\/it\/author\/"},"uagb_comment_info":0,"uagb_excerpt":"Izjemna krema za zdravljenje raz\u0161irjenih por na osnovi naravnih u\u010dinkovin Ko\u017ea je organ, ki mora dihati zato, da deluje. Pore na ko\u017ei\u00a0 omogo\u010dijo dihanje, izlo\u010danje potu in pretok sebuma skozi bezgavke. V\u010dasih se pore pretirano raz\u0161irijo in postanejo neestetske. Ko\u017ea se razlikuje pri posameznikih zaradi prehrane in hormonov. V puberteti se pove\u010da koli\u010dina mo\u0161kih hormonov,&hellip;","_links":{"self":[{"href":"https:\/\/www.belle.si\/it\/wp-json\/wp\/v2\/product\/98473","targetHints":{"allow":["GET"]}}],"collection":[{"href":"https:\/\/www.belle.si\/it\/wp-json\/wp\/v2\/product"}],"about":[{"href":"https:\/\/www.belle.si\/it\/wp-json\/wp\/v2\/types\/product"}],"replies":[{"embeddable":true,"href":"https:\/\/www.belle.si\/it\/wp-json\/wp\/v2\/comments?post=98473"}],"wp:featuredmedia":[{"embeddable":true,"href":"https:\/\/www.belle.si\/it\/wp-json\/wp\/v2\/media\/98474"}],"wp:attachment":[{"href":"https:\/\/www.belle.si\/it\/wp-json\/wp\/v2\/media?parent=98473"}],"wp:term":[{"taxonomy":"product_brand","embeddable":true,"href":"https:\/\/www.belle.si\/it\/wp-json\/wp\/v2\/product_brand?post=98473"},{"taxonomy":"product_cat","embeddable":true,"href":"https:\/\/www.belle.si\/it\/wp-json\/wp\/v2\/product_cat?post=98473"},{"taxonomy":"product_tag","embeddable":true,"href":"https:\/\/www.belle.si\/it\/wp-json\/wp\/v2\/product_tag?post=98473"}],"curies":[{"name":"wp","href":"https:\/\/api.w.org\/{rel}","templated":true}]}}