{"id":98465,"date":"2020-06-25T21:01:26","date_gmt":"2020-06-25T21:01:26","guid":{"rendered":"https:\/\/belle.zabica.org\/?post_type=product&#038;p=98465"},"modified":"2025-11-10T23:31:32","modified_gmt":"2025-11-10T22:31:32","slug":"serum-z-vitaminom-c-za-intenzivno-obnovo-koze","status":"publish","type":"product","link":"https:\/\/www.belle.si\/it\/izdelek\/serum-z-vitaminom-c-za-intenzivno-obnovo-koze\/","title":{"rendered":"Serum z vitaminom C za intenzivno obnovo ko\u017ee"},"content":{"rendered":"<div class=\"col\">\n<div class=\"panel description\">\n<h2><strong>Vitamin C je naravni pomlajevalec za ko\u017eo! <\/strong><\/h2>\n<h3><strong>Idealen je za odpravljanje temnih lis in gub na obrazu.<br \/>\n<\/strong><\/h3>\n<div class=\"std\">\n<p>Vitamin C spodbuja sintezo kolagena, ki je odgovoren za \u010dvrstost in elasti\u010dnost ko\u017ee. Pomaga ko\u017ei pri obnovi, potem ko je bila izpostavljena soncu.<\/p>\n<p>Zmanj\u0161uje proizvodnjo melanina, ki povzro\u010da temne lise.<\/p>\n<p>Ima tudi mo\u010dan ANTIOKSIDACIJSKI\u00a0 u\u010dinek, ki nevtralizira proste radikale, ki jih povzro\u010dajo UV \u017earki, stres, kajenje in onesna\u017eenja okolja.<\/p>\n<p>Ko je ko\u017ea izpostavljena son\u010dni svetlobi, jo vitamin C u\u010dinkovito obnavlja, kar pomaga pri boju proti gubam.<\/p>\n<p>Vitamin C tudi zgladi in pomladi ko\u017eo ter ji vrne sijaj.<\/p>\n<p>&nbsp;<\/p>\n<p><strong>Klini\u010dni testi u\u010dinkovitost seruma za obraz z vitaminom C *<\/strong><\/p>\n<p class=\"notes\">* Teste je opravil neodvisni laboratorij. Rezultati se lahko razlikujejo od posameznika do posameznika.<\/p>\n<p>Klini\u010dne teste so izvedli z dvajsetimi prostovoljci, starimi med 31 in 56 let.<\/p>\n<\/div>\n<p>rezultati testov so pokazali, da:<\/p>\n<div class=\"std\">\n<ul>\n<li>Ko\u017ea je postala bolj \u010dvrsta in elasti\u010dna<\/li>\n<li>Polt je bila bolj sijo\u010da in zdrava na pogled.<\/li>\n<li>Zbledele so temne lise, ki kvarijo enakomeren ten ko\u017ee.<\/li>\n<li>Po 28 dneh se je zmanj\u0161alo \u0161tevilo gub za 36% *<\/li>\n<\/ul>\n<\/div>\n<\/div>\n<\/div>\n<p>&nbsp;<\/p>\n<p><strong>Navodila za uporabo seruma za obraz z vitaminom C proti temnim lisam in gubam na obrazu<\/strong><\/p>\n<div class=\"col\">\n<div class=\"panel directions\">\n<div class=\"std\">\n<div class=\"panel directions\">\n<div class=\"std\">\n<p>Energijski serum z vitaminom C zjutraj nanesite na suho, o\u010di\u0161\u010deno ko\u017eo.<\/p>\n<p>Izogibajte se dolgotrajnemu izpostavljanju soncu.<\/p>\n<p>Pazite, da vam serum ne zaide v o\u010di. V primeru, da pride v stik z o\u010dmi\u00a0 sperite z veliko vode.<\/p>\n<\/div>\n<p>Vsebina: 15ml<\/p>\n<p>Izdelano v Franciji.<\/p>\n<\/div>\n<\/div>\n<\/div>\n<\/div>\n<p>&nbsp;<\/p>\n<div class=\"col\">\n<div class=\"block incilist\">\n<h2 class=\"title\"><\/h2>\n<p>&nbsp;<\/p>\n<\/div>\n<div class=\"block attributes\">\n<h2 class=\"title\"><\/h2>\n<table id=\"product-attribute-specs-table\" class=\"data-table\">\n<colgroup>\n<col width=\"25%\" \/>\n<col \/> <\/colgroup>\n<tbody>\n<tr>\n<th class=\"label\"><\/th>\n<\/tr>\n<\/tbody>\n<\/table>\n<\/div>\n<\/div>\n","protected":false},"excerpt":{"rendered":"<p>Vitamin C je naravni pomlajevalec za ko\u017eo! Idealen je za odpravljanje temnih lis in gub na obrazu. Vitamin C spodbuja sintezo kolagena, ki je odgovoren za \u010dvrstost in elasti\u010dnost ko\u017ee. Pomaga ko\u017ei pri obnovi, potem ko je bila izpostavljena soncu. Zmanj\u0161uje proizvodnjo melanina, ki povzro\u010da temne lise. Ima tudi mo\u010dan ANTIOKSIDACIJSKI\u00a0 u\u010dinek, ki nevtralizira proste [&hellip;]<\/p>\n","protected":false},"featured_media":98466,"comment_status":"closed","ping_status":"closed","template":"","meta":{"_uag_custom_page_level_css":"","_monsterinsights_skip_tracking":false,"_monsterinsights_sitenote_active":false,"_monsterinsights_sitenote_note":"","_monsterinsights_sitenote_category":0,"site-sidebar-layout":"default","site-content-layout":"","ast-site-content-layout":"default","site-content-style":"default","site-sidebar-style":"default","ast-global-header-display":"","ast-banner-title-visibility":"","ast-main-header-display":"","ast-hfb-above-header-display":"","ast-hfb-below-header-display":"","ast-hfb-mobile-header-display":"","site-post-title":"","ast-breadcrumbs-content":"","ast-featured-img":"","footer-sml-layout":"","ast-disable-related-posts":"","theme-transparent-header-meta":"","adv-header-id-meta":"","stick-header-meta":"","header-above-stick-meta":"","header-main-stick-meta":"","header-below-stick-meta":"","astra-migrate-meta-layouts":"default","ast-page-background-enabled":"default","ast-page-background-meta":{"desktop":{"background-color":"var(--ast-global-color-4)","background-image":"","background-repeat":"repeat","background-position":"center center","background-size":"auto","background-attachment":"scroll","background-type":"","background-media":"","overlay-type":"","overlay-color":"","overlay-opacity":"","overlay-gradient":""},"tablet":{"background-color":"","background-image":"","background-repeat":"repeat","background-position":"center center","background-size":"auto","background-attachment":"scroll","background-type":"","background-media":"","overlay-type":"","overlay-color":"","overlay-opacity":"","overlay-gradient":""},"mobile":{"background-color":"","background-image":"","background-repeat":"repeat","background-position":"center center","background-size":"auto","background-attachment":"scroll","background-type":"","background-media":"","overlay-type":"","overlay-color":"","overlay-opacity":"","overlay-gradient":""}},"ast-content-background-meta":{"desktop":{"background-color":"var(--ast-global-color-5)","background-image":"","background-repeat":"repeat","background-position":"center center","background-size":"auto","background-attachment":"scroll","background-type":"","background-media":"","overlay-type":"","overlay-color":"","overlay-opacity":"","overlay-gradient":""},"tablet":{"background-color":"var(--ast-global-color-5)","background-image":"","background-repeat":"repeat","background-position":"center center","background-size":"auto","background-attachment":"scroll","background-type":"","background-media":"","overlay-type":"","overlay-color":"","overlay-opacity":"","overlay-gradient":""},"mobile":{"background-color":"var(--ast-global-color-5)","background-image":"","background-repeat":"repeat","background-position":"center center","background-size":"auto","background-attachment":"scroll","background-type":"","background-media":"","overlay-type":"","overlay-color":"","overlay-opacity":"","overlay-gradient":""}}},"product_brand":[],"product_cat":[30],"product_tag":[],"class_list":{"0":"post-98465","1":"product","2":"type-product","3":"status-publish","4":"has-post-thumbnail","6":"product_cat-anti-age-nega-za-obraz","7":"desktop-align-left","8":"tablet-align-left","9":"mobile-align-left","10":"ast-product-gallery-layout-first-image-large","11":"ast-product-gallery-with-no-image","12":"ast-magnify-disabled","13":"ast-product-tabs-layout-horizontal","15":"first","16":"outofstock","17":"taxable","18":"shipping-taxable","19":"purchasable","20":"product-type-simple"},"yoast_head":"<!-- This site is optimized with the Yoast SEO plugin v26.9 - https:\/\/yoast.com\/product\/yoast-seo-wordpress\/ -->\n<title>Serum z vitaminom C za intenzivno obnovo ko\u017ee - Belle.si kozmeti\u010dna trgovina<\/title>\n<meta name=\"robots\" content=\"index, follow, max-snippet:-1, max-image-preview:large, max-video-preview:-1\" \/>\n<link rel=\"canonical\" href=\"https:\/\/www.belle.si\/it\/izdelek\/serum-z-vitaminom-c-za-intenzivno-obnovo-koze\/\" \/>\n<meta property=\"og:locale\" content=\"it_IT\" \/>\n<meta property=\"og:type\" content=\"article\" \/>\n<meta property=\"og:title\" content=\"Serum z vitaminom C za intenzivno obnovo ko\u017ee - Belle.si kozmeti\u010dna trgovina\" \/>\n<meta property=\"og:description\" content=\"Vitamin C je naravni pomlajevalec za ko\u017eo! Idealen je za odpravljanje temnih lis in gub na obrazu. Vitamin C spodbuja sintezo kolagena, ki je odgovoren za \u010dvrstost in elasti\u010dnost ko\u017ee. Pomaga ko\u017ei pri obnovi, potem ko je bila izpostavljena soncu. Zmanj\u0161uje proizvodnjo melanina, ki povzro\u010da temne lise. Ima tudi mo\u010dan ANTIOKSIDACIJSKI\u00a0 u\u010dinek, ki nevtralizira proste [&hellip;]\" \/>\n<meta property=\"og:url\" content=\"https:\/\/www.belle.si\/it\/izdelek\/serum-z-vitaminom-c-za-intenzivno-obnovo-koze\/\" \/>\n<meta property=\"og:site_name\" content=\"Belle.si kozmeti\u010dna trgovina\" \/>\n<meta property=\"article:publisher\" content=\"https:\/\/www.facebook.com\/belle.si.cosmetics\/\" \/>\n<meta property=\"article:modified_time\" content=\"2025-11-10T22:31:32+00:00\" \/>\n<meta property=\"og:image\" content=\"https:\/\/www.belle.si\/wp-content\/uploads\/2022\/10\/seruma_obraz_vitamin_c.png\" \/>\n\t<meta property=\"og:image:width\" content=\"800\" \/>\n\t<meta property=\"og:image:height\" content=\"800\" \/>\n\t<meta property=\"og:image:type\" content=\"image\/png\" \/>\n<meta name=\"twitter:card\" content=\"summary_large_image\" \/>\n<meta name=\"twitter:label1\" content=\"Tempo di lettura stimato\" \/>\n\t<meta name=\"twitter:data1\" content=\"1 minuto\" \/>\n<script type=\"application\/ld+json\" class=\"yoast-schema-graph\">{\"@context\":\"https:\/\/schema.org\",\"@graph\":[{\"@type\":\"WebPage\",\"@id\":\"https:\/\/www.belle.si\/it\/izdelek\/serum-z-vitaminom-c-za-intenzivno-obnovo-koze\/\",\"url\":\"https:\/\/www.belle.si\/it\/izdelek\/serum-z-vitaminom-c-za-intenzivno-obnovo-koze\/\",\"name\":\"Serum z vitaminom C za intenzivno obnovo ko\u017ee - Belle.si kozmeti\u010dna trgovina\",\"isPartOf\":{\"@id\":\"https:\/\/www.belle.si\/it\/#website\"},\"primaryImageOfPage\":{\"@id\":\"https:\/\/www.belle.si\/it\/izdelek\/serum-z-vitaminom-c-za-intenzivno-obnovo-koze\/#primaryimage\"},\"image\":{\"@id\":\"https:\/\/www.belle.si\/it\/izdelek\/serum-z-vitaminom-c-za-intenzivno-obnovo-koze\/#primaryimage\"},\"thumbnailUrl\":\"https:\/\/www.belle.si\/wp-content\/uploads\/2022\/10\/seruma_obraz_vitamin_c.png\",\"datePublished\":\"2020-06-25T21:01:26+00:00\",\"dateModified\":\"2025-11-10T22:31:32+00:00\",\"breadcrumb\":{\"@id\":\"https:\/\/www.belle.si\/it\/izdelek\/serum-z-vitaminom-c-za-intenzivno-obnovo-koze\/#breadcrumb\"},\"inLanguage\":\"it-IT\",\"potentialAction\":[{\"@type\":\"ReadAction\",\"target\":[\"https:\/\/www.belle.si\/it\/izdelek\/serum-z-vitaminom-c-za-intenzivno-obnovo-koze\/\"]}]},{\"@type\":\"ImageObject\",\"inLanguage\":\"it-IT\",\"@id\":\"https:\/\/www.belle.si\/it\/izdelek\/serum-z-vitaminom-c-za-intenzivno-obnovo-koze\/#primaryimage\",\"url\":\"https:\/\/www.belle.si\/wp-content\/uploads\/2022\/10\/seruma_obraz_vitamin_c.png\",\"contentUrl\":\"https:\/\/www.belle.si\/wp-content\/uploads\/2022\/10\/seruma_obraz_vitamin_c.png\",\"width\":800,\"height\":800,\"caption\":\"Serum za obraz z vitaminom C\"},{\"@type\":\"BreadcrumbList\",\"@id\":\"https:\/\/www.belle.si\/it\/izdelek\/serum-z-vitaminom-c-za-intenzivno-obnovo-koze\/#breadcrumb\",\"itemListElement\":[{\"@type\":\"ListItem\",\"position\":1,\"name\":\"Home\",\"item\":\"https:\/\/www.belle.si\/it\/\"},{\"@type\":\"ListItem\",\"position\":2,\"name\":\"Trgovina\",\"item\":\"https:\/\/www.belle.si\/trgovina\/\"},{\"@type\":\"ListItem\",\"position\":3,\"name\":\"Serum z vitaminom C za intenzivno obnovo ko\u017ee\"}]},{\"@type\":\"WebSite\",\"@id\":\"https:\/\/www.belle.si\/it\/#website\",\"url\":\"https:\/\/www.belle.si\/it\/\",\"name\":\"Belle.si kozmeti\u010dna trgovina\",\"description\":\"\",\"publisher\":{\"@id\":\"https:\/\/www.belle.si\/it\/#organization\"},\"potentialAction\":[{\"@type\":\"SearchAction\",\"target\":{\"@type\":\"EntryPoint\",\"urlTemplate\":\"https:\/\/www.belle.si\/it\/?s={search_term_string}\"},\"query-input\":{\"@type\":\"PropertyValueSpecification\",\"valueRequired\":true,\"valueName\":\"search_term_string\"}}],\"inLanguage\":\"it-IT\"},{\"@type\":\"Organization\",\"@id\":\"https:\/\/www.belle.si\/it\/#organization\",\"name\":\"Belle.si kozmeti\u010dna trgovina\",\"url\":\"https:\/\/www.belle.si\/it\/\",\"logo\":{\"@type\":\"ImageObject\",\"inLanguage\":\"it-IT\",\"@id\":\"https:\/\/www.belle.si\/it\/#\/schema\/logo\/image\/\",\"url\":\"https:\/\/www.belle.si\/wp-content\/uploads\/2022\/10\/cropped-logo_belle_trgovina.png\",\"contentUrl\":\"https:\/\/www.belle.si\/wp-content\/uploads\/2022\/10\/cropped-logo_belle_trgovina.png\",\"width\":270,\"height\":135,\"caption\":\"Belle.si kozmeti\u010dna trgovina\"},\"image\":{\"@id\":\"https:\/\/www.belle.si\/it\/#\/schema\/logo\/image\/\"},\"sameAs\":[\"https:\/\/www.facebook.com\/belle.si.cosmetics\/\",\"https:\/\/www.instagram.com\/belle.si.cosmetics\/\"]}]}<\/script>\n<!-- \/ Yoast SEO plugin. -->","yoast_head_json":{"title":"Serum z vitaminom C za intenzivno obnovo ko\u017ee - Belle.si kozmeti\u010dna trgovina","robots":{"index":"index","follow":"follow","max-snippet":"max-snippet:-1","max-image-preview":"max-image-preview:large","max-video-preview":"max-video-preview:-1"},"canonical":"https:\/\/www.belle.si\/it\/izdelek\/serum-z-vitaminom-c-za-intenzivno-obnovo-koze\/","og_locale":"it_IT","og_type":"article","og_title":"Serum z vitaminom C za intenzivno obnovo ko\u017ee - Belle.si kozmeti\u010dna trgovina","og_description":"Vitamin C je naravni pomlajevalec za ko\u017eo! Idealen je za odpravljanje temnih lis in gub na obrazu. Vitamin C spodbuja sintezo kolagena, ki je odgovoren za \u010dvrstost in elasti\u010dnost ko\u017ee. Pomaga ko\u017ei pri obnovi, potem ko je bila izpostavljena soncu. Zmanj\u0161uje proizvodnjo melanina, ki povzro\u010da temne lise. Ima tudi mo\u010dan ANTIOKSIDACIJSKI\u00a0 u\u010dinek, ki nevtralizira proste [&hellip;]","og_url":"https:\/\/www.belle.si\/it\/izdelek\/serum-z-vitaminom-c-za-intenzivno-obnovo-koze\/","og_site_name":"Belle.si kozmeti\u010dna trgovina","article_publisher":"https:\/\/www.facebook.com\/belle.si.cosmetics\/","article_modified_time":"2025-11-10T22:31:32+00:00","og_image":[{"width":800,"height":800,"url":"https:\/\/www.belle.si\/wp-content\/uploads\/2022\/10\/seruma_obraz_vitamin_c.png","type":"image\/png"}],"twitter_card":"summary_large_image","twitter_misc":{"Tempo di lettura stimato":"1 minuto"},"schema":{"@context":"https:\/\/schema.org","@graph":[{"@type":"WebPage","@id":"https:\/\/www.belle.si\/it\/izdelek\/serum-z-vitaminom-c-za-intenzivno-obnovo-koze\/","url":"https:\/\/www.belle.si\/it\/izdelek\/serum-z-vitaminom-c-za-intenzivno-obnovo-koze\/","name":"Serum z vitaminom C za intenzivno obnovo ko\u017ee - Belle.si kozmeti\u010dna trgovina","isPartOf":{"@id":"https:\/\/www.belle.si\/it\/#website"},"primaryImageOfPage":{"@id":"https:\/\/www.belle.si\/it\/izdelek\/serum-z-vitaminom-c-za-intenzivno-obnovo-koze\/#primaryimage"},"image":{"@id":"https:\/\/www.belle.si\/it\/izdelek\/serum-z-vitaminom-c-za-intenzivno-obnovo-koze\/#primaryimage"},"thumbnailUrl":"https:\/\/www.belle.si\/wp-content\/uploads\/2022\/10\/seruma_obraz_vitamin_c.png","datePublished":"2020-06-25T21:01:26+00:00","dateModified":"2025-11-10T22:31:32+00:00","breadcrumb":{"@id":"https:\/\/www.belle.si\/it\/izdelek\/serum-z-vitaminom-c-za-intenzivno-obnovo-koze\/#breadcrumb"},"inLanguage":"it-IT","potentialAction":[{"@type":"ReadAction","target":["https:\/\/www.belle.si\/it\/izdelek\/serum-z-vitaminom-c-za-intenzivno-obnovo-koze\/"]}]},{"@type":"ImageObject","inLanguage":"it-IT","@id":"https:\/\/www.belle.si\/it\/izdelek\/serum-z-vitaminom-c-za-intenzivno-obnovo-koze\/#primaryimage","url":"https:\/\/www.belle.si\/wp-content\/uploads\/2022\/10\/seruma_obraz_vitamin_c.png","contentUrl":"https:\/\/www.belle.si\/wp-content\/uploads\/2022\/10\/seruma_obraz_vitamin_c.png","width":800,"height":800,"caption":"Serum za obraz z vitaminom C"},{"@type":"BreadcrumbList","@id":"https:\/\/www.belle.si\/it\/izdelek\/serum-z-vitaminom-c-za-intenzivno-obnovo-koze\/#breadcrumb","itemListElement":[{"@type":"ListItem","position":1,"name":"Home","item":"https:\/\/www.belle.si\/it\/"},{"@type":"ListItem","position":2,"name":"Trgovina","item":"https:\/\/www.belle.si\/trgovina\/"},{"@type":"ListItem","position":3,"name":"Serum z vitaminom C za intenzivno obnovo ko\u017ee"}]},{"@type":"WebSite","@id":"https:\/\/www.belle.si\/it\/#website","url":"https:\/\/www.belle.si\/it\/","name":"Belle.si kozmeti\u010dna trgovina","description":"","publisher":{"@id":"https:\/\/www.belle.si\/it\/#organization"},"potentialAction":[{"@type":"SearchAction","target":{"@type":"EntryPoint","urlTemplate":"https:\/\/www.belle.si\/it\/?s={search_term_string}"},"query-input":{"@type":"PropertyValueSpecification","valueRequired":true,"valueName":"search_term_string"}}],"inLanguage":"it-IT"},{"@type":"Organization","@id":"https:\/\/www.belle.si\/it\/#organization","name":"Belle.si kozmeti\u010dna trgovina","url":"https:\/\/www.belle.si\/it\/","logo":{"@type":"ImageObject","inLanguage":"it-IT","@id":"https:\/\/www.belle.si\/it\/#\/schema\/logo\/image\/","url":"https:\/\/www.belle.si\/wp-content\/uploads\/2022\/10\/cropped-logo_belle_trgovina.png","contentUrl":"https:\/\/www.belle.si\/wp-content\/uploads\/2022\/10\/cropped-logo_belle_trgovina.png","width":270,"height":135,"caption":"Belle.si kozmeti\u010dna trgovina"},"image":{"@id":"https:\/\/www.belle.si\/it\/#\/schema\/logo\/image\/"},"sameAs":["https:\/\/www.facebook.com\/belle.si.cosmetics\/","https:\/\/www.instagram.com\/belle.si.cosmetics\/"]}]}},"uagb_featured_image_src":{"full":["https:\/\/www.belle.si\/wp-content\/uploads\/2022\/10\/seruma_obraz_vitamin_c.png",800,800,false],"thumbnail":["https:\/\/www.belle.si\/wp-content\/uploads\/2022\/10\/seruma_obraz_vitamin_c-150x150.png",150,150,true],"medium":["https:\/\/www.belle.si\/wp-content\/uploads\/2022\/10\/seruma_obraz_vitamin_c-300x300.png",300,300,true],"medium_large":["https:\/\/www.belle.si\/wp-content\/uploads\/2022\/10\/seruma_obraz_vitamin_c-768x768.png",768,768,true],"large":["https:\/\/www.belle.si\/wp-content\/uploads\/2022\/10\/seruma_obraz_vitamin_c.png",800,800,false],"1536x1536":["https:\/\/www.belle.si\/wp-content\/uploads\/2022\/10\/seruma_obraz_vitamin_c.png",800,800,false],"2048x2048":["https:\/\/www.belle.si\/wp-content\/uploads\/2022\/10\/seruma_obraz_vitamin_c.png",800,800,false],"mailpoet_newsletter_max":["https:\/\/www.belle.si\/wp-content\/uploads\/2022\/10\/seruma_obraz_vitamin_c.png",800,800,false],"woocommerce_thumbnail":["https:\/\/www.belle.si\/wp-content\/uploads\/2022\/10\/seruma_obraz_vitamin_c-300x300.png",300,300,true],"woocommerce_single":["https:\/\/www.belle.si\/wp-content\/uploads\/2022\/10\/seruma_obraz_vitamin_c-600x600.png",600,600,true],"woocommerce_gallery_thumbnail":["https:\/\/www.belle.si\/wp-content\/uploads\/2022\/10\/seruma_obraz_vitamin_c-100x100.png",100,100,true]},"uagb_author_info":{"display_name":"taja","author_link":"https:\/\/www.belle.si\/it\/author\/"},"uagb_comment_info":0,"uagb_excerpt":"Vitamin C je naravni pomlajevalec za ko\u017eo! Idealen je za odpravljanje temnih lis in gub na obrazu. Vitamin C spodbuja sintezo kolagena, ki je odgovoren za \u010dvrstost in elasti\u010dnost ko\u017ee. Pomaga ko\u017ei pri obnovi, potem ko je bila izpostavljena soncu. Zmanj\u0161uje proizvodnjo melanina, ki povzro\u010da temne lise. Ima tudi mo\u010dan ANTIOKSIDACIJSKI\u00a0 u\u010dinek, ki nevtralizira proste&hellip;","_links":{"self":[{"href":"https:\/\/www.belle.si\/it\/wp-json\/wp\/v2\/product\/98465","targetHints":{"allow":["GET"]}}],"collection":[{"href":"https:\/\/www.belle.si\/it\/wp-json\/wp\/v2\/product"}],"about":[{"href":"https:\/\/www.belle.si\/it\/wp-json\/wp\/v2\/types\/product"}],"replies":[{"embeddable":true,"href":"https:\/\/www.belle.si\/it\/wp-json\/wp\/v2\/comments?post=98465"}],"wp:featuredmedia":[{"embeddable":true,"href":"https:\/\/www.belle.si\/it\/wp-json\/wp\/v2\/media\/98466"}],"wp:attachment":[{"href":"https:\/\/www.belle.si\/it\/wp-json\/wp\/v2\/media?parent=98465"}],"wp:term":[{"taxonomy":"product_brand","embeddable":true,"href":"https:\/\/www.belle.si\/it\/wp-json\/wp\/v2\/product_brand?post=98465"},{"taxonomy":"product_cat","embeddable":true,"href":"https:\/\/www.belle.si\/it\/wp-json\/wp\/v2\/product_cat?post=98465"},{"taxonomy":"product_tag","embeddable":true,"href":"https:\/\/www.belle.si\/it\/wp-json\/wp\/v2\/product_tag?post=98465"}],"curies":[{"name":"wp","href":"https:\/\/api.w.org\/{rel}","templated":true}]}}